{"id":3652,"date":"2025-09-24T21:55:45","date_gmt":"2025-09-24T21:55:45","guid":{"rendered":"https:\/\/rxmedsplus.com\/?post_type=product&#038;p=3652"},"modified":"2025-09-25T11:15:26","modified_gmt":"2025-09-25T11:15:26","slug":"buy-oxycodone-online-safely","status":"publish","type":"product","link":"https:\/\/rxmedsplus.com\/ca\/product\/buy-oxycodone-online-safely\/","title":{"rendered":"Compra oxicodona 30 mg en l\u00ednia: alleujament r\u00e0pid i segur"},"content":{"rendered":"<h2><strong>Compra oxicodona 30 mg en l\u00ednia: alleujament r\u00e0pid i segur per al dolor cr\u00f2nic<\/strong><\/h2>\n<p>Si busqueu un alleujament r\u00e0pid i efica\u00e7 del dolor, no busqueu m\u00e9s. <strong>Comprar oxicodona 30 mg en l\u00ednia<\/strong> de la nostra farm\u00e0cia de confian\u00e7a i discreta per gestionar el dolor moderat a sever de manera segura i c\u00f2moda. L'oxicodona \u00e9s un potent analg\u00e8sic opioide prescrit per a afeccions de dolor cr\u00f2nic, recuperaci\u00f3 postquir\u00fargica i altres situacions m\u00e8diques doloroses. Oferim enviaments r\u00e0pids als EUA, Canad\u00e0, la UE i a tot el m\u00f3n, garantint que rebeu el vostre medicament sense retards.<\/p>\n<h3><strong>Per qu\u00e8 triar les nostres pastilles d'oxicodona de 30 mg?<\/strong><\/h3>\n<p>Quan tu <strong>comprar oxicodona 30 mg en l\u00ednia<\/strong>, obtens un medicament d'alta qualitat i provat en laboratori d'un <strong>venedor en l\u00ednia de confian\u00e7a<\/strong>Les nostres pastilles provenen de fabricants de renom, cosa que garanteix la pot\u00e8ncia i la seguretat. Cada comprimit proporciona la dosi exacta, proporcionant un alleujament constant del dolor sense compromisos.<\/p>\n<h3><strong>Per a qu\u00e8 s'utilitza l'oxicodona 30 mg?<\/strong><\/h3>\n<p>L'oxicodona 30 mg est\u00e0 aprovada per la FDA <strong>analg\u00e8sic opioide<\/strong> dissenyat per tractar:<br \/>\n\u2013 Mal d'esquena cr\u00f2nic<br \/>\n\u2013 Dolor postquir\u00fargic<br \/>\n\uf097 Artritis greu<br \/>\n*Dolor relacionat amb el c\u00e0ncer<br \/>\n\u25cb Dolor nervi\u00f3s i fibromi\u00e0lgia<\/p>\n<p>Funciona unint-se als receptors opioides del cervell i la medul\u00b7la espinal, alterant la manera com el cos percep el dolor.<\/p>\n<h3><strong>Beneficis clau de l'oxicodona 30 mg<\/strong><\/h3>\n<p>\u2013 <strong>Alleujament d'acci\u00f3 r\u00e0pida:<\/strong> Comen\u00e7a a funcionar en 15-30 minuts<br \/>\n\u2013 <strong>Efectes a llarga durada:<\/strong> Proporciona fins a 6 hores de control del dolor<br \/>\n\u2013 <strong>Alta pot\u00e8ncia:<\/strong> Ideal per a dolor intens que no respon a medicaments m\u00e9s febles<br \/>\n\u2013 <strong>Embalatge discret:<\/strong> Totes les comandes s'envien de manera confidencial<\/p>\n<h3><strong>Dosi d'oxicodona 30 mg i pautes de seguretat<\/strong><\/h3>\n<p>Abans de tu <strong>Demana oxicodona 30 mg en l\u00ednia sense recepta m\u00e8dica<\/strong>, \u00e9s crucial entendre'n l'\u00fas correcte:<\/p>\n<p>\u2013 <strong>Dosi est\u00e0ndard:<\/strong> 5\u201330 mg cada 4\u20136 hores (segons la intensitat del dolor)<br \/>\n\u2013 <strong>Ajustos de dosificaci\u00f3:<\/strong> No supereu mai els l\u00edmits prescrits per evitar la depend\u00e8ncia<br \/>\n\u2013 <strong>Emmagatzematge:<\/strong> Mantenir en un lloc fresc i sec, fora de l'abast dels nens<br \/>\n\u2013 <strong>Eviteu l'alcohol:<\/strong> Pot augmentar la somnol\u00e8ncia i la depressi\u00f3 respirat\u00f2ria<\/p>\n<p>Consulteu sempre un professional de la salut si no esteu segurs de la dosi o de les possibles interaccions medicamentoses.<\/p>\n<h3><strong>Possibles efectes secundaris de l'oxicodona 30 mg<\/strong><\/h3>\n<p>Tot i que l'oxicodona \u00e9s efica\u00e7, pot causar efectes secundaris, com ara:<br \/>\n\uf097 Somnol\u00e8ncia o mareig<br \/>\n\uf097 N\u00e0usees o v\u00f2mits<br \/>\nRestrenyiment<br \/>\n\u2013 Boca seca<\/p>\n<p>Els efectes secundaris greus (rars) inclouen respiraci\u00f3 superficial, confusi\u00f3 o reaccions al\u00b7l\u00e8rgiques. Si experimenteu reaccions greus, busqueu ajuda m\u00e8dica immediatament.<\/p>\n<h3><strong>Per qu\u00e8 comprar oxicodona 30 mg en l\u00ednia amb nosaltres?<\/strong><\/h3>\n<p>Quan ho necessitis <strong>alleujament r\u00e0pid i segur del dolor<\/strong>, comprant a un <strong>venedor en l\u00ednia de bona reputaci\u00f3<\/strong> garanteix:<\/p>\n<p>\u2705 <strong>Medicaments genu\u00efns i d'alta qualitat<\/strong><br \/>\n\u2705 <strong>Pagament segur i transaccions xifrades<\/strong><br \/>\n\u2705 <strong>Enviament discret als EUA, Canad\u00e0, la UE i a tot el m\u00f3n<\/strong><br \/>\n\u2705 <strong>No cal recepta m\u00e8dica<\/strong><br \/>\n\u2705 <strong>Atenci\u00f3 al client 24 hores al dia, 7 dies a la setmana<\/strong><\/p>\n<p>Prioritzem la satisfacci\u00f3 del client i garantim que la teva comanda arribi de manera segura i a temps.<\/p>\n<h3><strong>Demana oxicodona 30 mg en l\u00ednia avui mateix per a un control efica\u00e7 del dolor<\/strong><\/h3>\n<p>Lluites contra un dolor implacable? No esperis...<strong>comprar oxicodona 30 mg en l\u00ednia<\/strong> ara per a un alleujament immediat i fiable. El nostre proc\u00e9s de comanda simplificat facilita l'obtenci\u00f3 dels medicaments que necessiteu sense recepta. Amb la confian\u00e7a de clients de tot el m\u00f3n, realitzem lliuraments discrets i segurs per garantir la vostra completa privadesa.<\/p>\n<p><strong>Fes la teva comanda ara i experimenta el millor alleujament del dolor avui mateix!<\/strong><\/p>","protected":false},"excerpt":{"rendered":"<p>Trobeu un alleujament r\u00e0pid i fiable amb oxicodona 30 mg, una soluci\u00f3 de confian\u00e7a per al dolor moderat a sever quan altres medicaments no funcionen. El nostre servei discret i sense recepta garanteix que les p\u00edndoles genu\u00efnes es lliurin de manera segura a la vostra porta, amb assist\u00e8ncia les 24 hores del dia, els 7 dies de la setmana. Gaudiu de preus competitius, opcions de pagament flexibles i la tranquil\u00b7litat de saber que esteu rebent un alleujament efica\u00e7 dels opioides d'una font fiable. DEMANEU SEMPRE ASSESSORAMENT M\u00c8DIC PROFESSIONAL SOBRE L'\u00daS I LA DOSIFICACI\u00d3.<\/p>","protected":false},"featured_media":3691,"comment_status":"open","ping_status":"closed","template":"","meta":{"site-sidebar-layout":"default","site-content-layout":"","ast-site-content-layout":"default","site-content-style":"default","site-sidebar-style":"default","ast-global-header-display":"","ast-banner-title-visibility":"","ast-main-header-display":"","ast-hfb-above-header-display":"","ast-hfb-below-header-display":"","ast-hfb-mobile-header-display":"","site-post-title":"","ast-breadcrumbs-content":"","ast-featured-img":"","footer-sml-layout":"","ast-disable-related-posts":"","theme-transparent-header-meta":"default","adv-header-id-meta":"","stick-header-meta":"default","header-above-stick-meta":"","header-main-stick-meta":"","header-below-stick-meta":"","astra-migrate-meta-layouts":"set","ast-page-background-enabled":"default","ast-page-background-meta":{"desktop":{"background-color":"","background-image":"","background-repeat":"repeat","background-position":"center center","background-size":"auto","background-attachment":"scroll","background-type":"","background-media":"","overlay-type":"","overlay-color":"","overlay-opacity":"","overlay-gradient":""},"tablet":{"background-color":"","background-image":"","background-repeat":"repeat","background-position":"center center","background-size":"auto","background-attachment":"scroll","background-type":"","background-media":"","overlay-type":"","overlay-color":"","overlay-opacity":"","overlay-gradient":""},"mobile":{"background-color":"","background-image":"","background-repeat":"repeat","background-position":"center center","background-size":"auto","background-attachment":"scroll","background-type":"","background-media":"","overlay-type":"","overlay-color":"","overlay-opacity":"","overlay-gradient":""}},"ast-content-background-meta":{"desktop":{"background-color":"var(--ast-global-color-5)","background-image":"","background-repeat":"repeat","background-position":"center center","background-size":"auto","background-attachment":"scroll","background-type":"","background-media":"","overlay-type":"","overlay-color":"","overlay-opacity":"","overlay-gradient":""},"tablet":{"background-color":"var(--ast-global-color-5)","background-image":"","background-repeat":"repeat","background-position":"center center","background-size":"auto","background-attachment":"scroll","background-type":"","background-media":"","overlay-type":"","overlay-color":"","overlay-opacity":"","overlay-gradient":""},"mobile":{"background-color":"var(--ast-global-color-5)","background-image":"","background-repeat":"repeat","background-position":"center center","background-size":"auto","background-attachment":"scroll","background-type":"","background-media":"","overlay-type":"","overlay-color":"","overlay-opacity":"","overlay-gradient":""}}},"product_brand":[],"product_cat":[37],"product_tag":[1114,1118,1111,1117,1119,1115,1113,1112,1120,1116],"class_list":{"0":"post-3652","1":"product","2":"type-product","3":"status-publish","4":"has-post-thumbnail","6":"product_cat-buy-pain-relief-medication-online","7":"product_tag-best-online-pharmacy-for-oxycodone","8":"product_tag-buy-opioid-pain-medication","9":"product_tag-buy-oxycodone-30mg-online","10":"product_tag-chronic-pain-relief","11":"product_tag-discreet-oxycodone-shipping","12":"product_tag-fast-oxycodone-delivery","13":"product_tag-order-oxycodone-without-prescription","14":"product_tag-oxycodone-30mg-for-pain-relief","15":"product_tag-oxycodone-for-severe-pain","16":"product_tag-safe-oxycodone-purchase","17":"desktop-align-left","18":"tablet-align-left","19":"mobile-align-left","20":"ast-product-gallery-layout-horizontal-slider","21":"ast-product-gallery-with-no-image","22":"ast-magnify-disabled","23":"ast-product-single-variable","24":"ast-product-tabs-layout-horizontal","26":"first","27":"instock","28":"shipping-taxable","29":"purchasable","30":"product-type-variable"},"yoast_head":"<!-- This site is optimized with the Yoast SEO Premium plugin v26.0 (Yoast SEO v27.6) - https:\/\/yoast.com\/product\/yoast-seo-premium-wordpress\/ -->\n<title>Buy Oxycodone 30mg Online \u2013 Fast &amp; Safe Relief &#187; Rx Meds Plus<\/title>\n<meta name=\"description\" content=\"Buy oxycodone online safely for fast pain relief. Our trusted pharmacy offers discreet shipping &amp; high-quality 30mg pills. Order now for secure delivery!\" \/>\n<meta name=\"robots\" content=\"noindex, follow, max-snippet:-1, max-image-preview:large, max-video-preview:-1\" \/>\n<meta property=\"og:locale\" content=\"ca_ES\" \/>\n<meta property=\"og:type\" content=\"article\" \/>\n<meta property=\"og:title\" content=\"Buy Oxycodone 30mg Online \u2013 Fast &amp; Safe Relief\" \/>\n<meta property=\"og:description\" content=\"Buy oxycodone online safely for fast pain relief. Our trusted pharmacy offers discreet shipping &amp; high-quality 30mg pills. Order now for secure delivery!\" \/>\n<meta property=\"og:url\" content=\"https:\/\/rxmedsplus.com\/ca\/producte\/buy-oxycodone-online-safely\/\" \/>\n<meta property=\"og:site_name\" content=\"Rx Meds Plus\" \/>\n<meta property=\"article:modified_time\" content=\"2025-09-25T11:15:26+00:00\" \/>\n<meta property=\"og:image\" content=\"https:\/\/mlehknw8zzux.i.optimole.com\/w:456\/h:501\/q:mauto\/f:best\/https:\/\/rxmedsplus.com\/wp-content\/uploads\/2025\/09\/11502-Oxycodone-4-1.jpg\" \/>\n\t<meta property=\"og:image:width\" content=\"456\" \/>\n\t<meta property=\"og:image:height\" content=\"501\" \/>\n\t<meta property=\"og:image:type\" content=\"image\/jpeg\" \/>\n<meta name=\"twitter:card\" content=\"summary_large_image\" \/>\n<meta name=\"twitter:label1\" content=\"Disponibilitat\" \/>\n\t<meta name=\"twitter:data1\" content=\"En estoc\" \/>\n<script type=\"application\/ld+json\" class=\"yoast-schema-graph\">{\"@context\":\"https:\\\/\\\/schema.org\",\"@graph\":[{\"@type\":\"WebPage\",\"@id\":\"https:\\\/\\\/rxmedsplus.com\\\/product\\\/buy-oxycodone-online-safely\\\/\",\"url\":\"https:\\\/\\\/rxmedsplus.com\\\/product\\\/buy-oxycodone-online-safely\\\/\",\"name\":\"Buy Oxycodone 30mg Online \u2013 Fast & Safe Relief &#187; Rx Meds Plus\",\"isPartOf\":{\"@id\":\"https:\\\/\\\/rxmedsplus.com\\\/#website\"},\"primaryImageOfPage\":{\"@id\":\"https:\\\/\\\/rxmedsplus.com\\\/product\\\/buy-oxycodone-online-safely\\\/#primaryimage\"},\"image\":{\"@id\":\"https:\\\/\\\/rxmedsplus.com\\\/product\\\/buy-oxycodone-online-safely\\\/#primaryimage\"},\"thumbnailUrl\":\"https:\\\/\\\/rxmedsplus.com\\\/wp-content\\\/uploads\\\/2025\\\/09\\\/11502-Oxycodone-4-1.jpg\",\"datePublished\":\"2025-09-24T21:55:45+00:00\",\"dateModified\":\"2025-09-25T11:15:26+00:00\",\"description\":\"Buy oxycodone online safely for fast pain relief. Our trusted pharmacy offers discreet shipping & high-quality 30mg pills. Order now for secure delivery!\",\"breadcrumb\":{\"@id\":\"https:\\\/\\\/rxmedsplus.com\\\/product\\\/buy-oxycodone-online-safely\\\/#breadcrumb\"},\"inLanguage\":\"ca\",\"potentialAction\":[{\"@type\":\"ReadAction\",\"target\":[\"https:\\\/\\\/rxmedsplus.com\\\/product\\\/buy-oxycodone-online-safely\\\/\"]}]},{\"@type\":\"ImageObject\",\"inLanguage\":\"ca\",\"@id\":\"https:\\\/\\\/rxmedsplus.com\\\/product\\\/buy-oxycodone-online-safely\\\/#primaryimage\",\"url\":\"https:\\\/\\\/rxmedsplus.com\\\/wp-content\\\/uploads\\\/2025\\\/09\\\/11502-Oxycodone-4-1.jpg\",\"contentUrl\":\"https:\\\/\\\/rxmedsplus.com\\\/wp-content\\\/uploads\\\/2025\\\/09\\\/11502-Oxycodone-4-1.jpg\",\"width\":456,\"height\":501},{\"@type\":\"BreadcrumbList\",\"@id\":\"https:\\\/\\\/rxmedsplus.com\\\/product\\\/buy-oxycodone-online-safely\\\/#breadcrumb\",\"itemListElement\":[{\"@type\":\"ListItem\",\"position\":1,\"name\":\"Home\",\"item\":\"https:\\\/\\\/rxmedsplus.com\\\/\"},{\"@type\":\"ListItem\",\"position\":2,\"name\":\"Shop\",\"item\":\"https:\\\/\\\/rxmedsplus.com\\\/shop\\\/\"},{\"@type\":\"ListItem\",\"position\":3,\"name\":\"Buy Oxycodone 30mg Online \u2013 Fast &#038; Safe Relief\"}]},{\"@type\":\"WebSite\",\"@id\":\"https:\\\/\\\/rxmedsplus.com\\\/#website\",\"url\":\"https:\\\/\\\/rxmedsplus.com\\\/\",\"name\":\"Rx Meds Plus\",\"description\":\"Buy Prescription Meds and Pills Online with Fast Delivery\",\"potentialAction\":[{\"@type\":\"SearchAction\",\"target\":{\"@type\":\"EntryPoint\",\"urlTemplate\":\"https:\\\/\\\/rxmedsplus.com\\\/?s={search_term_string}\"},\"query-input\":{\"@type\":\"PropertyValueSpecification\",\"valueRequired\":true,\"valueName\":\"search_term_string\"}}],\"inLanguage\":\"ca\"}]}<\/script>\n<meta property=\"og:availability\" content=\"instock\" \/>\n<meta property=\"product:availability\" content=\"instock\" \/>\n<meta property=\"product:retailer_item_id\" content=\"qVKXgCRc4W\" \/>\n<meta property=\"product:condition\" content=\"new\" \/>\n<!-- \/ Yoast SEO Premium plugin. -->","yoast_head_json":{"title":"Compra oxicodona 30 mg en l\u00ednia: alleujament r\u00e0pid i segur \u00b7 Rx Medicaments Plus","description":"Compra oxicodona en l\u00ednia de manera segura per a un alleujament r\u00e0pid del dolor. La nostra farm\u00e0cia de confian\u00e7a ofereix enviament discret i pastilles de 30 mg d'alta qualitat. Demana-la ara per a un lliurament segur!","robots":{"index":"noindex","follow":"follow","max-snippet":"max-snippet:-1","max-image-preview":"max-image-preview:large","max-video-preview":"max-video-preview:-1"},"og_locale":"ca_ES","og_type":"article","og_title":"Buy Oxycodone 30mg Online \u2013 Fast & Safe Relief","og_description":"Buy oxycodone online safely for fast pain relief. Our trusted pharmacy offers discreet shipping & high-quality 30mg pills. Order now for secure delivery!","og_url":"https:\/\/rxmedsplus.com\/ca\/producte\/buy-oxycodone-online-safely\/","og_site_name":"Rx Meds Plus","article_modified_time":"2025-09-25T11:15:26+00:00","og_image":[{"width":456,"height":501,"url":"https:\/\/mlehknw8zzux.i.optimole.com\/w:456\/h:501\/q:mauto\/f:best\/https:\/\/rxmedsplus.com\/wp-content\/uploads\/2025\/09\/11502-Oxycodone-4-1.jpg","type":"image\/jpeg"}],"twitter_card":"summary_large_image","twitter_misc":{"Disponibilitat":"En estoc"},"schema":{"@context":"https:\/\/schema.org","@graph":[{"@type":"WebPage","@id":"https:\/\/rxmedsplus.com\/product\/buy-oxycodone-online-safely\/","url":"https:\/\/rxmedsplus.com\/product\/buy-oxycodone-online-safely\/","name":"Compra oxicodona 30 mg en l\u00ednia: alleujament r\u00e0pid i segur \u00b7 Rx Medicaments Plus","isPartOf":{"@id":"https:\/\/rxmedsplus.com\/#website"},"primaryImageOfPage":{"@id":"https:\/\/rxmedsplus.com\/product\/buy-oxycodone-online-safely\/#primaryimage"},"image":{"@id":"https:\/\/rxmedsplus.com\/product\/buy-oxycodone-online-safely\/#primaryimage"},"thumbnailUrl":"https:\/\/rxmedsplus.com\/wp-content\/uploads\/2025\/09\/11502-Oxycodone-4-1.jpg","datePublished":"2025-09-24T21:55:45+00:00","dateModified":"2025-09-25T11:15:26+00:00","description":"Compra oxicodona en l\u00ednia de manera segura per a un alleujament r\u00e0pid del dolor. La nostra farm\u00e0cia de confian\u00e7a ofereix enviament discret i pastilles de 30 mg d'alta qualitat. Demana-la ara per a un lliurament segur!","breadcrumb":{"@id":"https:\/\/rxmedsplus.com\/product\/buy-oxycodone-online-safely\/#breadcrumb"},"inLanguage":"ca","potentialAction":[{"@type":"ReadAction","target":["https:\/\/rxmedsplus.com\/product\/buy-oxycodone-online-safely\/"]}]},{"@type":"ImageObject","inLanguage":"ca","@id":"https:\/\/rxmedsplus.com\/product\/buy-oxycodone-online-safely\/#primaryimage","url":"https:\/\/rxmedsplus.com\/wp-content\/uploads\/2025\/09\/11502-Oxycodone-4-1.jpg","contentUrl":"https:\/\/rxmedsplus.com\/wp-content\/uploads\/2025\/09\/11502-Oxycodone-4-1.jpg","width":456,"height":501},{"@type":"BreadcrumbList","@id":"https:\/\/rxmedsplus.com\/product\/buy-oxycodone-online-safely\/#breadcrumb","itemListElement":[{"@type":"ListItem","position":1,"name":"Home","item":"https:\/\/rxmedsplus.com\/"},{"@type":"ListItem","position":2,"name":"Shop","item":"https:\/\/rxmedsplus.com\/shop\/"},{"@type":"ListItem","position":3,"name":"Buy Oxycodone 30mg Online \u2013 Fast &#038; Safe Relief"}]},{"@type":"WebSite","@id":"https:\/\/rxmedsplus.com\/#website","url":"https:\/\/rxmedsplus.com\/","name":"Medicaments amb recepta m\u00e8dica Plus","description":"Compra medicaments i p\u00edndoles amb recepta en l\u00ednia amb lliurament r\u00e0pid","potentialAction":[{"@type":"SearchAction","target":{"@type":"EntryPoint","urlTemplate":"https:\/\/rxmedsplus.com\/?s={search_term_string}"},"query-input":{"@type":"PropertyValueSpecification","valueRequired":true,"valueName":"search_term_string"}}],"inLanguage":"ca"}]},"og_availability":"instock","product_availability":"instock","product_retailer_item_id":"qVKXgCRc4W","product_condition":"new"},"_links":{"self":[{"href":"https:\/\/rxmedsplus.com\/ca\/wp-json\/wp\/v2\/product\/3652","targetHints":{"allow":["GET"]}}],"collection":[{"href":"https:\/\/rxmedsplus.com\/ca\/wp-json\/wp\/v2\/product"}],"about":[{"href":"https:\/\/rxmedsplus.com\/ca\/wp-json\/wp\/v2\/types\/product"}],"replies":[{"embeddable":true,"href":"https:\/\/rxmedsplus.com\/ca\/wp-json\/wp\/v2\/comments?post=3652"}],"wp:featuredmedia":[{"embeddable":true,"href":"https:\/\/rxmedsplus.com\/ca\/wp-json\/wp\/v2\/media\/3691"}],"wp:attachment":[{"href":"https:\/\/rxmedsplus.com\/ca\/wp-json\/wp\/v2\/media?parent=3652"}],"wp:term":[{"taxonomy":"product_brand","embeddable":true,"href":"https:\/\/rxmedsplus.com\/ca\/wp-json\/wp\/v2\/product_brand?post=3652"},{"taxonomy":"product_cat","embeddable":true,"href":"https:\/\/rxmedsplus.com\/ca\/wp-json\/wp\/v2\/product_cat?post=3652"},{"taxonomy":"product_tag","embeddable":true,"href":"https:\/\/rxmedsplus.com\/ca\/wp-json\/wp\/v2\/product_tag?post=3652"}],"curies":[{"name":"wp","href":"https:\/\/api.w.org\/{rel}","templated":true}]}}