{"id":4311,"date":"2026-05-03T23:30:25","date_gmt":"2026-05-03T23:30:25","guid":{"rendered":"https:\/\/rxmedsplus.com\/"},"modified":"2026-05-11T00:28:06","modified_gmt":"2026-05-11T00:28:06","slug":"pain-o-soma-500-mg","status":"publish","type":"product","link":"https:\/\/rxmedsplus.com\/ca\/product\/pain-o-soma-500-mg\/","title":{"rendered":"Compra Pain-O-Soma 500 mg en l\u00ednia: alleujament r\u00e0pid i fiable"},"content":{"rendered":"<p><strong>Compra Pain-O-Soma 500 mg en l\u00ednia: alleujament r\u00e0pid i fiable<\/strong>  <\/p>\n<p>Si teniu problemes amb dolor muscular persistent, espasmes o lesions, <strong>Pain-O-Soma 500 mg<\/strong> ofereix un alleujament r\u00e0pid i efica\u00e7. Com a venedor en l\u00ednia de confian\u00e7a, oferim alta qualitat <strong>Pain-O-Soma 500 mg<\/strong> sense necessitat de recepta m\u00e8dica, cosa que garanteix un lliurament discret i segur als EUA, Canad\u00e0, la UE, el Regne Unit, Austr\u00e0lia i a tot el m\u00f3n. Tant si teniu mol\u00e8sties cr\u00f2niques com tensi\u00f3 muscular aguda, aquest potent relaxant muscular ajuda a restaurar la mobilitat i alleujar el dolor r\u00e0pidament.  <\/p>\n<h3><strong>Qu\u00e8 \u00e9s Pain-O-Soma 500 mg?<\/strong>  <\/h3>\n<p><strong>Pain-O-Soma 500 mg<\/strong> \u00e9s un relaxant muscular amb recepta m\u00e8dica que cont\u00e9 <strong>Carisoprodol<\/strong>, un potent compost que bloqueja els senyals de dolor entre els nervis i el cervell. Es prescriu \u00e0mpliament per a l'alleujament a curt termini del dolor i les mol\u00e8sties musculars causades per distensions, esquin\u00e7os o lesions. A difer\u00e8ncia dels analg\u00e8sics de venda lliure, <strong>Pain-O-Soma 500 mg<\/strong> actua directament sobre la tensi\u00f3 muscular, proporcionant una relaxaci\u00f3 r\u00e0pida i una millora de la mobilitat.  <\/p>\n<h3><strong>Beneficis clau de Pain-O-Soma 500 mg<\/strong>  <\/h3>\n<p>\u2013 <strong>Alleujament d'acci\u00f3 r\u00e0pida:<\/strong> Alleuja r\u00e0pidament el dolor i els espasmes musculars en 30-60 minuts.<br \/>\n\u2013 <strong>Mobilitat millorada:<\/strong> Redueix la rigidesa, permetent un millor moviment i flexibilitat.<br \/>\n\u2013 <strong>F\u00f3rmula no addictiva:<\/strong> Quan s'utilitza segons les indicacions, proporciona alleujament sense riscos de depend\u00e8ncia.<br \/>\n\u2013 <strong>Efectes secundaris m\u00ednims:<\/strong> Ben tolerat per la majoria dels usuaris quan es pren de manera responsable.<br \/>\n\u2013 <strong>Dosificaci\u00f3 convenient:<\/strong> La dosi de 500 mg garanteix un alleujament potent en una sola dosi.  <\/p>\n<h3><strong>Com funciona Pain-O-Soma 500 mg?<\/strong>  <\/h3>\n<p><strong>Pain-O-Soma 500 mg<\/strong> cont\u00e9 <strong>Carisoprodol<\/strong>, que funciona alterant la comunicaci\u00f3 nerviosa al sistema nervi\u00f3s central. Interromp els senyals de dolor enviats al cervell, relaxant els m\u00fasculs tensos i reduint les mol\u00e8sties. Aix\u00f2 el fa molt efica\u00e7 per a afeccions com:  <\/p>\n<p>\u2013 <strong>Mal d'esquena<\/strong><br \/>\n\u2013 <strong>Dolor de coll<\/strong><br \/>\n\u2013 <strong>Espasmes musculars<\/strong><br \/>\n\u2013 <strong>Lesions esportives<\/strong><br \/>\n\u2013 <strong>Mol\u00e8sties postquir\u00fargiques<\/strong>  <\/p>\n<h3><strong>Dosi recomanada i instruccions d'\u00fas<\/strong>  <\/h3>\n<p>Per obtenir resultats \u00f2ptims, preneu <strong>Pain-O-Soma 500 mg<\/strong> de la seg\u00fcent manera:  <\/p>\n<p>\u2013 <strong>Adults:<\/strong> 1 comprimit (500 mg) tres vegades al dia i abans d'anar a dormir.<br \/>\n\u2013 <strong>Durada m\u00e0xima:<\/strong> Utilitzeu-ho durant 2-3 setmanes, tret que un professional sanitari us indiqui el contrari.<br \/>\n\u2013 <strong>Administraci\u00f3:<\/strong> Empassar amb aigua, amb o sense menjar.  <\/p>\n<p>Eviteu l'alcohol i altres sedants mentre utilitzeu aquest medicament, ja que poden augmentar la somnol\u00e8ncia. No supereu la dosi recomanada per evitar efectes adversos.  <\/p>\n<h3><strong>Possibles efectes secundaris de Pain-O-Soma 500 mg<\/strong>  <\/h3>\n<p>Mentre <strong>Pain-O-Soma 500 mg<\/strong> generalment \u00e9s segur, alguns usuaris poden experimentar efectes secundaris lleus, com ara:  <\/p>\n<p>Somnol\u00e8ncia<br \/>\nMarejos<br \/>\n\u2013 Mal de cap<br \/>\n\uf0e0 N\u00e0usees  <\/p>\n<p>Aquests efectes solen ser temporals. Si es produeixen reaccions greus com ara erupcions cut\u00e0nies, dificultat per respirar o batecs card\u00edacs irregulars, interrompeu l'\u00fas i busqueu atenci\u00f3 m\u00e8dica.  <\/p>\n<h3><strong>Per qu\u00e8 comprar Pain-O-Soma 500 mg en l\u00ednia amb nosaltres?<\/strong>  <\/h3>\n<p>Com a <strong>farm\u00e0cia en l\u00ednia de confian\u00e7a<\/strong>, prioritzem la qualitat, la discreci\u00f3 i la satisfacci\u00f3 del client. Aqu\u00ed teniu els motius pels quals ens haur\u00edeu de triar:  <\/p>\n<p>\u2013 <strong>No cal recepta m\u00e8dica:<\/strong> Eviteu les mol\u00e8sties de les visites al metge i feu la vostra comanda f\u00e0cilment en l\u00ednia.<br \/>\n\u2013 <strong>Enviament r\u00e0pid i discret:<\/strong> L'embalatge segur garanteix la privadesa i el lliurament puntual.<br \/>\n\u2013 <strong>Lliurament global:<\/strong> Enviem als EUA, Canad\u00e0, Regne Unit, UE, Austr\u00e0lia i a tot el m\u00f3n.<br \/>\n\u2013 <strong>Medicaci\u00f3 aut\u00e8ntica:<\/strong> Procedent de fabricants amb llic\u00e8ncia per a una efic\u00e0cia garantida.<br \/>\n\u2013 <strong>Atenci\u00f3 al client 24 hores al dia, 7 dies a la setmana:<\/strong> Assist\u00e8ncia disponible per a qualsevol consulta o dubte.  <\/p>\n<h3><strong>Qui hauria d'evitar Pain-O-Soma 500 mg?<\/strong>  <\/h3>\n<p>Mentre <strong>Pain-O-Soma 500 mg<\/strong> \u00e9s segur per a la majoria d'adults, eviteu-ho si:  <\/p>\n<p>\u2013 Tenir antecedents d'ab\u00fas de drogues<br \/>\n**\u00c9s al\u00b7l\u00e8rgic al carisoprodol o a compostos relacionats**<br \/>\n\u2013 Est\u00e0 embarassada o en per\u00edode de lact\u00e0ncia<br \/>\n\u2013 Pateix de malaltia hep\u00e0tica o renal  <\/p>\n<p>Consulteu un professional sanitari si teniu afeccions m\u00e8diques subjacents abans d'utilitzar-lo.  <\/p>\n<h3><strong>Pain-O-Soma 500 mg vs. altres relaxants musculars<\/strong>  <\/h3>\n<p>En comparaci\u00f3 amb alternatives com Flexeril o Robaxin, <strong>Pain-O-Soma 500 mg<\/strong> destaca pel seu r\u00e0pid inici d'acci\u00f3 i els seus efectes sedants m\u00e9s baixos. Proporciona un alleujament concentrat sense somnol\u00e8ncia excessiva, cosa que el fa ideal per a \u00fas di\u00fcrn.  <\/p>\n<h3><strong>Com emmagatzemar Pain-O-Soma 500 mg<\/strong>  <\/h3>\n<p>Mantingueu els comprimits en un lloc fresc i sec, allunyat de la llum solar i la humitat. Emmagatzemar a temperatura ambient i fora de l'abast dels nens.  <\/p>\n<h3><strong>Demana Pain-O-Soma 500 mg en l\u00ednia avui mateix<\/strong>  <\/h3>\n<p>No deixis que el dolor muscular et pertorbi la vida. <strong>Compra Pain-O-Soma 500 mg en l\u00ednia<\/strong> per a un alleujament r\u00e0pid i fiable sense recepta m\u00e8dica. El nostre proc\u00e9s de compra segur garanteix una experi\u00e8ncia sense complicacions, amb enviament discret a la vostra porta. Feu la vostra comanda ara i experimenteu la difer\u00e8ncia!  <\/p>\n<p>Per a comandes a l'engr\u00f2s o m\u00e9s ajuda, poseu-vos en contacte amb el nostre equip d'atenci\u00f3 al client. La vostra satisfacci\u00f3 \u00e9s la nostra prioritat: compreu amb confian\u00e7a avui mateix!<\/p>","protected":false},"excerpt":{"rendered":"<p>Necessiteu un alleujament r\u00e0pid del dolor cr\u00f2nic, la rigidesa o els espasmes musculars? Pain-O-Soma 500 mg ofereix un confort potent i d'acci\u00f3 r\u00e0pida bloquejant els senyals de dolor al cervell, perfecte per al mal d'esquena intens o la recuperaci\u00f3 postquir\u00fargica. Els nostres comprimits de Carisoprodol certificats garanteixen la qualitat sense necessitat de recepta m\u00e8dica. Gaudiu d'un embalatge discret i d'un lliurament r\u00e0pid al Regne Unit, tot amb un proc\u00e9s de compra segur. Tant si es tracta de mol\u00e8sties relacionades amb una lesi\u00f3 com de tensi\u00f3 muscular, confieu en Pain-O-Soma per obtenir un alleujament efica\u00e7 a curt termini perqu\u00e8 pugueu tornar a la vida quotidiana. Demaneu-ho ara i experimenteu un maneig del dolor r\u00e0pid i sense complicacions.<\/p>","protected":false},"featured_media":4348,"comment_status":"open","ping_status":"closed","template":"","meta":{"site-sidebar-layout":"default","site-content-layout":"","ast-site-content-layout":"default","site-content-style":"default","site-sidebar-style":"default","ast-global-header-display":"","ast-banner-title-visibility":"","ast-main-header-display":"","ast-hfb-above-header-display":"","ast-hfb-below-header-display":"","ast-hfb-mobile-header-display":"","site-post-title":"","ast-breadcrumbs-content":"","ast-featured-img":"","footer-sml-layout":"","ast-disable-related-posts":"","theme-transparent-header-meta":"","adv-header-id-meta":"","stick-header-meta":"","header-above-stick-meta":"","header-main-stick-meta":"","header-below-stick-meta":"","astra-migrate-meta-layouts":"default","ast-page-background-enabled":"default","ast-page-background-meta":{"desktop":{"background-color":"","background-image":"","background-repeat":"repeat","background-position":"center center","background-size":"auto","background-attachment":"scroll","background-type":"","background-media":"","overlay-type":"","overlay-color":"","overlay-opacity":"","overlay-gradient":""},"tablet":{"background-color":"","background-image":"","background-repeat":"repeat","background-position":"center center","background-size":"auto","background-attachment":"scroll","background-type":"","background-media":"","overlay-type":"","overlay-color":"","overlay-opacity":"","overlay-gradient":""},"mobile":{"background-color":"","background-image":"","background-repeat":"repeat","background-position":"center center","background-size":"auto","background-attachment":"scroll","background-type":"","background-media":"","overlay-type":"","overlay-color":"","overlay-opacity":"","overlay-gradient":""}},"ast-content-background-meta":{"desktop":{"background-color":"var(--ast-global-color-5)","background-image":"","background-repeat":"repeat","background-position":"center center","background-size":"auto","background-attachment":"scroll","background-type":"","background-media":"","overlay-type":"","overlay-color":"","overlay-opacity":"","overlay-gradient":""},"tablet":{"background-color":"var(--ast-global-color-5)","background-image":"","background-repeat":"repeat","background-position":"center center","background-size":"auto","background-attachment":"scroll","background-type":"","background-media":"","overlay-type":"","overlay-color":"","overlay-opacity":"","overlay-gradient":""},"mobile":{"background-color":"var(--ast-global-color-5)","background-image":"","background-repeat":"repeat","background-position":"center center","background-size":"auto","background-attachment":"scroll","background-type":"","background-media":"","overlay-type":"","overlay-color":"","overlay-opacity":"","overlay-gradient":""}}},"product_brand":[],"product_cat":[1686],"product_tag":[2013,2020,1352,1117,279,2021,2019,851,885,251,734,2018,2015,2022,2017],"class_list":{"0":"post-4311","1":"product","2":"type-product","3":"status-publish","4":"has-post-thumbnail","6":"product_cat-prescription-meds","7":"product_tag-buy-pain-o-soma-online","8":"product_tag-buy-pain-o-soma-without-prescription","9":"product_tag-carisoprodol","10":"product_tag-chronic-pain-relief","11":"product_tag-discreet-shipping","12":"product_tag-fast-acting-muscle-relaxant","13":"product_tag-muscle-pain","14":"product_tag-muscle-relaxant","15":"product_tag-muscle-spasm-relief","16":"product_tag-online-pharmacy","17":"product_tag-pain-relief","18":"product_tag-pain-o-soma-500-mg","19":"product_tag-pain-o-soma-dosage","20":"product_tag-pain-o-soma-for-sale","21":"product_tag-pain-o-soma-side-effects","22":"desktop-align-left","23":"tablet-align-left","24":"mobile-align-left","25":"ast-product-gallery-layout-horizontal-slider","26":"ast-product-gallery-with-no-image","27":"ast-magnify-disabled","28":"ast-product-single-variable","29":"ast-product-tabs-layout-horizontal","31":"first","32":"instock","33":"shipping-taxable","34":"purchasable","35":"product-type-variable"},"yoast_head":"<!-- This site is optimized with the Yoast SEO Premium plugin v26.0 (Yoast SEO v27.6) - https:\/\/yoast.com\/product\/yoast-seo-premium-wordpress\/ -->\n<title>Buy Pain-O-Soma 500 mg Online \u2013 Fast &amp; Reliable Relief &#187; Rx Meds Plus<\/title>\n<meta name=\"description\" content=\"Buy Pain-O-Soma 500 mg online for fast muscle pain relief. No prescription needed, discreet global shipping. Order now for quick delivery!\" \/>\n<meta name=\"robots\" content=\"noindex, follow, max-snippet:-1, max-image-preview:large, max-video-preview:-1\" \/>\n<meta property=\"og:locale\" content=\"ca_ES\" \/>\n<meta property=\"og:type\" content=\"article\" \/>\n<meta property=\"og:title\" content=\"Buy Pain-O-Soma 500 mg Online \u2013 Fast &amp; Reliable Relief\" \/>\n<meta property=\"og:description\" content=\"Buy Pain-O-Soma 500 mg online for fast muscle pain relief. No prescription needed, discreet global shipping. Order now for quick delivery!\" \/>\n<meta property=\"og:url\" content=\"https:\/\/rxmedsplus.com\/ca\/producte\/pain-o-soma-500-mg\/\" \/>\n<meta property=\"og:site_name\" content=\"Rx Meds Plus\" \/>\n<meta property=\"article:modified_time\" content=\"2026-05-11T00:28:06+00:00\" \/>\n<meta property=\"og:image\" content=\"https:\/\/rxmedsplus.com\/wp-content\/uploads\/2026\/05\/134424-12-1.jpg\" \/>\n\t<meta property=\"og:image:width\" content=\"500\" \/>\n\t<meta property=\"og:image:height\" content=\"500\" \/>\n\t<meta property=\"og:image:type\" content=\"image\/jpeg\" \/>\n<meta name=\"twitter:card\" content=\"summary_large_image\" \/>\n<meta name=\"twitter:label1\" content=\"Disponibilitat\" \/>\n\t<meta name=\"twitter:data1\" content=\"En estoc\" \/>\n<script type=\"application\/ld+json\" class=\"yoast-schema-graph\">{\"@context\":\"https:\\\/\\\/schema.org\",\"@graph\":[{\"@type\":\"WebPage\",\"@id\":\"https:\\\/\\\/rxmedsplus.com\\\/product\\\/pain-o-soma-500-mg\\\/\",\"url\":\"https:\\\/\\\/rxmedsplus.com\\\/product\\\/pain-o-soma-500-mg\\\/\",\"name\":\"Buy Pain-O-Soma 500 mg Online \u2013 Fast & Reliable Relief &#187; Rx Meds Plus\",\"isPartOf\":{\"@id\":\"https:\\\/\\\/rxmedsplus.com\\\/#website\"},\"primaryImageOfPage\":{\"@id\":\"https:\\\/\\\/rxmedsplus.com\\\/product\\\/pain-o-soma-500-mg\\\/#primaryimage\"},\"image\":{\"@id\":\"https:\\\/\\\/rxmedsplus.com\\\/product\\\/pain-o-soma-500-mg\\\/#primaryimage\"},\"thumbnailUrl\":\"https:\\\/\\\/rxmedsplus.com\\\/wp-content\\\/uploads\\\/2026\\\/05\\\/134424-12-1.jpg\",\"datePublished\":\"2026-05-03T23:30:25+00:00\",\"dateModified\":\"2026-05-11T00:28:06+00:00\",\"description\":\"Buy Pain-O-Soma 500 mg online for fast muscle pain relief. No prescription needed, discreet global shipping. Order now for quick delivery!\",\"breadcrumb\":{\"@id\":\"https:\\\/\\\/rxmedsplus.com\\\/product\\\/pain-o-soma-500-mg\\\/#breadcrumb\"},\"inLanguage\":\"ca\",\"potentialAction\":[{\"@type\":\"ReadAction\",\"target\":[\"https:\\\/\\\/rxmedsplus.com\\\/product\\\/pain-o-soma-500-mg\\\/\"]}]},{\"@type\":\"ImageObject\",\"inLanguage\":\"ca\",\"@id\":\"https:\\\/\\\/rxmedsplus.com\\\/product\\\/pain-o-soma-500-mg\\\/#primaryimage\",\"url\":\"https:\\\/\\\/rxmedsplus.com\\\/wp-content\\\/uploads\\\/2026\\\/05\\\/134424-12-1.jpg\",\"contentUrl\":\"https:\\\/\\\/rxmedsplus.com\\\/wp-content\\\/uploads\\\/2026\\\/05\\\/134424-12-1.jpg\",\"width\":500,\"height\":500},{\"@type\":\"BreadcrumbList\",\"@id\":\"https:\\\/\\\/rxmedsplus.com\\\/product\\\/pain-o-soma-500-mg\\\/#breadcrumb\",\"itemListElement\":[{\"@type\":\"ListItem\",\"position\":1,\"name\":\"Home\",\"item\":\"https:\\\/\\\/rxmedsplus.com\\\/\"},{\"@type\":\"ListItem\",\"position\":2,\"name\":\"Shop\",\"item\":\"https:\\\/\\\/rxmedsplus.com\\\/shop\\\/\"},{\"@type\":\"ListItem\",\"position\":3,\"name\":\"Buy Pain-O-Soma 500 mg Online \u2013 Fast &#038; Reliable Relief\"}]},{\"@type\":\"WebSite\",\"@id\":\"https:\\\/\\\/rxmedsplus.com\\\/#website\",\"url\":\"https:\\\/\\\/rxmedsplus.com\\\/\",\"name\":\"Rx Meds Plus\",\"description\":\"Buy Prescription Meds and Pills Online with Fast Delivery\",\"potentialAction\":[{\"@type\":\"SearchAction\",\"target\":{\"@type\":\"EntryPoint\",\"urlTemplate\":\"https:\\\/\\\/rxmedsplus.com\\\/?s={search_term_string}\"},\"query-input\":{\"@type\":\"PropertyValueSpecification\",\"valueRequired\":true,\"valueName\":\"search_term_string\"}}],\"inLanguage\":\"ca\"}]}<\/script>\n<meta property=\"og:availability\" content=\"instock\" \/>\n<meta property=\"product:availability\" content=\"instock\" \/>\n<meta property=\"product:retailer_item_id\" content=\"134424\" \/>\n<meta property=\"product:condition\" content=\"new\" \/>\n<!-- \/ Yoast SEO Premium plugin. -->","yoast_head_json":{"title":"Compra Pain-O-Soma 500 mg en l\u00ednia: alleujament r\u00e0pid i fiable \u00b7 Rx Medicaments Plus","description":"Compra Pain-O-Soma 500 mg en l\u00ednia per a un alleujament r\u00e0pid del dolor muscular. No cal recepta m\u00e8dica, enviament discret a tot el m\u00f3n. Demana ara per a un lliurament r\u00e0pid!","robots":{"index":"noindex","follow":"follow","max-snippet":"max-snippet:-1","max-image-preview":"max-image-preview:large","max-video-preview":"max-video-preview:-1"},"og_locale":"ca_ES","og_type":"article","og_title":"Buy Pain-O-Soma 500 mg Online \u2013 Fast & Reliable Relief","og_description":"Buy Pain-O-Soma 500 mg online for fast muscle pain relief. No prescription needed, discreet global shipping. Order now for quick delivery!","og_url":"https:\/\/rxmedsplus.com\/ca\/producte\/pain-o-soma-500-mg\/","og_site_name":"Rx Meds Plus","article_modified_time":"2026-05-11T00:28:06+00:00","og_image":[{"width":500,"height":500,"url":"https:\/\/rxmedsplus.com\/wp-content\/uploads\/2026\/05\/134424-12-1.jpg","type":"image\/jpeg"}],"twitter_card":"summary_large_image","twitter_misc":{"Disponibilitat":"En estoc"},"schema":{"@context":"https:\/\/schema.org","@graph":[{"@type":"WebPage","@id":"https:\/\/rxmedsplus.com\/product\/pain-o-soma-500-mg\/","url":"https:\/\/rxmedsplus.com\/product\/pain-o-soma-500-mg\/","name":"Compra Pain-O-Soma 500 mg en l\u00ednia: alleujament r\u00e0pid i fiable \u00b7 Rx Medicaments Plus","isPartOf":{"@id":"https:\/\/rxmedsplus.com\/#website"},"primaryImageOfPage":{"@id":"https:\/\/rxmedsplus.com\/product\/pain-o-soma-500-mg\/#primaryimage"},"image":{"@id":"https:\/\/rxmedsplus.com\/product\/pain-o-soma-500-mg\/#primaryimage"},"thumbnailUrl":"https:\/\/rxmedsplus.com\/wp-content\/uploads\/2026\/05\/134424-12-1.jpg","datePublished":"2026-05-03T23:30:25+00:00","dateModified":"2026-05-11T00:28:06+00:00","description":"Compra Pain-O-Soma 500 mg en l\u00ednia per a un alleujament r\u00e0pid del dolor muscular. No cal recepta m\u00e8dica, enviament discret a tot el m\u00f3n. Demana ara per a un lliurament r\u00e0pid!","breadcrumb":{"@id":"https:\/\/rxmedsplus.com\/product\/pain-o-soma-500-mg\/#breadcrumb"},"inLanguage":"ca","potentialAction":[{"@type":"ReadAction","target":["https:\/\/rxmedsplus.com\/product\/pain-o-soma-500-mg\/"]}]},{"@type":"ImageObject","inLanguage":"ca","@id":"https:\/\/rxmedsplus.com\/product\/pain-o-soma-500-mg\/#primaryimage","url":"https:\/\/rxmedsplus.com\/wp-content\/uploads\/2026\/05\/134424-12-1.jpg","contentUrl":"https:\/\/rxmedsplus.com\/wp-content\/uploads\/2026\/05\/134424-12-1.jpg","width":500,"height":500},{"@type":"BreadcrumbList","@id":"https:\/\/rxmedsplus.com\/product\/pain-o-soma-500-mg\/#breadcrumb","itemListElement":[{"@type":"ListItem","position":1,"name":"Home","item":"https:\/\/rxmedsplus.com\/"},{"@type":"ListItem","position":2,"name":"Shop","item":"https:\/\/rxmedsplus.com\/shop\/"},{"@type":"ListItem","position":3,"name":"Buy Pain-O-Soma 500 mg Online \u2013 Fast &#038; Reliable Relief"}]},{"@type":"WebSite","@id":"https:\/\/rxmedsplus.com\/#website","url":"https:\/\/rxmedsplus.com\/","name":"Medicaments amb recepta m\u00e8dica Plus","description":"Compra medicaments i p\u00edndoles amb recepta en l\u00ednia amb lliurament r\u00e0pid","potentialAction":[{"@type":"SearchAction","target":{"@type":"EntryPoint","urlTemplate":"https:\/\/rxmedsplus.com\/?s={search_term_string}"},"query-input":{"@type":"PropertyValueSpecification","valueRequired":true,"valueName":"search_term_string"}}],"inLanguage":"ca"}]},"og_availability":"instock","product_availability":"instock","product_retailer_item_id":"134424","product_condition":"new"},"_links":{"self":[{"href":"https:\/\/rxmedsplus.com\/ca\/wp-json\/wp\/v2\/product\/4311","targetHints":{"allow":["GET"]}}],"collection":[{"href":"https:\/\/rxmedsplus.com\/ca\/wp-json\/wp\/v2\/product"}],"about":[{"href":"https:\/\/rxmedsplus.com\/ca\/wp-json\/wp\/v2\/types\/product"}],"replies":[{"embeddable":true,"href":"https:\/\/rxmedsplus.com\/ca\/wp-json\/wp\/v2\/comments?post=4311"}],"wp:featuredmedia":[{"embeddable":true,"href":"https:\/\/rxmedsplus.com\/ca\/wp-json\/wp\/v2\/media\/4348"}],"wp:attachment":[{"href":"https:\/\/rxmedsplus.com\/ca\/wp-json\/wp\/v2\/media?parent=4311"}],"wp:term":[{"taxonomy":"product_brand","embeddable":true,"href":"https:\/\/rxmedsplus.com\/ca\/wp-json\/wp\/v2\/product_brand?post=4311"},{"taxonomy":"product_cat","embeddable":true,"href":"https:\/\/rxmedsplus.com\/ca\/wp-json\/wp\/v2\/product_cat?post=4311"},{"taxonomy":"product_tag","embeddable":true,"href":"https:\/\/rxmedsplus.com\/ca\/wp-json\/wp\/v2\/product_tag?post=4311"}],"curies":[{"name":"wp","href":"https:\/\/api.w.org\/{rel}","templated":true}]}}