{"id":3364,"date":"2025-09-24T21:51:26","date_gmt":"2025-09-24T21:51:26","guid":{"rendered":"https:\/\/rxmedsplus.com\/?post_type=product&#038;p=3364"},"modified":"2025-09-25T11:01:15","modified_gmt":"2025-09-25T11:01:15","slug":"buy-morphine-online","status":"publish","type":"product","link":"https:\/\/rxmedsplus.com\/cs\/product\/buy-morphine-online\/","title":{"rendered":"Buy Morphine Online \u2013 Fast &#038; Affordable 30mg Generic Pills"},"content":{"rendered":"<h2>Kupte si morfin online \u2013 rychl\u00e9 a cenov\u011b dostupn\u00e9 generick\u00e9 pilulky 30 mg pro \u00fa\u010dinnou \u00falevu od bolesti<\/h2>\n<p>Kdy\u017e siln\u00e1 bolest naru\u0161uje ka\u017edodenn\u00ed \u017eivot, je kl\u00ed\u010dov\u00e9 naj\u00edt spolehliv\u00e9 \u0159e\u0161en\u00ed. Pokud hled\u00e1te <strong>koupit morfin online<\/strong>, na\u0161e <strong>rychl\u00e9 a cenov\u011b dostupn\u00e9 generick\u00e9 pilulky 30 mg<\/strong> poskytuj\u00ed silnou \u00falevu od bolesti, kterou pot\u0159ebujete, bez l\u00e9ka\u0159sk\u00e9ho p\u0159edpisu. Jako <strong>d\u016fv\u011bryhodn\u00e1 online l\u00e9k\u00e1rna<\/strong>Nab\u00edz\u00edme diskr\u00e9tn\u00ed p\u0159epravu do USA, Kanady, EU a cel\u00e9ho sv\u011bta \u2013 zaji\u0161\u0165ujeme tak d\u016fv\u011brn\u00e9 a bezpe\u010dn\u00e9 doru\u010den\u00ed p\u0159\u00edmo k va\u0161im dve\u0159\u00edm.  <\/p>\n<h3>Pro\u010d si vybrat na\u0161e 30mg generick\u00e9 morfinov\u00e9 tablety?<\/h3>\n<p>N\u00e1\u0161 <strong>30mg morfinov\u00e9 tablety<\/strong> jsou vyr\u00e1b\u011bny podle p\u0159\u00edsn\u00fdch standard\u016f kvality a poskytuj\u00ed konzistentn\u00ed \u00falevu od bolesti p\u0159i chronick\u00fdch i akutn\u00edch onemocn\u011bn\u00edch. Jako <strong>Generikum schv\u00e1len\u00e9 FDA<\/strong> Jako alternativa k zna\u010dkov\u00fdm opioid\u016fm nab\u00edzej\u00ed tyto tablety stejnou \u00fa\u010dinnost za zlomek ceny.  <\/p>\n<p>\u2013 <strong>Siln\u00e9 d\u00e1vkov\u00e1n\u00ed<\/strong>Ka\u017ed\u00e1 pilulka obsahuje <strong>30 mg morfinsulf\u00e1tu<\/strong>, ide\u00e1ln\u00ed pro l\u00e9\u010dbu st\u0159edn\u011b siln\u00e9 a\u017e siln\u00e9 bolesti.<br \/>\n\u2013 <strong>Rychle p\u016fsob\u00edc\u00ed<\/strong>Rychle se vst\u0159eb\u00e1v\u00e1 a poskytuje \u00falevu <strong>30\u201360 minut<\/strong>, trval\u00fd <strong>4\u20136 hodin<\/strong>.<br \/>\n\u2013 <strong>Vysok\u00e1 \u010distota<\/strong>Laboratorn\u011b testov\u00e1no na bezpe\u010dnost, bez kontaminant\u016f a plnidel.<br \/>\n\u2013 <strong>Diskr\u00e9tn\u00ed balen\u00ed<\/strong>Bezpe\u010dn\u011b odesl\u00e1no v neozna\u010den\u00fdch bal\u00edkech pro ochranu va\u0161eho soukrom\u00ed.  <\/p>\n<h2>Pou\u017eit\u00ed a p\u0159\u00ednosy pilulek morfinu 30 mg<\/h2>\n<p><strong>Morfin sulf\u00e1t 30 mg<\/strong> je <strong>opioidn\u00ed analgetikum<\/strong> pou\u017e\u00edv\u00e1 se k l\u00e9\u010db\u011b siln\u00e9 bolesti spojen\u00e9 s:  <\/p>\n<p>\u2013 <strong>Chronick\u00e9 stavy<\/strong> (rakovina, neuropatie, artritida)<br \/>\n\u2013 <strong>Poopera\u010dn\u00ed rekonvalescence<\/strong><br \/>\n\u2013 <strong>Bolest souvisej\u00edc\u00ed se zran\u011bn\u00edm<\/strong><br \/>\n\u2013 <strong>Paliativn\u00ed p\u00e9\u010de<\/strong>  <\/p>\n<p>Podle <strong>koupit morfin online<\/strong> bez l\u00e9ka\u0159sk\u00e9ho p\u0159edpisu se vyhnete dlouh\u00fdm n\u00e1v\u0161t\u011bv\u00e1m l\u00e9ka\u0159e a p\u0159itom st\u00e1le dost\u00e1v\u00e1te <strong>vysoce kvalitn\u00ed \u00faleva od bolesti<\/strong>Na\u0161e <strong>cenov\u011b dostupn\u00e9 generick\u00e9 pilulky<\/strong> zajistit p\u0159\u00edstupnost pro ty, kte\u0159\u00ed zvl\u00e1daj\u00ed p\u0159etrv\u00e1vaj\u00edc\u00ed nepohodl\u00ed.  <\/p>\n<h3>Jak bezpe\u010dn\u011b u\u017e\u00edvat morfin 30 mg<\/h3>\n<p>Pro maximalizaci p\u0159\u00ednos\u016f a sn\u00ed\u017een\u00ed rizik:  <\/p>\n<p>\u2013 <strong>D\u00e1vkov\u00e1n\u00ed<\/strong>Za\u010dn\u011bte s <strong>jedna 30mg tableta ka\u017ed\u00e9 4-6 hodiny<\/strong> dle pot\u0159eby. Nep\u0159ekra\u010dujte d\u00e1vkov\u00e1n\u00ed bez l\u00e9ka\u0159sk\u00e9 rady.<br \/>\n\u2013 <strong>Spr\u00e1va<\/strong>: Polykejte cel\u00e9 a zapijte vodou; vyvarujte se drcen\u00ed (m\u016f\u017ee zv\u00fd\u0161it riziko p\u0159ed\u00e1vkov\u00e1n\u00ed).<br \/>\n\u2013 <strong>Opat\u0159en\u00ed<\/strong>Vyhn\u011bte se alkoholu, benzodiazepin\u016fm a dal\u0161\u00edm l\u00e1tk\u00e1m tlum\u00edc\u00edm CNS, abyste p\u0159ede\u0161li nebezpe\u010dn\u00fdm interakc\u00edm.  <\/p>\n<p>Pokud m\u00e1te probl\u00e9my s j\u00e1try\/ledvinami nebo m\u00e1te v anamn\u00e9ze zneu\u017e\u00edv\u00e1n\u00ed n\u00e1vykov\u00fdch l\u00e1tek, pora\u010fte se s poskytovatelem zdravotn\u00ed p\u00e9\u010de.  <\/p>\n<h2>Pro\u010d koupit morfin online od n\u00e1s?<\/h2>\n<p>Jako <strong>renomovan\u00e1 online l\u00e9k\u00e1rna<\/strong>, up\u0159ednost\u0148ujeme:  <\/p>\n<p>\u2013 <strong>Nen\u00ed pot\u0159eba \u017e\u00e1dn\u00fd p\u0159edpis<\/strong>Obejd\u011bte slo\u017eit\u00e9 schvalovac\u00ed procesy.<br \/>\n\u2013 <strong>Doprava po cel\u00e9m sv\u011bt\u011b<\/strong>Dod\u00e1v\u00e1me do USA, Kanady, EU a do cel\u00e9ho sv\u011bta s <strong>diskr\u00e9tn\u00ed balen\u00ed<\/strong>.<br \/>\n\u2013 <strong>Z\u00e1kaznick\u00e1 podpora 24\/7<\/strong>Pomoc s objedn\u00e1vkami a dotazy ohledn\u011b d\u00e1vkov\u00e1n\u00ed.<br \/>\n\u2013 <strong>Konkurenceschopn\u00e9 ceny<\/strong>: <strong>Dostupn\u00e9 ceny<\/strong> ve srovn\u00e1n\u00ed s tradi\u010dn\u00edmi l\u00e9k\u00e1rnami.  <\/p>\n<h3>Mo\u017en\u00e9 vedlej\u0161\u00ed \u00fa\u010dinky morfinu<\/h3>\n<p>Mezi \u010dast\u00e9 ne\u017e\u00e1douc\u00ed \u00fa\u010dinky (obvykle do\u010dasn\u00e9) pat\u0159\u00ed:<br \/>\nOspalost<br \/>\nZ\u00e1cpa<br \/>\nNevolnost  <\/p>\n<p>Z\u00e1va\u017en\u00e9 ne\u017e\u00e1douc\u00ed \u00fa\u010dinky (pokud se vyskytnou, vyhledejte okam\u017eit\u011b pomoc):<br \/>\nPot\u00ed\u017ee s d\u00fdch\u00e1n\u00edm<br \/>\nSiln\u00e9 z\u00e1vrat\u011b<br \/>\nAlergick\u00e9 reakce  <\/p>\n<h2>Objednejte si sv\u00e9 30mg pilulky morfinu online je\u0161t\u011b dnes<\/h2>\n<p>Pro rychl\u00e9, <strong>cenov\u011b dostupn\u00e1 \u00faleva od bolesti<\/strong>, <strong>koupit morfin online<\/strong> z na\u0161eho d\u016fv\u011bryhodn\u00e9ho obchodu. Garantujeme <strong>autentick\u00e9 generiky<\/strong>, bezpe\u010dn\u00e9 transakce a rychl\u00e9 doru\u010den\u00ed. Objednejte si nyn\u00ed a vyu\u017eijte pohodl\u00ed <strong>diskr\u00e9tn\u00ed l\u00e9\u010dba bolesti bez l\u00e9ka\u0159sk\u00e9ho p\u0159edpisu<\/strong>.  <\/p>\n<h3>Z\u00e1v\u011bre\u010dn\u00e9 my\u0161lenky<\/h3>\n<p>Pokud pot\u0159ebujete spolehliv\u00fd zdroj <strong>koupit online tablety morfinu 30 mg<\/strong>, na\u0161e l\u00e9k\u00e1rna zaji\u0161\u0165uje kvalitu, cenovou dostupnost a soukrom\u00ed. A\u0165 u\u017e se jedn\u00e1 o chronickou bolest nebo rekonvalescenci, na\u0161e <strong>Generick\u00e9 tablety s\u00edranu morfinu<\/strong> poskytuj\u00ed \u00fa\u010dinnou \u00falevu. Nakupujte nyn\u00ed a ud\u011blejte prvn\u00ed krok k pohodln\u011bj\u0161\u00edmu \u017eivotu.<\/p>","protected":false},"excerpt":{"rendered":"<p>Z\u00edskejte rychlou a cenov\u011b dostupnou \u00falevu s na\u0161imi 30mg generick\u00fdmi morfinov\u00fdmi tabletami \u2013 bez nutnosti l\u00e9ka\u0159sk\u00e9ho p\u0159edpisu! Na\u0161e d\u016fv\u011bryhodn\u00e1 l\u00e9k\u00e1rna nab\u00edz\u00ed vysoce kvalitn\u00ed, bioekvivalentn\u00ed generika, kter\u00e1 funguj\u00ed stejn\u011b jako zna\u010dkov\u00e9 l\u00e9ky. Vyu\u017eijte diskr\u00e9tn\u00ed dopravu, bezpe\u010dn\u00e9 platby a z\u00e1kaznickou podporu 24 hodin denn\u011b, 7 dn\u00ed v t\u00fddnu pro bezprobl\u00e9mov\u00fd z\u00e1\u017eitek. Objednejte si nyn\u00ed spolehlivou l\u00e9\u010dbu bolesti s doru\u010den\u00edm p\u0159\u00edmo k va\u0161im dve\u0159\u00edm!<\/p>","protected":false},"featured_media":3396,"comment_status":"open","ping_status":"closed","template":"","meta":{"site-sidebar-layout":"default","site-content-layout":"","ast-site-content-layout":"default","site-content-style":"default","site-sidebar-style":"default","ast-global-header-display":"","ast-banner-title-visibility":"","ast-main-header-display":"","ast-hfb-above-header-display":"","ast-hfb-below-header-display":"","ast-hfb-mobile-header-display":"","site-post-title":"","ast-breadcrumbs-content":"","ast-featured-img":"","footer-sml-layout":"","ast-disable-related-posts":"","theme-transparent-header-meta":"","adv-header-id-meta":"","stick-header-meta":"","header-above-stick-meta":"","header-main-stick-meta":"","header-below-stick-meta":"","astra-migrate-meta-layouts":"default","ast-page-background-enabled":"default","ast-page-background-meta":{"desktop":{"background-color":"","background-image":"","background-repeat":"repeat","background-position":"center center","background-size":"auto","background-attachment":"scroll","background-type":"","background-media":"","overlay-type":"","overlay-color":"","overlay-opacity":"","overlay-gradient":""},"tablet":{"background-color":"","background-image":"","background-repeat":"repeat","background-position":"center center","background-size":"auto","background-attachment":"scroll","background-type":"","background-media":"","overlay-type":"","overlay-color":"","overlay-opacity":"","overlay-gradient":""},"mobile":{"background-color":"","background-image":"","background-repeat":"repeat","background-position":"center center","background-size":"auto","background-attachment":"scroll","background-type":"","background-media":"","overlay-type":"","overlay-color":"","overlay-opacity":"","overlay-gradient":""}},"ast-content-background-meta":{"desktop":{"background-color":"var(--ast-global-color-5)","background-image":"","background-repeat":"repeat","background-position":"center center","background-size":"auto","background-attachment":"scroll","background-type":"","background-media":"","overlay-type":"","overlay-color":"","overlay-opacity":"","overlay-gradient":""},"tablet":{"background-color":"var(--ast-global-color-5)","background-image":"","background-repeat":"repeat","background-position":"center center","background-size":"auto","background-attachment":"scroll","background-type":"","background-media":"","overlay-type":"","overlay-color":"","overlay-opacity":"","overlay-gradient":""},"mobile":{"background-color":"var(--ast-global-color-5)","background-image":"","background-repeat":"repeat","background-position":"center center","background-size":"auto","background-attachment":"scroll","background-type":"","background-media":"","overlay-type":"","overlay-color":"","overlay-opacity":"","overlay-gradient":""}}},"product_brand":[],"product_cat":[37],"product_tag":[1288,1282,1286,726,279,1287,1284,1283,809,1285],"class_list":{"0":"post-3364","1":"product","2":"type-product","3":"status-publish","4":"has-post-thumbnail","6":"product_cat-buy-pain-relief-medication-online","7":"product_tag-affordable-morphine","8":"product_tag-buy-morphine-online","9":"product_tag-buy-morphine-without-prescription","10":"product_tag-chronic-pain-management","11":"product_tag-discreet-shipping","12":"product_tag-fast-acting-morphine","13":"product_tag-generic-morphine-sulfate","14":"product_tag-morphine-30mg-pills","15":"product_tag-opioid-pain-medication","16":"product_tag-pain-relief-pills","17":"desktop-align-left","18":"tablet-align-left","19":"mobile-align-left","20":"ast-product-gallery-layout-horizontal-slider","21":"ast-product-gallery-with-no-image","22":"ast-magnify-disabled","23":"ast-product-single-variable","24":"ast-product-tabs-layout-horizontal","26":"first","27":"instock","28":"shipping-taxable","29":"purchasable","30":"product-type-variable"},"yoast_head":"<!-- This site is optimized with the Yoast SEO Premium plugin v26.0 (Yoast SEO v27.6) - https:\/\/yoast.com\/product\/yoast-seo-premium-wordpress\/ -->\n<title>Buy Morphine Online \u2013 Fast &amp; Affordable 30mg Generic Pills &#187; Rx Meds Plus<\/title>\n<meta name=\"description\" content=\"Buy morphine online for fast, affordable 30mg generic pills\u2014effective pain relief without a prescription. Order now for discreet global shipping!\" \/>\n<meta name=\"robots\" content=\"noindex, follow, max-snippet:-1, max-image-preview:large, max-video-preview:-1\" \/>\n<meta property=\"og:locale\" content=\"cs_CZ\" \/>\n<meta property=\"og:type\" content=\"article\" \/>\n<meta property=\"og:title\" content=\"Buy Morphine Online \u2013 Fast &amp; Affordable 30mg Generic Pills\" \/>\n<meta property=\"og:description\" content=\"Buy morphine online for fast, affordable 30mg generic pills\u2014effective pain relief without a prescription. Order now for discreet global shipping!\" \/>\n<meta property=\"og:url\" content=\"https:\/\/rxmedsplus.com\/cs\/produkt\/buy-morphine-online\/\" \/>\n<meta property=\"og:site_name\" content=\"Rx Meds Plus\" \/>\n<meta property=\"article:modified_time\" content=\"2025-09-25T11:01:15+00:00\" \/>\n<meta property=\"og:image\" content=\"https:\/\/mlehknw8zzux.i.optimole.com\/w:400\/h:400\/q:mauto\/f:best\/https:\/\/rxmedsplus.com\/wp-content\/uploads\/2025\/09\/11171-Buy-Morphine-Online-Sulphate-100-mg.jpg\" \/>\n\t<meta property=\"og:image:width\" content=\"400\" \/>\n\t<meta property=\"og:image:height\" content=\"400\" \/>\n\t<meta property=\"og:image:type\" content=\"image\/jpeg\" \/>\n<meta name=\"twitter:card\" content=\"summary_large_image\" \/>\n<meta name=\"twitter:label1\" content=\"Dostupnost\" \/>\n\t<meta name=\"twitter:data1\" content=\"Skladem\" \/>\n<script type=\"application\/ld+json\" class=\"yoast-schema-graph\">{\"@context\":\"https:\\\/\\\/schema.org\",\"@graph\":[{\"@type\":\"WebPage\",\"@id\":\"https:\\\/\\\/rxmedsplus.com\\\/product\\\/buy-morphine-online\\\/\",\"url\":\"https:\\\/\\\/rxmedsplus.com\\\/product\\\/buy-morphine-online\\\/\",\"name\":\"Buy Morphine Online \u2013 Fast & Affordable 30mg Generic Pills &#187; Rx Meds Plus\",\"isPartOf\":{\"@id\":\"https:\\\/\\\/rxmedsplus.com\\\/#website\"},\"primaryImageOfPage\":{\"@id\":\"https:\\\/\\\/rxmedsplus.com\\\/product\\\/buy-morphine-online\\\/#primaryimage\"},\"image\":{\"@id\":\"https:\\\/\\\/rxmedsplus.com\\\/product\\\/buy-morphine-online\\\/#primaryimage\"},\"thumbnailUrl\":\"https:\\\/\\\/rxmedsplus.com\\\/wp-content\\\/uploads\\\/2025\\\/09\\\/11171-Buy-Morphine-Online-Sulphate-100-mg.jpg\",\"datePublished\":\"2025-09-24T21:51:26+00:00\",\"dateModified\":\"2025-09-25T11:01:15+00:00\",\"description\":\"Buy morphine online for fast, affordable 30mg generic pills\u2014effective pain relief without a prescription. Order now for discreet global shipping!\",\"breadcrumb\":{\"@id\":\"https:\\\/\\\/rxmedsplus.com\\\/product\\\/buy-morphine-online\\\/#breadcrumb\"},\"inLanguage\":\"cs\",\"potentialAction\":[{\"@type\":\"ReadAction\",\"target\":[\"https:\\\/\\\/rxmedsplus.com\\\/product\\\/buy-morphine-online\\\/\"]}]},{\"@type\":\"ImageObject\",\"inLanguage\":\"cs\",\"@id\":\"https:\\\/\\\/rxmedsplus.com\\\/product\\\/buy-morphine-online\\\/#primaryimage\",\"url\":\"https:\\\/\\\/rxmedsplus.com\\\/wp-content\\\/uploads\\\/2025\\\/09\\\/11171-Buy-Morphine-Online-Sulphate-100-mg.jpg\",\"contentUrl\":\"https:\\\/\\\/rxmedsplus.com\\\/wp-content\\\/uploads\\\/2025\\\/09\\\/11171-Buy-Morphine-Online-Sulphate-100-mg.jpg\",\"width\":400,\"height\":400},{\"@type\":\"BreadcrumbList\",\"@id\":\"https:\\\/\\\/rxmedsplus.com\\\/product\\\/buy-morphine-online\\\/#breadcrumb\",\"itemListElement\":[{\"@type\":\"ListItem\",\"position\":1,\"name\":\"Home\",\"item\":\"https:\\\/\\\/rxmedsplus.com\\\/\"},{\"@type\":\"ListItem\",\"position\":2,\"name\":\"Shop\",\"item\":\"https:\\\/\\\/rxmedsplus.com\\\/shop\\\/\"},{\"@type\":\"ListItem\",\"position\":3,\"name\":\"Buy Morphine Online \u2013 Fast &#038; Affordable 30mg Generic Pills\"}]},{\"@type\":\"WebSite\",\"@id\":\"https:\\\/\\\/rxmedsplus.com\\\/#website\",\"url\":\"https:\\\/\\\/rxmedsplus.com\\\/\",\"name\":\"Rx Meds Plus\",\"description\":\"Buy Prescription Meds and Pills Online with Fast Delivery\",\"potentialAction\":[{\"@type\":\"SearchAction\",\"target\":{\"@type\":\"EntryPoint\",\"urlTemplate\":\"https:\\\/\\\/rxmedsplus.com\\\/?s={search_term_string}\"},\"query-input\":{\"@type\":\"PropertyValueSpecification\",\"valueRequired\":true,\"valueName\":\"search_term_string\"}}],\"inLanguage\":\"cs\"}]}<\/script>\n<meta property=\"og:availability\" content=\"instock\" \/>\n<meta property=\"product:availability\" content=\"instock\" \/>\n<meta property=\"product:retailer_item_id\" content=\"H2b05eAxNU\" \/>\n<meta property=\"product:condition\" content=\"new\" \/>\n<!-- \/ Yoast SEO Premium plugin. -->","yoast_head_json":{"title":"Koupit morfin online \u2013 Rychl\u00e9 a cenov\u011b dostupn\u00e9 generick\u00e9 pilulky 30 mg \u2013 Rx Meds Plus","description":"Kupte si morfin online a z\u00edskejte rychl\u00e9 a cenov\u011b dostupn\u00e9 generick\u00e9 pilulky o s\u00edle 30 mg \u2013 \u00fa\u010dinnou \u00falevu od bolesti bez l\u00e9ka\u0159sk\u00e9ho p\u0159edpisu. Objednejte si nyn\u00ed a z\u00edskejte diskr\u00e9tn\u00ed celosv\u011btov\u00e9 doru\u010den\u00ed!","robots":{"index":"noindex","follow":"follow","max-snippet":"max-snippet:-1","max-image-preview":"max-image-preview:large","max-video-preview":"max-video-preview:-1"},"og_locale":"cs_CZ","og_type":"article","og_title":"Buy Morphine Online \u2013 Fast & Affordable 30mg Generic Pills","og_description":"Buy morphine online for fast, affordable 30mg generic pills\u2014effective pain relief without a prescription. Order now for discreet global shipping!","og_url":"https:\/\/rxmedsplus.com\/cs\/produkt\/buy-morphine-online\/","og_site_name":"Rx Meds Plus","article_modified_time":"2025-09-25T11:01:15+00:00","og_image":[{"width":400,"height":400,"url":"https:\/\/mlehknw8zzux.i.optimole.com\/w:400\/h:400\/q:mauto\/f:best\/https:\/\/rxmedsplus.com\/wp-content\/uploads\/2025\/09\/11171-Buy-Morphine-Online-Sulphate-100-mg.jpg","type":"image\/jpeg"}],"twitter_card":"summary_large_image","twitter_misc":{"Dostupnost":"Skladem"},"schema":{"@context":"https:\/\/schema.org","@graph":[{"@type":"WebPage","@id":"https:\/\/rxmedsplus.com\/product\/buy-morphine-online\/","url":"https:\/\/rxmedsplus.com\/product\/buy-morphine-online\/","name":"Koupit morfin online \u2013 Rychl\u00e9 a cenov\u011b dostupn\u00e9 generick\u00e9 pilulky 30 mg \u2013 Rx Meds Plus","isPartOf":{"@id":"https:\/\/rxmedsplus.com\/#website"},"primaryImageOfPage":{"@id":"https:\/\/rxmedsplus.com\/product\/buy-morphine-online\/#primaryimage"},"image":{"@id":"https:\/\/rxmedsplus.com\/product\/buy-morphine-online\/#primaryimage"},"thumbnailUrl":"https:\/\/rxmedsplus.com\/wp-content\/uploads\/2025\/09\/11171-Buy-Morphine-Online-Sulphate-100-mg.jpg","datePublished":"2025-09-24T21:51:26+00:00","dateModified":"2025-09-25T11:01:15+00:00","description":"Kupte si morfin online a z\u00edskejte rychl\u00e9 a cenov\u011b dostupn\u00e9 generick\u00e9 pilulky o s\u00edle 30 mg \u2013 \u00fa\u010dinnou \u00falevu od bolesti bez l\u00e9ka\u0159sk\u00e9ho p\u0159edpisu. Objednejte si nyn\u00ed a z\u00edskejte diskr\u00e9tn\u00ed celosv\u011btov\u00e9 doru\u010den\u00ed!","breadcrumb":{"@id":"https:\/\/rxmedsplus.com\/product\/buy-morphine-online\/#breadcrumb"},"inLanguage":"cs","potentialAction":[{"@type":"ReadAction","target":["https:\/\/rxmedsplus.com\/product\/buy-morphine-online\/"]}]},{"@type":"ImageObject","inLanguage":"cs","@id":"https:\/\/rxmedsplus.com\/product\/buy-morphine-online\/#primaryimage","url":"https:\/\/rxmedsplus.com\/wp-content\/uploads\/2025\/09\/11171-Buy-Morphine-Online-Sulphate-100-mg.jpg","contentUrl":"https:\/\/rxmedsplus.com\/wp-content\/uploads\/2025\/09\/11171-Buy-Morphine-Online-Sulphate-100-mg.jpg","width":400,"height":400},{"@type":"BreadcrumbList","@id":"https:\/\/rxmedsplus.com\/product\/buy-morphine-online\/#breadcrumb","itemListElement":[{"@type":"ListItem","position":1,"name":"Home","item":"https:\/\/rxmedsplus.com\/"},{"@type":"ListItem","position":2,"name":"Shop","item":"https:\/\/rxmedsplus.com\/shop\/"},{"@type":"ListItem","position":3,"name":"Buy Morphine Online \u2013 Fast &#038; Affordable 30mg Generic Pills"}]},{"@type":"WebSite","@id":"https:\/\/rxmedsplus.com\/#website","url":"https:\/\/rxmedsplus.com\/","name":"L\u00e9ky na p\u0159edpis Plus","description":"Kupte si l\u00e9ky a pilulky na p\u0159edpis online s rychl\u00fdm doru\u010den\u00edm","potentialAction":[{"@type":"SearchAction","target":{"@type":"EntryPoint","urlTemplate":"https:\/\/rxmedsplus.com\/?s={search_term_string}"},"query-input":{"@type":"PropertyValueSpecification","valueRequired":true,"valueName":"search_term_string"}}],"inLanguage":"cs"}]},"og_availability":"instock","product_availability":"instock","product_retailer_item_id":"H2b05eAxNU","product_condition":"new"},"_links":{"self":[{"href":"https:\/\/rxmedsplus.com\/cs\/wp-json\/wp\/v2\/product\/3364","targetHints":{"allow":["GET"]}}],"collection":[{"href":"https:\/\/rxmedsplus.com\/cs\/wp-json\/wp\/v2\/product"}],"about":[{"href":"https:\/\/rxmedsplus.com\/cs\/wp-json\/wp\/v2\/types\/product"}],"replies":[{"embeddable":true,"href":"https:\/\/rxmedsplus.com\/cs\/wp-json\/wp\/v2\/comments?post=3364"}],"wp:featuredmedia":[{"embeddable":true,"href":"https:\/\/rxmedsplus.com\/cs\/wp-json\/wp\/v2\/media\/3396"}],"wp:attachment":[{"href":"https:\/\/rxmedsplus.com\/cs\/wp-json\/wp\/v2\/media?parent=3364"}],"wp:term":[{"taxonomy":"product_brand","embeddable":true,"href":"https:\/\/rxmedsplus.com\/cs\/wp-json\/wp\/v2\/product_brand?post=3364"},{"taxonomy":"product_cat","embeddable":true,"href":"https:\/\/rxmedsplus.com\/cs\/wp-json\/wp\/v2\/product_cat?post=3364"},{"taxonomy":"product_tag","embeddable":true,"href":"https:\/\/rxmedsplus.com\/cs\/wp-json\/wp\/v2\/product_tag?post=3364"}],"curies":[{"name":"wp","href":"https:\/\/api.w.org\/{rel}","templated":true}]}}