{"id":4317,"date":"2026-05-03T23:30:25","date_gmt":"2026-05-03T23:30:25","guid":{"rendered":"https:\/\/rxmedsplus.com\/"},"modified":"2026-05-11T11:29:59","modified_gmt":"2026-05-11T11:29:59","slug":"buy-ritalin-online-4","status":"publish","type":"product","link":"https:\/\/rxmedsplus.com\/cs\/product\/buy-ritalin-online-4\/","title":{"rendered":"Koupit Ritalin online rychle \u2013 bezpe\u010dn\u011b a diskr\u00e9tn\u011b l\u00e9\u010dba ADHD"},"content":{"rendered":"<h2>Koupit Ritalin online rychle \u2013 bezpe\u010dn\u00e1 a diskr\u00e9tn\u00ed l\u00e9\u010dba ADHD  <\/h2>\n<p>Hled\u00e1te spolehliv\u00fd zp\u016fsob, jak <strong>koupit Ritalin online rychle<\/strong> pro l\u00e9\u010dbu ADHD? Jste na spr\u00e1vn\u00e9m m\u00edst\u011b. Jako <strong>d\u016fv\u011bryhodn\u00fd online prodejce<\/strong>, poskytujeme <strong>bezpe\u010dn\u00e9 a diskr\u00e9tn\u00ed<\/strong> dod\u00e1n\u00ed Ritalinu do USA, Kanady, EU, Velk\u00e9 Brit\u00e1nie, Austr\u00e1lie a cel\u00e9ho sv\u011bta. N\u00e1\u0161 zjednodu\u0161en\u00fd proces v\u00e1m zajist\u00ed, \u017ee obdr\u017e\u00edte sv\u016fj <strong>L\u00e9ky na ADHD<\/strong> rychle a diskr\u00e9tn\u011b, bez pot\u00ed\u017e\u00ed s recepty nebo dlouh\u00fdmi \u010dekac\u00edmi dobami.  <\/p>\n<h3>Co je Ritalin?  <\/h3>\n<p><strong>Ritalin<\/strong> je \u0161iroce p\u0159edepisovan\u00fd <strong>L\u00e9ky na ADHD<\/strong> obsahuj\u00edc\u00ed <strong>methylfenid\u00e1t<\/strong>, stimulant centr\u00e1ln\u00edho nervov\u00e9ho syst\u00e9mu. Zvy\u0161uje soust\u0159ed\u011bn\u00ed, sni\u017euje impulzivitu a zlep\u0161uje pozornost u jedinc\u016f s <strong>porucha pozornosti s hyperaktivitou (ADHD)<\/strong>L\u00e9ka\u0159i ho tak\u00e9 p\u0159edepisuj\u00ed na <strong>narkolepsie<\/strong>, co\u017e pom\u00e1h\u00e1 pacient\u016fm z\u016fstat b\u011bhem dne vzh\u016fru.  <\/p>\n<h3>Jak Ritalin funguje?  <\/h3>\n<p>Ritalin zvy\u0161uje \u00fa\u010dinek <strong>dopamin a norepinefrin<\/strong> hladiny v mozku, esenci\u00e1ln\u00ed neurotransmitery pro <strong>soust\u0159ed\u011bn\u00ed, bd\u011blost a ovl\u00e1d\u00e1n\u00ed impulz\u016f<\/strong>Toto <strong>stimula\u010dn\u00ed l\u00e9ky<\/strong> pom\u00e1h\u00e1 vyrovn\u00e1vat chemii mozku, co\u017e u\u017eivatel\u016fm umo\u017e\u0148uje l\u00e9pe se soust\u0159edit, z\u016fstat organizovan\u00ed a efektivn\u011b zvl\u00e1dat hyperaktivitu.  <\/p>\n<h3>V\u00fdhody Ritalinu pro l\u00e9\u010dbu ADHD  <\/h3>\n<p>\u2013 <strong>Zlep\u0161uje soust\u0159ed\u011bn\u00ed<\/strong> a soust\u0159ed\u011bn\u00ed u dosp\u011bl\u00fdch a d\u011bt\u00ed<br \/>\n\u2013 <strong>Sni\u017euje impulzivn\u00ed chov\u00e1n\u00ed<\/strong> a hyperaktivita<br \/>\n\u2013 <strong>Zlep\u0161uje akademick\u00fd a pracovn\u00ed v\u00fdkon<\/strong><br \/>\nPom\u00e1h\u00e1 zvl\u00e1dat <strong>p\u0159\u00edznaky narkolepsie<\/strong> (nadm\u011brn\u00e1 denn\u00ed ospalost)  <\/p>\n<h3>Doporu\u010den\u00e9 d\u00e1vkov\u00e1n\u00ed a pou\u017eit\u00ed  <\/h3>\n<p>Prav\u00e1 <strong>D\u00e1vkov\u00e1n\u00ed Ritalinu<\/strong> z\u00e1vis\u00ed na individu\u00e1ln\u00edch pot\u0159eb\u00e1ch, v\u011bku a reakci na l\u00e9\u010dbu. L\u00e9ka\u0159i obvykle p\u0159edepisuj\u00ed:  <\/p>\n<p>\u2013 <strong>D\u011bti (6+ let):<\/strong> 5 mg a\u017e 20 mg denn\u011b, u\u017e\u00edvan\u00fdch v rozd\u011blen\u00fdch d\u00e1vk\u00e1ch<br \/>\n\u2013 <strong>Dosp\u011bl\u00ed:<\/strong> 20 mg a\u017e 60 mg denn\u011b, v z\u00e1vislosti na z\u00e1va\u017enosti  <\/p>\n<p>V\u017edy za\u010dn\u011bte s <strong>n\u00edzk\u00e9 d\u00e1vkov\u00e1n\u00ed<\/strong> a v p\u0159\u00edpad\u011b pot\u0159eby upravovat pod l\u00e9ka\u0159sk\u00fdm dohledem. Verze s prodlou\u017een\u00fdm uvol\u0148ov\u00e1n\u00edm (Ritalin LA) poskytuj\u00ed <strong>dlouhodob\u00e9 \u00fa\u010dinky<\/strong>, \u010d\u00edm\u017e se sni\u017euje pot\u0159eba opakovan\u00fdch d\u00e1vek.  <\/p>\n<h3>Mo\u017en\u00e9 ne\u017e\u00e1douc\u00ed \u00fa\u010dinky  <\/h3>\n<p>Zat\u00edmco Ritalin je <strong>obecn\u011b bezpe\u010dn\u00e9<\/strong>, n\u011bkte\u0159\u00ed u\u017eivatel\u00e9 mohou poci\u0165ovat m\u00edrn\u00e9 <strong>vedlej\u0161\u00ed \u00fa\u010dinky<\/strong>, v\u010detn\u011b:  <\/p>\n<p>\u2013 <strong>Bolest hlavy<\/strong><br \/>\n\u2013 <strong>Nespavost<\/strong> (pot\u00ed\u017ee se span\u00edm)<br \/>\n\u2013 <strong>Sn\u00ed\u017een\u00e1 chu\u0165 k j\u00eddlu<\/strong><br \/>\n\u2013 <strong>Nervozita nebo z\u00e1vrat\u011b<\/strong>  <\/p>\n<p>Z\u00e1va\u017en\u00e9 reakce, jako nap\u0159\u00edklad <strong>bolest na hrudi, nepravideln\u00fd srde\u010dn\u00ed tep nebo zm\u011bny n\u00e1lad<\/strong> jsou vz\u00e1cn\u00e9, ale vy\u017eaduj\u00ed okam\u017eitou l\u00e9ka\u0159skou pomoc.  <\/p>\n<h3>Pro\u010d koupit Ritalin online od n\u00e1s?  <\/h3>\n<p>1. <strong>N\u00e1kup bez l\u00e9ka\u0159sk\u00e9ho p\u0159edpisu<\/strong> \u2013 Vyhn\u011bte se nep\u0159\u00edjemn\u00fdm n\u00e1v\u0161t\u011bv\u00e1m l\u00e9ka\u0159e a <strong>koupit Ritalin online rychle<\/strong> bez l\u00e9ka\u0159sk\u00e9ho p\u0159edpisu.<br \/>\n2. <strong>Rychl\u00e9 a diskr\u00e9tn\u00ed dod\u00e1n\u00ed<\/strong> \u2013 Zaji\u0161\u0165ujeme d\u016fv\u011brn\u00e9 balen\u00ed a <strong>dod\u00e1n\u00ed po cel\u00e9m sv\u011bt\u011b<\/strong> do USA, Kanady, Evropy, Velk\u00e9 Brit\u00e1nie a Austr\u00e1lie.<br \/>\n3. <strong>D\u016fv\u011bryhodn\u00fd a spolehliv\u00fd<\/strong> \u2013 Na\u0161e l\u00e9k\u00e1rna m\u00e1 dobrou pov\u011bst <strong>kvalitn\u00ed l\u00e9ky na ADHD<\/strong> a rychl\u00fd servis.<br \/>\n4. <strong>Dostupn\u00e9 ceny<\/strong> \u2013 Z\u00edskat <strong>Ritalin za konkurenceschopn\u00e9 ceny<\/strong> bez kompromis\u016f v kvalit\u011b.  <\/p>\n<h3>Jak bezpe\u010dn\u011b objednat Ritalin online  <\/h3>\n<p>1. <strong>Vyberte si d\u00e1vkov\u00e1n\u00ed<\/strong>Vyberte si mezi <strong>Ritalin 10 mg, 20 mg nebo s prodlou\u017een\u00fdm uvol\u0148ov\u00e1n\u00edm<\/strong>.<br \/>\n2. <strong>P\u0159idat do ko\u0161\u00edku<\/strong>Bezpe\u010dn\u011b pokra\u010dujte k pokladn\u011b.<br \/>\n3. <strong>Rychl\u00e9 dod\u00e1n\u00ed<\/strong>Z\u00edskejte sv\u016fj <strong>L\u00e9ky na ADHD<\/strong> diskr\u00e9tn\u011b u va\u0161ich dve\u0159\u00ed.  <\/p>\n<h3>Nej\u010dast\u011bj\u0161\u00ed dotazy k n\u00e1kupu Ritalinu online  <\/h3>\n<h4>Je leg\u00e1ln\u00ed koupit Ritalin bez l\u00e9ka\u0159sk\u00e9ho p\u0159edpisu?  <\/h4>\n<p>Mnoho zem\u00ed to umo\u017e\u0148uje <strong>koupit Ritalin online<\/strong> z <strong>renomovan\u00e9 l\u00e9k\u00e1rny<\/strong>Zaji\u0161\u0165ujeme <strong>bezpe\u010dn\u00e9 a leg\u00e1ln\u00ed transakce<\/strong> s diskr\u00e9tn\u00ed dopravou.  <\/p>\n<h4>Jak dlouho trv\u00e1, ne\u017e Ritalin za\u010dne \u00fa\u010dinkovat?  <\/h4>\n<p>Tablety s okam\u017eit\u00fdm uvol\u0148ov\u00e1n\u00edm u\u017e\u00edvaj\u00ed <strong>30\u201360 minut<\/strong> nab\u00fdt \u00fa\u010dinnosti, trval\u00fd <strong>3\u20135 hodin<\/strong>Formulace s prodlou\u017een\u00fdm uvol\u0148ov\u00e1n\u00edm poskytuj\u00ed <strong>8\u201312 hodin \u00falevy od p\u0159\u00edznak\u016f<\/strong>.  <\/p>\n<h4>Mohu u\u017e\u00edvat Ritalin ke studiu?  <\/h4>\n<p>Ano, mnoho student\u016f si kupuje <strong>Ritalin online pro kognitivn\u00ed zlep\u0161en\u00ed<\/strong> kv\u016fli jeho <strong>\u00fa\u010dinky zvy\u0161uj\u00edc\u00ed soust\u0159ed\u011bn\u00ed<\/strong>Zneu\u017e\u00edv\u00e1n\u00ed v\u0161ak m\u016f\u017ee v\u00e9st k z\u00e1vislosti \u2013 v\u017edy pou\u017e\u00edvejte zodpov\u011bdn\u011b.  <\/p>\n<h4>Jak\u00fd je rozd\u00edl mezi Ritalinem a Adderallem?  <\/h4>\n<p>Oba l\u00e9\u010d\u00ed <strong>ADHD<\/strong>, ale <strong>Adderall<\/strong> obsahuje amfetaminov\u00e9 soli, zat\u00edmco Ritalin obsahuje <strong>methylfenid\u00e1t<\/strong>N\u011bkte\u0159\u00ed u\u017eivatel\u00e9 reaguj\u00ed l\u00e9pe na jeden ne\u017e na druh\u00fd.  <\/p>\n<h3>Z\u00e1v\u011bre\u010dn\u00e9 my\u0161lenky: Kupte si Ritalin online rychle a bezpe\u010dn\u011b  <\/h3>\n<p>Pokud pot\u0159ebujete efektivn\u00ed <strong>L\u00e9\u010dba ADHD<\/strong>, <strong>koupit Ritalin online<\/strong> od d\u016fv\u011bryhodn\u00e9ho dodavatele zaji\u0161\u0165uje pohodl\u00ed, cenovou dostupnost a <strong>diskr\u00e9tn\u00ed p\u0159eprava po cel\u00e9m sv\u011bt\u011b<\/strong>A\u0165 u\u017e jste v <strong>USA, Kanada, Evropa, Spojen\u00e9 kr\u00e1lovstv\u00ed nebo Austr\u00e1lie<\/strong>, dod\u00e1v\u00e1me rychle, abychom v\u00e1m pomohli se zvl\u00e1dnut\u00edm <strong>P\u0159\u00edznaky ADHD<\/strong> bez zbyte\u010dn\u00fdch pr\u016ftah\u016f.  <\/p>\n<p>Objednejte si nyn\u00ed a vyu\u017eijte v\u00fdhod <strong>bezpe\u010dn\u00e9 a diskr\u00e9tn\u00ed pod\u00e1n\u00ed Ritalinu<\/strong> p\u0159\u00edmo k va\u0161im dve\u0159\u00edm. Va\u0161e du\u0161evn\u00ed jasnost a soust\u0159ed\u011bn\u00ed jsou jen p\u00e1r kliknut\u00ed daleko!<\/p>","protected":false},"excerpt":{"rendered":"<p>Pot\u00fdk\u00e1te se s ADHD nebo narkolepsi\u00ed? Z\u00edskejte rychlou \u00falevu s origin\u00e1ln\u00edm Ritalinem od Rx Meds Plus! N\u00e1\u0161 farmaceutick\u00fd methylfenid\u00e1t pom\u00e1h\u00e1 zlep\u0161it soust\u0159ed\u011bn\u00ed, koncentraci a bd\u011blost b\u011bhem dne. Vyu\u017eijte bezprobl\u00e9mov\u00fd proces objedn\u00e1v\u00e1n\u00ed s diskr\u00e9tn\u00edm doru\u010den\u00edm p\u0159\u00edmo k va\u0161im dve\u0159\u00edm. Z\u00edsk\u00e1v\u00e1me pouze od licencovan\u00fdch v\u00fdrobc\u016f, co\u017e zaji\u0161\u0165uje vysoce kvalitn\u00ed l\u00e9ky pro va\u0161e pot\u0159eby. Postarejte se o sv\u00e9 zdrav\u00ed je\u0161t\u011b dnes \u2013 objednejte si Ritalin rychle a bezpe\u010dn\u011b!<\/p>","protected":false},"featured_media":4362,"comment_status":"open","ping_status":"closed","template":"","meta":{"site-sidebar-layout":"default","site-content-layout":"","ast-site-content-layout":"default","site-content-style":"default","site-sidebar-style":"default","ast-global-header-display":"","ast-banner-title-visibility":"","ast-main-header-display":"","ast-hfb-above-header-display":"","ast-hfb-below-header-display":"","ast-hfb-mobile-header-display":"","site-post-title":"","ast-breadcrumbs-content":"","ast-featured-img":"","footer-sml-layout":"","ast-disable-related-posts":"","theme-transparent-header-meta":"","adv-header-id-meta":"","stick-header-meta":"","header-above-stick-meta":"","header-main-stick-meta":"","header-below-stick-meta":"","astra-migrate-meta-layouts":"default","ast-page-background-enabled":"default","ast-page-background-meta":{"desktop":{"background-color":"","background-image":"","background-repeat":"repeat","background-position":"center center","background-size":"auto","background-attachment":"scroll","background-type":"","background-media":"","overlay-type":"","overlay-color":"","overlay-opacity":"","overlay-gradient":""},"tablet":{"background-color":"","background-image":"","background-repeat":"repeat","background-position":"center center","background-size":"auto","background-attachment":"scroll","background-type":"","background-media":"","overlay-type":"","overlay-color":"","overlay-opacity":"","overlay-gradient":""},"mobile":{"background-color":"","background-image":"","background-repeat":"repeat","background-position":"center center","background-size":"auto","background-attachment":"scroll","background-type":"","background-media":"","overlay-type":"","overlay-color":"","overlay-opacity":"","overlay-gradient":""}},"ast-content-background-meta":{"desktop":{"background-color":"var(--ast-global-color-5)","background-image":"","background-repeat":"repeat","background-position":"center center","background-size":"auto","background-attachment":"scroll","background-type":"","background-media":"","overlay-type":"","overlay-color":"","overlay-opacity":"","overlay-gradient":""},"tablet":{"background-color":"var(--ast-global-color-5)","background-image":"","background-repeat":"repeat","background-position":"center center","background-size":"auto","background-attachment":"scroll","background-type":"","background-media":"","overlay-type":"","overlay-color":"","overlay-opacity":"","overlay-gradient":""},"mobile":{"background-color":"var(--ast-global-color-5)","background-image":"","background-repeat":"repeat","background-position":"center center","background-size":"auto","background-attachment":"scroll","background-type":"","background-media":"","overlay-type":"","overlay-color":"","overlay-opacity":"","overlay-gradient":""}}},"product_brand":[],"product_cat":[1686],"product_tag":[2080,271,247,2079,632,2076,2078,2081,1067,249,637,2075,641,2077,1774],"class_list":{"0":"post-4317","1":"product","2":"type-product","3":"status-publish","4":"has-post-thumbnail","6":"product_cat-prescription-meds","7":"product_tag-adhd-focus-treatment","8":"product_tag-adhd-medication-online","9":"product_tag-adhd-treatment","10":"product_tag-best-place-to-buy-ritalin","11":"product_tag-buy-ritalin-online","12":"product_tag-buy-ritalin-safely","13":"product_tag-discreet-ritalin-delivery","14":"product_tag-legit-ritalin-online","15":"product_tag-methylphenidate","16":"product_tag-narcolepsy-medication","17":"product_tag-order-ritalin-online","18":"product_tag-ritalin-for-adhd","19":"product_tag-ritalin-for-sale","20":"product_tag-ritalin-prescription","21":"product_tag-medmenuk","22":"desktop-align-left","23":"tablet-align-left","24":"mobile-align-left","25":"ast-product-gallery-layout-horizontal-slider","26":"ast-product-gallery-with-no-image","27":"ast-magnify-disabled","28":"ast-product-single-variable","29":"ast-product-tabs-layout-horizontal","31":"first","32":"instock","33":"shipping-taxable","34":"purchasable","35":"product-type-variable"},"yoast_head":"<!-- This site is optimized with the Yoast SEO Premium plugin v26.0 (Yoast SEO v27.6) - https:\/\/yoast.com\/product\/yoast-seo-premium-wordpress\/ -->\n<title>Buy Ritalin Online Fast \u2013 Safe &amp; Discreet ADHD Treatment &#187; Rx Meds Plus<\/title>\n<meta name=\"description\" content=\"Buy Ritalin online for fast, safe ADHD treatment from Rx Meds Plus. Enjoy genuine products, discreet delivery, and competitive pricing. Order now and regain focus today!`\" \/>\n<meta name=\"robots\" content=\"noindex, follow, max-snippet:-1, max-image-preview:large, max-video-preview:-1\" \/>\n<meta property=\"og:locale\" content=\"cs_CZ\" \/>\n<meta property=\"og:type\" content=\"article\" \/>\n<meta property=\"og:title\" content=\"Buy Ritalin Online Fast \u2013 Safe &amp; Discreet ADHD Treatment\" \/>\n<meta property=\"og:description\" content=\"Buy Ritalin online for fast, safe ADHD treatment from Rx Meds Plus. Enjoy genuine products, discreet delivery, and competitive pricing. Order now and regain focus today!`\" \/>\n<meta property=\"og:url\" content=\"https:\/\/rxmedsplus.com\/cs\/produkt\/buy-ritalin-online-4\/\" \/>\n<meta property=\"og:site_name\" content=\"Rx Meds Plus\" \/>\n<meta property=\"article:modified_time\" content=\"2026-05-11T11:29:59+00:00\" \/>\n<meta property=\"og:image\" content=\"https:\/\/rxmedsplus.com\/wp-content\/uploads\/2026\/05\/134456-19-1.jpg\" \/>\n\t<meta property=\"og:image:width\" content=\"500\" \/>\n\t<meta property=\"og:image:height\" content=\"500\" \/>\n\t<meta property=\"og:image:type\" content=\"image\/jpeg\" \/>\n<meta name=\"twitter:card\" content=\"summary_large_image\" \/>\n<meta name=\"twitter:label1\" content=\"Dostupnost\" \/>\n\t<meta name=\"twitter:data1\" content=\"Skladem\" \/>\n<script type=\"application\/ld+json\" class=\"yoast-schema-graph\">{\"@context\":\"https:\\\/\\\/schema.org\",\"@graph\":[{\"@type\":\"WebPage\",\"@id\":\"https:\\\/\\\/rxmedsplus.com\\\/product\\\/buy-ritalin-online-4\\\/\",\"url\":\"https:\\\/\\\/rxmedsplus.com\\\/product\\\/buy-ritalin-online-4\\\/\",\"name\":\"Buy Ritalin Online Fast \u2013 Safe & Discreet ADHD Treatment &#187; Rx Meds Plus\",\"isPartOf\":{\"@id\":\"https:\\\/\\\/rxmedsplus.com\\\/#website\"},\"primaryImageOfPage\":{\"@id\":\"https:\\\/\\\/rxmedsplus.com\\\/product\\\/buy-ritalin-online-4\\\/#primaryimage\"},\"image\":{\"@id\":\"https:\\\/\\\/rxmedsplus.com\\\/product\\\/buy-ritalin-online-4\\\/#primaryimage\"},\"thumbnailUrl\":\"https:\\\/\\\/rxmedsplus.com\\\/wp-content\\\/uploads\\\/2026\\\/05\\\/134456-19-1.jpg\",\"datePublished\":\"2026-05-03T23:30:25+00:00\",\"dateModified\":\"2026-05-11T11:29:59+00:00\",\"description\":\"Buy Ritalin online for fast, safe ADHD treatment from Rx Meds Plus. Enjoy genuine products, discreet delivery, and competitive pricing. Order now and regain focus today!`\",\"breadcrumb\":{\"@id\":\"https:\\\/\\\/rxmedsplus.com\\\/product\\\/buy-ritalin-online-4\\\/#breadcrumb\"},\"inLanguage\":\"cs\",\"potentialAction\":[{\"@type\":\"ReadAction\",\"target\":[\"https:\\\/\\\/rxmedsplus.com\\\/product\\\/buy-ritalin-online-4\\\/\"]}]},{\"@type\":\"ImageObject\",\"inLanguage\":\"cs\",\"@id\":\"https:\\\/\\\/rxmedsplus.com\\\/product\\\/buy-ritalin-online-4\\\/#primaryimage\",\"url\":\"https:\\\/\\\/rxmedsplus.com\\\/wp-content\\\/uploads\\\/2026\\\/05\\\/134456-19-1.jpg\",\"contentUrl\":\"https:\\\/\\\/rxmedsplus.com\\\/wp-content\\\/uploads\\\/2026\\\/05\\\/134456-19-1.jpg\",\"width\":500,\"height\":500},{\"@type\":\"BreadcrumbList\",\"@id\":\"https:\\\/\\\/rxmedsplus.com\\\/product\\\/buy-ritalin-online-4\\\/#breadcrumb\",\"itemListElement\":[{\"@type\":\"ListItem\",\"position\":1,\"name\":\"Home\",\"item\":\"https:\\\/\\\/rxmedsplus.com\\\/\"},{\"@type\":\"ListItem\",\"position\":2,\"name\":\"Shop\",\"item\":\"https:\\\/\\\/rxmedsplus.com\\\/shop\\\/\"},{\"@type\":\"ListItem\",\"position\":3,\"name\":\"Buy Ritalin Online Fast \u2013 Safe &#038; Discreet ADHD Treatment\"}]},{\"@type\":\"WebSite\",\"@id\":\"https:\\\/\\\/rxmedsplus.com\\\/#website\",\"url\":\"https:\\\/\\\/rxmedsplus.com\\\/\",\"name\":\"Rx Meds Plus\",\"description\":\"Buy Prescription Meds and Pills Online with Fast Delivery\",\"potentialAction\":[{\"@type\":\"SearchAction\",\"target\":{\"@type\":\"EntryPoint\",\"urlTemplate\":\"https:\\\/\\\/rxmedsplus.com\\\/?s={search_term_string}\"},\"query-input\":{\"@type\":\"PropertyValueSpecification\",\"valueRequired\":true,\"valueName\":\"search_term_string\"}}],\"inLanguage\":\"cs\"}]}<\/script>\n<meta property=\"og:availability\" content=\"instock\" \/>\n<meta property=\"product:availability\" content=\"instock\" \/>\n<meta property=\"product:retailer_item_id\" content=\"134456\" \/>\n<meta property=\"product:condition\" content=\"new\" \/>\n<!-- \/ Yoast SEO Premium plugin. -->","yoast_head_json":{"title":"Koupit Ritalin online rychle \u2013 bezpe\u010dn\u00e1 a diskr\u00e9tn\u00ed l\u00e9\u010dba ADHD \u2013 Rx Meds Plus","description":"Kupte si Ritalin online pro rychlou a bezpe\u010dnou l\u00e9\u010dbu ADHD od Rx Meds Plus. Vyu\u017eijte origin\u00e1ln\u00ed produkty, diskr\u00e9tn\u00ed doru\u010den\u00ed a konkurenceschopn\u00e9 ceny. Objednejte si nyn\u00ed a znovu se soust\u0159ed\u011bte!","robots":{"index":"noindex","follow":"follow","max-snippet":"max-snippet:-1","max-image-preview":"max-image-preview:large","max-video-preview":"max-video-preview:-1"},"og_locale":"cs_CZ","og_type":"article","og_title":"Buy Ritalin Online Fast \u2013 Safe & Discreet ADHD Treatment","og_description":"Buy Ritalin online for fast, safe ADHD treatment from Rx Meds Plus. Enjoy genuine products, discreet delivery, and competitive pricing. Order now and regain focus today!`","og_url":"https:\/\/rxmedsplus.com\/cs\/produkt\/buy-ritalin-online-4\/","og_site_name":"Rx Meds Plus","article_modified_time":"2026-05-11T11:29:59+00:00","og_image":[{"width":500,"height":500,"url":"https:\/\/rxmedsplus.com\/wp-content\/uploads\/2026\/05\/134456-19-1.jpg","type":"image\/jpeg"}],"twitter_card":"summary_large_image","twitter_misc":{"Dostupnost":"Skladem"},"schema":{"@context":"https:\/\/schema.org","@graph":[{"@type":"WebPage","@id":"https:\/\/rxmedsplus.com\/product\/buy-ritalin-online-4\/","url":"https:\/\/rxmedsplus.com\/product\/buy-ritalin-online-4\/","name":"Koupit Ritalin online rychle \u2013 bezpe\u010dn\u00e1 a diskr\u00e9tn\u00ed l\u00e9\u010dba ADHD \u2013 Rx Meds Plus","isPartOf":{"@id":"https:\/\/rxmedsplus.com\/#website"},"primaryImageOfPage":{"@id":"https:\/\/rxmedsplus.com\/product\/buy-ritalin-online-4\/#primaryimage"},"image":{"@id":"https:\/\/rxmedsplus.com\/product\/buy-ritalin-online-4\/#primaryimage"},"thumbnailUrl":"https:\/\/rxmedsplus.com\/wp-content\/uploads\/2026\/05\/134456-19-1.jpg","datePublished":"2026-05-03T23:30:25+00:00","dateModified":"2026-05-11T11:29:59+00:00","description":"Kupte si Ritalin online pro rychlou a bezpe\u010dnou l\u00e9\u010dbu ADHD od Rx Meds Plus. Vyu\u017eijte origin\u00e1ln\u00ed produkty, diskr\u00e9tn\u00ed doru\u010den\u00ed a konkurenceschopn\u00e9 ceny. Objednejte si nyn\u00ed a znovu se soust\u0159ed\u011bte!","breadcrumb":{"@id":"https:\/\/rxmedsplus.com\/product\/buy-ritalin-online-4\/#breadcrumb"},"inLanguage":"cs","potentialAction":[{"@type":"ReadAction","target":["https:\/\/rxmedsplus.com\/product\/buy-ritalin-online-4\/"]}]},{"@type":"ImageObject","inLanguage":"cs","@id":"https:\/\/rxmedsplus.com\/product\/buy-ritalin-online-4\/#primaryimage","url":"https:\/\/rxmedsplus.com\/wp-content\/uploads\/2026\/05\/134456-19-1.jpg","contentUrl":"https:\/\/rxmedsplus.com\/wp-content\/uploads\/2026\/05\/134456-19-1.jpg","width":500,"height":500},{"@type":"BreadcrumbList","@id":"https:\/\/rxmedsplus.com\/product\/buy-ritalin-online-4\/#breadcrumb","itemListElement":[{"@type":"ListItem","position":1,"name":"Home","item":"https:\/\/rxmedsplus.com\/"},{"@type":"ListItem","position":2,"name":"Shop","item":"https:\/\/rxmedsplus.com\/shop\/"},{"@type":"ListItem","position":3,"name":"Buy Ritalin Online Fast \u2013 Safe &#038; Discreet ADHD Treatment"}]},{"@type":"WebSite","@id":"https:\/\/rxmedsplus.com\/#website","url":"https:\/\/rxmedsplus.com\/","name":"L\u00e9ky na p\u0159edpis Plus","description":"Kupte si l\u00e9ky a pilulky na p\u0159edpis online s rychl\u00fdm doru\u010den\u00edm","potentialAction":[{"@type":"SearchAction","target":{"@type":"EntryPoint","urlTemplate":"https:\/\/rxmedsplus.com\/?s={search_term_string}"},"query-input":{"@type":"PropertyValueSpecification","valueRequired":true,"valueName":"search_term_string"}}],"inLanguage":"cs"}]},"og_availability":"instock","product_availability":"instock","product_retailer_item_id":"134456","product_condition":"new"},"_links":{"self":[{"href":"https:\/\/rxmedsplus.com\/cs\/wp-json\/wp\/v2\/product\/4317","targetHints":{"allow":["GET"]}}],"collection":[{"href":"https:\/\/rxmedsplus.com\/cs\/wp-json\/wp\/v2\/product"}],"about":[{"href":"https:\/\/rxmedsplus.com\/cs\/wp-json\/wp\/v2\/types\/product"}],"replies":[{"embeddable":true,"href":"https:\/\/rxmedsplus.com\/cs\/wp-json\/wp\/v2\/comments?post=4317"}],"wp:featuredmedia":[{"embeddable":true,"href":"https:\/\/rxmedsplus.com\/cs\/wp-json\/wp\/v2\/media\/4362"}],"wp:attachment":[{"href":"https:\/\/rxmedsplus.com\/cs\/wp-json\/wp\/v2\/media?parent=4317"}],"wp:term":[{"taxonomy":"product_brand","embeddable":true,"href":"https:\/\/rxmedsplus.com\/cs\/wp-json\/wp\/v2\/product_brand?post=4317"},{"taxonomy":"product_cat","embeddable":true,"href":"https:\/\/rxmedsplus.com\/cs\/wp-json\/wp\/v2\/product_cat?post=4317"},{"taxonomy":"product_tag","embeddable":true,"href":"https:\/\/rxmedsplus.com\/cs\/wp-json\/wp\/v2\/product_tag?post=4317"}],"curies":[{"name":"wp","href":"https:\/\/api.w.org\/{rel}","templated":true}]}}