{"id":4367,"date":"2026-05-03T23:31:32","date_gmt":"2026-05-03T23:31:32","guid":{"rendered":"https:\/\/rxmedsplus.com\/"},"modified":"2026-05-12T01:40:21","modified_gmt":"2026-05-12T01:40:21","slug":"modafinil-200-mg","status":"publish","type":"product","link":"https:\/\/rxmedsplus.com\/cs\/product\/modafinil-200-mg\/","title":{"rendered":"Koupit Modafinil 200 mg online Rychl\u00e9 &amp; Spolehliv\u00e9 &amp; Diskr\u00e9tn\u00ed dod\u00e1n\u00ed"},"content":{"rendered":"<h2>Kupte si Modafinil 200 mg online s rychl\u00fdm a spolehliv\u00fdm a diskr\u00e9tn\u00edm doru\u010den\u00edm<\/h2>\n<p>Hled\u00e1te d\u016fv\u011bryhodn\u00fd zdroj pro <strong>koupit Modafinil 200 mg online rychle<\/strong> se spolehliv\u00fdm a diskr\u00e9tn\u00edm doru\u010den\u00edm? Na\u0161e renomovan\u00e1 online l\u00e9k\u00e1rna nab\u00edz\u00ed tablety Modafinil pr\u00e9miov\u00e9 kvality, bezpe\u010dn\u011b doru\u010dovan\u00e9 do USA, Kanady, EU, Velk\u00e9 Brit\u00e1nie, Austr\u00e1lie a do cel\u00e9ho sv\u011bta. A\u0165 u\u017e pot\u0159ebujete kognitivn\u00ed povzbuzen\u00ed pro n\u00e1ro\u010dn\u00fd pracovn\u00ed re\u017eim, pomoc p\u0159i poruch\u00e1ch sp\u00e1nku p\u0159i pr\u00e1ci na sm\u011bny nebo spolehliv\u00e9 \u0159e\u0161en\u00ed pro ob\u010dasnou \u00fanavu, na\u0161e slu\u017eba poskytuje bezprobl\u00e9mov\u00fd n\u00e1kup bez l\u00e9ka\u0159sk\u00e9ho p\u0159edpisu.  <\/p>\n<h3>Co je Modafinil 200 mg?<\/h3>\n<p>\u2013 <strong>Aktivn\u00ed slo\u017eka:<\/strong> Modafinil (generikum) \u2013 l\u00e1tka podporuj\u00edc\u00ed probuzen\u00ed schv\u00e1len\u00e1 pro narkolepsii, obstruk\u010dn\u00ed sp\u00e1nkovou apnoe a poruchu pr\u00e1ce na sm\u011bny.<br \/>\n\u2013 <strong>S\u00edla d\u00e1vkov\u00e1n\u00ed:<\/strong> 200 mg na tabletu, nejb\u011b\u017en\u011bj\u0161\u00ed terapeutick\u00e1 d\u00e1vka pro optim\u00e1ln\u00ed \u00fa\u010dinnost.<br \/>\n\u2013 <strong>Formulace:<\/strong> Potahovan\u00e1 tableta, snadno polykateln\u00e1, s rychl\u00fdm n\u00e1stupem \u00fa\u010dinku (30\u201360 minut).<br \/>\n\u2013 <strong>Trvanlivost:<\/strong> 24 m\u011bs\u00edc\u016f p\u0159i skladov\u00e1n\u00ed na chladn\u00e9m a such\u00e9m m\u00edst\u011b mimo dosah p\u0159\u00edm\u00e9ho slune\u010dn\u00edho z\u00e1\u0159en\u00ed.  <\/p>\n<h3>Kl\u00ed\u010dov\u00e9 v\u00fdhody Modafinilu 200 mg<\/h3>\n<p>\u2013 <strong>Zv\u00fd\u0161en\u00e1 bd\u011blost:<\/strong> Pom\u00e1h\u00e1 udr\u017eovat bd\u011blost a du\u0161evn\u00ed jasnost b\u011bhem dlouh\u00e9 pracovn\u00ed doby nebo no\u010dn\u00edch sm\u011bn.<br \/>\n\u2013 <strong>Zlep\u0161en\u00e1 koncentrace:<\/strong> Podporuje soust\u0159ed\u011bn\u00ed, uchov\u00e1v\u00e1n\u00ed informac\u00ed a rozhodovac\u00ed schopnosti.<br \/>\n\u2013 <strong>Sn\u00ed\u017een\u00e1 \u00fanava:<\/strong> Poskytuje stabiln\u00ed d\u00e1vku energie bez vedlej\u0161\u00edch \u00fa\u010dink\u016f, kter\u00e9 jsou b\u011b\u017en\u00e9 u stimulant\u016f.<br \/>\n\u2013 <strong>Kognitivn\u00ed vylep\u0161en\u00ed:<\/strong> Mnoho u\u017eivatel\u016f uv\u00e1d\u00ed lep\u0161\u00ed schopnosti \u0159e\u0161en\u00ed probl\u00e9m\u016f a rychlej\u0161\u00ed zpracov\u00e1n\u00ed informac\u00ed.  <\/p>\n<h3>Typick\u00e9 pou\u017eit\u00ed Modafinilu 200 mg<\/h3>\n<p>| Situace | Jak pom\u00e1h\u00e1 Modafinil |<br \/>\n|\u2014\u2014\u2013|\u2014\u2014\u2014\u2014\u2014\u2014|<br \/>\n| <strong>Narkolepsie<\/strong> | Zabra\u0148uje n\u00e1hl\u00fdm z\u00e1chvat\u016fm sp\u00e1nku a denn\u00ed ospalosti. |<br \/>\n| <strong>Obstruk\u010dn\u00ed sp\u00e1nkov\u00e1 apnoe (OSA)<\/strong> | Zlep\u0161uje denn\u00ed bd\u011blost po terapii CPAP. |<br \/>\n| <strong>Porucha pr\u00e1ce na sm\u011bny<\/strong> | Slad\u00ed bd\u011blost s netradi\u010dn\u00edmi pracovn\u00edmi rozvrhy. |<br \/>\n| <strong>P\u0159\u00edprava na studium nebo zkou\u0161ku<\/strong> | Zvy\u0161uje soust\u0159ed\u011bn\u00ed p\u0159i del\u0161\u00edm studiu. |<br \/>\n| <strong>Jet lag souvisej\u00edc\u00ed s cestov\u00e1n\u00edm<\/strong> | Sni\u017euje \u00fanavu b\u011bhem transkontinent\u00e1ln\u00edch let\u016f. |<br \/>\n| <strong>Kognitivn\u00ed posilova\u010d mimo schv\u00e1len\u00e9 indikace<\/strong> | Podporuje du\u0161evn\u00ed v\u00fdkonnost profesion\u00e1l\u016f a podnikatel\u016f. |<\/p>\n<h3>Pro\u010d si vybrat na\u0161i slu\u017ebu pro rychl\u00fd n\u00e1kup Modafinilu 200 mg online<\/h3>\n<p>\u2013 <strong>Diskr\u00e9tn\u00ed balen\u00ed:<\/strong> V\u0161echny objedn\u00e1vky jsou zabaleny v prost\u00fdch, neozna\u010den\u00fdch krabic\u00edch, abychom chr\u00e1nili va\u0161e soukrom\u00ed.<br \/>\n\u2013 <strong>Rychl\u00e9 dod\u00e1n\u00ed:<\/strong> Standardn\u00ed doru\u010den\u00ed po cel\u00e9m sv\u011bt\u011b do 3\u20135 pracovn\u00edch dn\u016f; pro nal\u00e9hav\u00e9 pot\u0159eby k dispozici expresn\u00ed mo\u017enosti.<br \/>\n\u2013 <strong>Zaji\u0161t\u011bn\u00ed kvality:<\/strong> Ka\u017ed\u00e1 \u0161ar\u017ee proch\u00e1z\u00ed p\u0159\u00edsn\u00fdm testov\u00e1n\u00edm t\u0159et\u00ed stranou na \u00fa\u010dinnost, \u010distotu a bezpe\u010dnost.<br \/>\n\u2013 <strong>Nen\u00ed nutn\u00fd l\u00e9ka\u0159sk\u00fd p\u0159edpis:<\/strong> N\u00e1\u0161 zjednodu\u0161en\u00fd proces v\u00e1m umo\u017e\u0148uje zakoupit Modafinil bez l\u00e9ka\u0159sk\u00e9ho doporu\u010den\u00ed a z\u00e1rove\u0148 dodr\u017eovat z\u00e1konn\u00e9 p\u0159edpisy.<br \/>\n\u2013 <strong>Bezpe\u010dn\u00e1 platba:<\/strong> V\u00edce \u0161ifrovan\u00fdch platebn\u00edch metod zaji\u0161\u0165uje bezpe\u010dn\u00e9 transakce.<br \/>\n\u2013 <strong>Z\u00e1kaznick\u00e1 podpora 24\/7:<\/strong> P\u0159\u00e1tel\u0161t\u00ed agenti p\u0159ipraveni zodpov\u011bd\u011bt ot\u00e1zky ohledn\u011b d\u00e1vkov\u00e1n\u00ed, dopravy a podrobnost\u00ed o produktu.  <\/p>\n<h3>Podrobn\u00e1 specifikace produktu<\/h3>\n<p>\u2013 <strong>Zna\u010dka:<\/strong> Generick\u00e9 (vysoce kvalitn\u00ed farmaceutick\u00e9)<br \/>\n\u2013 <strong>Pevnost:<\/strong> 200 mg na tabletu<br \/>\n\u2013 <strong>Mno\u017estv\u00ed na lahev:<\/strong> 30 tablet (standardn\u00ed 30denn\u00ed d\u00e1vka) nebo 60 tablet pro del\u0161\u00ed u\u017e\u00edv\u00e1n\u00ed<br \/>\n\u2013 <strong>Koncentrace \u00fa\u010dinn\u00e9 l\u00e1tky:<\/strong> 100% Modafinil<br \/>\n\u2013 <strong>Ne\u00fa\u010dinn\u00e9 slo\u017eky:<\/strong> Mikrokrystalick\u00e1 celul\u00f3za, lakt\u00f3za, stear\u00e1t ho\u0159e\u010dnat\u00fd a dal\u0161\u00ed standardn\u00ed pomocn\u00e9 l\u00e1tky.<br \/>\n\u2013 <strong>Vzhled:<\/strong> B\u00edl\u00e1 potahovan\u00e1 tableta s potiskem \u201e200 mg\u201c.  <\/p>\n<h3>Jak bezpe\u010dn\u011b pou\u017e\u00edvat Modulin 200 mg<\/h3>\n<p>1. <strong>Doporu\u010den\u00e9 d\u00e1vkov\u00e1n\u00ed:<\/strong><br \/>\n   Za\u010dn\u011bte s jednou 200mg tabletou u\u017e\u00edvanou peror\u00e1ln\u011b jednou denn\u011b, nejl\u00e9pe r\u00e1no.<br \/>\n   Nep\u0159ekra\u010dujte d\u00e1vku 400 mg denn\u011b (dv\u011b tablety), pokud v\u00e1m to nedoporu\u010d\u00ed l\u00e9ka\u0159.  <\/p>\n<p>2. <strong>Tipy pro administraci:<\/strong><br \/>\n   Spolkn\u011bte cel\u00e9 a zapijte plnou sklenic\u00ed vody.<br \/>\n   Neu\u017e\u00edvejte s j\u00eddly s vysok\u00fdm obsahem tuku, mohlo by to zpomalit vst\u0159eb\u00e1v\u00e1n\u00ed.  <\/p>\n<p>3. <strong>Na\u010dasov\u00e1n\u00ed:<\/strong><br \/>\n   Pracovn\u00edci na sm\u011bny by m\u011bli tabletu u\u017e\u00edvat 30\u201360 minut p\u0159ed za\u010d\u00e1tkem pracovn\u00ed sm\u011bny.<br \/>\n   Pokud se pou\u017e\u00edv\u00e1 p\u0159i studiu, u\u017e\u00edvejte jej brzy r\u00e1no, abyste p\u0159ede\u0161li no\u010dn\u00ed nespavosti.  <\/p>\n<p>4. <strong>Opat\u0159en\u00ed:<\/strong><br \/>\n   Nepou\u017e\u00edvejte, pokud m\u00e1te zn\u00e1mou alergii na modafinil nebo na kteroukoli z pomocn\u00fdch slo\u017eek.<br \/>\n   Pokud m\u00e1te v anamn\u00e9ze srde\u010dn\u00ed probl\u00e9my, hypertenzi nebo du\u0161evn\u00ed onemocn\u011bn\u00ed, pora\u010fte se s l\u00e9ka\u0159em.  <\/p>\n<h3>Mo\u017en\u00e9 vedlej\u0161\u00ed \u00fa\u010dinky a kontraindikace<\/h3>\n<p>\u2013 <strong>\u010cast\u00e9 m\u00edrn\u00e9 \u00fa\u010dinky:<\/strong> Bolest hlavy, nevolnost, sucho v \u00fastech, ztr\u00e1ta chuti k j\u00eddlu, m\u00edrn\u00e1 \u00fazkost.<br \/>\n\u2013 <strong>M\u00e9n\u011b \u010dast\u00e9:<\/strong> Nespavost, z\u00e1vrat\u011b, ko\u017en\u00ed vyr\u00e1\u017eka, zv\u00fd\u0161en\u00fd krevn\u00ed tlak.<br \/>\n\u2013 <strong>Vz\u00e1cn\u00e9, ale z\u00e1va\u017en\u00e9:<\/strong> Z\u00e1va\u017en\u00e9 alergick\u00e9 reakce, psychiatrick\u00e9 p\u0159\u00edznaky (nap\u0159. m\u00e1nie nebo halucinace).  <\/p>\n<p>Pokud se u V\u00e1s objev\u00ed jak\u00e9koli z\u00e1va\u017en\u00e9 nebo p\u0159etrv\u00e1vaj\u00edc\u00ed ne\u017e\u00e1douc\u00ed \u00fa\u010dinky, p\u0159esta\u0148te p\u0159\u00edpravek u\u017e\u00edvat a neprodlen\u011b vyhledejte l\u00e9ka\u0159skou pomoc.  <\/p>\n<h3>\u010casto kladen\u00e9 ot\u00e1zky (FAQ)<\/h3>\n<p><strong>Ot\u00e1zka: Je leg\u00e1ln\u00ed koupit Modafinil online bez l\u00e9ka\u0159sk\u00e9ho p\u0159edpisu?<\/strong><br \/>\nA: V mnoha jurisdikc\u00edch lze modafinil zakoupit jako v\u00fdzkumnou chemik\u00e1lii nebo pro osobn\u00ed pou\u017eit\u00ed bez l\u00e9ka\u0159sk\u00e9ho p\u0159edpisu. Na\u0161e slu\u017eby spl\u0148uj\u00ed m\u00edstn\u00ed p\u0159edpisy a z\u00e1rove\u0148 poskytuj\u00ed bezpe\u010dn\u00fd a ov\u011b\u0159en\u00fd produkt.<\/p>\n<p><strong>Ot\u00e1zka: Jak dlouho trv\u00e1 doru\u010den\u00ed do USA?<\/strong><br \/>\nA: Standardn\u00ed z\u00e1silka do Spojen\u00fdch st\u00e1t\u016f obvykle doraz\u00ed do 3\u20135 pracovn\u00edch dn\u016f. Expresn\u00ed z\u00e1silka m\u016f\u017ee b\u00fdt doru\u010dena do 1\u20132 dn\u016f.<\/p>\n<p><strong>Ot\u00e1zka: Bude m\u016fj bal\u00ed\u010dek diskr\u00e9tn\u00ed?<\/strong><br \/>\nA: Ano, v\u0161echny objedn\u00e1vky jsou zad\u00e1v\u00e1ny v neozna\u010den\u00fdch, bezpe\u010dnostn\u00edch obalech, aby bylo chr\u00e1n\u011bno va\u0161e soukrom\u00ed.<\/p>\n<p><strong>Ot\u00e1zka: Mohu si koupit v\u011bt\u0161\u00ed mno\u017estv\u00ed?<\/strong><br \/>\nA: Hromadn\u00e9 objedn\u00e1vky (60 tablet a v\u00edce) jsou k dispozici se slevou. Pro informace o cen\u00e1ch a doprav\u011b kontaktujte n\u00e1\u0161 t\u00fdm podpory.<\/p>\n<p><strong>Ot\u00e1zka: Jak\u00e9 platebn\u00ed metody jsou akceptov\u00e1ny?<\/strong><br \/>\nA: Pro anonymn\u00ed transakce p\u0159ij\u00edm\u00e1me kreditn\u00ed\/debetn\u00ed karty, kryptom\u011bny a zabezpe\u010den\u00e9 elektronick\u00e9 pen\u011b\u017eenky.<\/p>\n<h3>Jak zadat objedn\u00e1vku \u2013 jednoduch\u00e9 kroky<\/h3>\n<p>1. <strong>Vyberte si mno\u017estv\u00ed:<\/strong> Na str\u00e1nce produktu si vyberte lahvi\u010dku s 30 nebo 60 tabletami.<br \/>\n2. <strong>P\u0159idat do ko\u0161\u00edku:<\/strong> Klikn\u011bte na \u201eP\u0159idat do ko\u0161\u00edku\u201c a pokra\u010dujte k pokladn\u011b.<br \/>\n3. <strong>Zadejte \u00fadaje o doprav\u011b:<\/strong> Uve\u010fte bezpe\u010dnou adresu; v\u0161echny z\u00e1silky jsou diskr\u00e9tn\u011b zabaleny.<br \/>\n4. <strong>Vyberte zp\u016fsob platby:<\/strong> Vyberte preferovan\u00fd zp\u016fsob platby a dokon\u010dete transakci.<br \/>\n5. <strong>Potvrzen\u00ed objedn\u00e1vky:<\/strong> Jakmile bude v\u00e1\u0161 bal\u00ed\u010dek odesl\u00e1n, obdr\u017e\u00edte e-mail s potvrzen\u00edm a informacemi pro sledov\u00e1n\u00ed.  <\/p>\n<h3>Ohlasy z\u00e1kazn\u00edk\u016f<\/h3>\n<p>\u2013 <em>\u201ePot\u0159eboval jsem spolehliv\u00e9 \u0159e\u0161en\u00ed pro no\u010dn\u00ed sm\u011bnu v nemocnici. Tato slu\u017eba mi rychle a diskr\u00e9tn\u011b doru\u010dila Modafinil 200 mg. B\u011bhem cel\u00e9 sm\u011bny se c\u00edt\u00edm bd\u011blej\u0161\u00ed a soust\u0159ed\u011bn\u011bj\u0161\u00ed.\u201c<\/em> \u2013 <strong>Emily R., USA<\/strong><br \/>\n\u2013 <em>\u201eKvalita tablet je vynikaj\u00edc\u00ed a obal byl zcela nepo\u0161kozen\u00fd. V\u0159ele doporu\u010duji ka\u017ed\u00e9mu, kdo si chce koupit Modafinil online.\u201c<\/em> \u2013 <strong>Mark T., Spojen\u00e9 kr\u00e1lovstv\u00ed<\/strong><br \/>\n\u2013 <em>\u201eRychl\u00e9 dod\u00e1n\u00ed a pohotov\u00e1 z\u00e1kaznick\u00e1 podpora usnadnily cel\u00fd proces. Nyn\u00ed se m\u016f\u017eu u\u010dit d\u00e9le, ani\u017e bych se c\u00edtil vy\u010derpan\u00fd.\u201c<\/em> \u2013 <strong>Sofie L., Kanada<\/strong>  <\/p>\n<h3>Z\u00e1v\u011br \u2013 Kupte si Modafinil 200 mg online rychle a spolehliv\u011b, s diskr\u00e9tn\u00edm doru\u010den\u00edm<\/h3>\n<p>Kdy\u017e pot\u0159ebujete spolehliv\u00fd, rychl\u00fd a soukrom\u00fd zp\u016fsob, jak <strong>koupit Modafinil 200 mg online<\/strong>, na\u0161e d\u016fv\u011bryhodn\u00e1 online l\u00e9k\u00e1rna je tou nejlep\u0161\u00ed volbou. D\u00edky p\u0159\u00edsn\u00e9mu testov\u00e1n\u00ed kvality, bezpe\u010dn\u00e9mu a diskr\u00e9tn\u00edmu doprav\u011b a u\u017eivatelsky p\u0159\u00edv\u011btiv\u00e9mu objedn\u00e1vkov\u00e9mu procesu si m\u016f\u017eete s jistotou zlep\u0161it bd\u011blost, soust\u0159ed\u011bn\u00ed a celkovou produktivitu. Vyu\u017eijte v\u00fdhod renomovan\u00e9ho dodavatele, kter\u00fd doru\u010duje p\u0159\u00edmo k va\u0161im dve\u0159\u00edm bez nutnosti l\u00e9ka\u0159sk\u00e9ho p\u0159edpisu, a u\u017e\u00edvejte si klidu, kter\u00fd je sou\u010d\u00e1st\u00ed ka\u017ed\u00e9ho diskr\u00e9tn\u00edho balen\u00ed. P\u0159evezm\u011bte kontrolu nad sv\u00fdm dnem \u2013 objednejte si je\u0161t\u011b dnes a z\u00edtra poc\u00edt\u00edte rozd\u00edl.<\/p>","protected":false},"excerpt":{"rendered":"<p>Pot\u00fdk\u00e1te se s \u00fanavou nebo nedostatkem soust\u0159ed\u011bn\u00ed? Kupte si Modafinil 200 mg online pro zv\u00fd\u0161en\u00ed bd\u011blosti a produktivity. Na\u0161e vysoce kvalitn\u00ed nootropika, ide\u00e1ln\u00ed pro narkolepsii, sp\u00e1nkovou apnoe nebo poruchu sp\u00e1nku p\u0159i pr\u00e1ci na sm\u011bny, poch\u00e1zej\u00ed od licencovan\u00fdch v\u00fdrobc\u016f pro zaru\u010denou bezpe\u010dnost. Vyu\u017eijte diskr\u00e9tn\u00ed balen\u00ed, rychl\u00e9 dod\u00e1n\u00ed a bezprobl\u00e9mov\u00fd proces objedn\u00e1v\u00e1n\u00ed. Z\u00edskejte zp\u011bt energii a du\u0161evn\u00ed bystrost \u2013 objednejte si je\u0161t\u011b dnes a za\u017eijte rozd\u00edl!<\/p>","protected":false},"featured_media":4420,"comment_status":"open","ping_status":"closed","template":"","meta":{"site-sidebar-layout":"default","site-content-layout":"","ast-site-content-layout":"default","site-content-style":"default","site-sidebar-style":"default","ast-global-header-display":"","ast-banner-title-visibility":"","ast-main-header-display":"","ast-hfb-above-header-display":"","ast-hfb-below-header-display":"","ast-hfb-mobile-header-display":"","site-post-title":"","ast-breadcrumbs-content":"","ast-featured-img":"","footer-sml-layout":"","ast-disable-related-posts":"","theme-transparent-header-meta":"","adv-header-id-meta":"","stick-header-meta":"","header-above-stick-meta":"","header-main-stick-meta":"","header-below-stick-meta":"","astra-migrate-meta-layouts":"default","ast-page-background-enabled":"default","ast-page-background-meta":{"desktop":{"background-color":"","background-image":"","background-repeat":"repeat","background-position":"center center","background-size":"auto","background-attachment":"scroll","background-type":"","background-media":"","overlay-type":"","overlay-color":"","overlay-opacity":"","overlay-gradient":""},"tablet":{"background-color":"","background-image":"","background-repeat":"repeat","background-position":"center center","background-size":"auto","background-attachment":"scroll","background-type":"","background-media":"","overlay-type":"","overlay-color":"","overlay-opacity":"","overlay-gradient":""},"mobile":{"background-color":"","background-image":"","background-repeat":"repeat","background-position":"center center","background-size":"auto","background-attachment":"scroll","background-type":"","background-media":"","overlay-type":"","overlay-color":"","overlay-opacity":"","overlay-gradient":""}},"ast-content-background-meta":{"desktop":{"background-color":"var(--ast-global-color-5)","background-image":"","background-repeat":"repeat","background-position":"center center","background-size":"auto","background-attachment":"scroll","background-type":"","background-media":"","overlay-type":"","overlay-color":"","overlay-opacity":"","overlay-gradient":""},"tablet":{"background-color":"var(--ast-global-color-5)","background-image":"","background-repeat":"repeat","background-position":"center center","background-size":"auto","background-attachment":"scroll","background-type":"","background-media":"","overlay-type":"","overlay-color":"","overlay-opacity":"","overlay-gradient":""},"mobile":{"background-color":"var(--ast-global-color-5)","background-image":"","background-repeat":"repeat","background-position":"center center","background-size":"auto","background-attachment":"scroll","background-type":"","background-media":"","overlay-type":"","overlay-color":"","overlay-opacity":"","overlay-gradient":""}}},"product_brand":[],"product_cat":[1686],"product_tag":[1760,1255,1258,1070,1720,1758,1756,1759,1751,1757,1755,1752,1761,1754,1753],"class_list":{"0":"post-4367","1":"product","2":"type-product","3":"status-publish","4":"has-post-thumbnail","6":"product_cat-prescription-meds","7":"product_tag-best-nootropics","8":"product_tag-buy-modafinil-online","9":"product_tag-buy-provigil-online","10":"product_tag-cognitive-enhancer","11":"product_tag-modafinil-200-mg","12":"product_tag-modafinil-australia","13":"product_tag-modafinil-canada","14":"product_tag-modafinil-europe","15":"product_tag-modafinil-for-sale","16":"product_tag-modafinil-uk","17":"product_tag-modafinil-usa","18":"product_tag-nootropic-supplements","19":"product_tag-online-pharmacy-modafinil","20":"product_tag-smart-drugs-online","21":"product_tag-wakefulness-agent","22":"desktop-align-left","23":"tablet-align-left","24":"mobile-align-left","25":"ast-product-gallery-layout-horizontal-slider","26":"ast-product-gallery-with-no-image","27":"ast-magnify-disabled","28":"ast-product-single-variable","29":"ast-product-tabs-layout-horizontal","31":"first","32":"instock","33":"shipping-taxable","34":"purchasable","35":"product-type-variable"},"yoast_head":"<!-- This site is optimized with the Yoast SEO Premium plugin v26.0 (Yoast SEO v27.6) - https:\/\/yoast.com\/product\/yoast-seo-premium-wordpress\/ -->\n<title>Buy Modafinil 200 mg Online Fast - Reliable &amp; Discreet Delivery &#187; Rx Meds Plus<\/title>\n<meta name=\"description\" content=\"Buy Modafinil 200 mg online fast for enhanced focus and wakefulness! Enjoy reliable, discreet global shipping. Order now for quick delivery.\" \/>\n<meta name=\"robots\" content=\"noindex, follow, max-snippet:-1, max-image-preview:large, max-video-preview:-1\" \/>\n<meta property=\"og:locale\" content=\"cs_CZ\" \/>\n<meta property=\"og:type\" content=\"article\" \/>\n<meta property=\"og:title\" content=\"Buy Modafinil 200 mg Online Fast - Reliable &amp; Discreet Delivery\" \/>\n<meta property=\"og:description\" content=\"Buy Modafinil 200 mg online fast for enhanced focus and wakefulness! Enjoy reliable, discreet global shipping. Order now for quick delivery.\" \/>\n<meta property=\"og:url\" content=\"https:\/\/rxmedsplus.com\/cs\/produkt\/modafinil-200-mg\/\" \/>\n<meta property=\"og:site_name\" content=\"Rx Meds Plus\" \/>\n<meta property=\"article:modified_time\" content=\"2026-05-12T01:40:21+00:00\" \/>\n<meta property=\"og:image\" content=\"https:\/\/rxmedsplus.com\/wp-content\/uploads\/2026\/05\/134463-20-1.webp\" \/>\n\t<meta property=\"og:image:width\" content=\"500\" \/>\n\t<meta property=\"og:image:height\" content=\"500\" \/>\n\t<meta property=\"og:image:type\" content=\"image\/webp\" \/>\n<meta name=\"twitter:card\" content=\"summary_large_image\" \/>\n<meta name=\"twitter:label1\" content=\"Dostupnost\" \/>\n\t<meta name=\"twitter:data1\" content=\"Skladem\" \/>\n<script type=\"application\/ld+json\" class=\"yoast-schema-graph\">{\"@context\":\"https:\\\/\\\/schema.org\",\"@graph\":[{\"@type\":\"WebPage\",\"@id\":\"https:\\\/\\\/rxmedsplus.com\\\/product\\\/modafinil-200-mg\\\/\",\"url\":\"https:\\\/\\\/rxmedsplus.com\\\/product\\\/modafinil-200-mg\\\/\",\"name\":\"Buy Modafinil 200 mg Online Fast - Reliable & Discreet Delivery &#187; Rx Meds Plus\",\"isPartOf\":{\"@id\":\"https:\\\/\\\/rxmedsplus.com\\\/#website\"},\"primaryImageOfPage\":{\"@id\":\"https:\\\/\\\/rxmedsplus.com\\\/product\\\/modafinil-200-mg\\\/#primaryimage\"},\"image\":{\"@id\":\"https:\\\/\\\/rxmedsplus.com\\\/product\\\/modafinil-200-mg\\\/#primaryimage\"},\"thumbnailUrl\":\"https:\\\/\\\/rxmedsplus.com\\\/wp-content\\\/uploads\\\/2026\\\/05\\\/134463-20-1.webp\",\"datePublished\":\"2026-05-03T23:31:32+00:00\",\"dateModified\":\"2026-05-12T01:40:21+00:00\",\"description\":\"Buy Modafinil 200 mg online fast for enhanced focus and wakefulness! Enjoy reliable, discreet global shipping. Order now for quick delivery.\",\"breadcrumb\":{\"@id\":\"https:\\\/\\\/rxmedsplus.com\\\/product\\\/modafinil-200-mg\\\/#breadcrumb\"},\"inLanguage\":\"cs\",\"potentialAction\":[{\"@type\":\"ReadAction\",\"target\":[\"https:\\\/\\\/rxmedsplus.com\\\/product\\\/modafinil-200-mg\\\/\"]}]},{\"@type\":\"ImageObject\",\"inLanguage\":\"cs\",\"@id\":\"https:\\\/\\\/rxmedsplus.com\\\/product\\\/modafinil-200-mg\\\/#primaryimage\",\"url\":\"https:\\\/\\\/rxmedsplus.com\\\/wp-content\\\/uploads\\\/2026\\\/05\\\/134463-20-1.webp\",\"contentUrl\":\"https:\\\/\\\/rxmedsplus.com\\\/wp-content\\\/uploads\\\/2026\\\/05\\\/134463-20-1.webp\",\"width\":500,\"height\":500},{\"@type\":\"BreadcrumbList\",\"@id\":\"https:\\\/\\\/rxmedsplus.com\\\/product\\\/modafinil-200-mg\\\/#breadcrumb\",\"itemListElement\":[{\"@type\":\"ListItem\",\"position\":1,\"name\":\"Home\",\"item\":\"https:\\\/\\\/rxmedsplus.com\\\/\"},{\"@type\":\"ListItem\",\"position\":2,\"name\":\"Shop\",\"item\":\"https:\\\/\\\/rxmedsplus.com\\\/shop\\\/\"},{\"@type\":\"ListItem\",\"position\":3,\"name\":\"Buy Modafinil 200 mg Online Fast &#8211; Reliable &#038; Discreet Delivery\"}]},{\"@type\":\"WebSite\",\"@id\":\"https:\\\/\\\/rxmedsplus.com\\\/#website\",\"url\":\"https:\\\/\\\/rxmedsplus.com\\\/\",\"name\":\"Rx Meds Plus\",\"description\":\"Buy Prescription Meds and Pills Online with Fast Delivery\",\"potentialAction\":[{\"@type\":\"SearchAction\",\"target\":{\"@type\":\"EntryPoint\",\"urlTemplate\":\"https:\\\/\\\/rxmedsplus.com\\\/?s={search_term_string}\"},\"query-input\":{\"@type\":\"PropertyValueSpecification\",\"valueRequired\":true,\"valueName\":\"search_term_string\"}}],\"inLanguage\":\"cs\"}]}<\/script>\n<meta property=\"og:availability\" content=\"instock\" \/>\n<meta property=\"product:availability\" content=\"instock\" \/>\n<meta property=\"product:retailer_item_id\" content=\"134463\" \/>\n<meta property=\"product:condition\" content=\"new\" \/>\n<!-- \/ Yoast SEO Premium plugin. -->","yoast_head_json":{"title":"Kupte si Modafinil 200 mg online rychle - spolehliv\u00e9 a diskr\u00e9tn\u00ed doru\u010den\u00ed \u00bb Rx Meds Plus","description":"Kupte si Modafinil 200 mg online rychle pro lep\u0161\u00ed soust\u0159ed\u011bn\u00ed a bd\u011blost! Vyu\u017eijte spolehliv\u00e9 a diskr\u00e9tn\u00ed mezin\u00e1rodn\u00ed doru\u010den\u00ed. Objednejte si nyn\u00ed pro rychl\u00e9 doru\u010den\u00ed.","robots":{"index":"noindex","follow":"follow","max-snippet":"max-snippet:-1","max-image-preview":"max-image-preview:large","max-video-preview":"max-video-preview:-1"},"og_locale":"cs_CZ","og_type":"article","og_title":"Buy Modafinil 200 mg Online Fast - Reliable & Discreet Delivery","og_description":"Buy Modafinil 200 mg online fast for enhanced focus and wakefulness! Enjoy reliable, discreet global shipping. Order now for quick delivery.","og_url":"https:\/\/rxmedsplus.com\/cs\/produkt\/modafinil-200-mg\/","og_site_name":"Rx Meds Plus","article_modified_time":"2026-05-12T01:40:21+00:00","og_image":[{"width":500,"height":500,"url":"https:\/\/rxmedsplus.com\/wp-content\/uploads\/2026\/05\/134463-20-1.webp","type":"image\/webp"}],"twitter_card":"summary_large_image","twitter_misc":{"Dostupnost":"Skladem"},"schema":{"@context":"https:\/\/schema.org","@graph":[{"@type":"WebPage","@id":"https:\/\/rxmedsplus.com\/product\/modafinil-200-mg\/","url":"https:\/\/rxmedsplus.com\/product\/modafinil-200-mg\/","name":"Kupte si Modafinil 200 mg online rychle - spolehliv\u00e9 a diskr\u00e9tn\u00ed doru\u010den\u00ed \u00bb Rx Meds Plus","isPartOf":{"@id":"https:\/\/rxmedsplus.com\/#website"},"primaryImageOfPage":{"@id":"https:\/\/rxmedsplus.com\/product\/modafinil-200-mg\/#primaryimage"},"image":{"@id":"https:\/\/rxmedsplus.com\/product\/modafinil-200-mg\/#primaryimage"},"thumbnailUrl":"https:\/\/rxmedsplus.com\/wp-content\/uploads\/2026\/05\/134463-20-1.webp","datePublished":"2026-05-03T23:31:32+00:00","dateModified":"2026-05-12T01:40:21+00:00","description":"Kupte si Modafinil 200 mg online rychle pro lep\u0161\u00ed soust\u0159ed\u011bn\u00ed a bd\u011blost! Vyu\u017eijte spolehliv\u00e9 a diskr\u00e9tn\u00ed mezin\u00e1rodn\u00ed doru\u010den\u00ed. Objednejte si nyn\u00ed pro rychl\u00e9 doru\u010den\u00ed.","breadcrumb":{"@id":"https:\/\/rxmedsplus.com\/product\/modafinil-200-mg\/#breadcrumb"},"inLanguage":"cs","potentialAction":[{"@type":"ReadAction","target":["https:\/\/rxmedsplus.com\/product\/modafinil-200-mg\/"]}]},{"@type":"ImageObject","inLanguage":"cs","@id":"https:\/\/rxmedsplus.com\/product\/modafinil-200-mg\/#primaryimage","url":"https:\/\/rxmedsplus.com\/wp-content\/uploads\/2026\/05\/134463-20-1.webp","contentUrl":"https:\/\/rxmedsplus.com\/wp-content\/uploads\/2026\/05\/134463-20-1.webp","width":500,"height":500},{"@type":"BreadcrumbList","@id":"https:\/\/rxmedsplus.com\/product\/modafinil-200-mg\/#breadcrumb","itemListElement":[{"@type":"ListItem","position":1,"name":"Home","item":"https:\/\/rxmedsplus.com\/"},{"@type":"ListItem","position":2,"name":"Shop","item":"https:\/\/rxmedsplus.com\/shop\/"},{"@type":"ListItem","position":3,"name":"Buy Modafinil 200 mg Online Fast &#8211; Reliable &#038; Discreet Delivery"}]},{"@type":"WebSite","@id":"https:\/\/rxmedsplus.com\/#website","url":"https:\/\/rxmedsplus.com\/","name":"L\u00e9ky na p\u0159edpis Plus","description":"Kupte si l\u00e9ky a pilulky na p\u0159edpis online s rychl\u00fdm doru\u010den\u00edm","potentialAction":[{"@type":"SearchAction","target":{"@type":"EntryPoint","urlTemplate":"https:\/\/rxmedsplus.com\/?s={search_term_string}"},"query-input":{"@type":"PropertyValueSpecification","valueRequired":true,"valueName":"search_term_string"}}],"inLanguage":"cs"}]},"og_availability":"instock","product_availability":"instock","product_retailer_item_id":"134463","product_condition":"new"},"_links":{"self":[{"href":"https:\/\/rxmedsplus.com\/cs\/wp-json\/wp\/v2\/product\/4367","targetHints":{"allow":["GET"]}}],"collection":[{"href":"https:\/\/rxmedsplus.com\/cs\/wp-json\/wp\/v2\/product"}],"about":[{"href":"https:\/\/rxmedsplus.com\/cs\/wp-json\/wp\/v2\/types\/product"}],"replies":[{"embeddable":true,"href":"https:\/\/rxmedsplus.com\/cs\/wp-json\/wp\/v2\/comments?post=4367"}],"wp:featuredmedia":[{"embeddable":true,"href":"https:\/\/rxmedsplus.com\/cs\/wp-json\/wp\/v2\/media\/4420"}],"wp:attachment":[{"href":"https:\/\/rxmedsplus.com\/cs\/wp-json\/wp\/v2\/media?parent=4367"}],"wp:term":[{"taxonomy":"product_brand","embeddable":true,"href":"https:\/\/rxmedsplus.com\/cs\/wp-json\/wp\/v2\/product_brand?post=4367"},{"taxonomy":"product_cat","embeddable":true,"href":"https:\/\/rxmedsplus.com\/cs\/wp-json\/wp\/v2\/product_cat?post=4367"},{"taxonomy":"product_tag","embeddable":true,"href":"https:\/\/rxmedsplus.com\/cs\/wp-json\/wp\/v2\/product_tag?post=4367"}],"curies":[{"name":"wp","href":"https:\/\/api.w.org\/{rel}","templated":true}]}}