{"id":2124,"date":"2024-10-24T13:29:56","date_gmt":"2024-10-24T13:29:56","guid":{"rendered":"https:\/\/rxmedsplus.com\/?page_id=2124"},"modified":"2025-09-23T10:42:59","modified_gmt":"2025-09-23T10:42:59","slug":"shipping-and-delivery-policy","status":"publish","type":"page","link":"https:\/\/rxmedsplus.com\/da\/shipping-and-delivery-policy\/","title":{"rendered":"Forsendelse og Levering Politik"},"content":{"rendered":"<div data-elementor-type=\"wp-page\" data-elementor-id=\"2124\" class=\"elementor elementor-2124\">\n\t\t\t\t<div class=\"elementor-element elementor-element-9ae4be0 e-flex e-con-boxed e-con e-parent\" data-id=\"9ae4be0\" data-element_type=\"container\" data-e-type=\"container\">\n\t\t\t\t\t<div class=\"e-con-inner\">\n\t\t<div class=\"elementor-element elementor-element-1e52ba6 e-con-full e-flex e-con e-child\" data-id=\"1e52ba6\" data-element_type=\"container\" data-e-type=\"container\">\n\t\t\t\t<div class=\"elementor-element elementor-element-cbe21a9 elementor-widget elementor-widget-heading\" data-id=\"cbe21a9\" data-element_type=\"widget\" data-e-type=\"widget\" data-widget_type=\"heading.default\">\n\t\t\t\t<div class=\"elementor-widget-container\">\n\t\t\t\t\t<h1 class=\"elementor-heading-title elementor-size-default\">Fragt &amp; Levering Politik<\/h1>\t\t\t\t<\/div>\n\t\t\t\t<\/div>\n\t\t\t\t<\/div>\n\t\t\t\t\t<\/div>\n\t\t\t\t<\/div>\n\t\t<div class=\"elementor-element elementor-element-81bbcf9 e-flex e-con-boxed e-con e-parent\" data-id=\"81bbcf9\" data-element_type=\"container\" data-e-type=\"container\" data-settings=\"{&quot;background_background&quot;:&quot;classic&quot;}\">\n\t\t\t\t\t<div class=\"e-con-inner\">\n\t\t<div class=\"elementor-element elementor-element-feacb1e e-con-full e-flex e-con e-child\" data-id=\"feacb1e\" data-element_type=\"container\" data-e-type=\"container\">\n\t\t\t\t<div class=\"elementor-element elementor-element-9230e6e elementor-widget elementor-widget-text-editor\" data-id=\"9230e6e\" data-element_type=\"widget\" data-e-type=\"widget\" data-widget_type=\"text-editor.default\">\n\t\t\t\t<div class=\"elementor-widget-container\">\n\t\t\t\t\t\t\t\t\t<p>P\u00e5 <strong>Min Underjordiske Meds<\/strong>vi forst\u00e5r vigtigheden af at modtage din medicin, hurtigt og diskret. Det er derfor vi tilbyder <strong>hurtigt<\/strong>, <strong>p\u00e5lidelig<\/strong>og <strong>sikker forsendelse<\/strong> muligheder for at opfylde de behov, vores kunder, b\u00e5de nationalt og internationalt. L\u00e6s venligst gennem vores <strong>Forsendelse og Levering Politik<\/strong> for at forst\u00e5, hvordan vi behandle og levere din ordre.<\/p><h2>1. <strong>Shipping Muligheder og leveringstider<\/strong><\/h2><p>Vi er forpligtet til at yde hurtig og sikker levering af alle ordrer, uanset om du befinder dig i <strong>USA<\/strong>, <strong>Canada<\/strong>eller hvor som helst i verden.<\/p><h3>1.1 <strong>Indenlandsk S\u00f8transport (USA og Canada)<\/strong><\/h3><p>For kunder i den <strong>Usa<\/strong> og <strong>Canada<\/strong>vi tilbyder <strong>samme dag forsendelse<\/strong> alle ordrer, der afgives f\u00f8r vores cut-off tid. Leveringstider kan variere, afh\u00e6ngigt af din placering:<\/p><ul><li><strong>Samme-Dag Levering<\/strong>: Der er tilg\u00e6ngelig for udvalgte steder. Ordrer, der afgives f\u00f8r cut-off-tid vil blive leveret samme dag.<\/li><li><strong>Standard Levering<\/strong>: 1-2 dage, afh\u00e6ngigt af din placering.<\/li><li><strong>Gratis Forsendelse<\/strong>: Til r\u00e5dighed p\u00e5 ordrer over en vis v\u00e6rdi (bel\u00f8b er angivet i kassen).<\/li><\/ul><h3>1.2 <strong>International Fragt<\/strong><\/h3><p>Vi er stolte over at tilbyde <strong>worldwide shipping<\/strong> til <strong>Australien<\/strong>, <strong>det forenede KONGERIGE<\/strong>, <strong>Tyskland<\/strong>, <strong>Frankrig<\/strong>, <strong>EU-lande<\/strong>og mere. Leveringstider for internationale ordrer kan variere baseret p\u00e5 told-behandling og placering:<\/p><ul><li><strong>Standard International Shipping<\/strong>: 3-7 hverdage, afh\u00e6ngigt af destinationen.<\/li><li><strong>Fremskyndet Internationale Forsendelse<\/strong>: 2-5 hverdage (hvis det findes).<\/li><li><strong>Fortoldning<\/strong>: Internationale forsendelser kan v\u00e6re underlagt told-inspektion, hvilket kan forl\u00e6nge leveringstiden.<\/li><\/ul><h3>1.3 <strong>Forsendelse Cut-Off-Tider<\/strong><\/h3><p>Ordrer, der afgives f\u00f8r <strong>12:00 PM PST (Pacific Time (normaltid)<\/strong> p\u00e5 hverdage, vil blive behandlet samme dag. Ordrer, der afgives efter dette tidspunkt, eller i weekender og p\u00e5 helligdage, vil blive behandlet den n\u00e6ste arbejdsdag.<\/p><h2>2. <strong>Forsendelsesomkostninger<\/strong><\/h2><p>Forsendelses omkostninger er beregnet baseret p\u00e5 den shipping valgte metode og destination. Udgifterne til forsendelse, vil blive vist ved kassen, f\u00f8r du gennemf\u00f8rer din ordre.<\/p><ul><li><strong>Indenlandsk Forsendelse<\/strong> (USA og Canada): Priserne starter ved en fast sats, med gratis forsendelse tilbud til ordrer over en vis v\u00e6rdi.<\/li><li><strong>International Fragt<\/strong>: Shipping gebyrer er beregnet baseret p\u00e5 den destination, land og shipping valgte metode. Ekstra gebyrer, kan ans\u00f8ge om hurtig levering.<\/li><\/ul><h2>3. <strong>Diskret Forsendelse.<\/strong><\/h2><p>Dit privatliv er vigtigt for os. Alle ordrer, der er afsendt i <strong>diskret forsendelse.<\/strong> for at beskytte din fortrolighed. Der vil ikke v\u00e6re nogen omtale af indholdet eller navnet p\u00e5 vores apotek p\u00e5 ydersiden af pakken, der sikrer fuld diskretion.<\/p><h2>4. <strong>Bestil Tracking<\/strong><\/h2><p>N\u00e5r din ordre er blevet afsendt, vil du modtage en <strong>tracking-nummer<\/strong> via e-mail, s\u00e5 du kan overv\u00e5ge din forsendelse i real-tid. Du kan spore din ordre direkte p\u00e5 vores hjemmeside eller via courier ' s tracking service.<\/p><ul><li><strong>Indenlandske Tracking<\/strong>: Real-time opdateringer for ordrer i USA og Canada.<\/li><li><strong>Internationale Tracking<\/strong>: Real-time opdateringer for internationale forsendelser. Bem\u00e6rk venligst, at tracking kan variere afh\u00e6ngigt af luftfartsselskabet og toldregler i dit destinationsland.<\/li><\/ul><h2>5. <strong>Told og Afgifter (For Internationale Ordrer)<\/strong><\/h2><p>Internationale forsendelser kan v\u00e6re genstand for <strong>told-inspektion<\/strong>, hvilket kunne resultere i forsinkelser. Du, som k\u00f8ber, er ansvarlig for eventuelle told, skatter, afgifter eller yderligere gebyrer, der p\u00e5l\u00e6gges af dit lands toldmyndigheder kontor. S\u00f8rg for, at du er fortrolig med dit lands import regler for medicin.<\/p><p><strong>Bem\u00e6rk:<\/strong> Min Underjordiske Meds er ikke ansvarlig for eventuelle told problemer eller forsinkelser, der er for\u00e5rsaget af fortoldning processer.<\/p><h2>6. <strong>Mistet eller Forsinket Pakker<\/strong><\/h2><p>Mens vi g\u00f8r alt for at sikre rettidig levering, lejlighedsvis, pakker kan blive forsinket eller g\u00e5et tabt under forsendelsen. Hvis du mener, at din ordre er blevet tabt eller er forsinket, bedes du kontakte vores <strong>kunde support team<\/strong> s\u00e5 hurtigt som muligt.<\/p><ul><li><strong>Tabte Pakker<\/strong>: Hvis din pakke er bekr\u00e6ftet tabt, vil vi tilbyde en <strong>udskiftning<\/strong> eller <strong>fuld refundering<\/strong> som en del af vores <strong>100% leveringsgaranti<\/strong>.<\/li><li><strong>Forsinket Pakker<\/strong>: Forsinkelser kan forekomme p\u00e5 grund af \u00e5rsager uden for vores kontrol, s\u00e5som fortoldning eller kurer sp\u00f8rgsm\u00e5l. Vi vil arbejde med dig for at spore pakken og sikre, at den n\u00e5r frem til dig s\u00e5 hurtigt som muligt.<\/li><\/ul><h2>7. <strong>Levering Sp\u00f8rgsm\u00e5l<\/strong><\/h2><p>Hvis din pakke ankommer beskadiget eller forkerte varer, bedes du kontakte os inden for <strong>48 timer<\/strong> efter modtagelse af din ordre. Vi vil unders\u00f8ge sagen og, hvis det er n\u00f8dvendigt, tilbyder en erstatning eller en refundering.<\/p><ul><li><strong>Beskadigede Pakker<\/strong>: Hvis din pakke er beskadiget under forsendelsen, bedes du give billeder af skaden, og vi vil arbejde med dig for at l\u00f8se problemet straks.<\/li><li><strong>Forkert Ordrer<\/strong>: Hvis du modtager en forkert vare, skal du kontakte os straks, og vi vil s\u00f8rge for en ombytning eller tilbagebetaling.<\/li><\/ul><h2>8. <strong>Uanbringelige Pakker<\/strong><\/h2><p>Hvis din pakke er returneret til os p\u00e5 grund af en <strong>forkert adresse<\/strong> eller fordi det var <strong>uafhentede<\/strong>vi vil kontakte dig for at arrangere reshipping. Eventuelle ekstra forsendelsesomkostninger, der p\u00e5l\u00f8ber for fornyet levering vil v\u00e6re kundens ansvar.<\/p><h2>9. <strong>Hvordan til at Kontakte Os<\/strong><\/h2><p>Hvis du har sp\u00f8rgsm\u00e5l eller bekymringer om din forsendelse eller har brug for hj\u00e6lp med at spore din ordre, bedes du kontakte vores <strong>kunde support team<\/strong>:<\/p><ul><li><strong>E-mail<\/strong>: <a href=\"mailto:sales@rxmedsplus.com\">sales@rxmedsplus.com<\/a><\/li><li><strong>Live Chat<\/strong><\/li><\/ul><p>Vi er forpligtet til at sikre, at din shopping oplevelse med <strong>Min Underjordiske Meds<\/strong> er problemfri, effektiv og tilfredsstillende. Tak fordi du valgte os som din betroede kilde til overkommelige priser, ikke-receptpligtig medicin.<\/p><p>P\u00e5 <strong>Min Underjordiske Meds<\/strong>vi sigter mod at levere hurtig og diskret levering til alle vores kunder, uanset hvor de er i verden. Din tilfredshed er vores prioritet, og vi er her for at hj\u00e6lpe med at sikre, at du modtager din medicin, sikkert og til tiden.<\/p>\t\t\t\t\t\t\t\t<\/div>\n\t\t\t\t<\/div>\n\t\t\t\t<\/div>\n\t\t\t\t\t<\/div>\n\t\t\t\t<\/div>\n\t\t\t\t<\/div>","protected":false},"excerpt":{"rendered":"<p>Shipping &amp; Delivery Policy At Rx Meds Plus, we understand the importance of receiving your medications quickly and discreetly. That\u2019s why we offer fast, reliable, and secure shipping options to meet the needs of our customers, both domestically and internationally. Please read through our Shipping and Delivery Policy to understand how we process and deliver [&hellip;]<\/p>\n","protected":false},"author":1,"featured_media":0,"parent":0,"menu_order":0,"comment_status":"closed","ping_status":"closed","template":"","meta":{"site-sidebar-layout":"no-sidebar","site-content-layout":"page-builder","ast-site-content-layout":"full-width-container","site-content-style":"unboxed","site-sidebar-style":"unboxed","ast-global-header-display":"","ast-banner-title-visibility":"","ast-main-header-display":"","ast-hfb-above-header-display":"","ast-hfb-below-header-display":"","ast-hfb-mobile-header-display":"","site-post-title":"disabled","ast-breadcrumbs-content":"","ast-featured-img":"disabled","footer-sml-layout":"","ast-disable-related-posts":"","theme-transparent-header-meta":"default","adv-header-id-meta":"","stick-header-meta":"","header-above-stick-meta":"","header-main-stick-meta":"","header-below-stick-meta":"","astra-migrate-meta-layouts":"set","ast-page-background-enabled":"default","ast-page-background-meta":{"desktop":{"background-color":"","background-image":"","background-repeat":"repeat","background-position":"center center","background-size":"auto","background-attachment":"scroll","background-type":"","background-media":"","overlay-type":"","overlay-color":"","overlay-opacity":"","overlay-gradient":""},"tablet":{"background-color":"","background-image":"","background-repeat":"repeat","background-position":"center center","background-size":"auto","background-attachment":"scroll","background-type":"","background-media":"","overlay-type":"","overlay-color":"","overlay-opacity":"","overlay-gradient":""},"mobile":{"background-color":"","background-image":"","background-repeat":"repeat","background-position":"center center","background-size":"auto","background-attachment":"scroll","background-type":"","background-media":"","overlay-type":"","overlay-color":"","overlay-opacity":"","overlay-gradient":""}},"ast-content-background-meta":{"desktop":{"background-color":"var(--ast-global-color-5)","background-image":"","background-repeat":"repeat","background-position":"center center","background-size":"auto","background-attachment":"scroll","background-type":"","background-media":"","overlay-type":"","overlay-color":"","overlay-opacity":"","overlay-gradient":""},"tablet":{"background-color":"var(--ast-global-color-5)","background-image":"","background-repeat":"repeat","background-position":"center center","background-size":"auto","background-attachment":"scroll","background-type":"","background-media":"","overlay-type":"","overlay-color":"","overlay-opacity":"","overlay-gradient":""},"mobile":{"background-color":"var(--ast-global-color-5)","background-image":"","background-repeat":"repeat","background-position":"center center","background-size":"auto","background-attachment":"scroll","background-type":"","background-media":"","overlay-type":"","overlay-color":"","overlay-opacity":"","overlay-gradient":""}},"footnotes":""},"class_list":["post-2124","page","type-page","status-publish","hentry"],"yoast_head":"<!-- This site is optimized with the Yoast SEO Premium plugin v26.0 (Yoast SEO v27.4) - https:\/\/yoast.com\/product\/yoast-seo-premium-wordpress\/ -->\n<title>Shipping and Delivery Policy &#187; Rx Meds Plus<\/title>\n<meta name=\"robots\" content=\"noindex, follow\" \/>\n<meta property=\"og:locale\" content=\"da_DK\" \/>\n<meta property=\"og:type\" content=\"article\" \/>\n<meta property=\"og:title\" content=\"Shipping and Delivery Policy\" \/>\n<meta property=\"og:description\" content=\"Shipping &amp; Delivery Policy At Rx Meds Plus, we understand the importance of receiving your medications quickly and discreetly. That\u2019s why we offer fast, reliable, and secure shipping options to meet the needs of our customers, both domestically and internationally. Please read through our Shipping and Delivery Policy to understand how we process and deliver [&hellip;]\" \/>\n<meta property=\"og:url\" content=\"https:\/\/rxmedsplus.com\/da\/shipping-and-delivery-policy\/\" \/>\n<meta property=\"og:site_name\" content=\"Rx Meds Plus\" \/>\n<meta property=\"article:modified_time\" content=\"2025-09-23T10:42:59+00:00\" \/>\n<meta name=\"twitter:card\" content=\"summary_large_image\" \/>\n<meta name=\"twitter:label1\" content=\"Estimeret l\u00e6setid\" \/>\n\t<meta name=\"twitter:data1\" content=\"4 minutter\" \/>\n<script type=\"application\/ld+json\" class=\"yoast-schema-graph\">{\"@context\":\"https:\\\/\\\/schema.org\",\"@graph\":[{\"@type\":\"WebPage\",\"@id\":\"https:\\\/\\\/rxmedsplus.com\\\/shipping-and-delivery-policy\\\/\",\"url\":\"https:\\\/\\\/rxmedsplus.com\\\/shipping-and-delivery-policy\\\/\",\"name\":\"Shipping and Delivery Policy &#187; Rx Meds Plus\",\"isPartOf\":{\"@id\":\"https:\\\/\\\/rxmedsplus.com\\\/#website\"},\"datePublished\":\"2024-10-24T13:29:56+00:00\",\"dateModified\":\"2025-09-23T10:42:59+00:00\",\"breadcrumb\":{\"@id\":\"https:\\\/\\\/rxmedsplus.com\\\/shipping-and-delivery-policy\\\/#breadcrumb\"},\"inLanguage\":\"da-DK\",\"potentialAction\":[{\"@type\":\"ReadAction\",\"target\":[\"https:\\\/\\\/rxmedsplus.com\\\/shipping-and-delivery-policy\\\/\"]}]},{\"@type\":\"BreadcrumbList\",\"@id\":\"https:\\\/\\\/rxmedsplus.com\\\/shipping-and-delivery-policy\\\/#breadcrumb\",\"itemListElement\":[{\"@type\":\"ListItem\",\"position\":1,\"name\":\"Home\",\"item\":\"https:\\\/\\\/rxmedsplus.com\\\/\"},{\"@type\":\"ListItem\",\"position\":2,\"name\":\"Shipping and Delivery Policy\"}]},{\"@type\":\"WebSite\",\"@id\":\"https:\\\/\\\/rxmedsplus.com\\\/#website\",\"url\":\"https:\\\/\\\/rxmedsplus.com\\\/\",\"name\":\"Rx Meds Plus\",\"description\":\"Buy Prescription Meds and Pills Online with Fast Delivery\",\"potentialAction\":[{\"@type\":\"SearchAction\",\"target\":{\"@type\":\"EntryPoint\",\"urlTemplate\":\"https:\\\/\\\/rxmedsplus.com\\\/?s={search_term_string}\"},\"query-input\":{\"@type\":\"PropertyValueSpecification\",\"valueRequired\":true,\"valueName\":\"search_term_string\"}}],\"inLanguage\":\"da-DK\"}]}<\/script>\n<!-- \/ Yoast SEO Premium plugin. -->","yoast_head_json":{"title":"Shipping and Delivery Policy &#187; Rx Meds Plus","robots":{"index":"noindex","follow":"follow"},"og_locale":"da_DK","og_type":"article","og_title":"Shipping and Delivery Policy","og_description":"Shipping &amp; Delivery Policy At Rx Meds Plus, we understand the importance of receiving your medications quickly and discreetly. That\u2019s why we offer fast, reliable, and secure shipping options to meet the needs of our customers, both domestically and internationally. Please read through our Shipping and Delivery Policy to understand how we process and deliver [&hellip;]","og_url":"https:\/\/rxmedsplus.com\/da\/shipping-and-delivery-policy\/","og_site_name":"Rx Meds Plus","article_modified_time":"2025-09-23T10:42:59+00:00","twitter_card":"summary_large_image","twitter_misc":{"Estimeret l\u00e6setid":"4 minutter"},"schema":{"@context":"https:\/\/schema.org","@graph":[{"@type":"WebPage","@id":"https:\/\/rxmedsplus.com\/shipping-and-delivery-policy\/","url":"https:\/\/rxmedsplus.com\/shipping-and-delivery-policy\/","name":"Shipping and Delivery Policy &#187; Rx Meds Plus","isPartOf":{"@id":"https:\/\/rxmedsplus.com\/#website"},"datePublished":"2024-10-24T13:29:56+00:00","dateModified":"2025-09-23T10:42:59+00:00","breadcrumb":{"@id":"https:\/\/rxmedsplus.com\/shipping-and-delivery-policy\/#breadcrumb"},"inLanguage":"da-DK","potentialAction":[{"@type":"ReadAction","target":["https:\/\/rxmedsplus.com\/shipping-and-delivery-policy\/"]}]},{"@type":"BreadcrumbList","@id":"https:\/\/rxmedsplus.com\/shipping-and-delivery-policy\/#breadcrumb","itemListElement":[{"@type":"ListItem","position":1,"name":"Home","item":"https:\/\/rxmedsplus.com\/"},{"@type":"ListItem","position":2,"name":"Shipping and Delivery Policy"}]},{"@type":"WebSite","@id":"https:\/\/rxmedsplus.com\/#website","url":"https:\/\/rxmedsplus.com\/","name":"Min Underjordiske Meds","description":"Buy Prescription Meds and Pills Online with Fast Delivery","potentialAction":[{"@type":"SearchAction","target":{"@type":"EntryPoint","urlTemplate":"https:\/\/rxmedsplus.com\/?s={search_term_string}"},"query-input":{"@type":"PropertyValueSpecification","valueRequired":true,"valueName":"search_term_string"}}],"inLanguage":"da-DK"}]}},"_links":{"self":[{"href":"https:\/\/rxmedsplus.com\/da\/wp-json\/wp\/v2\/pages\/2124","targetHints":{"allow":["GET"]}}],"collection":[{"href":"https:\/\/rxmedsplus.com\/da\/wp-json\/wp\/v2\/pages"}],"about":[{"href":"https:\/\/rxmedsplus.com\/da\/wp-json\/wp\/v2\/types\/page"}],"author":[{"embeddable":true,"href":"https:\/\/rxmedsplus.com\/da\/wp-json\/wp\/v2\/users\/1"}],"replies":[{"embeddable":true,"href":"https:\/\/rxmedsplus.com\/da\/wp-json\/wp\/v2\/comments?post=2124"}],"version-history":[{"count":0,"href":"https:\/\/rxmedsplus.com\/da\/wp-json\/wp\/v2\/pages\/2124\/revisions"}],"wp:attachment":[{"href":"https:\/\/rxmedsplus.com\/da\/wp-json\/wp\/v2\/media?parent=2124"}],"curies":[{"name":"wp","href":"https:\/\/api.w.org\/{rel}","templated":true}]}}