{"id":3683,"date":"2025-09-24T21:56:12","date_gmt":"2025-09-24T21:56:12","guid":{"rendered":"https:\/\/rxmedsplus.com\/?post_type=product&#038;p=3683"},"modified":"2025-09-25T11:02:37","modified_gmt":"2025-09-25T11:02:37","slug":"buy-ritalin-online-2","status":"publish","type":"product","link":"https:\/\/rxmedsplus.com\/da\/product\/buy-ritalin-online-2\/","title":{"rendered":"K\u00f8b Ritalin 10mg Online | Hurtig &amp; Sikker USA Forsendelse"},"content":{"rendered":"<h2>K\u00f8b Ritalin 10mg Online for ADHD \u2013 Behandling- Hurtig &amp; Diskret USA Forsendelse<\/h2>\n<p>Hvis du s\u00f8ger efter en p\u00e5lidelig online-apotek at k\u00f8be Ritalin 10mg online uden en recept, ser ingen yderligere. Vi tilbyder autentiske Ritalin 10mg tabletter, med hurtig og sikker USA forsendelse, sikre hurtig og diskret levering til din hovedd\u00f8r. Som en velrenommeret online medicin leverand\u00f8r, kan vi garantere h\u00f8j kvalitet farmaceutiske produkter til kunder i USA, Canada, EU og i hele verden. Uanset om du har brug for Ritalin for ADHD, ledelse eller kognitive ekstraudstyr, vores nem bestilling proces og p\u00e5lidelig service g\u00f8r os til det foretrukne valg for at k\u00f8be Ritalin online.<\/p>\n<h3>Hvad er Ritalin 10mg &amp; Hvordan Virker Det?<\/h3>\n<p>Ritalin 10mg er en receptpligtig stimulans, der indeholder methylphenidat, som er et centralstimulerende stof, der \u00f8ger fokus, opm\u00e6rksomhed og impulskontrol. Det er prim\u00e6rt brugt til behandling af Opm\u00e6rksomhed Underskud Hyperaktivitet Lidelse (ADHD) og narkolepsi. Ved at p\u00e5virke neurotransmittere i hjernen, Ritalin hj\u00e6lper med at forbedre mental klarhed, koncentration og produktivitet, hvilket g\u00f8r det til en meget efterspurgt medicin for studerende, fagfolk og personer med ADHD.<\/p>\n<h4>Vigtigste Fordele af Ritalin 10mg<\/h4>\n<p>&#8211; <strong>Forbedrer Fokus &amp; Koncentration<\/strong> \u2013 Forbedrer kognitiv pr\u00e6station og opm\u00e6rksomhed span.<br \/>\n&#8211; <strong>Mindsker Hyperaktivitet &amp; Impulsivitet<\/strong> \u2013 Hj\u00e6lper med at styre ADHD symptomer effektivt.<br \/>\n&#8211; <strong>\u00d8ger Mental Energi<\/strong> \u2013 \u00d8ger \u00e5rv\u00e5genhed og reducerer tr\u00e6thed.<br \/>\n&#8211; <strong>Sikker Og Hurtig-Virkende Formel<\/strong> \u2013 Leverer hurtige resultater inden for 30-60 minutters indtagelse.<\/p>\n<h3>Den Anbefalede Dosis &amp; Retningslinjer For Anvendelse<\/h3>\n<p>For begyndere og dem med lav tolerance, en 10mg dosering er ideel. De fleste brugere tag 1-2 tabletter dagligt, afh\u00e6ngigt af medicinsk r\u00e5dgivning eller personlige tolerance. Her er en generel usage guide:<br \/>\n&#8211; <strong>ADHD Behandling:<\/strong> Halvdelen til en tablet (5-10 mg) taget 2-3 gange om dagen efter behov.<br \/>\n&#8211; <strong>Kognitiv Forbedring:<\/strong> En tablet (10 mg) i morgen eller f\u00f8r mentalt kr\u00e6vende opgaver.<\/p>\n<p>Altid starte med en lavere dosis til at vurdere tolerance. Undg\u00e5 at overskride 60 mg i en enkelt dag for at undg\u00e5 bivirkninger.<\/p>\n<h3>Hvorfor K\u00f8be Ritalin 10mg Online fra Os?<\/h3>\n<p>1. <strong>Ingen Recept Er N\u00f8dvendig<\/strong> \u2013 Spring besv\u00e6ret af l\u00e6ge bes\u00f8g og f\u00e5 Ritalin hurtigt og diskret.<br \/>\n2. <strong>\u00c6gtheden Garanteret<\/strong> \u2013 Vi leverer kun \u00e6gte, laboratorie-testet for Ritalin fra p\u00e5lidelige producenter.<br \/>\n3. <strong>Hurtig &amp; Sikker USA Forsendelse<\/strong> Levering inden for 2-5 dage i USA, med tracking og diskret emballage.<br \/>\n4. <strong>Verdensomsp\u00e6ndende Fragt Er Tilg\u00e6ngelig<\/strong> \u2013 Betjener kunder i USA, Canada, EU og globalt.<\/p>\n<h3>Mulige Bivirkninger &amp; Forholdsregler<\/h3>\n<p>Mens Ritalin 10mg er generelt sikre, n\u00e5r de anvendes korrekt, nogle kan opleve milde bivirkninger, herunder:<br \/>\n\u2013 S\u00f8vnl\u00f8shed eller s\u00f8vnforstyrrelser<br \/>\n\u2013 Nedsat appetit<br \/>\n\u2013 Hovedpine eller svimmelhed<br \/>\n\u2013 Lille nerv\u00f8sitet<\/p>\n<p>For at minimere risici, undg\u00e5 alkohol og koffein, mens du bruger Ritalin. Ikke kombinere det med andre stimulanser, uden l\u00e6geligt tilsyn.<\/p>\n<h3>Hvor kan man K\u00f8be Ritalin 10mg Online Sikkert<\/h3>\n<p>At finde en p\u00e5lidelig kilde til at k\u00f8be Ritalin 10mg online, er af afg\u00f8rende betydning. Som en tillid til online-apotek, er vi sikre:<br \/>\n&#8211; <strong>Sikker Betaling Valg<\/strong> \u2013 Flere betalingsmetoder for bekvemmelighed.<br \/>\n&#8211; <strong>100% Diskret Emballage<\/strong> \u2013 Ingen etiketter, der angiver indholdet.<br \/>\n&#8211; <strong>24\/7 Kunde Support<\/strong> \u2013 Bistand ved hvert trin af din bestilling.<\/p>\n<h3>Bestil Din Ritalin 10mg i Dag og Nyd Hurtig levering<\/h3>\n<p>Lad ikke ADHD eller mangel p\u00e5 fokus, holde dig tilbage. K\u00f8b Ritalin 10mg online fra en p\u00e5lidelig leverand\u00f8r og oplevelse bedre mental pr\u00e6station med hurtig og sikker levering. Uanset om du er i USA, Canada eller andre steder i verden, vi leverer hurtigt med garanteret fortrolighed.<\/p>\n<p><strong>Placere din ordre nu, og f\u00e5 din Ritalin 10mg leveres diskret til din hovedd\u00f8r!<\/strong><\/p>","protected":false},"excerpt":{"rendered":"<p>Brug for en hurtig, p\u00e5lidelig l\u00f8sning for ADHD? K\u00f8b Ritalin 10mg online med hurtig, sikker USA ' s shipping\u2014ingen recept p\u00e5kr\u00e6vet. Vores FDA-godkendt Methylphenidat tabletter hj\u00e6lpe med at styre fokus og hyperaktivitet effektivt. Nyd en problemfri k\u00f8b processen og diskret d\u00f8ren levering. V\u00e6lg tillid kvalitet med Omfanget Farmaceutiske Butikken i dag!<\/p>","protected":false},"featured_media":3717,"comment_status":"open","ping_status":"closed","template":"","meta":{"site-sidebar-layout":"default","site-content-layout":"","ast-site-content-layout":"default","site-content-style":"default","site-sidebar-style":"default","ast-global-header-display":"","ast-banner-title-visibility":"","ast-main-header-display":"","ast-hfb-above-header-display":"","ast-hfb-below-header-display":"","ast-hfb-mobile-header-display":"","site-post-title":"","ast-breadcrumbs-content":"","ast-featured-img":"","footer-sml-layout":"","ast-disable-related-posts":"","theme-transparent-header-meta":"default","adv-header-id-meta":"","stick-header-meta":"default","header-above-stick-meta":"","header-main-stick-meta":"","header-below-stick-meta":"","astra-migrate-meta-layouts":"set","ast-page-background-enabled":"default","ast-page-background-meta":{"desktop":{"background-color":"","background-image":"","background-repeat":"repeat","background-position":"center center","background-size":"auto","background-attachment":"scroll","background-type":"","background-media":"","overlay-type":"","overlay-color":"","overlay-opacity":"","overlay-gradient":""},"tablet":{"background-color":"","background-image":"","background-repeat":"repeat","background-position":"center center","background-size":"auto","background-attachment":"scroll","background-type":"","background-media":"","overlay-type":"","overlay-color":"","overlay-opacity":"","overlay-gradient":""},"mobile":{"background-color":"","background-image":"","background-repeat":"repeat","background-position":"center center","background-size":"auto","background-attachment":"scroll","background-type":"","background-media":"","overlay-type":"","overlay-color":"","overlay-opacity":"","overlay-gradient":""}},"ast-content-background-meta":{"desktop":{"background-color":"var(--ast-global-color-5)","background-image":"","background-repeat":"repeat","background-position":"center center","background-size":"auto","background-attachment":"scroll","background-type":"","background-media":"","overlay-type":"","overlay-color":"","overlay-opacity":"","overlay-gradient":""},"tablet":{"background-color":"var(--ast-global-color-5)","background-image":"","background-repeat":"repeat","background-position":"center center","background-size":"auto","background-attachment":"scroll","background-type":"","background-media":"","overlay-type":"","overlay-color":"","overlay-opacity":"","overlay-gradient":""},"mobile":{"background-color":"var(--ast-global-color-5)","background-image":"","background-repeat":"repeat","background-position":"center center","background-size":"auto","background-attachment":"scroll","background-type":"","background-media":"","overlay-type":"","overlay-color":"","overlay-opacity":"","overlay-gradient":""}}},"product_brand":[],"product_cat":[37],"product_tag":[241,247,632,1070,1068,1067,1069,251,1066,1071],"class_list":{"0":"post-3683","1":"product","2":"type-product","3":"status-publish","4":"has-post-thumbnail","6":"product_cat-buy-pain-relief-medication-online","7":"product_tag-adhd-medication","8":"product_tag-adhd-treatment","9":"product_tag-buy-ritalin-online","10":"product_tag-cognitive-enhancer","11":"product_tag-fast-usa-shipping","12":"product_tag-methylphenidate","13":"product_tag-no-prescription-ritalin","14":"product_tag-online-pharmacy","15":"product_tag-ritalin-10mg","16":"product_tag-secure-ritalin-purchase","17":"desktop-align-left","18":"tablet-align-left","19":"mobile-align-left","20":"ast-product-gallery-layout-horizontal-slider","21":"ast-product-gallery-with-no-image","22":"ast-magnify-disabled","23":"ast-product-single-variable","24":"ast-product-tabs-layout-horizontal","26":"first","27":"instock","28":"shipping-taxable","29":"purchasable","30":"product-type-variable"},"yoast_head":"<!-- This site is optimized with the Yoast SEO Premium plugin v26.0 (Yoast SEO v27.4) - https:\/\/yoast.com\/product\/yoast-seo-premium-wordpress\/ -->\n<title>Buy Ritalin 10mg Online | Fast &amp; Secure USA Shipping &#187; Rx Meds Plus<\/title>\n<meta name=\"description\" content=\"Buy Ritalin online for ADHD treatment with fast, secure USA shipping. Get authentic Ritalin 10mg tablets delivered discreetly \u2013 order now!\" \/>\n<meta name=\"robots\" content=\"noindex, follow, max-snippet:-1, max-image-preview:large, max-video-preview:-1\" \/>\n<meta property=\"og:locale\" content=\"da_DK\" \/>\n<meta property=\"og:type\" content=\"article\" \/>\n<meta property=\"og:title\" content=\"Buy Ritalin 10mg Online | Fast &amp; Secure USA Shipping\" \/>\n<meta property=\"og:description\" content=\"Buy Ritalin online for ADHD treatment with fast, secure USA shipping. Get authentic Ritalin 10mg tablets delivered discreetly \u2013 order now!\" \/>\n<meta property=\"og:url\" content=\"https:\/\/rxmedsplus.com\/da\/product\/buy-ritalin-online-2\/\" \/>\n<meta property=\"og:site_name\" content=\"Rx Meds Plus\" \/>\n<meta property=\"article:modified_time\" content=\"2025-09-25T11:02:37+00:00\" \/>\n<meta property=\"og:image\" content=\"https:\/\/mlehknw8zzux.i.optimole.com\/w:450\/h:450\/q:mauto\/f:best\/https:\/\/rxmedsplus.com\/wp-content\/uploads\/2025\/09\/ee33eq2ss.jpg\" \/>\n\t<meta property=\"og:image:width\" content=\"450\" \/>\n\t<meta property=\"og:image:height\" content=\"450\" \/>\n\t<meta property=\"og:image:type\" content=\"image\/jpeg\" \/>\n<meta name=\"twitter:card\" content=\"summary_large_image\" \/>\n<meta name=\"twitter:label1\" content=\"Tilg\u00e6ngelighed\" \/>\n\t<meta name=\"twitter:data1\" content=\"P\u00e5 lager\" \/>\n<script type=\"application\/ld+json\" class=\"yoast-schema-graph\">{\"@context\":\"https:\\\/\\\/schema.org\",\"@graph\":[{\"@type\":\"WebPage\",\"@id\":\"https:\\\/\\\/rxmedsplus.com\\\/product\\\/buy-ritalin-online-2\\\/\",\"url\":\"https:\\\/\\\/rxmedsplus.com\\\/product\\\/buy-ritalin-online-2\\\/\",\"name\":\"Buy Ritalin 10mg Online | Fast & Secure USA Shipping &#187; Rx Meds Plus\",\"isPartOf\":{\"@id\":\"https:\\\/\\\/rxmedsplus.com\\\/#website\"},\"primaryImageOfPage\":{\"@id\":\"https:\\\/\\\/rxmedsplus.com\\\/product\\\/buy-ritalin-online-2\\\/#primaryimage\"},\"image\":{\"@id\":\"https:\\\/\\\/rxmedsplus.com\\\/product\\\/buy-ritalin-online-2\\\/#primaryimage\"},\"thumbnailUrl\":\"https:\\\/\\\/rxmedsplus.com\\\/wp-content\\\/uploads\\\/2025\\\/09\\\/ee33eq2ss.jpg\",\"datePublished\":\"2025-09-24T21:56:12+00:00\",\"dateModified\":\"2025-09-25T11:02:37+00:00\",\"description\":\"Buy Ritalin online for ADHD treatment with fast, secure USA shipping. Get authentic Ritalin 10mg tablets delivered discreetly \u2013 order now!\",\"breadcrumb\":{\"@id\":\"https:\\\/\\\/rxmedsplus.com\\\/product\\\/buy-ritalin-online-2\\\/#breadcrumb\"},\"inLanguage\":\"da-DK\",\"potentialAction\":[{\"@type\":\"ReadAction\",\"target\":[\"https:\\\/\\\/rxmedsplus.com\\\/product\\\/buy-ritalin-online-2\\\/\"]}]},{\"@type\":\"ImageObject\",\"inLanguage\":\"da-DK\",\"@id\":\"https:\\\/\\\/rxmedsplus.com\\\/product\\\/buy-ritalin-online-2\\\/#primaryimage\",\"url\":\"https:\\\/\\\/rxmedsplus.com\\\/wp-content\\\/uploads\\\/2025\\\/09\\\/ee33eq2ss.jpg\",\"contentUrl\":\"https:\\\/\\\/rxmedsplus.com\\\/wp-content\\\/uploads\\\/2025\\\/09\\\/ee33eq2ss.jpg\",\"width\":450,\"height\":450},{\"@type\":\"BreadcrumbList\",\"@id\":\"https:\\\/\\\/rxmedsplus.com\\\/product\\\/buy-ritalin-online-2\\\/#breadcrumb\",\"itemListElement\":[{\"@type\":\"ListItem\",\"position\":1,\"name\":\"Home\",\"item\":\"https:\\\/\\\/rxmedsplus.com\\\/\"},{\"@type\":\"ListItem\",\"position\":2,\"name\":\"Shop\",\"item\":\"https:\\\/\\\/rxmedsplus.com\\\/shop\\\/\"},{\"@type\":\"ListItem\",\"position\":3,\"name\":\"Buy Ritalin 10mg Online | Fast &#038; Secure USA Shipping\"}]},{\"@type\":\"WebSite\",\"@id\":\"https:\\\/\\\/rxmedsplus.com\\\/#website\",\"url\":\"https:\\\/\\\/rxmedsplus.com\\\/\",\"name\":\"Rx Meds Plus\",\"description\":\"Buy Prescription Meds and Pills Online with Fast Delivery\",\"potentialAction\":[{\"@type\":\"SearchAction\",\"target\":{\"@type\":\"EntryPoint\",\"urlTemplate\":\"https:\\\/\\\/rxmedsplus.com\\\/?s={search_term_string}\"},\"query-input\":{\"@type\":\"PropertyValueSpecification\",\"valueRequired\":true,\"valueName\":\"search_term_string\"}}],\"inLanguage\":\"da-DK\"}]}<\/script>\n<meta property=\"og:availability\" content=\"instock\" \/>\n<meta property=\"product:availability\" content=\"instock\" \/>\n<meta property=\"product:retailer_item_id\" content=\"kpWQLnAtfR\" \/>\n<meta property=\"product:condition\" content=\"new\" \/>\n<!-- \/ Yoast SEO Premium plugin. -->","yoast_head_json":{"title":"Buy Ritalin 10mg Online | Fast & Secure USA Shipping &#187; Rx Meds Plus","description":"K\u00f8b Ritalin online for ADHD-behandling med hurtig, sikker USA forsendelse. F\u00e5 autentisk Ritalin 10mg tabletter leveret diskret \u2013 bestil nu!","robots":{"index":"noindex","follow":"follow","max-snippet":"max-snippet:-1","max-image-preview":"max-image-preview:large","max-video-preview":"max-video-preview:-1"},"og_locale":"da_DK","og_type":"article","og_title":"Buy Ritalin 10mg Online | Fast & Secure USA Shipping","og_description":"Buy Ritalin online for ADHD treatment with fast, secure USA shipping. Get authentic Ritalin 10mg tablets delivered discreetly \u2013 order now!","og_url":"https:\/\/rxmedsplus.com\/da\/product\/buy-ritalin-online-2\/","og_site_name":"Rx Meds Plus","article_modified_time":"2025-09-25T11:02:37+00:00","og_image":[{"width":450,"height":450,"url":"https:\/\/mlehknw8zzux.i.optimole.com\/w:450\/h:450\/q:mauto\/f:best\/https:\/\/rxmedsplus.com\/wp-content\/uploads\/2025\/09\/ee33eq2ss.jpg","type":"image\/jpeg"}],"twitter_card":"summary_large_image","twitter_misc":{"Tilg\u00e6ngelighed":"P\u00e5 lager"},"schema":{"@context":"https:\/\/schema.org","@graph":[{"@type":"WebPage","@id":"https:\/\/rxmedsplus.com\/product\/buy-ritalin-online-2\/","url":"https:\/\/rxmedsplus.com\/product\/buy-ritalin-online-2\/","name":"Buy Ritalin 10mg Online | Fast & Secure USA Shipping &#187; Rx Meds Plus","isPartOf":{"@id":"https:\/\/rxmedsplus.com\/#website"},"primaryImageOfPage":{"@id":"https:\/\/rxmedsplus.com\/product\/buy-ritalin-online-2\/#primaryimage"},"image":{"@id":"https:\/\/rxmedsplus.com\/product\/buy-ritalin-online-2\/#primaryimage"},"thumbnailUrl":"https:\/\/rxmedsplus.com\/wp-content\/uploads\/2025\/09\/ee33eq2ss.jpg","datePublished":"2025-09-24T21:56:12+00:00","dateModified":"2025-09-25T11:02:37+00:00","description":"K\u00f8b Ritalin online for ADHD-behandling med hurtig, sikker USA forsendelse. F\u00e5 autentisk Ritalin 10mg tabletter leveret diskret \u2013 bestil nu!","breadcrumb":{"@id":"https:\/\/rxmedsplus.com\/product\/buy-ritalin-online-2\/#breadcrumb"},"inLanguage":"da-DK","potentialAction":[{"@type":"ReadAction","target":["https:\/\/rxmedsplus.com\/product\/buy-ritalin-online-2\/"]}]},{"@type":"ImageObject","inLanguage":"da-DK","@id":"https:\/\/rxmedsplus.com\/product\/buy-ritalin-online-2\/#primaryimage","url":"https:\/\/rxmedsplus.com\/wp-content\/uploads\/2025\/09\/ee33eq2ss.jpg","contentUrl":"https:\/\/rxmedsplus.com\/wp-content\/uploads\/2025\/09\/ee33eq2ss.jpg","width":450,"height":450},{"@type":"BreadcrumbList","@id":"https:\/\/rxmedsplus.com\/product\/buy-ritalin-online-2\/#breadcrumb","itemListElement":[{"@type":"ListItem","position":1,"name":"Home","item":"https:\/\/rxmedsplus.com\/"},{"@type":"ListItem","position":2,"name":"Shop","item":"https:\/\/rxmedsplus.com\/shop\/"},{"@type":"ListItem","position":3,"name":"Buy Ritalin 10mg Online | Fast &#038; Secure USA Shipping"}]},{"@type":"WebSite","@id":"https:\/\/rxmedsplus.com\/#website","url":"https:\/\/rxmedsplus.com\/","name":"Min Underjordiske Meds","description":"Buy Prescription Meds and Pills Online with Fast Delivery","potentialAction":[{"@type":"SearchAction","target":{"@type":"EntryPoint","urlTemplate":"https:\/\/rxmedsplus.com\/?s={search_term_string}"},"query-input":{"@type":"PropertyValueSpecification","valueRequired":true,"valueName":"search_term_string"}}],"inLanguage":"da-DK"}]},"og_availability":"instock","product_availability":"instock","product_retailer_item_id":"kpWQLnAtfR","product_condition":"new"},"_links":{"self":[{"href":"https:\/\/rxmedsplus.com\/da\/wp-json\/wp\/v2\/product\/3683","targetHints":{"allow":["GET"]}}],"collection":[{"href":"https:\/\/rxmedsplus.com\/da\/wp-json\/wp\/v2\/product"}],"about":[{"href":"https:\/\/rxmedsplus.com\/da\/wp-json\/wp\/v2\/types\/product"}],"replies":[{"embeddable":true,"href":"https:\/\/rxmedsplus.com\/da\/wp-json\/wp\/v2\/comments?post=3683"}],"wp:featuredmedia":[{"embeddable":true,"href":"https:\/\/rxmedsplus.com\/da\/wp-json\/wp\/v2\/media\/3717"}],"wp:attachment":[{"href":"https:\/\/rxmedsplus.com\/da\/wp-json\/wp\/v2\/media?parent=3683"}],"wp:term":[{"taxonomy":"product_brand","embeddable":true,"href":"https:\/\/rxmedsplus.com\/da\/wp-json\/wp\/v2\/product_brand?post=3683"},{"taxonomy":"product_cat","embeddable":true,"href":"https:\/\/rxmedsplus.com\/da\/wp-json\/wp\/v2\/product_cat?post=3683"},{"taxonomy":"product_tag","embeddable":true,"href":"https:\/\/rxmedsplus.com\/da\/wp-json\/wp\/v2\/product_tag?post=3683"}],"curies":[{"name":"wp","href":"https:\/\/api.w.org\/{rel}","templated":true}]}}