{"id":4304,"date":"2026-05-03T23:30:24","date_gmt":"2026-05-03T23:30:24","guid":{"rendered":"https:\/\/rxmedsplus.com\/"},"modified":"2026-05-11T00:46:55","modified_gmt":"2026-05-11T00:46:55","slug":"viagra-200mg-online","status":"publish","type":"product","link":"https:\/\/rxmedsplus.com\/da\/product\/viagra-200mg-online\/","title":{"rendered":"Viagra 200mg Til Salg Online \u2013 Hurtig &amp; Diskret Levering"},"content":{"rendered":"<h1>Viagra 200mg Til Salg Online \u2013 Hurtig &amp; Diskret Levering  <\/h1>\n<h2>Kraftfuld l\u00f8sning til forbedret ydeevne  <\/h2>\n<p>N\u00e5r det kommer til at genvinde selvtillid og vitalitet i sovev\u00e6relset, <strong>Viagra 200 mg<\/strong> st\u00e5r som en p\u00e5lidelig l\u00f8sning for m\u00e6nd, der oplever erektil dysfunktion (ED). Vores h\u00f8je dosis giver effektive resultater og sikrer p\u00e5lidelig ydeevne, n\u00e5r du har mest brug for det. <strong>p\u00e5lidelig online s\u00e6lger<\/strong>vi leverer <strong>\u00e6gte Viagra 200mg til salg online<\/strong>, afsendt <strong>hurtigt og diskret<\/strong> til\u8f38\u51fa \u043c\u043d\u043e\u0433\u043e.<\/p>\n<p>Vores diskrete forsendelsesservice sikrer, at dit privatliv er beskyttet i hvert trin. Uanset om du er i USA, Canada, Storbritannien, EU, Australien eller et andet sted i verden, ankommer din ordre sikkert og uden un\u00f8dvendige forsinkelser. Du kan regne med os for en problemfri levering. <strong>oplevelse med online apoteker<\/strong> uden receptpligtig medicin.<\/p>\n<h2>Hvad er Viagra 200 mg?  <\/h2>\n<p><strong>Viagra 200 mg<\/strong> er den st\u00e6rkeste kommercielt tilg\u00e6ngelige dosis af Sildenafil Citrate, hovedingrediensen i verdens mest popul\u00e6re medicin mod ED. Denne version er designet til m\u00e6nd, der har brug for en mere potent opl\u00f8sning, og sikrer hurtigere og l\u00e6ngerevarende virkninger sammenlignet med lavere doser som 25 mg, 50 mg eller 100 mg. <\/p>\n<h3>Vigtige specifikationer  <\/h3>\n<p>\u2013 <strong>Aktiv ingrediens:<\/strong> Sildenafilcitrat 200 mg<br \/>\n\u2013 <strong>Form:<\/strong> Orale tabletter<br \/>\n\u2013 <strong>Fabrikant:<\/strong> Pfizer (eller betroede generiske l\u00e6gemidler)<br \/>\n\u2013 <strong>Effektvarighed:<\/strong> Op til opadg\u00e5ende opretholdelse af varighed og mere effektiv forbedring af blodgennemstr\u00f8mningen. <\/p>\n<h2>Hvordan virker Viagra 200 mg?  <\/h2>\n<p>Viagra 200 mg virker ved <strong>forbedring af blodgennemstr\u00f8mningen<\/strong> til det mandlige k\u00f8nsorgan, hvilket fremmer st\u00e6rke og vedvarende erektioner ved seksuel stimulering. <strong>h\u00f8j dosis<\/strong> sikrer hurtigere virkning \u2013 ofte inden for 30-60 minutter \u2013 samtidig med at virkningen opretholdes i op til fem timer. Dette g\u00f8r den ideel til dem, der har brug for det. <strong>hurtigtvirkende, langvarig pr\u00e6stationsst\u00f8tte<\/strong>.  <\/p>\n<h3>Anbefalet dosering  <\/h3>\n<p>Standarden <strong>Viagra-dosis<\/strong> varierer fra 25 mg til 100 mg, men l\u00e6ger kan <strong>anbefaler 200 mg<\/strong> i tilf\u00e6lde af sv\u00e6r ED eller nedsat respons p\u00e5 lavere styrker. Start altid med en lavere dosis og \u00f8g forsigtigt under vejledning. Undg\u00e5 at overskride 200 mg inden for 24 timer for at forhindre bivirkninger.  <\/p>\n<h2>Fordele ved at v\u00e6lge Viagra 200mg  <\/h2>\n<p>\u2013 <strong>Maksimal styrke:<\/strong> Den st\u00e6rkeste tilg\u00e6ngelige dosis til m\u00e6nd med vedvarende ED.<br \/>\n\u2013 <strong>Udvidet ydeevne:<\/strong> Effekterne varer l\u00e6ngere end ved lavere doser.<br \/>\n\u2013 <strong>Hurtigere virkning:<\/strong> Hurtig absorption betyder mindre ventetid f\u00f8r intimitet.<br \/>\n\u2013 <strong>P\u00e5lidelig formel:<\/strong> Bakket op af kliniske fors\u00f8g og \u00e5rtiers brug.  <\/p>\n<h2>Hvem b\u00f8r tage Viagra 200 mg?  <\/h2>\n<p>Denne h\u00f8jdosismulighed er bedst for m\u00e6nd, der har problemer med <strong>sv\u00e6r erektil dysfunktion<\/strong> som allerede har pr\u00f8vet lavere styrker uden tilstr\u00e6kkelige resultater. Det anbefales ikke til f\u00f8rstegangsbrugere \u2013 start altid med 30mg eller 50mg\uc5d0\uc11c\u521d\u6b21\u4f7f\u7528\u5efa\u8b70\ub0ae\uc740\u5242\u91cf\u6642\u5165\u9010\u6b65\u8abf\u6574<\/p>\n<h3>Potentielle bivirkninger  <\/h3>\n<p>Selvom Viagra 200 mg generelt er sikkert, kan det for\u00e5rsage:<br \/>\nHovedpine<br \/>\nFlushing<br \/>\nFord\u00f8jelsesbesv\u00e6r<br \/>\n*Tilstoppet n\u00e6se<br \/>\n*Let svimmelhed  <\/p>\n<p>S\u00e5danne bivirkninger er normalt midlertidige. Hvis symptomerne forts\u00e6tter, skal du kontakte en l\u00e6ge.<\/p>\n<h2>Hvorfor k\u00f8be Viagra 200mg online hos os?  <\/h2>\n<p>Som en f\u00f8rende leverand\u00f8r af \u00e6gte ED-behandlinger prioriterer vi <strong>kvalitet, privatliv og hastighed<\/strong>Her er hvorfor du b\u00f8r v\u00e6lge os:  <\/p>\n<p>\u2013 <strong>Ingen recept n\u00f8dvendig:<\/strong> Bestil problemfrit uden at bes\u00f8ge en l\u00e6ge.<br \/>\n\u2013 <strong>Hurtig og diskret levering:<\/strong> Fuldt fortrolig emballage p\u00e5 verdensplan.<br \/>\n\u2013 <strong>Gen \uc740\u8ba2 Produktgaranti:<\/strong> Autentisk Viagra eller premium-alternativer.<br \/>\n\u2013 <strong>Global levering:<\/strong> Sender til USA, Canada, Storbritannien, EU, Australien og andre lande.  <\/p>\n<h2>S\u00e5dan bestiller du Viagra 200mg online  <\/h2>\n<p>1. <strong>L\u00e6g i kurv<\/strong>\u2014v\u00e6lg den \u00f8nskede m\u00e6ngde.<br \/>\n2. <strong>Indtast forsendelsesoplysninger<\/strong>\u2014dine oplysninger forbliver private.<br \/>\n3. <strong>Fuldf\u00f8r betaling<\/strong>\u2014sikre transaktioner via p\u00e5lidelige metoder.<br \/>\n4. <strong>Modtag diskret<\/strong>\u2014spor din levering indtil ankomst.  <\/p>\n<p>Vores betalingsproces er hurtig og sikrer, at du f\u00e5r din <strong>Viagra 200mg til salg online<\/strong> med minimal forsinkelse.  <\/p>\n<h2>Ofte Stillede Sp\u00f8rgsm\u00e5l  <\/h2>\n<h3>Er det sikkert at bestille Viagra uden recept?  <\/h3>\n<p>Ja, \uc6b0\ub9ac\u2019une p\u00e5lideligt onlineapotek.  <\/p>\n<h3>Hvad er leveringstiden?  <\/h3>\n<p>De fleste ordrer leveres inden for 3-7 hverdage, afh\u00e6ngigt af destinationen.  <\/p>\n<h3>Tilbyder \ub0a0\uc528 skjult emballage?  <\/h3>\n<p>Absolut \u2013 alle ordrer sendes i almindelige kasser uden identificerende etiketter.  <\/p>\n<h2>Konklusion  <\/h2>\n<p>For m\u00e6nd, der lider af sv\u00e6r erektil dysfunktion, <strong>Viagra 200mg til salg online<\/strong> leverer den st\u00e6rkeste og mest effektive l\u00f8sning, der er tilg\u00e6ngelig. Vores <strong>hurtig og diskret levering<\/strong> sikrer, at du modtager autentisk medicin uden at g\u00e5 p\u00e5 kompromis med privatlivets fred.  <\/p>\n<p>Lad ikke ED holde dig tilbage\u2014<strong>bestil Viagra 200mg i dag<\/strong> og oplev genoprettet selvtillid naturligt. Bestil nu <strong>hurtig levering direkte til din d\u00f8r<\/strong>.<\/p>","protected":false},"excerpt":{"rendered":"<p>**Har du brug for en effektiv l\u00f8sning mod erektil dysfunktion?** K\u00f8b Viagra 200 mg online fra Rx Meds Plus \u2013 en st\u00e6rk Sildenafil-formel designet til m\u00e6nd, der s\u00f8ger intense, langvarige erektioner. Spring over apoteksbesv\u00e6ret med vores hurtige, diskrete levering og konkurrencedygtige priser. Nyd autentisk, receptfri medicin leveret sikkert til din d\u00f8r. Boost pr\u00e6station, selvtillid og udholdenhed \u2013 bestil nu for levering samme dag og privatliv, du kan stole p\u00e5!<\/p>","protected":false},"featured_media":4334,"comment_status":"open","ping_status":"closed","template":"","meta":{"site-sidebar-layout":"default","site-content-layout":"","ast-site-content-layout":"default","site-content-style":"default","site-sidebar-style":"default","ast-global-header-display":"","ast-banner-title-visibility":"","ast-main-header-display":"","ast-hfb-above-header-display":"","ast-hfb-below-header-display":"","ast-hfb-mobile-header-display":"","site-post-title":"","ast-breadcrumbs-content":"","ast-featured-img":"","footer-sml-layout":"","ast-disable-related-posts":"","theme-transparent-header-meta":"","adv-header-id-meta":"","stick-header-meta":"","header-above-stick-meta":"","header-main-stick-meta":"","header-below-stick-meta":"","astra-migrate-meta-layouts":"default","ast-page-background-enabled":"default","ast-page-background-meta":{"desktop":{"background-color":"","background-image":"","background-repeat":"repeat","background-position":"center center","background-size":"auto","background-attachment":"scroll","background-type":"","background-media":"","overlay-type":"","overlay-color":"","overlay-opacity":"","overlay-gradient":""},"tablet":{"background-color":"","background-image":"","background-repeat":"repeat","background-position":"center center","background-size":"auto","background-attachment":"scroll","background-type":"","background-media":"","overlay-type":"","overlay-color":"","overlay-opacity":"","overlay-gradient":""},"mobile":{"background-color":"","background-image":"","background-repeat":"repeat","background-position":"center center","background-size":"auto","background-attachment":"scroll","background-type":"","background-media":"","overlay-type":"","overlay-color":"","overlay-opacity":"","overlay-gradient":""}},"ast-content-background-meta":{"desktop":{"background-color":"var(--ast-global-color-5)","background-image":"","background-repeat":"repeat","background-position":"center center","background-size":"auto","background-attachment":"scroll","background-type":"","background-media":"","overlay-type":"","overlay-color":"","overlay-opacity":"","overlay-gradient":""},"tablet":{"background-color":"var(--ast-global-color-5)","background-image":"","background-repeat":"repeat","background-position":"center center","background-size":"auto","background-attachment":"scroll","background-type":"","background-media":"","overlay-type":"","overlay-color":"","overlay-opacity":"","overlay-gradient":""},"mobile":{"background-color":"var(--ast-global-color-5)","background-image":"","background-repeat":"repeat","background-position":"center center","background-size":"auto","background-attachment":"scroll","background-type":"","background-media":"","overlay-type":"","overlay-color":"","overlay-opacity":"","overlay-gradient":""}}},"product_brand":[],"product_cat":[1684],"product_tag":[2139,966,279,957,956,2138,1265,251,967,1984,958,2137,2136,2140,1271],"class_list":{"0":"post-4304","1":"product","2":"type-product","3":"status-publish","4":"has-post-thumbnail","6":"product_cat-sex-pills","7":"product_tag-best-viagra-dosage","8":"product_tag-buy-viagra-online","9":"product_tag-discreet-shipping","10":"product_tag-ed-medication","11":"product_tag-erectile-dysfunction-treatment","12":"product_tag-fast-delivery-viagra","13":"product_tag-generic-viagra","14":"product_tag-online-pharmacy","15":"product_tag-pfizer-viagra","16":"product_tag-sexual-health","17":"product_tag-sildenafil-citrate","18":"product_tag-strong-viagra-dose","19":"product_tag-viagra-200mg","20":"product_tag-viagra-for-men","21":"product_tag-viagra-without-prescription","22":"desktop-align-left","23":"tablet-align-left","24":"mobile-align-left","25":"ast-product-gallery-layout-horizontal-slider","26":"ast-product-gallery-with-no-image","27":"ast-magnify-disabled","28":"ast-product-single-variable","29":"ast-product-tabs-layout-horizontal","31":"first","32":"instock","33":"shipping-taxable","34":"purchasable","35":"product-type-variable"},"yoast_head":"<!-- This site is optimized with the Yoast SEO Premium plugin v26.0 (Yoast SEO v27.6) - https:\/\/yoast.com\/product\/yoast-seo-premium-wordpress\/ -->\n<title>Viagra 200mg For Sale Online \u2013 Fast &amp; Discreet Delivery &#187; Rx Meds Plus<\/title>\n<meta name=\"description\" content=\"Buy Viagra 200mg online for fast, discreet delivery\u2014powerful ED solution with no prescription needed. Order today for enhanced performance!\" \/>\n<meta name=\"robots\" content=\"noindex, follow, max-snippet:-1, max-image-preview:large, max-video-preview:-1\" \/>\n<meta property=\"og:locale\" content=\"da_DK\" \/>\n<meta property=\"og:type\" content=\"article\" \/>\n<meta property=\"og:title\" content=\"Viagra 200mg For Sale Online \u2013 Fast &amp; Discreet Delivery\" \/>\n<meta property=\"og:description\" content=\"Buy Viagra 200mg online for fast, discreet delivery\u2014powerful ED solution with no prescription needed. Order today for enhanced performance!\" \/>\n<meta property=\"og:url\" content=\"https:\/\/rxmedsplus.com\/da\/product\/viagra-200mg-online\/\" \/>\n<meta property=\"og:site_name\" content=\"Rx Meds Plus\" \/>\n<meta property=\"article:modified_time\" content=\"2026-05-11T00:46:55+00:00\" \/>\n<meta property=\"og:image\" content=\"https:\/\/rxmedsplus.com\/wp-content\/uploads\/2026\/05\/134369-5-1.jpg\" \/>\n\t<meta property=\"og:image:width\" content=\"500\" \/>\n\t<meta property=\"og:image:height\" content=\"500\" \/>\n\t<meta property=\"og:image:type\" content=\"image\/jpeg\" \/>\n<meta name=\"twitter:card\" content=\"summary_large_image\" \/>\n<meta name=\"twitter:label1\" content=\"Tilg\u00e6ngelighed\" \/>\n\t<meta name=\"twitter:data1\" content=\"P\u00e5 lager\" \/>\n<script type=\"application\/ld+json\" class=\"yoast-schema-graph\">{\"@context\":\"https:\\\/\\\/schema.org\",\"@graph\":[{\"@type\":\"WebPage\",\"@id\":\"https:\\\/\\\/rxmedsplus.com\\\/product\\\/viagra-200mg-online\\\/\",\"url\":\"https:\\\/\\\/rxmedsplus.com\\\/product\\\/viagra-200mg-online\\\/\",\"name\":\"Viagra 200mg For Sale Online \u2013 Fast & Discreet Delivery &#187; Rx Meds Plus\",\"isPartOf\":{\"@id\":\"https:\\\/\\\/rxmedsplus.com\\\/#website\"},\"primaryImageOfPage\":{\"@id\":\"https:\\\/\\\/rxmedsplus.com\\\/product\\\/viagra-200mg-online\\\/#primaryimage\"},\"image\":{\"@id\":\"https:\\\/\\\/rxmedsplus.com\\\/product\\\/viagra-200mg-online\\\/#primaryimage\"},\"thumbnailUrl\":\"https:\\\/\\\/rxmedsplus.com\\\/wp-content\\\/uploads\\\/2026\\\/05\\\/134369-5-1.jpg\",\"datePublished\":\"2026-05-03T23:30:24+00:00\",\"dateModified\":\"2026-05-11T00:46:55+00:00\",\"description\":\"Buy Viagra 200mg online for fast, discreet delivery\u2014powerful ED solution with no prescription needed. Order today for enhanced performance!\",\"breadcrumb\":{\"@id\":\"https:\\\/\\\/rxmedsplus.com\\\/product\\\/viagra-200mg-online\\\/#breadcrumb\"},\"inLanguage\":\"da-DK\",\"potentialAction\":[{\"@type\":\"ReadAction\",\"target\":[\"https:\\\/\\\/rxmedsplus.com\\\/product\\\/viagra-200mg-online\\\/\"]}]},{\"@type\":\"ImageObject\",\"inLanguage\":\"da-DK\",\"@id\":\"https:\\\/\\\/rxmedsplus.com\\\/product\\\/viagra-200mg-online\\\/#primaryimage\",\"url\":\"https:\\\/\\\/rxmedsplus.com\\\/wp-content\\\/uploads\\\/2026\\\/05\\\/134369-5-1.jpg\",\"contentUrl\":\"https:\\\/\\\/rxmedsplus.com\\\/wp-content\\\/uploads\\\/2026\\\/05\\\/134369-5-1.jpg\",\"width\":500,\"height\":500},{\"@type\":\"BreadcrumbList\",\"@id\":\"https:\\\/\\\/rxmedsplus.com\\\/product\\\/viagra-200mg-online\\\/#breadcrumb\",\"itemListElement\":[{\"@type\":\"ListItem\",\"position\":1,\"name\":\"Home\",\"item\":\"https:\\\/\\\/rxmedsplus.com\\\/\"},{\"@type\":\"ListItem\",\"position\":2,\"name\":\"Shop\",\"item\":\"https:\\\/\\\/rxmedsplus.com\\\/shop\\\/\"},{\"@type\":\"ListItem\",\"position\":3,\"name\":\"Viagra 200mg For Sale Online \u2013 Fast &#038; Discreet Delivery\"}]},{\"@type\":\"WebSite\",\"@id\":\"https:\\\/\\\/rxmedsplus.com\\\/#website\",\"url\":\"https:\\\/\\\/rxmedsplus.com\\\/\",\"name\":\"Rx Meds Plus\",\"description\":\"Buy Prescription Meds and Pills Online with Fast Delivery\",\"potentialAction\":[{\"@type\":\"SearchAction\",\"target\":{\"@type\":\"EntryPoint\",\"urlTemplate\":\"https:\\\/\\\/rxmedsplus.com\\\/?s={search_term_string}\"},\"query-input\":{\"@type\":\"PropertyValueSpecification\",\"valueRequired\":true,\"valueName\":\"search_term_string\"}}],\"inLanguage\":\"da-DK\"}]}<\/script>\n<meta property=\"og:availability\" content=\"instock\" \/>\n<meta property=\"product:availability\" content=\"instock\" \/>\n<meta property=\"product:retailer_item_id\" content=\"134369\" \/>\n<meta property=\"product:condition\" content=\"new\" \/>\n<!-- \/ Yoast SEO Premium plugin. -->","yoast_head_json":{"title":"Viagra 200mg Til Salg Online \u2013 Hurtig &amp; Diskret Levering \u2013 Rx Meds Plus","description":"K\u00f8b Viagra 200 mg online for hurtig og diskret levering \u2013 en effektiv l\u00f8sning mod ED uden recept. Bestil i dag for forbedret ydeevne!","robots":{"index":"noindex","follow":"follow","max-snippet":"max-snippet:-1","max-image-preview":"max-image-preview:large","max-video-preview":"max-video-preview:-1"},"og_locale":"da_DK","og_type":"article","og_title":"Viagra 200mg For Sale Online \u2013 Fast & Discreet Delivery","og_description":"Buy Viagra 200mg online for fast, discreet delivery\u2014powerful ED solution with no prescription needed. Order today for enhanced performance!","og_url":"https:\/\/rxmedsplus.com\/da\/product\/viagra-200mg-online\/","og_site_name":"Rx Meds Plus","article_modified_time":"2026-05-11T00:46:55+00:00","og_image":[{"width":500,"height":500,"url":"https:\/\/rxmedsplus.com\/wp-content\/uploads\/2026\/05\/134369-5-1.jpg","type":"image\/jpeg"}],"twitter_card":"summary_large_image","twitter_misc":{"Tilg\u00e6ngelighed":"P\u00e5 lager"},"schema":{"@context":"https:\/\/schema.org","@graph":[{"@type":"WebPage","@id":"https:\/\/rxmedsplus.com\/product\/viagra-200mg-online\/","url":"https:\/\/rxmedsplus.com\/product\/viagra-200mg-online\/","name":"Viagra 200mg Til Salg Online \u2013 Hurtig &amp; Diskret Levering \u2013 Rx Meds Plus","isPartOf":{"@id":"https:\/\/rxmedsplus.com\/#website"},"primaryImageOfPage":{"@id":"https:\/\/rxmedsplus.com\/product\/viagra-200mg-online\/#primaryimage"},"image":{"@id":"https:\/\/rxmedsplus.com\/product\/viagra-200mg-online\/#primaryimage"},"thumbnailUrl":"https:\/\/rxmedsplus.com\/wp-content\/uploads\/2026\/05\/134369-5-1.jpg","datePublished":"2026-05-03T23:30:24+00:00","dateModified":"2026-05-11T00:46:55+00:00","description":"K\u00f8b Viagra 200 mg online for hurtig og diskret levering \u2013 en effektiv l\u00f8sning mod ED uden recept. Bestil i dag for forbedret ydeevne!","breadcrumb":{"@id":"https:\/\/rxmedsplus.com\/product\/viagra-200mg-online\/#breadcrumb"},"inLanguage":"da-DK","potentialAction":[{"@type":"ReadAction","target":["https:\/\/rxmedsplus.com\/product\/viagra-200mg-online\/"]}]},{"@type":"ImageObject","inLanguage":"da-DK","@id":"https:\/\/rxmedsplus.com\/product\/viagra-200mg-online\/#primaryimage","url":"https:\/\/rxmedsplus.com\/wp-content\/uploads\/2026\/05\/134369-5-1.jpg","contentUrl":"https:\/\/rxmedsplus.com\/wp-content\/uploads\/2026\/05\/134369-5-1.jpg","width":500,"height":500},{"@type":"BreadcrumbList","@id":"https:\/\/rxmedsplus.com\/product\/viagra-200mg-online\/#breadcrumb","itemListElement":[{"@type":"ListItem","position":1,"name":"Home","item":"https:\/\/rxmedsplus.com\/"},{"@type":"ListItem","position":2,"name":"Shop","item":"https:\/\/rxmedsplus.com\/shop\/"},{"@type":"ListItem","position":3,"name":"Viagra 200mg For Sale Online \u2013 Fast &#038; Discreet Delivery"}]},{"@type":"WebSite","@id":"https:\/\/rxmedsplus.com\/#website","url":"https:\/\/rxmedsplus.com\/","name":"Min Underjordiske Meds","description":"K\u00f8b receptpligtig medicin og piller online med hurtig levering","potentialAction":[{"@type":"SearchAction","target":{"@type":"EntryPoint","urlTemplate":"https:\/\/rxmedsplus.com\/?s={search_term_string}"},"query-input":{"@type":"PropertyValueSpecification","valueRequired":true,"valueName":"search_term_string"}}],"inLanguage":"da-DK"}]},"og_availability":"instock","product_availability":"instock","product_retailer_item_id":"134369","product_condition":"new"},"_links":{"self":[{"href":"https:\/\/rxmedsplus.com\/da\/wp-json\/wp\/v2\/product\/4304","targetHints":{"allow":["GET"]}}],"collection":[{"href":"https:\/\/rxmedsplus.com\/da\/wp-json\/wp\/v2\/product"}],"about":[{"href":"https:\/\/rxmedsplus.com\/da\/wp-json\/wp\/v2\/types\/product"}],"replies":[{"embeddable":true,"href":"https:\/\/rxmedsplus.com\/da\/wp-json\/wp\/v2\/comments?post=4304"}],"wp:featuredmedia":[{"embeddable":true,"href":"https:\/\/rxmedsplus.com\/da\/wp-json\/wp\/v2\/media\/4334"}],"wp:attachment":[{"href":"https:\/\/rxmedsplus.com\/da\/wp-json\/wp\/v2\/media?parent=4304"}],"wp:term":[{"taxonomy":"product_brand","embeddable":true,"href":"https:\/\/rxmedsplus.com\/da\/wp-json\/wp\/v2\/product_brand?post=4304"},{"taxonomy":"product_cat","embeddable":true,"href":"https:\/\/rxmedsplus.com\/da\/wp-json\/wp\/v2\/product_cat?post=4304"},{"taxonomy":"product_tag","embeddable":true,"href":"https:\/\/rxmedsplus.com\/da\/wp-json\/wp\/v2\/product_tag?post=4304"}],"curies":[{"name":"wp","href":"https:\/\/api.w.org\/{rel}","templated":true}]}}