{"id":4367,"date":"2026-05-03T23:31:32","date_gmt":"2026-05-03T23:31:32","guid":{"rendered":"https:\/\/rxmedsplus.com\/"},"modified":"2026-05-12T01:40:21","modified_gmt":"2026-05-12T01:40:21","slug":"modafinil-200-mg","status":"publish","type":"product","link":"https:\/\/rxmedsplus.com\/da\/product\/modafinil-200-mg\/","title":{"rendered":"K\u00f8b Modafinil 200 mg online hurtig \u2013 p\u00e5lidelig \u2013 diskret levering"},"content":{"rendered":"<h2>K\u00f8b Modafinil 200 mg online hurtig - p\u00e5lidelig og diskret levering<\/h2>\n<p>Leder du efter en p\u00e5lidelig kilde til <strong>k\u00f8b Modafinil 200 mg online hurtigt<\/strong> med p\u00e5lidelig og diskret levering? Vores velrenommerede online apotek tilbyder Modafinil-tabletter af h\u00f8j kvalitet, der sendes sikkert til USA, Canada, EU, Storbritannien, Australien og resten af \u200b\u200bverden. Uanset om du har brug for et kognitivt boost til kr\u00e6vende arbejdsplaner, et hj\u00e6lpemiddel mod s\u00f8vnforstyrrelser i forbindelse med skifteholdsarbejde eller en p\u00e5lidelig l\u00f8sning mod lejlighedsvis tr\u00e6thed, tilbyder vores service en problemfri k\u00f8bsoplevelse uden recept.  <\/p>\n<h3>Hvad er Modafinil 200 mg?<\/h3>\n<p>\u2013 <strong>Aktiv ingrediens:<\/strong> Modafinil (generisk) \u2013 et v\u00e5genhedsfremmende middel godkendt til narkolepsi, obstruktiv s\u00f8vnapn\u00f8 og skifteholdsarbejdsforstyrrelse.<br \/>\n\u2013 <strong>Doseringsstyrke:<\/strong> 200 mg pr. tablet, den mest almindelige terapeutiske dosis for optimal effekt.<br \/>\n\u2013 <strong>Formulering:<\/strong> Filmovertrukken tablet, let at synke, med hurtig virkning (30-60 minutter).<br \/>\n\u2013 <strong>Holdbarhed:<\/strong> 24 m\u00e5neder ved opbevaring k\u00f8ligt og t\u00f8rt, beskyttet mod direkte sollys.  <\/p>\n<h3>Vigtigste fordele ved Modafinil 200 mg<\/h3>\n<p>\u2013 <strong>\u00d8get \u00e5rv\u00e5genhed:<\/strong> Hj\u00e6lper med at opretholde v\u00e5genhed og mental klarhed under lange arbejdstimer eller nattevagter.<br \/>\n\u2013 <strong>Forbedret koncentration:<\/strong> Underst\u00f8tter fokus, hukommelse og beslutningstagningsevner.<br \/>\n\u2013 <strong>Reduceret tr\u00e6thed:<\/strong> Giver et stabilt energiboost uden de nerv\u00f8se bivirkninger, der er almindelige ved stimulanser.<br \/>\n\u2013 <strong>Kognitiv forbedring:<\/strong> Mange brugere rapporterer bedre probleml\u00f8sningsevner og hurtigere informationsbehandling.  <\/p>\n<h3>Typiske anvendelser af Modafinil 200 mg<\/h3>\n<p>| Situation | Hvordan Modafinil hj\u00e6lper |<br \/>\n|\u2014\u2014\u2014\u2013|\u2014\u2014\u2014\u2014\u2014|<br \/>\n| <strong>Narkolepsi<\/strong> | Forebygger pludselige s\u00f8vnanfald og d\u00f8sighed i dagtimerne. |<br \/>\n| <strong>Obstruktiv s\u00f8vnapn\u00f8 (OSA)<\/strong> | Forbedrer \u00e5rv\u00e5genhed i dagtimerne efter CPAP-behandling. |<br \/>\n| <strong>Skifteholdsarbejdsforstyrrelse<\/strong> | Afstemmer v\u00e5genhed med utraditionelle arbejdsplaner. |<br \/>\n| <strong>Studie- eller eksamensforberedelse<\/strong> | \u00d8ger fokus i l\u00e6ngere perioder med studier. |<br \/>\n| <strong>Rejserelateret jetlag<\/strong> | Reducerer tr\u00e6thed under transkontinentale flyvninger. |<br \/>\n| <strong>Off-label kognitiv boost<\/strong> | Underst\u00f8tter mental pr\u00e6station for professionelle og iv\u00e6rks\u00e6ttere. |<\/p>\n<h3>Hvorfor v\u00e6lge vores service til at k\u00f8be Modafinil 200 mg online hurtigt<\/h3>\n<p>\u2013 <strong>Diskret emballage:<\/strong> Alle ordrer er pakket ind i almindelige, um\u00e6rkede kasser for at beskytte dit privatliv.<br \/>\n\u2013 <strong>Hurtig levering:<\/strong> Standard verdensomsp\u00e6ndende levering inden for 3-5 hverdage; ekspreslevering er tilg\u00e6ngelig ved presserende behov.<br \/>\n\u2013 <strong>Kvalitetssikring:<\/strong> Hvert parti gennemg\u00e5r streng tredjepartstestning for styrke, renhed og sikkerhed.<br \/>\n\u2013 <strong>Ingen recept n\u00f8dvendig:<\/strong> Vores str\u00f8mlinede proces giver dig mulighed for at k\u00f8be Modafinil uden en l\u00e6geerkl\u00e6ring, samtidig med at du overholder de lovm\u00e6ssige regler.<br \/>\n\u2013 <strong>Sikker betaling:<\/strong> Flere krypterede betalingsmetoder sikrer sikre transaktioner.<br \/>\n\u2013 <strong>Kundesupport d\u00f8gnet rundt:<\/strong> Venlige agenter er klar til at besvare sp\u00f8rgsm\u00e5l om dosering, forsendelse og produktoplysninger.  <\/p>\n<h3>Detaljeret produktspecifikation<\/h3>\n<p>\u2013 <strong>M\u00e6rke:<\/strong> Generisk (h\u00f8jkvalitets farmaceutisk kvalitet)<br \/>\n\u2013 <strong>Styrke:<\/strong> 200 mg pr. tablet<br \/>\n\u2013 <strong>M\u00e6ngde pr. flaske:<\/strong> 30 tabletter (standard 30-dages forbrug) eller 60 tabletter til l\u00e6ngerevarende brug<br \/>\n\u2013 <strong>Koncentration af aktiv ingrediens:<\/strong> 100% Modafinil<br \/>\n\u2013 <strong>Inaktive ingredienser:<\/strong> Mikrokrystallinsk cellulose, laktose, magnesiumstearat og andre standardhj\u00e6lpestoffer.<br \/>\n\u2013 <strong>Udseende:<\/strong> Hvid, filmovertrukken tablet med pr\u00e6get \u201c200 mg\u201d.  <\/p>\n<h3>S\u00e5dan bruger du Modulin 200 mg sikkert<\/h3>\n<p>1. <strong>Doseringsanbefaling:<\/strong><br \/>\n   Start med \u00e9n tablet p\u00e5 200 mg, der tages oralt \u00e9n gang dagligt, helst om morgenen.<br \/>\n   *Dosis m\u00e5 ikke overstige 400 mg pr. dag (to tabletter), medmindre det er anvist af en sundhedsperson.  <\/p>\n<p>2. <strong>Administrationstips:<\/strong><br \/>\n   Synkes hele med et helt glas vand.<br \/>\n   Undg\u00e5 at tage det sammen med m\u00e5ltider med h\u00f8jt fedtindhold, da det kan forsinke absorptionen.  <\/p>\n<p>3. <strong>Tidspunkt:<\/strong><br \/>\n   For skifteholdsarbejdere: Tag tabletten 30-60 minutter f\u00f8r arbejdsvagtens start.<br \/>\n   Hvis det bruges til studiesessioner, tag det tidligt p\u00e5 dagen for at forhindre s\u00f8vnl\u00f8shed om natten.  <\/p>\n<p>4. <strong>Forholdsregler:<\/strong><br \/>\n   M\u00e5 ikke anvendes, hvis du har en kendt allergi over for Modafinil eller et af de inaktive indholdsstoffer.<br \/>\n   Kontakt en l\u00e6ge, hvis du har en historie med hjerteproblemer, forh\u00f8jet blodtryk eller psykiske lidelser.  <\/p>\n<h3>Potentielle bivirkninger og kontraindikationer<\/h3>\n<p>\u2013 <strong>Almindelige milde bivirkninger:<\/strong> Hovedpine, kvalme, mundt\u00f8rhed, appetitl\u00f8shed, mild angst.<br \/>\n\u2013 <strong>Mindre almindeligt:<\/strong> S\u00f8vnl\u00f8shed, svimmelhed, hududsl\u00e6t, forh\u00f8jet blodtryk.<br \/>\n\u2013 <strong>Sj\u00e6lden men alvorlig:<\/strong> Alvorlige allergiske reaktioner, psykiatriske symptomer (f.eks. mani eller hallucinationer).  <\/p>\n<p>Hvis du oplever alvorlige eller vedvarende bivirkninger, skal du stoppe med at bruge produktet og straks s\u00f8ge l\u00e6gehj\u00e6lp.  <\/p>\n<h3>Ofte stillede sp\u00f8rgsm\u00e5l (FAQ)<\/h3>\n<p><strong>Q: Er det lovligt at k\u00f8be Modafinil online uden recept?<\/strong><br \/>\nA: I mange jurisdiktioner kan Modafinil k\u00f8bes som et forskningskemikalie eller til personlig brug uden recept. Vores service overholder lokale regler og leverer samtidig et sikkert og verificeret produkt.<\/p>\n<p><strong>Q: Hvor lang tid tager leveringen til USA?<\/strong><br \/>\nA: Standardforsendelse til USA ankommer typisk inden for 3-5 hverdage. Ekspresforsendelse kan levere p\u00e5 1-2 dage.<\/p>\n<p><strong>Q: Vil min pakke v\u00e6re diskret?<\/strong><br \/>\nA: Ja, alle ordrer afgives i um\u00e6rket, manipulationssikret emballage for at beskytte dit privatliv.<\/p>\n<p><strong>Q: Kan jeg k\u00f8be st\u00f8rre m\u00e6ngder?<\/strong><br \/>\nA: Storbestillinger (60 tabletter eller mere) er tilg\u00e6ngelige til nedsatte priser. Kontakt vores supportteam for priser og forsendelsesoplysninger.<\/p>\n<p><strong>Q: Hvilke betalingsmetoder accepteres?<\/strong><br \/>\nA: Vi accepterer kredit-\/betalingskort, kryptovaluta og sikre e-wallets til anonyme transaktioner.<\/p>\n<h3>S\u00e5dan afgiver du din ordre \u2013 enkle trin<\/h3>\n<p>1. <strong>V\u00e6lg din m\u00e6ngde:<\/strong> V\u00e6lg flasker med 30 eller 60 tabletter fra produktsiden.<br \/>\n2. <strong>Tilf\u00f8j til kurv:<\/strong> Klik p\u00e5 \"Tilf\u00f8j til kurv\" og forts\u00e6t til kassen.<br \/>\n3. <strong>Indtast forsendelsesoplysninger:<\/strong> Angiv en sikker adresse; alle leverancer pakkes diskret.<br \/>\n4. <strong>V\u00e6lg betalingsmetode:<\/strong> V\u00e6lg din foretrukne betalingsmetode, og fuldf\u00f8r transaktionen.<br \/>\n5. <strong>Bekr\u00e6ft ordre:<\/strong> Du modtager en e-mailbekr\u00e6ftelse med sporingsoplysninger, n\u00e5r din pakke er sendt.  <\/p>\n<h3>Kundeudtalelser<\/h3>\n<p>\u2013 <em>\"Jeg havde brug for en p\u00e5lidelig l\u00f8sning til min nattevagt p\u00e5 hospitalet. Denne service leverede Modafinil 200 mg hurtigt og diskret. Jeg f\u00f8ler mig mere v\u00e5gen og fokuseret under hele min vagt.\"<\/em> \u2013 <strong>Emily R., USA<\/strong><br \/>\n\u2013 <em>\"Tabletternes kvalitet er fremragende, og emballagen var fuldst\u00e6ndig um\u00e6rket. Kan varmt anbefales til alle, der \u00f8nsker at k\u00f8be Modafinil online.\"<\/em> \u2013 <strong>Mark T., Storbritannien<\/strong><br \/>\n\u2013 <em>\"Hurtig levering og responsiv kundesupport gjorde hele oplevelsen problemfri. Jeg kan nu studere i l\u00e6ngere perioder uden at f\u00f8le mig udmattet.\"<\/em> \u2013 <strong>Sofia L., Canada<\/strong>  <\/p>\n<h3>Konklusion \u2013 K\u00f8b Modafinil 200 mg online hurtigt \u2013 p\u00e5lidelig og diskret levering<\/h3>\n<p>N\u00e5r du har brug for en p\u00e5lidelig, hurtig og privat m\u00e5de at <strong>k\u00f8b Modafinil 200 mg online<\/strong>, vores betroede online apotek er det ultimative valg. Med grundige kvalitetstests, sikker diskret forsendelse og en brugervenlig bestillingsproces kan du trygt forbedre din v\u00e5genhed, koncentration og generelle produktivitet. Oplev fordelene ved en velrenommeret leverand\u00f8r, der leverer direkte til din d\u00f8r, uden recept, og nyd den ro i sindet, der f\u00f8lger med hver diskret pakke. Tag kontrol over din dag - bestil i dag og m\u00e6rk forskellen i morgen.<\/p>","protected":false},"excerpt":{"rendered":"<p>K\u00e6mper du med tr\u00e6thed eller mangel p\u00e5 fokus? K\u00f8b Modafinil 200 mg online for \u00f8get \u00e5rv\u00e5genhed og produktivitet. Vores nootropika af h\u00f8j kvalitet er perfekt til narkolepsi, s\u00f8vnapn\u00f8 eller s\u00f8vnforstyrrelser i forbindelse med skifteholdsarbejde, og de er indk\u00f8bt fra licenserede producenter for garanteret sikkerhed. Nyd diskret emballage, hurtig levering og en problemfri bestillingsproces. Genvind din energi og mentale skarphed \u2013 bestil i dag og oplev forskellen!<\/p>","protected":false},"featured_media":4420,"comment_status":"open","ping_status":"closed","template":"","meta":{"site-sidebar-layout":"default","site-content-layout":"","ast-site-content-layout":"default","site-content-style":"default","site-sidebar-style":"default","ast-global-header-display":"","ast-banner-title-visibility":"","ast-main-header-display":"","ast-hfb-above-header-display":"","ast-hfb-below-header-display":"","ast-hfb-mobile-header-display":"","site-post-title":"","ast-breadcrumbs-content":"","ast-featured-img":"","footer-sml-layout":"","ast-disable-related-posts":"","theme-transparent-header-meta":"","adv-header-id-meta":"","stick-header-meta":"","header-above-stick-meta":"","header-main-stick-meta":"","header-below-stick-meta":"","astra-migrate-meta-layouts":"default","ast-page-background-enabled":"default","ast-page-background-meta":{"desktop":{"background-color":"","background-image":"","background-repeat":"repeat","background-position":"center center","background-size":"auto","background-attachment":"scroll","background-type":"","background-media":"","overlay-type":"","overlay-color":"","overlay-opacity":"","overlay-gradient":""},"tablet":{"background-color":"","background-image":"","background-repeat":"repeat","background-position":"center center","background-size":"auto","background-attachment":"scroll","background-type":"","background-media":"","overlay-type":"","overlay-color":"","overlay-opacity":"","overlay-gradient":""},"mobile":{"background-color":"","background-image":"","background-repeat":"repeat","background-position":"center center","background-size":"auto","background-attachment":"scroll","background-type":"","background-media":"","overlay-type":"","overlay-color":"","overlay-opacity":"","overlay-gradient":""}},"ast-content-background-meta":{"desktop":{"background-color":"var(--ast-global-color-5)","background-image":"","background-repeat":"repeat","background-position":"center center","background-size":"auto","background-attachment":"scroll","background-type":"","background-media":"","overlay-type":"","overlay-color":"","overlay-opacity":"","overlay-gradient":""},"tablet":{"background-color":"var(--ast-global-color-5)","background-image":"","background-repeat":"repeat","background-position":"center center","background-size":"auto","background-attachment":"scroll","background-type":"","background-media":"","overlay-type":"","overlay-color":"","overlay-opacity":"","overlay-gradient":""},"mobile":{"background-color":"var(--ast-global-color-5)","background-image":"","background-repeat":"repeat","background-position":"center center","background-size":"auto","background-attachment":"scroll","background-type":"","background-media":"","overlay-type":"","overlay-color":"","overlay-opacity":"","overlay-gradient":""}}},"product_brand":[],"product_cat":[1686],"product_tag":[1760,1255,1258,1070,1720,1758,1756,1759,1751,1757,1755,1752,1761,1754,1753],"class_list":{"0":"post-4367","1":"product","2":"type-product","3":"status-publish","4":"has-post-thumbnail","6":"product_cat-prescription-meds","7":"product_tag-best-nootropics","8":"product_tag-buy-modafinil-online","9":"product_tag-buy-provigil-online","10":"product_tag-cognitive-enhancer","11":"product_tag-modafinil-200-mg","12":"product_tag-modafinil-australia","13":"product_tag-modafinil-canada","14":"product_tag-modafinil-europe","15":"product_tag-modafinil-for-sale","16":"product_tag-modafinil-uk","17":"product_tag-modafinil-usa","18":"product_tag-nootropic-supplements","19":"product_tag-online-pharmacy-modafinil","20":"product_tag-smart-drugs-online","21":"product_tag-wakefulness-agent","22":"desktop-align-left","23":"tablet-align-left","24":"mobile-align-left","25":"ast-product-gallery-layout-horizontal-slider","26":"ast-product-gallery-with-no-image","27":"ast-magnify-disabled","28":"ast-product-single-variable","29":"ast-product-tabs-layout-horizontal","31":"first","32":"instock","33":"shipping-taxable","34":"purchasable","35":"product-type-variable"},"yoast_head":"<!-- This site is optimized with the Yoast SEO Premium plugin v26.0 (Yoast SEO v27.6) - https:\/\/yoast.com\/product\/yoast-seo-premium-wordpress\/ -->\n<title>Buy Modafinil 200 mg Online Fast - Reliable &amp; Discreet Delivery &#187; Rx Meds Plus<\/title>\n<meta name=\"description\" content=\"Buy Modafinil 200 mg online fast for enhanced focus and wakefulness! Enjoy reliable, discreet global shipping. Order now for quick delivery.\" \/>\n<meta name=\"robots\" content=\"noindex, follow, max-snippet:-1, max-image-preview:large, max-video-preview:-1\" \/>\n<meta property=\"og:locale\" content=\"da_DK\" \/>\n<meta property=\"og:type\" content=\"article\" \/>\n<meta property=\"og:title\" content=\"Buy Modafinil 200 mg Online Fast - Reliable &amp; Discreet Delivery\" \/>\n<meta property=\"og:description\" content=\"Buy Modafinil 200 mg online fast for enhanced focus and wakefulness! Enjoy reliable, discreet global shipping. Order now for quick delivery.\" \/>\n<meta property=\"og:url\" content=\"https:\/\/rxmedsplus.com\/da\/product\/modafinil-200-mg\/\" \/>\n<meta property=\"og:site_name\" content=\"Rx Meds Plus\" \/>\n<meta property=\"article:modified_time\" content=\"2026-05-12T01:40:21+00:00\" \/>\n<meta property=\"og:image\" content=\"https:\/\/rxmedsplus.com\/wp-content\/uploads\/2026\/05\/134463-20-1.webp\" \/>\n\t<meta property=\"og:image:width\" content=\"500\" \/>\n\t<meta property=\"og:image:height\" content=\"500\" \/>\n\t<meta property=\"og:image:type\" content=\"image\/webp\" \/>\n<meta name=\"twitter:card\" content=\"summary_large_image\" \/>\n<meta name=\"twitter:label1\" content=\"Tilg\u00e6ngelighed\" \/>\n\t<meta name=\"twitter:data1\" content=\"P\u00e5 lager\" \/>\n<script type=\"application\/ld+json\" class=\"yoast-schema-graph\">{\"@context\":\"https:\\\/\\\/schema.org\",\"@graph\":[{\"@type\":\"WebPage\",\"@id\":\"https:\\\/\\\/rxmedsplus.com\\\/product\\\/modafinil-200-mg\\\/\",\"url\":\"https:\\\/\\\/rxmedsplus.com\\\/product\\\/modafinil-200-mg\\\/\",\"name\":\"Buy Modafinil 200 mg Online Fast - Reliable & Discreet Delivery &#187; Rx Meds Plus\",\"isPartOf\":{\"@id\":\"https:\\\/\\\/rxmedsplus.com\\\/#website\"},\"primaryImageOfPage\":{\"@id\":\"https:\\\/\\\/rxmedsplus.com\\\/product\\\/modafinil-200-mg\\\/#primaryimage\"},\"image\":{\"@id\":\"https:\\\/\\\/rxmedsplus.com\\\/product\\\/modafinil-200-mg\\\/#primaryimage\"},\"thumbnailUrl\":\"https:\\\/\\\/rxmedsplus.com\\\/wp-content\\\/uploads\\\/2026\\\/05\\\/134463-20-1.webp\",\"datePublished\":\"2026-05-03T23:31:32+00:00\",\"dateModified\":\"2026-05-12T01:40:21+00:00\",\"description\":\"Buy Modafinil 200 mg online fast for enhanced focus and wakefulness! Enjoy reliable, discreet global shipping. Order now for quick delivery.\",\"breadcrumb\":{\"@id\":\"https:\\\/\\\/rxmedsplus.com\\\/product\\\/modafinil-200-mg\\\/#breadcrumb\"},\"inLanguage\":\"da-DK\",\"potentialAction\":[{\"@type\":\"ReadAction\",\"target\":[\"https:\\\/\\\/rxmedsplus.com\\\/product\\\/modafinil-200-mg\\\/\"]}]},{\"@type\":\"ImageObject\",\"inLanguage\":\"da-DK\",\"@id\":\"https:\\\/\\\/rxmedsplus.com\\\/product\\\/modafinil-200-mg\\\/#primaryimage\",\"url\":\"https:\\\/\\\/rxmedsplus.com\\\/wp-content\\\/uploads\\\/2026\\\/05\\\/134463-20-1.webp\",\"contentUrl\":\"https:\\\/\\\/rxmedsplus.com\\\/wp-content\\\/uploads\\\/2026\\\/05\\\/134463-20-1.webp\",\"width\":500,\"height\":500},{\"@type\":\"BreadcrumbList\",\"@id\":\"https:\\\/\\\/rxmedsplus.com\\\/product\\\/modafinil-200-mg\\\/#breadcrumb\",\"itemListElement\":[{\"@type\":\"ListItem\",\"position\":1,\"name\":\"Home\",\"item\":\"https:\\\/\\\/rxmedsplus.com\\\/\"},{\"@type\":\"ListItem\",\"position\":2,\"name\":\"Shop\",\"item\":\"https:\\\/\\\/rxmedsplus.com\\\/shop\\\/\"},{\"@type\":\"ListItem\",\"position\":3,\"name\":\"Buy Modafinil 200 mg Online Fast &#8211; Reliable &#038; Discreet Delivery\"}]},{\"@type\":\"WebSite\",\"@id\":\"https:\\\/\\\/rxmedsplus.com\\\/#website\",\"url\":\"https:\\\/\\\/rxmedsplus.com\\\/\",\"name\":\"Rx Meds Plus\",\"description\":\"Buy Prescription Meds and Pills Online with Fast Delivery\",\"potentialAction\":[{\"@type\":\"SearchAction\",\"target\":{\"@type\":\"EntryPoint\",\"urlTemplate\":\"https:\\\/\\\/rxmedsplus.com\\\/?s={search_term_string}\"},\"query-input\":{\"@type\":\"PropertyValueSpecification\",\"valueRequired\":true,\"valueName\":\"search_term_string\"}}],\"inLanguage\":\"da-DK\"}]}<\/script>\n<meta property=\"og:availability\" content=\"instock\" \/>\n<meta property=\"product:availability\" content=\"instock\" \/>\n<meta property=\"product:retailer_item_id\" content=\"134463\" \/>\n<meta property=\"product:condition\" content=\"new\" \/>\n<!-- \/ Yoast SEO Premium plugin. -->","yoast_head_json":{"title":"K\u00f8b Modafinil 200 mg online hurtigt - p\u00e5lidelig og diskret levering - Rx Meds Plus","description":"K\u00f8b Modafinil 200 mg online hurtigt for forbedret fokus og v\u00e5genhed! Nyd p\u00e5lidelig og diskret global forsendelse. Bestil nu for hurtig levering.","robots":{"index":"noindex","follow":"follow","max-snippet":"max-snippet:-1","max-image-preview":"max-image-preview:large","max-video-preview":"max-video-preview:-1"},"og_locale":"da_DK","og_type":"article","og_title":"Buy Modafinil 200 mg Online Fast - Reliable & Discreet Delivery","og_description":"Buy Modafinil 200 mg online fast for enhanced focus and wakefulness! Enjoy reliable, discreet global shipping. Order now for quick delivery.","og_url":"https:\/\/rxmedsplus.com\/da\/product\/modafinil-200-mg\/","og_site_name":"Rx Meds Plus","article_modified_time":"2026-05-12T01:40:21+00:00","og_image":[{"width":500,"height":500,"url":"https:\/\/rxmedsplus.com\/wp-content\/uploads\/2026\/05\/134463-20-1.webp","type":"image\/webp"}],"twitter_card":"summary_large_image","twitter_misc":{"Tilg\u00e6ngelighed":"P\u00e5 lager"},"schema":{"@context":"https:\/\/schema.org","@graph":[{"@type":"WebPage","@id":"https:\/\/rxmedsplus.com\/product\/modafinil-200-mg\/","url":"https:\/\/rxmedsplus.com\/product\/modafinil-200-mg\/","name":"K\u00f8b Modafinil 200 mg online hurtigt - p\u00e5lidelig og diskret levering - Rx Meds Plus","isPartOf":{"@id":"https:\/\/rxmedsplus.com\/#website"},"primaryImageOfPage":{"@id":"https:\/\/rxmedsplus.com\/product\/modafinil-200-mg\/#primaryimage"},"image":{"@id":"https:\/\/rxmedsplus.com\/product\/modafinil-200-mg\/#primaryimage"},"thumbnailUrl":"https:\/\/rxmedsplus.com\/wp-content\/uploads\/2026\/05\/134463-20-1.webp","datePublished":"2026-05-03T23:31:32+00:00","dateModified":"2026-05-12T01:40:21+00:00","description":"K\u00f8b Modafinil 200 mg online hurtigt for forbedret fokus og v\u00e5genhed! Nyd p\u00e5lidelig og diskret global forsendelse. Bestil nu for hurtig levering.","breadcrumb":{"@id":"https:\/\/rxmedsplus.com\/product\/modafinil-200-mg\/#breadcrumb"},"inLanguage":"da-DK","potentialAction":[{"@type":"ReadAction","target":["https:\/\/rxmedsplus.com\/product\/modafinil-200-mg\/"]}]},{"@type":"ImageObject","inLanguage":"da-DK","@id":"https:\/\/rxmedsplus.com\/product\/modafinil-200-mg\/#primaryimage","url":"https:\/\/rxmedsplus.com\/wp-content\/uploads\/2026\/05\/134463-20-1.webp","contentUrl":"https:\/\/rxmedsplus.com\/wp-content\/uploads\/2026\/05\/134463-20-1.webp","width":500,"height":500},{"@type":"BreadcrumbList","@id":"https:\/\/rxmedsplus.com\/product\/modafinil-200-mg\/#breadcrumb","itemListElement":[{"@type":"ListItem","position":1,"name":"Home","item":"https:\/\/rxmedsplus.com\/"},{"@type":"ListItem","position":2,"name":"Shop","item":"https:\/\/rxmedsplus.com\/shop\/"},{"@type":"ListItem","position":3,"name":"Buy Modafinil 200 mg Online Fast &#8211; Reliable &#038; Discreet Delivery"}]},{"@type":"WebSite","@id":"https:\/\/rxmedsplus.com\/#website","url":"https:\/\/rxmedsplus.com\/","name":"Min Underjordiske Meds","description":"K\u00f8b receptpligtig medicin og piller online med hurtig levering","potentialAction":[{"@type":"SearchAction","target":{"@type":"EntryPoint","urlTemplate":"https:\/\/rxmedsplus.com\/?s={search_term_string}"},"query-input":{"@type":"PropertyValueSpecification","valueRequired":true,"valueName":"search_term_string"}}],"inLanguage":"da-DK"}]},"og_availability":"instock","product_availability":"instock","product_retailer_item_id":"134463","product_condition":"new"},"_links":{"self":[{"href":"https:\/\/rxmedsplus.com\/da\/wp-json\/wp\/v2\/product\/4367","targetHints":{"allow":["GET"]}}],"collection":[{"href":"https:\/\/rxmedsplus.com\/da\/wp-json\/wp\/v2\/product"}],"about":[{"href":"https:\/\/rxmedsplus.com\/da\/wp-json\/wp\/v2\/types\/product"}],"replies":[{"embeddable":true,"href":"https:\/\/rxmedsplus.com\/da\/wp-json\/wp\/v2\/comments?post=4367"}],"wp:featuredmedia":[{"embeddable":true,"href":"https:\/\/rxmedsplus.com\/da\/wp-json\/wp\/v2\/media\/4420"}],"wp:attachment":[{"href":"https:\/\/rxmedsplus.com\/da\/wp-json\/wp\/v2\/media?parent=4367"}],"wp:term":[{"taxonomy":"product_brand","embeddable":true,"href":"https:\/\/rxmedsplus.com\/da\/wp-json\/wp\/v2\/product_brand?post=4367"},{"taxonomy":"product_cat","embeddable":true,"href":"https:\/\/rxmedsplus.com\/da\/wp-json\/wp\/v2\/product_cat?post=4367"},{"taxonomy":"product_tag","embeddable":true,"href":"https:\/\/rxmedsplus.com\/da\/wp-json\/wp\/v2\/product_tag?post=4367"}],"curies":[{"name":"wp","href":"https:\/\/api.w.org\/{rel}","templated":true}]}}