{"id":2124,"date":"2024-10-24T13:29:56","date_gmt":"2024-10-24T13:29:56","guid":{"rendered":"https:\/\/rxmedsplus.com\/?page_id=2124"},"modified":"2025-09-23T10:42:59","modified_gmt":"2025-09-23T10:42:59","slug":"shipping-and-delivery-policy","status":"publish","type":"page","link":"https:\/\/rxmedsplus.com\/de\/shipping-and-delivery-policy\/","title":{"rendered":"Versand und Lieferung Politik"},"content":{"rendered":"<div data-elementor-type=\"wp-page\" data-elementor-id=\"2124\" class=\"elementor elementor-2124\">\n\t\t\t\t<div class=\"elementor-element elementor-element-9ae4be0 e-flex e-con-boxed e-con e-parent\" data-id=\"9ae4be0\" data-element_type=\"container\" data-e-type=\"container\">\n\t\t\t\t\t<div class=\"e-con-inner\">\n\t\t<div class=\"elementor-element elementor-element-1e52ba6 e-con-full e-flex e-con e-child\" data-id=\"1e52ba6\" data-element_type=\"container\" data-e-type=\"container\">\n\t\t\t\t<div class=\"elementor-element elementor-element-cbe21a9 elementor-widget elementor-widget-heading\" data-id=\"cbe21a9\" data-element_type=\"widget\" data-e-type=\"widget\" data-widget_type=\"heading.default\">\n\t\t\t\t<div class=\"elementor-widget-container\">\n\t\t\t\t\t<h1 class=\"elementor-heading-title elementor-size-default\">Versand &amp; Lieferung Politik<\/h1>\t\t\t\t<\/div>\n\t\t\t\t<\/div>\n\t\t\t\t<\/div>\n\t\t\t\t\t<\/div>\n\t\t\t\t<\/div>\n\t\t<div class=\"elementor-element elementor-element-81bbcf9 e-flex e-con-boxed e-con e-parent\" data-id=\"81bbcf9\" data-element_type=\"container\" data-e-type=\"container\" data-settings=\"{&quot;background_background&quot;:&quot;classic&quot;}\">\n\t\t\t\t\t<div class=\"e-con-inner\">\n\t\t<div class=\"elementor-element elementor-element-feacb1e e-con-full e-flex e-con e-child\" data-id=\"feacb1e\" data-element_type=\"container\" data-e-type=\"container\">\n\t\t\t\t<div class=\"elementor-element elementor-element-9230e6e elementor-widget elementor-widget-text-editor\" data-id=\"9230e6e\" data-element_type=\"widget\" data-e-type=\"widget\" data-widget_type=\"text-editor.default\">\n\t\t\t\t<div class=\"elementor-widget-container\">\n\t\t\t\t\t\t\t\t\t<p>Am <strong>Meine U-Bahn-Meds<\/strong>wir verstehen die Bedeutung von Erhalt Ihre Medikamente schnell und diskret. Das ist, warum wir bieten <strong>schnell<\/strong>, <strong>zuverl\u00e4ssig<\/strong>, und <strong>sicherer Versand<\/strong> Optionen, um die Bed\u00fcrfnisse unserer Kunden, sowohl im Inland und International. Bitte Lesen Sie unsere <strong>Versand und Lieferung Politik<\/strong> um zu verstehen, wie wir diese verarbeiten und liefern Ihre Auftr\u00e4ge.<\/p><h2>1. <strong>Versand Optionen und Lieferung Mal<\/strong><\/h2><p>Wir sind bestrebt, schnelle und sichere Lieferung alle Bestellungen, egal, ob Sie sich in die <strong>USA<\/strong>, <strong>Kanada<\/strong>oder \u00fcberall rund um die Welt.<\/p><h3>1.1 <strong>Inl\u00e4ndischen Versand (USA und Kanada)<\/strong><\/h3><p>F\u00fcr Kunden in der <strong>Vereinigte Staaten<\/strong> und <strong>Kanada<\/strong>wir bieten <strong>gleichen Tag Versand<\/strong> auf alle Bestellungen, die vor unsere cut-off-Zeit. Lieferzeiten variieren je nach Ihrem Standort:<\/p><ul><li><strong>Lieferung Am Selben Tag<\/strong>: Verf\u00fcgbar f\u00fcr ausgew\u00e4hlte Standorte. Bestellungen, die vor der cut-off-Zeit werden noch am selben Tag ausgeliefert.<\/li><li><strong>Standard-Lieferung<\/strong>: 1-2 Werktage, abh\u00e4ngig von Ihrem Standort.<\/li><li><strong>Kostenloser Versand<\/strong>: Verf\u00fcgbar bei Bestellungen \u00fcber einem bestimmten Wert (Betrag w\u00e4hrend der Kaufabwicklung angegeben).<\/li><\/ul><h3>1.2 <strong>Internationaler Versand<\/strong><\/h3><p>Wir sind stolz, bieten <strong>Versand weltweit<\/strong> zu <strong>Australien<\/strong>, <strong>Gro\u00dfbritannien<\/strong>, <strong>Deutschland<\/strong>, <strong>Frankreich<\/strong>, <strong>EU-L\u00e4nder<\/strong>und vieles mehr. Die Lieferzeiten f\u00fcr internationale Bestellungen variieren, basierend auf der Zollabwicklung und Ort:<\/p><ul><li><strong>Standard Internationalen Versand<\/strong>: 3-7 business Tage, je nach Zielort.<\/li><li><strong>Expedited International Shipping<\/strong>: 2-5 Werktage (wo verf\u00fcgbar).<\/li><li><strong>Zollabfertigung<\/strong>: Internationalen Versand k\u00f6nnen unterliegen Zoll Inspektionen, die k\u00f6nnte verl\u00e4ngern die Lieferzeiten.<\/li><\/ul><h3>1.3 <strong>Versand Cut-Off-Zeiten<\/strong><\/h3><p>Bestellungen, die vor <strong>12:00 Uhr PST (Pacific Standard Time)<\/strong> an Werktagen werden noch am gleichen Tag verarbeitet. Bestellungen, die nach diesem Zeitpunkt, oder an Wochenenden und Feiertagen wird verarbeitet werden auf die n\u00e4chsten business Tag.<\/p><h2>2. <strong>Versandkosten<\/strong><\/h2><p>Versand Kosten sind berechnet basierend auf die Versandart und die Ziel. Die Versandkosten werden angezeigt an der Kasse, bevor Sie Ihre Bestellung abschlie\u00dfen.<\/p><ul><li><strong>Versand Inland<\/strong> (USA und Kanada): die Preise beginnen bei einem Pauschalpreis, mit kostenfreiem Versand bei Bestellungen \u00fcber einem bestimmten Wert.<\/li><li><strong>Internationaler Versand<\/strong>: Versand Geb\u00fchren sind berechnet basierend auf die Ziel Land und Versand Methode gew\u00e4hlt. Zus\u00e4tzliche Geb\u00fchren k\u00f6nnen gelten f\u00fcr den Express-Versand.<\/li><\/ul><h2>3. <strong>Diskrete Verpackung<\/strong><\/h2><p>Ihre Privatsph\u00e4re ist uns wichtig. Alle Bestellungen werden in <strong>diskrete Verpackung<\/strong> zum Schutz Ihrer Vertraulichkeit. Es wird nicht erw\u00e4hnt, die Inhalte oder die Namen von unserer Apotheke, die auf die au\u00dferhalb von die Paket, gew\u00e4hrleistet absolute Diskretion.<\/p><h2>4. <strong>Order Tracking<\/strong><\/h2><p>Sobald Ihre Bestellung versandt wurde, erhalten Sie eine <strong>tracking-Nummer<\/strong> per E-Mail, so dass Sie zu monitor Ihre Sendung in Echtzeit. Sie k\u00f6nnen verfolgen Sie Ihre Bestellung direkt auf unserer Webseite oder durch den Kurier tracking-service.<\/p><ul><li><strong>Inl\u00e4ndischen Tracking<\/strong>: Real-time updates f\u00fcr Bestellungen innerhalb der USA und Kanada.<\/li><li><strong>International Tracking<\/strong>: Echtzeit-updates f\u00fcr den internationalen Versand. Bitte beachten Sie, dass tracking kann variieren, abh\u00e4ngig von der F\u00f6rdermaschine und Zollbestimmungen des Ziellandes.<\/li><\/ul><h2>5. <strong>Zoll-und Zollgeb\u00fchren (F\u00fcr Internationale Bestellungen)<\/strong><\/h2><p>Internationale Sendungen unterliegen k\u00f6nnen <strong>Zoll Inspektionen<\/strong>,, die k\u00f6nnte Ergebnis in verz\u00f6gert. Sie als K\u00e4ufer sind verantwortlich f\u00fcr alle Z\u00f6lle, Steuern oder zus\u00e4tzliche Geb\u00fchren, die von Ihrem Land ' s Zollamt. Bitte stellen Sie sicher, dass Sie sind vertraut mit Ihrem Land import Vorschriften f\u00fcr Medikamente.<\/p><p><strong>Hinweis:<\/strong> Meine U-Bahn-Meds ist nicht haftbar f\u00fcr irgendwelche Zoll-Probleme oder Verz\u00f6gerungen verursacht durch Zollabfertigung Verfahren.<\/p><h2>6. <strong>Verloren gegangene oder Versp\u00e4tete Pakete<\/strong><\/h2><p>W\u00e4hrend wir alles tun, um sicherzustellen rechtzeitige Lieferung, die gelegentlich Pakete m\u00f6glicherweise verz\u00f6gert werden oder verloren w\u00e4hrend der transit. Wenn Sie glauben, dass Ihre Bestellung ist verloren gegangen oder versp\u00e4tet ist, bitte Kontaktieren Sie unsere <strong>Kunden-support-team<\/strong> so bald wie m\u00f6glich.<\/p><ul><li><strong>Verlorene Pakete<\/strong>: Wenn Ihr Paket ist best\u00e4tigt verloren, wir bieten einen <strong>Ersatz<\/strong> oder <strong>volle R\u00fcckerstattung<\/strong> als Teil unserer <strong>100% Lieferung garantieren<\/strong>.<\/li><li><strong>Versp\u00e4tete Pakete<\/strong>: Verz\u00f6gerungen auftreten aufgrund von uns nicht zu vertretenden Gr\u00fcnden, wie Zollabfertigung oder Kurier Fragen. Wir arbeiten mit Ihnen, zu verfolgen die Paket und sicherzustellen, dass es erreicht Sie so schnell wie m\u00f6glich.<\/li><\/ul><h2>7. <strong>Lieferung Fragen<\/strong><\/h2><p>Wenn Ihr Paket besch\u00e4digt ankommt oder falsche Einzelteile, Kontaktieren Sie uns bitte innerhalb <strong>48 Stunden<\/strong> der Eingang Ihrer Bestellung. Wir werden das Problem untersuchen und, falls notwendig, bieten eine Ersatz oder eine R\u00fcckerstattung.<\/p><ul><li><strong>Besch\u00e4digte Pakete<\/strong>: Wenn Ihr Paket ist w\u00e4hrend des Transports besch\u00e4digt, bitte bieten Fotos von Schaden, und wir werden mit Ihnen zusammenarbeiten, um das Problem zu beheben umgehend zu.<\/li><li><strong>Falsche Auftr\u00e4ge<\/strong>: Wenn Sie erhalten die falsche Produkt, Kontaktieren Sie uns bitte sofort, und wir arrangieren f\u00fcr einen Ersatz oder eine R\u00fcckerstattung.<\/li><\/ul><h2>8. <strong>Unzustellbare Pakete<\/strong><\/h2><p>Wenn Ihr Paket an uns zur\u00fcckgesandt wird durch eine <strong>falsche Adresse<\/strong> oder weil es war <strong>herrenlosen<\/strong>werden wir Sie Kontaktieren , um die R\u00fccksendung zu arrangieren. Alle zus\u00e4tzlichen Verschiffen Geb\u00fchren f\u00fcr re-Lieferung wird die Verantwortung des Kunden.<\/p><h2>9. <strong>Wie Uns zu Kontaktieren<\/strong><\/h2><p>Wenn Sie irgendwelche Fragen oder Bedenken bez\u00fcglich Ihrer Sendung oder ben\u00f6tigen Unterst\u00fctzung bei der Verfolgung Ihrer Bestellung, bitte Kontaktieren Sie unsere <strong>Kunden-support-team<\/strong>:<\/p><ul><li><strong>E-Mail<\/strong>: <a href=\"mailto:sales@rxmedsplus.com\">sales@rxmedsplus.com<\/a><\/li><li><strong>Live-Chat<\/strong><\/li><\/ul><p>Wir sind verpflichtet, zu gew\u00e4hrleisten, dass Ihr shopping-Erlebnis mit <strong>Meine U-Bahn-Meds<\/strong> glatt, effizient und zufriedenstellend. Danke f\u00fcr die Wahl uns als Ihren vertrauensw\u00fcrdigen Quelle f\u00fcr erschwingliche, nicht-verschreibungspflichtigen Medikamenten.<\/p><p>Am <strong>Meine U-Bahn-Meds<\/strong>wir Ziel zu bieten schnelle und diskrete Lieferung zu alle unsere Kunden, egal wo Sie sind in die Welt. Ihre Zufriedenheit ist unsere Priorit\u00e4t, und wir sind hier, um sicherzustellen, dass Sie erhalten Ihre Medikamente sicher und p\u00fcnktlich.<\/p>\t\t\t\t\t\t\t\t<\/div>\n\t\t\t\t<\/div>\n\t\t\t\t<\/div>\n\t\t\t\t\t<\/div>\n\t\t\t\t<\/div>\n\t\t\t\t<\/div>","protected":false},"excerpt":{"rendered":"<p>Shipping &amp; Delivery Policy At Rx Meds Plus, we understand the importance of receiving your medications quickly and discreetly. That\u2019s why we offer fast, reliable, and secure shipping options to meet the needs of our customers, both domestically and internationally. Please read through our Shipping and Delivery Policy to understand how we process and deliver [&hellip;]<\/p>\n","protected":false},"author":1,"featured_media":0,"parent":0,"menu_order":0,"comment_status":"closed","ping_status":"closed","template":"","meta":{"site-sidebar-layout":"no-sidebar","site-content-layout":"page-builder","ast-site-content-layout":"full-width-container","site-content-style":"unboxed","site-sidebar-style":"unboxed","ast-global-header-display":"","ast-banner-title-visibility":"","ast-main-header-display":"","ast-hfb-above-header-display":"","ast-hfb-below-header-display":"","ast-hfb-mobile-header-display":"","site-post-title":"disabled","ast-breadcrumbs-content":"","ast-featured-img":"disabled","footer-sml-layout":"","ast-disable-related-posts":"","theme-transparent-header-meta":"default","adv-header-id-meta":"","stick-header-meta":"","header-above-stick-meta":"","header-main-stick-meta":"","header-below-stick-meta":"","astra-migrate-meta-layouts":"set","ast-page-background-enabled":"default","ast-page-background-meta":{"desktop":{"background-color":"","background-image":"","background-repeat":"repeat","background-position":"center center","background-size":"auto","background-attachment":"scroll","background-type":"","background-media":"","overlay-type":"","overlay-color":"","overlay-opacity":"","overlay-gradient":""},"tablet":{"background-color":"","background-image":"","background-repeat":"repeat","background-position":"center center","background-size":"auto","background-attachment":"scroll","background-type":"","background-media":"","overlay-type":"","overlay-color":"","overlay-opacity":"","overlay-gradient":""},"mobile":{"background-color":"","background-image":"","background-repeat":"repeat","background-position":"center center","background-size":"auto","background-attachment":"scroll","background-type":"","background-media":"","overlay-type":"","overlay-color":"","overlay-opacity":"","overlay-gradient":""}},"ast-content-background-meta":{"desktop":{"background-color":"var(--ast-global-color-5)","background-image":"","background-repeat":"repeat","background-position":"center center","background-size":"auto","background-attachment":"scroll","background-type":"","background-media":"","overlay-type":"","overlay-color":"","overlay-opacity":"","overlay-gradient":""},"tablet":{"background-color":"var(--ast-global-color-5)","background-image":"","background-repeat":"repeat","background-position":"center center","background-size":"auto","background-attachment":"scroll","background-type":"","background-media":"","overlay-type":"","overlay-color":"","overlay-opacity":"","overlay-gradient":""},"mobile":{"background-color":"var(--ast-global-color-5)","background-image":"","background-repeat":"repeat","background-position":"center center","background-size":"auto","background-attachment":"scroll","background-type":"","background-media":"","overlay-type":"","overlay-color":"","overlay-opacity":"","overlay-gradient":""}},"footnotes":""},"class_list":["post-2124","page","type-page","status-publish","hentry"],"yoast_head":"<!-- This site is optimized with the Yoast SEO Premium plugin v26.0 (Yoast SEO v27.4) - https:\/\/yoast.com\/product\/yoast-seo-premium-wordpress\/ -->\n<title>Shipping and Delivery Policy &#187; Rx Meds Plus<\/title>\n<meta name=\"robots\" content=\"noindex, follow\" \/>\n<meta property=\"og:locale\" content=\"de_DE\" \/>\n<meta property=\"og:type\" content=\"article\" \/>\n<meta property=\"og:title\" content=\"Shipping and Delivery Policy\" \/>\n<meta property=\"og:description\" content=\"Shipping &amp; Delivery Policy At Rx Meds Plus, we understand the importance of receiving your medications quickly and discreetly. That\u2019s why we offer fast, reliable, and secure shipping options to meet the needs of our customers, both domestically and internationally. Please read through our Shipping and Delivery Policy to understand how we process and deliver [&hellip;]\" \/>\n<meta property=\"og:url\" content=\"https:\/\/rxmedsplus.com\/de\/shipping-and-delivery-policy\/\" \/>\n<meta property=\"og:site_name\" content=\"Rx Meds Plus\" \/>\n<meta property=\"article:modified_time\" content=\"2025-09-23T10:42:59+00:00\" \/>\n<meta name=\"twitter:card\" content=\"summary_large_image\" \/>\n<meta name=\"twitter:label1\" content=\"Gesch\u00e4tzte Lesezeit\" \/>\n\t<meta name=\"twitter:data1\" content=\"4\u00a0Minuten\" \/>\n<script type=\"application\/ld+json\" class=\"yoast-schema-graph\">{\"@context\":\"https:\\\/\\\/schema.org\",\"@graph\":[{\"@type\":\"WebPage\",\"@id\":\"https:\\\/\\\/rxmedsplus.com\\\/shipping-and-delivery-policy\\\/\",\"url\":\"https:\\\/\\\/rxmedsplus.com\\\/shipping-and-delivery-policy\\\/\",\"name\":\"Shipping and Delivery Policy &#187; Rx Meds Plus\",\"isPartOf\":{\"@id\":\"https:\\\/\\\/rxmedsplus.com\\\/#website\"},\"datePublished\":\"2024-10-24T13:29:56+00:00\",\"dateModified\":\"2025-09-23T10:42:59+00:00\",\"breadcrumb\":{\"@id\":\"https:\\\/\\\/rxmedsplus.com\\\/shipping-and-delivery-policy\\\/#breadcrumb\"},\"inLanguage\":\"de\",\"potentialAction\":[{\"@type\":\"ReadAction\",\"target\":[\"https:\\\/\\\/rxmedsplus.com\\\/shipping-and-delivery-policy\\\/\"]}]},{\"@type\":\"BreadcrumbList\",\"@id\":\"https:\\\/\\\/rxmedsplus.com\\\/shipping-and-delivery-policy\\\/#breadcrumb\",\"itemListElement\":[{\"@type\":\"ListItem\",\"position\":1,\"name\":\"Home\",\"item\":\"https:\\\/\\\/rxmedsplus.com\\\/\"},{\"@type\":\"ListItem\",\"position\":2,\"name\":\"Shipping and Delivery Policy\"}]},{\"@type\":\"WebSite\",\"@id\":\"https:\\\/\\\/rxmedsplus.com\\\/#website\",\"url\":\"https:\\\/\\\/rxmedsplus.com\\\/\",\"name\":\"Rx Meds Plus\",\"description\":\"Buy Prescription Meds and Pills Online with Fast Delivery\",\"potentialAction\":[{\"@type\":\"SearchAction\",\"target\":{\"@type\":\"EntryPoint\",\"urlTemplate\":\"https:\\\/\\\/rxmedsplus.com\\\/?s={search_term_string}\"},\"query-input\":{\"@type\":\"PropertyValueSpecification\",\"valueRequired\":true,\"valueName\":\"search_term_string\"}}],\"inLanguage\":\"de\"}]}<\/script>\n<!-- \/ Yoast SEO Premium plugin. -->","yoast_head_json":{"title":"Shipping and Delivery Policy &#187; Rx Meds Plus","robots":{"index":"noindex","follow":"follow"},"og_locale":"de_DE","og_type":"article","og_title":"Shipping and Delivery Policy","og_description":"Shipping &amp; Delivery Policy At Rx Meds Plus, we understand the importance of receiving your medications quickly and discreetly. That\u2019s why we offer fast, reliable, and secure shipping options to meet the needs of our customers, both domestically and internationally. Please read through our Shipping and Delivery Policy to understand how we process and deliver [&hellip;]","og_url":"https:\/\/rxmedsplus.com\/de\/shipping-and-delivery-policy\/","og_site_name":"Rx Meds Plus","article_modified_time":"2025-09-23T10:42:59+00:00","twitter_card":"summary_large_image","twitter_misc":{"Gesch\u00e4tzte Lesezeit":"4\u00a0Minuten"},"schema":{"@context":"https:\/\/schema.org","@graph":[{"@type":"WebPage","@id":"https:\/\/rxmedsplus.com\/shipping-and-delivery-policy\/","url":"https:\/\/rxmedsplus.com\/shipping-and-delivery-policy\/","name":"Shipping and Delivery Policy &#187; Rx Meds Plus","isPartOf":{"@id":"https:\/\/rxmedsplus.com\/#website"},"datePublished":"2024-10-24T13:29:56+00:00","dateModified":"2025-09-23T10:42:59+00:00","breadcrumb":{"@id":"https:\/\/rxmedsplus.com\/shipping-and-delivery-policy\/#breadcrumb"},"inLanguage":"de","potentialAction":[{"@type":"ReadAction","target":["https:\/\/rxmedsplus.com\/shipping-and-delivery-policy\/"]}]},{"@type":"BreadcrumbList","@id":"https:\/\/rxmedsplus.com\/shipping-and-delivery-policy\/#breadcrumb","itemListElement":[{"@type":"ListItem","position":1,"name":"Home","item":"https:\/\/rxmedsplus.com\/"},{"@type":"ListItem","position":2,"name":"Shipping and Delivery Policy"}]},{"@type":"WebSite","@id":"https:\/\/rxmedsplus.com\/#website","url":"https:\/\/rxmedsplus.com\/","name":"Meine U-Bahn-Meds","description":"Buy Prescription Meds and Pills Online with Fast Delivery","potentialAction":[{"@type":"SearchAction","target":{"@type":"EntryPoint","urlTemplate":"https:\/\/rxmedsplus.com\/?s={search_term_string}"},"query-input":{"@type":"PropertyValueSpecification","valueRequired":true,"valueName":"search_term_string"}}],"inLanguage":"de"}]}},"_links":{"self":[{"href":"https:\/\/rxmedsplus.com\/de\/wp-json\/wp\/v2\/pages\/2124","targetHints":{"allow":["GET"]}}],"collection":[{"href":"https:\/\/rxmedsplus.com\/de\/wp-json\/wp\/v2\/pages"}],"about":[{"href":"https:\/\/rxmedsplus.com\/de\/wp-json\/wp\/v2\/types\/page"}],"author":[{"embeddable":true,"href":"https:\/\/rxmedsplus.com\/de\/wp-json\/wp\/v2\/users\/1"}],"replies":[{"embeddable":true,"href":"https:\/\/rxmedsplus.com\/de\/wp-json\/wp\/v2\/comments?post=2124"}],"version-history":[{"count":0,"href":"https:\/\/rxmedsplus.com\/de\/wp-json\/wp\/v2\/pages\/2124\/revisions"}],"wp:attachment":[{"href":"https:\/\/rxmedsplus.com\/de\/wp-json\/wp\/v2\/media?parent=2124"}],"curies":[{"name":"wp","href":"https:\/\/api.w.org\/{rel}","templated":true}]}}