{"id":2139,"date":"2024-10-24T13:37:12","date_gmt":"2024-10-24T13:37:12","guid":{"rendered":"https:\/\/rxmedsplus.com\/?page_id=2139"},"modified":"2025-09-25T04:53:24","modified_gmt":"2025-09-25T04:53:24","slug":"how-to-buy-medicine-online-from-my-underground-meds","status":"publish","type":"page","link":"https:\/\/rxmedsplus.com\/de\/how-to-buy-medicine-online-from-my-underground-meds\/","title":{"rendered":"Wie Kaufen Medizin Online aus Meine U-Bahn-Meds"},"content":{"rendered":"<div data-elementor-type=\"wp-page\" data-elementor-id=\"2139\" class=\"elementor elementor-2139\">\n\t\t\t\t<div class=\"elementor-element elementor-element-9ae4be0 e-flex e-con-boxed e-con e-parent\" data-id=\"9ae4be0\" data-element_type=\"container\" data-e-type=\"container\">\n\t\t\t\t\t<div class=\"e-con-inner\">\n\t\t<div class=\"elementor-element elementor-element-1e52ba6 e-con-full e-flex e-con e-child\" data-id=\"1e52ba6\" data-element_type=\"container\" data-e-type=\"container\">\n\t\t\t\t<div class=\"elementor-element elementor-element-cbe21a9 elementor-widget elementor-widget-heading\" data-id=\"cbe21a9\" data-element_type=\"widget\" data-e-type=\"widget\" data-widget_type=\"heading.default\">\n\t\t\t\t<div class=\"elementor-widget-container\">\n\t\t\t\t\t<h1 class=\"elementor-heading-title elementor-size-default\">Wie Kaufen Sie Medikamente aus Meine U-Bahn-Medikamente: Eine Schritt-f\u00fcr-Schritt-Anleitung<\/h1>\t\t\t\t<\/div>\n\t\t\t\t<\/div>\n\t\t\t\t<\/div>\n\t\t\t\t\t<\/div>\n\t\t\t\t<\/div>\n\t\t<div class=\"elementor-element elementor-element-81bbcf9 e-flex e-con-boxed e-con e-parent\" data-id=\"81bbcf9\" data-element_type=\"container\" data-e-type=\"container\" data-settings=\"{&quot;background_background&quot;:&quot;classic&quot;}\">\n\t\t\t\t\t<div class=\"e-con-inner\">\n\t\t<div class=\"elementor-element elementor-element-feacb1e e-con-full e-flex e-con e-child\" data-id=\"feacb1e\" data-element_type=\"container\" data-e-type=\"container\">\n\t\t\t\t<div class=\"elementor-element elementor-element-9230e6e elementor-widget elementor-widget-text-editor\" data-id=\"9230e6e\" data-element_type=\"widget\" data-e-type=\"widget\" data-widget_type=\"text-editor.default\">\n\t\t\t\t<div class=\"elementor-widget-container\">\n\t\t\t\t\t\t\t\t\t<p>Am <strong>Meine U-Bahn-Meds<\/strong>wir haben den Prozess der Kauf <strong>Medikamente<\/strong> online so einfach und problemlose wie m\u00f6glich. F\u00fchren Sie diese einfachen Schritte aus, um Ihre <strong>Angst-Medikamente<\/strong>, <strong>Schmerzlinderung<\/strong>, <strong>ADHS-Medikamente<\/strong>und mehr\u2014alles, ohne die Notwendigkeit f\u00fcr ein Rezept.<\/p>\n<h2>Schritt 1: Durchsuchen Sie Unsere Auswahl<\/h2>\n<p>Beginnen Sie mit der Erkundung unserer Breite Palette von Medikamenten f\u00fcr den Kauf zur Verf\u00fcgung. Egal, ob Sie f\u00fcr <strong>Xanax<\/strong>, <strong>Oxycodon<\/strong>, <strong>Adderall<\/strong>oder <strong>Ambien<\/strong>finden Sie eine vielseitige Auswahl an Medikamenten, zum von zu w\u00e4hlen. Nutzen Sie unsere einfache navigation und Suchfunktionen zu finden, was Sie brauchen.<\/p>\n<ol>\n<li>Gehen Sie auf die <strong>Meine U-Bahn-Meds<\/strong> - shop-Seite.<\/li>\n<li>Klicken Sie auf den <strong>Kategorie<\/strong> von Medikamenten, der Sie interessiert (z.B., <strong>Angst Medikamente<\/strong>, <strong>Schmerzlinderung<\/strong>, <strong>ADHS-Medikamente<\/strong>usw.).<\/li>\n<li>Durchsuchen Sie die verf\u00fcgbaren Optionen und w\u00e4hlen Sie das Produkt aus, das am besten zu Ihren Bed\u00fcrfnissen passt.<\/li>\n<\/ol>\n<h2>Schritt 2: W\u00e4hlen Sie Ihre Medikation und Dosierung<\/h2>\n<p>Sobald Sie gefunden haben, die Medikamente, die Sie ben\u00f6tigen, w\u00e4hlen Sie die entsprechende <strong>Dosierung<\/strong> und <strong>Menge<\/strong> basierend auf Ihren Anforderungen an die Gesundheit.<\/p>\n<ol>\n<li>Klicken Sie auf das Produkt, die Sie kaufen m\u00f6chten.<\/li>\n<li>Lesen Sie den Artikel Beschreibung und Verwendung Anweisungen, um sicherzustellen, es erf\u00fcllt Ihre Bed\u00fcrfnisse.<\/li>\n<li>W\u00e4hlen Sie die gew\u00fcnschte <strong>Dosierung<\/strong> aus der drop-down-Men\u00fc (z.B., 2mg, 5mg, 10mg).<\/li>\n<li>W\u00e4hlen Sie die Menge der Medikamente, die Sie kaufen m\u00f6chten.<\/li>\n<\/ol>\n<h2>Schritt 3: Hinzuf\u00fcgen zu Warenkorb<\/h2>\n<p>Nach der Auswahl der Medikation und Dosierung, es ist Zeit, um die Artikel in Ihrem Warenkorb.<\/p>\n<ol>\n<li>Klicken Sie auf den <strong>\"In den Warenkorb\"<\/strong> - Taste auf der Produkt-Seite.<\/li>\n<li>Sie werden weitergeleitet zu Ihrer <strong>Warenkorb<\/strong> wo k\u00f6nnen Sie all die Artikel, die Sie Hinzugef\u00fcgt haben.<\/li>\n<li>Wenn Sie m\u00f6chten, um Ihren Einkauf fortzusetzen, klicken Sie auf <strong>\"Weiter Einkaufen\"<\/strong> und wiederholen Sie den Vorgang f\u00fcr andere Medikamente.<\/li>\n<li>Sobald Sie bereit sind, Ihren Kauf abgeschlossen haben, klicken Sie auf <strong>\"Weiter zum Checkout\"<\/strong>.<\/li>\n<\/ol>\n<h2>Schritt 4: \u00dcberpr\u00fcfen Sie Ihren Warenkorb und Preisnachlsse<\/h2>\n<p>Bevor Sie Auschecken, stellen Sie sicher, dass alle die Produkte, Mengen und Dosierungen im Warenkorb korrekt sind.<\/p>\n<ol>\n<li>\u00dcberpr\u00fcfen Sie Ihre Bestell\u00fcbersicht und sicherstellen, dass alle Elemente korrekt sind.<\/li>\n<li>Wenn Sie haben ein <strong>promo-code<\/strong> oder <strong>Rabatt-code<\/strong>, gilt es in dieser Phase f\u00fcr zus\u00e4tzliche Einsparungen.<\/li>\n<li>Sobald Sie zufrieden sind mit Ihre Bestellung, klicken Sie auf <strong>\"Zur Kasse\"<\/strong>.<\/li>\n<\/ol>\n<h2>Schritt 5: Geben Sie Ihre Versand Details<\/h2>\n<p>An der Kasse m\u00fcssen Sie genaue Angaben zum Versand, um zu gew\u00e4hrleisten prompt Lieferung.<\/p>\n<ol>\n<li>Geben Sie Ihre <strong>Versand Adresse<\/strong> wo Sie m\u00f6chten, dass Ihre Bestellung geliefert werden soll.\n<ul>\n<li>Geh\u00f6ren Ihr vollst\u00e4ndiger name, street address, city, state, zip code, and country.<\/li>\n<\/ul>\n<\/li>\n<li>F\u00fcr <strong>internationale Bestellungen<\/strong>sicherstellen , dass die Versand Informationen korrekt ist und passt die Einfuhrbestimmungen Ihres Landes.<\/li>\n<li>\u00dcberpr\u00fcfen Sie Ihre Verschiffen details zu vermeiden Verz\u00f6gerungen oder Fehler bei der Lieferung.<\/li>\n<\/ol>\n<h2>Schritt 6: W\u00e4hlen Sie Ihre Versandart<\/h2>\n<p>Wir bieten schnelle und diskrete Lieferung Optionen, um zu gew\u00e4hrleisten, erhalten Sie Ihre Medikamente schnell und sicher.<\/p>\n<ol>\n<li>W\u00e4hlen Sie Ihre bevorzugte <strong>Versand Methode<\/strong>:\n<ul>\n<li><strong>Lieferung am selben Tag<\/strong> f\u00fcr die <strong>USA<\/strong> und <strong>Kanada<\/strong> (wenn verf\u00fcgbar).<\/li>\n<li><strong>Standard-Versand<\/strong> f\u00fcr internationale Bestellungen (3-7 Tage, je nach Standort).<\/li>\n<\/ul>\n<\/li>\n<li>Versand Kosten werden berechnet werden basierend auf Ihrem Standort und die Versand Methode, die Sie w\u00e4hlen.<\/li>\n<\/ol>\n<h2>Schritt 7: Geben Sie Zahlungsdaten<\/h2>\n<p>Meine U-Bahn-Meds bietet mehrere sichere Zahlung Methoden, um eine sichere Transaktion.<\/p>\n<ol>\n<li>W\u00e4hlen Sie Ihre bevorzugte <strong>Zahlung Methode<\/strong>:\n<ul>\n<li><strong>PayPal<\/strong><\/li>\n<li><strong>Kryptogeld<\/strong> (Bitcoin und andere akzeptiert digitalen W\u00e4hrungen f\u00fcr zus\u00e4tzliche Privatsph\u00e4re)<\/li>\n<\/ul>\n<\/li>\n<li>Geben Sie Ihre Zahlungsdetails ein und \u00fcberpr\u00fcfen f\u00fcr Genauigkeit.<\/li>\n<\/ol>\n<h2>Schritt 8: Best\u00e4tigen Sie Ihre Bestellung<\/h2>\n<p>Bevor Finalisierung Ihre Kauf \u00fcberpr\u00fcfen Sie Ihre Bestellung ein letztes mal.<\/p>\n<ol>\n<li>Stellen Sie sicher, dass alle Informationen korrekt ist, einschlie\u00dflich die Verschiffen Adresse, Produkte, Mengen, und Zahlung details.<\/li>\n<li>Wenn alles korrekt ist, klicken Sie auf <strong>\"Platz Auftrag\"<\/strong> um den Kauf abzuschlie\u00dfen.<\/li>\n<li>Sie erhalten eine Best\u00e4tigungs-E-Mail mit Ihrem <strong>order details<\/strong> und eine <strong>tracking-Nummer<\/strong> sobald die Bestellung bearbeitet und versandt wurde.<\/li>\n<\/ol>\n<h2>Schritt 9: Verfolgen Sie Ihre Bestellung<\/h2>\n<p>Nach Ihrer Bestellung k\u00f6nnen Sie verfolgen Ihren Fortschritt.<\/p>\n<ol>\n<li>\u00dcberpr\u00fcfen Sie Ihre E-Mail f\u00fcr die <strong>AUFTRAGSBEST\u00c4TIGUNG<\/strong> und <strong>tracking-Informationen<\/strong>.<\/li>\n<li>Verwenden Sie die tracking-Nummer zu Folgen Ihr Paket status in real-time.<\/li>\n<li>Sobald Ihr Paket ist verschickt, Sie k\u00f6nnen erwarten Lieferung innerhalb von 24-48 Stunden, in den USA und Kanada, oder 3-7 Tage f\u00fcr internationale Bestellungen.<\/li>\n<\/ol>\n<h2>Schritt 10: Erhalten Sie Ihre Medikamente<\/h2>\n<p>Ihre Bestellung wird versendet werden in <strong>diskrete Verpackung<\/strong> um Ihre Privatsph\u00e4re zu sch\u00fctzen. Keine identifizierenden Informationen \u00fcber den Inhalt sichtbar auf die Au\u00dfenseite des Pakets.<\/p>\n<ol>\n<li>Wenn Sie Ihre Medikamente ankommt, \u00fcberpr\u00fcfen Sie, dass die Elemente entsprechend Ihrer Reihenfolge.<\/li>\n<li>Folgen Sie den Anweisungen f\u00fcr Ihre Medikamente, um sicherzustellen, die sichere und wirksame Verwendung.<\/li>\n<\/ol>\n<h2>Warum W\u00e4hlen Sie Meine U-Bahn-Medikamente?<\/h2>\n<ul>\n<li><strong>Kein Rezept Erforderlich<\/strong>: Holen Sie sich die Medikamente, die Sie ben\u00f6tigen, ohne den Aufwand der Besuch eines Arztes.<\/li>\n<li><strong>Erschwinglichen Preisen<\/strong>: Kaufen <strong>Medikamente online Billig<\/strong> und sparen Sie Geld auf Ihre Gesundheit.<\/li>\n<li><strong>Lieferung Am Selben Tag<\/strong>: Schnelle, zuverl\u00e4ssige Verschiffen zu den <strong>USA<\/strong> und <strong>Kanada<\/strong> mit weltweitem Versand-Optionen.<\/li>\n<li><strong>Diskrete Verpackung<\/strong>: Ihre Privatsph\u00e4re ist unsere Priorit\u00e4t\u2014Auftr\u00e4ge sind versendet diskret und sicher.<\/li>\n<\/ul>\n<h2>Bestellen Sie Ihre Medikamente Heute!<\/h2>\n<p>Bereit zu nehmen control von Ihre Gesundheit und Holen Sie sich die Medikamente, die Sie ben\u00f6tigen? Besuch <strong>Meine U-Bahn-Meds<\/strong> heute und profitieren Sie von schnellen, stressfreien Einkauf mit <strong>kein Rezept erforderlich<\/strong>. Laden Sie jetzt und erleben Sie die Bequemlichkeit des <strong>Lieferung am selben Tag<\/strong> und <strong>Versand weltweit<\/strong> auf allen Ihren Medikamenten.<\/p>\n<p><strong>Jetzt Einkaufen<\/strong> \u2013 Ihre Medikamente sind nur ein paar Klicks entfernt!<\/p>\t\t\t\t\t\t\t\t<\/div>\n\t\t\t\t<\/div>\n\t\t\t\t<\/div>\n\t\t\t\t\t<\/div>\n\t\t\t\t<\/div>\n\t\t\t\t<\/div>","protected":false},"excerpt":{"rendered":"<p>How to Buy Meds from Rx Meds Plus: A Step-by-Step Guide At Rx Meds Plus, we\u2019ve made the process of buying medications online as simple and hassle-free as possible. Follow these easy steps to order your anxiety meds, pain relief, ADHD medications, and more\u2014all without the need for a prescription. Step 1: Browse Our Selection [&hellip;]<\/p>\n","protected":false},"author":1,"featured_media":0,"parent":0,"menu_order":0,"comment_status":"closed","ping_status":"closed","template":"","meta":{"site-sidebar-layout":"no-sidebar","site-content-layout":"page-builder","ast-site-content-layout":"full-width-container","site-content-style":"unboxed","site-sidebar-style":"unboxed","ast-global-header-display":"","ast-banner-title-visibility":"","ast-main-header-display":"","ast-hfb-above-header-display":"","ast-hfb-below-header-display":"","ast-hfb-mobile-header-display":"","site-post-title":"disabled","ast-breadcrumbs-content":"","ast-featured-img":"disabled","footer-sml-layout":"","ast-disable-related-posts":"","theme-transparent-header-meta":"default","adv-header-id-meta":"","stick-header-meta":"","header-above-stick-meta":"","header-main-stick-meta":"","header-below-stick-meta":"","astra-migrate-meta-layouts":"set","ast-page-background-enabled":"default","ast-page-background-meta":{"desktop":{"background-color":"","background-image":"","background-repeat":"repeat","background-position":"center center","background-size":"auto","background-attachment":"scroll","background-type":"","background-media":"","overlay-type":"","overlay-color":"","overlay-opacity":"","overlay-gradient":""},"tablet":{"background-color":"","background-image":"","background-repeat":"repeat","background-position":"center center","background-size":"auto","background-attachment":"scroll","background-type":"","background-media":"","overlay-type":"","overlay-color":"","overlay-opacity":"","overlay-gradient":""},"mobile":{"background-color":"","background-image":"","background-repeat":"repeat","background-position":"center center","background-size":"auto","background-attachment":"scroll","background-type":"","background-media":"","overlay-type":"","overlay-color":"","overlay-opacity":"","overlay-gradient":""}},"ast-content-background-meta":{"desktop":{"background-color":"var(--ast-global-color-5)","background-image":"","background-repeat":"repeat","background-position":"center center","background-size":"auto","background-attachment":"scroll","background-type":"","background-media":"","overlay-type":"","overlay-color":"","overlay-opacity":"","overlay-gradient":""},"tablet":{"background-color":"var(--ast-global-color-5)","background-image":"","background-repeat":"repeat","background-position":"center center","background-size":"auto","background-attachment":"scroll","background-type":"","background-media":"","overlay-type":"","overlay-color":"","overlay-opacity":"","overlay-gradient":""},"mobile":{"background-color":"var(--ast-global-color-5)","background-image":"","background-repeat":"repeat","background-position":"center center","background-size":"auto","background-attachment":"scroll","background-type":"","background-media":"","overlay-type":"","overlay-color":"","overlay-opacity":"","overlay-gradient":""}},"footnotes":""},"class_list":["post-2139","page","type-page","status-publish","hentry"],"yoast_head":"<!-- This site is optimized with the Yoast SEO Premium plugin v26.0 (Yoast SEO v27.4) - https:\/\/yoast.com\/product\/yoast-seo-premium-wordpress\/ -->\n<title>How to Buy Medicine Online from Rx Meds Plus &#187; Rx Meds Plus<\/title>\n<meta name=\"description\" content=\"How to Buy Meds from Rx Meds Plus: A Step-by-Step Guide At Rx Meds Plus, we\u2019ve made the process of buying medications online as simple and hassle-free as\" \/>\n<meta name=\"robots\" content=\"noindex, follow, max-snippet:-1, max-image-preview:large, max-video-preview:-1\" \/>\n<meta property=\"og:locale\" content=\"de_DE\" \/>\n<meta property=\"og:type\" content=\"article\" \/>\n<meta property=\"og:title\" content=\"How to Buy Medicine Online from Rx Meds Plus\" \/>\n<meta property=\"og:description\" content=\"How to Buy Meds from Rx Meds Plus: A Step-by-Step Guide At Rx Meds Plus, we\u2019ve made the process of buying medications online as simple and hassle-free as\" \/>\n<meta property=\"og:url\" content=\"https:\/\/rxmedsplus.com\/de\/how-to-buy-medicine-online-from-my-underground-meds\/\" \/>\n<meta property=\"og:site_name\" content=\"Rx Meds Plus\" \/>\n<meta property=\"article:modified_time\" content=\"2025-09-25T04:53:24+00:00\" \/>\n<meta name=\"twitter:card\" content=\"summary_large_image\" \/>\n<meta name=\"twitter:label1\" content=\"Gesch\u00e4tzte Lesezeit\" \/>\n\t<meta name=\"twitter:data1\" content=\"4\u00a0Minuten\" \/>\n<script type=\"application\/ld+json\" class=\"yoast-schema-graph\">{\"@context\":\"https:\\\/\\\/schema.org\",\"@graph\":[{\"@type\":\"WebPage\",\"@id\":\"https:\\\/\\\/rxmedsplus.com\\\/how-to-buy-medicine-online-from-my-underground-meds\\\/\",\"url\":\"https:\\\/\\\/rxmedsplus.com\\\/how-to-buy-medicine-online-from-my-underground-meds\\\/\",\"name\":\"How to Buy Medicine Online from Rx Meds Plus &#187; Rx Meds Plus\",\"isPartOf\":{\"@id\":\"https:\\\/\\\/rxmedsplus.com\\\/#website\"},\"datePublished\":\"2024-10-24T13:37:12+00:00\",\"dateModified\":\"2025-09-25T04:53:24+00:00\",\"description\":\"How to Buy Meds from Rx Meds Plus: A Step-by-Step Guide At Rx Meds Plus, we\u2019ve made the process of buying medications online as simple and hassle-free as\",\"breadcrumb\":{\"@id\":\"https:\\\/\\\/rxmedsplus.com\\\/how-to-buy-medicine-online-from-my-underground-meds\\\/#breadcrumb\"},\"inLanguage\":\"de\",\"potentialAction\":[{\"@type\":\"ReadAction\",\"target\":[\"https:\\\/\\\/rxmedsplus.com\\\/how-to-buy-medicine-online-from-my-underground-meds\\\/\"]}]},{\"@type\":\"BreadcrumbList\",\"@id\":\"https:\\\/\\\/rxmedsplus.com\\\/how-to-buy-medicine-online-from-my-underground-meds\\\/#breadcrumb\",\"itemListElement\":[{\"@type\":\"ListItem\",\"position\":1,\"name\":\"Home\",\"item\":\"https:\\\/\\\/rxmedsplus.com\\\/\"},{\"@type\":\"ListItem\",\"position\":2,\"name\":\"How to Buy Medicine Online from Rx Meds Plus\"}]},{\"@type\":\"WebSite\",\"@id\":\"https:\\\/\\\/rxmedsplus.com\\\/#website\",\"url\":\"https:\\\/\\\/rxmedsplus.com\\\/\",\"name\":\"Rx Meds Plus\",\"description\":\"Buy Prescription Meds and Pills Online with Fast Delivery\",\"potentialAction\":[{\"@type\":\"SearchAction\",\"target\":{\"@type\":\"EntryPoint\",\"urlTemplate\":\"https:\\\/\\\/rxmedsplus.com\\\/?s={search_term_string}\"},\"query-input\":{\"@type\":\"PropertyValueSpecification\",\"valueRequired\":true,\"valueName\":\"search_term_string\"}}],\"inLanguage\":\"de\"}]}<\/script>\n<!-- \/ Yoast SEO Premium plugin. -->","yoast_head_json":{"title":"How to Buy Medicine Online from Rx Meds Plus &#187; Rx Meds Plus","description":"How to Buy Meds from Rx Meds Plus: A Step-by-Step Guide At Rx Meds Plus, we\u2019ve made the process of buying medications online as simple and hassle-free as","robots":{"index":"noindex","follow":"follow","max-snippet":"max-snippet:-1","max-image-preview":"max-image-preview:large","max-video-preview":"max-video-preview:-1"},"og_locale":"de_DE","og_type":"article","og_title":"How to Buy Medicine Online from Rx Meds Plus","og_description":"How to Buy Meds from Rx Meds Plus: A Step-by-Step Guide At Rx Meds Plus, we\u2019ve made the process of buying medications online as simple and hassle-free as","og_url":"https:\/\/rxmedsplus.com\/de\/how-to-buy-medicine-online-from-my-underground-meds\/","og_site_name":"Rx Meds Plus","article_modified_time":"2025-09-25T04:53:24+00:00","twitter_card":"summary_large_image","twitter_misc":{"Gesch\u00e4tzte Lesezeit":"4\u00a0Minuten"},"schema":{"@context":"https:\/\/schema.org","@graph":[{"@type":"WebPage","@id":"https:\/\/rxmedsplus.com\/how-to-buy-medicine-online-from-my-underground-meds\/","url":"https:\/\/rxmedsplus.com\/how-to-buy-medicine-online-from-my-underground-meds\/","name":"How to Buy Medicine Online from Rx Meds Plus &#187; Rx Meds Plus","isPartOf":{"@id":"https:\/\/rxmedsplus.com\/#website"},"datePublished":"2024-10-24T13:37:12+00:00","dateModified":"2025-09-25T04:53:24+00:00","description":"How to Buy Meds from Rx Meds Plus: A Step-by-Step Guide At Rx Meds Plus, we\u2019ve made the process of buying medications online as simple and hassle-free as","breadcrumb":{"@id":"https:\/\/rxmedsplus.com\/how-to-buy-medicine-online-from-my-underground-meds\/#breadcrumb"},"inLanguage":"de","potentialAction":[{"@type":"ReadAction","target":["https:\/\/rxmedsplus.com\/how-to-buy-medicine-online-from-my-underground-meds\/"]}]},{"@type":"BreadcrumbList","@id":"https:\/\/rxmedsplus.com\/how-to-buy-medicine-online-from-my-underground-meds\/#breadcrumb","itemListElement":[{"@type":"ListItem","position":1,"name":"Home","item":"https:\/\/rxmedsplus.com\/"},{"@type":"ListItem","position":2,"name":"How to Buy Medicine Online from Rx Meds Plus"}]},{"@type":"WebSite","@id":"https:\/\/rxmedsplus.com\/#website","url":"https:\/\/rxmedsplus.com\/","name":"Meine U-Bahn-Meds","description":"Buy Prescription Meds and Pills Online with Fast Delivery","potentialAction":[{"@type":"SearchAction","target":{"@type":"EntryPoint","urlTemplate":"https:\/\/rxmedsplus.com\/?s={search_term_string}"},"query-input":{"@type":"PropertyValueSpecification","valueRequired":true,"valueName":"search_term_string"}}],"inLanguage":"de"}]}},"_links":{"self":[{"href":"https:\/\/rxmedsplus.com\/de\/wp-json\/wp\/v2\/pages\/2139","targetHints":{"allow":["GET"]}}],"collection":[{"href":"https:\/\/rxmedsplus.com\/de\/wp-json\/wp\/v2\/pages"}],"about":[{"href":"https:\/\/rxmedsplus.com\/de\/wp-json\/wp\/v2\/types\/page"}],"author":[{"embeddable":true,"href":"https:\/\/rxmedsplus.com\/de\/wp-json\/wp\/v2\/users\/1"}],"replies":[{"embeddable":true,"href":"https:\/\/rxmedsplus.com\/de\/wp-json\/wp\/v2\/comments?post=2139"}],"version-history":[{"count":0,"href":"https:\/\/rxmedsplus.com\/de\/wp-json\/wp\/v2\/pages\/2139\/revisions"}],"wp:attachment":[{"href":"https:\/\/rxmedsplus.com\/de\/wp-json\/wp\/v2\/media?parent=2139"}],"curies":[{"name":"wp","href":"https:\/\/api.w.org\/{rel}","templated":true}]}}