{"id":3683,"date":"2025-09-24T21:56:12","date_gmt":"2025-09-24T21:56:12","guid":{"rendered":"https:\/\/rxmedsplus.com\/?post_type=product&#038;p=3683"},"modified":"2025-09-25T11:02:37","modified_gmt":"2025-09-25T11:02:37","slug":"buy-ritalin-online-2","status":"publish","type":"product","link":"https:\/\/rxmedsplus.com\/de\/product\/buy-ritalin-online-2\/","title":{"rendered":"Buy Ritalin 10mg Online | Schneller &amp; Sicherer Versand USA"},"content":{"rendered":"<h2>Buy Ritalin 10mg Online f\u00fcr ADHS-Behandlung \u2013 Schnell &amp; Diskret Versand USA<\/h2>\n<p>Wenn Sie sind auf der Suche nach einer vertrauensw\u00fcrdigen online-Apotheke zu kaufen, Ritalin 10mg online ohne Rezept, suchen Sie nicht weiter. Wir bieten authentische Ritalin 10mg Tabletten mit schnellen und sicheren USA Versand, gew\u00e4hrleisten schnelle und diskrete Lieferung an Ihre Haust\u00fcr. Als eine seri\u00f6se online-Medikament Hersteller, wir garantieren die hohe Qualit\u00e4t der Arzneimittel zu Kunden in die UNS, Kanada, der EU und weltweit. Ob Sie ben\u00f6tigen, Ritalin f\u00fcr ADHS-management oder kognitive Erweiterung unserer einfachen Bestellvorgang und zuverl\u00e4ssiger service machen uns die bevorzugte Wahl f\u00fcr den Kauf von Ritalin online.<\/p>\n<h3>Was ist Ritalin 10mg &amp; Wie Funktioniert Es?<\/h3>\n<p>Ritalin 10mg ist ein verschreibungspflichtiges Stimulans mit Methylphenidat, ein Stimulans des zentralen Nervensystems, die verbessert Fokus, Aufmerksamkeit und Impulskontrolle. Es ist in Erster Linie f\u00fcr die Behandlung von Aufmerksamkeits-Defizit-Hyperaktivit\u00e4ts-St\u00f6rung (ADHS) und Narkolepsie. Durch die Beeinflussung von Neurotransmittern im Gehirn, Ritalin verbessert die geistige Klarheit, Konzentration und Produktivit\u00e4t, so dass es ein gefragter Medikament f\u00fcr Studenten, Fachleute und Menschen mit ADHS.<\/p>\n<h4>Vorteile von Ritalin 10mg<\/h4>\n<p>&#8211; <strong>Verbessert Fokus Und Konzentration<\/strong> \u2013 Verbessert die kognitive Leistung und Aufmerksamkeit Spanne.<br \/>\n&#8211; <strong>Reduziert Hyperaktivit\u00e4t &amp; Impulsivit\u00e4t<\/strong> \u2013 Hilft bei der Verwaltung der ADHS-Symptome effektiv.<br \/>\n&#8211; <strong>Erh\u00f6ht Geistige Energie<\/strong> \u2013 Erh\u00f6ht die Wachsamkeit und verringert die M\u00fcdigkeit.<br \/>\n&#8211; <strong>Sicher &amp; Schnell Wirkende Formel<\/strong> \u2013 Liefert schnelle Ergebnisse innerhalb von 30-60 Minuten nach der Einnahme.<\/p>\n<h3>Empfohlene Dosierung &amp; Nutzung-Richtlinien<\/h3>\n<p>F\u00fcr Anf\u00e4nger und diejenigen mit geringer Toleranz, eine 10-mg-Dosierung ist ideal. Die meisten Benutzer nehmen Sie 1-2 Tabletten t\u00e4glich, je nach medizinischer Beratung oder die pers\u00f6nliche Toleranz. Hier ist eine Allgemeine Anleitung:<br \/>\n&#8211; <strong>ADHS-Behandlung:<\/strong> Eine halbe bis eine Tablette (5-10 mg) eingenommen 2-3 mal pro Tag, wie gebraucht.<br \/>\n&#8211; <strong>Kognitive Verbesserung:<\/strong> Eine Tablette (10 mg) morgens oder vor dem geistig anspruchsvollen Aufgaben.<\/p>\n<p>Beginnen Sie immer mit einer niedrigeren Dosis zu beurteilen, Toleranz. Vermeiden Sie die \u00fcberschreitung 60mg in einem einzigen Tag um Nebenwirkungen zu vermeiden.<\/p>\n<h3>Warum Kaufen Sie Ritalin 10mg kaufen von Uns?<\/h3>\n<p>1. <strong>Kein Rezept Notwendig<\/strong> \u2013 \u00dcberspringen Sie die M\u00fche des Arzt-Besuche und bekommen Ritalin, schnell und diskret.<br \/>\n2. <strong>Garantierte Echtheit<\/strong> \u2013 Wir liefern nur Original -, Labor-getestet Ritalin von vertrauensw\u00fcrdigen Herstellern.<br \/>\n3. <strong>Schnell &amp; Sicher Versand USA<\/strong> \u2013 Lieferung innerhalb 2-5 Tage in die USA, mit tracking und diskreten Verpackung.<br \/>\n4. <strong>Weltweiter Versand Verf\u00fcgbar<\/strong> \u2013 F\u00fcr Kunden in den USA, Kanada, der EU und weltweit.<\/p>\n<h3>M\u00f6gliche Nebenwirkungen Und Vorsichtsma\u00dfnahmen<\/h3>\n<p>W\u00e4hrend Ritalin 10mg ist in der Regel sicher, wenn verwendet, richtig, einige k\u00f6nnen erleben milde Nebenwirkungen, einschlie\u00dflich:<br \/>\n\u2013 Schlaflosigkeit oder Schlafst\u00f6rungen<br \/>\n\u2013 Verminderter Appetit<br \/>\n\u2013 Kopfschmerzen oder Schwindel<br \/>\n\u2013 Leichte Nervosit\u00e4t<\/p>\n<p>Um die Risiken zu minimieren, vermeiden Sie Alkohol und Koffein w\u00e4hrend der Verwendung von Ritalin. Nicht kombinieren Sie es mit anderen Stimulanzien ohne \u00e4rztliche Aufsicht.<\/p>\n<h3>Wo Kaufen Ritalin 10mg Online Sicher<\/h3>\n<p>Die Suche nach einer zuverl\u00e4ssigen Quelle zu kaufen, Ritalin 10mg online ist von entscheidender Bedeutung. Als Vertrauensw\u00fcrdige online-Apotheke, wir garantieren:<br \/>\n&#8211; <strong>Sichere Zahlung Optionen<\/strong> \u2013 Mehrere Zahlung Methoden f\u00fcr die Bequemlichkeit.<br \/>\n&#8211; <strong>100% Diskrete Verpackung<\/strong> \u2013 Keine Etiketten \u00fcber den Inhalt.<br \/>\n&#8211; <strong>24\/7 Kunden-Support<\/strong> \u2013 Unterst\u00fctzung bei jedem Schritt Ihrer Bestellung.<\/p>\n<h3>Ritalin 10mg bestellen Sie Ihre Heute und Genie\u00dfen Schnelle Lieferung<\/h3>\n<p>Lassen Sie sich nicht von ADHS oder Mangel an Fokus halten Sie zur\u00fcck. Buy Ritalin 10mg online von einem vertrauensw\u00fcrdigen Anbieter und Erfahrung verbessert geistige Leistung mit schnelle und sichere Versand. Egal, ob Sie in den USA, in Kanada oder anderswo in der Welt, wir liefern prompt mit garantierter Vertraulichkeit.<\/p>\n<p><strong>Bestellen Sie jetzt und erhalten Sie Ihre Ritalin 10mg diskret geliefert zu Ihrer T\u00fcr!<\/strong><\/p>","protected":false},"excerpt":{"rendered":"<p>Brauchen eine schnelle, zuverl\u00e4ssige L\u00f6sung f\u00fcr ADHS? Buy Ritalin 10mg online mit schnellen, sicheren USA, Versand\u2014kein Rezept erforderlich. Unsere von der FDA zugelassene Methylphenidat-Tabletten, die helfen k\u00f6nnen, Fokus und Hyperaktivit\u00e4t wirksam. Genie\u00dfen Sie einen stressfreien Kaufabwicklung und diskret Haust\u00fcr Lieferung. W\u00e4hlen Sie Vertrauensw\u00fcrdige Qualit\u00e4t mit Bereich Pharma-Shop heute!<\/p>","protected":false},"featured_media":3717,"comment_status":"open","ping_status":"closed","template":"","meta":{"site-sidebar-layout":"default","site-content-layout":"","ast-site-content-layout":"default","site-content-style":"default","site-sidebar-style":"default","ast-global-header-display":"","ast-banner-title-visibility":"","ast-main-header-display":"","ast-hfb-above-header-display":"","ast-hfb-below-header-display":"","ast-hfb-mobile-header-display":"","site-post-title":"","ast-breadcrumbs-content":"","ast-featured-img":"","footer-sml-layout":"","ast-disable-related-posts":"","theme-transparent-header-meta":"default","adv-header-id-meta":"","stick-header-meta":"default","header-above-stick-meta":"","header-main-stick-meta":"","header-below-stick-meta":"","astra-migrate-meta-layouts":"set","ast-page-background-enabled":"default","ast-page-background-meta":{"desktop":{"background-color":"","background-image":"","background-repeat":"repeat","background-position":"center center","background-size":"auto","background-attachment":"scroll","background-type":"","background-media":"","overlay-type":"","overlay-color":"","overlay-opacity":"","overlay-gradient":""},"tablet":{"background-color":"","background-image":"","background-repeat":"repeat","background-position":"center center","background-size":"auto","background-attachment":"scroll","background-type":"","background-media":"","overlay-type":"","overlay-color":"","overlay-opacity":"","overlay-gradient":""},"mobile":{"background-color":"","background-image":"","background-repeat":"repeat","background-position":"center center","background-size":"auto","background-attachment":"scroll","background-type":"","background-media":"","overlay-type":"","overlay-color":"","overlay-opacity":"","overlay-gradient":""}},"ast-content-background-meta":{"desktop":{"background-color":"var(--ast-global-color-5)","background-image":"","background-repeat":"repeat","background-position":"center center","background-size":"auto","background-attachment":"scroll","background-type":"","background-media":"","overlay-type":"","overlay-color":"","overlay-opacity":"","overlay-gradient":""},"tablet":{"background-color":"var(--ast-global-color-5)","background-image":"","background-repeat":"repeat","background-position":"center center","background-size":"auto","background-attachment":"scroll","background-type":"","background-media":"","overlay-type":"","overlay-color":"","overlay-opacity":"","overlay-gradient":""},"mobile":{"background-color":"var(--ast-global-color-5)","background-image":"","background-repeat":"repeat","background-position":"center center","background-size":"auto","background-attachment":"scroll","background-type":"","background-media":"","overlay-type":"","overlay-color":"","overlay-opacity":"","overlay-gradient":""}}},"product_brand":[],"product_cat":[37],"product_tag":[241,247,632,1070,1068,1067,1069,251,1066,1071],"class_list":{"0":"post-3683","1":"product","2":"type-product","3":"status-publish","4":"has-post-thumbnail","6":"product_cat-buy-pain-relief-medication-online","7":"product_tag-adhd-medication","8":"product_tag-adhd-treatment","9":"product_tag-buy-ritalin-online","10":"product_tag-cognitive-enhancer","11":"product_tag-fast-usa-shipping","12":"product_tag-methylphenidate","13":"product_tag-no-prescription-ritalin","14":"product_tag-online-pharmacy","15":"product_tag-ritalin-10mg","16":"product_tag-secure-ritalin-purchase","17":"desktop-align-left","18":"tablet-align-left","19":"mobile-align-left","20":"ast-product-gallery-layout-horizontal-slider","21":"ast-product-gallery-with-no-image","22":"ast-magnify-disabled","23":"ast-product-single-variable","24":"ast-product-tabs-layout-horizontal","26":"first","27":"instock","28":"shipping-taxable","29":"purchasable","30":"product-type-variable"},"yoast_head":"<!-- This site is optimized with the Yoast SEO Premium plugin v26.0 (Yoast SEO v27.4) - https:\/\/yoast.com\/product\/yoast-seo-premium-wordpress\/ -->\n<title>Buy Ritalin 10mg Online | Fast &amp; Secure USA Shipping &#187; Rx Meds Plus<\/title>\n<meta name=\"description\" content=\"Buy Ritalin online for ADHD treatment with fast, secure USA shipping. Get authentic Ritalin 10mg tablets delivered discreetly \u2013 order now!\" \/>\n<meta name=\"robots\" content=\"noindex, follow, max-snippet:-1, max-image-preview:large, max-video-preview:-1\" \/>\n<meta property=\"og:locale\" content=\"de_DE\" \/>\n<meta property=\"og:type\" content=\"article\" \/>\n<meta property=\"og:title\" content=\"Buy Ritalin 10mg Online | Fast &amp; Secure USA Shipping\" \/>\n<meta property=\"og:description\" content=\"Buy Ritalin online for ADHD treatment with fast, secure USA shipping. Get authentic Ritalin 10mg tablets delivered discreetly \u2013 order now!\" \/>\n<meta property=\"og:url\" content=\"https:\/\/rxmedsplus.com\/de\/product\/buy-ritalin-online-2\/\" \/>\n<meta property=\"og:site_name\" content=\"Rx Meds Plus\" \/>\n<meta property=\"article:modified_time\" content=\"2025-09-25T11:02:37+00:00\" \/>\n<meta property=\"og:image\" content=\"https:\/\/mlehknw8zzux.i.optimole.com\/w:450\/h:450\/q:mauto\/f:best\/https:\/\/rxmedsplus.com\/wp-content\/uploads\/2025\/09\/ee33eq2ss.jpg\" \/>\n\t<meta property=\"og:image:width\" content=\"450\" \/>\n\t<meta property=\"og:image:height\" content=\"450\" \/>\n\t<meta property=\"og:image:type\" content=\"image\/jpeg\" \/>\n<meta name=\"twitter:card\" content=\"summary_large_image\" \/>\n<meta name=\"twitter:label1\" content=\"Verf\u00fcgbarkeit\" \/>\n\t<meta name=\"twitter:data1\" content=\"Auf Lager\" \/>\n<script type=\"application\/ld+json\" class=\"yoast-schema-graph\">{\"@context\":\"https:\\\/\\\/schema.org\",\"@graph\":[{\"@type\":\"WebPage\",\"@id\":\"https:\\\/\\\/rxmedsplus.com\\\/product\\\/buy-ritalin-online-2\\\/\",\"url\":\"https:\\\/\\\/rxmedsplus.com\\\/product\\\/buy-ritalin-online-2\\\/\",\"name\":\"Buy Ritalin 10mg Online | Fast & Secure USA Shipping &#187; Rx Meds Plus\",\"isPartOf\":{\"@id\":\"https:\\\/\\\/rxmedsplus.com\\\/#website\"},\"primaryImageOfPage\":{\"@id\":\"https:\\\/\\\/rxmedsplus.com\\\/product\\\/buy-ritalin-online-2\\\/#primaryimage\"},\"image\":{\"@id\":\"https:\\\/\\\/rxmedsplus.com\\\/product\\\/buy-ritalin-online-2\\\/#primaryimage\"},\"thumbnailUrl\":\"https:\\\/\\\/rxmedsplus.com\\\/wp-content\\\/uploads\\\/2025\\\/09\\\/ee33eq2ss.jpg\",\"datePublished\":\"2025-09-24T21:56:12+00:00\",\"dateModified\":\"2025-09-25T11:02:37+00:00\",\"description\":\"Buy Ritalin online for ADHD treatment with fast, secure USA shipping. Get authentic Ritalin 10mg tablets delivered discreetly \u2013 order now!\",\"breadcrumb\":{\"@id\":\"https:\\\/\\\/rxmedsplus.com\\\/product\\\/buy-ritalin-online-2\\\/#breadcrumb\"},\"inLanguage\":\"de\",\"potentialAction\":[{\"@type\":\"ReadAction\",\"target\":[\"https:\\\/\\\/rxmedsplus.com\\\/product\\\/buy-ritalin-online-2\\\/\"]}]},{\"@type\":\"ImageObject\",\"inLanguage\":\"de\",\"@id\":\"https:\\\/\\\/rxmedsplus.com\\\/product\\\/buy-ritalin-online-2\\\/#primaryimage\",\"url\":\"https:\\\/\\\/rxmedsplus.com\\\/wp-content\\\/uploads\\\/2025\\\/09\\\/ee33eq2ss.jpg\",\"contentUrl\":\"https:\\\/\\\/rxmedsplus.com\\\/wp-content\\\/uploads\\\/2025\\\/09\\\/ee33eq2ss.jpg\",\"width\":450,\"height\":450},{\"@type\":\"BreadcrumbList\",\"@id\":\"https:\\\/\\\/rxmedsplus.com\\\/product\\\/buy-ritalin-online-2\\\/#breadcrumb\",\"itemListElement\":[{\"@type\":\"ListItem\",\"position\":1,\"name\":\"Home\",\"item\":\"https:\\\/\\\/rxmedsplus.com\\\/\"},{\"@type\":\"ListItem\",\"position\":2,\"name\":\"Shop\",\"item\":\"https:\\\/\\\/rxmedsplus.com\\\/shop\\\/\"},{\"@type\":\"ListItem\",\"position\":3,\"name\":\"Buy Ritalin 10mg Online | Fast &#038; Secure USA Shipping\"}]},{\"@type\":\"WebSite\",\"@id\":\"https:\\\/\\\/rxmedsplus.com\\\/#website\",\"url\":\"https:\\\/\\\/rxmedsplus.com\\\/\",\"name\":\"Rx Meds Plus\",\"description\":\"Buy Prescription Meds and Pills Online with Fast Delivery\",\"potentialAction\":[{\"@type\":\"SearchAction\",\"target\":{\"@type\":\"EntryPoint\",\"urlTemplate\":\"https:\\\/\\\/rxmedsplus.com\\\/?s={search_term_string}\"},\"query-input\":{\"@type\":\"PropertyValueSpecification\",\"valueRequired\":true,\"valueName\":\"search_term_string\"}}],\"inLanguage\":\"de\"}]}<\/script>\n<meta property=\"og:availability\" content=\"instock\" \/>\n<meta property=\"product:availability\" content=\"instock\" \/>\n<meta property=\"product:retailer_item_id\" content=\"kpWQLnAtfR\" \/>\n<meta property=\"product:condition\" content=\"new\" \/>\n<!-- \/ Yoast SEO Premium plugin. -->","yoast_head_json":{"title":"Buy Ritalin 10mg Online | Fast & Secure USA Shipping &#187; Rx Meds Plus","description":"Kaufen Ritalin online, ADHD Behandlung mit schnellen, sicheren USA Versand. Holen Sie sich authentische Ritalin 10mg Tabletten geliefert, diskret \u2013 jetzt bestellen!","robots":{"index":"noindex","follow":"follow","max-snippet":"max-snippet:-1","max-image-preview":"max-image-preview:large","max-video-preview":"max-video-preview:-1"},"og_locale":"de_DE","og_type":"article","og_title":"Buy Ritalin 10mg Online | Fast & Secure USA Shipping","og_description":"Buy Ritalin online for ADHD treatment with fast, secure USA shipping. Get authentic Ritalin 10mg tablets delivered discreetly \u2013 order now!","og_url":"https:\/\/rxmedsplus.com\/de\/product\/buy-ritalin-online-2\/","og_site_name":"Rx Meds Plus","article_modified_time":"2025-09-25T11:02:37+00:00","og_image":[{"width":450,"height":450,"url":"https:\/\/mlehknw8zzux.i.optimole.com\/w:450\/h:450\/q:mauto\/f:best\/https:\/\/rxmedsplus.com\/wp-content\/uploads\/2025\/09\/ee33eq2ss.jpg","type":"image\/jpeg"}],"twitter_card":"summary_large_image","twitter_misc":{"Verf\u00fcgbarkeit":"Auf Lager"},"schema":{"@context":"https:\/\/schema.org","@graph":[{"@type":"WebPage","@id":"https:\/\/rxmedsplus.com\/product\/buy-ritalin-online-2\/","url":"https:\/\/rxmedsplus.com\/product\/buy-ritalin-online-2\/","name":"Buy Ritalin 10mg Online | Fast & Secure USA Shipping &#187; Rx Meds Plus","isPartOf":{"@id":"https:\/\/rxmedsplus.com\/#website"},"primaryImageOfPage":{"@id":"https:\/\/rxmedsplus.com\/product\/buy-ritalin-online-2\/#primaryimage"},"image":{"@id":"https:\/\/rxmedsplus.com\/product\/buy-ritalin-online-2\/#primaryimage"},"thumbnailUrl":"https:\/\/rxmedsplus.com\/wp-content\/uploads\/2025\/09\/ee33eq2ss.jpg","datePublished":"2025-09-24T21:56:12+00:00","dateModified":"2025-09-25T11:02:37+00:00","description":"Kaufen Ritalin online, ADHD Behandlung mit schnellen, sicheren USA Versand. Holen Sie sich authentische Ritalin 10mg Tabletten geliefert, diskret \u2013 jetzt bestellen!","breadcrumb":{"@id":"https:\/\/rxmedsplus.com\/product\/buy-ritalin-online-2\/#breadcrumb"},"inLanguage":"de","potentialAction":[{"@type":"ReadAction","target":["https:\/\/rxmedsplus.com\/product\/buy-ritalin-online-2\/"]}]},{"@type":"ImageObject","inLanguage":"de","@id":"https:\/\/rxmedsplus.com\/product\/buy-ritalin-online-2\/#primaryimage","url":"https:\/\/rxmedsplus.com\/wp-content\/uploads\/2025\/09\/ee33eq2ss.jpg","contentUrl":"https:\/\/rxmedsplus.com\/wp-content\/uploads\/2025\/09\/ee33eq2ss.jpg","width":450,"height":450},{"@type":"BreadcrumbList","@id":"https:\/\/rxmedsplus.com\/product\/buy-ritalin-online-2\/#breadcrumb","itemListElement":[{"@type":"ListItem","position":1,"name":"Home","item":"https:\/\/rxmedsplus.com\/"},{"@type":"ListItem","position":2,"name":"Shop","item":"https:\/\/rxmedsplus.com\/shop\/"},{"@type":"ListItem","position":3,"name":"Buy Ritalin 10mg Online | Fast &#038; Secure USA Shipping"}]},{"@type":"WebSite","@id":"https:\/\/rxmedsplus.com\/#website","url":"https:\/\/rxmedsplus.com\/","name":"Meine U-Bahn-Meds","description":"Buy Prescription Meds and Pills Online with Fast Delivery","potentialAction":[{"@type":"SearchAction","target":{"@type":"EntryPoint","urlTemplate":"https:\/\/rxmedsplus.com\/?s={search_term_string}"},"query-input":{"@type":"PropertyValueSpecification","valueRequired":true,"valueName":"search_term_string"}}],"inLanguage":"de"}]},"og_availability":"instock","product_availability":"instock","product_retailer_item_id":"kpWQLnAtfR","product_condition":"new"},"_links":{"self":[{"href":"https:\/\/rxmedsplus.com\/de\/wp-json\/wp\/v2\/product\/3683","targetHints":{"allow":["GET"]}}],"collection":[{"href":"https:\/\/rxmedsplus.com\/de\/wp-json\/wp\/v2\/product"}],"about":[{"href":"https:\/\/rxmedsplus.com\/de\/wp-json\/wp\/v2\/types\/product"}],"replies":[{"embeddable":true,"href":"https:\/\/rxmedsplus.com\/de\/wp-json\/wp\/v2\/comments?post=3683"}],"wp:featuredmedia":[{"embeddable":true,"href":"https:\/\/rxmedsplus.com\/de\/wp-json\/wp\/v2\/media\/3717"}],"wp:attachment":[{"href":"https:\/\/rxmedsplus.com\/de\/wp-json\/wp\/v2\/media?parent=3683"}],"wp:term":[{"taxonomy":"product_brand","embeddable":true,"href":"https:\/\/rxmedsplus.com\/de\/wp-json\/wp\/v2\/product_brand?post=3683"},{"taxonomy":"product_cat","embeddable":true,"href":"https:\/\/rxmedsplus.com\/de\/wp-json\/wp\/v2\/product_cat?post=3683"},{"taxonomy":"product_tag","embeddable":true,"href":"https:\/\/rxmedsplus.com\/de\/wp-json\/wp\/v2\/product_tag?post=3683"}],"curies":[{"name":"wp","href":"https:\/\/api.w.org\/{rel}","templated":true}]}}