{"id":2124,"date":"2024-10-24T13:29:56","date_gmt":"2024-10-24T13:29:56","guid":{"rendered":"https:\/\/rxmedsplus.com\/?page_id=2124"},"modified":"2025-09-23T10:42:59","modified_gmt":"2025-09-23T10:42:59","slug":"shipping-and-delivery-policy","status":"publish","type":"page","link":"https:\/\/rxmedsplus.com\/es\/shipping-and-delivery-policy\/","title":{"rendered":"Pol\u00edtica de env\u00edo y Entrega"},"content":{"rendered":"<div data-elementor-type=\"wp-page\" data-elementor-id=\"2124\" class=\"elementor elementor-2124\">\n\t\t\t\t<div class=\"elementor-element elementor-element-9ae4be0 e-flex e-con-boxed e-con e-parent\" data-id=\"9ae4be0\" data-element_type=\"container\" data-e-type=\"container\">\n\t\t\t\t\t<div class=\"e-con-inner\">\n\t\t<div class=\"elementor-element elementor-element-1e52ba6 e-con-full e-flex e-con e-child\" data-id=\"1e52ba6\" data-element_type=\"container\" data-e-type=\"container\">\n\t\t\t\t<div class=\"elementor-element elementor-element-cbe21a9 elementor-widget elementor-widget-heading\" data-id=\"cbe21a9\" data-element_type=\"widget\" data-e-type=\"widget\" data-widget_type=\"heading.default\">\n\t\t\t\t<div class=\"elementor-widget-container\">\n\t\t\t\t\t<h1 class=\"elementor-heading-title elementor-size-default\">Env\u00edo Y Entrega De La Pol\u00edtica De<\/h1>\t\t\t\t<\/div>\n\t\t\t\t<\/div>\n\t\t\t\t<\/div>\n\t\t\t\t\t<\/div>\n\t\t\t\t<\/div>\n\t\t<div class=\"elementor-element elementor-element-81bbcf9 e-flex e-con-boxed e-con e-parent\" data-id=\"81bbcf9\" data-element_type=\"container\" data-e-type=\"container\" data-settings=\"{&quot;background_background&quot;:&quot;classic&quot;}\">\n\t\t\t\t\t<div class=\"e-con-inner\">\n\t\t<div class=\"elementor-element elementor-element-feacb1e e-con-full e-flex e-con e-child\" data-id=\"feacb1e\" data-element_type=\"container\" data-e-type=\"container\">\n\t\t\t\t<div class=\"elementor-element elementor-element-9230e6e elementor-widget elementor-widget-text-editor\" data-id=\"9230e6e\" data-element_type=\"widget\" data-e-type=\"widget\" data-widget_type=\"text-editor.default\">\n\t\t\t\t<div class=\"elementor-widget-container\">\n\t\t\t\t\t\t\t\t\t<p>En <strong>Mi Metro Medicamentos<\/strong>somos conscientes de la importancia de recibir sus medicamentos de forma r\u00e1pida y discretamente. Es por eso que ofrecemos <strong>r\u00e1pido<\/strong>, <strong>fiable<\/strong>y <strong>seguro de env\u00edo<\/strong> opciones para satisfacer las necesidades de nuestros clientes, tanto a nivel nacional como internacional. Por favor, lee nuestra <strong>Pol\u00edtica de env\u00edo y Entrega<\/strong> para entender c\u00f3mo procesar y entregar sus pedidos.<\/p><h2>1. <strong>Opciones de env\u00edo y Tiempos de Entrega<\/strong><\/h2><p>Estamos comprometidos a proporcionar la entrega r\u00e1pida y segura de todos los \u00f3rdenes, si usted se encuentra ubicado en la <strong>Estados UNIDOS<\/strong>, <strong>Canad\u00e1<\/strong>o en cualquier lugar en todo el mundo.<\/p><h3>1.1 <strong>Gastos de Env\u00edo nacional (EE.UU. y Canad\u00e1)<\/strong><\/h3><p>Para los clientes en el <strong>Estados Unidos<\/strong> y <strong>Canad\u00e1<\/strong>ofrecemos <strong>env\u00edo el mismo d\u00eda<\/strong> en todos los pedidos realizados antes de nuestro tiempo de corte. Los tiempos de entrega var\u00edan dependiendo de su ubicaci\u00f3n:<\/p><ul><li><strong>Entrega En El Mismo D\u00eda<\/strong>: Para seleccionar los lugares. Los pedidos realizados antes de la hora de cierre ser\u00e1 entregado el mismo d\u00eda.<\/li><li><strong>Entrega Est\u00e1ndar<\/strong>: 1-2 d\u00edas laborales, dependiendo de su ubicaci\u00f3n.<\/li><li><strong>Env\u00edo Gratis<\/strong>: Disponible en pedidos por encima de un cierto valor (cantidad especificada durante el proceso de compra).<\/li><\/ul><h3>1.2 <strong>Env\u00edo Internacional<\/strong><\/h3><p>Estamos orgullosos de ofrecer <strong>env\u00edo en todo el mundo<\/strong> a <strong>Australia<\/strong>, <strong>el reino unido<\/strong>, <strong>Alemania<\/strong>, <strong>Francia<\/strong>, <strong>Los pa\u00edses de la UE<\/strong>, y m\u00e1s. Los tiempos de entrega para los pedidos internacionales pueden variar basado en el procesamiento de aduanas y ubicaci\u00f3n:<\/p><ul><li><strong>Est\u00e1ndar Internacional De Env\u00edo<\/strong>: 3 a 7 d\u00edas h\u00e1biles, dependiendo del destino.<\/li><li><strong>Acelerado De Env\u00edo Internacional<\/strong>: De 2 a 5 d\u00edas h\u00e1biles (donde est\u00e9 disponible).<\/li><li><strong>El Despacho De Aduanas<\/strong>: Los env\u00edos internacionales pueden estar sujetos a inspecciones de aduana, lo que podr\u00eda prolongar los tiempos de entrega.<\/li><\/ul><h3>1.3 <strong>Env\u00edo Tiempos De Corte<\/strong><\/h3><p>Los pedidos realizados antes de <strong>12:00 PM PST (Hora Est\u00e1ndar del Pac\u00edfico)<\/strong> los d\u00edas h\u00e1biles ser\u00e1n procesados el mismo d\u00eda. Los pedidos realizados despu\u00e9s de este tiempo, o en fines de semana y festivos, ser\u00e1n procesados el siguiente d\u00eda h\u00e1bil.<\/p><h2>2. <strong>Los Gastos De Env\u00edo<\/strong><\/h2><p>Los gastos de env\u00edo se calculan seg\u00fan el m\u00e9todo de env\u00edo seleccionado y de la de destino. El costo de env\u00edo se mostrar\u00e1 durante el proceso de compra antes de completar tu pedido.<\/p><ul><li><strong>Gastos De Env\u00edo Nacional<\/strong> (EE.UU. y Canad\u00e1): los Precios comienzan en una tarifa plana, con el env\u00edo gratuito para pedidos por encima de un cierto valor.<\/li><li><strong>Env\u00edo Internacional<\/strong>: Los gastos de env\u00edo se calculan en funci\u00f3n del pa\u00eds de destino y del m\u00e9todo de env\u00edo elegido. Se pueden aplicar cargos adicionales por env\u00edo urgente.<\/li><\/ul><h2>3. <strong>Embalaje Discreto<\/strong><\/h2><p>Su privacidad es importante para nosotros. Todos los pedidos son enviados en <strong>embalaje discreto<\/strong> para proteger su confidencialidad. No habr\u00e1 ninguna menci\u00f3n de los contenidos o el nombre de nuestra farmacia en el exterior del paquete, garantizando la completa discreci\u00f3n.<\/p><h2>4. <strong>Seguimiento De Pedidos<\/strong><\/h2><p>Una vez que su pedido ha sido enviado, usted recibir\u00e1 un <strong>n\u00famero de seguimiento<\/strong> a trav\u00e9s de correo electr\u00f3nico, lo que permite monitorear su env\u00edo en tiempo real. Usted puede rastrear su pedido directamente en nuestra web o a trav\u00e9s de la mensajer\u00eda del servicio de seguimiento.<\/p><ul><li><strong>Nacionales De Seguimiento<\/strong>: Actualizaciones en tiempo Real de los pedidos dentro de los estados UNIDOS y Canad\u00e1.<\/li><li><strong>Internacional De Seguimiento<\/strong>: Actualizaciones en tiempo Real de los env\u00edos internacionales. Por favor, tenga en cuenta que el seguimiento puede variar dependiendo de la compa\u00f1\u00eda y los reglamentos de aduanas de su pa\u00eds de destino.<\/li><\/ul><h2>5. <strong>De aduana (Para Pedidos Internacionales)<\/strong><\/h2><p>Los env\u00edos internacionales pueden estar sujetos a <strong>las inspecciones de aduana<\/strong>, lo que podr\u00eda resultar en retrasos. Usted, como comprador, son responsables de los derechos de aduana, impuestos o tasas adicionales impuestas por su pa\u00eds oficina de aduanas. Por favor, aseg\u00farese de que est\u00e1 familiarizado con su pa\u00eds las regulaciones de importaci\u00f3n de los medicamentos.<\/p><p><strong>Nota:<\/strong> Mi Metro Medicamentos no es responsable por cualquier aduana problemas o retrasos causados por el despacho de aduanas de los procesos.<\/p><h2>6. <strong>La p\u00e9rdida o Retraso de los Paquetes<\/strong><\/h2><p>Mientras hacemos todo lo posible para garantizar la entrega oportuna, en ocasiones, los paquetes pueden ser retrasados o perdidos durante el tr\u00e1nsito. Si usted cree que su pedido ha sido perdido o se retrasa, p\u00f3ngase en contacto con nuestro <strong>equipo de soporte al cliente<\/strong> tan pronto como sea posible.<\/p><ul><li><strong>Los Paquetes Perdidos<\/strong>: Si el paquete est\u00e1 confirmado perdido, vamos a ofrecer un <strong>reemplazo<\/strong> o <strong>reembolso completo<\/strong> como parte de nuestro <strong>100% garant\u00eda de entrega<\/strong>.<\/li><li><strong>Retraso De Los Paquetes<\/strong>: Retrasos pueden ocurrir debido a razones fuera de nuestro control, tales como el despacho de aduanas o de mensajer\u00eda problemas. Vamos a trabajar con usted para realizar el seguimiento del paquete y aseg\u00farese de que se llegue a usted tan pronto como sea posible.<\/li><\/ul><h2>7. <strong>Problemas De Entrega<\/strong><\/h2><p>Si tu paquete llega da\u00f1ado o con art\u00edculos incorrectos, por favor p\u00f3ngase en contacto con nosotros dentro de <strong>48 horas<\/strong> de la recepci\u00f3n de su pedido. Vamos a investigar el problema y, si es necesario, ofrecer un reemplazo o un reembolso.<\/p><ul><li><strong>El Caso De Paquetes Da\u00f1ados<\/strong>: Si el paquete est\u00e1 da\u00f1ado durante el env\u00edo, por favor proporcione fotograf\u00edas de los da\u00f1os, y vamos a trabajar con usted para resolver el problema a la brevedad.<\/li><li><strong>\u00d3rdenes Incorrectas<\/strong>: Si usted recibe el producto incorrecto, p\u00f3ngase en contacto con nosotros de inmediato, y haremos los arreglos para un reemplazo o un reembolso.<\/li><\/ul><h2>8. <strong>No Se Pueden Entregar Los Paquetes<\/strong><\/h2><p>Si el paquete es devuelto a nosotros debido a un <strong>la direcci\u00f3n incorrecta<\/strong> o porque era <strong>no reclamada<\/strong>nos pondremos en contacto con usted para acordar el reenv\u00edo. Cualquier adicional de gastos de env\u00edo incurridos para la re-entrega ser\u00e1 responsabilidad de el cliente.<\/p><h2>9. <strong>C\u00f3mo Contactar con Nosotros<\/strong><\/h2><p>Si usted tiene alguna pregunta o inquietud con respecto a su env\u00edo o necesita ayuda con el seguimiento de su pedido, p\u00f3ngase en contacto con nuestro <strong>equipo de soporte al cliente<\/strong>:<\/p><ul><li><strong>Correo electr\u00f3nico<\/strong>: <a href=\"mailto:sales@rxmedsplus.com\">sales@rxmedsplus.com<\/a><\/li><li><strong>Chat En Vivo<\/strong><\/li><\/ul><p>Estamos comprometidos a asegurar que su experiencia de compra con <strong>Mi Metro Medicamentos<\/strong> es suave, eficiente y satisfactorio. Gracias por elegirnos como su fuente de confianza para el precio asequible, la prescripci\u00f3n de medicamentos.<\/p><p>En <strong>Mi Metro Medicamentos<\/strong>, nuestro objetivo es proporcionar env\u00edo r\u00e1pido y discreto a todos nuestros clientes, sin importar d\u00f3nde se encuentren en el mundo. Su satisfacci\u00f3n es nuestra prioridad, y estamos aqu\u00ed para ayudar a asegurar que usted recibe sus medicamentos de manera segura y a tiempo.<\/p>\t\t\t\t\t\t\t\t<\/div>\n\t\t\t\t<\/div>\n\t\t\t\t<\/div>\n\t\t\t\t\t<\/div>\n\t\t\t\t<\/div>\n\t\t\t\t<\/div>","protected":false},"excerpt":{"rendered":"<p>Shipping &amp; Delivery Policy At Rx Meds Plus, we understand the importance of receiving your medications quickly and discreetly. That\u2019s why we offer fast, reliable, and secure shipping options to meet the needs of our customers, both domestically and internationally. Please read through our Shipping and Delivery Policy to understand how we process and deliver [&hellip;]<\/p>\n","protected":false},"author":1,"featured_media":0,"parent":0,"menu_order":0,"comment_status":"closed","ping_status":"closed","template":"","meta":{"site-sidebar-layout":"no-sidebar","site-content-layout":"page-builder","ast-site-content-layout":"full-width-container","site-content-style":"unboxed","site-sidebar-style":"unboxed","ast-global-header-display":"","ast-banner-title-visibility":"","ast-main-header-display":"","ast-hfb-above-header-display":"","ast-hfb-below-header-display":"","ast-hfb-mobile-header-display":"","site-post-title":"disabled","ast-breadcrumbs-content":"","ast-featured-img":"disabled","footer-sml-layout":"","ast-disable-related-posts":"","theme-transparent-header-meta":"default","adv-header-id-meta":"","stick-header-meta":"","header-above-stick-meta":"","header-main-stick-meta":"","header-below-stick-meta":"","astra-migrate-meta-layouts":"set","ast-page-background-enabled":"default","ast-page-background-meta":{"desktop":{"background-color":"","background-image":"","background-repeat":"repeat","background-position":"center center","background-size":"auto","background-attachment":"scroll","background-type":"","background-media":"","overlay-type":"","overlay-color":"","overlay-opacity":"","overlay-gradient":""},"tablet":{"background-color":"","background-image":"","background-repeat":"repeat","background-position":"center center","background-size":"auto","background-attachment":"scroll","background-type":"","background-media":"","overlay-type":"","overlay-color":"","overlay-opacity":"","overlay-gradient":""},"mobile":{"background-color":"","background-image":"","background-repeat":"repeat","background-position":"center center","background-size":"auto","background-attachment":"scroll","background-type":"","background-media":"","overlay-type":"","overlay-color":"","overlay-opacity":"","overlay-gradient":""}},"ast-content-background-meta":{"desktop":{"background-color":"var(--ast-global-color-5)","background-image":"","background-repeat":"repeat","background-position":"center center","background-size":"auto","background-attachment":"scroll","background-type":"","background-media":"","overlay-type":"","overlay-color":"","overlay-opacity":"","overlay-gradient":""},"tablet":{"background-color":"var(--ast-global-color-5)","background-image":"","background-repeat":"repeat","background-position":"center center","background-size":"auto","background-attachment":"scroll","background-type":"","background-media":"","overlay-type":"","overlay-color":"","overlay-opacity":"","overlay-gradient":""},"mobile":{"background-color":"var(--ast-global-color-5)","background-image":"","background-repeat":"repeat","background-position":"center center","background-size":"auto","background-attachment":"scroll","background-type":"","background-media":"","overlay-type":"","overlay-color":"","overlay-opacity":"","overlay-gradient":""}},"footnotes":""},"class_list":["post-2124","page","type-page","status-publish","hentry"],"yoast_head":"<!-- This site is optimized with the Yoast SEO Premium plugin v26.0 (Yoast SEO v27.4) - https:\/\/yoast.com\/product\/yoast-seo-premium-wordpress\/ -->\n<title>Shipping and Delivery Policy &#187; Rx Meds Plus<\/title>\n<meta name=\"robots\" content=\"noindex, follow\" \/>\n<meta property=\"og:locale\" content=\"es_ES\" \/>\n<meta property=\"og:type\" content=\"article\" \/>\n<meta property=\"og:title\" content=\"Shipping and Delivery Policy\" \/>\n<meta property=\"og:description\" content=\"Shipping &amp; Delivery Policy At Rx Meds Plus, we understand the importance of receiving your medications quickly and discreetly. That\u2019s why we offer fast, reliable, and secure shipping options to meet the needs of our customers, both domestically and internationally. Please read through our Shipping and Delivery Policy to understand how we process and deliver [&hellip;]\" \/>\n<meta property=\"og:url\" content=\"https:\/\/rxmedsplus.com\/es\/shipping-and-delivery-policy\/\" \/>\n<meta property=\"og:site_name\" content=\"Rx Meds Plus\" \/>\n<meta property=\"article:modified_time\" content=\"2025-09-23T10:42:59+00:00\" \/>\n<meta name=\"twitter:card\" content=\"summary_large_image\" \/>\n<meta name=\"twitter:label1\" content=\"Tiempo de lectura\" \/>\n\t<meta name=\"twitter:data1\" content=\"4 minutos\" \/>\n<script type=\"application\/ld+json\" class=\"yoast-schema-graph\">{\"@context\":\"https:\\\/\\\/schema.org\",\"@graph\":[{\"@type\":\"WebPage\",\"@id\":\"https:\\\/\\\/rxmedsplus.com\\\/shipping-and-delivery-policy\\\/\",\"url\":\"https:\\\/\\\/rxmedsplus.com\\\/shipping-and-delivery-policy\\\/\",\"name\":\"Shipping and Delivery Policy &#187; Rx Meds Plus\",\"isPartOf\":{\"@id\":\"https:\\\/\\\/rxmedsplus.com\\\/#website\"},\"datePublished\":\"2024-10-24T13:29:56+00:00\",\"dateModified\":\"2025-09-23T10:42:59+00:00\",\"breadcrumb\":{\"@id\":\"https:\\\/\\\/rxmedsplus.com\\\/shipping-and-delivery-policy\\\/#breadcrumb\"},\"inLanguage\":\"es\",\"potentialAction\":[{\"@type\":\"ReadAction\",\"target\":[\"https:\\\/\\\/rxmedsplus.com\\\/shipping-and-delivery-policy\\\/\"]}]},{\"@type\":\"BreadcrumbList\",\"@id\":\"https:\\\/\\\/rxmedsplus.com\\\/shipping-and-delivery-policy\\\/#breadcrumb\",\"itemListElement\":[{\"@type\":\"ListItem\",\"position\":1,\"name\":\"Home\",\"item\":\"https:\\\/\\\/rxmedsplus.com\\\/\"},{\"@type\":\"ListItem\",\"position\":2,\"name\":\"Shipping and Delivery Policy\"}]},{\"@type\":\"WebSite\",\"@id\":\"https:\\\/\\\/rxmedsplus.com\\\/#website\",\"url\":\"https:\\\/\\\/rxmedsplus.com\\\/\",\"name\":\"Rx Meds Plus\",\"description\":\"Buy Prescription Meds and Pills Online with Fast Delivery\",\"potentialAction\":[{\"@type\":\"SearchAction\",\"target\":{\"@type\":\"EntryPoint\",\"urlTemplate\":\"https:\\\/\\\/rxmedsplus.com\\\/?s={search_term_string}\"},\"query-input\":{\"@type\":\"PropertyValueSpecification\",\"valueRequired\":true,\"valueName\":\"search_term_string\"}}],\"inLanguage\":\"es\"}]}<\/script>\n<!-- \/ Yoast SEO Premium plugin. -->","yoast_head_json":{"title":"Shipping and Delivery Policy &#187; Rx Meds Plus","robots":{"index":"noindex","follow":"follow"},"og_locale":"es_ES","og_type":"article","og_title":"Shipping and Delivery Policy","og_description":"Shipping &amp; Delivery Policy At Rx Meds Plus, we understand the importance of receiving your medications quickly and discreetly. That\u2019s why we offer fast, reliable, and secure shipping options to meet the needs of our customers, both domestically and internationally. Please read through our Shipping and Delivery Policy to understand how we process and deliver [&hellip;]","og_url":"https:\/\/rxmedsplus.com\/es\/shipping-and-delivery-policy\/","og_site_name":"Rx Meds Plus","article_modified_time":"2025-09-23T10:42:59+00:00","twitter_card":"summary_large_image","twitter_misc":{"Tiempo de lectura":"4 minutos"},"schema":{"@context":"https:\/\/schema.org","@graph":[{"@type":"WebPage","@id":"https:\/\/rxmedsplus.com\/shipping-and-delivery-policy\/","url":"https:\/\/rxmedsplus.com\/shipping-and-delivery-policy\/","name":"Shipping and Delivery Policy &#187; Rx Meds Plus","isPartOf":{"@id":"https:\/\/rxmedsplus.com\/#website"},"datePublished":"2024-10-24T13:29:56+00:00","dateModified":"2025-09-23T10:42:59+00:00","breadcrumb":{"@id":"https:\/\/rxmedsplus.com\/shipping-and-delivery-policy\/#breadcrumb"},"inLanguage":"es","potentialAction":[{"@type":"ReadAction","target":["https:\/\/rxmedsplus.com\/shipping-and-delivery-policy\/"]}]},{"@type":"BreadcrumbList","@id":"https:\/\/rxmedsplus.com\/shipping-and-delivery-policy\/#breadcrumb","itemListElement":[{"@type":"ListItem","position":1,"name":"Home","item":"https:\/\/rxmedsplus.com\/"},{"@type":"ListItem","position":2,"name":"Shipping and Delivery Policy"}]},{"@type":"WebSite","@id":"https:\/\/rxmedsplus.com\/#website","url":"https:\/\/rxmedsplus.com\/","name":"Mi Metro Medicamentos","description":"Buy Prescription Meds and Pills Online with Fast Delivery","potentialAction":[{"@type":"SearchAction","target":{"@type":"EntryPoint","urlTemplate":"https:\/\/rxmedsplus.com\/?s={search_term_string}"},"query-input":{"@type":"PropertyValueSpecification","valueRequired":true,"valueName":"search_term_string"}}],"inLanguage":"es"}]}},"_links":{"self":[{"href":"https:\/\/rxmedsplus.com\/es\/wp-json\/wp\/v2\/pages\/2124","targetHints":{"allow":["GET"]}}],"collection":[{"href":"https:\/\/rxmedsplus.com\/es\/wp-json\/wp\/v2\/pages"}],"about":[{"href":"https:\/\/rxmedsplus.com\/es\/wp-json\/wp\/v2\/types\/page"}],"author":[{"embeddable":true,"href":"https:\/\/rxmedsplus.com\/es\/wp-json\/wp\/v2\/users\/1"}],"replies":[{"embeddable":true,"href":"https:\/\/rxmedsplus.com\/es\/wp-json\/wp\/v2\/comments?post=2124"}],"version-history":[{"count":0,"href":"https:\/\/rxmedsplus.com\/es\/wp-json\/wp\/v2\/pages\/2124\/revisions"}],"wp:attachment":[{"href":"https:\/\/rxmedsplus.com\/es\/wp-json\/wp\/v2\/media?parent=2124"}],"curies":[{"name":"wp","href":"https:\/\/api.w.org\/{rel}","templated":true}]}}