{"id":2139,"date":"2024-10-24T13:37:12","date_gmt":"2024-10-24T13:37:12","guid":{"rendered":"https:\/\/rxmedsplus.com\/?page_id=2139"},"modified":"2025-09-25T04:53:24","modified_gmt":"2025-09-25T04:53:24","slug":"how-to-buy-medicine-online-from-my-underground-meds","status":"publish","type":"page","link":"https:\/\/rxmedsplus.com\/es\/how-to-buy-medicine-online-from-my-underground-meds\/","title":{"rendered":"C\u00f3mo Comprar Medicamento Online desde Mi Metro Medicamentos"},"content":{"rendered":"<div data-elementor-type=\"wp-page\" data-elementor-id=\"2139\" class=\"elementor elementor-2139\">\n\t\t\t\t<div class=\"elementor-element elementor-element-9ae4be0 e-flex e-con-boxed e-con e-parent\" data-id=\"9ae4be0\" data-element_type=\"container\" data-e-type=\"container\">\n\t\t\t\t\t<div class=\"e-con-inner\">\n\t\t<div class=\"elementor-element elementor-element-1e52ba6 e-con-full e-flex e-con e-child\" data-id=\"1e52ba6\" data-element_type=\"container\" data-e-type=\"container\">\n\t\t\t\t<div class=\"elementor-element elementor-element-cbe21a9 elementor-widget elementor-widget-heading\" data-id=\"cbe21a9\" data-element_type=\"widget\" data-e-type=\"widget\" data-widget_type=\"heading.default\">\n\t\t\t\t<div class=\"elementor-widget-container\">\n\t\t\t\t\t<h1 class=\"elementor-heading-title elementor-size-default\">C\u00f3mo Comprar Meds de Mi estaci\u00f3n de Metro de Medicamentos: Un paso a Paso Gu\u00eda<\/h1>\t\t\t\t<\/div>\n\t\t\t\t<\/div>\n\t\t\t\t<\/div>\n\t\t\t\t\t<\/div>\n\t\t\t\t<\/div>\n\t\t<div class=\"elementor-element elementor-element-81bbcf9 e-flex e-con-boxed e-con e-parent\" data-id=\"81bbcf9\" data-element_type=\"container\" data-e-type=\"container\" data-settings=\"{&quot;background_background&quot;:&quot;classic&quot;}\">\n\t\t\t\t\t<div class=\"e-con-inner\">\n\t\t<div class=\"elementor-element elementor-element-feacb1e e-con-full e-flex e-con e-child\" data-id=\"feacb1e\" data-element_type=\"container\" data-e-type=\"container\">\n\t\t\t\t<div class=\"elementor-element elementor-element-9230e6e elementor-widget elementor-widget-text-editor\" data-id=\"9230e6e\" data-element_type=\"widget\" data-e-type=\"widget\" data-widget_type=\"text-editor.default\">\n\t\t\t\t<div class=\"elementor-widget-container\">\n\t\t\t\t\t\t\t\t\t<p>En <strong>Mi Metro Medicamentos<\/strong>hemos realizado el proceso de compra <strong>medicamentos<\/strong> en l\u00ednea tan simple y libre de problemas como sea posible. Siga estos sencillos pasos para hacer tu pedido <strong>la ansiedad medicamentos<\/strong>, <strong>el alivio del dolor<\/strong>, <strong>Los medicamentos para el TDAH<\/strong>y m\u00e1s\u2014todo sin necesidad de una receta.<\/p>\n<h2>Paso 1: Busque En Nuestra Selecci\u00f3n<\/h2>\n<p>Comienza por explorar nuestra amplia gama de medicamentos disponibles para la compra. Ya sea que usted est\u00e1 buscando <strong>Xanax<\/strong>, <strong>Oxycodone<\/strong>, <strong>Adderall<\/strong>o <strong>Ambien<\/strong>encontrar\u00e1 una amplia selecci\u00f3n de los medicamentos a elegir. Utilice nuestro f\u00e1cil navegaci\u00f3n y funciones de b\u00fasqueda para encontrar lo que usted necesita.<\/p>\n<ol>\n<li>Ir a la <strong>Mi Metro Medicamentos<\/strong> la tienda de la p\u00e1gina.<\/li>\n<li>Haga clic en el <strong>categor\u00eda<\/strong> de la medicaci\u00f3n que te interesa (por ejemplo, <strong>Medicamentos Para La Ansiedad<\/strong>, <strong>El Alivio Del Dolor<\/strong>, <strong>Los Medicamentos para el TDAH<\/strong>, etc.).<\/li>\n<li>Examinar las opciones disponibles y elegir el producto que mejor se adapte a tus necesidades.<\/li>\n<\/ol>\n<h2>Paso 2: Seleccione la Medicaci\u00f3n y la Dosis<\/h2>\n<p>Una vez que usted haya encontrado la medicaci\u00f3n que necesita, seleccione la opci\u00f3n adecuada <strong>la dosis<\/strong> y <strong>cantidad<\/strong> basado en sus requerimientos de salud.<\/p>\n<ol>\n<li>Haga clic en el producto que desea comprar.<\/li>\n<li>Revisi\u00f3n de la descripci\u00f3n del producto y las instrucciones de uso para asegurarse de que se ajuste a sus necesidades.<\/li>\n<li>Elija el que desee <strong>la dosis<\/strong> desde el men\u00fa desplegable (por ejemplo, 2 mg, 5 mg, 10 mg).<\/li>\n<li>Seleccione la cantidad de medicamento que usted desea comprar.<\/li>\n<\/ol>\n<h2>Paso 3: A\u00f1adir a la Cesta<\/h2>\n<p>Despu\u00e9s de seleccionar el medicamento y la dosis, es el momento de a\u00f1adir el art\u00edculo a su carrito de la compra.<\/p>\n<ol>\n<li>Haga clic en el <strong>\"A\u00f1adir al Carrito\"<\/strong> bot\u00f3n en la p\u00e1gina del producto.<\/li>\n<li>Usted ser\u00e1 redirigido a su <strong>carrito de la compra<\/strong> donde se puede ver todos los elementos que se han a\u00f1adido.<\/li>\n<li>Si quieres seguir comprando, haga clic en <strong>\"Continuar La Compra\"<\/strong> y repita el proceso para otros medicamentos.<\/li>\n<li>Una vez que est\u00e9 listo para completar su compra, haga clic en <strong>\"Proceed to Checkout\"<\/strong>.<\/li>\n<\/ol>\n<h2>Paso 4: Revise Su Carro y se Aplican Descuentos<\/h2>\n<p>Antes de la salida, aseg\u00farese de que todos los productos, cantidades y dosificaciones en su carrito de compra son correctos.<\/p>\n<ol>\n<li>Revise su resumen de la orden y asegurar que todos los elementos son correctos.<\/li>\n<li>Si usted tiene un <strong>c\u00f3digo de promoci\u00f3n<\/strong> o <strong>c\u00f3digo de descuento<\/strong>, se aplican en esta etapa del proceso para obtener ahorros adicionales.<\/li>\n<li>Una vez que est\u00e9s satisfecho con su pedido, haga clic en <strong>\"Checkout\"<\/strong>.<\/li>\n<\/ol>\n<h2>Paso 5: Introduzca Los Detalles De Su Env\u00edo<\/h2>\n<p>En la caja, usted necesitar\u00e1 proporcionar informaci\u00f3n precisa de la informaci\u00f3n de env\u00edo para garantizar la entrega inmediata.<\/p>\n<ol>\n<li>Introduzca su <strong>direcci\u00f3n de env\u00edo<\/strong> donde usted quisiera que su pedido sea entregado.\n<ul>\n<li>Incluya su nombre completo, direcci\u00f3n, ciudad, estado, c\u00f3digo postal y pa\u00eds.<\/li>\n<\/ul>\n<\/li>\n<li>Para <strong>los pedidos internacionales<\/strong>, aseg\u00farese de que la informaci\u00f3n de env\u00edo es correcta y que coincide con los reglamentos de importaci\u00f3n de su pa\u00eds.<\/li>\n<li>Doble comprobaci\u00f3n de los detalles de su env\u00edo para evitar retrasos o errores en la entrega.<\/li>\n<\/ol>\n<h2>Paso 6: Elegir El M\u00e9todo De Env\u00edo<\/h2>\n<p>Ofrecemos env\u00edo r\u00e1pido y discreto opciones para asegurarse de que usted recibe sus medicamentos de forma r\u00e1pida y segura.<\/p>\n<ol>\n<li>Elige tu preferido <strong>m\u00e9todo de env\u00edo<\/strong>:\n<ul>\n<li><strong>Entrega en el mismo d\u00eda<\/strong> para el <strong>Estados UNIDOS<\/strong> y <strong>Canad\u00e1<\/strong> (cuando est\u00e9 disponible).<\/li>\n<li><strong>El env\u00edo est\u00e1ndar<\/strong> para pedidos internacionales (de 3 a 7 d\u00edas, dependiendo de la ubicaci\u00f3n).<\/li>\n<\/ul>\n<\/li>\n<li>Los gastos de env\u00edo se calcular\u00e1n en funci\u00f3n de su ubicaci\u00f3n y el m\u00e9todo de env\u00edo que elija.<\/li>\n<\/ol>\n<h2>Paso 7: Ingrese La Informaci\u00f3n De Pago<\/h2>\n<p>Mi Metro Medicamentos ofrece varios m\u00e9todos de pago seguros para garantizar una transacci\u00f3n segura.<\/p>\n<ol>\n<li>Seleccione su preferido <strong>m\u00e9todo de pago<\/strong>:\n<ul>\n<li><strong>PayPal<\/strong><\/li>\n<li><strong>Cryptocurrency<\/strong> (Bitcoin y otras aceptan monedas digitales para mayor privacidad)<\/li>\n<\/ul>\n<\/li>\n<li>Introduzca sus datos de pago y de comprobar la exactitud.<\/li>\n<\/ol>\n<h2>Paso 8: Confirmar Su Pedido<\/h2>\n<p>Antes de finalizar tu compra, revisa tu orden por \u00faltima vez.<\/p>\n<ol>\n<li>Compruebe que toda la informaci\u00f3n es correcta, incluyendo la direcci\u00f3n de env\u00edo, los productos, las cantidades y los detalles de pago.<\/li>\n<li>Si todo es correcto, haga clic en <strong>\"Realizar Pedido\"<\/strong> para completar la compra.<\/li>\n<li>Usted recibir\u00e1 un email de confirmaci\u00f3n con su <strong>los detalles de la orden<\/strong> y un <strong>n\u00famero de seguimiento<\/strong> una vez que el pedido ha sido procesado y enviado.<\/li>\n<\/ol>\n<h2>Paso 9: El Seguimiento De Su Pedido<\/h2>\n<p>Despu\u00e9s de realizar su pedido, usted puede realizar un seguimiento de su progreso.<\/p>\n<ol>\n<li>Revise su correo electr\u00f3nico para las <strong>confirmaci\u00f3n de la orden<\/strong> y <strong>la informaci\u00f3n de seguimiento<\/strong>.<\/li>\n<li>Utilizar el n\u00famero de seguimiento proporcionado a seguir su estado del paquete en tiempo real.<\/li>\n<li>Una vez que su paquete es enviado, usted puede esperar la entrega dentro de 24 a 48 horas para los estados UNIDOS y Canad\u00e1, o de 3 a 7 d\u00edas para los pedidos internacionales.<\/li>\n<\/ol>\n<h2>Paso 10: Recibir La Medicaci\u00f3n<\/h2>\n<p>Su pedido ser\u00e1 enviado en <strong>embalaje discreto<\/strong> para proteger su privacidad. Ninguna informaci\u00f3n de identificaci\u00f3n sobre el contenido ser\u00e1 visible en el exterior del paquete.<\/p>\n<ol>\n<li>Cuando la medicaci\u00f3n llega, compruebe que los elementos que coinciden con su pedido.<\/li>\n<li>Siga las instrucciones proporcionadas con el medicamento para garantizar el uso seguro y eficaz.<\/li>\n<\/ol>\n<h2>\u00bfPor Qu\u00e9 Elegir Mi Metro Medicamentos?<\/h2>\n<ul>\n<li><strong>No Se Necesita Receta<\/strong>: Obtener los medicamentos que necesitan, sin la molestia de visitar a un m\u00e9dico.<\/li>\n<li><strong>Precios Asequibles<\/strong>: Comprar <strong>meds en l\u00ednea barato<\/strong> y ahorrar dinero en su salud.<\/li>\n<li><strong>Entrega En El Mismo D\u00eda<\/strong>: R\u00e1pido, seguro, gastos de env\u00edo para el <strong>Estados UNIDOS<\/strong> y <strong>Canad\u00e1<\/strong> con opciones de env\u00edo en todo el mundo.<\/li>\n<li><strong>Embalaje Discreto<\/strong>Tu privacidad es nuestra prioridad\u2014los pedidos se env\u00edan de forma discreta y segura.<\/li>\n<\/ul>\n<h2>El Fin De Sus Medicamentos El D\u00eda De Hoy!<\/h2>\n<p>Listo para tomar el control de su salud y a obtener los medicamentos que necesita? Visita <strong>Mi Metro Medicamentos<\/strong> hoy mismo y disfruta de r\u00e1pido, sin complicaciones de compra con <strong>no se necesita receta<\/strong>. Compre ahora y disfrutar de la comodidad de <strong>entrega en el mismo d\u00eda<\/strong> y <strong>env\u00edo en todo el mundo<\/strong> en todos sus medicamentos.<\/p>\n<p><strong>Comenzar A Hacer Compras Ahora<\/strong> \u2013 Los medicamentos son solo unos clics de distancia!<\/p>\t\t\t\t\t\t\t\t<\/div>\n\t\t\t\t<\/div>\n\t\t\t\t<\/div>\n\t\t\t\t\t<\/div>\n\t\t\t\t<\/div>\n\t\t\t\t<\/div>","protected":false},"excerpt":{"rendered":"<p>How to Buy Meds from Rx Meds Plus: A Step-by-Step Guide At Rx Meds Plus, we\u2019ve made the process of buying medications online as simple and hassle-free as possible. Follow these easy steps to order your anxiety meds, pain relief, ADHD medications, and more\u2014all without the need for a prescription. Step 1: Browse Our Selection [&hellip;]<\/p>\n","protected":false},"author":1,"featured_media":0,"parent":0,"menu_order":0,"comment_status":"closed","ping_status":"closed","template":"","meta":{"site-sidebar-layout":"no-sidebar","site-content-layout":"page-builder","ast-site-content-layout":"full-width-container","site-content-style":"unboxed","site-sidebar-style":"unboxed","ast-global-header-display":"","ast-banner-title-visibility":"","ast-main-header-display":"","ast-hfb-above-header-display":"","ast-hfb-below-header-display":"","ast-hfb-mobile-header-display":"","site-post-title":"disabled","ast-breadcrumbs-content":"","ast-featured-img":"disabled","footer-sml-layout":"","ast-disable-related-posts":"","theme-transparent-header-meta":"default","adv-header-id-meta":"","stick-header-meta":"","header-above-stick-meta":"","header-main-stick-meta":"","header-below-stick-meta":"","astra-migrate-meta-layouts":"set","ast-page-background-enabled":"default","ast-page-background-meta":{"desktop":{"background-color":"","background-image":"","background-repeat":"repeat","background-position":"center center","background-size":"auto","background-attachment":"scroll","background-type":"","background-media":"","overlay-type":"","overlay-color":"","overlay-opacity":"","overlay-gradient":""},"tablet":{"background-color":"","background-image":"","background-repeat":"repeat","background-position":"center center","background-size":"auto","background-attachment":"scroll","background-type":"","background-media":"","overlay-type":"","overlay-color":"","overlay-opacity":"","overlay-gradient":""},"mobile":{"background-color":"","background-image":"","background-repeat":"repeat","background-position":"center center","background-size":"auto","background-attachment":"scroll","background-type":"","background-media":"","overlay-type":"","overlay-color":"","overlay-opacity":"","overlay-gradient":""}},"ast-content-background-meta":{"desktop":{"background-color":"var(--ast-global-color-5)","background-image":"","background-repeat":"repeat","background-position":"center center","background-size":"auto","background-attachment":"scroll","background-type":"","background-media":"","overlay-type":"","overlay-color":"","overlay-opacity":"","overlay-gradient":""},"tablet":{"background-color":"var(--ast-global-color-5)","background-image":"","background-repeat":"repeat","background-position":"center center","background-size":"auto","background-attachment":"scroll","background-type":"","background-media":"","overlay-type":"","overlay-color":"","overlay-opacity":"","overlay-gradient":""},"mobile":{"background-color":"var(--ast-global-color-5)","background-image":"","background-repeat":"repeat","background-position":"center center","background-size":"auto","background-attachment":"scroll","background-type":"","background-media":"","overlay-type":"","overlay-color":"","overlay-opacity":"","overlay-gradient":""}},"footnotes":""},"class_list":["post-2139","page","type-page","status-publish","hentry"],"yoast_head":"<!-- This site is optimized with the Yoast SEO Premium plugin v26.0 (Yoast SEO v27.4) - https:\/\/yoast.com\/product\/yoast-seo-premium-wordpress\/ -->\n<title>How to Buy Medicine Online from Rx Meds Plus &#187; Rx Meds Plus<\/title>\n<meta name=\"description\" content=\"How to Buy Meds from Rx Meds Plus: A Step-by-Step Guide At Rx Meds Plus, we\u2019ve made the process of buying medications online as simple and hassle-free as\" \/>\n<meta name=\"robots\" content=\"noindex, follow, max-snippet:-1, max-image-preview:large, max-video-preview:-1\" \/>\n<meta property=\"og:locale\" content=\"es_ES\" \/>\n<meta property=\"og:type\" content=\"article\" \/>\n<meta property=\"og:title\" content=\"How to Buy Medicine Online from Rx Meds Plus\" \/>\n<meta property=\"og:description\" content=\"How to Buy Meds from Rx Meds Plus: A Step-by-Step Guide At Rx Meds Plus, we\u2019ve made the process of buying medications online as simple and hassle-free as\" \/>\n<meta property=\"og:url\" content=\"https:\/\/rxmedsplus.com\/es\/how-to-buy-medicine-online-from-my-underground-meds\/\" \/>\n<meta property=\"og:site_name\" content=\"Rx Meds Plus\" \/>\n<meta property=\"article:modified_time\" content=\"2025-09-25T04:53:24+00:00\" \/>\n<meta name=\"twitter:card\" content=\"summary_large_image\" \/>\n<meta name=\"twitter:label1\" content=\"Tiempo de lectura\" \/>\n\t<meta name=\"twitter:data1\" content=\"4 minutos\" \/>\n<script type=\"application\/ld+json\" class=\"yoast-schema-graph\">{\"@context\":\"https:\\\/\\\/schema.org\",\"@graph\":[{\"@type\":\"WebPage\",\"@id\":\"https:\\\/\\\/rxmedsplus.com\\\/how-to-buy-medicine-online-from-my-underground-meds\\\/\",\"url\":\"https:\\\/\\\/rxmedsplus.com\\\/how-to-buy-medicine-online-from-my-underground-meds\\\/\",\"name\":\"How to Buy Medicine Online from Rx Meds Plus &#187; Rx Meds Plus\",\"isPartOf\":{\"@id\":\"https:\\\/\\\/rxmedsplus.com\\\/#website\"},\"datePublished\":\"2024-10-24T13:37:12+00:00\",\"dateModified\":\"2025-09-25T04:53:24+00:00\",\"description\":\"How to Buy Meds from Rx Meds Plus: A Step-by-Step Guide At Rx Meds Plus, we\u2019ve made the process of buying medications online as simple and hassle-free as\",\"breadcrumb\":{\"@id\":\"https:\\\/\\\/rxmedsplus.com\\\/how-to-buy-medicine-online-from-my-underground-meds\\\/#breadcrumb\"},\"inLanguage\":\"es\",\"potentialAction\":[{\"@type\":\"ReadAction\",\"target\":[\"https:\\\/\\\/rxmedsplus.com\\\/how-to-buy-medicine-online-from-my-underground-meds\\\/\"]}]},{\"@type\":\"BreadcrumbList\",\"@id\":\"https:\\\/\\\/rxmedsplus.com\\\/how-to-buy-medicine-online-from-my-underground-meds\\\/#breadcrumb\",\"itemListElement\":[{\"@type\":\"ListItem\",\"position\":1,\"name\":\"Home\",\"item\":\"https:\\\/\\\/rxmedsplus.com\\\/\"},{\"@type\":\"ListItem\",\"position\":2,\"name\":\"How to Buy Medicine Online from Rx Meds Plus\"}]},{\"@type\":\"WebSite\",\"@id\":\"https:\\\/\\\/rxmedsplus.com\\\/#website\",\"url\":\"https:\\\/\\\/rxmedsplus.com\\\/\",\"name\":\"Rx Meds Plus\",\"description\":\"Buy Prescription Meds and Pills Online with Fast Delivery\",\"potentialAction\":[{\"@type\":\"SearchAction\",\"target\":{\"@type\":\"EntryPoint\",\"urlTemplate\":\"https:\\\/\\\/rxmedsplus.com\\\/?s={search_term_string}\"},\"query-input\":{\"@type\":\"PropertyValueSpecification\",\"valueRequired\":true,\"valueName\":\"search_term_string\"}}],\"inLanguage\":\"es\"}]}<\/script>\n<!-- \/ Yoast SEO Premium plugin. -->","yoast_head_json":{"title":"How to Buy Medicine Online from Rx Meds Plus &#187; Rx Meds Plus","description":"How to Buy Meds from Rx Meds Plus: A Step-by-Step Guide At Rx Meds Plus, we\u2019ve made the process of buying medications online as simple and hassle-free as","robots":{"index":"noindex","follow":"follow","max-snippet":"max-snippet:-1","max-image-preview":"max-image-preview:large","max-video-preview":"max-video-preview:-1"},"og_locale":"es_ES","og_type":"article","og_title":"How to Buy Medicine Online from Rx Meds Plus","og_description":"How to Buy Meds from Rx Meds Plus: A Step-by-Step Guide At Rx Meds Plus, we\u2019ve made the process of buying medications online as simple and hassle-free as","og_url":"https:\/\/rxmedsplus.com\/es\/how-to-buy-medicine-online-from-my-underground-meds\/","og_site_name":"Rx Meds Plus","article_modified_time":"2025-09-25T04:53:24+00:00","twitter_card":"summary_large_image","twitter_misc":{"Tiempo de lectura":"4 minutos"},"schema":{"@context":"https:\/\/schema.org","@graph":[{"@type":"WebPage","@id":"https:\/\/rxmedsplus.com\/how-to-buy-medicine-online-from-my-underground-meds\/","url":"https:\/\/rxmedsplus.com\/how-to-buy-medicine-online-from-my-underground-meds\/","name":"How to Buy Medicine Online from Rx Meds Plus &#187; Rx Meds Plus","isPartOf":{"@id":"https:\/\/rxmedsplus.com\/#website"},"datePublished":"2024-10-24T13:37:12+00:00","dateModified":"2025-09-25T04:53:24+00:00","description":"How to Buy Meds from Rx Meds Plus: A Step-by-Step Guide At Rx Meds Plus, we\u2019ve made the process of buying medications online as simple and hassle-free as","breadcrumb":{"@id":"https:\/\/rxmedsplus.com\/how-to-buy-medicine-online-from-my-underground-meds\/#breadcrumb"},"inLanguage":"es","potentialAction":[{"@type":"ReadAction","target":["https:\/\/rxmedsplus.com\/how-to-buy-medicine-online-from-my-underground-meds\/"]}]},{"@type":"BreadcrumbList","@id":"https:\/\/rxmedsplus.com\/how-to-buy-medicine-online-from-my-underground-meds\/#breadcrumb","itemListElement":[{"@type":"ListItem","position":1,"name":"Home","item":"https:\/\/rxmedsplus.com\/"},{"@type":"ListItem","position":2,"name":"How to Buy Medicine Online from Rx Meds Plus"}]},{"@type":"WebSite","@id":"https:\/\/rxmedsplus.com\/#website","url":"https:\/\/rxmedsplus.com\/","name":"Mi Metro Medicamentos","description":"Buy Prescription Meds and Pills Online with Fast Delivery","potentialAction":[{"@type":"SearchAction","target":{"@type":"EntryPoint","urlTemplate":"https:\/\/rxmedsplus.com\/?s={search_term_string}"},"query-input":{"@type":"PropertyValueSpecification","valueRequired":true,"valueName":"search_term_string"}}],"inLanguage":"es"}]}},"_links":{"self":[{"href":"https:\/\/rxmedsplus.com\/es\/wp-json\/wp\/v2\/pages\/2139","targetHints":{"allow":["GET"]}}],"collection":[{"href":"https:\/\/rxmedsplus.com\/es\/wp-json\/wp\/v2\/pages"}],"about":[{"href":"https:\/\/rxmedsplus.com\/es\/wp-json\/wp\/v2\/types\/page"}],"author":[{"embeddable":true,"href":"https:\/\/rxmedsplus.com\/es\/wp-json\/wp\/v2\/users\/1"}],"replies":[{"embeddable":true,"href":"https:\/\/rxmedsplus.com\/es\/wp-json\/wp\/v2\/comments?post=2139"}],"version-history":[{"count":0,"href":"https:\/\/rxmedsplus.com\/es\/wp-json\/wp\/v2\/pages\/2139\/revisions"}],"wp:attachment":[{"href":"https:\/\/rxmedsplus.com\/es\/wp-json\/wp\/v2\/media?parent=2139"}],"curies":[{"name":"wp","href":"https:\/\/api.w.org\/{rel}","templated":true}]}}