{"id":3683,"date":"2025-09-24T21:56:12","date_gmt":"2025-09-24T21:56:12","guid":{"rendered":"https:\/\/rxmedsplus.com\/?post_type=product&#038;p=3683"},"modified":"2025-09-25T11:02:37","modified_gmt":"2025-09-25T11:02:37","slug":"buy-ritalin-online-2","status":"publish","type":"product","link":"https:\/\/rxmedsplus.com\/es\/producto\/buy-ritalin-online-2\/","title":{"rendered":"Comprar Ritalin 10 mg en L\u00ednea | Fast &amp; Secure estados UNIDOS de Env\u00edo"},"content":{"rendered":"<h2>Comprar Ritalin 10 mg en L\u00ednea Tratamiento para ADHD \u2013 R\u00e1pido y Discreto, estados UNIDOS de Env\u00edo<\/h2>\n<p>Si est\u00e1s buscando una farmacia de confianza en l\u00ednea para comprar Ritalin 10 mg en l\u00ednea sin receta m\u00e9dica, no busque m\u00e1s. Ofrecemos aut\u00e9ntico Ritalin 10 mg comprimidos con r\u00e1pida y segura de estados UNIDOS de env\u00edo, que garantiza una r\u00e1pida y discreta de entrega a su puerta. Como una buena reputaci\u00f3n en l\u00ednea de medicamentos vendedor, le garantizamos la alta calidad de los productos farmac\u00e9uticos a los clientes en los EE.UU., Canad\u00e1, la UE, y en todo el mundo. Si usted necesita Ritalin para el TDA \/ h de gesti\u00f3n o la mejora cognitiva, nuestro proceso de pedidos f\u00e1cil y confiable servicio nos convierten en la opci\u00f3n preferida para comprar Ritalin en l\u00ednea.<\/p>\n<h3>\u00bfQu\u00e9 es Ritalin 10mg y C\u00f3mo funciona?<\/h3>\n<p>Ritalin 10mg es un estimulante receta que contienen metilfenidato, un estimulante del sistema nervioso central que mejora el enfoque, la atenci\u00f3n y el control de los impulsos. Se utiliza principalmente para el tratamiento de D\u00e9ficit de Atenci\u00f3n e Hiperactividad (TDAH) y la narcolepsia. Que afectan a los neurotransmisores en el cerebro, Ritalin ayuda a mejorar la claridad mental, la concentraci\u00f3n y la productividad, lo que es un muy buscado despu\u00e9s de la medicaci\u00f3n para los estudiantes, profesionales y personas con TDAH.<\/p>\n<h4>Los principales Beneficios de la Ritalin 10mg<\/h4>\n<p>&#8211; <strong>Mejora El Enfoque Y La Concentraci\u00f3n<\/strong> \u2013 Mejora el rendimiento cognitivo y la capacidad de atenci\u00f3n.<br \/>\n&#8211; <strong>Reduce La Hiperactividad &amp; Impulsividad<\/strong> \u2013 Ayuda a controlar los s\u00edntomas del TDAH de manera efectiva.<br \/>\n&#8211; <strong>Aumenta La Energ\u00eda Mental<\/strong> \u2013 Aumenta el estado de alerta y reduce la fatiga.<br \/>\n&#8211; <strong>Seguro Y De Acci\u00f3n R\u00e1pida De La F\u00f3rmula<\/strong> \u2013 Entrega resultados r\u00e1pidos dentro de 30-60 minutos de la ingesti\u00f3n.<\/p>\n<h3>Recomendado Dosis Y Pautas De Uso<\/h3>\n<p>Para los principiantes y aquellos con baja tolerancia, una dosis de 10 mg es ideal. La mayor\u00eda de los usuarios de tomar 1 a 2 comprimidos al d\u00eda, dependiendo de los consejos m\u00e9dicos o personal de la tolerancia. He aqu\u00ed una gu\u00eda general de uso:<br \/>\n&#8211; <strong>El Tratamiento del TDAH:<\/strong> La mitad de un comprimido (5-10mg) toma de 2 a 3 veces al d\u00eda seg\u00fan sea necesario.<br \/>\n&#8211; <strong>La Mejora Cognitiva:<\/strong> Un comprimido (10 mg) por la ma\u00f1ana o antes de que mentalmente exigentes tareas.<\/p>\n<p>Siempre comenzar con una dosis m\u00e1s baja para evaluar la tolerancia. Evitar exceder 60 mg en un solo d\u00eda para evitar efectos secundarios.<\/p>\n<h3>\u00bfPor qu\u00e9 Comprar Ritalin 10 mg en L\u00ednea de Nosotros?<\/h3>\n<p>1. <strong>No Se Necesita Receta M\u00e9dica<\/strong> \u2013 Pasar por la molestia de las visitas al m\u00e9dico y obtener Ritalin r\u00e1pida y discretamente.<br \/>\n2. <strong>Autenticidad Garantizada<\/strong> \u2013 Suministramos la \u00fanica y genuina, probado en laboratorio Ritalin de confianza de los fabricantes.<br \/>\n3. <strong>R\u00e1pido y Seguro, estados UNIDOS de Env\u00edo<\/strong> \u2013 Entrega en el plazo de 2-5 d\u00edas en los estados UNIDOS, con el seguimiento y embalaje discreto.<br \/>\n4. <strong>Env\u00edo En Todo El Mundo Disponibles<\/strong> \u2013 Atender a los clientes en los EE.UU., Canad\u00e1, la UE, y en el mundo.<\/p>\n<h3>Efectos Secundarios Posibles De Seguridad Y Las Precauciones<\/h3>\n<p>Mientras Ritalin 10mg generalmente es segura cuando se usa correctamente, algunas personas pueden experimentar efectos secundarios leves, incluyendo:<br \/>\n\u2013 Insomnio o trastornos del sue\u00f1o<br \/>\n\u2013 Disminuci\u00f3n del apetito<br \/>\n\u2013 Dolores de cabeza o mareos<br \/>\n\u2013 Leve nerviosismo<\/p>\n<p>Para minimizar los riesgos, evitar el alcohol y la cafe\u00edna, mientras que el uso de Ritalin. No combinar con otros estimulantes sin supervisi\u00f3n m\u00e9dica.<\/p>\n<h3>Donde Comprar Ritalin 10 mg en L\u00ednea de forma Segura<\/h3>\n<p>Encontrar una fuente fiable para comprar Ritalin 10 mg en l\u00ednea es crucial. Como una farmacia de confianza en l\u00ednea, podemos asegurar que:<br \/>\n&#8211; <strong>Opciones De Pago Seguras<\/strong> \u2013 M\u00faltiples m\u00e9todos de pago para su comodidad.<br \/>\n&#8211; <strong>100% Embalaje Discreto<\/strong> \u2013 Ninguna etiqueta que indique el contenido.<br \/>\n&#8211; <strong>Soporte Al Cliente 24\/7<\/strong> \u2013 Asistencia en cada paso de su orden.<\/p>\n<h3>El fin de Su Ritalin 10mg Hoy en d\u00eda y Disfrutar de Env\u00edo R\u00e1pido<\/h3>\n<p>No dejes que el TDA \/ h o falta de enfoque atr\u00e1s. Comprar Ritalin 10 mg en l\u00ednea de un proveedor de confianza y la experiencia de mejorar el rendimiento mental con el env\u00edo r\u00e1pido y seguro. Si usted est\u00e1 en los EE.UU., Canad\u00e1, o en otros lugares en el mundo, entregamos de inmediato con garant\u00eda de confidencialidad.<\/p>\n<p><strong>Haga su pedido ahora y conseguir que su Ritalin 10mg entregado discretamente a la puerta de su casa!<\/strong><\/p>","protected":false},"excerpt":{"rendered":"<p>Necesita una manera r\u00e1pida, confiable soluci\u00f3n para el TDA \/ h? Comprar Ritalin 10mg en l\u00ednea con un r\u00e1pido, seguro, estados UNIDOS de env\u00edo\u2014no se necesita receta. Nuestros aprobado por la FDA Metilfenidato tabletas de ayudar a manejar el enfoque de la hiperactividad y de manera efectiva. Disfrute de un sencillo proceso de compra y la discreta puerta de la entrega. Elija de confianza de calidad con Alcance Farmac\u00e9utica Tienda hoy!<\/p>","protected":false},"featured_media":3717,"comment_status":"open","ping_status":"closed","template":"","meta":{"site-sidebar-layout":"default","site-content-layout":"","ast-site-content-layout":"default","site-content-style":"default","site-sidebar-style":"default","ast-global-header-display":"","ast-banner-title-visibility":"","ast-main-header-display":"","ast-hfb-above-header-display":"","ast-hfb-below-header-display":"","ast-hfb-mobile-header-display":"","site-post-title":"","ast-breadcrumbs-content":"","ast-featured-img":"","footer-sml-layout":"","ast-disable-related-posts":"","theme-transparent-header-meta":"default","adv-header-id-meta":"","stick-header-meta":"default","header-above-stick-meta":"","header-main-stick-meta":"","header-below-stick-meta":"","astra-migrate-meta-layouts":"set","ast-page-background-enabled":"default","ast-page-background-meta":{"desktop":{"background-color":"","background-image":"","background-repeat":"repeat","background-position":"center center","background-size":"auto","background-attachment":"scroll","background-type":"","background-media":"","overlay-type":"","overlay-color":"","overlay-opacity":"","overlay-gradient":""},"tablet":{"background-color":"","background-image":"","background-repeat":"repeat","background-position":"center center","background-size":"auto","background-attachment":"scroll","background-type":"","background-media":"","overlay-type":"","overlay-color":"","overlay-opacity":"","overlay-gradient":""},"mobile":{"background-color":"","background-image":"","background-repeat":"repeat","background-position":"center center","background-size":"auto","background-attachment":"scroll","background-type":"","background-media":"","overlay-type":"","overlay-color":"","overlay-opacity":"","overlay-gradient":""}},"ast-content-background-meta":{"desktop":{"background-color":"var(--ast-global-color-5)","background-image":"","background-repeat":"repeat","background-position":"center center","background-size":"auto","background-attachment":"scroll","background-type":"","background-media":"","overlay-type":"","overlay-color":"","overlay-opacity":"","overlay-gradient":""},"tablet":{"background-color":"var(--ast-global-color-5)","background-image":"","background-repeat":"repeat","background-position":"center center","background-size":"auto","background-attachment":"scroll","background-type":"","background-media":"","overlay-type":"","overlay-color":"","overlay-opacity":"","overlay-gradient":""},"mobile":{"background-color":"var(--ast-global-color-5)","background-image":"","background-repeat":"repeat","background-position":"center center","background-size":"auto","background-attachment":"scroll","background-type":"","background-media":"","overlay-type":"","overlay-color":"","overlay-opacity":"","overlay-gradient":""}}},"product_brand":[],"product_cat":[37],"product_tag":[241,247,632,1070,1068,1067,1069,251,1066,1071],"class_list":{"0":"post-3683","1":"product","2":"type-product","3":"status-publish","4":"has-post-thumbnail","6":"product_cat-buy-pain-relief-medication-online","7":"product_tag-adhd-medication","8":"product_tag-adhd-treatment","9":"product_tag-buy-ritalin-online","10":"product_tag-cognitive-enhancer","11":"product_tag-fast-usa-shipping","12":"product_tag-methylphenidate","13":"product_tag-no-prescription-ritalin","14":"product_tag-online-pharmacy","15":"product_tag-ritalin-10mg","16":"product_tag-secure-ritalin-purchase","17":"desktop-align-left","18":"tablet-align-left","19":"mobile-align-left","20":"ast-product-gallery-layout-horizontal-slider","21":"ast-product-gallery-with-no-image","22":"ast-magnify-disabled","23":"ast-product-single-variable","24":"ast-product-tabs-layout-horizontal","26":"first","27":"instock","28":"shipping-taxable","29":"purchasable","30":"product-type-variable"},"yoast_head":"<!-- This site is optimized with the Yoast SEO Premium plugin v26.0 (Yoast SEO v27.4) - https:\/\/yoast.com\/product\/yoast-seo-premium-wordpress\/ -->\n<title>Buy Ritalin 10mg Online | Fast &amp; Secure USA Shipping &#187; Rx Meds Plus<\/title>\n<meta name=\"description\" content=\"Buy Ritalin online for ADHD treatment with fast, secure USA shipping. Get authentic Ritalin 10mg tablets delivered discreetly \u2013 order now!\" \/>\n<meta name=\"robots\" content=\"noindex, follow, max-snippet:-1, max-image-preview:large, max-video-preview:-1\" \/>\n<meta property=\"og:locale\" content=\"es_ES\" \/>\n<meta property=\"og:type\" content=\"article\" \/>\n<meta property=\"og:title\" content=\"Buy Ritalin 10mg Online | Fast &amp; Secure USA Shipping\" \/>\n<meta property=\"og:description\" content=\"Buy Ritalin online for ADHD treatment with fast, secure USA shipping. Get authentic Ritalin 10mg tablets delivered discreetly \u2013 order now!\" \/>\n<meta property=\"og:url\" content=\"https:\/\/rxmedsplus.com\/es\/producto\/buy-ritalin-online-2\/\" \/>\n<meta property=\"og:site_name\" content=\"Rx Meds Plus\" \/>\n<meta property=\"article:modified_time\" content=\"2025-09-25T11:02:37+00:00\" \/>\n<meta property=\"og:image\" content=\"https:\/\/mlehknw8zzux.i.optimole.com\/w:450\/h:450\/q:mauto\/f:best\/https:\/\/rxmedsplus.com\/wp-content\/uploads\/2025\/09\/ee33eq2ss.jpg\" \/>\n\t<meta property=\"og:image:width\" content=\"450\" \/>\n\t<meta property=\"og:image:height\" content=\"450\" \/>\n\t<meta property=\"og:image:type\" content=\"image\/jpeg\" \/>\n<meta name=\"twitter:card\" content=\"summary_large_image\" \/>\n<meta name=\"twitter:label1\" content=\"Disponibilidad\" \/>\n\t<meta name=\"twitter:data1\" content=\"Disponible\" \/>\n<script type=\"application\/ld+json\" class=\"yoast-schema-graph\">{\"@context\":\"https:\\\/\\\/schema.org\",\"@graph\":[{\"@type\":\"WebPage\",\"@id\":\"https:\\\/\\\/rxmedsplus.com\\\/product\\\/buy-ritalin-online-2\\\/\",\"url\":\"https:\\\/\\\/rxmedsplus.com\\\/product\\\/buy-ritalin-online-2\\\/\",\"name\":\"Buy Ritalin 10mg Online | Fast & Secure USA Shipping &#187; Rx Meds Plus\",\"isPartOf\":{\"@id\":\"https:\\\/\\\/rxmedsplus.com\\\/#website\"},\"primaryImageOfPage\":{\"@id\":\"https:\\\/\\\/rxmedsplus.com\\\/product\\\/buy-ritalin-online-2\\\/#primaryimage\"},\"image\":{\"@id\":\"https:\\\/\\\/rxmedsplus.com\\\/product\\\/buy-ritalin-online-2\\\/#primaryimage\"},\"thumbnailUrl\":\"https:\\\/\\\/rxmedsplus.com\\\/wp-content\\\/uploads\\\/2025\\\/09\\\/ee33eq2ss.jpg\",\"datePublished\":\"2025-09-24T21:56:12+00:00\",\"dateModified\":\"2025-09-25T11:02:37+00:00\",\"description\":\"Buy Ritalin online for ADHD treatment with fast, secure USA shipping. Get authentic Ritalin 10mg tablets delivered discreetly \u2013 order now!\",\"breadcrumb\":{\"@id\":\"https:\\\/\\\/rxmedsplus.com\\\/product\\\/buy-ritalin-online-2\\\/#breadcrumb\"},\"inLanguage\":\"es\",\"potentialAction\":[{\"@type\":\"ReadAction\",\"target\":[\"https:\\\/\\\/rxmedsplus.com\\\/product\\\/buy-ritalin-online-2\\\/\"]}]},{\"@type\":\"ImageObject\",\"inLanguage\":\"es\",\"@id\":\"https:\\\/\\\/rxmedsplus.com\\\/product\\\/buy-ritalin-online-2\\\/#primaryimage\",\"url\":\"https:\\\/\\\/rxmedsplus.com\\\/wp-content\\\/uploads\\\/2025\\\/09\\\/ee33eq2ss.jpg\",\"contentUrl\":\"https:\\\/\\\/rxmedsplus.com\\\/wp-content\\\/uploads\\\/2025\\\/09\\\/ee33eq2ss.jpg\",\"width\":450,\"height\":450},{\"@type\":\"BreadcrumbList\",\"@id\":\"https:\\\/\\\/rxmedsplus.com\\\/product\\\/buy-ritalin-online-2\\\/#breadcrumb\",\"itemListElement\":[{\"@type\":\"ListItem\",\"position\":1,\"name\":\"Home\",\"item\":\"https:\\\/\\\/rxmedsplus.com\\\/\"},{\"@type\":\"ListItem\",\"position\":2,\"name\":\"Shop\",\"item\":\"https:\\\/\\\/rxmedsplus.com\\\/shop\\\/\"},{\"@type\":\"ListItem\",\"position\":3,\"name\":\"Buy Ritalin 10mg Online | Fast &#038; Secure USA Shipping\"}]},{\"@type\":\"WebSite\",\"@id\":\"https:\\\/\\\/rxmedsplus.com\\\/#website\",\"url\":\"https:\\\/\\\/rxmedsplus.com\\\/\",\"name\":\"Rx Meds Plus\",\"description\":\"Buy Prescription Meds and Pills Online with Fast Delivery\",\"potentialAction\":[{\"@type\":\"SearchAction\",\"target\":{\"@type\":\"EntryPoint\",\"urlTemplate\":\"https:\\\/\\\/rxmedsplus.com\\\/?s={search_term_string}\"},\"query-input\":{\"@type\":\"PropertyValueSpecification\",\"valueRequired\":true,\"valueName\":\"search_term_string\"}}],\"inLanguage\":\"es\"}]}<\/script>\n<meta property=\"og:availability\" content=\"instock\" \/>\n<meta property=\"product:availability\" content=\"instock\" \/>\n<meta property=\"product:retailer_item_id\" content=\"kpWQLnAtfR\" \/>\n<meta property=\"product:condition\" content=\"new\" \/>\n<!-- \/ Yoast SEO Premium plugin. -->","yoast_head_json":{"title":"Buy Ritalin 10mg Online | Fast & Secure USA Shipping &#187; Rx Meds Plus","description":"Comprar Ritalin en l\u00ednea para el tratamiento del TDAH con una r\u00e1pida, segura, estados UNIDOS de env\u00edo. Conseguir aut\u00e9ntica Ritalin 10 mg comprimidos entregado discretamente \u2013 orden ahora!","robots":{"index":"noindex","follow":"follow","max-snippet":"max-snippet:-1","max-image-preview":"max-image-preview:large","max-video-preview":"max-video-preview:-1"},"og_locale":"es_ES","og_type":"article","og_title":"Buy Ritalin 10mg Online | Fast & Secure USA Shipping","og_description":"Buy Ritalin online for ADHD treatment with fast, secure USA shipping. Get authentic Ritalin 10mg tablets delivered discreetly \u2013 order now!","og_url":"https:\/\/rxmedsplus.com\/es\/producto\/buy-ritalin-online-2\/","og_site_name":"Rx Meds Plus","article_modified_time":"2025-09-25T11:02:37+00:00","og_image":[{"width":450,"height":450,"url":"https:\/\/mlehknw8zzux.i.optimole.com\/w:450\/h:450\/q:mauto\/f:best\/https:\/\/rxmedsplus.com\/wp-content\/uploads\/2025\/09\/ee33eq2ss.jpg","type":"image\/jpeg"}],"twitter_card":"summary_large_image","twitter_misc":{"Disponibilidad":"Disponible"},"schema":{"@context":"https:\/\/schema.org","@graph":[{"@type":"WebPage","@id":"https:\/\/rxmedsplus.com\/product\/buy-ritalin-online-2\/","url":"https:\/\/rxmedsplus.com\/product\/buy-ritalin-online-2\/","name":"Buy Ritalin 10mg Online | Fast & Secure USA Shipping &#187; Rx Meds Plus","isPartOf":{"@id":"https:\/\/rxmedsplus.com\/#website"},"primaryImageOfPage":{"@id":"https:\/\/rxmedsplus.com\/product\/buy-ritalin-online-2\/#primaryimage"},"image":{"@id":"https:\/\/rxmedsplus.com\/product\/buy-ritalin-online-2\/#primaryimage"},"thumbnailUrl":"https:\/\/rxmedsplus.com\/wp-content\/uploads\/2025\/09\/ee33eq2ss.jpg","datePublished":"2025-09-24T21:56:12+00:00","dateModified":"2025-09-25T11:02:37+00:00","description":"Comprar Ritalin en l\u00ednea para el tratamiento del TDAH con una r\u00e1pida, segura, estados UNIDOS de env\u00edo. Conseguir aut\u00e9ntica Ritalin 10 mg comprimidos entregado discretamente \u2013 orden ahora!","breadcrumb":{"@id":"https:\/\/rxmedsplus.com\/product\/buy-ritalin-online-2\/#breadcrumb"},"inLanguage":"es","potentialAction":[{"@type":"ReadAction","target":["https:\/\/rxmedsplus.com\/product\/buy-ritalin-online-2\/"]}]},{"@type":"ImageObject","inLanguage":"es","@id":"https:\/\/rxmedsplus.com\/product\/buy-ritalin-online-2\/#primaryimage","url":"https:\/\/rxmedsplus.com\/wp-content\/uploads\/2025\/09\/ee33eq2ss.jpg","contentUrl":"https:\/\/rxmedsplus.com\/wp-content\/uploads\/2025\/09\/ee33eq2ss.jpg","width":450,"height":450},{"@type":"BreadcrumbList","@id":"https:\/\/rxmedsplus.com\/product\/buy-ritalin-online-2\/#breadcrumb","itemListElement":[{"@type":"ListItem","position":1,"name":"Home","item":"https:\/\/rxmedsplus.com\/"},{"@type":"ListItem","position":2,"name":"Shop","item":"https:\/\/rxmedsplus.com\/shop\/"},{"@type":"ListItem","position":3,"name":"Buy Ritalin 10mg Online | Fast &#038; Secure USA Shipping"}]},{"@type":"WebSite","@id":"https:\/\/rxmedsplus.com\/#website","url":"https:\/\/rxmedsplus.com\/","name":"Mi Metro Medicamentos","description":"Buy Prescription Meds and Pills Online with Fast Delivery","potentialAction":[{"@type":"SearchAction","target":{"@type":"EntryPoint","urlTemplate":"https:\/\/rxmedsplus.com\/?s={search_term_string}"},"query-input":{"@type":"PropertyValueSpecification","valueRequired":true,"valueName":"search_term_string"}}],"inLanguage":"es"}]},"og_availability":"instock","product_availability":"instock","product_retailer_item_id":"kpWQLnAtfR","product_condition":"new"},"_links":{"self":[{"href":"https:\/\/rxmedsplus.com\/es\/wp-json\/wp\/v2\/product\/3683","targetHints":{"allow":["GET"]}}],"collection":[{"href":"https:\/\/rxmedsplus.com\/es\/wp-json\/wp\/v2\/product"}],"about":[{"href":"https:\/\/rxmedsplus.com\/es\/wp-json\/wp\/v2\/types\/product"}],"replies":[{"embeddable":true,"href":"https:\/\/rxmedsplus.com\/es\/wp-json\/wp\/v2\/comments?post=3683"}],"wp:featuredmedia":[{"embeddable":true,"href":"https:\/\/rxmedsplus.com\/es\/wp-json\/wp\/v2\/media\/3717"}],"wp:attachment":[{"href":"https:\/\/rxmedsplus.com\/es\/wp-json\/wp\/v2\/media?parent=3683"}],"wp:term":[{"taxonomy":"product_brand","embeddable":true,"href":"https:\/\/rxmedsplus.com\/es\/wp-json\/wp\/v2\/product_brand?post=3683"},{"taxonomy":"product_cat","embeddable":true,"href":"https:\/\/rxmedsplus.com\/es\/wp-json\/wp\/v2\/product_cat?post=3683"},{"taxonomy":"product_tag","embeddable":true,"href":"https:\/\/rxmedsplus.com\/es\/wp-json\/wp\/v2\/product_tag?post=3683"}],"curies":[{"name":"wp","href":"https:\/\/api.w.org\/{rel}","templated":true}]}}