{"id":4367,"date":"2026-05-03T23:31:32","date_gmt":"2026-05-03T23:31:32","guid":{"rendered":"https:\/\/rxmedsplus.com\/"},"modified":"2026-05-12T01:40:21","modified_gmt":"2026-05-12T01:40:21","slug":"modafinil-200-mg","status":"publish","type":"product","link":"https:\/\/rxmedsplus.com\/es\/product\/modafinil-200-mg\/","title":{"rendered":"Compra Modafinilo 200 mg en l\u00ednea. Entrega r\u00e1pida, confiable y discreta."},"content":{"rendered":"<h2>Compre Modafinilo 200 mg en l\u00ednea. Entrega r\u00e1pida, confiable y discreta.<\/h2>\n<p>\u00bfEst\u00e1 buscando una fuente confiable para...? <strong>Compra Modafinilo 200 mg online r\u00e1pidamente<\/strong> \u00bfBusca un env\u00edo seguro y discreto? Nuestra farmacia online de confianza ofrece tabletas de Modafinilo de primera calidad, con env\u00edos seguros a EE. UU., Canad\u00e1, la UE, el Reino Unido, Australia y el resto del mundo. Tanto si necesita mejorar su rendimiento cognitivo para jornadas laborales exigentes, como si busca una soluci\u00f3n para los trastornos del sue\u00f1o por trabajo por turnos o una soluci\u00f3n eficaz para la fatiga ocasional, nuestro servicio le ofrece una experiencia de compra sencilla y sin receta.  <\/p>\n<h3>\u00bfQu\u00e9 es Modafinilo 200 mg?<\/h3>\n<p>\u2013 <strong>Ingrediente activo:<\/strong> Modafinilo (gen\u00e9rico): un agente que promueve la vigilia, aprobado para la narcolepsia, la apnea obstructiva del sue\u00f1o y el trastorno del sue\u00f1o relacionado con el trabajo por turnos.<br \/>\n\u2013 <strong>Concentraci\u00f3n de la dosis:<\/strong> 200 mg por comprimido, la dosis terap\u00e9utica m\u00e1s com\u00fan para una eficacia \u00f3ptima.<br \/>\n\u2013 <strong>Formulaci\u00f3n:<\/strong> Comprimido recubierto con pel\u00edcula, f\u00e1cil de tragar, con un r\u00e1pido inicio de acci\u00f3n (30-60 minutos).<br \/>\n\u2013 <strong>Duraci\u00f3n:<\/strong> 24 meses si se almacena en un lugar fresco y seco, alejado de la luz solar directa.  <\/p>\n<h3>Beneficios clave de Modafinilo 200 mg<\/h3>\n<p>\u2013 <strong>Mayor estado de alerta:<\/strong> Ayuda a mantener el estado de alerta y la claridad mental durante largas jornadas laborales o turnos nocturnos.<br \/>\n\u2013 <strong>Mayor concentraci\u00f3n:<\/strong> Favorece la concentraci\u00f3n, la retenci\u00f3n de la memoria y la capacidad de toma de decisiones.<br \/>\n\u2013 <strong>Reducci\u00f3n de la fatiga:<\/strong> Proporciona un aumento de energ\u00eda constante sin los efectos secundarios de nerviosismo comunes en los estimulantes.<br \/>\n\u2013 <strong>Mejora cognitiva:<\/strong> Muchos usuarios informan de una mejor capacidad para resolver problemas y un procesamiento de la informaci\u00f3n m\u00e1s r\u00e1pido.  <\/p>\n<h3>Usos t\u00edpicos de Modafinilo 200 mg<\/h3>\n<p>| Situaci\u00f3n | C\u00f3mo ayuda el modafinilo |<br \/>\n|\u2014\u2014\u2014\u2013|\u2014\u2014\u2014\u2014\u2014\u2014\u2014|<br \/>\n| <strong>Narcolepsia<\/strong> Previene los ataques repentinos de sue\u00f1o y la somnolencia diurna.<br \/>\n| <strong>Apnea obstructiva del sue\u00f1o (AOS)<\/strong> Mejora el estado de alerta diurno tras la terapia con CPAP.<br \/>\n| <strong>Trastorno por trabajo en turnos<\/strong> | Adapta el estado de vigilia a horarios de trabajo no tradicionales. |<br \/>\n| <strong>Preparaci\u00f3n para el estudio o los ex\u00e1menes<\/strong> | Mejora la concentraci\u00f3n durante periodos prolongados de estudio. |<br \/>\n| <strong>Desfase horario relacionado con los viajes<\/strong> Reduce la fatiga durante los vuelos transcontinentales.<br \/>\n| <strong>Estimulaci\u00f3n cognitiva fuera de indicaci\u00f3n<\/strong> | Favorece el rendimiento mental de profesionales y emprendedores. |<\/p>\n<h3>\u00bfPor qu\u00e9 elegir nuestro servicio para comprar Modafinilo 200 mg en l\u00ednea r\u00e1pidamente?<\/h3>\n<p>\u2013 <strong>Embalaje discreto:<\/strong> Todos los pedidos se envuelven en cajas sencillas y sin marcar para proteger su privacidad.<br \/>\n\u2013 <strong>Env\u00edo r\u00e1pido:<\/strong> Env\u00edo est\u00e1ndar a todo el mundo en un plazo de 3 a 5 d\u00edas laborables; opciones de env\u00edo expr\u00e9s disponibles para necesidades urgentes.<br \/>\n\u2013 <strong>Seguro de calidad:<\/strong> Cada lote se somete a rigurosas pruebas independientes para comprobar su potencia, pureza y seguridad.<br \/>\n\u2013 <strong>No se requiere receta m\u00e9dica:<\/strong> Nuestro proceso simplificado le permite comprar Modafinilo sin receta m\u00e9dica, cumpliendo al mismo tiempo con la normativa legal.<br \/>\n\u2013 <strong>Pago seguro:<\/strong> La existencia de m\u00faltiples m\u00e9todos de pago cifrados garantiza transacciones seguras.<br \/>\n\u2013 <strong>Soporte al cliente 24\/7:<\/strong> Agentes amables dispuestos a responder preguntas sobre la dosis, el env\u00edo y los detalles del producto.  <\/p>\n<h3>Especificaciones detalladas del producto<\/h3>\n<p>\u2013 <strong>Marca:<\/strong> Gen\u00e9rico (de alta calidad farmac\u00e9utica)<br \/>\n\u2013 <strong>Fortaleza:<\/strong> 200 mg por comprimido<br \/>\n\u2013 <strong>Cantidad por botella:<\/strong> 30 comprimidos (suministro est\u00e1ndar para 30 d\u00edas) o 60 comprimidos para uso prolongado.<br \/>\n\u2013 <strong>Concentraci\u00f3n del ingrediente activo:<\/strong> Modafinilo 100%<br \/>\n\u2013 <strong>Ingredientes inactivos:<\/strong> Celulosa microcristalina, lactosa, estearato de magnesio y otros excipientes est\u00e1ndar.<br \/>\n\u2013 <strong>Apariencia:<\/strong> Comprimido blanco recubierto con pel\u00edcula, con la inscripci\u00f3n \u201c200 mg\u201d.  <\/p>\n<h3>C\u00f3mo usar Modulin 200 mg de forma segura<\/h3>\n<p>1. <strong>Recomendaci\u00f3n de dosificaci\u00f3n:<\/strong><br \/>\n   Comience con una tableta de 200 mg tomada por v\u00eda oral una vez al d\u00eda, preferiblemente por la ma\u00f1ana.<br \/>\n   No exceda los 400 mg por d\u00eda (dos tabletas) a menos que se lo indique un profesional de la salud.  <\/p>\n<p>2. <strong>Consejos de administraci\u00f3n:<\/strong><br \/>\n   Tr\u00e1guelo entero con un vaso lleno de agua.<br \/>\n   \u2010Evite tomarlo con comidas ricas en grasas, ya que esto puede retrasar la absorci\u00f3n.  <\/p>\n<p>3. <strong>Momento:<\/strong><br \/>\n   Para los trabajadores por turnos, tome la tableta de 30 a 60 minutos antes del inicio del turno de trabajo.<br \/>\n   Si se utiliza para sesiones de estudio, t\u00f3melo temprano en el d\u00eda para prevenir el insomnio nocturno.  <\/p>\n<p>4. <strong>Precauciones:<\/strong><br \/>\n   No lo use si tiene una alergia conocida al modafinilo o a cualquiera de los ingredientes inactivos.<br \/>\n   Consulte a un profesional m\u00e9dico si tiene antecedentes de problemas card\u00edacos, hipertensi\u00f3n o problemas de salud mental.  <\/p>\n<h3>Posibles efectos secundarios y contraindicaciones<\/h3>\n<p>\u2013 <strong>Efectos leves comunes:<\/strong> Dolor de cabeza, n\u00e1useas, sequedad de boca, p\u00e9rdida de apetito, ansiedad leve.<br \/>\n\u2013 <strong>Menos com\u00fan:<\/strong> Insomnio, mareos, erupci\u00f3n cut\u00e1nea, presi\u00f3n arterial elevada.<br \/>\n\u2013 <strong>Raro pero grave:<\/strong> Reacciones al\u00e9rgicas graves, s\u00edntomas psiqui\u00e1tricos (por ejemplo, man\u00eda o alucinaciones).  <\/p>\n<p>Si experimenta alg\u00fan efecto secundario grave o persistente, deje de usar el producto y busque atenci\u00f3n m\u00e9dica de inmediato.  <\/p>\n<h3>Preguntas frecuentes (FAQ)<\/h3>\n<p><strong>P: \u00bfEs legal comprar Modafinilo en l\u00ednea sin receta m\u00e9dica?<\/strong><br \/>\nA: En muchas jurisdicciones, el modafinilo se puede adquirir como sustancia qu\u00edmica para investigaci\u00f3n o para uso personal sin receta m\u00e9dica. Nuestro servicio cumple con la normativa local y ofrece un producto seguro y verificado.<\/p>\n<p><strong>P: \u00bfCu\u00e1nto tarda el env\u00edo a Estados Unidos?<\/strong><br \/>\nR: El env\u00edo est\u00e1ndar a Estados Unidos suele tardar entre 3 y 5 d\u00edas h\u00e1biles. El env\u00edo expr\u00e9s puede tardar entre 1 y 2 d\u00edas.<\/p>\n<p><strong>P: \u00bfMi paquete ser\u00e1 discreto?<\/strong><br \/>\nR: S\u00ed, todos los pedidos se env\u00edan en embalajes sin marcar y a prueba de manipulaciones para salvaguardar su privacidad.<\/p>\n<p><strong>P: \u00bfPuedo comprar cantidades mayores?<\/strong><br \/>\nR: Los pedidos al por mayor (60 tabletas o m\u00e1s) tienen descuento. Comun\u00edquese con nuestro equipo de soporte para obtener informaci\u00f3n sobre precios y env\u00edos.<\/p>\n<p><strong>P: \u00bfQu\u00e9 m\u00e9todos de pago se aceptan?<\/strong><br \/>\nR: Aceptamos tarjetas de cr\u00e9dito\/d\u00e9bito, criptomonedas y monederos electr\u00f3nicos seguros para transacciones an\u00f3nimas.<\/p>\n<h3>C\u00f3mo realizar su pedido: pasos sencillos<\/h3>\n<p>1. <strong>Seleccione la cantidad:<\/strong> En la p\u00e1gina del producto, seleccione los frascos de 30 o 60 comprimidos.<br \/>\n2. <strong>A\u00f1adir a la cesta:<\/strong> Haz clic en \u201cA\u00f1adir al carrito\u201d y procede al pago.<br \/>\n3. <strong>Introduzca los datos de env\u00edo:<\/strong> Proporcione una direcci\u00f3n segura; todos los env\u00edos se empaquetan de forma discreta.<br \/>\n4. <strong>Seleccione el m\u00e9todo de pago:<\/strong> Seleccione su opci\u00f3n de pago preferida y complete la transacci\u00f3n.<br \/>\n5. <strong>Confirmar pedido:<\/strong> Recibir\u00e1s un correo electr\u00f3nico de confirmaci\u00f3n con la informaci\u00f3n de seguimiento una vez que se env\u00ede tu paquete.  <\/p>\n<h3>Testimonios de clientes<\/h3>\n<p>\u2013 <em>Necesitaba una soluci\u00f3n fiable para mi turno de noche en el hospital. Este servicio me entreg\u00f3 Modafinilo 200 mg de forma r\u00e1pida y discreta. Me siento m\u00e1s alerta y concentrado durante todo mi turno.<\/em> \u2013 <strong>Emily R., EE. UU.<\/strong><br \/>\n\u2013 <em>\u201cLa calidad de las tabletas es excelente y el empaque estaba completamente impecable. Lo recomiendo ampliamente a cualquiera que busque comprar Modafinilo en l\u00ednea.\u201d<\/em> \u2013 <strong>Mark T., Reino Unido<\/strong><br \/>\n\u2013 <em>\u201cEl env\u00edo r\u00e1pido y la atenci\u00f3n al cliente eficiente hicieron que toda la experiencia fuera muy sencilla. Ahora puedo estudiar durante per\u00edodos m\u00e1s largos sin sentirme agotado.\u201d<\/em> \u2013 <strong>Sof\u00eda L., Canad\u00e1<\/strong>  <\/p>\n<h3>Conclusi\u00f3n: compre Modafinilo 200 mg en l\u00ednea de forma r\u00e1pida y con entrega confiable y discreta.<\/h3>\n<p>Cuando necesite una forma confiable, r\u00e1pida y privada de <strong>Comprar Modafinilo 200 mg en l\u00ednea<\/strong>Nuestra farmacia online de confianza es la mejor opci\u00f3n. Con rigurosos controles de calidad, env\u00edos seguros y discretos, y un proceso de compra sencillo, podr\u00e1 mejorar su estado de alerta, concentraci\u00f3n y productividad general con total confianza. Disfrute de las ventajas de un proveedor de confianza que entrega directamente en su domicilio, sin necesidad de receta m\u00e9dica, y de la tranquilidad que ofrece cada paquete discreto. Tome el control de su d\u00eda: haga su pedido hoy y sienta la diferencia ma\u00f1ana.<\/p>","protected":false},"excerpt":{"rendered":"<p>\u00bfSufres de fatiga o falta de concentraci\u00f3n? Compra Modafinilo 200 mg en l\u00ednea para mejorar tu estado de alerta y productividad. Ideal para la narcolepsia, la apnea del sue\u00f1o o el trastorno del sue\u00f1o por trabajo en turnos, nuestros nootr\u00f3picos de alta calidad provienen de fabricantes autorizados para garantizar tu seguridad. Disfruta de un empaque discreto, entrega r\u00e1pida y un proceso de compra sencillo. Recupera tu energ\u00eda y agudeza mental: \u00a1compra hoy y experimenta la diferencia!<\/p>","protected":false},"featured_media":4420,"comment_status":"open","ping_status":"closed","template":"","meta":{"site-sidebar-layout":"default","site-content-layout":"","ast-site-content-layout":"default","site-content-style":"default","site-sidebar-style":"default","ast-global-header-display":"","ast-banner-title-visibility":"","ast-main-header-display":"","ast-hfb-above-header-display":"","ast-hfb-below-header-display":"","ast-hfb-mobile-header-display":"","site-post-title":"","ast-breadcrumbs-content":"","ast-featured-img":"","footer-sml-layout":"","ast-disable-related-posts":"","theme-transparent-header-meta":"","adv-header-id-meta":"","stick-header-meta":"","header-above-stick-meta":"","header-main-stick-meta":"","header-below-stick-meta":"","astra-migrate-meta-layouts":"default","ast-page-background-enabled":"default","ast-page-background-meta":{"desktop":{"background-color":"","background-image":"","background-repeat":"repeat","background-position":"center center","background-size":"auto","background-attachment":"scroll","background-type":"","background-media":"","overlay-type":"","overlay-color":"","overlay-opacity":"","overlay-gradient":""},"tablet":{"background-color":"","background-image":"","background-repeat":"repeat","background-position":"center center","background-size":"auto","background-attachment":"scroll","background-type":"","background-media":"","overlay-type":"","overlay-color":"","overlay-opacity":"","overlay-gradient":""},"mobile":{"background-color":"","background-image":"","background-repeat":"repeat","background-position":"center center","background-size":"auto","background-attachment":"scroll","background-type":"","background-media":"","overlay-type":"","overlay-color":"","overlay-opacity":"","overlay-gradient":""}},"ast-content-background-meta":{"desktop":{"background-color":"var(--ast-global-color-5)","background-image":"","background-repeat":"repeat","background-position":"center center","background-size":"auto","background-attachment":"scroll","background-type":"","background-media":"","overlay-type":"","overlay-color":"","overlay-opacity":"","overlay-gradient":""},"tablet":{"background-color":"var(--ast-global-color-5)","background-image":"","background-repeat":"repeat","background-position":"center center","background-size":"auto","background-attachment":"scroll","background-type":"","background-media":"","overlay-type":"","overlay-color":"","overlay-opacity":"","overlay-gradient":""},"mobile":{"background-color":"var(--ast-global-color-5)","background-image":"","background-repeat":"repeat","background-position":"center center","background-size":"auto","background-attachment":"scroll","background-type":"","background-media":"","overlay-type":"","overlay-color":"","overlay-opacity":"","overlay-gradient":""}}},"product_brand":[],"product_cat":[1686],"product_tag":[1760,1255,1258,1070,1720,1758,1756,1759,1751,1757,1755,1752,1761,1754,1753],"class_list":{"0":"post-4367","1":"product","2":"type-product","3":"status-publish","4":"has-post-thumbnail","6":"product_cat-prescription-meds","7":"product_tag-best-nootropics","8":"product_tag-buy-modafinil-online","9":"product_tag-buy-provigil-online","10":"product_tag-cognitive-enhancer","11":"product_tag-modafinil-200-mg","12":"product_tag-modafinil-australia","13":"product_tag-modafinil-canada","14":"product_tag-modafinil-europe","15":"product_tag-modafinil-for-sale","16":"product_tag-modafinil-uk","17":"product_tag-modafinil-usa","18":"product_tag-nootropic-supplements","19":"product_tag-online-pharmacy-modafinil","20":"product_tag-smart-drugs-online","21":"product_tag-wakefulness-agent","22":"desktop-align-left","23":"tablet-align-left","24":"mobile-align-left","25":"ast-product-gallery-layout-horizontal-slider","26":"ast-product-gallery-with-no-image","27":"ast-magnify-disabled","28":"ast-product-single-variable","29":"ast-product-tabs-layout-horizontal","31":"first","32":"instock","33":"shipping-taxable","34":"purchasable","35":"product-type-variable"},"yoast_head":"<!-- This site is optimized with the Yoast SEO Premium plugin v26.0 (Yoast SEO v27.6) - https:\/\/yoast.com\/product\/yoast-seo-premium-wordpress\/ -->\n<title>Buy Modafinil 200 mg Online Fast - Reliable &amp; Discreet Delivery &#187; Rx Meds Plus<\/title>\n<meta name=\"description\" content=\"Buy Modafinil 200 mg online fast for enhanced focus and wakefulness! Enjoy reliable, discreet global shipping. Order now for quick delivery.\" \/>\n<meta name=\"robots\" content=\"noindex, follow, max-snippet:-1, max-image-preview:large, max-video-preview:-1\" \/>\n<meta property=\"og:locale\" content=\"es_ES\" \/>\n<meta property=\"og:type\" content=\"article\" \/>\n<meta property=\"og:title\" content=\"Buy Modafinil 200 mg Online Fast - Reliable &amp; Discreet Delivery\" \/>\n<meta property=\"og:description\" content=\"Buy Modafinil 200 mg online fast for enhanced focus and wakefulness! Enjoy reliable, discreet global shipping. Order now for quick delivery.\" \/>\n<meta property=\"og:url\" content=\"https:\/\/rxmedsplus.com\/es\/producto\/modafinil-200-mg\/\" \/>\n<meta property=\"og:site_name\" content=\"Rx Meds Plus\" \/>\n<meta property=\"article:modified_time\" content=\"2026-05-12T01:40:21+00:00\" \/>\n<meta property=\"og:image\" content=\"https:\/\/rxmedsplus.com\/wp-content\/uploads\/2026\/05\/134463-20-1.webp\" \/>\n\t<meta property=\"og:image:width\" content=\"500\" \/>\n\t<meta property=\"og:image:height\" content=\"500\" \/>\n\t<meta property=\"og:image:type\" content=\"image\/webp\" \/>\n<meta name=\"twitter:card\" content=\"summary_large_image\" \/>\n<meta name=\"twitter:label1\" content=\"Disponibilidad\" \/>\n\t<meta name=\"twitter:data1\" content=\"Disponible\" \/>\n<script type=\"application\/ld+json\" class=\"yoast-schema-graph\">{\"@context\":\"https:\\\/\\\/schema.org\",\"@graph\":[{\"@type\":\"WebPage\",\"@id\":\"https:\\\/\\\/rxmedsplus.com\\\/product\\\/modafinil-200-mg\\\/\",\"url\":\"https:\\\/\\\/rxmedsplus.com\\\/product\\\/modafinil-200-mg\\\/\",\"name\":\"Buy Modafinil 200 mg Online Fast - Reliable & Discreet Delivery &#187; Rx Meds Plus\",\"isPartOf\":{\"@id\":\"https:\\\/\\\/rxmedsplus.com\\\/#website\"},\"primaryImageOfPage\":{\"@id\":\"https:\\\/\\\/rxmedsplus.com\\\/product\\\/modafinil-200-mg\\\/#primaryimage\"},\"image\":{\"@id\":\"https:\\\/\\\/rxmedsplus.com\\\/product\\\/modafinil-200-mg\\\/#primaryimage\"},\"thumbnailUrl\":\"https:\\\/\\\/rxmedsplus.com\\\/wp-content\\\/uploads\\\/2026\\\/05\\\/134463-20-1.webp\",\"datePublished\":\"2026-05-03T23:31:32+00:00\",\"dateModified\":\"2026-05-12T01:40:21+00:00\",\"description\":\"Buy Modafinil 200 mg online fast for enhanced focus and wakefulness! Enjoy reliable, discreet global shipping. Order now for quick delivery.\",\"breadcrumb\":{\"@id\":\"https:\\\/\\\/rxmedsplus.com\\\/product\\\/modafinil-200-mg\\\/#breadcrumb\"},\"inLanguage\":\"es\",\"potentialAction\":[{\"@type\":\"ReadAction\",\"target\":[\"https:\\\/\\\/rxmedsplus.com\\\/product\\\/modafinil-200-mg\\\/\"]}]},{\"@type\":\"ImageObject\",\"inLanguage\":\"es\",\"@id\":\"https:\\\/\\\/rxmedsplus.com\\\/product\\\/modafinil-200-mg\\\/#primaryimage\",\"url\":\"https:\\\/\\\/rxmedsplus.com\\\/wp-content\\\/uploads\\\/2026\\\/05\\\/134463-20-1.webp\",\"contentUrl\":\"https:\\\/\\\/rxmedsplus.com\\\/wp-content\\\/uploads\\\/2026\\\/05\\\/134463-20-1.webp\",\"width\":500,\"height\":500},{\"@type\":\"BreadcrumbList\",\"@id\":\"https:\\\/\\\/rxmedsplus.com\\\/product\\\/modafinil-200-mg\\\/#breadcrumb\",\"itemListElement\":[{\"@type\":\"ListItem\",\"position\":1,\"name\":\"Home\",\"item\":\"https:\\\/\\\/rxmedsplus.com\\\/\"},{\"@type\":\"ListItem\",\"position\":2,\"name\":\"Shop\",\"item\":\"https:\\\/\\\/rxmedsplus.com\\\/shop\\\/\"},{\"@type\":\"ListItem\",\"position\":3,\"name\":\"Buy Modafinil 200 mg Online Fast &#8211; Reliable &#038; Discreet Delivery\"}]},{\"@type\":\"WebSite\",\"@id\":\"https:\\\/\\\/rxmedsplus.com\\\/#website\",\"url\":\"https:\\\/\\\/rxmedsplus.com\\\/\",\"name\":\"Rx Meds Plus\",\"description\":\"Buy Prescription Meds and Pills Online with Fast Delivery\",\"potentialAction\":[{\"@type\":\"SearchAction\",\"target\":{\"@type\":\"EntryPoint\",\"urlTemplate\":\"https:\\\/\\\/rxmedsplus.com\\\/?s={search_term_string}\"},\"query-input\":{\"@type\":\"PropertyValueSpecification\",\"valueRequired\":true,\"valueName\":\"search_term_string\"}}],\"inLanguage\":\"es\"}]}<\/script>\n<meta property=\"og:availability\" content=\"instock\" \/>\n<meta property=\"product:availability\" content=\"instock\" \/>\n<meta property=\"product:retailer_item_id\" content=\"134463\" \/>\n<meta property=\"product:condition\" content=\"new\" \/>\n<!-- \/ Yoast SEO Premium plugin. -->","yoast_head_json":{"title":"Compre Modafinilo 200 mg en l\u00ednea r\u00e1pidamente - Entrega confiable y discreta \ud83d\udc96 Rx Meds Plus","description":"\u00a1Compra Modafinilo 200 mg online r\u00e1pidamente para mejorar tu concentraci\u00f3n y estado de alerta! Disfruta de env\u00edos internacionales fiables y discretos. Haz tu pedido ahora y rec\u00edbelo al instante.","robots":{"index":"noindex","follow":"follow","max-snippet":"max-snippet:-1","max-image-preview":"max-image-preview:large","max-video-preview":"max-video-preview:-1"},"og_locale":"es_ES","og_type":"article","og_title":"Buy Modafinil 200 mg Online Fast - Reliable & Discreet Delivery","og_description":"Buy Modafinil 200 mg online fast for enhanced focus and wakefulness! Enjoy reliable, discreet global shipping. Order now for quick delivery.","og_url":"https:\/\/rxmedsplus.com\/es\/producto\/modafinil-200-mg\/","og_site_name":"Rx Meds Plus","article_modified_time":"2026-05-12T01:40:21+00:00","og_image":[{"width":500,"height":500,"url":"https:\/\/rxmedsplus.com\/wp-content\/uploads\/2026\/05\/134463-20-1.webp","type":"image\/webp"}],"twitter_card":"summary_large_image","twitter_misc":{"Disponibilidad":"Disponible"},"schema":{"@context":"https:\/\/schema.org","@graph":[{"@type":"WebPage","@id":"https:\/\/rxmedsplus.com\/product\/modafinil-200-mg\/","url":"https:\/\/rxmedsplus.com\/product\/modafinil-200-mg\/","name":"Compre Modafinilo 200 mg en l\u00ednea r\u00e1pidamente - Entrega confiable y discreta \ud83d\udc96 Rx Meds Plus","isPartOf":{"@id":"https:\/\/rxmedsplus.com\/#website"},"primaryImageOfPage":{"@id":"https:\/\/rxmedsplus.com\/product\/modafinil-200-mg\/#primaryimage"},"image":{"@id":"https:\/\/rxmedsplus.com\/product\/modafinil-200-mg\/#primaryimage"},"thumbnailUrl":"https:\/\/rxmedsplus.com\/wp-content\/uploads\/2026\/05\/134463-20-1.webp","datePublished":"2026-05-03T23:31:32+00:00","dateModified":"2026-05-12T01:40:21+00:00","description":"\u00a1Compra Modafinilo 200 mg online r\u00e1pidamente para mejorar tu concentraci\u00f3n y estado de alerta! Disfruta de env\u00edos internacionales fiables y discretos. Haz tu pedido ahora y rec\u00edbelo al instante.","breadcrumb":{"@id":"https:\/\/rxmedsplus.com\/product\/modafinil-200-mg\/#breadcrumb"},"inLanguage":"es","potentialAction":[{"@type":"ReadAction","target":["https:\/\/rxmedsplus.com\/product\/modafinil-200-mg\/"]}]},{"@type":"ImageObject","inLanguage":"es","@id":"https:\/\/rxmedsplus.com\/product\/modafinil-200-mg\/#primaryimage","url":"https:\/\/rxmedsplus.com\/wp-content\/uploads\/2026\/05\/134463-20-1.webp","contentUrl":"https:\/\/rxmedsplus.com\/wp-content\/uploads\/2026\/05\/134463-20-1.webp","width":500,"height":500},{"@type":"BreadcrumbList","@id":"https:\/\/rxmedsplus.com\/product\/modafinil-200-mg\/#breadcrumb","itemListElement":[{"@type":"ListItem","position":1,"name":"Home","item":"https:\/\/rxmedsplus.com\/"},{"@type":"ListItem","position":2,"name":"Shop","item":"https:\/\/rxmedsplus.com\/shop\/"},{"@type":"ListItem","position":3,"name":"Buy Modafinil 200 mg Online Fast &#8211; Reliable &#038; Discreet Delivery"}]},{"@type":"WebSite","@id":"https:\/\/rxmedsplus.com\/#website","url":"https:\/\/rxmedsplus.com\/","name":"Mi Metro Medicamentos","description":"Compre medicamentos y pastillas con receta en l\u00ednea con entrega r\u00e1pida.","potentialAction":[{"@type":"SearchAction","target":{"@type":"EntryPoint","urlTemplate":"https:\/\/rxmedsplus.com\/?s={search_term_string}"},"query-input":{"@type":"PropertyValueSpecification","valueRequired":true,"valueName":"search_term_string"}}],"inLanguage":"es"}]},"og_availability":"instock","product_availability":"instock","product_retailer_item_id":"134463","product_condition":"new"},"_links":{"self":[{"href":"https:\/\/rxmedsplus.com\/es\/wp-json\/wp\/v2\/product\/4367","targetHints":{"allow":["GET"]}}],"collection":[{"href":"https:\/\/rxmedsplus.com\/es\/wp-json\/wp\/v2\/product"}],"about":[{"href":"https:\/\/rxmedsplus.com\/es\/wp-json\/wp\/v2\/types\/product"}],"replies":[{"embeddable":true,"href":"https:\/\/rxmedsplus.com\/es\/wp-json\/wp\/v2\/comments?post=4367"}],"wp:featuredmedia":[{"embeddable":true,"href":"https:\/\/rxmedsplus.com\/es\/wp-json\/wp\/v2\/media\/4420"}],"wp:attachment":[{"href":"https:\/\/rxmedsplus.com\/es\/wp-json\/wp\/v2\/media?parent=4367"}],"wp:term":[{"taxonomy":"product_brand","embeddable":true,"href":"https:\/\/rxmedsplus.com\/es\/wp-json\/wp\/v2\/product_brand?post=4367"},{"taxonomy":"product_cat","embeddable":true,"href":"https:\/\/rxmedsplus.com\/es\/wp-json\/wp\/v2\/product_cat?post=4367"},{"taxonomy":"product_tag","embeddable":true,"href":"https:\/\/rxmedsplus.com\/es\/wp-json\/wp\/v2\/product_tag?post=4367"}],"curies":[{"name":"wp","href":"https:\/\/api.w.org\/{rel}","templated":true}]}}