{"id":3652,"date":"2025-09-24T21:55:45","date_gmt":"2025-09-24T21:55:45","guid":{"rendered":"https:\/\/rxmedsplus.com\/?post_type=product&#038;p=3652"},"modified":"2025-09-25T11:15:26","modified_gmt":"2025-09-25T11:15:26","slug":"buy-oxycodone-online-safely","status":"publish","type":"product","link":"https:\/\/rxmedsplus.com\/et\/product\/buy-oxycodone-online-safely\/","title":{"rendered":"Osta oks\u00fckodooni 30mg veebist \u2013 kiire ja ohutu leevendus"},"content":{"rendered":"<h2><strong>Osta oks\u00fckodooni 30mg veebist \u2013 kiire ja ohutu leevendus kroonilisele valule<\/strong><\/h2>\n<p>Kui otsid kiiret ja t\u00f5husat valuvaigistit, siis oledki leidnud, mida otsid. <strong>Osta oks\u00fckodooni 30 mg veebist<\/strong> Meie usaldusv\u00e4\u00e4rsest ja diskreetsest apteegist saate m\u00f5\u00f5duka kuni tugeva valu ohutuks ja mugavaks raviks. Oks\u00fckodoon on v\u00f5imas opioidvaluvaigisti, mida m\u00e4\u00e4ratakse kroonilise valu, operatsioonij\u00e4rgse taastumise ja muude valulike meditsiiniliste olukordade korral. Pakume kiiret saatmist USA-sse, Kanadasse, EL-i ja kogu maailma, tagades, et saate oma ravimid viivitusteta k\u00e4tte.<\/p>\n<h3><strong>Miks valida meie oks\u00fckodooni 30 mg tablette?<\/strong><\/h3>\n<p>Kui sa <strong>osta oks\u00fckodooni 30 mg veebist<\/strong>, saate kvaliteetse ja laboris testitud ravimi. <strong>usaldusv\u00e4\u00e4rne veebim\u00fc\u00fcja<\/strong>Meie tabletid p\u00e4rinevad hea mainega tootjatelt, mis tagab nende t\u00f5hususe ja ohutuse. Iga tablett annab t\u00e4pse annuse, pakkudes j\u00e4rjepidevat valuvaigistust ilma kompromissideta.<\/p>\n<h3><strong>Milleks kasutatakse oks\u00fckodooni 30 mg?<\/strong><\/h3>\n<p>Oks\u00fckodoon 30 mg on FDA poolt heaks kiidetud <strong>opioidne valuvaigisti<\/strong> m\u00f5eldud j\u00e4rgmiste haiguste raviks:<br \/>\nKrooniline seljavalu<br \/>\n\u00b7 Operatsioonij\u00e4rgne valu<br \/>\nRaske artriit<br \/>\nV\u00e4higa seotud valu<br \/>\nN\u00e4rvivalu ja fibrom\u00fcalgia<\/p>\n<p>See toimib seondudes aju ja seljaaju opioidretseptoritega, muutes seda, kuidas teie keha valu tajub.<\/p>\n<h3><strong>Oks\u00fckodooni 30 mg peamised eelised<\/strong><\/h3>\n<p>&#8211; <strong>Kiiretoimeline leevendus:<\/strong> Alustab t\u00f6\u00f6d 15-30 minuti jooksul<br \/>\n&#8211; <strong>Pikaajalised m\u00f5jud:<\/strong> Annab kuni 6 tundi valuvaigistust<br \/>\n&#8211; <strong>K\u00f5rge potentsiaal:<\/strong> Ideaalne tugeva valu korral, mis ei allu n\u00f5rgematele ravimitele<br \/>\n&#8211; <strong>Discreet packaging:<\/strong> K\u00f5ik tellimused saadetakse konfidentsiaalselt<\/p>\n<h3><strong>Oks\u00fckodooni 30 mg annustamine ja ohutusjuhised<\/strong><\/h3>\n<p>Enne sind <strong>telli oks\u00fckodooni 30 mg ilma retseptita veebist<\/strong>, on oluline m\u00f5ista \u00f5iget kasutamist:<\/p>\n<p>&#8211; <strong>Standardne annus:<\/strong> 5\u201330 mg iga 4\u20136 tunni j\u00e4rel (s\u00f5ltuvalt valu tugevusest)<br \/>\n&#8211; <strong>Annuse kohandamine:<\/strong> S\u00f5ltuvuse v\u00e4ltimiseks \u00e4rge kunagi \u00fcletage etteantud piire.<br \/>\n&#8211; <strong>S\u00e4ilitamine:<\/strong> Hoida jahedas ja kuivas kohas, lastele k\u00e4ttesaamatus kohas<br \/>\n&#8211; <strong>V\u00e4ltige alkoholi:<\/strong> V\u00f5ib suurendada unisust ja hingamisdepressiooni<\/p>\n<p>Kui te pole annuse v\u00f5i v\u00f5imalike ravimite koostoimete osas kindel, pidage alati n\u00f5u tervishoiuteenuse osutajaga.<\/p>\n<h3><strong>Oks\u00fckodooni 30 mg v\u00f5imalikud k\u00f5rvaltoimed<\/strong><\/h3>\n<p>Kuigi oks\u00fckodoon on efektiivne, v\u00f5ib see p\u00f5hjustada k\u00f5rvaltoimeid, sealhulgas:<br \/>\nUnisus v\u00f5i pearinglus<br \/>\nIiveldus v\u00f5i oksendamine<br \/>\n&#8211; Constipation<br \/>\nSuukuivus<\/p>\n<p>T\u00f5siste k\u00f5rvaltoimete (harva esinevate) hulka kuuluvad pindmine hingamine, segasus v\u00f5i allergilised reaktsioonid. T\u00f5siste reaktsioonide tekkimisel p\u00f6\u00f6rduge viivitamatult arsti poole.<\/p>\n<h3><strong>Miks osta oks\u00fckodooni 30mg meilt veebist?<\/strong><\/h3>\n<p>Kui sul on vaja <strong>kiire ja ohutu valuvaigistus<\/strong>, ostes a-lt <strong>hea mainega veebim\u00fc\u00fcja<\/strong> ensures:<\/p>\n<p>\u2705 <strong>Kvaliteetne, originaalne ravim<\/strong><br \/>\n\u2705 <strong>Turvaline maksmine ja kr\u00fcpteeritud tehingud<\/strong><br \/>\n\u2705 <strong>Diskreetne saatmine USA-sse, Kanadasse, EL-i ja kogu maailma<\/strong><br \/>\n\u2705 <strong>Retsepti pole vaja<\/strong><br \/>\n\u2705 <strong>24\/7 klienditugi<\/strong><\/p>\n<p>Meie jaoks on klientide rahulolu esmat\u00e4htis ning me garanteerime, et teie tellimus j\u00f5uab kohale ohutult ja \u00f5igeaegselt.<\/p>\n<h3><strong>Tellige oks\u00fckodooni 30 mg juba t\u00e4na veebist t\u00f5husa valuvaigistuse saamiseks<\/strong><\/h3>\n<p>Kas kannatad lakkamatu valu k\u00e4es? \u00c4ra oota \u2013<strong>osta oks\u00fckodooni 30 mg veebist<\/strong> N\u00fc\u00fcd koheseks ja usaldusv\u00e4\u00e4rseks leevenduseks. Meie sujuv tellimisprotsess muudab vajalike ravimite retseptita saamise lihtsaks. Klientide usalduse all \u00fcle maailma toimetame teie ravimid diskreetselt ja turvaliselt kohale, et tagada teie t\u00e4ielik privaatsus.<\/p>\n<p><strong>Esita oma tellimus kohe ja koge parimat valuvaigistust juba t\u00e4na!<\/strong><\/p>","protected":false},"excerpt":{"rendered":"<p>Leidke kiire ja usaldusv\u00e4\u00e4rne leevendus oks\u00fckodooniga 30 mg \u2013 usaldusv\u00e4\u00e4rne lahendus m\u00f5\u00f5duka kuni tugeva valu korral, kui muud ravimid ei ole piisavad. Meie diskreetne ja retseptivaba teenus tagab, et ehtsad tabletid toimetatakse teie ukse taha turvaliselt, mida toetab \u00f6\u00f6p\u00e4evaringne tugi. Nautige konkurentsiv\u00f5imelisi hindu, paindlikke maksev\u00f5imalusi ja meelerahu, teades, et saate t\u00f5husat opioidide leevendust usaldusv\u00e4\u00e4rsest allikast. KASUTAMISE JA ANNUSTAMISE KOHTA P\u00d6\u00d6RDUGE ALATI PROFESSIONAALSE ARSTI POOLE.<\/p>","protected":false},"featured_media":3691,"comment_status":"open","ping_status":"closed","template":"","meta":{"site-sidebar-layout":"default","site-content-layout":"","ast-site-content-layout":"default","site-content-style":"default","site-sidebar-style":"default","ast-global-header-display":"","ast-banner-title-visibility":"","ast-main-header-display":"","ast-hfb-above-header-display":"","ast-hfb-below-header-display":"","ast-hfb-mobile-header-display":"","site-post-title":"","ast-breadcrumbs-content":"","ast-featured-img":"","footer-sml-layout":"","ast-disable-related-posts":"","theme-transparent-header-meta":"default","adv-header-id-meta":"","stick-header-meta":"default","header-above-stick-meta":"","header-main-stick-meta":"","header-below-stick-meta":"","astra-migrate-meta-layouts":"set","ast-page-background-enabled":"default","ast-page-background-meta":{"desktop":{"background-color":"","background-image":"","background-repeat":"repeat","background-position":"center center","background-size":"auto","background-attachment":"scroll","background-type":"","background-media":"","overlay-type":"","overlay-color":"","overlay-opacity":"","overlay-gradient":""},"tablet":{"background-color":"","background-image":"","background-repeat":"repeat","background-position":"center center","background-size":"auto","background-attachment":"scroll","background-type":"","background-media":"","overlay-type":"","overlay-color":"","overlay-opacity":"","overlay-gradient":""},"mobile":{"background-color":"","background-image":"","background-repeat":"repeat","background-position":"center center","background-size":"auto","background-attachment":"scroll","background-type":"","background-media":"","overlay-type":"","overlay-color":"","overlay-opacity":"","overlay-gradient":""}},"ast-content-background-meta":{"desktop":{"background-color":"var(--ast-global-color-5)","background-image":"","background-repeat":"repeat","background-position":"center center","background-size":"auto","background-attachment":"scroll","background-type":"","background-media":"","overlay-type":"","overlay-color":"","overlay-opacity":"","overlay-gradient":""},"tablet":{"background-color":"var(--ast-global-color-5)","background-image":"","background-repeat":"repeat","background-position":"center center","background-size":"auto","background-attachment":"scroll","background-type":"","background-media":"","overlay-type":"","overlay-color":"","overlay-opacity":"","overlay-gradient":""},"mobile":{"background-color":"var(--ast-global-color-5)","background-image":"","background-repeat":"repeat","background-position":"center center","background-size":"auto","background-attachment":"scroll","background-type":"","background-media":"","overlay-type":"","overlay-color":"","overlay-opacity":"","overlay-gradient":""}}},"product_brand":[],"product_cat":[37],"product_tag":[1114,1118,1111,1117,1119,1115,1113,1112,1120,1116],"class_list":{"0":"post-3652","1":"product","2":"type-product","3":"status-publish","4":"has-post-thumbnail","6":"product_cat-buy-pain-relief-medication-online","7":"product_tag-best-online-pharmacy-for-oxycodone","8":"product_tag-buy-opioid-pain-medication","9":"product_tag-buy-oxycodone-30mg-online","10":"product_tag-chronic-pain-relief","11":"product_tag-discreet-oxycodone-shipping","12":"product_tag-fast-oxycodone-delivery","13":"product_tag-order-oxycodone-without-prescription","14":"product_tag-oxycodone-30mg-for-pain-relief","15":"product_tag-oxycodone-for-severe-pain","16":"product_tag-safe-oxycodone-purchase","17":"desktop-align-left","18":"tablet-align-left","19":"mobile-align-left","20":"ast-product-gallery-layout-horizontal-slider","21":"ast-product-gallery-with-no-image","22":"ast-magnify-disabled","23":"ast-product-single-variable","24":"ast-product-tabs-layout-horizontal","26":"first","27":"instock","28":"shipping-taxable","29":"purchasable","30":"product-type-variable"},"yoast_head":"<!-- This site is optimized with the Yoast SEO Premium plugin v26.0 (Yoast SEO v27.6) - https:\/\/yoast.com\/product\/yoast-seo-premium-wordpress\/ -->\n<title>Buy Oxycodone 30mg Online \u2013 Fast &amp; Safe Relief &#187; Rx Meds Plus<\/title>\n<meta name=\"description\" content=\"Buy oxycodone online safely for fast pain relief. Our trusted pharmacy offers discreet shipping &amp; high-quality 30mg pills. Order now for secure delivery!\" \/>\n<meta name=\"robots\" content=\"noindex, follow, max-snippet:-1, max-image-preview:large, max-video-preview:-1\" \/>\n<meta property=\"og:locale\" content=\"et_EE\" \/>\n<meta property=\"og:type\" content=\"article\" \/>\n<meta property=\"og:title\" content=\"Buy Oxycodone 30mg Online \u2013 Fast &amp; Safe Relief\" \/>\n<meta property=\"og:description\" content=\"Buy oxycodone online safely for fast pain relief. Our trusted pharmacy offers discreet shipping &amp; high-quality 30mg pills. Order now for secure delivery!\" \/>\n<meta property=\"og:url\" content=\"https:\/\/rxmedsplus.com\/et\/toode\/buy-oxycodone-online-safely\/\" \/>\n<meta property=\"og:site_name\" content=\"Rx Meds Plus\" \/>\n<meta property=\"article:modified_time\" content=\"2025-09-25T11:15:26+00:00\" \/>\n<meta property=\"og:image\" content=\"https:\/\/mlehknw8zzux.i.optimole.com\/w:456\/h:501\/q:mauto\/f:best\/https:\/\/rxmedsplus.com\/wp-content\/uploads\/2025\/09\/11502-Oxycodone-4-1.jpg\" \/>\n\t<meta property=\"og:image:width\" content=\"456\" \/>\n\t<meta property=\"og:image:height\" content=\"501\" \/>\n\t<meta property=\"og:image:type\" content=\"image\/jpeg\" \/>\n<meta name=\"twitter:card\" content=\"summary_large_image\" \/>\n<meta name=\"twitter:label1\" content=\"Availability\" \/>\n\t<meta name=\"twitter:data1\" content=\"In stock\" \/>\n<script type=\"application\/ld+json\" class=\"yoast-schema-graph\">{\"@context\":\"https:\\\/\\\/schema.org\",\"@graph\":[{\"@type\":\"WebPage\",\"@id\":\"https:\\\/\\\/rxmedsplus.com\\\/product\\\/buy-oxycodone-online-safely\\\/\",\"url\":\"https:\\\/\\\/rxmedsplus.com\\\/product\\\/buy-oxycodone-online-safely\\\/\",\"name\":\"Buy Oxycodone 30mg Online \u2013 Fast & Safe Relief &#187; Rx Meds Plus\",\"isPartOf\":{\"@id\":\"https:\\\/\\\/rxmedsplus.com\\\/#website\"},\"primaryImageOfPage\":{\"@id\":\"https:\\\/\\\/rxmedsplus.com\\\/product\\\/buy-oxycodone-online-safely\\\/#primaryimage\"},\"image\":{\"@id\":\"https:\\\/\\\/rxmedsplus.com\\\/product\\\/buy-oxycodone-online-safely\\\/#primaryimage\"},\"thumbnailUrl\":\"https:\\\/\\\/rxmedsplus.com\\\/wp-content\\\/uploads\\\/2025\\\/09\\\/11502-Oxycodone-4-1.jpg\",\"datePublished\":\"2025-09-24T21:55:45+00:00\",\"dateModified\":\"2025-09-25T11:15:26+00:00\",\"description\":\"Buy oxycodone online safely for fast pain relief. Our trusted pharmacy offers discreet shipping & high-quality 30mg pills. Order now for secure delivery!\",\"breadcrumb\":{\"@id\":\"https:\\\/\\\/rxmedsplus.com\\\/product\\\/buy-oxycodone-online-safely\\\/#breadcrumb\"},\"inLanguage\":\"et\",\"potentialAction\":[{\"@type\":\"ReadAction\",\"target\":[\"https:\\\/\\\/rxmedsplus.com\\\/product\\\/buy-oxycodone-online-safely\\\/\"]}]},{\"@type\":\"ImageObject\",\"inLanguage\":\"et\",\"@id\":\"https:\\\/\\\/rxmedsplus.com\\\/product\\\/buy-oxycodone-online-safely\\\/#primaryimage\",\"url\":\"https:\\\/\\\/rxmedsplus.com\\\/wp-content\\\/uploads\\\/2025\\\/09\\\/11502-Oxycodone-4-1.jpg\",\"contentUrl\":\"https:\\\/\\\/rxmedsplus.com\\\/wp-content\\\/uploads\\\/2025\\\/09\\\/11502-Oxycodone-4-1.jpg\",\"width\":456,\"height\":501},{\"@type\":\"BreadcrumbList\",\"@id\":\"https:\\\/\\\/rxmedsplus.com\\\/product\\\/buy-oxycodone-online-safely\\\/#breadcrumb\",\"itemListElement\":[{\"@type\":\"ListItem\",\"position\":1,\"name\":\"Home\",\"item\":\"https:\\\/\\\/rxmedsplus.com\\\/\"},{\"@type\":\"ListItem\",\"position\":2,\"name\":\"Shop\",\"item\":\"https:\\\/\\\/rxmedsplus.com\\\/shop\\\/\"},{\"@type\":\"ListItem\",\"position\":3,\"name\":\"Buy Oxycodone 30mg Online \u2013 Fast &#038; Safe Relief\"}]},{\"@type\":\"WebSite\",\"@id\":\"https:\\\/\\\/rxmedsplus.com\\\/#website\",\"url\":\"https:\\\/\\\/rxmedsplus.com\\\/\",\"name\":\"Rx Meds Plus\",\"description\":\"Buy Prescription Meds and Pills Online with Fast Delivery\",\"potentialAction\":[{\"@type\":\"SearchAction\",\"target\":{\"@type\":\"EntryPoint\",\"urlTemplate\":\"https:\\\/\\\/rxmedsplus.com\\\/?s={search_term_string}\"},\"query-input\":{\"@type\":\"PropertyValueSpecification\",\"valueRequired\":true,\"valueName\":\"search_term_string\"}}],\"inLanguage\":\"et\"}]}<\/script>\n<meta property=\"og:availability\" content=\"instock\" \/>\n<meta property=\"product:availability\" content=\"instock\" \/>\n<meta property=\"product:retailer_item_id\" content=\"qVKXgCRc4W\" \/>\n<meta property=\"product:condition\" content=\"new\" \/>\n<!-- \/ Yoast SEO Premium plugin. -->","yoast_head_json":{"title":"Osta oks\u00fckodooni 30 mg veebist \u2013 kiire ja ohutu leevendus &amp; Rx Meds Plus","description":"Ostke oks\u00fckodooni kiireks valuvaigistuseks turvaliselt veebist. Meie usaldusv\u00e4\u00e4rne apteek pakub diskreetset saatmist ja kvaliteetseid 30 mg tablette. Tellige kohe turvalise kohaletoimetamise jaoks!","robots":{"index":"noindex","follow":"follow","max-snippet":"max-snippet:-1","max-image-preview":"max-image-preview:large","max-video-preview":"max-video-preview:-1"},"og_locale":"et_EE","og_type":"article","og_title":"Buy Oxycodone 30mg Online \u2013 Fast & Safe Relief","og_description":"Buy oxycodone online safely for fast pain relief. Our trusted pharmacy offers discreet shipping & high-quality 30mg pills. Order now for secure delivery!","og_url":"https:\/\/rxmedsplus.com\/et\/toode\/buy-oxycodone-online-safely\/","og_site_name":"Rx Meds Plus","article_modified_time":"2025-09-25T11:15:26+00:00","og_image":[{"width":456,"height":501,"url":"https:\/\/mlehknw8zzux.i.optimole.com\/w:456\/h:501\/q:mauto\/f:best\/https:\/\/rxmedsplus.com\/wp-content\/uploads\/2025\/09\/11502-Oxycodone-4-1.jpg","type":"image\/jpeg"}],"twitter_card":"summary_large_image","twitter_misc":{"Availability":"In stock"},"schema":{"@context":"https:\/\/schema.org","@graph":[{"@type":"WebPage","@id":"https:\/\/rxmedsplus.com\/product\/buy-oxycodone-online-safely\/","url":"https:\/\/rxmedsplus.com\/product\/buy-oxycodone-online-safely\/","name":"Osta oks\u00fckodooni 30 mg veebist \u2013 kiire ja ohutu leevendus &amp; Rx Meds Plus","isPartOf":{"@id":"https:\/\/rxmedsplus.com\/#website"},"primaryImageOfPage":{"@id":"https:\/\/rxmedsplus.com\/product\/buy-oxycodone-online-safely\/#primaryimage"},"image":{"@id":"https:\/\/rxmedsplus.com\/product\/buy-oxycodone-online-safely\/#primaryimage"},"thumbnailUrl":"https:\/\/rxmedsplus.com\/wp-content\/uploads\/2025\/09\/11502-Oxycodone-4-1.jpg","datePublished":"2025-09-24T21:55:45+00:00","dateModified":"2025-09-25T11:15:26+00:00","description":"Ostke oks\u00fckodooni kiireks valuvaigistuseks turvaliselt veebist. Meie usaldusv\u00e4\u00e4rne apteek pakub diskreetset saatmist ja kvaliteetseid 30 mg tablette. Tellige kohe turvalise kohaletoimetamise jaoks!","breadcrumb":{"@id":"https:\/\/rxmedsplus.com\/product\/buy-oxycodone-online-safely\/#breadcrumb"},"inLanguage":"et","potentialAction":[{"@type":"ReadAction","target":["https:\/\/rxmedsplus.com\/product\/buy-oxycodone-online-safely\/"]}]},{"@type":"ImageObject","inLanguage":"et","@id":"https:\/\/rxmedsplus.com\/product\/buy-oxycodone-online-safely\/#primaryimage","url":"https:\/\/rxmedsplus.com\/wp-content\/uploads\/2025\/09\/11502-Oxycodone-4-1.jpg","contentUrl":"https:\/\/rxmedsplus.com\/wp-content\/uploads\/2025\/09\/11502-Oxycodone-4-1.jpg","width":456,"height":501},{"@type":"BreadcrumbList","@id":"https:\/\/rxmedsplus.com\/product\/buy-oxycodone-online-safely\/#breadcrumb","itemListElement":[{"@type":"ListItem","position":1,"name":"Home","item":"https:\/\/rxmedsplus.com\/"},{"@type":"ListItem","position":2,"name":"Shop","item":"https:\/\/rxmedsplus.com\/shop\/"},{"@type":"ListItem","position":3,"name":"Buy Oxycodone 30mg Online \u2013 Fast &#038; Safe Relief"}]},{"@type":"WebSite","@id":"https:\/\/rxmedsplus.com\/#website","url":"https:\/\/rxmedsplus.com\/","name":"Retseptiravimid plussina","description":"Osta retseptiravimeid ja tablette veebist kiire kohaletoimetamisega","potentialAction":[{"@type":"SearchAction","target":{"@type":"EntryPoint","urlTemplate":"https:\/\/rxmedsplus.com\/?s={search_term_string}"},"query-input":{"@type":"PropertyValueSpecification","valueRequired":true,"valueName":"search_term_string"}}],"inLanguage":"et"}]},"og_availability":"instock","product_availability":"instock","product_retailer_item_id":"qVKXgCRc4W","product_condition":"new"},"_links":{"self":[{"href":"https:\/\/rxmedsplus.com\/et\/wp-json\/wp\/v2\/product\/3652","targetHints":{"allow":["GET"]}}],"collection":[{"href":"https:\/\/rxmedsplus.com\/et\/wp-json\/wp\/v2\/product"}],"about":[{"href":"https:\/\/rxmedsplus.com\/et\/wp-json\/wp\/v2\/types\/product"}],"replies":[{"embeddable":true,"href":"https:\/\/rxmedsplus.com\/et\/wp-json\/wp\/v2\/comments?post=3652"}],"wp:featuredmedia":[{"embeddable":true,"href":"https:\/\/rxmedsplus.com\/et\/wp-json\/wp\/v2\/media\/3691"}],"wp:attachment":[{"href":"https:\/\/rxmedsplus.com\/et\/wp-json\/wp\/v2\/media?parent=3652"}],"wp:term":[{"taxonomy":"product_brand","embeddable":true,"href":"https:\/\/rxmedsplus.com\/et\/wp-json\/wp\/v2\/product_brand?post=3652"},{"taxonomy":"product_cat","embeddable":true,"href":"https:\/\/rxmedsplus.com\/et\/wp-json\/wp\/v2\/product_cat?post=3652"},{"taxonomy":"product_tag","embeddable":true,"href":"https:\/\/rxmedsplus.com\/et\/wp-json\/wp\/v2\/product_tag?post=3652"}],"curies":[{"name":"wp","href":"https:\/\/api.w.org\/{rel}","templated":true}]}}