{"id":4307,"date":"2026-05-03T23:30:25","date_gmt":"2026-05-03T23:30:25","guid":{"rendered":"https:\/\/rxmedsplus.com\/"},"modified":"2026-05-11T00:22:30","modified_gmt":"2026-05-11T00:22:30","slug":"cialis-60-mg","status":"publish","type":"product","link":"https:\/\/rxmedsplus.com\/et\/product\/cialis-60-mg\/","title":{"rendered":"Osta Cialis 60 mg veebist, et saada kiire ja v\u00f5imas erektsioonih\u00e4irete leevendus"},"content":{"rendered":"<p><strong>Osta Cialis 60 mg veebist, et saada kiire ja v\u00f5imas erektsioonih\u00e4irete leevendus<\/strong>  <\/p>\n<p>Erektsioonih\u00e4irete t\u00f5husa ravi osas on Cialis 60 mg usaldusv\u00e4\u00e4rne lahendus meestele, kes otsivad kiireid ja pikaajalisi tulemusi. Kui soovite... <strong>osta Cialis 60 mg veebist, et saada kiire ja v\u00f5imas erektsioonih\u00e4irete leevendus<\/strong>, olete \u00f5iges kohas. Meie internetiapteek pakub ehtsaid ja kvaliteetseid Cialise tablette, mis saadetakse diskreetselt teie ukse taha. Olenemata sellest, kas asute USA-s, Kanadas, EL-is, \u00dchendkuningriigis, Austraalias v\u00f5i kusagil mujal maailmas, tagame turvalise ja konfidentsiaalse kohaletoimetamise.  <\/p>\n<h3><strong>Mis on Cialis 60 mg?<\/strong>  <\/h3>\n<p>Cialis 60 mg on tadalafiili suurtes annustes preparaat, mis on tugev PDE5 inhibiitor, mis on loodud peenise piirkonna verevoolu parandamiseks, v\u00f5imaldades tugevamat ja kauakestvamat erektsiooni. Erinevalt teistest erektsioonih\u00e4irete ravimitest pakub Cialis kuni 36 tundi kestvat toimet, mis teenis talle h\u00fc\u00fcdnime N\u00e4dalavahetuse Pill. See pikendatud toimeaken v\u00f5imaldab spontaansust ja enesekindlust intiimsetes hetkedes ilma range ajastuse vajaduseta.  <\/p>\n<h3><strong>Cialise 60 mg peamised eelised<\/strong>  <\/h3>\n<p>&#8211; <strong>Kiiretoimeline leevendus:<\/strong> Erektsioonifunktsiooni paranemine ilmneb 30\u201360 minuti jooksul p\u00e4rast tarbimist.<br \/>\n&#8211; <strong>Pikaajalised m\u00f5jud:<\/strong> Nautige kuni 36 tundi t\u00e4iustatud j\u00f5udlust.<br \/>\n&#8211; <strong>Suurem enesekindlus:<\/strong> Saage usaldusv\u00e4\u00e4rsete tulemustega tagasi kontroll oma seksuaaltervise \u00fcle.<br \/>\n&#8211; <strong>Diskreetne ja mugav:<\/strong> Tellige veebist ilma retseptita ja saage diskreetne pakend.  <\/p>\n<h3><strong>Kuidas Cialis 60 mg toimib?<\/strong>  <\/h3>\n<p>Cialis 60 mg toimib peenise veresoonte l\u00f5dvestamise teel, mis suurendab verevoolu seksuaalse stimulatsiooni ajal. See mehhanism tagab kindla ja p\u00fcsiva erektsiooni, muutes intiimsuse saavutamise ja s\u00e4ilitamise lihtsamaks. Suurem annus tagab tugevama toime, mis sobib ideaalselt meestele, kes vajavad tugevamat lahendust raskete erektsioonih\u00e4irete s\u00fcmptomite korral.  <\/p>\n<h3><strong>Soovitatav annus ja kasutamine<\/strong>  <\/h3>\n<p>Optimaalsete tulemuste saavutamiseks v\u00f5tke \u00fcks Cialis 60 mg tablett veega umbes 30 minutit enne seksuaalvahekorda. V\u00e4ltige enne seksuaalvahekorda liigset alkoholi v\u00f5i rasvaste toitude tarbimist, kuna need v\u00f5ivad imendumist aeglustada. \u00c4rge \u00fcletage \u00fchte annust 24 tunni jooksul, et minimeerida v\u00f5imalikke k\u00f5rvaltoimeid.  <\/p>\n<h3><strong>Potential Side Effects<\/strong>  <\/h3>\n<p>Kuigi Cialis 60 mg on \u00fcldiselt h\u00e4sti talutav, v\u00f5ivad m\u00f5nedel kasutajatel esineda kergeid k\u00f5rvaltoimeid, n\u00e4iteks:  <\/p>\n<p>Peavalu<br \/>\nFlushing<br \/>\nSeedeh\u00e4ired<br \/>\nNinakinnisus<br \/>\nSeljavalu  <\/p>\n<p>Need k\u00f5rvaltoimed on tavaliselt ajutised ja taanduvad ravimi metabolismi k\u00e4igus. Kui aga tekivad t\u00f5sised reaktsioonid, n\u00e4iteks pikaajaline erektsioon (priapism) v\u00f5i n\u00e4gemish\u00e4ired, p\u00f6\u00f6rduge viivitamatult arsti poole.  <\/p>\n<h3><strong>Kes peaks v\u00e4ltima Cialis 60 mg v\u00f5tmist?<\/strong>  <\/h3>\n<p>Cialis 60 mg ei sobi k\u00f5igile. V\u00e4ltige seda ravimit, kui:  <\/p>\n<p>\u2022 Teil on s\u00fcdamehaigusi v\u00f5i kontrollimatut verer\u00f5hku<br \/>\nKas te v\u00f5tate nitraate valu rinnus?<br \/>\n\u2022 Teil on raske maksa- v\u00f5i neeruhaigus<br \/>\n*On allergiline tadalafiili suhtes  <\/p>\n<p>Enne kasutamist on soovitatav konsulteerida tervishoiut\u00f6\u00f6tajaga, eriti kui teil on kaasuvaid haigusi.  <\/p>\n<h3><strong>Miks osta Cialis 60 mg meilt veebist?<\/strong>  <\/h3>\n<p>Usaldusv\u00e4\u00e4rse internetiapteegina seame esikohale kvaliteedi, taskukohasuse ja diskreetsuse. Siin on p\u00f5hjused, miks kliendid \u00fcle maailma meid valivad:  <\/p>\n<p>&#8211; <strong>Autentsed ravimid:<\/strong> Hankime otse litsentseeritud tootjatelt.<br \/>\n&#8211; <strong>Retsepti pole vaja:<\/strong> V\u00e4ldi arstivisiitide vaeva.<br \/>\n&#8211; <strong>Kiire ja diskreetne saatmine:<\/strong> Tellimused saabuvad lihtsas pakendis ilma identifitseerimissiltideta.<br \/>\n&#8211; <strong>Turvalised maksev\u00f5imalused:<\/strong> Mugavuse huvides mitu kassameetodit.<br \/>\n&#8211; <strong>Globaalne kohaletoimetamine:<\/strong> Teenindame kliente kogu USA-s, Kanadas, \u00dchendkuningriigis, EL-is, Austraalias ja mujal.  <\/p>\n<h3><strong>Kuidas tellida Cialis 60 mg veebist<\/strong>  <\/h3>\n<p>Cialis 60 mg ostmine on lihtne:  <\/p>\n<p>1. <strong>Valige kogus:<\/strong> Valige soovitud pakendi suurus.<br \/>\n2. <strong>Lisa ostukorvi:<\/strong> J\u00e4tka turvaliselt kassasse.<br \/>\n3. <strong>Sisestage saatmisandmed:<\/strong> Esitage oma diskreetne k\u00e4ttetoimetamise aadress.<br \/>\n4. <strong>T\u00e4ielik makse:<\/strong> Kasutage oma eelistatud makseviisi.<br \/>\n5. <strong>Tellimuse k\u00e4ttesaamine:<\/strong> Kiire saatmine koos j\u00e4lgimisv\u00e4rskendustega.  <\/p>\n<h3><strong>L\u00f5ppm\u00f5tted Cialise 60 mg kohta erektsioonih\u00e4irete leevendamiseks<\/strong>  <\/h3>\n<p>Kui oled valmis oma seksuaalset eluj\u00f5udu taastama, <strong>osta Cialis 60 mg veebist, et saada kiire ja v\u00f5imas erektsioonih\u00e4irete leevendus<\/strong> Meie mainekast apteegist. Oma kiire toime, pikaajalise toime ja t\u00f5estatud efektiivsusega on Cialis 60 mg parim valik meestele, kes otsivad usaldusv\u00e4\u00e4rset sooritusv\u00f5ime parandamist. Tellige juba t\u00e4na ja kogege erinevust diskreetselt ja enesekindlalt.  <\/p>\n<p>K\u00fcsimuste v\u00f5i abi korral on meie klienditoe meeskond \u00f6\u00f6p\u00e4evaringselt abiks. Teie rahulolu ja privaatsus on meie jaoks esmat\u00e4htsad.<\/p>","protected":false},"excerpt":{"rendered":"<p>Vajad kiiresti v\u00f5imsat erektsioonih\u00e4irete leevendust? Cialis 60 mg pakub maksimaalset toimet tadalafiiliga \u2013 usaldusv\u00e4\u00e4rse toimeainega, mis tagab p\u00fcsivad tulemused. Nautige kuni 36 tundi suurenenud potentsi \u2013 retsepti pole vaja. Kiire ja diskreetne saatmine tagab teie enesekindluse kiire taastumise. Usaldage meie kvaliteetset ravimit, et saada tugevaim lahendus, kui v\u00e4iksematest annustest piisab. Tellige kohe ja taastage intiimsus kergusega.<\/p>","protected":false},"featured_media":4344,"comment_status":"open","ping_status":"closed","template":"","meta":{"site-sidebar-layout":"default","site-content-layout":"","ast-site-content-layout":"default","site-content-style":"default","site-sidebar-style":"default","ast-global-header-display":"","ast-banner-title-visibility":"","ast-main-header-display":"","ast-hfb-above-header-display":"","ast-hfb-below-header-display":"","ast-hfb-mobile-header-display":"","site-post-title":"","ast-breadcrumbs-content":"","ast-featured-img":"","footer-sml-layout":"","ast-disable-related-posts":"","theme-transparent-header-meta":"","adv-header-id-meta":"","stick-header-meta":"","header-above-stick-meta":"","header-main-stick-meta":"","header-below-stick-meta":"","astra-migrate-meta-layouts":"default","ast-page-background-enabled":"default","ast-page-background-meta":{"desktop":{"background-color":"","background-image":"","background-repeat":"repeat","background-position":"center center","background-size":"auto","background-attachment":"scroll","background-type":"","background-media":"","overlay-type":"","overlay-color":"","overlay-opacity":"","overlay-gradient":""},"tablet":{"background-color":"","background-image":"","background-repeat":"repeat","background-position":"center center","background-size":"auto","background-attachment":"scroll","background-type":"","background-media":"","overlay-type":"","overlay-color":"","overlay-opacity":"","overlay-gradient":""},"mobile":{"background-color":"","background-image":"","background-repeat":"repeat","background-position":"center center","background-size":"auto","background-attachment":"scroll","background-type":"","background-media":"","overlay-type":"","overlay-color":"","overlay-opacity":"","overlay-gradient":""}},"ast-content-background-meta":{"desktop":{"background-color":"var(--ast-global-color-5)","background-image":"","background-repeat":"repeat","background-position":"center center","background-size":"auto","background-attachment":"scroll","background-type":"","background-media":"","overlay-type":"","overlay-color":"","overlay-opacity":"","overlay-gradient":""},"tablet":{"background-color":"var(--ast-global-color-5)","background-image":"","background-repeat":"repeat","background-position":"center center","background-size":"auto","background-attachment":"scroll","background-type":"","background-media":"","overlay-type":"","overlay-color":"","overlay-opacity":"","overlay-gradient":""},"mobile":{"background-color":"var(--ast-global-color-5)","background-image":"","background-repeat":"repeat","background-position":"center center","background-size":"auto","background-attachment":"scroll","background-type":"","background-media":"","overlay-type":"","overlay-color":"","overlay-opacity":"","overlay-gradient":""}}},"product_brand":[],"product_cat":[1684],"product_tag":[974,1996,1994,975,1995,1274,279,937,938,1992,1990,980,251,1997,972],"class_list":{"0":"post-4307","1":"product","2":"type-product","3":"status-publish","4":"has-post-thumbnail","6":"product_cat-sex-pills","7":"product_tag-buy-cialis-online","8":"product_tag-buy-ed-pills-online","9":"product_tag-cialis-60-mg","10":"product_tag-cialis-dosage","11":"product_tag-cialis-for-men","12":"product_tag-cialis-without-prescription","13":"product_tag-discreet-shipping","14":"product_tag-ed-treatment","15":"product_tag-erectile-dysfunction","16":"product_tag-fast-acting-cialis","17":"product_tag-long-lasting-ed-relief","18":"product_tag-male-enhancement","19":"product_tag-online-pharmacy","20":"product_tag-strong-erection","21":"product_tag-tadalafil","22":"desktop-align-left","23":"tablet-align-left","24":"mobile-align-left","25":"ast-product-gallery-layout-horizontal-slider","26":"ast-product-gallery-with-no-image","27":"ast-magnify-disabled","28":"ast-product-single-variable","29":"ast-product-tabs-layout-horizontal","31":"first","32":"instock","33":"shipping-taxable","34":"purchasable","35":"product-type-variable"},"yoast_head":"<!-- This site is optimized with the Yoast SEO Premium plugin v26.0 (Yoast SEO v27.6) - https:\/\/yoast.com\/product\/yoast-seo-premium-wordpress\/ -->\n<title>Buy Cialis 60 mg Online for Powerful ED Relief Fast &#187; Rx Meds Plus<\/title>\n<meta name=\"description\" content=\"Cialis 60 mg delivers powerful ED relief fast and lasts up to 36 hours. Buy genuine Cialis online for discreet, worldwide shipping. Reclaim your confidence today!\" \/>\n<meta name=\"robots\" content=\"noindex, follow, max-snippet:-1, max-image-preview:large, max-video-preview:-1\" \/>\n<meta property=\"og:locale\" content=\"et_EE\" \/>\n<meta property=\"og:type\" content=\"article\" \/>\n<meta property=\"og:title\" content=\"Buy Cialis 60 mg Online for Powerful ED Relief Fast\" \/>\n<meta property=\"og:description\" content=\"Cialis 60 mg delivers powerful ED relief fast and lasts up to 36 hours. Buy genuine Cialis online for discreet, worldwide shipping. Reclaim your confidence today!\" \/>\n<meta property=\"og:url\" content=\"https:\/\/rxmedsplus.com\/et\/toode\/cialis-60-mg\/\" \/>\n<meta property=\"og:site_name\" content=\"Rx Meds Plus\" \/>\n<meta property=\"article:modified_time\" content=\"2026-05-11T00:22:30+00:00\" \/>\n<meta property=\"og:image\" content=\"https:\/\/rxmedsplus.com\/wp-content\/uploads\/2026\/05\/134393-8-1.jpg\" \/>\n\t<meta property=\"og:image:width\" content=\"500\" \/>\n\t<meta property=\"og:image:height\" content=\"500\" \/>\n\t<meta property=\"og:image:type\" content=\"image\/jpeg\" \/>\n<meta name=\"twitter:card\" content=\"summary_large_image\" \/>\n<meta name=\"twitter:label1\" content=\"Availability\" \/>\n\t<meta name=\"twitter:data1\" content=\"In stock\" \/>\n<script type=\"application\/ld+json\" class=\"yoast-schema-graph\">{\"@context\":\"https:\\\/\\\/schema.org\",\"@graph\":[{\"@type\":\"WebPage\",\"@id\":\"https:\\\/\\\/rxmedsplus.com\\\/product\\\/cialis-60-mg\\\/\",\"url\":\"https:\\\/\\\/rxmedsplus.com\\\/product\\\/cialis-60-mg\\\/\",\"name\":\"Buy Cialis 60 mg Online for Powerful ED Relief Fast &#187; Rx Meds Plus\",\"isPartOf\":{\"@id\":\"https:\\\/\\\/rxmedsplus.com\\\/#website\"},\"primaryImageOfPage\":{\"@id\":\"https:\\\/\\\/rxmedsplus.com\\\/product\\\/cialis-60-mg\\\/#primaryimage\"},\"image\":{\"@id\":\"https:\\\/\\\/rxmedsplus.com\\\/product\\\/cialis-60-mg\\\/#primaryimage\"},\"thumbnailUrl\":\"https:\\\/\\\/rxmedsplus.com\\\/wp-content\\\/uploads\\\/2026\\\/05\\\/134393-8-1.jpg\",\"datePublished\":\"2026-05-03T23:30:25+00:00\",\"dateModified\":\"2026-05-11T00:22:30+00:00\",\"description\":\"Cialis 60 mg delivers powerful ED relief fast and lasts up to 36 hours. Buy genuine Cialis online for discreet, worldwide shipping. Reclaim your confidence today!\",\"breadcrumb\":{\"@id\":\"https:\\\/\\\/rxmedsplus.com\\\/product\\\/cialis-60-mg\\\/#breadcrumb\"},\"inLanguage\":\"et\",\"potentialAction\":[{\"@type\":\"ReadAction\",\"target\":[\"https:\\\/\\\/rxmedsplus.com\\\/product\\\/cialis-60-mg\\\/\"]}]},{\"@type\":\"ImageObject\",\"inLanguage\":\"et\",\"@id\":\"https:\\\/\\\/rxmedsplus.com\\\/product\\\/cialis-60-mg\\\/#primaryimage\",\"url\":\"https:\\\/\\\/rxmedsplus.com\\\/wp-content\\\/uploads\\\/2026\\\/05\\\/134393-8-1.jpg\",\"contentUrl\":\"https:\\\/\\\/rxmedsplus.com\\\/wp-content\\\/uploads\\\/2026\\\/05\\\/134393-8-1.jpg\",\"width\":500,\"height\":500},{\"@type\":\"BreadcrumbList\",\"@id\":\"https:\\\/\\\/rxmedsplus.com\\\/product\\\/cialis-60-mg\\\/#breadcrumb\",\"itemListElement\":[{\"@type\":\"ListItem\",\"position\":1,\"name\":\"Home\",\"item\":\"https:\\\/\\\/rxmedsplus.com\\\/\"},{\"@type\":\"ListItem\",\"position\":2,\"name\":\"Shop\",\"item\":\"https:\\\/\\\/rxmedsplus.com\\\/shop\\\/\"},{\"@type\":\"ListItem\",\"position\":3,\"name\":\"Buy Cialis 60 mg Online for Powerful ED Relief Fast\"}]},{\"@type\":\"WebSite\",\"@id\":\"https:\\\/\\\/rxmedsplus.com\\\/#website\",\"url\":\"https:\\\/\\\/rxmedsplus.com\\\/\",\"name\":\"Rx Meds Plus\",\"description\":\"Buy Prescription Meds and Pills Online with Fast Delivery\",\"potentialAction\":[{\"@type\":\"SearchAction\",\"target\":{\"@type\":\"EntryPoint\",\"urlTemplate\":\"https:\\\/\\\/rxmedsplus.com\\\/?s={search_term_string}\"},\"query-input\":{\"@type\":\"PropertyValueSpecification\",\"valueRequired\":true,\"valueName\":\"search_term_string\"}}],\"inLanguage\":\"et\"}]}<\/script>\n<meta property=\"og:availability\" content=\"instock\" \/>\n<meta property=\"product:availability\" content=\"instock\" \/>\n<meta property=\"product:retailer_item_id\" content=\"134393\" \/>\n<meta property=\"product:condition\" content=\"new\" \/>\n<!-- \/ Yoast SEO Premium plugin. -->","yoast_head_json":{"title":"Osta Cialis 60 mg veebist, et saada kiire ja v\u00f5imas erektsioonih\u00e4irete leevendus \u2013 Rx Meds Plus","description":"Cialis 60 mg pakub kiiret ja v\u00f5imsat erektsioonih\u00e4irete leevendust kuni 36 tundi. Ostke ehtsat Cialist veebist diskreetse ja \u00fclemaailmse saatmisega. Taasta oma enesekindlus juba t\u00e4na!","robots":{"index":"noindex","follow":"follow","max-snippet":"max-snippet:-1","max-image-preview":"max-image-preview:large","max-video-preview":"max-video-preview:-1"},"og_locale":"et_EE","og_type":"article","og_title":"Buy Cialis 60 mg Online for Powerful ED Relief Fast","og_description":"Cialis 60 mg delivers powerful ED relief fast and lasts up to 36 hours. Buy genuine Cialis online for discreet, worldwide shipping. Reclaim your confidence today!","og_url":"https:\/\/rxmedsplus.com\/et\/toode\/cialis-60-mg\/","og_site_name":"Rx Meds Plus","article_modified_time":"2026-05-11T00:22:30+00:00","og_image":[{"width":500,"height":500,"url":"https:\/\/rxmedsplus.com\/wp-content\/uploads\/2026\/05\/134393-8-1.jpg","type":"image\/jpeg"}],"twitter_card":"summary_large_image","twitter_misc":{"Availability":"In stock"},"schema":{"@context":"https:\/\/schema.org","@graph":[{"@type":"WebPage","@id":"https:\/\/rxmedsplus.com\/product\/cialis-60-mg\/","url":"https:\/\/rxmedsplus.com\/product\/cialis-60-mg\/","name":"Osta Cialis 60 mg veebist, et saada kiire ja v\u00f5imas erektsioonih\u00e4irete leevendus \u2013 Rx Meds Plus","isPartOf":{"@id":"https:\/\/rxmedsplus.com\/#website"},"primaryImageOfPage":{"@id":"https:\/\/rxmedsplus.com\/product\/cialis-60-mg\/#primaryimage"},"image":{"@id":"https:\/\/rxmedsplus.com\/product\/cialis-60-mg\/#primaryimage"},"thumbnailUrl":"https:\/\/rxmedsplus.com\/wp-content\/uploads\/2026\/05\/134393-8-1.jpg","datePublished":"2026-05-03T23:30:25+00:00","dateModified":"2026-05-11T00:22:30+00:00","description":"Cialis 60 mg pakub kiiret ja v\u00f5imsat erektsioonih\u00e4irete leevendust kuni 36 tundi. Ostke ehtsat Cialist veebist diskreetse ja \u00fclemaailmse saatmisega. Taasta oma enesekindlus juba t\u00e4na!","breadcrumb":{"@id":"https:\/\/rxmedsplus.com\/product\/cialis-60-mg\/#breadcrumb"},"inLanguage":"et","potentialAction":[{"@type":"ReadAction","target":["https:\/\/rxmedsplus.com\/product\/cialis-60-mg\/"]}]},{"@type":"ImageObject","inLanguage":"et","@id":"https:\/\/rxmedsplus.com\/product\/cialis-60-mg\/#primaryimage","url":"https:\/\/rxmedsplus.com\/wp-content\/uploads\/2026\/05\/134393-8-1.jpg","contentUrl":"https:\/\/rxmedsplus.com\/wp-content\/uploads\/2026\/05\/134393-8-1.jpg","width":500,"height":500},{"@type":"BreadcrumbList","@id":"https:\/\/rxmedsplus.com\/product\/cialis-60-mg\/#breadcrumb","itemListElement":[{"@type":"ListItem","position":1,"name":"Home","item":"https:\/\/rxmedsplus.com\/"},{"@type":"ListItem","position":2,"name":"Shop","item":"https:\/\/rxmedsplus.com\/shop\/"},{"@type":"ListItem","position":3,"name":"Buy Cialis 60 mg Online for Powerful ED Relief Fast"}]},{"@type":"WebSite","@id":"https:\/\/rxmedsplus.com\/#website","url":"https:\/\/rxmedsplus.com\/","name":"Retseptiravimid plussina","description":"Osta retseptiravimeid ja tablette veebist kiire kohaletoimetamisega","potentialAction":[{"@type":"SearchAction","target":{"@type":"EntryPoint","urlTemplate":"https:\/\/rxmedsplus.com\/?s={search_term_string}"},"query-input":{"@type":"PropertyValueSpecification","valueRequired":true,"valueName":"search_term_string"}}],"inLanguage":"et"}]},"og_availability":"instock","product_availability":"instock","product_retailer_item_id":"134393","product_condition":"new"},"_links":{"self":[{"href":"https:\/\/rxmedsplus.com\/et\/wp-json\/wp\/v2\/product\/4307","targetHints":{"allow":["GET"]}}],"collection":[{"href":"https:\/\/rxmedsplus.com\/et\/wp-json\/wp\/v2\/product"}],"about":[{"href":"https:\/\/rxmedsplus.com\/et\/wp-json\/wp\/v2\/types\/product"}],"replies":[{"embeddable":true,"href":"https:\/\/rxmedsplus.com\/et\/wp-json\/wp\/v2\/comments?post=4307"}],"wp:featuredmedia":[{"embeddable":true,"href":"https:\/\/rxmedsplus.com\/et\/wp-json\/wp\/v2\/media\/4344"}],"wp:attachment":[{"href":"https:\/\/rxmedsplus.com\/et\/wp-json\/wp\/v2\/media?parent=4307"}],"wp:term":[{"taxonomy":"product_brand","embeddable":true,"href":"https:\/\/rxmedsplus.com\/et\/wp-json\/wp\/v2\/product_brand?post=4307"},{"taxonomy":"product_cat","embeddable":true,"href":"https:\/\/rxmedsplus.com\/et\/wp-json\/wp\/v2\/product_cat?post=4307"},{"taxonomy":"product_tag","embeddable":true,"href":"https:\/\/rxmedsplus.com\/et\/wp-json\/wp\/v2\/product_tag?post=4307"}],"curies":[{"name":"wp","href":"https:\/\/api.w.org\/{rel}","templated":true}]}}