{"id":4357,"date":"2026-05-03T23:31:11","date_gmt":"2026-05-03T23:31:11","guid":{"rendered":"https:\/\/rxmedsplus.com\/"},"modified":"2026-05-10T23:53:57","modified_gmt":"2026-05-10T23:53:57","slug":"galenika-rivotril-2-mg","status":"publish","type":"product","link":"https:\/\/rxmedsplus.com\/et\/product\/galenika-rivotril-2-mg\/","title":{"rendered":"Osta Galenika Rivotril 2 mg Internetist \u2013 Kiire &amp; Usaldusv\u00e4\u00e4rne"},"content":{"rendered":"<p><strong>Osta Galenika Rivotril 2 mg veebist \u2013 kiire ja usaldusv\u00e4\u00e4rne kohaletoimetamine<\/strong>  <\/p>\n<p>Kui otsite usaldusv\u00e4\u00e4rset allikat <strong>osta Galenika Rivotril 2 mg internetist<\/strong>, olete \u00f5iges kohas. Pakume <strong>kiire ja usaldusv\u00e4\u00e4rne saatmine<\/strong> USA-sse, Kanadasse, EL-i, \u00dchendkuningriiki, Austraaliasse ja kogu maailma, tagades diskreetse ja turvalise kohaletoimetamise otse teie ukse taha. Galenika Rivotril on kvaliteetne bensodiasepiinravim, mis on tuntud oma efektiivsuse poolest \u00e4revuse, paanikah\u00e4irete ja teatud t\u00fc\u00fcpi krampide ravis. Olenemata sellest, kas vajate seda meditsiinilistel p\u00f5hjustel v\u00f5i muul p\u00f5hjusel, pakub meie veebipood autentset... <strong>Galenika Rivotril 2 mg<\/strong> tahvelarvutid konkurentsiv\u00f5imeliste hindadega.  <\/p>\n<h3><strong>Mis on Galenika Rivotril 2 mg?<\/strong>  <\/h3>\n<p>Galenika Rivotril 2 mg sisaldab <strong>klonasepaam<\/strong>, tugev bensodiasepiin, mis toimib ajus leiduva neurotransmitteri GABA toimet v\u00f5imendades. See toime aitab rahustada liigset n\u00e4rvitegevust, muutes selle v\u00e4ga t\u00f5husaks \u00e4revuse, lihasspasmide ja epilepsia ravis. Tootja: <strong>Galenika<\/strong>, hea mainega ravimifirma, on see ravim oma p\u00fcsiva kvaliteedi ja usaldusv\u00e4\u00e4rsuse t\u00f5ttu kogu maailmas usaldusv\u00e4\u00e4rne.  <\/p>\n<h3><strong>Galenika Rivotril 2 mg peamised omadused<\/strong>  <\/h3>\n<p>&#8211; <strong>Strength:<\/strong> 2 mg tableti kohta<br \/>\n&#8211; <strong>Toimeaine:<\/strong> Klonasepaam<br \/>\n&#8211; <strong>Vorm:<\/strong> Suukaudsed tabletid<br \/>\n&#8211; <strong>Tootja:<\/strong> Galenika Pharmaceuticals<br \/>\n&#8211; <strong>Pakend:<\/strong> Suletud blisterpakendid v\u00e4rskuse s\u00e4ilitamiseks  <\/p>\n<h3><strong>Galenika Rivotril 2 mg kasutusalad ja eelised<\/strong>  <\/h3>\n<p>Galenika Rivotril 2 mg on peamiselt ette n\u00e4htud j\u00e4rgmistel juhtudel:  <\/p>\n<p>&#8211; <strong>\u00c4revush\u00e4ired:<\/strong> Aitab leevendada \u00fcldise \u00e4revuse ja sotsiaalse \u00e4revuse s\u00fcmptomeid.<br \/>\n&#8211; <strong>Paanikahood:<\/strong> V\u00e4hendab paanikahoogude sagedust ja raskust.<br \/>\n&#8211; <strong>Epilepsia ja krambid:<\/strong> Kontrollib teatud t\u00fc\u00fcpi krampe, stabiliseerides aju elektrilist aktiivsust.<br \/>\n&#8211; <strong>Lihasspasmid:<\/strong> Leevendab tahtmatuid lihaste kokkut\u00f5mbeid.<br \/>\n&#8211; <strong>Unetus:<\/strong> Juhiste j\u00e4rgimisel v\u00f5ib see aidata parandada unekvaliteeti.  <\/p>\n<p>Patsiendid, kes <strong>osta Galenika Rivotril 2 mg internetist<\/strong> teatavad sageli s\u00fcmptomite kiirest leevendusest, mist\u00f5ttu on see eelistatud valik \u00e4geda \u00e4revuse ja neuroloogiliste seisundite ravis.  <\/p>\n<h3><strong>Soovitatav annus ja kuidas seda v\u00f5tta<\/strong>  <\/h3>\n<p>Galenika Rivotril 2 mg \u00f5ige annus varieerub s\u00f5ltuvalt individuaalsetest vajadustest ja tervislikust seisundist. J\u00e4rgige alati arsti n\u00f5uandeid v\u00f5i v\u00e4ljakirjutanud arsti juhiseid. \u00dcldised juhised on aga j\u00e4rgmised:  <\/p>\n<p>&#8211; <strong>\u00c4revuse\/paanikah\u00e4irete korral:<\/strong> Tavaliselt 0,25 mg kuni 2 mg p\u00e4evas, jagatuna v\u00e4iksemateks annusteks.<br \/>\n&#8211; <strong>Krampide korral:<\/strong> Annus v\u00f5ib olla vahemikus 1 mg kuni 4 mg p\u00e4evas, vajadusel kohandades.<br \/>\n&#8211; <strong>Eakad patsiendid:<\/strong> Suurenenud tundlikkuse t\u00f5ttu on soovitatav kasutada v\u00e4iksemaid annuseid.  <\/p>\n<p>V\u00f5tke tablett suu kaudu koos veega, koos toiduga v\u00f5i ilma. V\u00e4ltige selle ravimi kasutamise ajal alkoholi ja teisi keskn\u00e4rvis\u00fcsteemi p\u00e4rssivaid aineid, et v\u00e4ltida ohtlikke koostoimeid.  <\/p>\n<h3><strong>Potential Side Effects<\/strong>  <\/h3>\n<p>Kuigi Galenika Rivotril 2 mg on efektiivne, v\u00f5ivad m\u00f5nedel kasutajatel esineda k\u00f5rvaltoimeid, sealhulgas:  <\/p>\n<p>Unisus v\u00f5i pearinglus<br \/>\nV\u00e4simus<br \/>\nLihasn\u00f5rkus<br \/>\nM\u00e4luprobleemid<br \/>\nMeeleolu muutused  <\/p>\n<p>T\u00f5sised k\u00f5rvaltoimed, nagu hingamisraskused, tugev segasus v\u00f5i allergilised reaktsioonid, vajavad viivitamatut arstiabi. Kasutage seda ravimit alati vastutustundlikult, et minimeerida riske.  <\/p>\n<h3><strong>Miks osta Galenika Rivotril 2 mg just meilt?<\/strong>  <\/h3>\n<p>Kui sa <strong>osta Galenika Rivotril 2 mg internetist<\/strong> meie poest saate kasu j\u00e4rgmistest eelistest:  <\/p>\n<p>&#8211; <strong>Autentsed tooted:<\/strong> Hankime otse usaldusv\u00e4\u00e4rsetelt tootjatelt.<br \/>\n&#8211; <strong>Diskreetne pakend:<\/strong> Teie privaatsus on meie prioriteet \u2013 sisu t\u00e4histavaid silte pole.<br \/>\n&#8211; <strong>Kiire saatmine:<\/strong> Usaldusv\u00e4\u00e4rne kohaletoimetamine USA-sse, Kanadasse, \u00dchendkuningriiki, EL-i, Austraaliasse ja kogu maailma.<br \/>\n&#8211; <strong>Retsepti pole vaja:<\/strong> Probleemivaba tellimisprotsess.<br \/>\n&#8211; <strong>Turvalised maksev\u00f5imalused:<\/strong> Saadaval on mitu turvalist makseviisi.  <\/p>\n<h3><strong>Kuidas tellida Galenika Rivotril 2 mg Internetist<\/strong>  <\/h3>\n<p>Meie veebiapteegist ostlemine on lihtne:  <\/p>\n<p>1. <strong>Valige kogus:<\/strong> Valige vajalik tablettide arv.<br \/>\n2. <strong>Lisa ostukorvi:<\/strong> J\u00e4tka turvaliselt kassasse.<br \/>\n3. <strong>Sisestage saatmisandmed:<\/strong> Esitage oma diskreetne k\u00e4ttetoimetamise aadress.<br \/>\n4. <strong>T\u00e4ielik makse:<\/strong> Kasutage oma eelistatud makseviisi.<br \/>\n5. <strong>J\u00e4lgimisinfo saamine:<\/strong> Saate oma saadetise kohta v\u00e4rskendusi kuni kohaletoimetamiseni.  <\/p>\n<h3><strong>KKK Galenika Rivotril 2 mg kohta<\/strong>  <\/h3>\n<h4><strong>Kas Galenika Rivotril 2 mg on ohutu?<\/strong>  <\/h4>\n<p>Jah, kui v\u00f5tta vastavalt juhistele. V\u00e4\u00e4rkasutamine v\u00f5ib p\u00f5hjustada s\u00f5ltuvust, seega j\u00e4rgige rangelt annustamisjuhiseid.  <\/p>\n<h4><strong>Kas ma saan Galenika Rivotril 2 mg osta ilma retseptita?<\/strong>  <\/h4>\n<p>Jah, mugavuse huvides pakume seda ilma retseptita.  <\/p>\n<h4><strong>Kui kaua aega v\u00f5tab saatmine?<\/strong>  <\/h4>\n<p>Tarneajad varieeruvad asukohast olenevalt, kuid j\u00e4\u00e4vad tavaliselt vahemikku 3 kuni 14 t\u00f6\u00f6p\u00e4eva.  <\/p>\n<h4><strong>Kas see on p\u00e4ris Galenika kaubam\u00e4rk?<\/strong>  <\/h4>\n<p>Absoluutselt. Meil \u200b\u200bon laos ainult ehtsaid Galenika Rivotril 2 mg tablette.  <\/p>\n<h3><strong>Kokkuv\u00f5te<\/strong>  <\/h3>\n<p>Neile, kes otsivad usaldusv\u00e4\u00e4rset viisi <strong>osta Galenika Rivotril 2 mg internetist<\/strong>meie apteek tagab <strong>kiire ja usaldusv\u00e4\u00e4rne teenindus<\/strong> Diskreetse \u00fclemaailmse saatmisega. Olenemata sellest, kas vajate seda \u00e4revuse, krampide v\u00f5i muude seisundite korral, pakub Galenika Rivotril t\u00f5husat leevendust. Tellige juba t\u00e4na ja kogege sujuvat ja konfidentsiaalset kohaletoimetamist otse teie ukse taha.  <\/p>\n<p>Kas olete ostuvalmis? Kl\u00f5psake <strong>Lisa ostukorvi<\/strong> kohe ja naudi stressivaba ostlemiskogemust!<\/p>","protected":false},"excerpt":{"rendered":"<p>Kas vajate kiiret ja usaldusv\u00e4\u00e4rset ligip\u00e4\u00e4su Galenika Rivotril 2 mg-le? Meie usaldusv\u00e4\u00e4rne internetiapteek teeb autentsete ravimite kodust tellimise lihtsaks. See t\u00f5hus bensodiasepiin aitab kontrollida \u00e4revust, paanikah\u00e4ireid ja krampe t\u00f5estatud tulemustega. Nautige konkurentsiv\u00f5imelisi hindu, diskreetset pakendit ja kiiret kohaletoimetamist \u2013 k\u00f5ik see s\u00e4ilitades samal ajal teie privaatsuse. Teie tervis v\u00e4\u00e4rib kvaliteetset ja vaevata ravi ning meie oleme siin, et seda pakkuda. Esitage oma tellimus juba t\u00e4na, et saada sujuv ja stressivaba kogemus.<\/p>","protected":false},"featured_media":4410,"comment_status":"open","ping_status":"closed","template":"","meta":{"site-sidebar-layout":"default","site-content-layout":"","ast-site-content-layout":"default","site-content-style":"default","site-sidebar-style":"default","ast-global-header-display":"","ast-banner-title-visibility":"","ast-main-header-display":"","ast-hfb-above-header-display":"","ast-hfb-below-header-display":"","ast-hfb-mobile-header-display":"","site-post-title":"","ast-breadcrumbs-content":"","ast-featured-img":"","footer-sml-layout":"","ast-disable-related-posts":"","theme-transparent-header-meta":"","adv-header-id-meta":"","stick-header-meta":"","header-above-stick-meta":"","header-main-stick-meta":"","header-below-stick-meta":"","astra-migrate-meta-layouts":"default","ast-page-background-enabled":"default","ast-page-background-meta":{"desktop":{"background-color":"","background-image":"","background-repeat":"repeat","background-position":"center center","background-size":"auto","background-attachment":"scroll","background-type":"","background-media":"","overlay-type":"","overlay-color":"","overlay-opacity":"","overlay-gradient":""},"tablet":{"background-color":"","background-image":"","background-repeat":"repeat","background-position":"center center","background-size":"auto","background-attachment":"scroll","background-type":"","background-media":"","overlay-type":"","overlay-color":"","overlay-opacity":"","overlay-gradient":""},"mobile":{"background-color":"","background-image":"","background-repeat":"repeat","background-position":"center center","background-size":"auto","background-attachment":"scroll","background-type":"","background-media":"","overlay-type":"","overlay-color":"","overlay-opacity":"","overlay-gradient":""}},"ast-content-background-meta":{"desktop":{"background-color":"var(--ast-global-color-5)","background-image":"","background-repeat":"repeat","background-position":"center center","background-size":"auto","background-attachment":"scroll","background-type":"","background-media":"","overlay-type":"","overlay-color":"","overlay-opacity":"","overlay-gradient":""},"tablet":{"background-color":"var(--ast-global-color-5)","background-image":"","background-repeat":"repeat","background-position":"center center","background-size":"auto","background-attachment":"scroll","background-type":"","background-media":"","overlay-type":"","overlay-color":"","overlay-opacity":"","overlay-gradient":""},"mobile":{"background-color":"var(--ast-global-color-5)","background-image":"","background-repeat":"repeat","background-position":"center center","background-size":"auto","background-attachment":"scroll","background-type":"","background-media":"","overlay-type":"","overlay-color":"","overlay-opacity":"","overlay-gradient":""}}},"product_brand":[],"product_cat":[1690],"product_tag":[127,862,924,1242,1839,279,917,1840,1822,1838,851,129,1837,1841,901],"class_list":{"0":"post-4357","1":"product","2":"type-product","3":"status-publish","4":"has-post-thumbnail","6":"product_cat-benzos","7":"product_tag-anxiety-medication","8":"product_tag-benzodiazepine-medication","9":"product_tag-buy-clonazepam-online","10":"product_tag-buy-rivotril-online","11":"product_tag-clonazepam-pills","12":"product_tag-discreet-shipping","13":"product_tag-epilepsy-treatment","14":"product_tag-fast-delivery-rivotril","15":"product_tag-galenika-pharmaceuticals","16":"product_tag-galenika-rivotril","17":"product_tag-muscle-relaxant","18":"product_tag-panic-attack-relief","19":"product_tag-rivotril-2-mg","20":"product_tag-rivotril-no-prescription","21":"product_tag-seizure-control","22":"desktop-align-left","23":"tablet-align-left","24":"mobile-align-left","25":"ast-product-gallery-layout-horizontal-slider","26":"ast-product-gallery-with-no-image","27":"ast-magnify-disabled","28":"ast-product-single-variable","29":"ast-product-tabs-layout-horizontal","31":"first","32":"instock","33":"shipping-taxable","34":"purchasable","35":"product-type-variable"},"yoast_head":"<!-- This site is optimized with the Yoast SEO Premium plugin v26.0 (Yoast SEO v27.6) - https:\/\/yoast.com\/product\/yoast-seo-premium-wordpress\/ -->\n<title>Buy Galenika Rivotril 2 mg Online - Fast &amp; Reliable &#187; Rx Meds Plus<\/title>\n<meta name=\"description\" content=\"Buy Galenika Rivotril 2 mg online for fast, discreet delivery worldwide. Treat anxiety, seizures, and panic disorders with trusted clonazepam medication. Order now for secure shipping!\" \/>\n<meta name=\"robots\" content=\"noindex, follow, max-snippet:-1, max-image-preview:large, max-video-preview:-1\" \/>\n<meta property=\"og:locale\" content=\"et_EE\" \/>\n<meta property=\"og:type\" content=\"article\" \/>\n<meta property=\"og:title\" content=\"Buy Galenika Rivotril 2 mg Online - Fast &amp; Reliable\" \/>\n<meta property=\"og:description\" content=\"Buy Galenika Rivotril 2 mg online for fast, discreet delivery worldwide. Treat anxiety, seizures, and panic disorders with trusted clonazepam medication. Order now for secure shipping!\" \/>\n<meta property=\"og:url\" content=\"https:\/\/rxmedsplus.com\/et\/toode\/galenika-rivotril-2-mg\/\" \/>\n<meta property=\"og:site_name\" content=\"Rx Meds Plus\" \/>\n<meta property=\"article:modified_time\" content=\"2026-05-10T23:53:57+00:00\" \/>\n<meta property=\"og:image\" content=\"https:\/\/rxmedsplus.com\/wp-content\/uploads\/2026\/05\/134657-47-1.jpg\" \/>\n\t<meta property=\"og:image:width\" content=\"500\" \/>\n\t<meta property=\"og:image:height\" content=\"500\" \/>\n\t<meta property=\"og:image:type\" content=\"image\/jpeg\" \/>\n<meta name=\"twitter:card\" content=\"summary_large_image\" \/>\n<meta name=\"twitter:label1\" content=\"Availability\" \/>\n\t<meta name=\"twitter:data1\" content=\"In stock\" \/>\n<script type=\"application\/ld+json\" class=\"yoast-schema-graph\">{\"@context\":\"https:\\\/\\\/schema.org\",\"@graph\":[{\"@type\":\"WebPage\",\"@id\":\"https:\\\/\\\/rxmedsplus.com\\\/product\\\/galenika-rivotril-2-mg\\\/\",\"url\":\"https:\\\/\\\/rxmedsplus.com\\\/product\\\/galenika-rivotril-2-mg\\\/\",\"name\":\"Buy Galenika Rivotril 2 mg Online - Fast & Reliable &#187; Rx Meds Plus\",\"isPartOf\":{\"@id\":\"https:\\\/\\\/rxmedsplus.com\\\/#website\"},\"primaryImageOfPage\":{\"@id\":\"https:\\\/\\\/rxmedsplus.com\\\/product\\\/galenika-rivotril-2-mg\\\/#primaryimage\"},\"image\":{\"@id\":\"https:\\\/\\\/rxmedsplus.com\\\/product\\\/galenika-rivotril-2-mg\\\/#primaryimage\"},\"thumbnailUrl\":\"https:\\\/\\\/rxmedsplus.com\\\/wp-content\\\/uploads\\\/2026\\\/05\\\/134657-47-1.jpg\",\"datePublished\":\"2026-05-03T23:31:11+00:00\",\"dateModified\":\"2026-05-10T23:53:57+00:00\",\"description\":\"Buy Galenika Rivotril 2 mg online for fast, discreet delivery worldwide. Treat anxiety, seizures, and panic disorders with trusted clonazepam medication. Order now for secure shipping!\",\"breadcrumb\":{\"@id\":\"https:\\\/\\\/rxmedsplus.com\\\/product\\\/galenika-rivotril-2-mg\\\/#breadcrumb\"},\"inLanguage\":\"et\",\"potentialAction\":[{\"@type\":\"ReadAction\",\"target\":[\"https:\\\/\\\/rxmedsplus.com\\\/product\\\/galenika-rivotril-2-mg\\\/\"]}]},{\"@type\":\"ImageObject\",\"inLanguage\":\"et\",\"@id\":\"https:\\\/\\\/rxmedsplus.com\\\/product\\\/galenika-rivotril-2-mg\\\/#primaryimage\",\"url\":\"https:\\\/\\\/rxmedsplus.com\\\/wp-content\\\/uploads\\\/2026\\\/05\\\/134657-47-1.jpg\",\"contentUrl\":\"https:\\\/\\\/rxmedsplus.com\\\/wp-content\\\/uploads\\\/2026\\\/05\\\/134657-47-1.jpg\",\"width\":500,\"height\":500},{\"@type\":\"BreadcrumbList\",\"@id\":\"https:\\\/\\\/rxmedsplus.com\\\/product\\\/galenika-rivotril-2-mg\\\/#breadcrumb\",\"itemListElement\":[{\"@type\":\"ListItem\",\"position\":1,\"name\":\"Home\",\"item\":\"https:\\\/\\\/rxmedsplus.com\\\/\"},{\"@type\":\"ListItem\",\"position\":2,\"name\":\"Shop\",\"item\":\"https:\\\/\\\/rxmedsplus.com\\\/shop\\\/\"},{\"@type\":\"ListItem\",\"position\":3,\"name\":\"Buy Galenika Rivotril 2 mg Online &#8211; Fast &#038; Reliable\"}]},{\"@type\":\"WebSite\",\"@id\":\"https:\\\/\\\/rxmedsplus.com\\\/#website\",\"url\":\"https:\\\/\\\/rxmedsplus.com\\\/\",\"name\":\"Rx Meds Plus\",\"description\":\"Buy Prescription Meds and Pills Online with Fast Delivery\",\"potentialAction\":[{\"@type\":\"SearchAction\",\"target\":{\"@type\":\"EntryPoint\",\"urlTemplate\":\"https:\\\/\\\/rxmedsplus.com\\\/?s={search_term_string}\"},\"query-input\":{\"@type\":\"PropertyValueSpecification\",\"valueRequired\":true,\"valueName\":\"search_term_string\"}}],\"inLanguage\":\"et\"}]}<\/script>\n<meta property=\"og:availability\" content=\"instock\" \/>\n<meta property=\"product:availability\" content=\"instock\" \/>\n<meta property=\"product:retailer_item_id\" content=\"134657\" \/>\n<meta property=\"product:condition\" content=\"new\" \/>\n<!-- \/ Yoast SEO Premium plugin. -->","yoast_head_json":{"title":"Osta Galenika Rivotril 2 mg veebist \u2013 kiire ja usaldusv\u00e4\u00e4rne \u2013 retseptiravimid plussina","description":"Ostke Galenika Rivotril 2 mg veebist kiire ja diskreetse kohaletoimetamise eest \u00fcle maailma. Ravige \u00e4revust, krampe ja paanikah\u00e4ireid usaldusv\u00e4\u00e4rse klonasepaamiga. Tellige kohe turvalise kohaletoimetamise tagamiseks!","robots":{"index":"noindex","follow":"follow","max-snippet":"max-snippet:-1","max-image-preview":"max-image-preview:large","max-video-preview":"max-video-preview:-1"},"og_locale":"et_EE","og_type":"article","og_title":"Buy Galenika Rivotril 2 mg Online - Fast & Reliable","og_description":"Buy Galenika Rivotril 2 mg online for fast, discreet delivery worldwide. Treat anxiety, seizures, and panic disorders with trusted clonazepam medication. Order now for secure shipping!","og_url":"https:\/\/rxmedsplus.com\/et\/toode\/galenika-rivotril-2-mg\/","og_site_name":"Rx Meds Plus","article_modified_time":"2026-05-10T23:53:57+00:00","og_image":[{"width":500,"height":500,"url":"https:\/\/rxmedsplus.com\/wp-content\/uploads\/2026\/05\/134657-47-1.jpg","type":"image\/jpeg"}],"twitter_card":"summary_large_image","twitter_misc":{"Availability":"In stock"},"schema":{"@context":"https:\/\/schema.org","@graph":[{"@type":"WebPage","@id":"https:\/\/rxmedsplus.com\/product\/galenika-rivotril-2-mg\/","url":"https:\/\/rxmedsplus.com\/product\/galenika-rivotril-2-mg\/","name":"Osta Galenika Rivotril 2 mg veebist \u2013 kiire ja usaldusv\u00e4\u00e4rne \u2013 retseptiravimid plussina","isPartOf":{"@id":"https:\/\/rxmedsplus.com\/#website"},"primaryImageOfPage":{"@id":"https:\/\/rxmedsplus.com\/product\/galenika-rivotril-2-mg\/#primaryimage"},"image":{"@id":"https:\/\/rxmedsplus.com\/product\/galenika-rivotril-2-mg\/#primaryimage"},"thumbnailUrl":"https:\/\/rxmedsplus.com\/wp-content\/uploads\/2026\/05\/134657-47-1.jpg","datePublished":"2026-05-03T23:31:11+00:00","dateModified":"2026-05-10T23:53:57+00:00","description":"Ostke Galenika Rivotril 2 mg veebist kiire ja diskreetse kohaletoimetamise eest \u00fcle maailma. Ravige \u00e4revust, krampe ja paanikah\u00e4ireid usaldusv\u00e4\u00e4rse klonasepaamiga. Tellige kohe turvalise kohaletoimetamise tagamiseks!","breadcrumb":{"@id":"https:\/\/rxmedsplus.com\/product\/galenika-rivotril-2-mg\/#breadcrumb"},"inLanguage":"et","potentialAction":[{"@type":"ReadAction","target":["https:\/\/rxmedsplus.com\/product\/galenika-rivotril-2-mg\/"]}]},{"@type":"ImageObject","inLanguage":"et","@id":"https:\/\/rxmedsplus.com\/product\/galenika-rivotril-2-mg\/#primaryimage","url":"https:\/\/rxmedsplus.com\/wp-content\/uploads\/2026\/05\/134657-47-1.jpg","contentUrl":"https:\/\/rxmedsplus.com\/wp-content\/uploads\/2026\/05\/134657-47-1.jpg","width":500,"height":500},{"@type":"BreadcrumbList","@id":"https:\/\/rxmedsplus.com\/product\/galenika-rivotril-2-mg\/#breadcrumb","itemListElement":[{"@type":"ListItem","position":1,"name":"Home","item":"https:\/\/rxmedsplus.com\/"},{"@type":"ListItem","position":2,"name":"Shop","item":"https:\/\/rxmedsplus.com\/shop\/"},{"@type":"ListItem","position":3,"name":"Buy Galenika Rivotril 2 mg Online &#8211; Fast &#038; Reliable"}]},{"@type":"WebSite","@id":"https:\/\/rxmedsplus.com\/#website","url":"https:\/\/rxmedsplus.com\/","name":"Retseptiravimid plussina","description":"Osta retseptiravimeid ja tablette veebist kiire kohaletoimetamisega","potentialAction":[{"@type":"SearchAction","target":{"@type":"EntryPoint","urlTemplate":"https:\/\/rxmedsplus.com\/?s={search_term_string}"},"query-input":{"@type":"PropertyValueSpecification","valueRequired":true,"valueName":"search_term_string"}}],"inLanguage":"et"}]},"og_availability":"instock","product_availability":"instock","product_retailer_item_id":"134657","product_condition":"new"},"_links":{"self":[{"href":"https:\/\/rxmedsplus.com\/et\/wp-json\/wp\/v2\/product\/4357","targetHints":{"allow":["GET"]}}],"collection":[{"href":"https:\/\/rxmedsplus.com\/et\/wp-json\/wp\/v2\/product"}],"about":[{"href":"https:\/\/rxmedsplus.com\/et\/wp-json\/wp\/v2\/types\/product"}],"replies":[{"embeddable":true,"href":"https:\/\/rxmedsplus.com\/et\/wp-json\/wp\/v2\/comments?post=4357"}],"wp:featuredmedia":[{"embeddable":true,"href":"https:\/\/rxmedsplus.com\/et\/wp-json\/wp\/v2\/media\/4410"}],"wp:attachment":[{"href":"https:\/\/rxmedsplus.com\/et\/wp-json\/wp\/v2\/media?parent=4357"}],"wp:term":[{"taxonomy":"product_brand","embeddable":true,"href":"https:\/\/rxmedsplus.com\/et\/wp-json\/wp\/v2\/product_brand?post=4357"},{"taxonomy":"product_cat","embeddable":true,"href":"https:\/\/rxmedsplus.com\/et\/wp-json\/wp\/v2\/product_cat?post=4357"},{"taxonomy":"product_tag","embeddable":true,"href":"https:\/\/rxmedsplus.com\/et\/wp-json\/wp\/v2\/product_tag?post=4357"}],"curies":[{"name":"wp","href":"https:\/\/api.w.org\/{rel}","templated":true}]}}