{"id":3424,"date":"2025-09-24T21:52:21","date_gmt":"2025-09-24T21:52:21","guid":{"rendered":"https:\/\/rxmedsplus.com\/?post_type=product&#038;p=3424"},"modified":"2026-05-12T03:20:32","modified_gmt":"2026-05-12T03:20:32","slug":"buy-modafinil-online","status":"publish","type":"product","link":"https:\/\/rxmedsplus.com\/fi\/product\/buy-modafinil-online\/","title":{"rendered":"Buy Modafinil Online 200mg &#8211; Fast &#038; Affordable Generic Provigil"},"content":{"rendered":"<p><strong>Osta Modafiniilia netist\u00e4 200 mg \u2013 nopeasti ja edullisesti, geneerinen Provigil<\/strong>  <\/p>\n<p><strong>Mik\u00e4 on Modafinil 200 mg?<\/strong>  <\/p>\n<p>Modafinil 200 mg on tehokas valveillaoloa edist\u00e4v\u00e4 l\u00e4\u00e4ke, joka on suunniteltu parantamaan kognitiivisia toimintoja, parantamaan keskittymiskyky\u00e4 ja torjumaan liiallista p\u00e4iv\u00e4aikaista uneliaisuutta. Usein nimell\u00e4 Generic Provigil tunnettu \u00e4lyk\u00e4s l\u00e4\u00e4ke on laajalti luotettava sen kyvyn vuoksi lis\u00e4t\u00e4 valppautta ilman stimulantteihin yleisesti liittyvi\u00e4 hermostuneisuuden sivuvaikutuksia. Oletpa sitten huipputuottavuutta tavoitteleva opiskelija, parannettua keskittymiskyky\u00e4 vaativa ammattilainen tai joku, joka kamppailee unih\u00e4iri\u00f6iden, kuten narkolepsian, kanssa, Modafinil tarjoaa luotettavan ratkaisun.  <\/p>\n<p>Luotettavassa verkkoapteekissamme voit k\u00e4tev\u00e4sti <strong>osta modafiniilia netist\u00e4 200 mg<\/strong> ilman resepti\u00e4, mik\u00e4 takaa nopean p\u00e4\u00e4syn t\u00e4h\u00e4n tehokkaaseen kognitiivista tehostajaan. Tarjoamme huomaamattoman maailmanlaajuisen toimituksen Yhdysvaltoihin, Kanadaan, EU:hun ja muualle, mik\u00e4 takaa nopean ja turvallisen toimituksen.  <\/p>\n<p>\u2014<\/p>\n<h3><strong>Miksi valita geneerinen Provigil (Modafinil 200mg)?<\/strong>  <\/h3>\n<p>Modafiniili erottuu yhten\u00e4 tehokkaimmista nyky\u00e4\u00e4n saatavilla olevista nootrooppisista aineista. Toisin kuin perinteiset stimulantit, se parantaa valveillaoloa aiheuttamatta p\u00e4ihtymist\u00e4 tai riippuvuutta. T\u00e4ss\u00e4 on syyt, miksi monet k\u00e4ytt\u00e4j\u00e4t suosivat Modafiniilia:  <\/p>\n<p>\u2013 <strong>Lis\u00e4\u00e4 henkist\u00e4 selkeytt\u00e4 ja keskittymiskyky\u00e4:<\/strong> Ter\u00e4v\u00f6itt\u00e4\u00e4 kognitiivisia kykyj\u00e4 ja auttaa k\u00e4ytt\u00e4ji\u00e4 pysym\u00e4\u00e4n valppaina pitkien ty\u00f6- tai opiskelutuokioiden aikana.<br \/>\n\u2013 <strong>Lis\u00e4\u00e4 tuottavuutta:<\/strong> Parantaa motivaatiota ja tehokkuutta, joten se sopii erinomaisesti ammattilaisille ja opiskelijoille.<br \/>\n\u2013 <strong>Hoitaa unih\u00e4iri\u00f6it\u00e4:<\/strong> FDA:n hyv\u00e4ksym\u00e4 narkolepsian, vuoroty\u00f6n aiheuttaman unih\u00e4iri\u00f6n (SWSD) ja obstruktiivisen uniapnean hoitoon.<br \/>\n\u2013 <strong>Minimaaliset sivuvaikutukset:<\/strong> Toisin kuin amfetamiinit, modafiniili tarjoaa tasaista energiaa ilman ahdistusta tai hyperaktiivisuutta.  <\/p>\n<p>Nopea ja edullinen <strong>Yleinen Provigil<\/strong> takaa, ett\u00e4 saat ensiluokkaisia \u200b\u200bModafinil 200 mg -tabletteja kilpailukykyiseen hintaan.  <\/p>\n<p>\u2014<\/p>\n<h3><strong>Modafiniilin annostus- ja k\u00e4ytt\u00f6ohjeet<\/strong>  <\/h3>\n<p>Parhaan tuloksen saavuttamiseksi noudata suositeltuja annostuksia:  <\/p>\n<p>\u2013 <strong>Normaali annos:<\/strong> Ota <strong>200 mg kerran p\u00e4iv\u00e4ss\u00e4<\/strong>mieluiten aamulla, ruoan kanssa tai ilman.<br \/>\n\u2013 <strong>Ensikertalaiset:<\/strong> Aloita 100 mg:lla sietokyvyn arvioimiseksi ennen kuin nostat annoksen 200 mg:aan.<br \/>\n\u2013 <strong>Vuoroty\u00f6ntekij\u00e4t:<\/strong> Nauti tunti ennen ty\u00f6vuoroasi edist\u00e4\u00e4ksesi valveillaoloa.  <\/p>\n<p>V\u00e4lt\u00e4 Modafinilin ottamista my\u00f6h\u00e4\u00e4n p\u00e4iv\u00e4ll\u00e4, sill\u00e4 se voi h\u00e4irit\u00e4 y\u00f6unta. Jos unohdat annoksen, j\u00e4t\u00e4 se v\u00e4liin ja jatka seuraavana p\u00e4iv\u00e4n\u00e4 \u2013 \u00e4l\u00e4 koskaan kaksinkertaista annosta.  <\/p>\n<p>\u2014<\/p>\n<h3><strong>Modafiniilin ostamisen edut verkossa ilman resepti\u00e4<\/strong>  <\/h3>\n<p>Ostaminen <strong>Modafiniili verkossa 200 mg<\/strong> hyv\u00e4maineisesta apteekistamme takaa k\u00e4tevyyden, yksityisyyden ja kohtuuhintaisuuden. T\u00e4ss\u00e4 syyt, miksi ostajat ymp\u00e4ri maailmaa luottavat meihin:  <\/p>\n<p>\u2013 <strong>Reseptivapaa:<\/strong> V\u00e4lt\u00e4 l\u00e4\u00e4k\u00e4rik\u00e4yntien vaiva \u2013 tilaa huomaamattomasti verkosta.<br \/>\n\u2013 <strong>Nopea toimitus:<\/strong> Pikatoimitusvaihtoehtoja saatavilla Yhdysvaltoihin, Kanadaan, EU:hun ja maailmanlaajuisesti.<br \/>\n\u2013 <strong>Kustannustehokas:<\/strong> Geneerinen Provigil tarjoaa samat edut kuin merkkil\u00e4\u00e4kkeet, mutta halvemmalla hinnalla.<br \/>\n\u2013 <strong>Turvallinen pakkaus:<\/strong> Huomaamattomat ja luvattomat paketit takaavat luottamuksellisuuden.  <\/p>\n<p>Asiakastyytyv\u00e4isyys on meille etusijalla, ja takaamme, ett\u00e4 jokainen tilaus sis\u00e4lt\u00e4\u00e4 aitoja ja laboratoriotestattuja Modafinil 200 mg -tabletteja.  <\/p>\n<p>\u2014<\/p>\n<h3><strong>Mahdolliset sivuvaikutukset ja turvallisuusn\u00e4k\u00f6kohdat<\/strong>  <\/h3>\n<p>Modafiniili on yleens\u00e4 hyvin siedetty, mutta joillakin k\u00e4ytt\u00e4jill\u00e4 voi esiinty\u00e4 lievi\u00e4 sivuvaikutuksia, kuten:  <\/p>\n<p>P\u00e4\u00e4ns\u00e4rky<br \/>\nPahoinvointi<br \/>\nHuimaus<br \/>\nKuiva suu  <\/p>\n<p>Vakavat reaktiot, kuten allergiset ihottumat, rintakipu tai mielialan muutokset, vaativat v\u00e4lit\u00f6nt\u00e4 l\u00e4\u00e4k\u00e4rinhoitoa. V\u00e4lt\u00e4 Modafiniilia, jos sinulla on ollut syd\u00e4nsairauksia, korkea verenpaine tai mielenterveysh\u00e4iri\u00f6it\u00e4.  <\/p>\n<p>Kysy terveydenhuollon ammattilaiselta ennen k\u00e4ytt\u00f6\u00e4, jos olet raskaana, imet\u00e4t tai k\u00e4yt\u00e4t muita l\u00e4\u00e4kkeit\u00e4.  <\/p>\n<p>\u2014<\/p>\n<h3><strong>Modafiniili vs. muut kognitiiviset tehostajat<\/strong>  <\/h3>\n<p>Verrattuna Adderalliin tai Ritaliniin, Modafinil tarjoaa keskeisi\u00e4 etuja:  <\/p>\n<p>\u2013 <strong>Pitk\u00e4kestoisemmat vaikutukset:<\/strong> Jatkuva keskittyminen 10\u201312 tuntia.<br \/>\n\u2013 <strong>Pienempi riippuvuusriski:<\/strong> Ei-amfetamiinipitoinen koostumus v\u00e4hent\u00e4\u00e4 riippuvuusongelmia.<br \/>\n\u2013 <strong>Lempe\u00e4mpi romahdus:<\/strong> Asteittainen heikkeneminen ilman voimakasta v\u00e4symyst\u00e4.  <\/p>\n<p>Niille, jotka etsiv\u00e4t <strong>nopea ja edullinen geneerinen Provigil<\/strong>Modafinil 200 mg tarjoaa vertaansa vailla olevia henkisen suorituskyvyn hy\u00f6tyj\u00e4.  <\/p>\n<p>\u2014<\/p>\n<h3><strong>Mist\u00e4 ostaa modafiniilia turvallisesti verkossa<\/strong>  <\/h3>\n<p>Lukemattomien verkkokauppiaiden joukossa laillisen toimittajan valitseminen on ratkaisevan t\u00e4rke\u00e4\u00e4. Apteekkimme takaa:  <\/p>\n<p>\u2013 <strong>Aitoja tuotteita:<\/strong> Laboratoriossa sertifioitu Modafinil 200 mg, jonka puhtaus on varmistettu.<br \/>\n\u2013 <strong>Turvalliset maksuvaihtoehdot:<\/strong> Bitcoin- ja luottokorttitapahtumat salatulla tavalla.<br \/>\n\u2013 <strong>Asiakastuki 24\/7:<\/strong> Apua tilausten seurantaan ja tiedusteluihin.  <\/p>\n<p>Tilata <strong>Geneerinen Provigil verkossa<\/strong> t\u00e4n\u00e4\u00e4n ja koe tehostunut keskittymiskyky vaivattomasti!  <\/p>\n<p>\u2014<\/p>\n<h3><strong>Loppusanat: Osta Modafiniilia verkossa 200 mg t\u00e4n\u00e4\u00e4n<\/strong>  <\/h3>\n<p>Olipa kyseess\u00e4 sitten kognitiivisten kykyjen parantaminen tai unih\u00e4iri\u00f6iden hallinta, Modafinil on edelleen ensiluokkainen nootrooppinen l\u00e4\u00e4ke. Luotettava apteekkimme tarjoaa <strong>nopea ja edullinen geneerinen Provigil<\/strong> huomaamattomalla toimituksella maailmanlaajuisesti \u2013 ilman resepti\u00e4.  <\/p>\n<p>Lis\u00e4\u00e4 tuottavuutta, paranna keskittymiskyky\u00e4 ja voita v\u00e4symys tilaamalla <strong>Modafiniili 200 mg verkossa<\/strong> nyt! Turvallisten maksutapahtumien ja luotettavan toimituksen ansiosta kognitiiviset tavoitteesi ovat vain klikkauksen p\u00e4\u00e4ss\u00e4.<\/p>","protected":false},"excerpt":{"rendered":"<p>Tarvitsetko Modafiniilia helposti? Osta geneerist\u00e4 Provigil 200mg -valmistetta verkosta \u2013 samat edut kuin merkkiversiossa murto-osalla hinnasta. Nauti nopeasta, huomaamattomasta toimituksesta ja turvallisista maksuvaihtoehdoista. 24\/7-tukitiimimme varmistaa sujuvan tilausprosessin, ja saat seurannan 48 tunnin kuluessa. Ohita apteekkijonot ja tilaa omasi suoraan kotiovellesi!<\/p>","protected":false},"featured_media":3458,"comment_status":"open","ping_status":"closed","template":"","meta":{"site-sidebar-layout":"default","site-content-layout":"","ast-site-content-layout":"default","site-content-style":"default","site-sidebar-style":"default","ast-global-header-display":"","ast-banner-title-visibility":"","ast-main-header-display":"","ast-hfb-above-header-display":"","ast-hfb-below-header-display":"","ast-hfb-mobile-header-display":"","site-post-title":"","ast-breadcrumbs-content":"","ast-featured-img":"","footer-sml-layout":"","ast-disable-related-posts":"","theme-transparent-header-meta":"","adv-header-id-meta":"","stick-header-meta":"","header-above-stick-meta":"","header-main-stick-meta":"","header-below-stick-meta":"","astra-migrate-meta-layouts":"default","ast-page-background-enabled":"default","ast-page-background-meta":{"desktop":{"background-color":"","background-image":"","background-repeat":"repeat","background-position":"center center","background-size":"auto","background-attachment":"scroll","background-type":"","background-media":"","overlay-type":"","overlay-color":"","overlay-opacity":"","overlay-gradient":""},"tablet":{"background-color":"","background-image":"","background-repeat":"repeat","background-position":"center center","background-size":"auto","background-attachment":"scroll","background-type":"","background-media":"","overlay-type":"","overlay-color":"","overlay-opacity":"","overlay-gradient":""},"mobile":{"background-color":"","background-image":"","background-repeat":"repeat","background-position":"center center","background-size":"auto","background-attachment":"scroll","background-type":"","background-media":"","overlay-type":"","overlay-color":"","overlay-opacity":"","overlay-gradient":""}},"ast-content-background-meta":{"desktop":{"background-color":"var(--ast-global-color-5)","background-image":"","background-repeat":"repeat","background-position":"center center","background-size":"auto","background-attachment":"scroll","background-type":"","background-media":"","overlay-type":"","overlay-color":"","overlay-opacity":"","overlay-gradient":""},"tablet":{"background-color":"var(--ast-global-color-5)","background-image":"","background-repeat":"repeat","background-position":"center center","background-size":"auto","background-attachment":"scroll","background-type":"","background-media":"","overlay-type":"","overlay-color":"","overlay-opacity":"","overlay-gradient":""},"mobile":{"background-color":"var(--ast-global-color-5)","background-image":"","background-repeat":"repeat","background-position":"center center","background-size":"auto","background-attachment":"scroll","background-type":"","background-media":"","overlay-type":"","overlay-color":"","overlay-opacity":"","overlay-gradient":""}}},"product_brand":[],"product_cat":[2141],"product_tag":[1255,1261,1258,1070,1257,1256,1259,1262,655,1260],"class_list":{"0":"post-3424","1":"product","2":"type-product","3":"status-publish","4":"has-post-thumbnail","6":"product_cat-buy-adhd-meds-online","7":"product_tag-buy-modafinil-online","8":"product_tag-buy-modafinil-without-prescription","9":"product_tag-buy-provigil-online","10":"product_tag-cognitive-enhancer","11":"product_tag-generic-provigil","12":"product_tag-modafinil-200mg","13":"product_tag-nootropics","14":"product_tag-productivity-boost","15":"product_tag-sleep-disorder-treatment","16":"product_tag-smart-drugs","17":"desktop-align-left","18":"tablet-align-left","19":"mobile-align-left","20":"ast-product-gallery-layout-horizontal-slider","21":"ast-product-gallery-with-no-image","22":"ast-magnify-disabled","23":"ast-product-single-variable","24":"ast-product-tabs-layout-horizontal","26":"first","27":"instock","28":"shipping-taxable","29":"purchasable","30":"product-type-variable"},"yoast_head":"<!-- This site is optimized with the Yoast SEO Premium plugin v26.0 (Yoast SEO v27.6) - https:\/\/yoast.com\/product\/yoast-seo-premium-wordpress\/ -->\n<title>Buy Modafinil Online 200mg - Fast &amp; Affordable Generic Provigil &#187; Rx Meds Plus<\/title>\n<meta name=\"description\" content=\"Buy modafinil online 200mg at affordable prices without a prescription. Get fast shipping and discreet delivery\u2014order today with your credit card!\" \/>\n<meta name=\"robots\" content=\"noindex, follow, max-snippet:-1, max-image-preview:large, max-video-preview:-1\" \/>\n<meta property=\"og:locale\" content=\"fi_FI\" \/>\n<meta property=\"og:type\" content=\"article\" \/>\n<meta property=\"og:title\" content=\"Buy Modafinil Online 200mg - Fast &amp; Affordable Generic Provigil\" \/>\n<meta property=\"og:description\" content=\"Buy modafinil online 200mg at affordable prices without a prescription. Get fast shipping and discreet delivery\u2014order today with your credit card!\" \/>\n<meta property=\"og:url\" content=\"https:\/\/rxmedsplus.com\/fi\/tuote\/buy-modafinil-online\/\" \/>\n<meta property=\"og:site_name\" content=\"Rx Meds Plus\" \/>\n<meta property=\"article:modified_time\" content=\"2026-05-12T03:20:32+00:00\" \/>\n<meta property=\"og:image\" content=\"https:\/\/rxmedsplus.com\/wp-content\/uploads\/2025\/09\/11227-buy-modafinil-online-1.jpg\" \/>\n\t<meta property=\"og:image:width\" content=\"400\" \/>\n\t<meta property=\"og:image:height\" content=\"400\" \/>\n\t<meta property=\"og:image:type\" content=\"image\/jpeg\" \/>\n<meta name=\"twitter:card\" content=\"summary_large_image\" \/>\n<meta name=\"twitter:label1\" content=\"Saatavuus\" \/>\n\t<meta name=\"twitter:data1\" content=\"Varastossa\" \/>\n<script type=\"application\/ld+json\" class=\"yoast-schema-graph\">{\"@context\":\"https:\\\/\\\/schema.org\",\"@graph\":[{\"@type\":\"WebPage\",\"@id\":\"https:\\\/\\\/rxmedsplus.com\\\/product\\\/buy-modafinil-online\\\/\",\"url\":\"https:\\\/\\\/rxmedsplus.com\\\/product\\\/buy-modafinil-online\\\/\",\"name\":\"Buy Modafinil Online 200mg - Fast & Affordable Generic Provigil &#187; Rx Meds Plus\",\"isPartOf\":{\"@id\":\"https:\\\/\\\/rxmedsplus.com\\\/#website\"},\"primaryImageOfPage\":{\"@id\":\"https:\\\/\\\/rxmedsplus.com\\\/product\\\/buy-modafinil-online\\\/#primaryimage\"},\"image\":{\"@id\":\"https:\\\/\\\/rxmedsplus.com\\\/product\\\/buy-modafinil-online\\\/#primaryimage\"},\"thumbnailUrl\":\"https:\\\/\\\/rxmedsplus.com\\\/wp-content\\\/uploads\\\/2025\\\/09\\\/11227-buy-modafinil-online-1.jpg\",\"datePublished\":\"2025-09-24T21:52:21+00:00\",\"dateModified\":\"2026-05-12T03:20:32+00:00\",\"description\":\"Buy modafinil online 200mg at affordable prices without a prescription. Get fast shipping and discreet delivery\u2014order today with your credit card!\",\"breadcrumb\":{\"@id\":\"https:\\\/\\\/rxmedsplus.com\\\/product\\\/buy-modafinil-online\\\/#breadcrumb\"},\"inLanguage\":\"fi\",\"potentialAction\":[{\"@type\":\"ReadAction\",\"target\":[\"https:\\\/\\\/rxmedsplus.com\\\/product\\\/buy-modafinil-online\\\/\"]}]},{\"@type\":\"ImageObject\",\"inLanguage\":\"fi\",\"@id\":\"https:\\\/\\\/rxmedsplus.com\\\/product\\\/buy-modafinil-online\\\/#primaryimage\",\"url\":\"https:\\\/\\\/rxmedsplus.com\\\/wp-content\\\/uploads\\\/2025\\\/09\\\/11227-buy-modafinil-online-1.jpg\",\"contentUrl\":\"https:\\\/\\\/rxmedsplus.com\\\/wp-content\\\/uploads\\\/2025\\\/09\\\/11227-buy-modafinil-online-1.jpg\",\"width\":400,\"height\":400},{\"@type\":\"BreadcrumbList\",\"@id\":\"https:\\\/\\\/rxmedsplus.com\\\/product\\\/buy-modafinil-online\\\/#breadcrumb\",\"itemListElement\":[{\"@type\":\"ListItem\",\"position\":1,\"name\":\"Home\",\"item\":\"https:\\\/\\\/rxmedsplus.com\\\/\"},{\"@type\":\"ListItem\",\"position\":2,\"name\":\"Shop\",\"item\":\"https:\\\/\\\/rxmedsplus.com\\\/shop\\\/\"},{\"@type\":\"ListItem\",\"position\":3,\"name\":\"Buy Modafinil Online 200mg &#8211; Fast &#038; Affordable Generic Provigil\"}]},{\"@type\":\"WebSite\",\"@id\":\"https:\\\/\\\/rxmedsplus.com\\\/#website\",\"url\":\"https:\\\/\\\/rxmedsplus.com\\\/\",\"name\":\"Rx Meds Plus\",\"description\":\"Buy Prescription Meds and Pills Online with Fast Delivery\",\"potentialAction\":[{\"@type\":\"SearchAction\",\"target\":{\"@type\":\"EntryPoint\",\"urlTemplate\":\"https:\\\/\\\/rxmedsplus.com\\\/?s={search_term_string}\"},\"query-input\":{\"@type\":\"PropertyValueSpecification\",\"valueRequired\":true,\"valueName\":\"search_term_string\"}}],\"inLanguage\":\"fi\"}]}<\/script>\n<meta property=\"og:availability\" content=\"instock\" \/>\n<meta property=\"product:availability\" content=\"instock\" \/>\n<meta property=\"product:retailer_item_id\" content=\"wFNcne42db\" \/>\n<meta property=\"product:condition\" content=\"new\" \/>\n<!-- \/ Yoast SEO Premium plugin. -->","yoast_head_json":{"title":"Osta Modafiniilia netist\u00e4 200 mg - Nopea ja edullinen geneerinen Provigil &amp; Rx Meds Plus","description":"Osta modafiniilia 200 mg netist\u00e4 edulliseen hintaan ilman resepti\u00e4. Saat nopean ja huomaamattoman toimituksen \u2013 tilaa jo t\u00e4n\u00e4\u00e4n luottokortillasi!","robots":{"index":"noindex","follow":"follow","max-snippet":"max-snippet:-1","max-image-preview":"max-image-preview:large","max-video-preview":"max-video-preview:-1"},"og_locale":"fi_FI","og_type":"article","og_title":"Buy Modafinil Online 200mg - Fast & Affordable Generic Provigil","og_description":"Buy modafinil online 200mg at affordable prices without a prescription. Get fast shipping and discreet delivery\u2014order today with your credit card!","og_url":"https:\/\/rxmedsplus.com\/fi\/tuote\/buy-modafinil-online\/","og_site_name":"Rx Meds Plus","article_modified_time":"2026-05-12T03:20:32+00:00","og_image":[{"width":400,"height":400,"url":"https:\/\/rxmedsplus.com\/wp-content\/uploads\/2025\/09\/11227-buy-modafinil-online-1.jpg","type":"image\/jpeg"}],"twitter_card":"summary_large_image","twitter_misc":{"Saatavuus":"Varastossa"},"schema":{"@context":"https:\/\/schema.org","@graph":[{"@type":"WebPage","@id":"https:\/\/rxmedsplus.com\/product\/buy-modafinil-online\/","url":"https:\/\/rxmedsplus.com\/product\/buy-modafinil-online\/","name":"Osta Modafiniilia netist\u00e4 200 mg - Nopea ja edullinen geneerinen Provigil &amp; Rx Meds Plus","isPartOf":{"@id":"https:\/\/rxmedsplus.com\/#website"},"primaryImageOfPage":{"@id":"https:\/\/rxmedsplus.com\/product\/buy-modafinil-online\/#primaryimage"},"image":{"@id":"https:\/\/rxmedsplus.com\/product\/buy-modafinil-online\/#primaryimage"},"thumbnailUrl":"https:\/\/rxmedsplus.com\/wp-content\/uploads\/2025\/09\/11227-buy-modafinil-online-1.jpg","datePublished":"2025-09-24T21:52:21+00:00","dateModified":"2026-05-12T03:20:32+00:00","description":"Osta modafiniilia 200 mg netist\u00e4 edulliseen hintaan ilman resepti\u00e4. Saat nopean ja huomaamattoman toimituksen \u2013 tilaa jo t\u00e4n\u00e4\u00e4n luottokortillasi!","breadcrumb":{"@id":"https:\/\/rxmedsplus.com\/product\/buy-modafinil-online\/#breadcrumb"},"inLanguage":"fi","potentialAction":[{"@type":"ReadAction","target":["https:\/\/rxmedsplus.com\/product\/buy-modafinil-online\/"]}]},{"@type":"ImageObject","inLanguage":"fi","@id":"https:\/\/rxmedsplus.com\/product\/buy-modafinil-online\/#primaryimage","url":"https:\/\/rxmedsplus.com\/wp-content\/uploads\/2025\/09\/11227-buy-modafinil-online-1.jpg","contentUrl":"https:\/\/rxmedsplus.com\/wp-content\/uploads\/2025\/09\/11227-buy-modafinil-online-1.jpg","width":400,"height":400},{"@type":"BreadcrumbList","@id":"https:\/\/rxmedsplus.com\/product\/buy-modafinil-online\/#breadcrumb","itemListElement":[{"@type":"ListItem","position":1,"name":"Home","item":"https:\/\/rxmedsplus.com\/"},{"@type":"ListItem","position":2,"name":"Shop","item":"https:\/\/rxmedsplus.com\/shop\/"},{"@type":"ListItem","position":3,"name":"Buy Modafinil Online 200mg &#8211; Fast &#038; Affordable Generic Provigil"}]},{"@type":"WebSite","@id":"https:\/\/rxmedsplus.com\/#website","url":"https:\/\/rxmedsplus.com\/","name":"Reseptil\u00e4\u00e4kkeet Plus","description":"Osta reseptil\u00e4\u00e4kkeit\u00e4 ja pillereit\u00e4 netist\u00e4 nopealla toimituksella","potentialAction":[{"@type":"SearchAction","target":{"@type":"EntryPoint","urlTemplate":"https:\/\/rxmedsplus.com\/?s={search_term_string}"},"query-input":{"@type":"PropertyValueSpecification","valueRequired":true,"valueName":"search_term_string"}}],"inLanguage":"fi"}]},"og_availability":"instock","product_availability":"instock","product_retailer_item_id":"wFNcne42db","product_condition":"new"},"_links":{"self":[{"href":"https:\/\/rxmedsplus.com\/fi\/wp-json\/wp\/v2\/product\/3424","targetHints":{"allow":["GET"]}}],"collection":[{"href":"https:\/\/rxmedsplus.com\/fi\/wp-json\/wp\/v2\/product"}],"about":[{"href":"https:\/\/rxmedsplus.com\/fi\/wp-json\/wp\/v2\/types\/product"}],"replies":[{"embeddable":true,"href":"https:\/\/rxmedsplus.com\/fi\/wp-json\/wp\/v2\/comments?post=3424"}],"wp:featuredmedia":[{"embeddable":true,"href":"https:\/\/rxmedsplus.com\/fi\/wp-json\/wp\/v2\/media\/3458"}],"wp:attachment":[{"href":"https:\/\/rxmedsplus.com\/fi\/wp-json\/wp\/v2\/media?parent=3424"}],"wp:term":[{"taxonomy":"product_brand","embeddable":true,"href":"https:\/\/rxmedsplus.com\/fi\/wp-json\/wp\/v2\/product_brand?post=3424"},{"taxonomy":"product_cat","embeddable":true,"href":"https:\/\/rxmedsplus.com\/fi\/wp-json\/wp\/v2\/product_cat?post=3424"},{"taxonomy":"product_tag","embeddable":true,"href":"https:\/\/rxmedsplus.com\/fi\/wp-json\/wp\/v2\/product_tag?post=3424"}],"curies":[{"name":"wp","href":"https:\/\/api.w.org\/{rel}","templated":true}]}}