{"id":3652,"date":"2025-09-24T21:55:45","date_gmt":"2025-09-24T21:55:45","guid":{"rendered":"https:\/\/rxmedsplus.com\/?post_type=product&#038;p=3652"},"modified":"2025-09-25T11:15:26","modified_gmt":"2025-09-25T11:15:26","slug":"buy-oxycodone-online-safely","status":"publish","type":"product","link":"https:\/\/rxmedsplus.com\/fi\/product\/buy-oxycodone-online-safely\/","title":{"rendered":"Osta oksikodonia 30 mg verkossa \u2013 Nopea ja turvallinen helpotus"},"content":{"rendered":"<h2><strong>Osta oksikodonia 30 mg verkossa \u2013 Nopea ja turvallinen helpotus krooniseen kipuun<\/strong><\/h2>\n<p>Jos etsit nopeaa ja tehokasta kivunlievityst\u00e4, \u00e4l\u00e4 etsi en\u00e4\u00e4. <strong>Osta oksikodonia 30 mg verkossa<\/strong> luotettavasta ja huomaamattomasta apteekistamme kohtalaisen tai vaikean kivun hoitoon turvallisesti ja k\u00e4tev\u00e4sti. Oksikodoni on tehokas opioidikipul\u00e4\u00e4ke, jota m\u00e4\u00e4r\u00e4t\u00e4\u00e4n kroonisiin kiputiloihin, leikkauksen j\u00e4lkeiseen toipumiseen ja muihin kivuliaisiin l\u00e4\u00e4ketieteellisiin tilanteisiin. Tarjoamme nopean toimituksen Yhdysvaltoihin, Kanadaan, EU:hun ja maailmanlaajuisesti, mik\u00e4 varmistaa, ett\u00e4 saat l\u00e4\u00e4kkeesi viivytyksett\u00e4.<\/p>\n<h3><strong>Miksi valita oksikodoni 30 mg:n pillerimme?<\/strong><\/h3>\n<p>Kun sin\u00e4 <strong>osta oksikodoni 30 mg verkossa<\/strong>saat korkealaatuisen, laboratoriossa testatun l\u00e4\u00e4kkeen <strong>luotettava verkkokauppias<\/strong>Pillerimme hankitaan hyv\u00e4maineisilta valmistajilta, mik\u00e4 takaa tehon ja turvallisuuden. Jokainen tabletti antaa tarkan annostuksen, mik\u00e4 tarjoaa tasaista kivunlievityst\u00e4 ilman kompromisseja.<\/p>\n<h3><strong>Mihin oksikodonia 30 mg k\u00e4ytet\u00e4\u00e4n?<\/strong><\/h3>\n<p>Oksikodoni 30 mg on FDA:n hyv\u00e4ksym\u00e4 l\u00e4\u00e4ke <strong>opioidikipul\u00e4\u00e4ke<\/strong> suunniteltu hoitamaan:<br \/>\nKrooninen selk\u00e4kipu<br \/>\nLeikkauksen j\u00e4lkeinen kipu<br \/>\nVaikea niveltulehdus<br \/>\nSy\u00f6p\u00e4\u00e4n liittyv\u00e4 kipu<br \/>\nHermokipu ja fibromyalgia<\/p>\n<p>Se toimii sitoutumalla aivojen ja selk\u00e4ytimen opioidireseptoreihin, mik\u00e4 muuttaa tapaa, jolla kehosi havaitsee kipua.<\/p>\n<h3><strong>Oksikodonin 30 mg:n t\u00e4rkeimm\u00e4t hy\u00f6dyt<\/strong><\/h3>\n<p>\u2013 <strong>Nopeasti vaikuttava helpotus:<\/strong> Ty\u00f6 alkaa 15\u201330 minuutin kuluessa<br \/>\n\u2013 <strong>Pitk\u00e4kestoiset vaikutukset:<\/strong> Tarjoaa jopa 6 tunnin kivunlievityksen<br \/>\n\u2013 <strong>Korkea teho:<\/strong> Ihanteellinen voimakkaaseen kipuun, joka ei reagoi miedommilla l\u00e4\u00e4kkeill\u00e4<br \/>\n\u2013 <strong>Huomaamaton pakkaus:<\/strong> Kaikki tilaukset l\u00e4hetet\u00e4\u00e4n luottamuksellisesti<\/p>\n<h3><strong>Oksikodoni 30 mg:n annostus ja turvallisuusohjeet<\/strong><\/h3>\n<p>Ennen sinua <strong>tilaa oksikodoni 30 mg verkossa ilman resepti\u00e4<\/strong>on ratkaisevan t\u00e4rke\u00e4\u00e4 ymm\u00e4rt\u00e4\u00e4 oikea k\u00e4ytt\u00f6:<\/p>\n<p>\u2013 <strong>Vakioannos:<\/strong> 5\u201330 mg 4\u20136 tunnin v\u00e4lein (kivun voimakkuudesta riippuen)<br \/>\n\u2013 <strong>Annostuksen muutokset:<\/strong> \u00c4l\u00e4 koskaan ylit\u00e4 m\u00e4\u00e4r\u00e4ttyj\u00e4 rajoja riippuvuuden v\u00e4ltt\u00e4miseksi<br \/>\n\u2013 <strong>S\u00e4ilytys:<\/strong> S\u00e4ilyt\u00e4 viile\u00e4ss\u00e4, kuivassa paikassa lasten ulottumattomissa<br \/>\n\u2013 <strong>V\u00e4lt\u00e4 alkoholia:<\/strong> Voi lis\u00e4t\u00e4 uneliaisuutta ja hengityslamaa<\/p>\n<p>Kysy aina terveydenhuollon ammattilaiselta, jos olet ep\u00e4varma annostuksesta tai mahdollisista l\u00e4\u00e4kkeiden yhteisvaikutuksista.<\/p>\n<h3><strong>Oksikodonin 30 mg mahdolliset sivuvaikutukset<\/strong><\/h3>\n<p>Vaikka oksikodoni on tehokas, se voi aiheuttaa sivuvaikutuksia, kuten:<br \/>\nUneliaisuutta tai huimausta<br \/>\nPahoinvointi tai oksentelu<br \/>\nUmmetus<br \/>\nKuiva suu<\/p>\n<p>Vakavia (harvinaisia) sivuvaikutuksia ovat pinnallinen hengitys, sekavuus tai allergiset reaktiot. Jos sinulla ilmenee vakavia reaktioita, hakeudu v\u00e4litt\u00f6m\u00e4sti l\u00e4\u00e4k\u00e4rin hoitoon.<\/p>\n<h3><strong>Miksi ostaa oksikodoni 30 mg verkosta meilt\u00e4?<\/strong><\/h3>\n<p>Kun tarvitset <strong>nopea ja turvallinen kivunlievitys<\/strong>, ostamalla joltakin <strong>hyv\u00e4maineinen verkkokauppias<\/strong> varmistaa:<\/p>\n<p>\u2705 <strong>Laadukkaita, aitoja l\u00e4\u00e4kkeit\u00e4<\/strong><br \/>\n\u2705 <strong>Turvallinen kassa ja salatut tapahtumat<\/strong><br \/>\n\u2705 <strong>Huomaamaton toimitus Yhdysvaltoihin, Kanadaan, EU:hun ja maailmanlaajuisesti<\/strong><br \/>\n\u2705 <strong>Ei resepti\u00e4 tarvita<\/strong><br \/>\n\u2705 <strong>24\/7 asiakastuki<\/strong><\/p>\n<p>Asiakastyytyv\u00e4isyys on meille etusijalla, ja takaamme, ett\u00e4 tilauksesi saapuu turvallisesti ja ajallaan.<\/p>\n<h3><strong>Tilaa oksikodonia 30 mg verkossa jo t\u00e4n\u00e4\u00e4n tehokkaaseen kivunlievitykseen<\/strong><\/h3>\n<p>Kamppailetko hellitt\u00e4m\u00e4tt\u00f6m\u00e4n kivun kanssa? \u00c4l\u00e4 odota \u2013<strong>osta oksikodoni 30 mg verkossa<\/strong> nyt v\u00e4lit\u00f6nt\u00e4 ja luotettavaa helpotusta varten. Virtaviivaistettu tilausprosessimme tekee tarvitsemiesi l\u00e4\u00e4kkeiden hankkimisesta helppoa ilman resepti\u00e4. Asiakkaiden maailmanlaajuisesti luottamaamme toimitukseen kuuluu huomaamaton ja turvallinen toimitus, joka takaa t\u00e4ydellisen yksityisyytesi.<\/p>\n<p><strong>Tilaa nyt ja koe paras kivunlievitys jo t\u00e4n\u00e4\u00e4n!<\/strong><\/p>","protected":false},"excerpt":{"rendered":"<p>L\u00f6yd\u00e4 nopea ja luotettava helpotus Oxycodone 30 mg:lla \u2013 luotettava ratkaisu kohtalaiseen tai vaikeaan kipuun, kun muut l\u00e4\u00e4kkeet eiv\u00e4t riit\u00e4. Huomaamaton, reseptivapaa palvelumme varmistaa, ett\u00e4 aidot pillerit toimitetaan turvallisesti kotiovellesi, ja tuemme sinua 24\/7. Nauti kilpailukykyisist\u00e4 hinnoista, joustavista maksuvaihtoehdoista ja mielenrauhasta tiet\u00e4en, ett\u00e4 saat tehokasta opioidien lievityst\u00e4 luotettavasta l\u00e4hteest\u00e4. HAKEUDU AINA AMMATTILAISEN L\u00c4\u00c4K\u00c4RIN NEUVONTAA K\u00c4YT\u00d6ST\u00c4 JA ANNOSTUKSESTA.<\/p>","protected":false},"featured_media":3691,"comment_status":"open","ping_status":"closed","template":"","meta":{"site-sidebar-layout":"default","site-content-layout":"","ast-site-content-layout":"default","site-content-style":"default","site-sidebar-style":"default","ast-global-header-display":"","ast-banner-title-visibility":"","ast-main-header-display":"","ast-hfb-above-header-display":"","ast-hfb-below-header-display":"","ast-hfb-mobile-header-display":"","site-post-title":"","ast-breadcrumbs-content":"","ast-featured-img":"","footer-sml-layout":"","ast-disable-related-posts":"","theme-transparent-header-meta":"default","adv-header-id-meta":"","stick-header-meta":"default","header-above-stick-meta":"","header-main-stick-meta":"","header-below-stick-meta":"","astra-migrate-meta-layouts":"set","ast-page-background-enabled":"default","ast-page-background-meta":{"desktop":{"background-color":"","background-image":"","background-repeat":"repeat","background-position":"center center","background-size":"auto","background-attachment":"scroll","background-type":"","background-media":"","overlay-type":"","overlay-color":"","overlay-opacity":"","overlay-gradient":""},"tablet":{"background-color":"","background-image":"","background-repeat":"repeat","background-position":"center center","background-size":"auto","background-attachment":"scroll","background-type":"","background-media":"","overlay-type":"","overlay-color":"","overlay-opacity":"","overlay-gradient":""},"mobile":{"background-color":"","background-image":"","background-repeat":"repeat","background-position":"center center","background-size":"auto","background-attachment":"scroll","background-type":"","background-media":"","overlay-type":"","overlay-color":"","overlay-opacity":"","overlay-gradient":""}},"ast-content-background-meta":{"desktop":{"background-color":"var(--ast-global-color-5)","background-image":"","background-repeat":"repeat","background-position":"center center","background-size":"auto","background-attachment":"scroll","background-type":"","background-media":"","overlay-type":"","overlay-color":"","overlay-opacity":"","overlay-gradient":""},"tablet":{"background-color":"var(--ast-global-color-5)","background-image":"","background-repeat":"repeat","background-position":"center center","background-size":"auto","background-attachment":"scroll","background-type":"","background-media":"","overlay-type":"","overlay-color":"","overlay-opacity":"","overlay-gradient":""},"mobile":{"background-color":"var(--ast-global-color-5)","background-image":"","background-repeat":"repeat","background-position":"center center","background-size":"auto","background-attachment":"scroll","background-type":"","background-media":"","overlay-type":"","overlay-color":"","overlay-opacity":"","overlay-gradient":""}}},"product_brand":[],"product_cat":[37],"product_tag":[1114,1118,1111,1117,1119,1115,1113,1112,1120,1116],"class_list":{"0":"post-3652","1":"product","2":"type-product","3":"status-publish","4":"has-post-thumbnail","6":"product_cat-buy-pain-relief-medication-online","7":"product_tag-best-online-pharmacy-for-oxycodone","8":"product_tag-buy-opioid-pain-medication","9":"product_tag-buy-oxycodone-30mg-online","10":"product_tag-chronic-pain-relief","11":"product_tag-discreet-oxycodone-shipping","12":"product_tag-fast-oxycodone-delivery","13":"product_tag-order-oxycodone-without-prescription","14":"product_tag-oxycodone-30mg-for-pain-relief","15":"product_tag-oxycodone-for-severe-pain","16":"product_tag-safe-oxycodone-purchase","17":"desktop-align-left","18":"tablet-align-left","19":"mobile-align-left","20":"ast-product-gallery-layout-horizontal-slider","21":"ast-product-gallery-with-no-image","22":"ast-magnify-disabled","23":"ast-product-single-variable","24":"ast-product-tabs-layout-horizontal","26":"first","27":"instock","28":"shipping-taxable","29":"purchasable","30":"product-type-variable"},"yoast_head":"<!-- This site is optimized with the Yoast SEO Premium plugin v26.0 (Yoast SEO v27.6) - https:\/\/yoast.com\/product\/yoast-seo-premium-wordpress\/ -->\n<title>Buy Oxycodone 30mg Online \u2013 Fast &amp; Safe Relief &#187; Rx Meds Plus<\/title>\n<meta name=\"description\" content=\"Buy oxycodone online safely for fast pain relief. Our trusted pharmacy offers discreet shipping &amp; high-quality 30mg pills. Order now for secure delivery!\" \/>\n<meta name=\"robots\" content=\"noindex, follow, max-snippet:-1, max-image-preview:large, max-video-preview:-1\" \/>\n<meta property=\"og:locale\" content=\"fi_FI\" \/>\n<meta property=\"og:type\" content=\"article\" \/>\n<meta property=\"og:title\" content=\"Buy Oxycodone 30mg Online \u2013 Fast &amp; Safe Relief\" \/>\n<meta property=\"og:description\" content=\"Buy oxycodone online safely for fast pain relief. Our trusted pharmacy offers discreet shipping &amp; high-quality 30mg pills. Order now for secure delivery!\" \/>\n<meta property=\"og:url\" content=\"https:\/\/rxmedsplus.com\/fi\/tuote\/buy-oxycodone-online-safely\/\" \/>\n<meta property=\"og:site_name\" content=\"Rx Meds Plus\" \/>\n<meta property=\"article:modified_time\" content=\"2025-09-25T11:15:26+00:00\" \/>\n<meta property=\"og:image\" content=\"https:\/\/mlehknw8zzux.i.optimole.com\/w:456\/h:501\/q:mauto\/f:best\/https:\/\/rxmedsplus.com\/wp-content\/uploads\/2025\/09\/11502-Oxycodone-4-1.jpg\" \/>\n\t<meta property=\"og:image:width\" content=\"456\" \/>\n\t<meta property=\"og:image:height\" content=\"501\" \/>\n\t<meta property=\"og:image:type\" content=\"image\/jpeg\" \/>\n<meta name=\"twitter:card\" content=\"summary_large_image\" \/>\n<meta name=\"twitter:label1\" content=\"Saatavuus\" \/>\n\t<meta name=\"twitter:data1\" content=\"Varastossa\" \/>\n<script type=\"application\/ld+json\" class=\"yoast-schema-graph\">{\"@context\":\"https:\\\/\\\/schema.org\",\"@graph\":[{\"@type\":\"WebPage\",\"@id\":\"https:\\\/\\\/rxmedsplus.com\\\/product\\\/buy-oxycodone-online-safely\\\/\",\"url\":\"https:\\\/\\\/rxmedsplus.com\\\/product\\\/buy-oxycodone-online-safely\\\/\",\"name\":\"Buy Oxycodone 30mg Online \u2013 Fast & Safe Relief &#187; Rx Meds Plus\",\"isPartOf\":{\"@id\":\"https:\\\/\\\/rxmedsplus.com\\\/#website\"},\"primaryImageOfPage\":{\"@id\":\"https:\\\/\\\/rxmedsplus.com\\\/product\\\/buy-oxycodone-online-safely\\\/#primaryimage\"},\"image\":{\"@id\":\"https:\\\/\\\/rxmedsplus.com\\\/product\\\/buy-oxycodone-online-safely\\\/#primaryimage\"},\"thumbnailUrl\":\"https:\\\/\\\/rxmedsplus.com\\\/wp-content\\\/uploads\\\/2025\\\/09\\\/11502-Oxycodone-4-1.jpg\",\"datePublished\":\"2025-09-24T21:55:45+00:00\",\"dateModified\":\"2025-09-25T11:15:26+00:00\",\"description\":\"Buy oxycodone online safely for fast pain relief. Our trusted pharmacy offers discreet shipping & high-quality 30mg pills. Order now for secure delivery!\",\"breadcrumb\":{\"@id\":\"https:\\\/\\\/rxmedsplus.com\\\/product\\\/buy-oxycodone-online-safely\\\/#breadcrumb\"},\"inLanguage\":\"fi\",\"potentialAction\":[{\"@type\":\"ReadAction\",\"target\":[\"https:\\\/\\\/rxmedsplus.com\\\/product\\\/buy-oxycodone-online-safely\\\/\"]}]},{\"@type\":\"ImageObject\",\"inLanguage\":\"fi\",\"@id\":\"https:\\\/\\\/rxmedsplus.com\\\/product\\\/buy-oxycodone-online-safely\\\/#primaryimage\",\"url\":\"https:\\\/\\\/rxmedsplus.com\\\/wp-content\\\/uploads\\\/2025\\\/09\\\/11502-Oxycodone-4-1.jpg\",\"contentUrl\":\"https:\\\/\\\/rxmedsplus.com\\\/wp-content\\\/uploads\\\/2025\\\/09\\\/11502-Oxycodone-4-1.jpg\",\"width\":456,\"height\":501},{\"@type\":\"BreadcrumbList\",\"@id\":\"https:\\\/\\\/rxmedsplus.com\\\/product\\\/buy-oxycodone-online-safely\\\/#breadcrumb\",\"itemListElement\":[{\"@type\":\"ListItem\",\"position\":1,\"name\":\"Home\",\"item\":\"https:\\\/\\\/rxmedsplus.com\\\/\"},{\"@type\":\"ListItem\",\"position\":2,\"name\":\"Shop\",\"item\":\"https:\\\/\\\/rxmedsplus.com\\\/shop\\\/\"},{\"@type\":\"ListItem\",\"position\":3,\"name\":\"Buy Oxycodone 30mg Online \u2013 Fast &#038; Safe Relief\"}]},{\"@type\":\"WebSite\",\"@id\":\"https:\\\/\\\/rxmedsplus.com\\\/#website\",\"url\":\"https:\\\/\\\/rxmedsplus.com\\\/\",\"name\":\"Rx Meds Plus\",\"description\":\"Buy Prescription Meds and Pills Online with Fast Delivery\",\"potentialAction\":[{\"@type\":\"SearchAction\",\"target\":{\"@type\":\"EntryPoint\",\"urlTemplate\":\"https:\\\/\\\/rxmedsplus.com\\\/?s={search_term_string}\"},\"query-input\":{\"@type\":\"PropertyValueSpecification\",\"valueRequired\":true,\"valueName\":\"search_term_string\"}}],\"inLanguage\":\"fi\"}]}<\/script>\n<meta property=\"og:availability\" content=\"instock\" \/>\n<meta property=\"product:availability\" content=\"instock\" \/>\n<meta property=\"product:retailer_item_id\" content=\"qVKXgCRc4W\" \/>\n<meta property=\"product:condition\" content=\"new\" \/>\n<!-- \/ Yoast SEO Premium plugin. -->","yoast_head_json":{"title":"Osta oksikodonia 30 mg verkossa \u2013 Nopea ja turvallinen helpotus &amp; Rx Meds Plus","description":"Osta oksikodonia turvallisesti verkosta nopeaan kivunlievitykseen. Luotettava apteekkimme tarjoaa huomaamattoman toimituksen ja korkealaatuisia 30 mg:n pillereit\u00e4. Tilaa nyt turvallisesti!","robots":{"index":"noindex","follow":"follow","max-snippet":"max-snippet:-1","max-image-preview":"max-image-preview:large","max-video-preview":"max-video-preview:-1"},"og_locale":"fi_FI","og_type":"article","og_title":"Buy Oxycodone 30mg Online \u2013 Fast & Safe Relief","og_description":"Buy oxycodone online safely for fast pain relief. Our trusted pharmacy offers discreet shipping & high-quality 30mg pills. Order now for secure delivery!","og_url":"https:\/\/rxmedsplus.com\/fi\/tuote\/buy-oxycodone-online-safely\/","og_site_name":"Rx Meds Plus","article_modified_time":"2025-09-25T11:15:26+00:00","og_image":[{"width":456,"height":501,"url":"https:\/\/mlehknw8zzux.i.optimole.com\/w:456\/h:501\/q:mauto\/f:best\/https:\/\/rxmedsplus.com\/wp-content\/uploads\/2025\/09\/11502-Oxycodone-4-1.jpg","type":"image\/jpeg"}],"twitter_card":"summary_large_image","twitter_misc":{"Saatavuus":"Varastossa"},"schema":{"@context":"https:\/\/schema.org","@graph":[{"@type":"WebPage","@id":"https:\/\/rxmedsplus.com\/product\/buy-oxycodone-online-safely\/","url":"https:\/\/rxmedsplus.com\/product\/buy-oxycodone-online-safely\/","name":"Osta oksikodonia 30 mg verkossa \u2013 Nopea ja turvallinen helpotus &amp; Rx Meds Plus","isPartOf":{"@id":"https:\/\/rxmedsplus.com\/#website"},"primaryImageOfPage":{"@id":"https:\/\/rxmedsplus.com\/product\/buy-oxycodone-online-safely\/#primaryimage"},"image":{"@id":"https:\/\/rxmedsplus.com\/product\/buy-oxycodone-online-safely\/#primaryimage"},"thumbnailUrl":"https:\/\/rxmedsplus.com\/wp-content\/uploads\/2025\/09\/11502-Oxycodone-4-1.jpg","datePublished":"2025-09-24T21:55:45+00:00","dateModified":"2025-09-25T11:15:26+00:00","description":"Osta oksikodonia turvallisesti verkosta nopeaan kivunlievitykseen. Luotettava apteekkimme tarjoaa huomaamattoman toimituksen ja korkealaatuisia 30 mg:n pillereit\u00e4. Tilaa nyt turvallisesti!","breadcrumb":{"@id":"https:\/\/rxmedsplus.com\/product\/buy-oxycodone-online-safely\/#breadcrumb"},"inLanguage":"fi","potentialAction":[{"@type":"ReadAction","target":["https:\/\/rxmedsplus.com\/product\/buy-oxycodone-online-safely\/"]}]},{"@type":"ImageObject","inLanguage":"fi","@id":"https:\/\/rxmedsplus.com\/product\/buy-oxycodone-online-safely\/#primaryimage","url":"https:\/\/rxmedsplus.com\/wp-content\/uploads\/2025\/09\/11502-Oxycodone-4-1.jpg","contentUrl":"https:\/\/rxmedsplus.com\/wp-content\/uploads\/2025\/09\/11502-Oxycodone-4-1.jpg","width":456,"height":501},{"@type":"BreadcrumbList","@id":"https:\/\/rxmedsplus.com\/product\/buy-oxycodone-online-safely\/#breadcrumb","itemListElement":[{"@type":"ListItem","position":1,"name":"Home","item":"https:\/\/rxmedsplus.com\/"},{"@type":"ListItem","position":2,"name":"Shop","item":"https:\/\/rxmedsplus.com\/shop\/"},{"@type":"ListItem","position":3,"name":"Buy Oxycodone 30mg Online \u2013 Fast &#038; Safe Relief"}]},{"@type":"WebSite","@id":"https:\/\/rxmedsplus.com\/#website","url":"https:\/\/rxmedsplus.com\/","name":"Reseptil\u00e4\u00e4kkeet Plus","description":"Osta reseptil\u00e4\u00e4kkeit\u00e4 ja pillereit\u00e4 netist\u00e4 nopealla toimituksella","potentialAction":[{"@type":"SearchAction","target":{"@type":"EntryPoint","urlTemplate":"https:\/\/rxmedsplus.com\/?s={search_term_string}"},"query-input":{"@type":"PropertyValueSpecification","valueRequired":true,"valueName":"search_term_string"}}],"inLanguage":"fi"}]},"og_availability":"instock","product_availability":"instock","product_retailer_item_id":"qVKXgCRc4W","product_condition":"new"},"_links":{"self":[{"href":"https:\/\/rxmedsplus.com\/fi\/wp-json\/wp\/v2\/product\/3652","targetHints":{"allow":["GET"]}}],"collection":[{"href":"https:\/\/rxmedsplus.com\/fi\/wp-json\/wp\/v2\/product"}],"about":[{"href":"https:\/\/rxmedsplus.com\/fi\/wp-json\/wp\/v2\/types\/product"}],"replies":[{"embeddable":true,"href":"https:\/\/rxmedsplus.com\/fi\/wp-json\/wp\/v2\/comments?post=3652"}],"wp:featuredmedia":[{"embeddable":true,"href":"https:\/\/rxmedsplus.com\/fi\/wp-json\/wp\/v2\/media\/3691"}],"wp:attachment":[{"href":"https:\/\/rxmedsplus.com\/fi\/wp-json\/wp\/v2\/media?parent=3652"}],"wp:term":[{"taxonomy":"product_brand","embeddable":true,"href":"https:\/\/rxmedsplus.com\/fi\/wp-json\/wp\/v2\/product_brand?post=3652"},{"taxonomy":"product_cat","embeddable":true,"href":"https:\/\/rxmedsplus.com\/fi\/wp-json\/wp\/v2\/product_cat?post=3652"},{"taxonomy":"product_tag","embeddable":true,"href":"https:\/\/rxmedsplus.com\/fi\/wp-json\/wp\/v2\/product_tag?post=3652"}],"curies":[{"name":"wp","href":"https:\/\/api.w.org\/{rel}","templated":true}]}}