{"id":4307,"date":"2026-05-03T23:30:25","date_gmt":"2026-05-03T23:30:25","guid":{"rendered":"https:\/\/rxmedsplus.com\/"},"modified":"2026-05-11T00:22:30","modified_gmt":"2026-05-11T00:22:30","slug":"cialis-60-mg","status":"publish","type":"product","link":"https:\/\/rxmedsplus.com\/fi\/product\/cialis-60-mg\/","title":{"rendered":"Osta Cialis 60 mg netist\u00e4 saadaksesi tehokasta ja nopeaa helpotusta erektioh\u00e4iri\u00f6ihin"},"content":{"rendered":"<p><strong>Osta Cialis 60 mg netist\u00e4 saadaksesi tehokasta ja nopeaa helpotusta erektioh\u00e4iri\u00f6ihin<\/strong>  <\/p>\n<p>Tehokkaassa erektioh\u00e4iri\u00f6iden hoidossa Cialis 60 mg erottuu edukseen luotettavana ratkaisuna miehille, jotka etsiv\u00e4t nopeita ja pitk\u00e4aikaisia \u200b\u200btuloksia. Jos etsit\u2026 <strong>osta Cialis 60 mg netist\u00e4 saadaksesi tehokasta ja nopeaa helpotusta erektioh\u00e4iri\u00f6ihin<\/strong>, olet tullut oikeaan paikkaan. Verkkoapteekkimme tarjoaa aitoja, korkealaatuisia Cialis-tabletteja, jotka toimitetaan huomaamattomasti kotiovellesi. Olitpa sitten Yhdysvalloissa, Kanadassa, EU:ssa, Isossa-Britanniassa, Australiassa tai miss\u00e4 tahansa muualla maailmassa, takaamme turvallisen ja luottamuksellisen toimituksen.  <\/p>\n<h3><strong>Mik\u00e4 on Cialis 60 mg?<\/strong>  <\/h3>\n<p>Cialis 60 mg on tadalafiilin, tehokkaan PDE5-est\u00e4j\u00e4n, suuriannoksinen koostumus, joka on suunniteltu parantamaan verenkiertoa peniksen alueella, mahdollistaen vahvemmat ja pidempikestoisemmat erektiot. Toisin kuin muut erektioh\u00e4iri\u00f6l\u00e4\u00e4kkeet, Cialisin vaikutukset kest\u00e4v\u00e4t jopa 36 tuntia, mink\u00e4 vuoksi se on saanut lempinimen Viikonloppupilleri. T\u00e4m\u00e4 pidennetty vaikutusaika mahdollistaa spontaanisuuden ja itsevarmuuden intiimeiss\u00e4 hetkiss\u00e4 ilman tiukkaa ajoitusta.  <\/p>\n<h3><strong>Cialis 60 mg:n t\u00e4rkeimm\u00e4t hy\u00f6dyt<\/strong>  <\/h3>\n<p>\u2013 <strong>Nopeasti vaikuttava helpotus:<\/strong> Koe parantunut erektio 30\u201360 minuutin kuluessa nauttimisesta.<br \/>\n\u2013 <strong>Pitk\u00e4kestoiset vaikutukset:<\/strong> Nauti jopa 36 tuntia parannetusta suorituskyvyst\u00e4.<br \/>\n\u2013 <strong>Lis\u00e4\u00e4ntynyt itseluottamus:<\/strong> Ota seksuaaliterveytesi hallintaan luotettavien tulosten avulla.<br \/>\n\u2013 <strong>Huomaamaton ja k\u00e4tev\u00e4:<\/strong> Tilaa verkosta ilman resepti\u00e4 ja saat huomaamattoman pakkauksen.  <\/p>\n<h3><strong>Miten Cialis 60 mg toimii?<\/strong>  <\/h3>\n<p>Cialis 60 mg toimii rentouttamalla peniksen verisuonia, mik\u00e4 lis\u00e4\u00e4 verenkiertoa seksuaalisen stimulaation aikana. T\u00e4m\u00e4 mekanismi varmistaa lujat ja kest\u00e4v\u00e4t erektiot, mik\u00e4 helpottaa intiimiyden saavuttamista ja yll\u00e4pit\u00e4mist\u00e4. Suurempi annos varmistaa voimakkaammat vaikutukset, mik\u00e4 on ihanteellinen miehille, jotka tarvitsevat tehokkaamman ratkaisun vakaviin erektioh\u00e4iri\u00f6ihin.  <\/p>\n<h3><strong>Suositeltu annostus ja k\u00e4ytt\u00f6<\/strong>  <\/h3>\n<p>Parhaan tuloksen saavuttamiseksi ota yksi Cialis 60 mg -tabletti veden kanssa noin 30 minuuttia ennen seksuaalista kanssak\u00e4ymist\u00e4. V\u00e4lt\u00e4 liiallista alkoholin tai rasvaisten aterioiden nauttimista ennen seksuaalista kanssak\u00e4ymist\u00e4, sill\u00e4 ne voivat hidastaa imeytymist\u00e4. \u00c4l\u00e4 ota yli yht\u00e4 annosta 24 tunnin sis\u00e4ll\u00e4 mahdollisten sivuvaikutusten minimoimiseksi.  <\/p>\n<h3><strong>Mahdolliset sivuvaikutukset<\/strong>  <\/h3>\n<p>Vaikka Cialis 60 mg on yleens\u00e4 hyvin siedetty, joillakin k\u00e4ytt\u00e4jill\u00e4 voi esiinty\u00e4 lievi\u00e4 sivuvaikutuksia, kuten:  <\/p>\n<p>P\u00e4\u00e4ns\u00e4rky<br \/>\n\u2013 Flushing<br \/>\nRuoansulatush\u00e4iri\u00f6t<br \/>\nNen\u00e4n tukkoisuus<br \/>\nSelk\u00e4kipu  <\/p>\n<p>N\u00e4m\u00e4 vaikutukset ovat yleens\u00e4 tilap\u00e4isi\u00e4 ja h\u00e4vi\u00e4v\u00e4t l\u00e4\u00e4kkeen metaboloituessa. Jos kuitenkin ilmenee vakavia reaktioita, kuten pitkittynytt\u00e4 erektiota (priapismi) tai n\u00e4k\u00f6muutoksia, hakeudu v\u00e4litt\u00f6m\u00e4sti l\u00e4\u00e4k\u00e4rin hoitoon.  <\/p>\n<h3><strong>Kenen tulisi v\u00e4ltt\u00e4\u00e4 Cialis 60 mg:aa?<\/strong>  <\/h3>\n<p>Cialis 60 mg ei sovi kaikille. V\u00e4lt\u00e4 t\u00e4t\u00e4 l\u00e4\u00e4kett\u00e4, jos:  <\/p>\n<p>Onko sinulla syd\u00e4nvaivoja tai hallitsematon verenpaine?<br \/>\nK\u00e4yt\u00e4tk\u00f6 nitraatteja rintakipuun?<br \/>\nOnko sinulla vaikea maksa- tai munuaissairaus?<br \/>\nOlet allerginen tadalafiilille  <\/p>\n<p>On suositeltavaa neuvotella terveydenhuollon ammattilaisen kanssa ennen k\u00e4ytt\u00f6\u00e4, erityisesti jos sinulla on perussairauksia.  <\/p>\n<h3><strong>Miksi ostaa Cialis 60 mg netist\u00e4 meilt\u00e4?<\/strong>  <\/h3>\n<p>Luotettavana verkkoapteekkina priorisoimme laatua, kohtuuhintaisuutta ja harkintavaltaa. T\u00e4ss\u00e4 syyt, miksi asiakkaat ymp\u00e4ri maailmaa valitsevat meid\u00e4t:  <\/p>\n<p>\u2013 <strong>Aidot l\u00e4\u00e4kkeet:<\/strong> Hankimme suoraan lisensoiduilta valmistajilta.<br \/>\n\u2013 <strong>Ei resepti\u00e4 tarvita:<\/strong> V\u00e4lt\u00e4 l\u00e4\u00e4k\u00e4rik\u00e4yntien vaiva.<br \/>\n\u2013 <strong>Nopea ja huomaamaton toimitus:<\/strong> Tilaukset toimitetaan tavallisissa pakkauksissa ilman tunnistettavia etikettej\u00e4.<br \/>\n\u2013 <strong>Turvalliset maksuvaihtoehdot:<\/strong> Useita maksutapoja mukavuuden takaamiseksi.<br \/>\n\u2013 <strong>Maailmanlaajuinen toimitus:<\/strong> Palvelee asiakkaita Yhdysvalloissa, Kanadassa, Isossa-Britanniassa, EU:ssa, Australiassa ja muualla.  <\/p>\n<h3><strong>Miten tilata Cialis 60 mg netist\u00e4<\/strong>  <\/h3>\n<p>Cialis 60 mg:n ostaminen on yksinkertaista:  <\/p>\n<p>1. <strong>Valitse m\u00e4\u00e4r\u00e4:<\/strong> Valitse haluamasi pakkauskoko.<br \/>\n2. <strong>Lis\u00e4\u00e4 ostoskoriin:<\/strong> Siirry kassalle turvallisesti.<br \/>\n3. <strong>Anna toimitustiedot:<\/strong> Anna huomaamaton toimitusosoitteesi.<br \/>\n4. <strong>T\u00e4ydellinen maksu:<\/strong> K\u00e4yt\u00e4 haluamaasi maksutapaa.<br \/>\n5. <strong>Vastaanota tilauksesi:<\/strong> Nopea toimitus seurantap\u00e4ivityksill\u00e4.  <\/p>\n<h3><strong>Loppup\u00e4\u00e4telm\u00e4t Cialis 60 mg:sta erektioh\u00e4iri\u00f6iden lievitykseen<\/strong>  <\/h3>\n<p>Jos olet valmis palauttamaan seksuaalisen elinvoimasi, <strong>osta Cialis 60 mg netist\u00e4 saadaksesi tehokasta ja nopeaa helpotusta erektioh\u00e4iri\u00f6ihin<\/strong> hyv\u00e4maineisesta apteekistamme. Nopean vaikutuksensa, pitk\u00e4kestoisen vaikutuksensa ja todistetun tehokkuutensa ansiosta Cialis 60 mg on ensisijainen valinta miehille, jotka etsiv\u00e4t luotettavaa suorituskyvyn parantamista. Tilaa t\u00e4n\u00e4\u00e4n ja koe ero huomaamattomasti ja itsevarmasti.  <\/p>\n<p>Jos sinulla on kysytt\u00e4v\u00e4\u00e4 tai tarvitset apua, asiakastukitiimimme on k\u00e4ytett\u00e4viss\u00e4si 24\/7. Tyytyv\u00e4isyytesi ja yksityisyytesi ovat meille ensisijaisen t\u00e4rkeit\u00e4.<\/p>","protected":false},"excerpt":{"rendered":"<p>Tarvitsetko tehokasta helpotusta erektioh\u00e4iri\u00f6ihin nopeasti? Cialis 60 mg tarjoaa maksimaalisen tehon tadalafiililla, luotettavalla vaikuttavalla aineella, joka takaa pitk\u00e4kestoiset tulokset. Nauti jopa 36 tuntia tehostettua tehoa \u2013 ilman resepti\u00e4. Nopea ja huomaamaton toimitus varmistaa, ett\u00e4 itseluottamuksesi palaa hetkess\u00e4. Luota korkealaatuiseen l\u00e4\u00e4kkeeseemme saadaksesi vahvimman ratkaisun, kun pienemm\u00e4t annokset eiv\u00e4t riit\u00e4. Tilaa nyt ja palauta intiimiys helposti.<\/p>","protected":false},"featured_media":4344,"comment_status":"open","ping_status":"closed","template":"","meta":{"site-sidebar-layout":"default","site-content-layout":"","ast-site-content-layout":"default","site-content-style":"default","site-sidebar-style":"default","ast-global-header-display":"","ast-banner-title-visibility":"","ast-main-header-display":"","ast-hfb-above-header-display":"","ast-hfb-below-header-display":"","ast-hfb-mobile-header-display":"","site-post-title":"","ast-breadcrumbs-content":"","ast-featured-img":"","footer-sml-layout":"","ast-disable-related-posts":"","theme-transparent-header-meta":"","adv-header-id-meta":"","stick-header-meta":"","header-above-stick-meta":"","header-main-stick-meta":"","header-below-stick-meta":"","astra-migrate-meta-layouts":"default","ast-page-background-enabled":"default","ast-page-background-meta":{"desktop":{"background-color":"","background-image":"","background-repeat":"repeat","background-position":"center center","background-size":"auto","background-attachment":"scroll","background-type":"","background-media":"","overlay-type":"","overlay-color":"","overlay-opacity":"","overlay-gradient":""},"tablet":{"background-color":"","background-image":"","background-repeat":"repeat","background-position":"center center","background-size":"auto","background-attachment":"scroll","background-type":"","background-media":"","overlay-type":"","overlay-color":"","overlay-opacity":"","overlay-gradient":""},"mobile":{"background-color":"","background-image":"","background-repeat":"repeat","background-position":"center center","background-size":"auto","background-attachment":"scroll","background-type":"","background-media":"","overlay-type":"","overlay-color":"","overlay-opacity":"","overlay-gradient":""}},"ast-content-background-meta":{"desktop":{"background-color":"var(--ast-global-color-5)","background-image":"","background-repeat":"repeat","background-position":"center center","background-size":"auto","background-attachment":"scroll","background-type":"","background-media":"","overlay-type":"","overlay-color":"","overlay-opacity":"","overlay-gradient":""},"tablet":{"background-color":"var(--ast-global-color-5)","background-image":"","background-repeat":"repeat","background-position":"center center","background-size":"auto","background-attachment":"scroll","background-type":"","background-media":"","overlay-type":"","overlay-color":"","overlay-opacity":"","overlay-gradient":""},"mobile":{"background-color":"var(--ast-global-color-5)","background-image":"","background-repeat":"repeat","background-position":"center center","background-size":"auto","background-attachment":"scroll","background-type":"","background-media":"","overlay-type":"","overlay-color":"","overlay-opacity":"","overlay-gradient":""}}},"product_brand":[],"product_cat":[1684],"product_tag":[974,1996,1994,975,1995,1274,279,937,938,1992,1990,980,251,1997,972],"class_list":{"0":"post-4307","1":"product","2":"type-product","3":"status-publish","4":"has-post-thumbnail","6":"product_cat-sex-pills","7":"product_tag-buy-cialis-online","8":"product_tag-buy-ed-pills-online","9":"product_tag-cialis-60-mg","10":"product_tag-cialis-dosage","11":"product_tag-cialis-for-men","12":"product_tag-cialis-without-prescription","13":"product_tag-discreet-shipping","14":"product_tag-ed-treatment","15":"product_tag-erectile-dysfunction","16":"product_tag-fast-acting-cialis","17":"product_tag-long-lasting-ed-relief","18":"product_tag-male-enhancement","19":"product_tag-online-pharmacy","20":"product_tag-strong-erection","21":"product_tag-tadalafil","22":"desktop-align-left","23":"tablet-align-left","24":"mobile-align-left","25":"ast-product-gallery-layout-horizontal-slider","26":"ast-product-gallery-with-no-image","27":"ast-magnify-disabled","28":"ast-product-single-variable","29":"ast-product-tabs-layout-horizontal","31":"first","32":"instock","33":"shipping-taxable","34":"purchasable","35":"product-type-variable"},"yoast_head":"<!-- This site is optimized with the Yoast SEO Premium plugin v26.0 (Yoast SEO v27.6) - https:\/\/yoast.com\/product\/yoast-seo-premium-wordpress\/ -->\n<title>Buy Cialis 60 mg Online for Powerful ED Relief Fast &#187; Rx Meds Plus<\/title>\n<meta name=\"description\" content=\"Cialis 60 mg delivers powerful ED relief fast and lasts up to 36 hours. Buy genuine Cialis online for discreet, worldwide shipping. Reclaim your confidence today!\" \/>\n<meta name=\"robots\" content=\"noindex, follow, max-snippet:-1, max-image-preview:large, max-video-preview:-1\" \/>\n<meta property=\"og:locale\" content=\"fi_FI\" \/>\n<meta property=\"og:type\" content=\"article\" \/>\n<meta property=\"og:title\" content=\"Buy Cialis 60 mg Online for Powerful ED Relief Fast\" \/>\n<meta property=\"og:description\" content=\"Cialis 60 mg delivers powerful ED relief fast and lasts up to 36 hours. Buy genuine Cialis online for discreet, worldwide shipping. Reclaim your confidence today!\" \/>\n<meta property=\"og:url\" content=\"https:\/\/rxmedsplus.com\/fi\/tuote\/cialis-60-mg\/\" \/>\n<meta property=\"og:site_name\" content=\"Rx Meds Plus\" \/>\n<meta property=\"article:modified_time\" content=\"2026-05-11T00:22:30+00:00\" \/>\n<meta property=\"og:image\" content=\"https:\/\/rxmedsplus.com\/wp-content\/uploads\/2026\/05\/134393-8-1.jpg\" \/>\n\t<meta property=\"og:image:width\" content=\"500\" \/>\n\t<meta property=\"og:image:height\" content=\"500\" \/>\n\t<meta property=\"og:image:type\" content=\"image\/jpeg\" \/>\n<meta name=\"twitter:card\" content=\"summary_large_image\" \/>\n<meta name=\"twitter:label1\" content=\"Saatavuus\" \/>\n\t<meta name=\"twitter:data1\" content=\"Varastossa\" \/>\n<script type=\"application\/ld+json\" class=\"yoast-schema-graph\">{\"@context\":\"https:\\\/\\\/schema.org\",\"@graph\":[{\"@type\":\"WebPage\",\"@id\":\"https:\\\/\\\/rxmedsplus.com\\\/product\\\/cialis-60-mg\\\/\",\"url\":\"https:\\\/\\\/rxmedsplus.com\\\/product\\\/cialis-60-mg\\\/\",\"name\":\"Buy Cialis 60 mg Online for Powerful ED Relief Fast &#187; Rx Meds Plus\",\"isPartOf\":{\"@id\":\"https:\\\/\\\/rxmedsplus.com\\\/#website\"},\"primaryImageOfPage\":{\"@id\":\"https:\\\/\\\/rxmedsplus.com\\\/product\\\/cialis-60-mg\\\/#primaryimage\"},\"image\":{\"@id\":\"https:\\\/\\\/rxmedsplus.com\\\/product\\\/cialis-60-mg\\\/#primaryimage\"},\"thumbnailUrl\":\"https:\\\/\\\/rxmedsplus.com\\\/wp-content\\\/uploads\\\/2026\\\/05\\\/134393-8-1.jpg\",\"datePublished\":\"2026-05-03T23:30:25+00:00\",\"dateModified\":\"2026-05-11T00:22:30+00:00\",\"description\":\"Cialis 60 mg delivers powerful ED relief fast and lasts up to 36 hours. Buy genuine Cialis online for discreet, worldwide shipping. Reclaim your confidence today!\",\"breadcrumb\":{\"@id\":\"https:\\\/\\\/rxmedsplus.com\\\/product\\\/cialis-60-mg\\\/#breadcrumb\"},\"inLanguage\":\"fi\",\"potentialAction\":[{\"@type\":\"ReadAction\",\"target\":[\"https:\\\/\\\/rxmedsplus.com\\\/product\\\/cialis-60-mg\\\/\"]}]},{\"@type\":\"ImageObject\",\"inLanguage\":\"fi\",\"@id\":\"https:\\\/\\\/rxmedsplus.com\\\/product\\\/cialis-60-mg\\\/#primaryimage\",\"url\":\"https:\\\/\\\/rxmedsplus.com\\\/wp-content\\\/uploads\\\/2026\\\/05\\\/134393-8-1.jpg\",\"contentUrl\":\"https:\\\/\\\/rxmedsplus.com\\\/wp-content\\\/uploads\\\/2026\\\/05\\\/134393-8-1.jpg\",\"width\":500,\"height\":500},{\"@type\":\"BreadcrumbList\",\"@id\":\"https:\\\/\\\/rxmedsplus.com\\\/product\\\/cialis-60-mg\\\/#breadcrumb\",\"itemListElement\":[{\"@type\":\"ListItem\",\"position\":1,\"name\":\"Home\",\"item\":\"https:\\\/\\\/rxmedsplus.com\\\/\"},{\"@type\":\"ListItem\",\"position\":2,\"name\":\"Shop\",\"item\":\"https:\\\/\\\/rxmedsplus.com\\\/shop\\\/\"},{\"@type\":\"ListItem\",\"position\":3,\"name\":\"Buy Cialis 60 mg Online for Powerful ED Relief Fast\"}]},{\"@type\":\"WebSite\",\"@id\":\"https:\\\/\\\/rxmedsplus.com\\\/#website\",\"url\":\"https:\\\/\\\/rxmedsplus.com\\\/\",\"name\":\"Rx Meds Plus\",\"description\":\"Buy Prescription Meds and Pills Online with Fast Delivery\",\"potentialAction\":[{\"@type\":\"SearchAction\",\"target\":{\"@type\":\"EntryPoint\",\"urlTemplate\":\"https:\\\/\\\/rxmedsplus.com\\\/?s={search_term_string}\"},\"query-input\":{\"@type\":\"PropertyValueSpecification\",\"valueRequired\":true,\"valueName\":\"search_term_string\"}}],\"inLanguage\":\"fi\"}]}<\/script>\n<meta property=\"og:availability\" content=\"instock\" \/>\n<meta property=\"product:availability\" content=\"instock\" \/>\n<meta property=\"product:retailer_item_id\" content=\"134393\" \/>\n<meta property=\"product:condition\" content=\"new\" \/>\n<!-- \/ Yoast SEO Premium plugin. -->","yoast_head_json":{"title":"Osta Cialis 60 mg netist\u00e4 tehokkaaseen ja nopeaan erektioh\u00e4iri\u00f6iden lievitykseen \u2013 Rx Meds Plus","description":"Cialis 60 mg tarjoaa tehokasta ja nopeaa erektioh\u00e4iri\u00f6iden lievityst\u00e4 jopa 36 tuntia. Osta aitoa Cialista verkosta huomaamattomalla toimituksella maailmanlaajuisesti. Palauta itseluottamuksesi jo t\u00e4n\u00e4\u00e4n!","robots":{"index":"noindex","follow":"follow","max-snippet":"max-snippet:-1","max-image-preview":"max-image-preview:large","max-video-preview":"max-video-preview:-1"},"og_locale":"fi_FI","og_type":"article","og_title":"Buy Cialis 60 mg Online for Powerful ED Relief Fast","og_description":"Cialis 60 mg delivers powerful ED relief fast and lasts up to 36 hours. Buy genuine Cialis online for discreet, worldwide shipping. Reclaim your confidence today!","og_url":"https:\/\/rxmedsplus.com\/fi\/tuote\/cialis-60-mg\/","og_site_name":"Rx Meds Plus","article_modified_time":"2026-05-11T00:22:30+00:00","og_image":[{"width":500,"height":500,"url":"https:\/\/rxmedsplus.com\/wp-content\/uploads\/2026\/05\/134393-8-1.jpg","type":"image\/jpeg"}],"twitter_card":"summary_large_image","twitter_misc":{"Saatavuus":"Varastossa"},"schema":{"@context":"https:\/\/schema.org","@graph":[{"@type":"WebPage","@id":"https:\/\/rxmedsplus.com\/product\/cialis-60-mg\/","url":"https:\/\/rxmedsplus.com\/product\/cialis-60-mg\/","name":"Osta Cialis 60 mg netist\u00e4 tehokkaaseen ja nopeaan erektioh\u00e4iri\u00f6iden lievitykseen \u2013 Rx Meds Plus","isPartOf":{"@id":"https:\/\/rxmedsplus.com\/#website"},"primaryImageOfPage":{"@id":"https:\/\/rxmedsplus.com\/product\/cialis-60-mg\/#primaryimage"},"image":{"@id":"https:\/\/rxmedsplus.com\/product\/cialis-60-mg\/#primaryimage"},"thumbnailUrl":"https:\/\/rxmedsplus.com\/wp-content\/uploads\/2026\/05\/134393-8-1.jpg","datePublished":"2026-05-03T23:30:25+00:00","dateModified":"2026-05-11T00:22:30+00:00","description":"Cialis 60 mg tarjoaa tehokasta ja nopeaa erektioh\u00e4iri\u00f6iden lievityst\u00e4 jopa 36 tuntia. Osta aitoa Cialista verkosta huomaamattomalla toimituksella maailmanlaajuisesti. Palauta itseluottamuksesi jo t\u00e4n\u00e4\u00e4n!","breadcrumb":{"@id":"https:\/\/rxmedsplus.com\/product\/cialis-60-mg\/#breadcrumb"},"inLanguage":"fi","potentialAction":[{"@type":"ReadAction","target":["https:\/\/rxmedsplus.com\/product\/cialis-60-mg\/"]}]},{"@type":"ImageObject","inLanguage":"fi","@id":"https:\/\/rxmedsplus.com\/product\/cialis-60-mg\/#primaryimage","url":"https:\/\/rxmedsplus.com\/wp-content\/uploads\/2026\/05\/134393-8-1.jpg","contentUrl":"https:\/\/rxmedsplus.com\/wp-content\/uploads\/2026\/05\/134393-8-1.jpg","width":500,"height":500},{"@type":"BreadcrumbList","@id":"https:\/\/rxmedsplus.com\/product\/cialis-60-mg\/#breadcrumb","itemListElement":[{"@type":"ListItem","position":1,"name":"Home","item":"https:\/\/rxmedsplus.com\/"},{"@type":"ListItem","position":2,"name":"Shop","item":"https:\/\/rxmedsplus.com\/shop\/"},{"@type":"ListItem","position":3,"name":"Buy Cialis 60 mg Online for Powerful ED Relief Fast"}]},{"@type":"WebSite","@id":"https:\/\/rxmedsplus.com\/#website","url":"https:\/\/rxmedsplus.com\/","name":"Reseptil\u00e4\u00e4kkeet Plus","description":"Osta reseptil\u00e4\u00e4kkeit\u00e4 ja pillereit\u00e4 netist\u00e4 nopealla toimituksella","potentialAction":[{"@type":"SearchAction","target":{"@type":"EntryPoint","urlTemplate":"https:\/\/rxmedsplus.com\/?s={search_term_string}"},"query-input":{"@type":"PropertyValueSpecification","valueRequired":true,"valueName":"search_term_string"}}],"inLanguage":"fi"}]},"og_availability":"instock","product_availability":"instock","product_retailer_item_id":"134393","product_condition":"new"},"_links":{"self":[{"href":"https:\/\/rxmedsplus.com\/fi\/wp-json\/wp\/v2\/product\/4307","targetHints":{"allow":["GET"]}}],"collection":[{"href":"https:\/\/rxmedsplus.com\/fi\/wp-json\/wp\/v2\/product"}],"about":[{"href":"https:\/\/rxmedsplus.com\/fi\/wp-json\/wp\/v2\/types\/product"}],"replies":[{"embeddable":true,"href":"https:\/\/rxmedsplus.com\/fi\/wp-json\/wp\/v2\/comments?post=4307"}],"wp:featuredmedia":[{"embeddable":true,"href":"https:\/\/rxmedsplus.com\/fi\/wp-json\/wp\/v2\/media\/4344"}],"wp:attachment":[{"href":"https:\/\/rxmedsplus.com\/fi\/wp-json\/wp\/v2\/media?parent=4307"}],"wp:term":[{"taxonomy":"product_brand","embeddable":true,"href":"https:\/\/rxmedsplus.com\/fi\/wp-json\/wp\/v2\/product_brand?post=4307"},{"taxonomy":"product_cat","embeddable":true,"href":"https:\/\/rxmedsplus.com\/fi\/wp-json\/wp\/v2\/product_cat?post=4307"},{"taxonomy":"product_tag","embeddable":true,"href":"https:\/\/rxmedsplus.com\/fi\/wp-json\/wp\/v2\/product_tag?post=4307"}],"curies":[{"name":"wp","href":"https:\/\/api.w.org\/{rel}","templated":true}]}}