{"id":2124,"date":"2024-10-24T13:29:56","date_gmt":"2024-10-24T13:29:56","guid":{"rendered":"https:\/\/rxmedsplus.com\/?page_id=2124"},"modified":"2025-09-23T10:42:59","modified_gmt":"2025-09-23T10:42:59","slug":"shipping-and-delivery-policy","status":"publish","type":"page","link":"https:\/\/rxmedsplus.com\/fr\/shipping-and-delivery-policy\/","title":{"rendered":"L'exp\u00e9dition et la Livraison de la Politique"},"content":{"rendered":"<div data-elementor-type=\"wp-page\" data-elementor-id=\"2124\" class=\"elementor elementor-2124\">\n\t\t\t\t<div class=\"elementor-element elementor-element-9ae4be0 e-flex e-con-boxed e-con e-parent\" data-id=\"9ae4be0\" data-element_type=\"container\" data-e-type=\"container\">\n\t\t\t\t\t<div class=\"e-con-inner\">\n\t\t<div class=\"elementor-element elementor-element-1e52ba6 e-con-full e-flex e-con e-child\" data-id=\"1e52ba6\" data-element_type=\"container\" data-e-type=\"container\">\n\t\t\t\t<div class=\"elementor-element elementor-element-cbe21a9 elementor-widget elementor-widget-heading\" data-id=\"cbe21a9\" data-element_type=\"widget\" data-e-type=\"widget\" data-widget_type=\"heading.default\">\n\t\t\t\t<div class=\"elementor-widget-container\">\n\t\t\t\t\t<h1 class=\"elementor-heading-title elementor-size-default\">L'Exp\u00e9dition Et La Livraison De La Politique<\/h1>\t\t\t\t<\/div>\n\t\t\t\t<\/div>\n\t\t\t\t<\/div>\n\t\t\t\t\t<\/div>\n\t\t\t\t<\/div>\n\t\t<div class=\"elementor-element elementor-element-81bbcf9 e-flex e-con-boxed e-con e-parent\" data-id=\"81bbcf9\" data-element_type=\"container\" data-e-type=\"container\" data-settings=\"{&quot;background_background&quot;:&quot;classic&quot;}\">\n\t\t\t\t\t<div class=\"e-con-inner\">\n\t\t<div class=\"elementor-element elementor-element-feacb1e e-con-full e-flex e-con e-child\" data-id=\"feacb1e\" data-element_type=\"container\" data-e-type=\"container\">\n\t\t\t\t<div class=\"elementor-element elementor-element-9230e6e elementor-widget elementor-widget-text-editor\" data-id=\"9230e6e\" data-element_type=\"widget\" data-e-type=\"widget\" data-widget_type=\"text-editor.default\">\n\t\t\t\t<div class=\"elementor-widget-container\">\n\t\t\t\t\t\t\t\t\t<p>Au <strong>Mon M\u00e9tro Meds<\/strong>nous comprenons l'importance de la r\u00e9ception de vos m\u00e9dicaments rapidement et discr\u00e8tement. C'est pourquoi nous vous proposons <strong>rapide<\/strong>, <strong>fiable<\/strong>et <strong>s\u00e9curis\u00e9 exp\u00e9dition<\/strong> options pour r\u00e9pondre aux besoins de nos clients, tant \u00e0 l'\u00e9chelle nationale et internationale. Merci de lire nos <strong>L'exp\u00e9dition et la Livraison de la Politique<\/strong> pour comprendre comment nous traiter et livrer vos commandes.<\/p><h2>1. <strong>Options d'exp\u00e9dition et les d\u00e9lais de Livraison<\/strong><\/h2><p>Nous nous engageons \u00e0 fournir des services rapides et de s\u00e9curiser la livraison de toutes les commandes, si vous \u00eates situ\u00e9 dans le <strong>\u00c9tats-unis<\/strong>, <strong>Canada<\/strong>ou n'importe o\u00f9 dans le monde.<\/p><h3>1.1 <strong>La navigation int\u00e9rieure (USA et Canada)<\/strong><\/h3><p>Pour les clients dans le <strong>\u00c9tats-Unis<\/strong> et <strong>Canada<\/strong>, nous vous proposons <strong>exp\u00e9dition le jour m\u00eame<\/strong> sur toutes les commandes pass\u00e9es avant notre temps de coupure. Les d\u00e9lais de livraison varient en fonction de votre emplacement:<\/p><ul><li><strong>Livraison Le Jour M\u00eame<\/strong>Pour s\u00e9lectionner des emplacements. Les commandes pass\u00e9es avant le cut-off time seront livr\u00e9s le jour m\u00eame.<\/li><li><strong>Livraison Standard<\/strong>: 1-2 jours ouvrables, selon votre emplacement.<\/li><li><strong>Livraison Gratuite<\/strong>: Disponible sur commande sup\u00e9rieure \u00e0 une certaine valeur (montant indiqu\u00e9 lors de la commande).<\/li><\/ul><h3>1.2 <strong>L'Exp\u00e9dition Internationale<\/strong><\/h3><p>Nous sommes fiers d'offrir <strong>exp\u00e9dition dans le monde entier<\/strong> pour <strong>L'australie<\/strong>, <strong>le royaume-UNI<\/strong>, <strong>Allemagne<\/strong>, <strong>France<\/strong>, <strong>Les pays de l'UE<\/strong>et bien plus encore. Les d\u00e9lais de livraison pour les commandes internationales peuvent varier en fonction de traitement des douanes et de l'emplacement:<\/p><ul><li><strong>Standard Livraison Internationale<\/strong>: 3-7 jours ouvrables, selon la destination.<\/li><li><strong>Acc\u00e9l\u00e9r\u00e9 De L'Exp\u00e9dition Internationale<\/strong>: 2-5 jours ouvrables (si disponible).<\/li><li><strong>D\u00e9douanement<\/strong>: Les envois internationaux peuvent \u00eatre soumis \u00e0 une inspection des douanes, qui pourrait prolonger les d\u00e9lais de livraison.<\/li><\/ul><h3>1.3 <strong>L'Exp\u00e9dition De Cut-Off<\/strong><\/h3><p>Les commandes pass\u00e9es avant <strong>12:00 PM PST (Heure normale du Pacifique)<\/strong> les jours ouvrables, sera trait\u00e9e le jour m\u00eame. Les commandes pass\u00e9es apr\u00e8s cette date, ou le week-end et les jours f\u00e9ri\u00e9s seront trait\u00e9es le jour ouvrable suivant.<\/p><h2>2. <strong>Les Frais D'Exp\u00e9dition<\/strong><\/h2><p>Les frais d'exp\u00e9dition sont calcul\u00e9s en fonction du mode de livraison s\u00e9lectionn\u00e9 ainsi que de la destination. Le co\u00fbt de l'exp\u00e9dition sera affich\u00e9 lors de la commande avant de valider votre commande.<\/p><ul><li><strong>Le Transport Maritime Int\u00e9rieur<\/strong> (USA et Canada): les Prix commencent \u00e0 un taux forfaitaire, avec la livraison gratuite disponible pour les commandes sup\u00e9rieures \u00e0 une certaine valeur.<\/li><li><strong>L'Exp\u00e9dition Internationale<\/strong>: Les frais d'exp\u00e9dition sont calcul\u00e9s en fonction du pays de destination et le mode de livraison choisi. Des frais suppl\u00e9mentaires peuvent s'appliquer pour la livraison rapide.<\/li><\/ul><h2>3. <strong>Emballage Discret<\/strong><\/h2><p>Votre vie priv\u00e9e est importante pour nous. Toutes les commandes sont exp\u00e9di\u00e9es dans <strong>emballage discret<\/strong> pour prot\u00e9ger votre confidentialit\u00e9. Il n'y aura pas de mentionner le contenu ou le nom de notre pharmacie sur l'ext\u00e9rieur de l'emballage, assurant une totale discr\u00e9tion.<\/p><h2>4. <strong>Suivi De Commande<\/strong><\/h2><p>Une fois que votre commande a \u00e9t\u00e9 exp\u00e9di\u00e9e, vous recevrez un <strong>num\u00e9ro de suivi<\/strong> via e-mail, vous permettant de suivre votre colis en temps r\u00e9el. Vous pouvez suivre votre commande directement sur notre site web ou par l'interm\u00e9diaire de l'entreprise de messagerie de service de suivi.<\/p><ul><li><strong>Nationaux De Suivi<\/strong>: En temps r\u00e9el des mises \u00e0 jour pour les commandes dans les \u00e9tats-unis et le Canada.<\/li><li><strong>Le Suivi International<\/strong>: En temps r\u00e9el des mises \u00e0 jour pour les envois internationaux. Veuillez noter que le suivi peut varier en fonction du transporteur et de la r\u00e9glementation douani\u00e8res de votre pays de destination.<\/li><\/ul><h2>5. <strong>Les Droits de douane (Pour les Commandes Internationales)<\/strong><\/h2><p>Les envois internationaux peuvent \u00eatre soumis \u00e0 <strong>inspections des douanes<\/strong>, ce qui pourrait entra\u00eener des retards. Vous, en tant qu'acheteur, sont responsables de tous droits de douane, les taxes ou les frais suppl\u00e9mentaires impos\u00e9s par les douanes de votre pays de bureau. Veuillez vous assurer que vous \u00eates familier avec votre pays d'importation du r\u00e8glement sur les m\u00e9dicaments.<\/p><p><strong>Note:<\/strong> Mon M\u00e9tro Meds n'est pas responsable des questions douani\u00e8res ou des retards caus\u00e9s par les processus de d\u00e9douanement.<\/p><h2>6. <strong>De perte ou de Retard de Paquets<\/strong><\/h2><p>Alors que nous faisons tout notre possible pour assurer la livraison en temps opportun, \u00e0 l'occasion, les colis peuvent \u00eatre retard\u00e9s ou perdus pendant le transport. Si vous pensez que votre commande a \u00e9t\u00e9 perdu ou retard\u00e9, veuillez contacter notre <strong>l'\u00e9quipe de support client<\/strong> d\u00e8s que possible.<\/p><ul><li><strong>Les Paquets Perdus<\/strong>: Si votre forfait est confirm\u00e9 perdu, nous vous offrons un <strong>remplacement<\/strong> ou <strong>remboursement complet<\/strong> dans le cadre de notre <strong>100% garantie de livraison<\/strong>.<\/li><li><strong>Retard De Paquets<\/strong>: Retards peuvent se produire pour des raisons hors de notre contr\u00f4le, tels que le d\u00e9douanement ou messagerie questions. Nous allons travailler avec vous pour faire le suivi et de veiller \u00e0 ce qu'il atteigne le plus rapidement possible.<\/li><\/ul><h2>7. <strong>Des Probl\u00e8mes De Livraison<\/strong><\/h2><p>Si votre colis arrive endommag\u00e9 ou avec les \u00e9l\u00e9ments incorrects, veuillez nous contacter dans les <strong>48 heures<\/strong> de la r\u00e9ception de votre commande. Nous allons \u00e9tudier la question et, si n\u00e9cessaire, proposer un remplacement ou un remboursement.<\/p><ul><li><strong>Colis Endommag\u00e9s<\/strong>: Si votre colis est endommag\u00e9 pendant le transport, veuillez fournir des photos des d\u00e9g\u00e2ts, et nous travaillerons avec vous pour r\u00e9soudre le probl\u00e8me rapidement.<\/li><li><strong>Les Commandes Incorrectes<\/strong>: Si vous avez re\u00e7u le mauvais produit, contactez-nous imm\u00e9diatement et nous nous organiserons pour un remplacement ou un remboursement.<\/li><\/ul><h2>8. <strong>Colis Non Distribuables<\/strong><\/h2><p>Si votre colis nous est retourn\u00e9 en raison d'une <strong>adresse incorrecte<\/strong> ou parce qu'il \u00e9tait <strong>non r\u00e9clam\u00e9s<\/strong>, nous prendrons contact avec vous pour organiser la r\u00e9exp\u00e9dition. Aucun frais de livraison suppl\u00e9mentaires engag\u00e9s pour la re-livraison seront \u00e0 la charge du client.<\/p><h2>9. <strong>Comment Nous Contacter<\/strong><\/h2><p>Si vous avez des questions ou des pr\u00e9occupations concernant votre commande ou besoin d'aide avec le suivi de votre commande, veuillez contacter notre <strong>l'\u00e9quipe de support client<\/strong>:<\/p><ul><li><strong>E-mail<\/strong>: <a href=\"mailto:sales@rxmedsplus.com\">sales@rxmedsplus.com<\/a><\/li><li><strong>Chat En Direct<\/strong><\/li><\/ul><p>Nous nous engageons \u00e0 veiller \u00e0 ce que votre exp\u00e9rience d'achat avec <strong>Mon M\u00e9tro Meds<\/strong> est lisse, efficace et satisfaisant. Merci de nous choisir comme votre source de confiance pour un prix abordable, non-m\u00e9dicaments d'ordonnance.<\/p><p>Au <strong>Mon M\u00e9tro Meds<\/strong>, nous cherchons \u00e0 donner une livraison rapide et discr\u00e8te de tous nos clients, o\u00f9 qu'ils soient dans le monde. Votre satisfaction est notre priorit\u00e9, et nous sommes ici pour vous assurer de recevoir vos m\u00e9dicaments en toute s\u00e9curit\u00e9 et \u00e0 temps.<\/p>\t\t\t\t\t\t\t\t<\/div>\n\t\t\t\t<\/div>\n\t\t\t\t<\/div>\n\t\t\t\t\t<\/div>\n\t\t\t\t<\/div>\n\t\t\t\t<\/div>","protected":false},"excerpt":{"rendered":"<p>Shipping &amp; Delivery Policy At Rx Meds Plus, we understand the importance of receiving your medications quickly and discreetly. That\u2019s why we offer fast, reliable, and secure shipping options to meet the needs of our customers, both domestically and internationally. Please read through our Shipping and Delivery Policy to understand how we process and deliver [&hellip;]<\/p>\n","protected":false},"author":1,"featured_media":0,"parent":0,"menu_order":0,"comment_status":"closed","ping_status":"closed","template":"","meta":{"site-sidebar-layout":"no-sidebar","site-content-layout":"page-builder","ast-site-content-layout":"full-width-container","site-content-style":"unboxed","site-sidebar-style":"unboxed","ast-global-header-display":"","ast-banner-title-visibility":"","ast-main-header-display":"","ast-hfb-above-header-display":"","ast-hfb-below-header-display":"","ast-hfb-mobile-header-display":"","site-post-title":"disabled","ast-breadcrumbs-content":"","ast-featured-img":"disabled","footer-sml-layout":"","ast-disable-related-posts":"","theme-transparent-header-meta":"default","adv-header-id-meta":"","stick-header-meta":"","header-above-stick-meta":"","header-main-stick-meta":"","header-below-stick-meta":"","astra-migrate-meta-layouts":"set","ast-page-background-enabled":"default","ast-page-background-meta":{"desktop":{"background-color":"","background-image":"","background-repeat":"repeat","background-position":"center center","background-size":"auto","background-attachment":"scroll","background-type":"","background-media":"","overlay-type":"","overlay-color":"","overlay-opacity":"","overlay-gradient":""},"tablet":{"background-color":"","background-image":"","background-repeat":"repeat","background-position":"center center","background-size":"auto","background-attachment":"scroll","background-type":"","background-media":"","overlay-type":"","overlay-color":"","overlay-opacity":"","overlay-gradient":""},"mobile":{"background-color":"","background-image":"","background-repeat":"repeat","background-position":"center center","background-size":"auto","background-attachment":"scroll","background-type":"","background-media":"","overlay-type":"","overlay-color":"","overlay-opacity":"","overlay-gradient":""}},"ast-content-background-meta":{"desktop":{"background-color":"var(--ast-global-color-5)","background-image":"","background-repeat":"repeat","background-position":"center center","background-size":"auto","background-attachment":"scroll","background-type":"","background-media":"","overlay-type":"","overlay-color":"","overlay-opacity":"","overlay-gradient":""},"tablet":{"background-color":"var(--ast-global-color-5)","background-image":"","background-repeat":"repeat","background-position":"center center","background-size":"auto","background-attachment":"scroll","background-type":"","background-media":"","overlay-type":"","overlay-color":"","overlay-opacity":"","overlay-gradient":""},"mobile":{"background-color":"var(--ast-global-color-5)","background-image":"","background-repeat":"repeat","background-position":"center center","background-size":"auto","background-attachment":"scroll","background-type":"","background-media":"","overlay-type":"","overlay-color":"","overlay-opacity":"","overlay-gradient":""}},"footnotes":""},"class_list":["post-2124","page","type-page","status-publish","hentry"],"yoast_head":"<!-- This site is optimized with the Yoast SEO Premium plugin v26.0 (Yoast SEO v27.4) - https:\/\/yoast.com\/product\/yoast-seo-premium-wordpress\/ -->\n<title>Shipping and Delivery Policy &#187; Rx Meds Plus<\/title>\n<meta name=\"robots\" content=\"noindex, follow\" \/>\n<meta property=\"og:locale\" content=\"fr_FR\" \/>\n<meta property=\"og:type\" content=\"article\" \/>\n<meta property=\"og:title\" content=\"Shipping and Delivery Policy\" \/>\n<meta property=\"og:description\" content=\"Shipping &amp; Delivery Policy At Rx Meds Plus, we understand the importance of receiving your medications quickly and discreetly. That\u2019s why we offer fast, reliable, and secure shipping options to meet the needs of our customers, both domestically and internationally. Please read through our Shipping and Delivery Policy to understand how we process and deliver [&hellip;]\" \/>\n<meta property=\"og:url\" content=\"https:\/\/rxmedsplus.com\/fr\/shipping-and-delivery-policy\/\" \/>\n<meta property=\"og:site_name\" content=\"Rx Meds Plus\" \/>\n<meta property=\"article:modified_time\" content=\"2025-09-23T10:42:59+00:00\" \/>\n<meta name=\"twitter:card\" content=\"summary_large_image\" \/>\n<meta name=\"twitter:label1\" content=\"Dur\u00e9e de lecture estim\u00e9e\" \/>\n\t<meta name=\"twitter:data1\" content=\"4 minutes\" \/>\n<script type=\"application\/ld+json\" class=\"yoast-schema-graph\">{\"@context\":\"https:\\\/\\\/schema.org\",\"@graph\":[{\"@type\":\"WebPage\",\"@id\":\"https:\\\/\\\/rxmedsplus.com\\\/shipping-and-delivery-policy\\\/\",\"url\":\"https:\\\/\\\/rxmedsplus.com\\\/shipping-and-delivery-policy\\\/\",\"name\":\"Shipping and Delivery Policy &#187; Rx Meds Plus\",\"isPartOf\":{\"@id\":\"https:\\\/\\\/rxmedsplus.com\\\/#website\"},\"datePublished\":\"2024-10-24T13:29:56+00:00\",\"dateModified\":\"2025-09-23T10:42:59+00:00\",\"breadcrumb\":{\"@id\":\"https:\\\/\\\/rxmedsplus.com\\\/shipping-and-delivery-policy\\\/#breadcrumb\"},\"inLanguage\":\"fr-FR\",\"potentialAction\":[{\"@type\":\"ReadAction\",\"target\":[\"https:\\\/\\\/rxmedsplus.com\\\/shipping-and-delivery-policy\\\/\"]}]},{\"@type\":\"BreadcrumbList\",\"@id\":\"https:\\\/\\\/rxmedsplus.com\\\/shipping-and-delivery-policy\\\/#breadcrumb\",\"itemListElement\":[{\"@type\":\"ListItem\",\"position\":1,\"name\":\"Home\",\"item\":\"https:\\\/\\\/rxmedsplus.com\\\/\"},{\"@type\":\"ListItem\",\"position\":2,\"name\":\"Shipping and Delivery Policy\"}]},{\"@type\":\"WebSite\",\"@id\":\"https:\\\/\\\/rxmedsplus.com\\\/#website\",\"url\":\"https:\\\/\\\/rxmedsplus.com\\\/\",\"name\":\"Rx Meds Plus\",\"description\":\"Buy Prescription Meds and Pills Online with Fast Delivery\",\"potentialAction\":[{\"@type\":\"SearchAction\",\"target\":{\"@type\":\"EntryPoint\",\"urlTemplate\":\"https:\\\/\\\/rxmedsplus.com\\\/?s={search_term_string}\"},\"query-input\":{\"@type\":\"PropertyValueSpecification\",\"valueRequired\":true,\"valueName\":\"search_term_string\"}}],\"inLanguage\":\"fr-FR\"}]}<\/script>\n<!-- \/ Yoast SEO Premium plugin. -->","yoast_head_json":{"title":"Shipping and Delivery Policy &#187; Rx Meds Plus","robots":{"index":"noindex","follow":"follow"},"og_locale":"fr_FR","og_type":"article","og_title":"Shipping and Delivery Policy","og_description":"Shipping &amp; Delivery Policy At Rx Meds Plus, we understand the importance of receiving your medications quickly and discreetly. That\u2019s why we offer fast, reliable, and secure shipping options to meet the needs of our customers, both domestically and internationally. Please read through our Shipping and Delivery Policy to understand how we process and deliver [&hellip;]","og_url":"https:\/\/rxmedsplus.com\/fr\/shipping-and-delivery-policy\/","og_site_name":"Rx Meds Plus","article_modified_time":"2025-09-23T10:42:59+00:00","twitter_card":"summary_large_image","twitter_misc":{"Dur\u00e9e de lecture estim\u00e9e":"4 minutes"},"schema":{"@context":"https:\/\/schema.org","@graph":[{"@type":"WebPage","@id":"https:\/\/rxmedsplus.com\/shipping-and-delivery-policy\/","url":"https:\/\/rxmedsplus.com\/shipping-and-delivery-policy\/","name":"Shipping and Delivery Policy &#187; Rx Meds Plus","isPartOf":{"@id":"https:\/\/rxmedsplus.com\/#website"},"datePublished":"2024-10-24T13:29:56+00:00","dateModified":"2025-09-23T10:42:59+00:00","breadcrumb":{"@id":"https:\/\/rxmedsplus.com\/shipping-and-delivery-policy\/#breadcrumb"},"inLanguage":"fr-FR","potentialAction":[{"@type":"ReadAction","target":["https:\/\/rxmedsplus.com\/shipping-and-delivery-policy\/"]}]},{"@type":"BreadcrumbList","@id":"https:\/\/rxmedsplus.com\/shipping-and-delivery-policy\/#breadcrumb","itemListElement":[{"@type":"ListItem","position":1,"name":"Home","item":"https:\/\/rxmedsplus.com\/"},{"@type":"ListItem","position":2,"name":"Shipping and Delivery Policy"}]},{"@type":"WebSite","@id":"https:\/\/rxmedsplus.com\/#website","url":"https:\/\/rxmedsplus.com\/","name":"Mon M\u00e9tro Meds","description":"Buy Prescription Meds and Pills Online with Fast Delivery","potentialAction":[{"@type":"SearchAction","target":{"@type":"EntryPoint","urlTemplate":"https:\/\/rxmedsplus.com\/?s={search_term_string}"},"query-input":{"@type":"PropertyValueSpecification","valueRequired":true,"valueName":"search_term_string"}}],"inLanguage":"fr-FR"}]}},"_links":{"self":[{"href":"https:\/\/rxmedsplus.com\/fr\/wp-json\/wp\/v2\/pages\/2124","targetHints":{"allow":["GET"]}}],"collection":[{"href":"https:\/\/rxmedsplus.com\/fr\/wp-json\/wp\/v2\/pages"}],"about":[{"href":"https:\/\/rxmedsplus.com\/fr\/wp-json\/wp\/v2\/types\/page"}],"author":[{"embeddable":true,"href":"https:\/\/rxmedsplus.com\/fr\/wp-json\/wp\/v2\/users\/1"}],"replies":[{"embeddable":true,"href":"https:\/\/rxmedsplus.com\/fr\/wp-json\/wp\/v2\/comments?post=2124"}],"version-history":[{"count":0,"href":"https:\/\/rxmedsplus.com\/fr\/wp-json\/wp\/v2\/pages\/2124\/revisions"}],"wp:attachment":[{"href":"https:\/\/rxmedsplus.com\/fr\/wp-json\/wp\/v2\/media?parent=2124"}],"curies":[{"name":"wp","href":"https:\/\/api.w.org\/{rel}","templated":true}]}}