{"id":2139,"date":"2024-10-24T13:37:12","date_gmt":"2024-10-24T13:37:12","guid":{"rendered":"https:\/\/rxmedsplus.com\/?page_id=2139"},"modified":"2025-09-25T04:53:24","modified_gmt":"2025-09-25T04:53:24","slug":"how-to-buy-medicine-online-from-my-underground-meds","status":"publish","type":"page","link":"https:\/\/rxmedsplus.com\/fr\/how-to-buy-medicine-online-from-my-underground-meds\/","title":{"rendered":"Comment faire pour Acheter des m\u00e9dicaments en Ligne \u00e0 partir de Mon M\u00e9tro Meds"},"content":{"rendered":"<div data-elementor-type=\"wp-page\" data-elementor-id=\"2139\" class=\"elementor elementor-2139\">\n\t\t\t\t<div class=\"elementor-element elementor-element-9ae4be0 e-flex e-con-boxed e-con e-parent\" data-id=\"9ae4be0\" data-element_type=\"container\" data-e-type=\"container\">\n\t\t\t\t\t<div class=\"e-con-inner\">\n\t\t<div class=\"elementor-element elementor-element-1e52ba6 e-con-full e-flex e-con e-child\" data-id=\"1e52ba6\" data-element_type=\"container\" data-e-type=\"container\">\n\t\t\t\t<div class=\"elementor-element elementor-element-cbe21a9 elementor-widget elementor-widget-heading\" data-id=\"cbe21a9\" data-element_type=\"widget\" data-e-type=\"widget\" data-widget_type=\"heading.default\">\n\t\t\t\t<div class=\"elementor-widget-container\">\n\t\t\t\t\t<h1 class=\"elementor-heading-title elementor-size-default\">Comment faire pour Acheter des M\u00e9dicaments de Mon M\u00e9tro Meds: Une \u00c9tape-par-\u00c9tape<\/h1>\t\t\t\t<\/div>\n\t\t\t\t<\/div>\n\t\t\t\t<\/div>\n\t\t\t\t\t<\/div>\n\t\t\t\t<\/div>\n\t\t<div class=\"elementor-element elementor-element-81bbcf9 e-flex e-con-boxed e-con e-parent\" data-id=\"81bbcf9\" data-element_type=\"container\" data-e-type=\"container\" data-settings=\"{&quot;background_background&quot;:&quot;classic&quot;}\">\n\t\t\t\t\t<div class=\"e-con-inner\">\n\t\t<div class=\"elementor-element elementor-element-feacb1e e-con-full e-flex e-con e-child\" data-id=\"feacb1e\" data-element_type=\"container\" data-e-type=\"container\">\n\t\t\t\t<div class=\"elementor-element elementor-element-9230e6e elementor-widget elementor-widget-text-editor\" data-id=\"9230e6e\" data-element_type=\"widget\" data-e-type=\"widget\" data-widget_type=\"text-editor.default\">\n\t\t\t\t<div class=\"elementor-widget-container\">\n\t\t\t\t\t\t\t\t\t<p>Au <strong>Mon M\u00e9tro Meds<\/strong>nous avons fait le processus d'achat <strong>les m\u00e9dicaments<\/strong> en ligne la plus simple et sans tracas que possible. Suivez ces \u00e9tapes faciles pour commander votre <strong>l'anxi\u00e9t\u00e9 meds<\/strong>, <strong>soulagement de la douleur<\/strong>, <strong>M\u00e9dicaments contre le TDAH<\/strong>et plus encore\u2014le tout sans avoir besoin d'une ordonnance.<\/p>\n<h2>\u00c9tape 1: Parcourez Notre S\u00e9lection<\/h2>\n<p>Commencez par d\u00e9couvrir notre large gamme de m\u00e9dicaments disponibles \u00e0 l'achat. Si vous \u00eates \u00e0 la recherche pour <strong>Xanax<\/strong>, <strong>Oxycodone<\/strong>, <strong>Adderall<\/strong>ou <strong>Ambien<\/strong>vous trouverez une grande s\u00e9lection de produits \u00e0 choisir. Utilisez notre facilit\u00e9 de navigation et les fonctions de recherche pour trouver ce dont vous avez besoin.<\/p>\n<ol>\n<li>Aller \u00e0 la <strong>Mon M\u00e9tro Meds<\/strong> boutique de la page.<\/li>\n<li>Cliquez sur l' <strong>cat\u00e9gorie<\/strong> des m\u00e9dicaments qui vous int\u00e9resse (par exemple, <strong>L'Anxi\u00e9t\u00e9 M\u00e9dicaments<\/strong>, <strong>Soulagement De La Douleur<\/strong>, <strong>M\u00e9dicaments contre le TDAH<\/strong>, etc.).<\/li>\n<li>Parcourir les options disponibles et choisir le produit qui convient le mieux \u00e0 vos besoins.<\/li>\n<\/ol>\n<h2>\u00c9tape 2: S\u00e9lectionnez Votre M\u00e9dicament et le Dosage<\/h2>\n<p>Une fois que vous avez trouv\u00e9 les m\u00e9dicaments dont vous avez besoin, s\u00e9lectionnez le <strong>posologie<\/strong> et <strong>quantit\u00e9<\/strong> bas\u00e9 sur vos exigences de sant\u00e9.<\/p>\n<ol>\n<li>Cliquez sur le produit que vous souhaitez acheter.<\/li>\n<li>L'examen de la description du produit et les instructions d'utilisation pour s'assurer qu'il r\u00e9pond \u00e0 vos besoins.<\/li>\n<li>Choisissez <strong>posologie<\/strong> \u00e0 partir du menu d\u00e9roulant (par exemple, 2 mg, 5 mg, 10 mg).<\/li>\n<li>S\u00e9lectionnez la quantit\u00e9 de m\u00e9dicament que vous souhaitez acheter.<\/li>\n<\/ol>\n<h2>\u00c9tape 3: Ajouter au Panier<\/h2>\n<p>Apr\u00e8s avoir s\u00e9lectionn\u00e9 le m\u00e9dicament et le dosage, il est temps d'ajouter l'article \u00e0 votre panier.<\/p>\n<ol>\n<li>Cliquez sur l' <strong>\u201cAjouter au Panier\u201d<\/strong> bouton sur la page du produit.<\/li>\n<li>Vous allez \u00eatre redirig\u00e9 vers votre <strong>panier<\/strong> o\u00f9 vous pouvez voir tous les \u00e9l\u00e9ments que vous avez ajout\u00e9s.<\/li>\n<li>Si vous souhaitez continuer vos achats, cliquez sur <strong>\u201cContinuer Les Achats\u201d<\/strong> et r\u00e9p\u00e9tez le processus pour les autres m\u00e9dicaments.<\/li>\n<li>Une fois que vous \u00eates pr\u00eat \u00e0 effectuer votre achat, cliquez sur <strong>\u201cPasser \u00e0 la Caisse\u201d<\/strong>.<\/li>\n<\/ol>\n<h2>\u00c9tape 4: Examen de Votre Panier et d'Appliquer des R\u00e9ductions<\/h2>\n<p>Avant de payer, assurez-vous que tous les produits, les quantit\u00e9s, et les dosages dans votre panier sont correctes.<\/p>\n<ol>\n<li>La r\u00e9vision de votre r\u00e9capitulatif de commande et s'assurer que tous les \u00e9l\u00e9ments sont corrects.<\/li>\n<li>Si vous avez un <strong>code promo<\/strong> ou <strong>code de r\u00e9duction<\/strong>de l'appliquer \u00e0 ce stade pour des \u00e9conomies suppl\u00e9mentaires.<\/li>\n<li>Une fois que vous \u00eates satisfait avec votre commande, cliquez sur <strong>\u201cCheckout\u201d<\/strong>.<\/li>\n<\/ol>\n<h2>\u00c9tape 5: Entrez Vos Coordonn\u00e9es D'Exp\u00e9dition<\/h2>\n<p>\u00c0 la caisse, vous aurez besoin de fournir des informations pr\u00e9cises d'exp\u00e9dition afin d'assurer une livraison rapide.<\/p>\n<ol>\n<li>Entrez votre <strong>l'adresse de livraison<\/strong> l'endroit o\u00f9 vous souhaitez que votre commande soit livr\u00e9e.\n<ul>\n<li>Inclure votre nom complet, adresse, ville, \u00e9tat, code postal, et pays.<\/li>\n<\/ul>\n<\/li>\n<li>Pour <strong>les commandes internationales<\/strong>, de s'assurer que les informations de livraison est correcte et correspond \u00e0 la r\u00e9glementation de l'importation de votre pays.<\/li>\n<li>Double-v\u00e9rifier votre adresse de livraison afin d'\u00e9viter des retards ou des erreurs de livraison.<\/li>\n<\/ol>\n<h2>\u00c9tape 6: Choisissez Votre Mode De Livraison<\/h2>\n<p>Nous offrons la livraison rapide et discr\u00e8te options afin de vous assurer de recevoir vos m\u00e9dicaments rapidement et en toute s\u00e9curit\u00e9.<\/p>\n<ol>\n<li>Choisissez votre pr\u00e9f\u00e9r\u00e9 <strong>m\u00e9thode d'exp\u00e9dition<\/strong>:\n<ul>\n<li><strong>Livraison le jour m\u00eame<\/strong> pour l' <strong>\u00c9tats-unis<\/strong> et <strong>Canada<\/strong> (lorsque disponible).<\/li>\n<li><strong>La livraison Standard<\/strong> pour les commandes internationales (de 3 \u00e0 7 jours, selon l'emplacement).<\/li>\n<\/ul>\n<\/li>\n<li>Les frais d'exp\u00e9dition seront calcul\u00e9s en fonction de votre emplacement et de la m\u00e9thode d'exp\u00e9dition que vous choisissez.<\/li>\n<\/ol>\n<h2>\u00c9tape 7: Entrez Les Informations De Paiement<\/h2>\n<p>Mon M\u00e9tro Meds offre de multiples m\u00e9thodes de paiement s\u00e9curis\u00e9 afin de garantir une transaction s\u00e9curis\u00e9e.<\/p>\n<ol>\n<li>S\u00e9lectionnez votre pr\u00e9f\u00e9r\u00e9 <strong>m\u00e9thode de paiement<\/strong>:\n<ul>\n<li><strong>PayPal<\/strong><\/li>\n<li><strong>Cryptocurrency<\/strong> (Bitcoin et les autres monnaies num\u00e9riques pour plus de confidentialit\u00e9)<\/li>\n<\/ul>\n<\/li>\n<li>Entrez vos informations de paiement et double-v\u00e9rifier l'exactitude.<\/li>\n<\/ol>\n<h2>\u00c9tape 8: Confirmer Votre Commande<\/h2>\n<p>Avant de finaliser votre achat, v\u00e9rifiez votre commande une derni\u00e8re fois.<\/p>\n<ol>\n<li>V\u00e9rifiez que toutes les informations sont correctes, y compris l'adresse de livraison, les produits, les quantit\u00e9s, et les d\u00e9tails de paiement.<\/li>\n<li>Si tout est correct, cliquez <strong>\u201cPasser Commande\u201d.<\/strong> pour compl\u00e9ter l'achat.<\/li>\n<li>Vous recevrez un e-mail de confirmation avec votre <strong>les d\u00e9tails de la commande<\/strong> et un <strong>num\u00e9ro de suivi<\/strong> une fois la commande a \u00e9t\u00e9 trait\u00e9e et exp\u00e9di\u00e9e.<\/li>\n<\/ol>\n<h2>\u00c9tape 9: Le Suivi De Votre Commande<\/h2>\n<p>Apr\u00e8s la passation de votre commande, vous pouvez suivre sa progression.<\/p>\n<ol>\n<li>V\u00e9rifiez votre e-mail pour l' <strong>la confirmation de la commande<\/strong> et <strong>les informations de suivi<\/strong>.<\/li>\n<li>Utiliser le num\u00e9ro de suivi fourni pour suivre votre paquet de statut en temps r\u00e9el.<\/li>\n<li>Une fois que votre colis est exp\u00e9di\u00e9, vous pouvez vous attendre \u00e0 la livraison dans les 24 \u00e0 48 heures pour les etats-unis et le Canada, ou de 3 \u00e0 7 jours pour les commandes internationales.<\/li>\n<\/ol>\n<h2>\u00c9tape 10: Recevoir Votre M\u00e9dicament<\/h2>\n<p>Votre commande sera livr\u00e9e dans <strong>emballage discret<\/strong> pour prot\u00e9ger votre vie priv\u00e9e. Aucune information permettant d'identifier le contenu sera visible sur l'ext\u00e9rieur du paquet.<\/p>\n<ol>\n<li>Lors de votre m\u00e9dicament arrive, v\u00e9rifiez que les \u00e9l\u00e9ments correspondent \u00e0 votre commande.<\/li>\n<li>Suivez les instructions fournies avec votre m\u00e9dicament pour assurer une utilisation s\u00e9curitaire et efficace.<\/li>\n<\/ol>\n<h2>Pourquoi Choisir Mon Souterrain De M\u00e9dicaments?<\/h2>\n<ul>\n<li><strong>Aucune Prescription Requise<\/strong>: Obtenir les m\u00e9dicaments dont vous avez besoin, sans les tracas de visiter un m\u00e9decin.<\/li>\n<li><strong>Des Prix Abordables<\/strong>: Acheter <strong>des m\u00e9dicaments en ligne pas cher<\/strong> et \u00e9conomiser de l'argent sur votre sant\u00e9.<\/li>\n<li><strong>Livraison Le Jour M\u00eame<\/strong>: Rapide, fiable exp\u00e9dition \u00e0 l' <strong>\u00c9tats-unis<\/strong> et <strong>Canada<\/strong> avec l'exp\u00e9dition dans le monde entier options.<\/li>\n<li><strong>Emballage Discret<\/strong>: Votre vie priv\u00e9e est notre priorit\u00e9\u2014les commandes sont exp\u00e9di\u00e9es discr\u00e8tement et en toute s\u00e9curit\u00e9.<\/li>\n<\/ul>\n<h2>Commander Vos M\u00e9dicaments D'Aujourd'Hui!<\/h2>\n<p>Pr\u00eat \u00e0 prendre le contr\u00f4le de votre sant\u00e9 et obtenir les m\u00e9dicaments dont vous avez besoin? Visite <strong>Mon M\u00e9tro Meds<\/strong> aujourd'hui et profitez rapide, sans tracas de l'achat avec <strong>aucune prescription requise<\/strong>. Achetez d\u00e8s maintenant et profitez de la commodit\u00e9 de <strong>livraison le jour m\u00eame<\/strong> et <strong>exp\u00e9dition dans le monde entier<\/strong> sur tous vos m\u00e9dicaments.<\/p>\n<p><strong>De Commencer \u00c0 Magasiner Maintenant<\/strong> \u2013 Vos m\u00e9dicaments sont juste \u00e0 quelques clics de souris!<\/p>\t\t\t\t\t\t\t\t<\/div>\n\t\t\t\t<\/div>\n\t\t\t\t<\/div>\n\t\t\t\t\t<\/div>\n\t\t\t\t<\/div>\n\t\t\t\t<\/div>","protected":false},"excerpt":{"rendered":"<p>How to Buy Meds from Rx Meds Plus: A Step-by-Step Guide At Rx Meds Plus, we\u2019ve made the process of buying medications online as simple and hassle-free as possible. Follow these easy steps to order your anxiety meds, pain relief, ADHD medications, and more\u2014all without the need for a prescription. Step 1: Browse Our Selection [&hellip;]<\/p>\n","protected":false},"author":1,"featured_media":0,"parent":0,"menu_order":0,"comment_status":"closed","ping_status":"closed","template":"","meta":{"site-sidebar-layout":"no-sidebar","site-content-layout":"page-builder","ast-site-content-layout":"full-width-container","site-content-style":"unboxed","site-sidebar-style":"unboxed","ast-global-header-display":"","ast-banner-title-visibility":"","ast-main-header-display":"","ast-hfb-above-header-display":"","ast-hfb-below-header-display":"","ast-hfb-mobile-header-display":"","site-post-title":"disabled","ast-breadcrumbs-content":"","ast-featured-img":"disabled","footer-sml-layout":"","ast-disable-related-posts":"","theme-transparent-header-meta":"default","adv-header-id-meta":"","stick-header-meta":"","header-above-stick-meta":"","header-main-stick-meta":"","header-below-stick-meta":"","astra-migrate-meta-layouts":"set","ast-page-background-enabled":"default","ast-page-background-meta":{"desktop":{"background-color":"","background-image":"","background-repeat":"repeat","background-position":"center center","background-size":"auto","background-attachment":"scroll","background-type":"","background-media":"","overlay-type":"","overlay-color":"","overlay-opacity":"","overlay-gradient":""},"tablet":{"background-color":"","background-image":"","background-repeat":"repeat","background-position":"center center","background-size":"auto","background-attachment":"scroll","background-type":"","background-media":"","overlay-type":"","overlay-color":"","overlay-opacity":"","overlay-gradient":""},"mobile":{"background-color":"","background-image":"","background-repeat":"repeat","background-position":"center center","background-size":"auto","background-attachment":"scroll","background-type":"","background-media":"","overlay-type":"","overlay-color":"","overlay-opacity":"","overlay-gradient":""}},"ast-content-background-meta":{"desktop":{"background-color":"var(--ast-global-color-5)","background-image":"","background-repeat":"repeat","background-position":"center center","background-size":"auto","background-attachment":"scroll","background-type":"","background-media":"","overlay-type":"","overlay-color":"","overlay-opacity":"","overlay-gradient":""},"tablet":{"background-color":"var(--ast-global-color-5)","background-image":"","background-repeat":"repeat","background-position":"center center","background-size":"auto","background-attachment":"scroll","background-type":"","background-media":"","overlay-type":"","overlay-color":"","overlay-opacity":"","overlay-gradient":""},"mobile":{"background-color":"var(--ast-global-color-5)","background-image":"","background-repeat":"repeat","background-position":"center center","background-size":"auto","background-attachment":"scroll","background-type":"","background-media":"","overlay-type":"","overlay-color":"","overlay-opacity":"","overlay-gradient":""}},"footnotes":""},"class_list":["post-2139","page","type-page","status-publish","hentry"],"yoast_head":"<!-- This site is optimized with the Yoast SEO Premium plugin v26.0 (Yoast SEO v27.4) - https:\/\/yoast.com\/product\/yoast-seo-premium-wordpress\/ -->\n<title>How to Buy Medicine Online from Rx Meds Plus &#187; Rx Meds Plus<\/title>\n<meta name=\"description\" content=\"How to Buy Meds from Rx Meds Plus: A Step-by-Step Guide At Rx Meds Plus, we\u2019ve made the process of buying medications online as simple and hassle-free as\" \/>\n<meta name=\"robots\" content=\"noindex, follow, max-snippet:-1, max-image-preview:large, max-video-preview:-1\" \/>\n<meta property=\"og:locale\" content=\"fr_FR\" \/>\n<meta property=\"og:type\" content=\"article\" \/>\n<meta property=\"og:title\" content=\"How to Buy Medicine Online from Rx Meds Plus\" \/>\n<meta property=\"og:description\" content=\"How to Buy Meds from Rx Meds Plus: A Step-by-Step Guide At Rx Meds Plus, we\u2019ve made the process of buying medications online as simple and hassle-free as\" \/>\n<meta property=\"og:url\" content=\"https:\/\/rxmedsplus.com\/fr\/how-to-buy-medicine-online-from-my-underground-meds\/\" \/>\n<meta property=\"og:site_name\" content=\"Rx Meds Plus\" \/>\n<meta property=\"article:modified_time\" content=\"2025-09-25T04:53:24+00:00\" \/>\n<meta name=\"twitter:card\" content=\"summary_large_image\" \/>\n<meta name=\"twitter:label1\" content=\"Dur\u00e9e de lecture estim\u00e9e\" \/>\n\t<meta name=\"twitter:data1\" content=\"4 minutes\" \/>\n<script type=\"application\/ld+json\" class=\"yoast-schema-graph\">{\"@context\":\"https:\\\/\\\/schema.org\",\"@graph\":[{\"@type\":\"WebPage\",\"@id\":\"https:\\\/\\\/rxmedsplus.com\\\/how-to-buy-medicine-online-from-my-underground-meds\\\/\",\"url\":\"https:\\\/\\\/rxmedsplus.com\\\/how-to-buy-medicine-online-from-my-underground-meds\\\/\",\"name\":\"How to Buy Medicine Online from Rx Meds Plus &#187; Rx Meds Plus\",\"isPartOf\":{\"@id\":\"https:\\\/\\\/rxmedsplus.com\\\/#website\"},\"datePublished\":\"2024-10-24T13:37:12+00:00\",\"dateModified\":\"2025-09-25T04:53:24+00:00\",\"description\":\"How to Buy Meds from Rx Meds Plus: A Step-by-Step Guide At Rx Meds Plus, we\u2019ve made the process of buying medications online as simple and hassle-free as\",\"breadcrumb\":{\"@id\":\"https:\\\/\\\/rxmedsplus.com\\\/how-to-buy-medicine-online-from-my-underground-meds\\\/#breadcrumb\"},\"inLanguage\":\"fr-FR\",\"potentialAction\":[{\"@type\":\"ReadAction\",\"target\":[\"https:\\\/\\\/rxmedsplus.com\\\/how-to-buy-medicine-online-from-my-underground-meds\\\/\"]}]},{\"@type\":\"BreadcrumbList\",\"@id\":\"https:\\\/\\\/rxmedsplus.com\\\/how-to-buy-medicine-online-from-my-underground-meds\\\/#breadcrumb\",\"itemListElement\":[{\"@type\":\"ListItem\",\"position\":1,\"name\":\"Home\",\"item\":\"https:\\\/\\\/rxmedsplus.com\\\/\"},{\"@type\":\"ListItem\",\"position\":2,\"name\":\"How to Buy Medicine Online from Rx Meds Plus\"}]},{\"@type\":\"WebSite\",\"@id\":\"https:\\\/\\\/rxmedsplus.com\\\/#website\",\"url\":\"https:\\\/\\\/rxmedsplus.com\\\/\",\"name\":\"Rx Meds Plus\",\"description\":\"Buy Prescription Meds and Pills Online with Fast Delivery\",\"potentialAction\":[{\"@type\":\"SearchAction\",\"target\":{\"@type\":\"EntryPoint\",\"urlTemplate\":\"https:\\\/\\\/rxmedsplus.com\\\/?s={search_term_string}\"},\"query-input\":{\"@type\":\"PropertyValueSpecification\",\"valueRequired\":true,\"valueName\":\"search_term_string\"}}],\"inLanguage\":\"fr-FR\"}]}<\/script>\n<!-- \/ Yoast SEO Premium plugin. -->","yoast_head_json":{"title":"How to Buy Medicine Online from Rx Meds Plus &#187; Rx Meds Plus","description":"How to Buy Meds from Rx Meds Plus: A Step-by-Step Guide At Rx Meds Plus, we\u2019ve made the process of buying medications online as simple and hassle-free as","robots":{"index":"noindex","follow":"follow","max-snippet":"max-snippet:-1","max-image-preview":"max-image-preview:large","max-video-preview":"max-video-preview:-1"},"og_locale":"fr_FR","og_type":"article","og_title":"How to Buy Medicine Online from Rx Meds Plus","og_description":"How to Buy Meds from Rx Meds Plus: A Step-by-Step Guide At Rx Meds Plus, we\u2019ve made the process of buying medications online as simple and hassle-free as","og_url":"https:\/\/rxmedsplus.com\/fr\/how-to-buy-medicine-online-from-my-underground-meds\/","og_site_name":"Rx Meds Plus","article_modified_time":"2025-09-25T04:53:24+00:00","twitter_card":"summary_large_image","twitter_misc":{"Dur\u00e9e de lecture estim\u00e9e":"4 minutes"},"schema":{"@context":"https:\/\/schema.org","@graph":[{"@type":"WebPage","@id":"https:\/\/rxmedsplus.com\/how-to-buy-medicine-online-from-my-underground-meds\/","url":"https:\/\/rxmedsplus.com\/how-to-buy-medicine-online-from-my-underground-meds\/","name":"How to Buy Medicine Online from Rx Meds Plus &#187; Rx Meds Plus","isPartOf":{"@id":"https:\/\/rxmedsplus.com\/#website"},"datePublished":"2024-10-24T13:37:12+00:00","dateModified":"2025-09-25T04:53:24+00:00","description":"How to Buy Meds from Rx Meds Plus: A Step-by-Step Guide At Rx Meds Plus, we\u2019ve made the process of buying medications online as simple and hassle-free as","breadcrumb":{"@id":"https:\/\/rxmedsplus.com\/how-to-buy-medicine-online-from-my-underground-meds\/#breadcrumb"},"inLanguage":"fr-FR","potentialAction":[{"@type":"ReadAction","target":["https:\/\/rxmedsplus.com\/how-to-buy-medicine-online-from-my-underground-meds\/"]}]},{"@type":"BreadcrumbList","@id":"https:\/\/rxmedsplus.com\/how-to-buy-medicine-online-from-my-underground-meds\/#breadcrumb","itemListElement":[{"@type":"ListItem","position":1,"name":"Home","item":"https:\/\/rxmedsplus.com\/"},{"@type":"ListItem","position":2,"name":"How to Buy Medicine Online from Rx Meds Plus"}]},{"@type":"WebSite","@id":"https:\/\/rxmedsplus.com\/#website","url":"https:\/\/rxmedsplus.com\/","name":"Mon M\u00e9tro Meds","description":"Buy Prescription Meds and Pills Online with Fast Delivery","potentialAction":[{"@type":"SearchAction","target":{"@type":"EntryPoint","urlTemplate":"https:\/\/rxmedsplus.com\/?s={search_term_string}"},"query-input":{"@type":"PropertyValueSpecification","valueRequired":true,"valueName":"search_term_string"}}],"inLanguage":"fr-FR"}]}},"_links":{"self":[{"href":"https:\/\/rxmedsplus.com\/fr\/wp-json\/wp\/v2\/pages\/2139","targetHints":{"allow":["GET"]}}],"collection":[{"href":"https:\/\/rxmedsplus.com\/fr\/wp-json\/wp\/v2\/pages"}],"about":[{"href":"https:\/\/rxmedsplus.com\/fr\/wp-json\/wp\/v2\/types\/page"}],"author":[{"embeddable":true,"href":"https:\/\/rxmedsplus.com\/fr\/wp-json\/wp\/v2\/users\/1"}],"replies":[{"embeddable":true,"href":"https:\/\/rxmedsplus.com\/fr\/wp-json\/wp\/v2\/comments?post=2139"}],"version-history":[{"count":0,"href":"https:\/\/rxmedsplus.com\/fr\/wp-json\/wp\/v2\/pages\/2139\/revisions"}],"wp:attachment":[{"href":"https:\/\/rxmedsplus.com\/fr\/wp-json\/wp\/v2\/media?parent=2139"}],"curies":[{"name":"wp","href":"https:\/\/api.w.org\/{rel}","templated":true}]}}