{"id":2287,"date":"2024-10-30T23:58:25","date_gmt":"2024-10-30T23:58:25","guid":{"rendered":"https:\/\/rxmedsplus.com\/product\/mysimba-prolonged-release-tablets\/"},"modified":"2025-11-26T17:47:14","modified_gmt":"2025-11-26T17:47:14","slug":"mysimba-prolonged-release-tablets","status":"publish","type":"product","link":"https:\/\/rxmedsplus.com\/fr\/produit\/mysimba-prolonged-release-tablets\/","title":{"rendered":"Mysimba Prolong\u00e9e Comprim\u00e9s \u00c0 Lib\u00e9ration"},"content":{"rendered":"<div data-id=\"1036a9e3\" data-element_type=\"container\" data-widget_type=\"woocommerce-product-content.default\">\n<h2>Mysimba Prescription Weight Loss Medication<\/h2>\n<p>Looking to shed some extra pounds and achieve your weight loss goals? Mysimba may just be the solution you\u2019ve been searching for. Mysimba is a prescription weight loss medication that combines bupropion and naltrexone to create a dual-action treatment for obesity.<\/p>\n<p>Mysimba is an effective weight loss medication for adults who struggle with obesity and have been unable to achieve their desired results through diet and exercise alone. It works as an appetite suppressant, helping to reduce cravings and the urge to overeat.<\/p>\n<p>Here\u2019s the key information you need to know about Mysimba tablets, a medication used for weight loss.<\/p>\n<table id=\"tablepress-17\">\n<tbody>\n<tr>\n<td>Medication Name<\/td>\n<td>Mysimba Tablets<\/td>\n<\/tr>\n<tr>\n<td>Active Ingredient<\/td>\n<td>naltrexone hydrochloride\/bupropion hydrochloride<\/td>\n<\/tr>\n<tr>\n<td>Medication form<\/td>\n<td>Prolonged Release tablets<\/td>\n<\/tr>\n<tr>\n<td>Used to treat<\/td>\n<td>Weight Loss for Obese and Overweight<\/td>\n<\/tr>\n<tr>\n<td>Available dosages<\/td>\n<td>8mg\/90mg per tablet<\/td>\n<\/tr>\n<tr>\n<td>Other names by which this medication is known<\/td>\n<td>Weight Loss tablets<\/td>\n<\/tr>\n<tr>\n<td>Les effets secondaires courants<\/td>\n<td>Feeling Sick<br \/>\nConstipation<br \/>\nHeadache<br \/>\nAnxiety<br \/>\nDes \u00e9tourdissements<br \/>\nShaky<br \/>\nTiredness<br \/>\nFast Heartbeat<br \/>\nAbdominal Pain<br \/>\nSleep changes<br \/>\nFlushing<br \/>\nRash<\/td>\n<\/tr>\n<tr>\n<td>Who is this medication suitable for<\/td>\n<td>Adults over the age of 18yrs and BMI over 27<\/td>\n<\/tr>\n<tr>\n<td>Do you need a prescription for it?<\/td>\n<td>Yes<\/td>\n<\/tr>\n<tr>\n<td>How should it be used?<\/td>\n<td>Week 1: One in morning<br \/>\nWeek 2: 1 twice a day<br \/>\nWeek 3: 2 in morning and 1 in evening<br \/>\nWeek 4: 2 in morning and 2 in evening<\/td>\n<\/tr>\n<tr>\n<td>Patient Information Leaflet<\/td>\n<td>Mysimba Patient Information Leaflet<\/td>\n<\/tr>\n<tr>\n<td><\/td>\n<td><\/td>\n<\/tr>\n<tr>\n<td><\/td>\n<td><\/td>\n<\/tr>\n<\/tbody>\n<\/table>\n<h2>How Mysimba Works<\/h2>\n<p>One of the benefits of Mysimba is that it\u2019s a dual-action weight loss treatment but how does Mysimba work? Bupropion works by reducing cravings, while naltrexone helps to control your appetite and make you feel fuller for longer periods of time. This powerful combination makes Mysimba an effective choice for those who struggle with food cravings and overeating.<\/p>\n<p>If you\u2019re considering using Mysimba, it\u2019s important to understand the potential side effects. Some users may experience nausea, dizziness, or headaches, while others may experience more serious side effects such as seizures or suicidal thoughts. It\u2019s always best to speak to your doctor before starting any new medication.<\/p>\n<p>In terms of dosage, Mysimba typically starts with one tablet per day, with an increase to two tablets per day after a week. Your doctor will monitor your progress and adjust the dosage if needed.<\/p>\n<h2>Where to Buy Mysimba<\/h2>\n<p>Wondering where to buy Mysimba? You\u2019ll need a prescription, but you can purchase it from our online clinic. Click2Pharmacy offers an online Mysimba prescription, making it even more convenient to get started with this weight loss medication.<\/p>\n<p>When used as part of a comprehensive weight loss program that includes healthy eating habits and regular exercise, Mysimba can be an effective tool to help you achieve your weight loss goals. With commitment and dedication, you can be on your way to a healthier, happier you.<\/p>\n<h2>Mysimba Dosage<\/h2>\n<p>Mysimba typically starts with one tablet per day, with an increase to two tablets per day after a week. It is important to follow the Mysimba dosage regimen below and gradually increase the dose to minimise the side effects:<\/p>\n<p><strong>WEEK 1:<\/strong>\u00a0One tablet in the Mornings<\/p>\n<p><strong>WEEK 2:\u00a0<\/strong>One tablet in the morning and One tablet in the Evening<\/p>\n<p><strong>WEEK 3<\/strong>: Two tablets in the morning and One tablet in the Evening<\/p>\n<p><strong>WEEK 4<\/strong>: Two tablets in the Morning and Two tablets in the Evening<\/p>\n<p>The maximum daily dose of Mysimba is 2 tablets twice a day. Do not exceed this.<\/p>\n<h2>Mysimba Ingredients<\/h2>\n<p><strong>Active Ingredients<\/strong>:<\/p>\n<p>Each tablet contains 8 mg naltrexone hydrochloride, equivalent to 7.2 mg of naltrexone, and 90 mg<br \/>\nbupropion hydrochloride, equivalent to 78 mg of bupropion.<\/p>\n<h2>Mysimba Side Effects<\/h2>\n<p>DO NOT use if you are allergic to any of the ingredients.<\/p>\n<p>Some Very Common side effects of Mysimba are listed under the key fact section. Here are some serious Side effects you need to be aware of:<\/p>\n<ul>\n<li>Suicidal thoughts and feeling depressed<\/li>\n<li>Fits (Seizures)<\/li>\n<li>Stevens Johnson Syndrome &amp; Erythema multiforme<\/li>\n<li>Rhabdomyolysis<\/li>\n<li>Lupus symptoms<\/li>\n<li>Serotonin Syndrome<\/li>\n<\/ul>\n<p>Please read the\u00a0Patient Information Leaflet\u00a0before taking this medication<\/p>\n<h2>Mysimba whilst Pregnant or Breastfeeding<\/h2>\n<p>Mysimba Weight Loss tablets should NOT be used by pregnant women or women trying to get pregnant or breastfeeding women.<\/p>\n<h2>Do not take if:<\/h2>\n<ul>\n<li>If allergic to any ingredients<\/li>\n<li>If you have high uncontrolled blood pressure<\/li>\n<li>History of fits<\/li>\n<li>Have brain Tumour<\/li>\n<li>Drink Alcohol heavily<\/li>\n<li>If you take or recently stopped anxiety medication like Diazepam or sedatives<\/li>\n<li>If you have Bipolar Disorder<\/li>\n<li>If you have an eating disorder<\/li>\n<li>If you are dependent on opioids such as codeine or opioid agonists such as Methadone<\/li>\n<li>If you taking antidepressants or medication for Parkinson\u2019s Disease<\/li>\n<li>If you have severe Liver or Kidney disease<\/li>\n<\/ul>\n<p>Keep out of the REACH and SIGHT of children<\/p>\n<\/div>","protected":false},"excerpt":{"rendered":"<p>Looking to shed some extra pounds and achieve your weight loss goals? Mysimba may just be the solution you\u2019ve been searching for. Mysimba is a prescription weight loss medication that combines bupropion and naltrexone to create a dual-action treatment for obesity.<\/p>\n<ul>\n<li>Double action: Supresses appetites and curbs cravings<\/li>\n<li>Fast working \u2013 starts straight away<\/li>\n<li>Expect to lose 5% of starting body weight<\/li>\n<li>Suitable if BMI is 30+ or 27+ with a weight related medical condition<\/li>\n<\/ul>","protected":false},"featured_media":2288,"comment_status":"open","ping_status":"closed","template":"","meta":{"site-sidebar-layout":"default","site-content-layout":"","ast-site-content-layout":"default","site-content-style":"default","site-sidebar-style":"default","ast-global-header-display":"","ast-banner-title-visibility":"","ast-main-header-display":"","ast-hfb-above-header-display":"","ast-hfb-below-header-display":"","ast-hfb-mobile-header-display":"","site-post-title":"","ast-breadcrumbs-content":"","ast-featured-img":"","footer-sml-layout":"","ast-disable-related-posts":"","theme-transparent-header-meta":"default","adv-header-id-meta":"","stick-header-meta":"default","header-above-stick-meta":"","header-main-stick-meta":"","header-below-stick-meta":"","astra-migrate-meta-layouts":"set","ast-page-background-enabled":"default","ast-page-background-meta":{"desktop":{"background-color":"","background-image":"","background-repeat":"repeat","background-position":"center center","background-size":"auto","background-attachment":"scroll","background-type":"","background-media":"","overlay-type":"","overlay-color":"","overlay-opacity":"","overlay-gradient":""},"tablet":{"background-color":"","background-image":"","background-repeat":"repeat","background-position":"center center","background-size":"auto","background-attachment":"scroll","background-type":"","background-media":"","overlay-type":"","overlay-color":"","overlay-opacity":"","overlay-gradient":""},"mobile":{"background-color":"","background-image":"","background-repeat":"repeat","background-position":"center center","background-size":"auto","background-attachment":"scroll","background-type":"","background-media":"","overlay-type":"","overlay-color":"","overlay-opacity":"","overlay-gradient":""}},"ast-content-background-meta":{"desktop":{"background-color":"var(--ast-global-color-5)","background-image":"","background-repeat":"repeat","background-position":"center center","background-size":"auto","background-attachment":"scroll","background-type":"","background-media":"","overlay-type":"","overlay-color":"","overlay-opacity":"","overlay-gradient":""},"tablet":{"background-color":"var(--ast-global-color-5)","background-image":"","background-repeat":"repeat","background-position":"center center","background-size":"auto","background-attachment":"scroll","background-type":"","background-media":"","overlay-type":"","overlay-color":"","overlay-opacity":"","overlay-gradient":""},"mobile":{"background-color":"var(--ast-global-color-5)","background-image":"","background-repeat":"repeat","background-position":"center center","background-size":"auto","background-attachment":"scroll","background-type":"","background-media":"","overlay-type":"","overlay-color":"","overlay-opacity":"","overlay-gradient":""}}},"product_brand":[],"product_cat":[35],"product_tag":[],"class_list":{"0":"post-2287","1":"product","2":"type-product","3":"status-publish","4":"has-post-thumbnail","6":"product_cat-buy-weight-loss-medication-online","7":"desktop-align-left","8":"tablet-align-left","9":"mobile-align-left","10":"ast-product-gallery-layout-horizontal-slider","11":"ast-product-gallery-with-no-image","12":"ast-magnify-disabled","13":"ast-product-tabs-layout-horizontal","15":"first","16":"instock","17":"shipping-taxable","18":"purchasable","19":"product-type-simple"},"yoast_head":"<!-- This site is optimized with the Yoast SEO Premium plugin v26.0 (Yoast SEO v27.4) - https:\/\/yoast.com\/product\/yoast-seo-premium-wordpress\/ -->\n<title>Buy Mysimba Prolonged Release Tablets &#187; Rx Meds Plus<\/title>\n<meta name=\"description\" content=\"Looking to shed some extra pounds and achieve your weight loss goals? Mysimba may just be the solution you\u2019ve been searching for. Mysimba is a prescription weight loss medication that combines bupropion and naltrexone to create a dual-action treatment for obesity.   Double action: Supresses appetites and curbs cravings  Fast working \u2013 starts straight away  Expect to lose 5% of starting body weight  Suitable if BMI is 30+ or 27+ with a weight related medical condition\" \/>\n<meta name=\"robots\" content=\"noindex, follow, max-snippet:-1, max-image-preview:large, max-video-preview:-1\" \/>\n<meta property=\"og:locale\" content=\"fr_FR\" \/>\n<meta property=\"og:type\" content=\"article\" \/>\n<meta property=\"og:title\" content=\"Mysimba Prolonged Release Tablets\" \/>\n<meta property=\"og:description\" content=\"Looking to shed some extra pounds and achieve your weight loss goals? Mysimba may just be the solution you\u2019ve been searching for. Mysimba is a prescription weight loss medication that combines bupropion and naltrexone to create a dual-action treatment for obesity.   Double action: Supresses appetites and curbs cravings  Fast working \u2013 starts straight away  Expect to lose 5% of starting body weight  Suitable if BMI is 30+ or 27+ with a weight related medical condition\" \/>\n<meta property=\"og:url\" content=\"https:\/\/rxmedsplus.com\/fr\/produit\/mysimba-prolonged-release-tablets\/\" \/>\n<meta property=\"og:site_name\" content=\"Rx Meds Plus\" \/>\n<meta property=\"article:modified_time\" content=\"2025-11-26T17:47:14+00:00\" \/>\n<meta property=\"og:image\" content=\"https:\/\/mlehknw8zzux.i.optimole.com\/w:300\/h:300\/q:mauto\/f:best\/https:\/\/rxmedsplus.com\/wp-content\/uploads\/2024\/10\/2287-Buy-Mysimba-Click2Pharmacy.jpg\" \/>\n\t<meta property=\"og:image:width\" content=\"300\" \/>\n\t<meta property=\"og:image:height\" content=\"300\" \/>\n\t<meta property=\"og:image:type\" content=\"image\/jpeg\" \/>\n<meta name=\"twitter:card\" content=\"summary_large_image\" \/>\n<meta name=\"twitter:label1\" content=\"Prix\" \/>\n\t<meta name=\"twitter:data1\" content=\"&#036;110.0\" \/>\n\t<meta name=\"twitter:label2\" content=\"Disponibilit\u00e9\" \/>\n\t<meta name=\"twitter:data2\" content=\"En stock\" \/>\n<script type=\"application\/ld+json\" class=\"yoast-schema-graph\">{\"@context\":\"https:\\\/\\\/schema.org\",\"@graph\":[{\"@type\":\"WebPage\",\"@id\":\"https:\\\/\\\/rxmedsplus.com\\\/product\\\/mysimba-prolonged-release-tablets\\\/\",\"url\":\"https:\\\/\\\/rxmedsplus.com\\\/product\\\/mysimba-prolonged-release-tablets\\\/\",\"name\":\"Buy Mysimba Prolonged Release Tablets &#187; Rx Meds Plus\",\"isPartOf\":{\"@id\":\"https:\\\/\\\/rxmedsplus.com\\\/#website\"},\"primaryImageOfPage\":{\"@id\":\"https:\\\/\\\/rxmedsplus.com\\\/product\\\/mysimba-prolonged-release-tablets\\\/#primaryimage\"},\"image\":{\"@id\":\"https:\\\/\\\/rxmedsplus.com\\\/product\\\/mysimba-prolonged-release-tablets\\\/#primaryimage\"},\"thumbnailUrl\":\"https:\\\/\\\/rxmedsplus.com\\\/wp-content\\\/uploads\\\/2024\\\/10\\\/2287-Buy-Mysimba-Click2Pharmacy.jpg\",\"datePublished\":\"2024-10-30T23:58:25+00:00\",\"dateModified\":\"2025-11-26T17:47:14+00:00\",\"description\":\"Looking to shed some extra pounds and achieve your weight loss goals? Mysimba may just be the solution you\u2019ve been searching for. Mysimba is a prescription weight loss medication that combines bupropion and naltrexone to create a dual-action treatment for obesity. Double action: Supresses appetites and curbs cravings Fast working \u2013 starts straight away Expect to lose 5% of starting body weight Suitable if BMI is 30+ or 27+ with a weight related medical condition\",\"breadcrumb\":{\"@id\":\"https:\\\/\\\/rxmedsplus.com\\\/product\\\/mysimba-prolonged-release-tablets\\\/#breadcrumb\"},\"inLanguage\":\"fr-FR\",\"potentialAction\":[{\"@type\":\"ReadAction\",\"target\":[\"https:\\\/\\\/rxmedsplus.com\\\/product\\\/mysimba-prolonged-release-tablets\\\/\"]}]},{\"@type\":\"ImageObject\",\"inLanguage\":\"fr-FR\",\"@id\":\"https:\\\/\\\/rxmedsplus.com\\\/product\\\/mysimba-prolonged-release-tablets\\\/#primaryimage\",\"url\":\"https:\\\/\\\/rxmedsplus.com\\\/wp-content\\\/uploads\\\/2024\\\/10\\\/2287-Buy-Mysimba-Click2Pharmacy.jpg\",\"contentUrl\":\"https:\\\/\\\/rxmedsplus.com\\\/wp-content\\\/uploads\\\/2024\\\/10\\\/2287-Buy-Mysimba-Click2Pharmacy.jpg\",\"width\":300,\"height\":300,\"caption\":\"Mysimba Prolonged Release Tablets\"},{\"@type\":\"BreadcrumbList\",\"@id\":\"https:\\\/\\\/rxmedsplus.com\\\/product\\\/mysimba-prolonged-release-tablets\\\/#breadcrumb\",\"itemListElement\":[{\"@type\":\"ListItem\",\"position\":1,\"name\":\"Home\",\"item\":\"https:\\\/\\\/rxmedsplus.com\\\/\"},{\"@type\":\"ListItem\",\"position\":2,\"name\":\"Shop\",\"item\":\"https:\\\/\\\/rxmedsplus.com\\\/shop\\\/\"},{\"@type\":\"ListItem\",\"position\":3,\"name\":\"Mysimba Prolonged Release Tablets\"}]},{\"@type\":\"WebSite\",\"@id\":\"https:\\\/\\\/rxmedsplus.com\\\/#website\",\"url\":\"https:\\\/\\\/rxmedsplus.com\\\/\",\"name\":\"Rx Meds Plus\",\"description\":\"Buy Prescription Meds and Pills Online with Fast Delivery\",\"potentialAction\":[{\"@type\":\"SearchAction\",\"target\":{\"@type\":\"EntryPoint\",\"urlTemplate\":\"https:\\\/\\\/rxmedsplus.com\\\/?s={search_term_string}\"},\"query-input\":{\"@type\":\"PropertyValueSpecification\",\"valueRequired\":true,\"valueName\":\"search_term_string\"}}],\"inLanguage\":\"fr-FR\"}]}<\/script>\n<meta property=\"product:price:amount\" content=\"110.0\" \/>\n<meta property=\"product:price:currency\" content=\"USD\" \/>\n<meta property=\"og:availability\" content=\"instock\" \/>\n<meta property=\"product:availability\" content=\"instock\" \/>\n<meta property=\"product:retailer_item_id\" content=\"p6IC70NTEr\" \/>\n<meta property=\"product:condition\" content=\"new\" \/>\n<!-- \/ Yoast SEO Premium plugin. -->","yoast_head_json":{"title":"Buy Mysimba Prolonged Release Tablets &#187; Rx Meds Plus","description":"Looking to shed some extra pounds and achieve your weight loss goals? Mysimba may just be the solution you\u2019ve been searching for. Mysimba is a prescription weight loss medication that combines bupropion and naltrexone to create a dual-action treatment for obesity.   Double action: Supresses appetites and curbs cravings  Fast working \u2013 starts straight away  Expect to lose 5% of starting body weight  Suitable if BMI is 30+ or 27+ with a weight related medical condition","robots":{"index":"noindex","follow":"follow","max-snippet":"max-snippet:-1","max-image-preview":"max-image-preview:large","max-video-preview":"max-video-preview:-1"},"og_locale":"fr_FR","og_type":"article","og_title":"Mysimba Prolonged Release Tablets","og_description":"Looking to shed some extra pounds and achieve your weight loss goals? Mysimba may just be the solution you\u2019ve been searching for. Mysimba is a prescription weight loss medication that combines bupropion and naltrexone to create a dual-action treatment for obesity.   Double action: Supresses appetites and curbs cravings  Fast working \u2013 starts straight away  Expect to lose 5% of starting body weight  Suitable if BMI is 30+ or 27+ with a weight related medical condition","og_url":"https:\/\/rxmedsplus.com\/fr\/produit\/mysimba-prolonged-release-tablets\/","og_site_name":"Rx Meds Plus","article_modified_time":"2025-11-26T17:47:14+00:00","og_image":[{"width":300,"height":300,"url":"https:\/\/mlehknw8zzux.i.optimole.com\/w:300\/h:300\/q:mauto\/f:best\/https:\/\/rxmedsplus.com\/wp-content\/uploads\/2024\/10\/2287-Buy-Mysimba-Click2Pharmacy.jpg","type":"image\/jpeg"}],"twitter_card":"summary_large_image","twitter_misc":{"Prix":"&#36;110.0","Disponibilit\u00e9":"En stock"},"schema":{"@context":"https:\/\/schema.org","@graph":[{"@type":"WebPage","@id":"https:\/\/rxmedsplus.com\/product\/mysimba-prolonged-release-tablets\/","url":"https:\/\/rxmedsplus.com\/product\/mysimba-prolonged-release-tablets\/","name":"Buy Mysimba Prolonged Release Tablets &#187; Rx Meds Plus","isPartOf":{"@id":"https:\/\/rxmedsplus.com\/#website"},"primaryImageOfPage":{"@id":"https:\/\/rxmedsplus.com\/product\/mysimba-prolonged-release-tablets\/#primaryimage"},"image":{"@id":"https:\/\/rxmedsplus.com\/product\/mysimba-prolonged-release-tablets\/#primaryimage"},"thumbnailUrl":"https:\/\/rxmedsplus.com\/wp-content\/uploads\/2024\/10\/2287-Buy-Mysimba-Click2Pharmacy.jpg","datePublished":"2024-10-30T23:58:25+00:00","dateModified":"2025-11-26T17:47:14+00:00","description":"Looking to shed some extra pounds and achieve your weight loss goals? Mysimba may just be the solution you\u2019ve been searching for. Mysimba is a prescription weight loss medication that combines bupropion and naltrexone to create a dual-action treatment for obesity. Double action: Supresses appetites and curbs cravings Fast working \u2013 starts straight away Expect to lose 5% of starting body weight Suitable if BMI is 30+ or 27+ with a weight related medical condition","breadcrumb":{"@id":"https:\/\/rxmedsplus.com\/product\/mysimba-prolonged-release-tablets\/#breadcrumb"},"inLanguage":"fr-FR","potentialAction":[{"@type":"ReadAction","target":["https:\/\/rxmedsplus.com\/product\/mysimba-prolonged-release-tablets\/"]}]},{"@type":"ImageObject","inLanguage":"fr-FR","@id":"https:\/\/rxmedsplus.com\/product\/mysimba-prolonged-release-tablets\/#primaryimage","url":"https:\/\/rxmedsplus.com\/wp-content\/uploads\/2024\/10\/2287-Buy-Mysimba-Click2Pharmacy.jpg","contentUrl":"https:\/\/rxmedsplus.com\/wp-content\/uploads\/2024\/10\/2287-Buy-Mysimba-Click2Pharmacy.jpg","width":300,"height":300,"caption":"Mysimba Prolonged Release Tablets"},{"@type":"BreadcrumbList","@id":"https:\/\/rxmedsplus.com\/product\/mysimba-prolonged-release-tablets\/#breadcrumb","itemListElement":[{"@type":"ListItem","position":1,"name":"Home","item":"https:\/\/rxmedsplus.com\/"},{"@type":"ListItem","position":2,"name":"Shop","item":"https:\/\/rxmedsplus.com\/shop\/"},{"@type":"ListItem","position":3,"name":"Mysimba Prolonged Release Tablets"}]},{"@type":"WebSite","@id":"https:\/\/rxmedsplus.com\/#website","url":"https:\/\/rxmedsplus.com\/","name":"Mon M\u00e9tro Meds","description":"Buy Prescription Meds and Pills Online with Fast Delivery","potentialAction":[{"@type":"SearchAction","target":{"@type":"EntryPoint","urlTemplate":"https:\/\/rxmedsplus.com\/?s={search_term_string}"},"query-input":{"@type":"PropertyValueSpecification","valueRequired":true,"valueName":"search_term_string"}}],"inLanguage":"fr-FR"}]},"product_price_amount":"110.0","product_price_currency":"USD","og_availability":"instock","product_availability":"instock","product_retailer_item_id":"p6IC70NTEr","product_condition":"new"},"_links":{"self":[{"href":"https:\/\/rxmedsplus.com\/fr\/wp-json\/wp\/v2\/product\/2287","targetHints":{"allow":["GET"]}}],"collection":[{"href":"https:\/\/rxmedsplus.com\/fr\/wp-json\/wp\/v2\/product"}],"about":[{"href":"https:\/\/rxmedsplus.com\/fr\/wp-json\/wp\/v2\/types\/product"}],"replies":[{"embeddable":true,"href":"https:\/\/rxmedsplus.com\/fr\/wp-json\/wp\/v2\/comments?post=2287"}],"wp:featuredmedia":[{"embeddable":true,"href":"https:\/\/rxmedsplus.com\/fr\/wp-json\/wp\/v2\/media\/2288"}],"wp:attachment":[{"href":"https:\/\/rxmedsplus.com\/fr\/wp-json\/wp\/v2\/media?parent=2287"}],"wp:term":[{"taxonomy":"product_brand","embeddable":true,"href":"https:\/\/rxmedsplus.com\/fr\/wp-json\/wp\/v2\/product_brand?post=2287"},{"taxonomy":"product_cat","embeddable":true,"href":"https:\/\/rxmedsplus.com\/fr\/wp-json\/wp\/v2\/product_cat?post=2287"},{"taxonomy":"product_tag","embeddable":true,"href":"https:\/\/rxmedsplus.com\/fr\/wp-json\/wp\/v2\/product_tag?post=2287"}],"curies":[{"name":"wp","href":"https:\/\/api.w.org\/{rel}","templated":true}]}}