{"id":3683,"date":"2025-09-24T21:56:12","date_gmt":"2025-09-24T21:56:12","guid":{"rendered":"https:\/\/rxmedsplus.com\/?post_type=product&#038;p=3683"},"modified":"2025-09-25T11:02:37","modified_gmt":"2025-09-25T11:02:37","slug":"buy-ritalin-online-2","status":"publish","type":"product","link":"https:\/\/rxmedsplus.com\/fr\/produit\/buy-ritalin-online-2\/","title":{"rendered":"Acheter Ritalin 10mg en Ligne | Rapide &amp; S\u00e9curis\u00e9 \u00e9tats-unis d'Exp\u00e9dition"},"content":{"rendered":"<h2>Acheter Ritalin 10mg en Ligne pour le Traitement du TDAH \u2013 Rapide &amp; Discr\u00e8te \u00e9tats-unis d'Exp\u00e9dition<\/h2>\n<p>Si vous \u00eates \u00e0 la recherche pour un de confiance pharmacie en ligne pour acheter Ritalin 10mg en ligne sans ordonnance, ne cherchez pas plus loin. Nous vous proposons authentique Ritalin 10mg comprim\u00e9s avec de la rapide et s\u00e9curis\u00e9 \u00e9tats-unis d'exp\u00e9dition, garantissant rapide et discret livraison \u00e0 votre porte. Comme la r\u00e9putation en ligne des m\u00e9dicaments fournisseur, nous garantissons la haute qualit\u00e9 des produits pharmaceutiques pour les clients aux \u00e9tats-unis, le Canada, l'UE et dans le monde entier. Si vous avez besoin d'Ritalin pour le TDAH, de gestion ou d'am\u00e9lioration cognitive, facile d'utilisation, notre processus de commande et de service fiable font de nous le meilleur choix pour l'achat de Ritalin en ligne.<\/p>\n<h3>Qu'est-ce que le Ritalin 10mg et Comment \u00c7a fonctionne?<\/h3>\n<p>Ritalin 10mg ordonnance stimulant contenant du m\u00e9thylph\u00e9nidate, un stimulant du syst\u00e8me nerveux central qui am\u00e9liore l'accent, de l'attention et du contr\u00f4le des impulsions. Il est principalement utilis\u00e9 pour le traitement du D\u00e9ficit de l'Attention avec Hyperactivit\u00e9 (TDAH) et la narcolepsie. En affectant les neurotransmetteurs dans le cerveau, Ritalin aide \u00e0 am\u00e9liorer la clart\u00e9 mentale, la concentration et la productivit\u00e9, faisant d'elle une tr\u00e8s recherch\u00e9 apr\u00e8s des m\u00e9dicaments pour les \u00e9tudiants, les professionnels, et les personnes souffrant de TDAH.<\/p>\n<h4>Principaux Avantages du Ritalin 10mg<\/h4>\n<p>&#8211; <strong>Am\u00e9liore La Concentration Et La Concentration<\/strong> \u2013 Am\u00e9liore les performances cognitives et de la dur\u00e9e d'attention.<br \/>\n&#8211; <strong>R\u00e9duit L'Hyperactivit\u00e9 &amp; Impulsivit\u00e9<\/strong> \u2013 Aide \u00e0 g\u00e9rer les sympt\u00f4mes du TDAH efficacement.<br \/>\n&#8211; <strong>Stimule L'\u00c9nergie Mentale<\/strong> \u2013 Augmente la vigilance et r\u00e9duit la fatigue.<br \/>\n&#8211; <strong>Safe &amp; Rapide-Formule \u00c0 Action<\/strong> \u2013 Fournit des r\u00e9sultats rapides dans les 30 \u00e0 60 minutes apr\u00e8s l'ingestion.<\/p>\n<h3>Posologie Recommand\u00e9e Et L'Usage Des Lignes Directrices<\/h3>\n<p>Pour les d\u00e9butants et les personnes \u00e0 faible tol\u00e9rance, un 10mg posologie est id\u00e9al. La plupart des utilisateurs de prendre 1 \u00e0 2 comprim\u00e9s par jour, selon l'avis m\u00e9dical ou de la tol\u00e9rance individuelle. Voici une guide d'utilisation:<br \/>\n&#8211; <strong>Le Traitement du TDAH:<\/strong> La moiti\u00e9 d'un comprim\u00e9 (5-10 mg) 2 ou 3 fois par jour au besoin.<br \/>\n&#8211; <strong>Am\u00e9lioration Cognitive:<\/strong> Un comprim\u00e9 (10 mg) le matin ou avant mentalement les t\u00e2ches les plus exigeantes.<\/p>\n<p>Toujours commencer avec une dose plus faible d'\u00e9valuer la tol\u00e9rance. \u00c9viter de d\u00e9passer 60 mg en une seule journ\u00e9e pour pr\u00e9venir les effets secondaires.<\/p>\n<h3>Pourquoi Acheter Ritalin 10mg en Ligne \u00e0 partir de \u00e9tats-unis?<\/h3>\n<p>1. <strong>Aucune Prescription Requise<\/strong> \u2013 \u00c9vitez les tracas de visites chez le m\u00e9decin et obtenir Ritalin rapidement et discr\u00e8tement.<br \/>\n2. <strong>Authenticit\u00e9 Garantie<\/strong> \u2013 Nous fournissons authentique, test\u00e9e en laboratoire Ritalin de confiance des fabricants.<br \/>\n3. <strong>Rapide &amp; S\u00e9curis\u00e9 \u00e9tats-unis d'Exp\u00e9dition<\/strong> \u2013 Livraison sous 2-5 jours aux etats-unis, avec un suivi et d'emballage discret.<br \/>\n4. <strong>Exp\u00e9dition Dans Le Monde Entier Disponible<\/strong> \u2013 Servir les clients aux \u00e9tats-unis, le Canada, l'UE, et \u00e0 l'\u00e9chelle mondiale.<\/p>\n<h3>Effets Secondaires Possibles Et S\u00e9curit\u00e9<\/h3>\n<p>Alors que le Ritalin 10mg est g\u00e9n\u00e9ralement sans danger lorsqu'il est utilis\u00e9 correctement, certains peuvent \u00e9prouver de l\u00e9gers effets secondaires, y compris:<br \/>\n\u2013 L'insomnie ou de troubles du sommeil<br \/>\n\u2013 Diminution de l'app\u00e9tit<br \/>\n\u2013 Des maux de t\u00eate ou des \u00e9tourdissements<br \/>\n\u2013 L\u00e9g\u00e8re nervosit\u00e9<\/p>\n<p>Pour minimiser les risques, \u00e9viter l'alcool et de la caf\u00e9ine tout en utilisant le Ritalin. Ne pas le combiner avec d'autres stimulants, sans surveillance m\u00e9dicale.<\/p>\n<h3>O\u00f9 Acheter Ritalin 10mg en Ligne en toute s\u00e9curit\u00e9<\/h3>\n<p>Trouver une source fiable pour acheter Ritalin 10mg en ligne est cruciale. En tant que pharmacie en ligne de confiance, nous nous assurons:<br \/>\n&#8211; <strong>Options De Paiement S\u00e9curis\u00e9<\/strong> \u2013 Plusieurs moyens de paiement pour des raisons de commodit\u00e9.<br \/>\n&#8211; <strong>100% Des Emballages Discrets<\/strong> \u2013 Pas d'\u00e9tiquette indiquant le contenu.<br \/>\n&#8211; <strong>24\/7 Support \u00c0 La Client\u00e8le<\/strong> \u2013 Une Assistance \u00e0 chaque \u00e9tape de votre commande.<\/p>\n<h3>Commandez Votre Ritalin 10mg aujourd'Hui et Profitez d'Exp\u00e9dition Rapide<\/h3>\n<p>Ne laissez pas le TDAH ou le manque de concentration vous tenir en arri\u00e8re. Acheter Ritalin 10mg en ligne \u00e0 partir d'un fournisseur digne de confiance, et de l'exp\u00e9rience de l'am\u00e9lioration de la performance mentale avec une livraison rapide et s\u00fbre. Si vous \u00eates aux \u00e9tats-unis, au Canada ou ailleurs dans le monde, nous livrons rapidement avec des garanties de confidentialit\u00e9.<\/p>\n<p><strong>Passez votre commande d\u00e8s maintenant et obtenez votre Ritalin 10mg livr\u00e9 discr\u00e8tement \u00e0 votre porte!<\/strong><\/p>","protected":false},"excerpt":{"rendered":"<p>Besoin d'un moyen rapide, fiable solution pour le TDAH? Acheter Ritalin 10mg en ligne avec, rapide et s\u00e9curis\u00e9, \u00e9tats-unis d'exp\u00e9dition\u2014aucune prescription requise. Notre approuv\u00e9 par la FDA M\u00e9thylph\u00e9nidate comprim\u00e9s aider \u00e0 g\u00e9rer le focus et l'hyperactivit\u00e9 de mani\u00e8re efficace. Profitez d'un tracas processus d'achat et discret pas de la porte de livraison. Choisissez confiance qualit\u00e9 avec des possibilit\u00e9s Pharmaceutiques en Magasin d\u00e8s aujourd'hui!<\/p>","protected":false},"featured_media":3717,"comment_status":"open","ping_status":"closed","template":"","meta":{"site-sidebar-layout":"default","site-content-layout":"","ast-site-content-layout":"default","site-content-style":"default","site-sidebar-style":"default","ast-global-header-display":"","ast-banner-title-visibility":"","ast-main-header-display":"","ast-hfb-above-header-display":"","ast-hfb-below-header-display":"","ast-hfb-mobile-header-display":"","site-post-title":"","ast-breadcrumbs-content":"","ast-featured-img":"","footer-sml-layout":"","ast-disable-related-posts":"","theme-transparent-header-meta":"default","adv-header-id-meta":"","stick-header-meta":"default","header-above-stick-meta":"","header-main-stick-meta":"","header-below-stick-meta":"","astra-migrate-meta-layouts":"set","ast-page-background-enabled":"default","ast-page-background-meta":{"desktop":{"background-color":"","background-image":"","background-repeat":"repeat","background-position":"center center","background-size":"auto","background-attachment":"scroll","background-type":"","background-media":"","overlay-type":"","overlay-color":"","overlay-opacity":"","overlay-gradient":""},"tablet":{"background-color":"","background-image":"","background-repeat":"repeat","background-position":"center center","background-size":"auto","background-attachment":"scroll","background-type":"","background-media":"","overlay-type":"","overlay-color":"","overlay-opacity":"","overlay-gradient":""},"mobile":{"background-color":"","background-image":"","background-repeat":"repeat","background-position":"center center","background-size":"auto","background-attachment":"scroll","background-type":"","background-media":"","overlay-type":"","overlay-color":"","overlay-opacity":"","overlay-gradient":""}},"ast-content-background-meta":{"desktop":{"background-color":"var(--ast-global-color-5)","background-image":"","background-repeat":"repeat","background-position":"center center","background-size":"auto","background-attachment":"scroll","background-type":"","background-media":"","overlay-type":"","overlay-color":"","overlay-opacity":"","overlay-gradient":""},"tablet":{"background-color":"var(--ast-global-color-5)","background-image":"","background-repeat":"repeat","background-position":"center center","background-size":"auto","background-attachment":"scroll","background-type":"","background-media":"","overlay-type":"","overlay-color":"","overlay-opacity":"","overlay-gradient":""},"mobile":{"background-color":"var(--ast-global-color-5)","background-image":"","background-repeat":"repeat","background-position":"center center","background-size":"auto","background-attachment":"scroll","background-type":"","background-media":"","overlay-type":"","overlay-color":"","overlay-opacity":"","overlay-gradient":""}}},"product_brand":[],"product_cat":[37],"product_tag":[241,247,632,1070,1068,1067,1069,251,1066,1071],"class_list":{"0":"post-3683","1":"product","2":"type-product","3":"status-publish","4":"has-post-thumbnail","6":"product_cat-buy-pain-relief-medication-online","7":"product_tag-adhd-medication","8":"product_tag-adhd-treatment","9":"product_tag-buy-ritalin-online","10":"product_tag-cognitive-enhancer","11":"product_tag-fast-usa-shipping","12":"product_tag-methylphenidate","13":"product_tag-no-prescription-ritalin","14":"product_tag-online-pharmacy","15":"product_tag-ritalin-10mg","16":"product_tag-secure-ritalin-purchase","17":"desktop-align-left","18":"tablet-align-left","19":"mobile-align-left","20":"ast-product-gallery-layout-horizontal-slider","21":"ast-product-gallery-with-no-image","22":"ast-magnify-disabled","23":"ast-product-single-variable","24":"ast-product-tabs-layout-horizontal","26":"first","27":"instock","28":"shipping-taxable","29":"purchasable","30":"product-type-variable"},"yoast_head":"<!-- This site is optimized with the Yoast SEO Premium plugin v26.0 (Yoast SEO v27.4) - https:\/\/yoast.com\/product\/yoast-seo-premium-wordpress\/ -->\n<title>Buy Ritalin 10mg Online | Fast &amp; Secure USA Shipping &#187; Rx Meds Plus<\/title>\n<meta name=\"description\" content=\"Buy Ritalin online for ADHD treatment with fast, secure USA shipping. Get authentic Ritalin 10mg tablets delivered discreetly \u2013 order now!\" \/>\n<meta name=\"robots\" content=\"noindex, follow, max-snippet:-1, max-image-preview:large, max-video-preview:-1\" \/>\n<meta property=\"og:locale\" content=\"fr_FR\" \/>\n<meta property=\"og:type\" content=\"article\" \/>\n<meta property=\"og:title\" content=\"Buy Ritalin 10mg Online | Fast &amp; Secure USA Shipping\" \/>\n<meta property=\"og:description\" content=\"Buy Ritalin online for ADHD treatment with fast, secure USA shipping. Get authentic Ritalin 10mg tablets delivered discreetly \u2013 order now!\" \/>\n<meta property=\"og:url\" content=\"https:\/\/rxmedsplus.com\/fr\/produit\/buy-ritalin-online-2\/\" \/>\n<meta property=\"og:site_name\" content=\"Rx Meds Plus\" \/>\n<meta property=\"article:modified_time\" content=\"2025-09-25T11:02:37+00:00\" \/>\n<meta property=\"og:image\" content=\"https:\/\/mlehknw8zzux.i.optimole.com\/w:450\/h:450\/q:mauto\/f:best\/https:\/\/rxmedsplus.com\/wp-content\/uploads\/2025\/09\/ee33eq2ss.jpg\" \/>\n\t<meta property=\"og:image:width\" content=\"450\" \/>\n\t<meta property=\"og:image:height\" content=\"450\" \/>\n\t<meta property=\"og:image:type\" content=\"image\/jpeg\" \/>\n<meta name=\"twitter:card\" content=\"summary_large_image\" \/>\n<meta name=\"twitter:label1\" content=\"Disponibilit\u00e9\" \/>\n\t<meta name=\"twitter:data1\" content=\"En stock\" \/>\n<script type=\"application\/ld+json\" class=\"yoast-schema-graph\">{\"@context\":\"https:\\\/\\\/schema.org\",\"@graph\":[{\"@type\":\"WebPage\",\"@id\":\"https:\\\/\\\/rxmedsplus.com\\\/product\\\/buy-ritalin-online-2\\\/\",\"url\":\"https:\\\/\\\/rxmedsplus.com\\\/product\\\/buy-ritalin-online-2\\\/\",\"name\":\"Buy Ritalin 10mg Online | Fast & Secure USA Shipping &#187; Rx Meds Plus\",\"isPartOf\":{\"@id\":\"https:\\\/\\\/rxmedsplus.com\\\/#website\"},\"primaryImageOfPage\":{\"@id\":\"https:\\\/\\\/rxmedsplus.com\\\/product\\\/buy-ritalin-online-2\\\/#primaryimage\"},\"image\":{\"@id\":\"https:\\\/\\\/rxmedsplus.com\\\/product\\\/buy-ritalin-online-2\\\/#primaryimage\"},\"thumbnailUrl\":\"https:\\\/\\\/rxmedsplus.com\\\/wp-content\\\/uploads\\\/2025\\\/09\\\/ee33eq2ss.jpg\",\"datePublished\":\"2025-09-24T21:56:12+00:00\",\"dateModified\":\"2025-09-25T11:02:37+00:00\",\"description\":\"Buy Ritalin online for ADHD treatment with fast, secure USA shipping. Get authentic Ritalin 10mg tablets delivered discreetly \u2013 order now!\",\"breadcrumb\":{\"@id\":\"https:\\\/\\\/rxmedsplus.com\\\/product\\\/buy-ritalin-online-2\\\/#breadcrumb\"},\"inLanguage\":\"fr-FR\",\"potentialAction\":[{\"@type\":\"ReadAction\",\"target\":[\"https:\\\/\\\/rxmedsplus.com\\\/product\\\/buy-ritalin-online-2\\\/\"]}]},{\"@type\":\"ImageObject\",\"inLanguage\":\"fr-FR\",\"@id\":\"https:\\\/\\\/rxmedsplus.com\\\/product\\\/buy-ritalin-online-2\\\/#primaryimage\",\"url\":\"https:\\\/\\\/rxmedsplus.com\\\/wp-content\\\/uploads\\\/2025\\\/09\\\/ee33eq2ss.jpg\",\"contentUrl\":\"https:\\\/\\\/rxmedsplus.com\\\/wp-content\\\/uploads\\\/2025\\\/09\\\/ee33eq2ss.jpg\",\"width\":450,\"height\":450},{\"@type\":\"BreadcrumbList\",\"@id\":\"https:\\\/\\\/rxmedsplus.com\\\/product\\\/buy-ritalin-online-2\\\/#breadcrumb\",\"itemListElement\":[{\"@type\":\"ListItem\",\"position\":1,\"name\":\"Home\",\"item\":\"https:\\\/\\\/rxmedsplus.com\\\/\"},{\"@type\":\"ListItem\",\"position\":2,\"name\":\"Shop\",\"item\":\"https:\\\/\\\/rxmedsplus.com\\\/shop\\\/\"},{\"@type\":\"ListItem\",\"position\":3,\"name\":\"Buy Ritalin 10mg Online | Fast &#038; Secure USA Shipping\"}]},{\"@type\":\"WebSite\",\"@id\":\"https:\\\/\\\/rxmedsplus.com\\\/#website\",\"url\":\"https:\\\/\\\/rxmedsplus.com\\\/\",\"name\":\"Rx Meds Plus\",\"description\":\"Buy Prescription Meds and Pills Online with Fast Delivery\",\"potentialAction\":[{\"@type\":\"SearchAction\",\"target\":{\"@type\":\"EntryPoint\",\"urlTemplate\":\"https:\\\/\\\/rxmedsplus.com\\\/?s={search_term_string}\"},\"query-input\":{\"@type\":\"PropertyValueSpecification\",\"valueRequired\":true,\"valueName\":\"search_term_string\"}}],\"inLanguage\":\"fr-FR\"}]}<\/script>\n<meta property=\"og:availability\" content=\"instock\" \/>\n<meta property=\"product:availability\" content=\"instock\" \/>\n<meta property=\"product:retailer_item_id\" content=\"kpWQLnAtfR\" \/>\n<meta property=\"product:condition\" content=\"new\" \/>\n<!-- \/ Yoast SEO Premium plugin. -->","yoast_head_json":{"title":"Buy Ritalin 10mg Online | Fast & Secure USA Shipping &#187; Rx Meds Plus","description":"Acheter en ligne Ritalin pour le traitement du TDAH, rapide et s\u00e9curis\u00e9, \u00e9tats-unis d'exp\u00e9dition. Obtenez authentique Ritalin 10mg comprim\u00e9s livr\u00e9 discr\u00e8tement \u2013 commander d\u00e8s maintenant!","robots":{"index":"noindex","follow":"follow","max-snippet":"max-snippet:-1","max-image-preview":"max-image-preview:large","max-video-preview":"max-video-preview:-1"},"og_locale":"fr_FR","og_type":"article","og_title":"Buy Ritalin 10mg Online | Fast & Secure USA Shipping","og_description":"Buy Ritalin online for ADHD treatment with fast, secure USA shipping. Get authentic Ritalin 10mg tablets delivered discreetly \u2013 order now!","og_url":"https:\/\/rxmedsplus.com\/fr\/produit\/buy-ritalin-online-2\/","og_site_name":"Rx Meds Plus","article_modified_time":"2025-09-25T11:02:37+00:00","og_image":[{"width":450,"height":450,"url":"https:\/\/mlehknw8zzux.i.optimole.com\/w:450\/h:450\/q:mauto\/f:best\/https:\/\/rxmedsplus.com\/wp-content\/uploads\/2025\/09\/ee33eq2ss.jpg","type":"image\/jpeg"}],"twitter_card":"summary_large_image","twitter_misc":{"Disponibilit\u00e9":"En stock"},"schema":{"@context":"https:\/\/schema.org","@graph":[{"@type":"WebPage","@id":"https:\/\/rxmedsplus.com\/product\/buy-ritalin-online-2\/","url":"https:\/\/rxmedsplus.com\/product\/buy-ritalin-online-2\/","name":"Buy Ritalin 10mg Online | Fast & Secure USA Shipping &#187; Rx Meds Plus","isPartOf":{"@id":"https:\/\/rxmedsplus.com\/#website"},"primaryImageOfPage":{"@id":"https:\/\/rxmedsplus.com\/product\/buy-ritalin-online-2\/#primaryimage"},"image":{"@id":"https:\/\/rxmedsplus.com\/product\/buy-ritalin-online-2\/#primaryimage"},"thumbnailUrl":"https:\/\/rxmedsplus.com\/wp-content\/uploads\/2025\/09\/ee33eq2ss.jpg","datePublished":"2025-09-24T21:56:12+00:00","dateModified":"2025-09-25T11:02:37+00:00","description":"Acheter en ligne Ritalin pour le traitement du TDAH, rapide et s\u00e9curis\u00e9, \u00e9tats-unis d'exp\u00e9dition. Obtenez authentique Ritalin 10mg comprim\u00e9s livr\u00e9 discr\u00e8tement \u2013 commander d\u00e8s maintenant!","breadcrumb":{"@id":"https:\/\/rxmedsplus.com\/product\/buy-ritalin-online-2\/#breadcrumb"},"inLanguage":"fr-FR","potentialAction":[{"@type":"ReadAction","target":["https:\/\/rxmedsplus.com\/product\/buy-ritalin-online-2\/"]}]},{"@type":"ImageObject","inLanguage":"fr-FR","@id":"https:\/\/rxmedsplus.com\/product\/buy-ritalin-online-2\/#primaryimage","url":"https:\/\/rxmedsplus.com\/wp-content\/uploads\/2025\/09\/ee33eq2ss.jpg","contentUrl":"https:\/\/rxmedsplus.com\/wp-content\/uploads\/2025\/09\/ee33eq2ss.jpg","width":450,"height":450},{"@type":"BreadcrumbList","@id":"https:\/\/rxmedsplus.com\/product\/buy-ritalin-online-2\/#breadcrumb","itemListElement":[{"@type":"ListItem","position":1,"name":"Home","item":"https:\/\/rxmedsplus.com\/"},{"@type":"ListItem","position":2,"name":"Shop","item":"https:\/\/rxmedsplus.com\/shop\/"},{"@type":"ListItem","position":3,"name":"Buy Ritalin 10mg Online | Fast &#038; Secure USA Shipping"}]},{"@type":"WebSite","@id":"https:\/\/rxmedsplus.com\/#website","url":"https:\/\/rxmedsplus.com\/","name":"Mon M\u00e9tro Meds","description":"Buy Prescription Meds and Pills Online with Fast Delivery","potentialAction":[{"@type":"SearchAction","target":{"@type":"EntryPoint","urlTemplate":"https:\/\/rxmedsplus.com\/?s={search_term_string}"},"query-input":{"@type":"PropertyValueSpecification","valueRequired":true,"valueName":"search_term_string"}}],"inLanguage":"fr-FR"}]},"og_availability":"instock","product_availability":"instock","product_retailer_item_id":"kpWQLnAtfR","product_condition":"new"},"_links":{"self":[{"href":"https:\/\/rxmedsplus.com\/fr\/wp-json\/wp\/v2\/product\/3683","targetHints":{"allow":["GET"]}}],"collection":[{"href":"https:\/\/rxmedsplus.com\/fr\/wp-json\/wp\/v2\/product"}],"about":[{"href":"https:\/\/rxmedsplus.com\/fr\/wp-json\/wp\/v2\/types\/product"}],"replies":[{"embeddable":true,"href":"https:\/\/rxmedsplus.com\/fr\/wp-json\/wp\/v2\/comments?post=3683"}],"wp:featuredmedia":[{"embeddable":true,"href":"https:\/\/rxmedsplus.com\/fr\/wp-json\/wp\/v2\/media\/3717"}],"wp:attachment":[{"href":"https:\/\/rxmedsplus.com\/fr\/wp-json\/wp\/v2\/media?parent=3683"}],"wp:term":[{"taxonomy":"product_brand","embeddable":true,"href":"https:\/\/rxmedsplus.com\/fr\/wp-json\/wp\/v2\/product_brand?post=3683"},{"taxonomy":"product_cat","embeddable":true,"href":"https:\/\/rxmedsplus.com\/fr\/wp-json\/wp\/v2\/product_cat?post=3683"},{"taxonomy":"product_tag","embeddable":true,"href":"https:\/\/rxmedsplus.com\/fr\/wp-json\/wp\/v2\/product_tag?post=3683"}],"curies":[{"name":"wp","href":"https:\/\/api.w.org\/{rel}","templated":true}]}}