{"id":3410,"date":"2025-09-24T21:52:19","date_gmt":"2025-09-24T21:52:19","guid":{"rendered":"https:\/\/rxmedsplus.com\/?post_type=product&#038;p=3410"},"modified":"2025-09-25T11:01:11","modified_gmt":"2025-09-25T11:01:11","slug":"generic-cialis-online","status":"publish","type":"product","link":"https:\/\/rxmedsplus.com\/ga\/product\/generic-cialis-online\/","title":{"rendered":"Buy Affordable Generic Cialis 20mg Online Now"},"content":{"rendered":"<p><strong>Ceannaigh Cialis Cine\u00e1lach 20mg ar Phraghas R\u00e9as\u00fanta Ar L\u00edne Anois \u2013 C\u00f3gaslann Iontaofa Ar L\u00edne<\/strong>  <\/p>\n<p>M\u00e1s r\u00e9iteach iontaofa agus cost-\u00e9ifeachtach at\u00e1 uait le haghaidh m\u00edfheidhm erectile, <strong>Buy Affordable Generic Cialis 20mg Online Now<\/strong> \u00f3n\u00e1r gc\u00f3gaslann iontaofa ar l\u00edne. Cinnt\u00edonn \u00e1r seachadadh discr\u00e9ideach go bhfaigheann t\u00fa c\u00f3gas ardchaighde\u00e1in gan str\u00f3 oideas. Cib\u00e9 an bhfuil t\u00fa sna St\u00e1it Aontaithe, i gCeanada, san AE, n\u00f3 in \u00e1it ar bith eile ar fud an domhain, d\u00e9anaimid seachadadh go tapa agus go r\u00fanda.  <\/p>\n<h3><strong>Cad is Cialis Cine\u00e1lach 20mg ann?<\/strong>  <\/h3>\n<p>T\u00e1 Cialis Cine\u00e1lach 20mg ann <strong>Tadalafil<\/strong>, an comh\u00e1bhar gn\u00edomhach c\u00e9anna at\u00e1 le f\u00e1il i Cialis den bhranda. Oibr\u00edonn s\u00e9 tr\u00ed shreabhadh fola chuig an bod a mh\u00e9ad\u00fa, rud a chabhra\u00edonn le fir t\u00f3g\u00e1il daingean a bhaint amach agus a choinne\u00e1il ar feadh suas le 36 uair an chloig. Murab ionann agus c\u00f3gais ED eile, <strong>Cialis Cine\u00e1lach 20mg<\/strong> cuireann s\u00e9 fuinneog \u00e9ifeachtachta n\u00edos faide ar f\u00e1il, rud a thuilleann an leasainm \"piolla an deireadh seachtaine\" air.  <\/p>\n<h3><strong>Pr\u00edomhbhunt\u00e1ist\u00ed Cialis Cine\u00e1lach 20mg<\/strong>  <\/h3>\n<p>&#8211; <strong>\u00c9ifeachta\u00ed fadt\u00e9armacha<\/strong> \u2013 Fan r\u00e9idh ar feadh suas le 36 uair an chloig<br \/>\n&#8211; <strong>Gn\u00edomh\u00fa go tapa<\/strong> \u2013 Tosa\u00edonn s\u00e9 ag obair i chomh beag le 30 n\u00f3im\u00e9ad<br \/>\n&#8211; <strong>Discr\u00e9ideach agus \u00e1isi\u00fail<\/strong> \u2013 N\u00ed g\u00e1 cuairteanna aisteacha ar an gc\u00f3gaslann<br \/>\n&#8211; <strong>Rogha eile inacmhainne<\/strong> \u2013 An \u00e9ifeacht ch\u00e9anna le Cialis den bhranda ar chod\u00e1n den chostas<br \/>\n&#8211; <strong>Foirmle iontaofa<\/strong> \u2013 D\u00e9anta in \u00e1iseanna ceadaithe ag an FDA  <\/p>\n<h3><strong>Conas a Oibr\u00edonn Cialis Cine\u00e1lach 20mg?<\/strong>  <\/h3>\n<p>Tadalafil, an comh\u00e1bhar gn\u00edomhach i <strong>Cialis Cine\u00e1lach 20mg<\/strong>, baineann s\u00e9 le haicme druga\u00ed ar a dtugtar <strong>Coscair\u00ed PDE5<\/strong>Scaoileann s\u00e9 na soithigh fola sa pheann, rud a chuireann ar chumas sreabhadh fola m\u00e9adaithe nuair a bh\u00edonn s\u00e9 spreagtha go gn\u00e9asach. Mar thoradh air sin, b\u00edonn t\u00f3g\u00e1il l\u00e1idir, buan ann.  <\/p>\n<h3><strong>D\u00e1ileog agus \u00das\u00e1id Molta<\/strong>  <\/h3>\n<p>An d\u00e1ileog chaighde\u00e1nach de <strong>Cialis Cine\u00e1lach 20mg<\/strong> Is t\u00e1ibl\u00e9ad amh\u00e1in \u00e9 a th\u00f3gtar \u00f3 bh\u00e9al, le bia n\u00f3 gan bia. Chun na tortha\u00ed is fearr a fh\u00e1il:  <\/p>\n<p>Glac leis <strong>30 n\u00f3im\u00e9ad go 1 uair an chloig roimh ghn\u00edomha\u00edocht ghn\u00e9asach<\/strong><br \/>\nSeachain barra\u00edocht alc\u00f3il n\u00f3 b\u00e9il\u00ed sailleacha, mar d\u2019fh\u00e9adfadh siad moill a chur ar na h\u00e9ifeachta\u00ed<br \/>\nN\u00e1 s\u00e1raigh <strong>d\u00e1ileog amh\u00e1in in aghaidh an lae<\/strong><br \/>\nT\u00e9igh i gcomhairle le sol\u00e1thra\u00ed c\u00faram sl\u00e1inte m\u00e1 t\u00e1 riochta\u00ed sl\u00e1inte bun\u00fasacha ort  <\/p>\n<h3><strong>C\u00e9 ba ch\u00f3ir Cialis Cine\u00e1lach 20mg a \u00fas\u00e1id?<\/strong>  <\/h3>\n<p>T\u00e1 an c\u00f3gas seo oiri\u00fanach d\u2019fhir at\u00e1 ag fulaingt <strong>m\u00edfheidhm erectile (ED)<\/strong> mar gheall ar:  <\/p>\n<p>Strus n\u00f3 imn\u00ed<br \/>\n\u2013 Diaib\u00e9iteas n\u00f3 br\u00fa fola ard<br \/>\n\u2013 Coinn\u00edollacha cardashoith\u00edoch<br \/>\n\u2013 M\u00edchothroma\u00edochta\u00ed horm\u00f3nacha  <\/p>\n<p>Mar sin f\u00e9in, <strong>Cialis Cine\u00e1lach 20mg<\/strong> n\u00edl s\u00e9 oiri\u00fanach do gach duine. Seachain \u00fas\u00e1id m\u00e1:  <\/p>\n<p>\u2013 Glacann t\u00fa n\u00edotr\u00e1it\u00ed (m.sh., n\u00edotraiglicr\u00edn le haghaidh pian c\u00f3fra)<br \/>\nT\u00e1 fadhbanna tromch\u00faiseacha cro\u00ed n\u00f3 ae agat<br \/>\nT\u00e1 aill\u00e9irge agat ar Tadalafil  <\/p>\n<h3><strong>Fo-iarsma\u00ed F\u00e9ideartha<\/strong>  <\/h3>\n<p>C\u00e9 go <strong>Cialis Cine\u00e1lach 20mg<\/strong> s\u00e1bh\u00e1ilte i gcoitinne, d\u2019fh\u00e9adfadh fo-iarsma\u00ed \u00e9adroma a bheith ag roinnt \u00fas\u00e1ideoir\u00ed, lena n-\u00e1ir\u00edtear:  <\/p>\n<p>Tinneas cinn<br \/>\n\u2013 Flushing<br \/>\n\u2013 M\u00eddh\u00edle\u00e1<br \/>\nPianta mat\u00e1in<br \/>\nPl\u00f3d\u00fa nasal  <\/p>\n<p>Is gn\u00e1ch go mb\u00edonn na h\u00e9ifeachta\u00ed seo sealadach. M\u00e1 tharla\u00edonn imoibrithe tromch\u00faiseacha cos\u00fail le hathruithe radhairc n\u00f3 t\u00f3g\u00e1lacha fada, iarr cabhair leighis l\u00e1ithreach.  <\/p>\n<h3><strong>C\u00e9n f\u00e1th a gceanna\u00edonn t\u00fa Cialis Cine\u00e1lach 20mg uainn?<\/strong>  <\/h3>\n<p>Mar <strong>c\u00f3gaslann iontaofa ar l\u00edne<\/strong>, r\u00e1tha\u00edmid:  <\/p>\n<p>\u2705 <strong>C\u00f3gas ardchaighde\u00e1in, ceadaithe ag an FDA<\/strong><br \/>\n\u2705 <strong>Pac\u00e1isti\u00fa discr\u00e9ideach agus loingseoireacht thapa<\/strong><br \/>\n\u2705 <strong>N\u00edl aon oideas ag teast\u00e1il<\/strong><br \/>\n\u2705 <strong>Praghs\u00e1il ioma\u00edoch<\/strong><br \/>\n\u2705 <strong>Roghanna \u00edoca\u00edochta sl\u00e1na<\/strong>  <\/p>\n<h3><strong>Conas Cialis Cine\u00e1lach 20mg a Ord\u00fa Ar L\u00edne<\/strong>  <\/h3>\n<p>Ceannach <strong>Cialis Cine\u00e1lach 20mg inacmhainne ar l\u00edne<\/strong> t\u00e1 simpl\u00ed:  <\/p>\n<p>1. <strong>Roghnaigh an chainn\u00edocht at\u00e1 uait<\/strong><br \/>\n2. <strong>Cuir leis an gcise\u00e1n agus t\u00e9igh ar aghaidh chuig an tseice\u00e1il amach<\/strong><br \/>\n3. <strong>Cuir isteach sonra\u00ed loingseoireachta (faoi r\u00fan agus sl\u00e1n)<\/strong><br \/>\n4. <strong>Roghnaigh modh \u00edoca\u00edochta<\/strong><br \/>\n5. <strong>Faigh seachadadh discr\u00e9ideach chuig do dhoras<\/strong>  <\/p>\n<h3><strong>Ceisteanna Coitianta (CCanna)<\/strong>  <\/h3>\n<p><strong>C: An bhfuil Cialis Cine\u00e1lach 20mg chomh h\u00e9ifeachtach le Cialis den bhranda?<\/strong><br \/>\nA: Sea! T\u00e1 an comh\u00e1bhar gn\u00edomhach c\u00e9anna ann (Tadalafil) agus oibr\u00edonn s\u00e9 chomh h\u00e9ifeachtach c\u00e9anna.  <\/p>\n<p><strong>C: C\u00e1 fhad a th\u00f3gann an loingseoireacht?<\/strong><br \/>\nA: Athra\u00edonn amanna seachadta de r\u00e9ir su\u00edmh, ach tagann an chuid is m\u00f3 d'orduithe laistigh de <strong>5-10 l\u00e1 gn\u00f3<\/strong>.  <\/p>\n<p><strong>C: An bhfuil mo cheannach\u00e1n faoi r\u00fan?<\/strong><br \/>\nA: Go hioml\u00e1n. \u00das\u00e1idimid <strong>pac\u00e1isti\u00fa simpl\u00ed<\/strong> gan tr\u00e1cht ar an \u00e1bhar.  <\/p>\n<p><strong>C: An f\u00e9idir liom an t\u00e1ibl\u00e9ad 20mg a roinnt?<\/strong><br \/>\nA: Sea, gearrann roinnt \u00fas\u00e1ideoir\u00ed isteach \u00e9 <strong>D\u00e1ileoga 10mg<\/strong>, ach t\u00e9igh i gcomhairle le docht\u00fair ar dt\u00fas.  <\/p>\n<h3><strong>Ceannaigh Cialis Cine\u00e1lach 20mg ar Phraghas R\u00e9as\u00fanta Ar L\u00edne Anois \u2013 Faigh Do Cheann Inniu!<\/strong>  <\/h3>\n<p>N\u00e1 lig do ED t\u00fa a choinne\u00e1il siar. <strong>Buy Affordable Generic Cialis 20mg Online Now<\/strong> \u00f3n\u00e1r gc\u00f3gaslann dea-ch\u00e1il agus bain sult as eisp\u00e9ireas muin\u00edneach, s\u00e1s\u00fail. <strong>loingseoireacht thapa, praghsanna dochreidte, agus seirbh\u00eds discr\u00e9ideach<\/strong>, n\u00edl aon \u00e1it n\u00edos fearr le hord\u00fa.  <\/p>\n<p><strong>Cuir d\u2019ord\u00fa isteach anois agus bain triail as an difr\u00edocht!<\/strong><\/p>","protected":false},"excerpt":{"rendered":"<p>Faigh Cialis Cine\u00e1lach 20mg f\u00edor ar phraghsanna dochreidte - n\u00edl aon oideas ag teast\u00e1il! Tugann \u00e1r tadalafil ardchaighde\u00e1in an \u00e9ifeacht ch\u00e9anna le Cialis brand\u00e1ilte. Bain sult as loingseoireacht discr\u00e9ideach, roghanna \u00edoca\u00edochta sl\u00e1na, agus seachadadh tapa d\u00edreach chuig do dhoras. Ordaigh anois le haghaidh eisp\u00e9ireas muin\u00edneach, saor \u00f3 thriobl\u00f3id!<\/p>","protected":false},"featured_media":3430,"comment_status":"open","ping_status":"closed","template":"","meta":{"site-sidebar-layout":"default","site-content-layout":"","ast-site-content-layout":"default","site-content-style":"default","site-sidebar-style":"default","ast-global-header-display":"","ast-banner-title-visibility":"","ast-main-header-display":"","ast-hfb-above-header-display":"","ast-hfb-below-header-display":"","ast-hfb-mobile-header-display":"","site-post-title":"","ast-breadcrumbs-content":"","ast-featured-img":"","footer-sml-layout":"","ast-disable-related-posts":"","theme-transparent-header-meta":"","adv-header-id-meta":"","stick-header-meta":"","header-above-stick-meta":"","header-main-stick-meta":"","header-below-stick-meta":"","astra-migrate-meta-layouts":"default","ast-page-background-enabled":"default","ast-page-background-meta":{"desktop":{"background-color":"","background-image":"","background-repeat":"repeat","background-position":"center center","background-size":"auto","background-attachment":"scroll","background-type":"","background-media":"","overlay-type":"","overlay-color":"","overlay-opacity":"","overlay-gradient":""},"tablet":{"background-color":"","background-image":"","background-repeat":"repeat","background-position":"center center","background-size":"auto","background-attachment":"scroll","background-type":"","background-media":"","overlay-type":"","overlay-color":"","overlay-opacity":"","overlay-gradient":""},"mobile":{"background-color":"","background-image":"","background-repeat":"repeat","background-position":"center center","background-size":"auto","background-attachment":"scroll","background-type":"","background-media":"","overlay-type":"","overlay-color":"","overlay-opacity":"","overlay-gradient":""}},"ast-content-background-meta":{"desktop":{"background-color":"var(--ast-global-color-5)","background-image":"","background-repeat":"repeat","background-position":"center center","background-size":"auto","background-attachment":"scroll","background-type":"","background-media":"","overlay-type":"","overlay-color":"","overlay-opacity":"","overlay-gradient":""},"tablet":{"background-color":"var(--ast-global-color-5)","background-image":"","background-repeat":"repeat","background-position":"center center","background-size":"auto","background-attachment":"scroll","background-type":"","background-media":"","overlay-type":"","overlay-color":"","overlay-opacity":"","overlay-gradient":""},"mobile":{"background-color":"var(--ast-global-color-5)","background-image":"","background-repeat":"repeat","background-position":"center center","background-size":"auto","background-attachment":"scroll","background-type":"","background-media":"","overlay-type":"","overlay-color":"","overlay-opacity":"","overlay-gradient":""}}},"product_brand":[],"product_cat":[53],"product_tag":[974,1275,1274,279,957,956,1273,1272,251,1276],"class_list":{"0":"post-3410","1":"product","2":"type-product","3":"status-publish","4":"has-post-thumbnail","6":"product_cat-buy-erectile-dysfunction-meds-online","7":"product_tag-buy-cialis-online","8":"product_tag-cheap-cialis","9":"product_tag-cialis-without-prescription","10":"product_tag-discreet-shipping","11":"product_tag-ed-medication","12":"product_tag-erectile-dysfunction-treatment","13":"product_tag-generic-cialis-20mg","14":"product_tag-generic-drugs","15":"product_tag-online-pharmacy","16":"product_tag-tadalafil-20mg","17":"desktop-align-left","18":"tablet-align-left","19":"mobile-align-left","20":"ast-product-gallery-layout-horizontal-slider","21":"ast-product-gallery-with-no-image","22":"ast-magnify-disabled","23":"ast-product-single-variable","24":"ast-product-tabs-layout-horizontal","26":"first","27":"instock","28":"shipping-taxable","29":"purchasable","30":"product-type-variable"},"yoast_head":"<!-- This site is optimized with the Yoast SEO Premium plugin v26.0 (Yoast SEO v27.6) - https:\/\/yoast.com\/product\/yoast-seo-premium-wordpress\/ -->\n<title>Buy Affordable Generic Cialis 20mg Online Now &#187; Rx Meds Plus<\/title>\n<meta name=\"description\" content=\"Buy generic Cialis online without a prescription for ED treatment. Get affordable 20mg tadalafil delivered discreetly\u2014order now with secure payment options.\" \/>\n<meta name=\"robots\" content=\"noindex, follow, max-snippet:-1, max-image-preview:large, max-video-preview:-1\" \/>\n<meta property=\"og:locale\" content=\"en_US\" \/>\n<meta property=\"og:type\" content=\"article\" \/>\n<meta property=\"og:title\" content=\"Buy Affordable Generic Cialis 20mg Online Now\" \/>\n<meta property=\"og:description\" content=\"Buy generic Cialis online without a prescription for ED treatment. Get affordable 20mg tadalafil delivered discreetly\u2014order now with secure payment options.\" \/>\n<meta property=\"og:url\" content=\"https:\/\/rxmedsplus.com\/ga\/product\/generic-cialis-online\/\" \/>\n<meta property=\"og:site_name\" content=\"Rx Meds Plus\" \/>\n<meta property=\"article:modified_time\" content=\"2025-09-25T11:01:11+00:00\" \/>\n<meta property=\"og:image\" content=\"https:\/\/mlehknw8zzux.i.optimole.com\/w:350\/h:300\/q:mauto\/f:best\/https:\/\/rxmedsplus.com\/wp-content\/uploads\/2025\/09\/11199-cialis-original1.jpg\" \/>\n\t<meta property=\"og:image:width\" content=\"350\" \/>\n\t<meta property=\"og:image:height\" content=\"300\" \/>\n\t<meta property=\"og:image:type\" content=\"image\/jpeg\" \/>\n<meta name=\"twitter:card\" content=\"summary_large_image\" \/>\n<meta name=\"twitter:label1\" content=\"Availability\" \/>\n\t<meta name=\"twitter:data1\" content=\"In stock\" \/>\n<script type=\"application\/ld+json\" class=\"yoast-schema-graph\">{\"@context\":\"https:\\\/\\\/schema.org\",\"@graph\":[{\"@type\":\"WebPage\",\"@id\":\"https:\\\/\\\/rxmedsplus.com\\\/product\\\/generic-cialis-online\\\/\",\"url\":\"https:\\\/\\\/rxmedsplus.com\\\/product\\\/generic-cialis-online\\\/\",\"name\":\"Buy Affordable Generic Cialis 20mg Online Now &#187; Rx Meds Plus\",\"isPartOf\":{\"@id\":\"https:\\\/\\\/rxmedsplus.com\\\/#website\"},\"primaryImageOfPage\":{\"@id\":\"https:\\\/\\\/rxmedsplus.com\\\/product\\\/generic-cialis-online\\\/#primaryimage\"},\"image\":{\"@id\":\"https:\\\/\\\/rxmedsplus.com\\\/product\\\/generic-cialis-online\\\/#primaryimage\"},\"thumbnailUrl\":\"https:\\\/\\\/rxmedsplus.com\\\/wp-content\\\/uploads\\\/2025\\\/09\\\/11199-cialis-original1.jpg\",\"datePublished\":\"2025-09-24T21:52:19+00:00\",\"dateModified\":\"2025-09-25T11:01:11+00:00\",\"description\":\"Buy generic Cialis online without a prescription for ED treatment. Get affordable 20mg tadalafil delivered discreetly\u2014order now with secure payment options.\",\"breadcrumb\":{\"@id\":\"https:\\\/\\\/rxmedsplus.com\\\/product\\\/generic-cialis-online\\\/#breadcrumb\"},\"inLanguage\":\"ga\",\"potentialAction\":[{\"@type\":\"ReadAction\",\"target\":[\"https:\\\/\\\/rxmedsplus.com\\\/product\\\/generic-cialis-online\\\/\"]}]},{\"@type\":\"ImageObject\",\"inLanguage\":\"ga\",\"@id\":\"https:\\\/\\\/rxmedsplus.com\\\/product\\\/generic-cialis-online\\\/#primaryimage\",\"url\":\"https:\\\/\\\/rxmedsplus.com\\\/wp-content\\\/uploads\\\/2025\\\/09\\\/11199-cialis-original1.jpg\",\"contentUrl\":\"https:\\\/\\\/rxmedsplus.com\\\/wp-content\\\/uploads\\\/2025\\\/09\\\/11199-cialis-original1.jpg\",\"width\":350,\"height\":300},{\"@type\":\"BreadcrumbList\",\"@id\":\"https:\\\/\\\/rxmedsplus.com\\\/product\\\/generic-cialis-online\\\/#breadcrumb\",\"itemListElement\":[{\"@type\":\"ListItem\",\"position\":1,\"name\":\"Home\",\"item\":\"https:\\\/\\\/rxmedsplus.com\\\/\"},{\"@type\":\"ListItem\",\"position\":2,\"name\":\"Shop\",\"item\":\"https:\\\/\\\/rxmedsplus.com\\\/shop\\\/\"},{\"@type\":\"ListItem\",\"position\":3,\"name\":\"Buy Affordable Generic Cialis 20mg Online Now\"}]},{\"@type\":\"WebSite\",\"@id\":\"https:\\\/\\\/rxmedsplus.com\\\/#website\",\"url\":\"https:\\\/\\\/rxmedsplus.com\\\/\",\"name\":\"Rx Meds Plus\",\"description\":\"Buy Prescription Meds and Pills Online with Fast Delivery\",\"potentialAction\":[{\"@type\":\"SearchAction\",\"target\":{\"@type\":\"EntryPoint\",\"urlTemplate\":\"https:\\\/\\\/rxmedsplus.com\\\/?s={search_term_string}\"},\"query-input\":{\"@type\":\"PropertyValueSpecification\",\"valueRequired\":true,\"valueName\":\"search_term_string\"}}],\"inLanguage\":\"ga\"}]}<\/script>\n<meta property=\"og:availability\" content=\"instock\" \/>\n<meta property=\"product:availability\" content=\"instock\" \/>\n<meta property=\"product:retailer_item_id\" content=\"n0pFPKHkVU\" \/>\n<meta property=\"product:condition\" content=\"new\" \/>\n<!-- \/ Yoast SEO Premium plugin. -->","yoast_head_json":{"title":"Ceannaigh Cialis Cine\u00e1lach 20mg ar phraghas r\u00e9as\u00fanta ar l\u00edne anois - Rx Meds Plus","description":"Ceannaigh Cialis cine\u00e1lach ar l\u00edne gan oideas le haghaidh c\u00f3ire\u00e1la ED. Faigh tadalafil 20mg inacmhainne seachadta go discr\u00e9ideach\u2014ordaigh anois le roghanna \u00edoca\u00edochta sl\u00e1na.","robots":{"index":"noindex","follow":"follow","max-snippet":"max-snippet:-1","max-image-preview":"max-image-preview:large","max-video-preview":"max-video-preview:-1"},"og_locale":"en_US","og_type":"article","og_title":"Buy Affordable Generic Cialis 20mg Online Now","og_description":"Buy generic Cialis online without a prescription for ED treatment. Get affordable 20mg tadalafil delivered discreetly\u2014order now with secure payment options.","og_url":"https:\/\/rxmedsplus.com\/ga\/product\/generic-cialis-online\/","og_site_name":"Rx Meds Plus","article_modified_time":"2025-09-25T11:01:11+00:00","og_image":[{"width":350,"height":300,"url":"https:\/\/mlehknw8zzux.i.optimole.com\/w:350\/h:300\/q:mauto\/f:best\/https:\/\/rxmedsplus.com\/wp-content\/uploads\/2025\/09\/11199-cialis-original1.jpg","type":"image\/jpeg"}],"twitter_card":"summary_large_image","twitter_misc":{"Availability":"In stock"},"schema":{"@context":"https:\/\/schema.org","@graph":[{"@type":"WebPage","@id":"https:\/\/rxmedsplus.com\/product\/generic-cialis-online\/","url":"https:\/\/rxmedsplus.com\/product\/generic-cialis-online\/","name":"Ceannaigh Cialis Cine\u00e1lach 20mg ar phraghas r\u00e9as\u00fanta ar l\u00edne anois - Rx Meds Plus","isPartOf":{"@id":"https:\/\/rxmedsplus.com\/#website"},"primaryImageOfPage":{"@id":"https:\/\/rxmedsplus.com\/product\/generic-cialis-online\/#primaryimage"},"image":{"@id":"https:\/\/rxmedsplus.com\/product\/generic-cialis-online\/#primaryimage"},"thumbnailUrl":"https:\/\/rxmedsplus.com\/wp-content\/uploads\/2025\/09\/11199-cialis-original1.jpg","datePublished":"2025-09-24T21:52:19+00:00","dateModified":"2025-09-25T11:01:11+00:00","description":"Ceannaigh Cialis cine\u00e1lach ar l\u00edne gan oideas le haghaidh c\u00f3ire\u00e1la ED. Faigh tadalafil 20mg inacmhainne seachadta go discr\u00e9ideach\u2014ordaigh anois le roghanna \u00edoca\u00edochta sl\u00e1na.","breadcrumb":{"@id":"https:\/\/rxmedsplus.com\/product\/generic-cialis-online\/#breadcrumb"},"inLanguage":"ga","potentialAction":[{"@type":"ReadAction","target":["https:\/\/rxmedsplus.com\/product\/generic-cialis-online\/"]}]},{"@type":"ImageObject","inLanguage":"ga","@id":"https:\/\/rxmedsplus.com\/product\/generic-cialis-online\/#primaryimage","url":"https:\/\/rxmedsplus.com\/wp-content\/uploads\/2025\/09\/11199-cialis-original1.jpg","contentUrl":"https:\/\/rxmedsplus.com\/wp-content\/uploads\/2025\/09\/11199-cialis-original1.jpg","width":350,"height":300},{"@type":"BreadcrumbList","@id":"https:\/\/rxmedsplus.com\/product\/generic-cialis-online\/#breadcrumb","itemListElement":[{"@type":"ListItem","position":1,"name":"Home","item":"https:\/\/rxmedsplus.com\/"},{"@type":"ListItem","position":2,"name":"Shop","item":"https:\/\/rxmedsplus.com\/shop\/"},{"@type":"ListItem","position":3,"name":"Buy Affordable Generic Cialis 20mg Online Now"}]},{"@type":"WebSite","@id":"https:\/\/rxmedsplus.com\/#website","url":"https:\/\/rxmedsplus.com\/","name":"C\u00f3gais Oideas Plus","description":"Ceannaigh C\u00f3gais agus Piolla\u00ed Oideas Ar L\u00edne le Seachadadh Tapa","potentialAction":[{"@type":"SearchAction","target":{"@type":"EntryPoint","urlTemplate":"https:\/\/rxmedsplus.com\/?s={search_term_string}"},"query-input":{"@type":"PropertyValueSpecification","valueRequired":true,"valueName":"search_term_string"}}],"inLanguage":"ga"}]},"og_availability":"instock","product_availability":"instock","product_retailer_item_id":"n0pFPKHkVU","product_condition":"new"},"_links":{"self":[{"href":"https:\/\/rxmedsplus.com\/ga\/wp-json\/wp\/v2\/product\/3410","targetHints":{"allow":["GET"]}}],"collection":[{"href":"https:\/\/rxmedsplus.com\/ga\/wp-json\/wp\/v2\/product"}],"about":[{"href":"https:\/\/rxmedsplus.com\/ga\/wp-json\/wp\/v2\/types\/product"}],"replies":[{"embeddable":true,"href":"https:\/\/rxmedsplus.com\/ga\/wp-json\/wp\/v2\/comments?post=3410"}],"wp:featuredmedia":[{"embeddable":true,"href":"https:\/\/rxmedsplus.com\/ga\/wp-json\/wp\/v2\/media\/3430"}],"wp:attachment":[{"href":"https:\/\/rxmedsplus.com\/ga\/wp-json\/wp\/v2\/media?parent=3410"}],"wp:term":[{"taxonomy":"product_brand","embeddable":true,"href":"https:\/\/rxmedsplus.com\/ga\/wp-json\/wp\/v2\/product_brand?post=3410"},{"taxonomy":"product_cat","embeddable":true,"href":"https:\/\/rxmedsplus.com\/ga\/wp-json\/wp\/v2\/product_cat?post=3410"},{"taxonomy":"product_tag","embeddable":true,"href":"https:\/\/rxmedsplus.com\/ga\/wp-json\/wp\/v2\/product_tag?post=3410"}],"curies":[{"name":"wp","href":"https:\/\/api.w.org\/{rel}","templated":true}]}}