{"id":3652,"date":"2025-09-24T21:55:45","date_gmt":"2025-09-24T21:55:45","guid":{"rendered":"https:\/\/rxmedsplus.com\/?post_type=product&#038;p=3652"},"modified":"2025-09-25T11:15:26","modified_gmt":"2025-09-25T11:15:26","slug":"buy-oxycodone-online-safely","status":"publish","type":"product","link":"https:\/\/rxmedsplus.com\/ga\/product\/buy-oxycodone-online-safely\/","title":{"rendered":"Ceannaigh Oxycodone 30mg Ar L\u00edne \u2013 Faoiseamh Tapa &amp; S\u00e1bh\u00e1ilte"},"content":{"rendered":"<h2><strong>Ceannaigh Oxycodone 30mg Ar L\u00edne \u2013 Faoiseamh Tapa &amp; S\u00e1bh\u00e1ilte \u00f3 Phian Ainsealach<\/strong><\/h2>\n<p>M\u00e1s faoiseamh pian tapa, \u00e9ifeachtach at\u00e1 uait, n\u00e1 breathnaigh n\u00edos faide. <strong>Ceannaigh Ocsa\u00edd\u00f3n 30mg ar l\u00edne<\/strong> \u00f3n\u00e1r gc\u00f3gaslann iontaofa agus discr\u00e9ideach chun pian measartha go dian a bhainisti\u00fa go s\u00e1bh\u00e1ilte agus go caoithi\u00fail. Is faoiseamh pian \u00f3ipioideach cumhachtach \u00e9 ocsaicod\u00f3n at\u00e1 forordaithe le haghaidh riochta\u00ed pian ainsealacha, t\u00e9arnamh iar-mh\u00e1inliachta, agus c\u00e1sanna m\u00edochaine pianmhara eile. Cuirimid loingseoireacht thapa ar f\u00e1il chuig SAM, Ceanada, AE, agus ar fud an domhain, rud a chinnt\u00edonn go bhfaigheann t\u00fa do ch\u00f3gas gan mhoill.<\/p>\n<h3><strong>C\u00e9n f\u00e1th ar ch\u00f3ir duit \u00e1r bpiollair\u00ed ocsaicod\u00f3in 30mg a roghn\u00fa?<\/strong><\/h3>\n<p>Nuair a bheidh t\u00fa <strong>ceannaigh Oxycodone 30mg ar l\u00edne<\/strong>, gheobhaidh t\u00fa c\u00f3gas ardchaighde\u00e1in, t\u00e1st\u00e1ilte saotharlainne \u00f3 <strong>d\u00edolt\u00f3ir iontaofa ar l\u00edne<\/strong>Tagann \u00e1r bpiollair\u00ed \u00f3 mhonar\u00f3ir\u00ed meas\u00fala, rud a chinnt\u00edonn neart agus s\u00e1bh\u00e1ilteacht. Tugann gach t\u00e1ibl\u00e9ad an d\u00e1ileog chruinn, ag sol\u00e1thar faoiseamh pian comhsheasmhach gan chomhr\u00e9iteach.<\/p>\n<h3><strong>Cad chuige a n-\u00fas\u00e1idtear Oxycodone 30mg?<\/strong><\/h3>\n<p>Is druga ceadaithe ag an FDA \u00e9 Oxycodone 30mg <strong>faoiseamh pian opioid<\/strong> at\u00e1 deartha chun c\u00f3ire\u00e1il a chur ar:<br \/>\nPian droma ainsealach<br \/>\nPian iar-mh\u00e1inliachta<br \/>\nAirtr\u00edteas dian<br \/>\nPian a bhaineann le hailse<br \/>\n*Pian n\u00e9ar\u00f3g agus fibromyalgia*<\/p>\n<p>Oibr\u00edonn s\u00e9 tr\u00ed cheangal le gabhd\u00f3ir\u00ed opioid san inchinn agus sa chorda dromlaigh, ag athr\u00fa an chaoi a mbraitheann do chorp pian.<\/p>\n<h3><strong>Pr\u00edomhbhunt\u00e1ist\u00ed Ocsa\u00edd\u00f3in 30mg<\/strong><\/h3>\n<p>&#8211; <strong>Faoiseamh tapa-ghn\u00edomhach:<\/strong> Tosa\u00edonn ag obair laistigh de 15-30 n\u00f3im\u00e9ad<br \/>\n&#8211; <strong>\u00c9ifeachta\u00ed fadt\u00e9armacha:<\/strong> Sol\u00e1thra\u00edonn s\u00e9 suas le 6 uair an chloig de rial\u00fa pian<br \/>\n&#8211; <strong>Ardchumhacht:<\/strong> Oiri\u00fanach le haghaidh pian dian nach bhfreagra\u00edonn do ch\u00f3gais n\u00edos laige<br \/>\n&#8211; <strong>Discreet packaging:<\/strong> Seoltar gach ord\u00fa faoi r\u00fan<\/p>\n<h3><strong>Treoirl\u00ednte D\u00e1ileog &amp; S\u00e1bh\u00e1ilteachta Oxycodone 30mg<\/strong><\/h3>\n<p>Sula dt\u00e9ann t\u00fa <strong>ord\u00fa Oxycodone 30mg ar l\u00edne gan oideas<\/strong>, t\u00e1 s\u00e9 r\u00edth\u00e1bhachtach \u00fas\u00e1id cheart a thuiscint:<\/p>\n<p>&#8211; <strong>D\u00e1ileog chaighde\u00e1nach:<\/strong> 5\u201330mg gach 4\u20136 uair an chloig (bunaithe ar dh\u00e9ine an phian)<br \/>\n&#8211; <strong>Coigeartuithe d\u00e1ileoige:<\/strong> N\u00e1 s\u00e1raigh na teorainneacha forordaithe riamh chun sple\u00e1chas a sheachaint<br \/>\n&#8211; <strong>St\u00f3r\u00e1il:<\/strong> Coinnigh in \u00e1it fhionnuar, thirim amach \u00f3 leana\u00ed<br \/>\n&#8211; <strong>Seachain alc\u00f3l:<\/strong> Is f\u00e9idir leis codladh agus d\u00falagar riospr\u00e1ide a mh\u00e9ad\u00fa<\/p>\n<p>T\u00e9igh i gcomhairle le sol\u00e1thra\u00ed c\u00faram sl\u00e1inte i gc\u00f3na\u00ed mura bhfuil t\u00fa cinnte faoin d\u00e1ileog n\u00f3 faoi idirghn\u00edomha\u00edochta\u00ed f\u00e9ideartha druga\u00ed.<\/p>\n<h3><strong>Fo-iarsma\u00ed F\u00e9ideartha Oxycodone 30mg<\/strong><\/h3>\n<p>C\u00e9 go bhfuil Oxycodone \u00e9ifeachtach, d'fh\u00e9adfadh fo-iarsma\u00ed a bheith mar thoradh air, lena n-\u00e1ir\u00edtear:<br \/>\n\u2013 Codladh n\u00f3 meadhr\u00e1n<br \/>\n\u2013 Masmas n\u00f3 urlacan<br \/>\n\u2013 Constipation<br \/>\nB\u00e9al tirim<\/p>\n<p>I measc na fo-iarsma\u00ed tromch\u00faiseacha (annamh) t\u00e1 an\u00e1l\u00fa \u00e9adomhain, mearbhall, n\u00f3 imoibrithe aill\u00e9irgeacha. M\u00e1 bh\u00edonn imoibrithe tromch\u00faiseacha ort, iarr cabhair leighis l\u00e1ithreach.<\/p>\n<h3><strong>C\u00e9n f\u00e1th a gceann\u00f3f\u00e1 Oxycodone 30mg ar l\u00edne uainn?<\/strong><\/h3>\n<p>Nuair is g\u00e1 duit <strong>faoiseamh pian tapa agus s\u00e1bh\u00e1ilte<\/strong>, ag ceannach \u00f3 <strong>d\u00edolt\u00f3ir ar l\u00edne dea-ch\u00e1il<\/strong> cinnt\u00edonn:<\/p>\n<p>\u2705 <strong>C\u00f3gas ardchaighde\u00e1in, f\u00edor<\/strong><br \/>\n\u2705 <strong>Seice\u00e1il amach sl\u00e1n &amp; idirbhearta criptithe<\/strong><br \/>\n\u2705 <strong>Loingseoireacht dhiscr\u00e9ideach chuig SAM, Ceanada, AE, agus ar fud an domhain<\/strong><br \/>\n\u2705 <strong>N\u00edl aon oideas ag teast\u00e1il<\/strong><br \/>\n\u2705 <strong>Taca\u00edocht do chustaim\u00e9ir\u00ed 24\/7<\/strong><\/p>\n<p>Tugann muid t\u00fas \u00e1ite do sh\u00e1stacht chustaim\u00e9ir\u00ed agus r\u00e1tha\u00edmid go dtiocfaidh d\u2019ord\u00fa go s\u00e1bh\u00e1ilte agus in am.<\/p>\n<h3><strong>Ord\u00fa Oxycodone 30mg Ar L\u00edne Inniu le haghaidh Bainist\u00edocht \u00c9ifeachtach ar Phian<\/strong><\/h3>\n<p>Ag streachailt le pian gan staonadh? N\u00e1 fan\u2014<strong>ceannaigh Oxycodone 30mg ar l\u00edne<\/strong> anois le haghaidh faoisimh l\u00e1ithreach agus iontaofa. A bhu\u00edochas len\u00e1r bpr\u00f3iseas ordaithe sruthl\u00ednithe, is furasta an c\u00f3gas at\u00e1 uait a fh\u00e1il gan oideas. Muin\u00edn ag custaim\u00e9ir\u00ed ar fud an domhain astu, d\u00e9anaimid seachadadh go discr\u00e9ideach agus go sl\u00e1n chun do phr\u00edobh\u00e1ideacht ioml\u00e1n a chinnti\u00fa.<\/p>\n<p><strong>Cuir d'ord\u00fa isteach anois agus bain taitneamh as an bhfaoiseamh pian is fearr inniu!<\/strong><\/p>","protected":false},"excerpt":{"rendered":"<p>Faigh faoiseamh tapa, iontaofa le Oxycodone 30mg\u2014r\u00e9iteach iontaofa le haghaidh pian measartha go dian nuair a bh\u00edonn c\u00f3gais eile gann. Cinnt\u00edonn \u00e1r seirbh\u00eds discr\u00e9ideach, saor \u00f3 oideas, go seachadtar piolla\u00ed f\u00edor go s\u00e1bh\u00e1ilte chuig do dhoras, agus taca\u00edocht 24\/7 ar f\u00e1il. Bain sult as praghs\u00e1il ioma\u00edoch, roghanna \u00edoca\u00edochta sol\u00fabtha, agus suaimhneas intinne agus a fhios agat go bhfuil faoiseamh \u00e9ifeachtach \u00f3ipioid \u00e1 fh\u00e1il agat \u00f3 fhoinse iontaofa. IARR COMHAIRLE LEIGHIS GHAIRMI\u00daIL I GC\u00d3NA\u00cd MAIDIR LE h\u00daS\u00c1ID AGUS D\u00c1ILEOG.<\/p>","protected":false},"featured_media":3691,"comment_status":"open","ping_status":"closed","template":"","meta":{"site-sidebar-layout":"default","site-content-layout":"","ast-site-content-layout":"default","site-content-style":"default","site-sidebar-style":"default","ast-global-header-display":"","ast-banner-title-visibility":"","ast-main-header-display":"","ast-hfb-above-header-display":"","ast-hfb-below-header-display":"","ast-hfb-mobile-header-display":"","site-post-title":"","ast-breadcrumbs-content":"","ast-featured-img":"","footer-sml-layout":"","ast-disable-related-posts":"","theme-transparent-header-meta":"default","adv-header-id-meta":"","stick-header-meta":"default","header-above-stick-meta":"","header-main-stick-meta":"","header-below-stick-meta":"","astra-migrate-meta-layouts":"set","ast-page-background-enabled":"default","ast-page-background-meta":{"desktop":{"background-color":"","background-image":"","background-repeat":"repeat","background-position":"center center","background-size":"auto","background-attachment":"scroll","background-type":"","background-media":"","overlay-type":"","overlay-color":"","overlay-opacity":"","overlay-gradient":""},"tablet":{"background-color":"","background-image":"","background-repeat":"repeat","background-position":"center center","background-size":"auto","background-attachment":"scroll","background-type":"","background-media":"","overlay-type":"","overlay-color":"","overlay-opacity":"","overlay-gradient":""},"mobile":{"background-color":"","background-image":"","background-repeat":"repeat","background-position":"center center","background-size":"auto","background-attachment":"scroll","background-type":"","background-media":"","overlay-type":"","overlay-color":"","overlay-opacity":"","overlay-gradient":""}},"ast-content-background-meta":{"desktop":{"background-color":"var(--ast-global-color-5)","background-image":"","background-repeat":"repeat","background-position":"center center","background-size":"auto","background-attachment":"scroll","background-type":"","background-media":"","overlay-type":"","overlay-color":"","overlay-opacity":"","overlay-gradient":""},"tablet":{"background-color":"var(--ast-global-color-5)","background-image":"","background-repeat":"repeat","background-position":"center center","background-size":"auto","background-attachment":"scroll","background-type":"","background-media":"","overlay-type":"","overlay-color":"","overlay-opacity":"","overlay-gradient":""},"mobile":{"background-color":"var(--ast-global-color-5)","background-image":"","background-repeat":"repeat","background-position":"center center","background-size":"auto","background-attachment":"scroll","background-type":"","background-media":"","overlay-type":"","overlay-color":"","overlay-opacity":"","overlay-gradient":""}}},"product_brand":[],"product_cat":[37],"product_tag":[1114,1118,1111,1117,1119,1115,1113,1112,1120,1116],"class_list":{"0":"post-3652","1":"product","2":"type-product","3":"status-publish","4":"has-post-thumbnail","6":"product_cat-buy-pain-relief-medication-online","7":"product_tag-best-online-pharmacy-for-oxycodone","8":"product_tag-buy-opioid-pain-medication","9":"product_tag-buy-oxycodone-30mg-online","10":"product_tag-chronic-pain-relief","11":"product_tag-discreet-oxycodone-shipping","12":"product_tag-fast-oxycodone-delivery","13":"product_tag-order-oxycodone-without-prescription","14":"product_tag-oxycodone-30mg-for-pain-relief","15":"product_tag-oxycodone-for-severe-pain","16":"product_tag-safe-oxycodone-purchase","17":"desktop-align-left","18":"tablet-align-left","19":"mobile-align-left","20":"ast-product-gallery-layout-horizontal-slider","21":"ast-product-gallery-with-no-image","22":"ast-magnify-disabled","23":"ast-product-single-variable","24":"ast-product-tabs-layout-horizontal","26":"first","27":"instock","28":"shipping-taxable","29":"purchasable","30":"product-type-variable"},"yoast_head":"<!-- This site is optimized with the Yoast SEO Premium plugin v26.0 (Yoast SEO v27.6) - https:\/\/yoast.com\/product\/yoast-seo-premium-wordpress\/ -->\n<title>Buy Oxycodone 30mg Online \u2013 Fast &amp; Safe Relief &#187; Rx Meds Plus<\/title>\n<meta name=\"description\" content=\"Buy oxycodone online safely for fast pain relief. Our trusted pharmacy offers discreet shipping &amp; high-quality 30mg pills. Order now for secure delivery!\" \/>\n<meta name=\"robots\" content=\"noindex, follow, max-snippet:-1, max-image-preview:large, max-video-preview:-1\" \/>\n<meta property=\"og:locale\" content=\"en_US\" \/>\n<meta property=\"og:type\" content=\"article\" \/>\n<meta property=\"og:title\" content=\"Buy Oxycodone 30mg Online \u2013 Fast &amp; Safe Relief\" \/>\n<meta property=\"og:description\" content=\"Buy oxycodone online safely for fast pain relief. Our trusted pharmacy offers discreet shipping &amp; high-quality 30mg pills. Order now for secure delivery!\" \/>\n<meta property=\"og:url\" content=\"https:\/\/rxmedsplus.com\/ga\/product\/buy-oxycodone-online-safely\/\" \/>\n<meta property=\"og:site_name\" content=\"Rx Meds Plus\" \/>\n<meta property=\"article:modified_time\" content=\"2025-09-25T11:15:26+00:00\" \/>\n<meta property=\"og:image\" content=\"https:\/\/mlehknw8zzux.i.optimole.com\/w:456\/h:501\/q:mauto\/f:best\/https:\/\/rxmedsplus.com\/wp-content\/uploads\/2025\/09\/11502-Oxycodone-4-1.jpg\" \/>\n\t<meta property=\"og:image:width\" content=\"456\" \/>\n\t<meta property=\"og:image:height\" content=\"501\" \/>\n\t<meta property=\"og:image:type\" content=\"image\/jpeg\" \/>\n<meta name=\"twitter:card\" content=\"summary_large_image\" \/>\n<meta name=\"twitter:label1\" content=\"Availability\" \/>\n\t<meta name=\"twitter:data1\" content=\"In stock\" \/>\n<script type=\"application\/ld+json\" class=\"yoast-schema-graph\">{\"@context\":\"https:\\\/\\\/schema.org\",\"@graph\":[{\"@type\":\"WebPage\",\"@id\":\"https:\\\/\\\/rxmedsplus.com\\\/product\\\/buy-oxycodone-online-safely\\\/\",\"url\":\"https:\\\/\\\/rxmedsplus.com\\\/product\\\/buy-oxycodone-online-safely\\\/\",\"name\":\"Buy Oxycodone 30mg Online \u2013 Fast & Safe Relief &#187; Rx Meds Plus\",\"isPartOf\":{\"@id\":\"https:\\\/\\\/rxmedsplus.com\\\/#website\"},\"primaryImageOfPage\":{\"@id\":\"https:\\\/\\\/rxmedsplus.com\\\/product\\\/buy-oxycodone-online-safely\\\/#primaryimage\"},\"image\":{\"@id\":\"https:\\\/\\\/rxmedsplus.com\\\/product\\\/buy-oxycodone-online-safely\\\/#primaryimage\"},\"thumbnailUrl\":\"https:\\\/\\\/rxmedsplus.com\\\/wp-content\\\/uploads\\\/2025\\\/09\\\/11502-Oxycodone-4-1.jpg\",\"datePublished\":\"2025-09-24T21:55:45+00:00\",\"dateModified\":\"2025-09-25T11:15:26+00:00\",\"description\":\"Buy oxycodone online safely for fast pain relief. Our trusted pharmacy offers discreet shipping & high-quality 30mg pills. Order now for secure delivery!\",\"breadcrumb\":{\"@id\":\"https:\\\/\\\/rxmedsplus.com\\\/product\\\/buy-oxycodone-online-safely\\\/#breadcrumb\"},\"inLanguage\":\"ga\",\"potentialAction\":[{\"@type\":\"ReadAction\",\"target\":[\"https:\\\/\\\/rxmedsplus.com\\\/product\\\/buy-oxycodone-online-safely\\\/\"]}]},{\"@type\":\"ImageObject\",\"inLanguage\":\"ga\",\"@id\":\"https:\\\/\\\/rxmedsplus.com\\\/product\\\/buy-oxycodone-online-safely\\\/#primaryimage\",\"url\":\"https:\\\/\\\/rxmedsplus.com\\\/wp-content\\\/uploads\\\/2025\\\/09\\\/11502-Oxycodone-4-1.jpg\",\"contentUrl\":\"https:\\\/\\\/rxmedsplus.com\\\/wp-content\\\/uploads\\\/2025\\\/09\\\/11502-Oxycodone-4-1.jpg\",\"width\":456,\"height\":501},{\"@type\":\"BreadcrumbList\",\"@id\":\"https:\\\/\\\/rxmedsplus.com\\\/product\\\/buy-oxycodone-online-safely\\\/#breadcrumb\",\"itemListElement\":[{\"@type\":\"ListItem\",\"position\":1,\"name\":\"Home\",\"item\":\"https:\\\/\\\/rxmedsplus.com\\\/\"},{\"@type\":\"ListItem\",\"position\":2,\"name\":\"Shop\",\"item\":\"https:\\\/\\\/rxmedsplus.com\\\/shop\\\/\"},{\"@type\":\"ListItem\",\"position\":3,\"name\":\"Buy Oxycodone 30mg Online \u2013 Fast &#038; Safe Relief\"}]},{\"@type\":\"WebSite\",\"@id\":\"https:\\\/\\\/rxmedsplus.com\\\/#website\",\"url\":\"https:\\\/\\\/rxmedsplus.com\\\/\",\"name\":\"Rx Meds Plus\",\"description\":\"Buy Prescription Meds and Pills Online with Fast Delivery\",\"potentialAction\":[{\"@type\":\"SearchAction\",\"target\":{\"@type\":\"EntryPoint\",\"urlTemplate\":\"https:\\\/\\\/rxmedsplus.com\\\/?s={search_term_string}\"},\"query-input\":{\"@type\":\"PropertyValueSpecification\",\"valueRequired\":true,\"valueName\":\"search_term_string\"}}],\"inLanguage\":\"ga\"}]}<\/script>\n<meta property=\"og:availability\" content=\"instock\" \/>\n<meta property=\"product:availability\" content=\"instock\" \/>\n<meta property=\"product:retailer_item_id\" content=\"qVKXgCRc4W\" \/>\n<meta property=\"product:condition\" content=\"new\" \/>\n<!-- \/ Yoast SEO Premium plugin. -->","yoast_head_json":{"title":"Ceannaigh Oxycodone 30mg Ar L\u00edne \u2013 Faoiseamh Tapa &amp; S\u00e1bh\u00e1ilte \u00bb Rx Meds Plus","description":"Ceannaigh ocsaicod\u00f3n ar l\u00edne go s\u00e1bh\u00e1ilte le haghaidh faoiseamh tapa \u00f3 phian. Cuireann \u00e1r gc\u00f3gaslann iontaofa loingseoireacht discr\u00e9ideach agus pills 30mg ardchaighde\u00e1in ar f\u00e1il. Ord\u00fa anois le haghaidh seachadadh sl\u00e1n!","robots":{"index":"noindex","follow":"follow","max-snippet":"max-snippet:-1","max-image-preview":"max-image-preview:large","max-video-preview":"max-video-preview:-1"},"og_locale":"en_US","og_type":"article","og_title":"Buy Oxycodone 30mg Online \u2013 Fast & Safe Relief","og_description":"Buy oxycodone online safely for fast pain relief. Our trusted pharmacy offers discreet shipping & high-quality 30mg pills. Order now for secure delivery!","og_url":"https:\/\/rxmedsplus.com\/ga\/product\/buy-oxycodone-online-safely\/","og_site_name":"Rx Meds Plus","article_modified_time":"2025-09-25T11:15:26+00:00","og_image":[{"width":456,"height":501,"url":"https:\/\/mlehknw8zzux.i.optimole.com\/w:456\/h:501\/q:mauto\/f:best\/https:\/\/rxmedsplus.com\/wp-content\/uploads\/2025\/09\/11502-Oxycodone-4-1.jpg","type":"image\/jpeg"}],"twitter_card":"summary_large_image","twitter_misc":{"Availability":"In stock"},"schema":{"@context":"https:\/\/schema.org","@graph":[{"@type":"WebPage","@id":"https:\/\/rxmedsplus.com\/product\/buy-oxycodone-online-safely\/","url":"https:\/\/rxmedsplus.com\/product\/buy-oxycodone-online-safely\/","name":"Ceannaigh Oxycodone 30mg Ar L\u00edne \u2013 Faoiseamh Tapa &amp; S\u00e1bh\u00e1ilte \u00bb Rx Meds Plus","isPartOf":{"@id":"https:\/\/rxmedsplus.com\/#website"},"primaryImageOfPage":{"@id":"https:\/\/rxmedsplus.com\/product\/buy-oxycodone-online-safely\/#primaryimage"},"image":{"@id":"https:\/\/rxmedsplus.com\/product\/buy-oxycodone-online-safely\/#primaryimage"},"thumbnailUrl":"https:\/\/rxmedsplus.com\/wp-content\/uploads\/2025\/09\/11502-Oxycodone-4-1.jpg","datePublished":"2025-09-24T21:55:45+00:00","dateModified":"2025-09-25T11:15:26+00:00","description":"Ceannaigh ocsaicod\u00f3n ar l\u00edne go s\u00e1bh\u00e1ilte le haghaidh faoiseamh tapa \u00f3 phian. Cuireann \u00e1r gc\u00f3gaslann iontaofa loingseoireacht discr\u00e9ideach agus pills 30mg ardchaighde\u00e1in ar f\u00e1il. Ord\u00fa anois le haghaidh seachadadh sl\u00e1n!","breadcrumb":{"@id":"https:\/\/rxmedsplus.com\/product\/buy-oxycodone-online-safely\/#breadcrumb"},"inLanguage":"ga","potentialAction":[{"@type":"ReadAction","target":["https:\/\/rxmedsplus.com\/product\/buy-oxycodone-online-safely\/"]}]},{"@type":"ImageObject","inLanguage":"ga","@id":"https:\/\/rxmedsplus.com\/product\/buy-oxycodone-online-safely\/#primaryimage","url":"https:\/\/rxmedsplus.com\/wp-content\/uploads\/2025\/09\/11502-Oxycodone-4-1.jpg","contentUrl":"https:\/\/rxmedsplus.com\/wp-content\/uploads\/2025\/09\/11502-Oxycodone-4-1.jpg","width":456,"height":501},{"@type":"BreadcrumbList","@id":"https:\/\/rxmedsplus.com\/product\/buy-oxycodone-online-safely\/#breadcrumb","itemListElement":[{"@type":"ListItem","position":1,"name":"Home","item":"https:\/\/rxmedsplus.com\/"},{"@type":"ListItem","position":2,"name":"Shop","item":"https:\/\/rxmedsplus.com\/shop\/"},{"@type":"ListItem","position":3,"name":"Buy Oxycodone 30mg Online \u2013 Fast &#038; Safe Relief"}]},{"@type":"WebSite","@id":"https:\/\/rxmedsplus.com\/#website","url":"https:\/\/rxmedsplus.com\/","name":"C\u00f3gais Oideas Plus","description":"Ceannaigh C\u00f3gais agus Piolla\u00ed Oideas Ar L\u00edne le Seachadadh Tapa","potentialAction":[{"@type":"SearchAction","target":{"@type":"EntryPoint","urlTemplate":"https:\/\/rxmedsplus.com\/?s={search_term_string}"},"query-input":{"@type":"PropertyValueSpecification","valueRequired":true,"valueName":"search_term_string"}}],"inLanguage":"ga"}]},"og_availability":"instock","product_availability":"instock","product_retailer_item_id":"qVKXgCRc4W","product_condition":"new"},"_links":{"self":[{"href":"https:\/\/rxmedsplus.com\/ga\/wp-json\/wp\/v2\/product\/3652","targetHints":{"allow":["GET"]}}],"collection":[{"href":"https:\/\/rxmedsplus.com\/ga\/wp-json\/wp\/v2\/product"}],"about":[{"href":"https:\/\/rxmedsplus.com\/ga\/wp-json\/wp\/v2\/types\/product"}],"replies":[{"embeddable":true,"href":"https:\/\/rxmedsplus.com\/ga\/wp-json\/wp\/v2\/comments?post=3652"}],"wp:featuredmedia":[{"embeddable":true,"href":"https:\/\/rxmedsplus.com\/ga\/wp-json\/wp\/v2\/media\/3691"}],"wp:attachment":[{"href":"https:\/\/rxmedsplus.com\/ga\/wp-json\/wp\/v2\/media?parent=3652"}],"wp:term":[{"taxonomy":"product_brand","embeddable":true,"href":"https:\/\/rxmedsplus.com\/ga\/wp-json\/wp\/v2\/product_brand?post=3652"},{"taxonomy":"product_cat","embeddable":true,"href":"https:\/\/rxmedsplus.com\/ga\/wp-json\/wp\/v2\/product_cat?post=3652"},{"taxonomy":"product_tag","embeddable":true,"href":"https:\/\/rxmedsplus.com\/ga\/wp-json\/wp\/v2\/product_tag?post=3652"}],"curies":[{"name":"wp","href":"https:\/\/api.w.org\/{rel}","templated":true}]}}