{"id":3683,"date":"2025-09-24T21:56:12","date_gmt":"2025-09-24T21:56:12","guid":{"rendered":"https:\/\/rxmedsplus.com\/?post_type=product&#038;p=3683"},"modified":"2025-09-25T11:02:37","modified_gmt":"2025-09-25T11:02:37","slug":"buy-ritalin-online-2","status":"publish","type":"product","link":"https:\/\/rxmedsplus.com\/ga\/product\/buy-ritalin-online-2\/","title":{"rendered":"Ceannaigh Ritalin 10mg Ar L\u00edne | Loingseoireacht Thapa &amp; Sl\u00e1n sna St\u00e1it Aontaithe"},"content":{"rendered":"<h2>Ceannaigh Ritalin 10mg Ar L\u00edne le haghaidh C\u00f3ire\u00e1la ADHD \u2013 Loingseoireacht Thapa &amp; Discr\u00e9ideach sna St\u00e1it Aontaithe<\/h2>\n<p>M\u00e1s c\u00f3gaslann iontaofa ar l\u00edne at\u00e1 uait chun Ritalin 10mg a cheannach ar l\u00edne gan oideas, n\u00e1 breathnaigh n\u00edos faide. Cuirimid t\u00e1ibl\u00e9id Ritalin 10mg bar\u00e1nt\u00fala ar f\u00e1il le loingseoireacht thapa agus sl\u00e1n sna St\u00e1it Aontaithe, rud a chinnt\u00edonn seachadadh tapa agus discr\u00e9ideach chuig do dhoras. Mar dh\u00edolt\u00f3ir c\u00f3gais ar l\u00edne meas\u00fail, r\u00e1tha\u00edmid c\u00f3gais\u00edocht ardchaighde\u00e1in do chustaim\u00e9ir\u00ed sna St\u00e1it Aontaithe, i gCeanada, san AE, agus ar fud an domhain. Cib\u00e9 an bhfuil Ritalin uait le haghaidh bainist\u00edocht ADHD n\u00f3 feabhs\u00fa cogna\u00edoch, is \u00e9 \u00e1r bpr\u00f3iseas ordaithe \u00e9asca agus \u00e1r seirbh\u00eds iontaofa an rogha is fearr linn chun Ritalin a cheannach ar l\u00edne.<\/p>\n<h3>Cad \u00e9 Ritalin 10mg agus conas a oibr\u00edonn s\u00e9?<\/h3>\n<p>Is spreagthach ar oideas \u00e9 Ritalin 10mg ina bhfuil meitilf\u00e9inid\u00e1it, spreagthach l\u00e1rch\u00f3ras na n\u00e9ar\u00f3g a fheabhsa\u00edonn f\u00f3cas, aird agus rial\u00fa impulse. \u00das\u00e1idtear \u00e9 go pr\u00edomha chun Neamhord Easnamh Airde agus Hipirghn\u00edomha\u00edochta (ADHD) agus narcail\u00e9ipse a ch\u00f3ire\u00e1il. Tr\u00ed thionchar a imirt ar n\u00e9ar-tharchurad\u00f3ir\u00ed san inchinn, cuid\u00edonn Ritalin le soil\u00e9ireacht mheabhrach, ti\u00fachan agus t\u00e1irgi\u00falacht a fheabhs\u00fa, rud a fh\u00e1gann gur c\u00f3gas an-t\u00f3ir air i measc mic l\u00e9inn, gairmithe agus daoine aonair a bhfuil ADHD orthu.<\/p>\n<h4>Pr\u00edomhbhunt\u00e1ist\u00ed Ritalin 10mg<\/h4>\n<p>&#8211; <strong>Feabhsa\u00edonn s\u00e9 F\u00f3cas &amp; Ti\u00fachan<\/strong> \u2013 Feabhsa\u00edonn s\u00e9 feidhm\u00edocht chogna\u00edoch agus r\u00e9imse airde.<br \/>\n&#8211; <strong>Laghda\u00edonn s\u00e9 Hipirghn\u00edomha\u00edocht &amp; Impleachtacht<\/strong> \u2013 Cabhra\u00edonn s\u00e9 le hair\u00edonna ADHD a bhainisti\u00fa go h\u00e9ifeachtach.<br \/>\n&#8211; <strong>Nearta\u00edonn s\u00e9 Fuinneamh Meabhrach<\/strong> \u2013 M\u00e9ada\u00edonn s\u00e9 airdeall agus laghda\u00edonn s\u00e9 tuirse.<br \/>\n&#8211; <strong>Foirmle Sh\u00e1bh\u00e1ilte &amp; Gn\u00edomh\u00fa Tapa<\/strong> \u2013 Tugann s\u00e9 tortha\u00ed gasta laistigh de 30-60 n\u00f3im\u00e9ad tar \u00e9is ionghabh\u00e1la.<\/p>\n<h3>D\u00e1ileog Molta &amp; Treoirl\u00ednte \u00das\u00e1ide<\/h3>\n<p>Do thosaitheoir\u00ed agus d\u00f3ibh si\u00fad a bhfuil lamh\u00e1ltas \u00edseal acu, is \u00e9 d\u00e1ileog 10mg an rogha is fearr. Glacann formh\u00f3r na n-\u00fas\u00e1ideoir\u00ed 1-2 th\u00e1ibl\u00e9ad gach l\u00e1, ag brath ar chomhairle leighis n\u00f3 ar lamh\u00e1ltas pearsanta. Seo treoir ghinear\u00e1lta \u00fas\u00e1ide:<br \/>\n&#8211; <strong>C\u00f3ire\u00e1il ADHD:<\/strong> Leath go haon t\u00e1ibl\u00e9ad amh\u00e1in (5-10mg) a th\u00f3gtar 2-3 huaire sa l\u00e1 de r\u00e9ir mar is g\u00e1.<br \/>\n&#8211; <strong>Feabhs\u00fa Cogna\u00edoch:<\/strong> T\u00e1ibl\u00e9ad amh\u00e1in (10mg) ar maidin n\u00f3 roimh thascanna a bhfuil d\u00fashl\u00e1n meabhrach ag baint leo.<\/p>\n<p>Tosaigh i gc\u00f3na\u00ed le d\u00e1ileog n\u00edos \u00edsle chun an chaoinfhulaingt a mheas. Seachain dul thar 60mg in aon l\u00e1 amh\u00e1in chun fo-iarsma\u00ed a chosc.<\/p>\n<h3>C\u00e9n f\u00e1th ar ch\u00f3ir duit Ritalin 10mg a cheannach ar l\u00edne uainn?<\/h3>\n<p>1. <strong>Gan aon oideas ag teast\u00e1il<\/strong> \u2013 Seachain an str\u00f3 a bhaineann le cuairteanna docht\u00fara agus faigh Ritalin go tapa agus go discr\u00e9ideach.<br \/>\n2. <strong>Bar\u00e1nt\u00falacht R\u00e1thaithe<\/strong> \u2013 N\u00ed shol\u00e1thra\u00edmid ach Ritalin f\u00edor, t\u00e1st\u00e1ilte i saotharlann, \u00f3 mhonar\u00f3ir\u00ed iontaofa.<br \/>\n3. <strong>Loingseoireacht Thapa &amp; Sl\u00e1n sna St\u00e1it Aontaithe<\/strong> \u2013 Seachadadh laistigh de 2-5 l\u00e1 sna St\u00e1it Aontaithe, le rian\u00fa agus pac\u00e1isti\u00fa discr\u00e9ideach.<br \/>\n4. <strong>Loingseoireacht ar F\u00e1il ar fud an Domhain<\/strong> \u2013 Ag freastal ar chustaim\u00e9ir\u00ed sna St\u00e1it Aontaithe, i gCeanada, san AE, agus ar fud an domhain.<\/p>\n<h3>Fo-iarsma\u00ed F\u00e9ideartha &amp; R\u00e9amhch\u00faraim\u00ed S\u00e1bh\u00e1ilteachta<\/h3>\n<p>C\u00e9 go bhfuil Ritalin 10mg s\u00e1bh\u00e1ilte i gcoitinne nuair a \u00fas\u00e1idtear i gceart \u00e9, d\u2019fh\u00e9adfadh fo-iarsma\u00ed \u00e9adroma a bheith ag cuid acu, lena n-\u00e1ir\u00edtear:<br \/>\nInsomnia n\u00f3 suaitheadh \u200b\u200bcodlata<br \/>\n\u2013 Goile laghdaithe<br \/>\nTinneas cinn n\u00f3 meadhr\u00e1n<br \/>\nN\u00e9ar\u00f3g bheag<\/p>\n<p>Chun na riosca\u00ed a \u00edoslaghd\u00fa, seachain alc\u00f3l agus caif\u00e9in agus Ritalin \u00e1 \u00fas\u00e1id agat. N\u00e1 cuir le ch\u00e9ile \u00e9 le spreagth\u00f3ir\u00ed eile gan mhaoirseacht leighis.<\/p>\n<h3>C\u00e1 h\u00e1it le Ritalin 10mg a Cheannach ar L\u00edne go S\u00e1bh\u00e1ilte<\/h3>\n<p>T\u00e1 s\u00e9 r\u00edth\u00e1bhachtach foinse iontaofa a aimsi\u00fa chun Ritalin 10mg a cheannach ar l\u00edne. Mar ch\u00f3gaslann iontaofa ar l\u00edne, cinnt\u00edmid:<br \/>\n&#8211; <strong>Roghanna \u00cdoca\u00edochta Sl\u00e1na<\/strong> \u2013 Ilmhodhanna \u00edoca\u00edochta le haghaidh \u00e1ise.<br \/>\n&#8211; <strong>Pac\u00e1isti\u00fa 100% Discr\u00e9ideach<\/strong> \u2013 Gan lip\u00e9id a l\u00e9ir\u00edonn an t-\u00e1bhar.<br \/>\n&#8211; <strong>Taca\u00edocht do Chustaim\u00e9ir\u00ed 24\/7<\/strong> \u2013 C\u00fanamh ag gach c\u00e9im de d\u2019ord\u00fa.<\/p>\n<h3>Ord\u00fa Do Ritalin 10mg Inniu &amp; Bain sult as Loingseoireacht Thapa<\/h3>\n<p>N\u00e1 lig don ADHD n\u00e1 don easpa f\u00f3cais t\u00fa a choinne\u00e1il siar. Ceannaigh Ritalin 10mg ar l\u00edne \u00f3 dh\u00edolt\u00f3ir iontaofa agus bain sult as feidhm\u00edocht mheabhrach fheabhsaithe le loingseoireacht thapa agus sl\u00e1n. Cib\u00e9 an bhfuil t\u00fa sna St\u00e1it Aontaithe, i gCeanada, n\u00f3 in \u00e1it eile ar domhan, d\u00e9anaimid seachadadh go pras le r\u00fandacht r\u00e1thaithe.<\/p>\n<p><strong>Cuir d\u2019ord\u00fa isteach anois agus faigh do Ritalin 10mg seachadta go discr\u00e9ideach chuig do dhoras!<\/strong><\/p>","protected":false},"excerpt":{"rendered":"<p>An bhfuil r\u00e9iteach tapa, iontaofa uait le haghaidh ADHD? Ceannaigh Ritalin 10mg ar l\u00edne le loingseoireacht thapa, sl\u00e1n sna St\u00e1it Aontaithe\u2014n\u00edl aon oideas ag teast\u00e1il. Cuid\u00edonn \u00e1r dt\u00e1ibl\u00e9id Methylphenidate ceadaithe ag an FDA le f\u00f3cas agus hipearghn\u00edomha\u00edocht a bhainisti\u00fa go h\u00e9ifeachtach. Bain sult as pr\u00f3iseas ceannaigh gan str\u00f3 agus seachadadh discr\u00e9ideach ar an doras. Roghnaigh c\u00e1il\u00edocht iontaofa le Scope Pharmaceutical Shop inniu!<\/p>","protected":false},"featured_media":3717,"comment_status":"open","ping_status":"closed","template":"","meta":{"site-sidebar-layout":"default","site-content-layout":"","ast-site-content-layout":"default","site-content-style":"default","site-sidebar-style":"default","ast-global-header-display":"","ast-banner-title-visibility":"","ast-main-header-display":"","ast-hfb-above-header-display":"","ast-hfb-below-header-display":"","ast-hfb-mobile-header-display":"","site-post-title":"","ast-breadcrumbs-content":"","ast-featured-img":"","footer-sml-layout":"","ast-disable-related-posts":"","theme-transparent-header-meta":"default","adv-header-id-meta":"","stick-header-meta":"default","header-above-stick-meta":"","header-main-stick-meta":"","header-below-stick-meta":"","astra-migrate-meta-layouts":"set","ast-page-background-enabled":"default","ast-page-background-meta":{"desktop":{"background-color":"","background-image":"","background-repeat":"repeat","background-position":"center center","background-size":"auto","background-attachment":"scroll","background-type":"","background-media":"","overlay-type":"","overlay-color":"","overlay-opacity":"","overlay-gradient":""},"tablet":{"background-color":"","background-image":"","background-repeat":"repeat","background-position":"center center","background-size":"auto","background-attachment":"scroll","background-type":"","background-media":"","overlay-type":"","overlay-color":"","overlay-opacity":"","overlay-gradient":""},"mobile":{"background-color":"","background-image":"","background-repeat":"repeat","background-position":"center center","background-size":"auto","background-attachment":"scroll","background-type":"","background-media":"","overlay-type":"","overlay-color":"","overlay-opacity":"","overlay-gradient":""}},"ast-content-background-meta":{"desktop":{"background-color":"var(--ast-global-color-5)","background-image":"","background-repeat":"repeat","background-position":"center center","background-size":"auto","background-attachment":"scroll","background-type":"","background-media":"","overlay-type":"","overlay-color":"","overlay-opacity":"","overlay-gradient":""},"tablet":{"background-color":"var(--ast-global-color-5)","background-image":"","background-repeat":"repeat","background-position":"center center","background-size":"auto","background-attachment":"scroll","background-type":"","background-media":"","overlay-type":"","overlay-color":"","overlay-opacity":"","overlay-gradient":""},"mobile":{"background-color":"var(--ast-global-color-5)","background-image":"","background-repeat":"repeat","background-position":"center center","background-size":"auto","background-attachment":"scroll","background-type":"","background-media":"","overlay-type":"","overlay-color":"","overlay-opacity":"","overlay-gradient":""}}},"product_brand":[],"product_cat":[37],"product_tag":[241,247,632,1070,1068,1067,1069,251,1066,1071],"class_list":{"0":"post-3683","1":"product","2":"type-product","3":"status-publish","4":"has-post-thumbnail","6":"product_cat-buy-pain-relief-medication-online","7":"product_tag-adhd-medication","8":"product_tag-adhd-treatment","9":"product_tag-buy-ritalin-online","10":"product_tag-cognitive-enhancer","11":"product_tag-fast-usa-shipping","12":"product_tag-methylphenidate","13":"product_tag-no-prescription-ritalin","14":"product_tag-online-pharmacy","15":"product_tag-ritalin-10mg","16":"product_tag-secure-ritalin-purchase","17":"desktop-align-left","18":"tablet-align-left","19":"mobile-align-left","20":"ast-product-gallery-layout-horizontal-slider","21":"ast-product-gallery-with-no-image","22":"ast-magnify-disabled","23":"ast-product-single-variable","24":"ast-product-tabs-layout-horizontal","26":"first","27":"instock","28":"shipping-taxable","29":"purchasable","30":"product-type-variable"},"yoast_head":"<!-- This site is optimized with the Yoast SEO Premium plugin v26.0 (Yoast SEO v27.6) - https:\/\/yoast.com\/product\/yoast-seo-premium-wordpress\/ -->\n<title>Buy Ritalin 10mg Online | Fast &amp; Secure USA Shipping &#187; Rx Meds Plus<\/title>\n<meta name=\"description\" content=\"Buy Ritalin online for ADHD treatment with fast, secure USA shipping. Get authentic Ritalin 10mg tablets delivered discreetly \u2013 order now!\" \/>\n<meta name=\"robots\" content=\"noindex, follow, max-snippet:-1, max-image-preview:large, max-video-preview:-1\" \/>\n<meta property=\"og:locale\" content=\"en_US\" \/>\n<meta property=\"og:type\" content=\"article\" \/>\n<meta property=\"og:title\" content=\"Buy Ritalin 10mg Online | Fast &amp; Secure USA Shipping\" \/>\n<meta property=\"og:description\" content=\"Buy Ritalin online for ADHD treatment with fast, secure USA shipping. Get authentic Ritalin 10mg tablets delivered discreetly \u2013 order now!\" \/>\n<meta property=\"og:url\" content=\"https:\/\/rxmedsplus.com\/ga\/product\/buy-ritalin-online-2\/\" \/>\n<meta property=\"og:site_name\" content=\"Rx Meds Plus\" \/>\n<meta property=\"article:modified_time\" content=\"2025-09-25T11:02:37+00:00\" \/>\n<meta property=\"og:image\" content=\"https:\/\/mlehknw8zzux.i.optimole.com\/w:450\/h:450\/q:mauto\/f:best\/https:\/\/rxmedsplus.com\/wp-content\/uploads\/2025\/09\/ee33eq2ss.jpg\" \/>\n\t<meta property=\"og:image:width\" content=\"450\" \/>\n\t<meta property=\"og:image:height\" content=\"450\" \/>\n\t<meta property=\"og:image:type\" content=\"image\/jpeg\" \/>\n<meta name=\"twitter:card\" content=\"summary_large_image\" \/>\n<meta name=\"twitter:label1\" content=\"Availability\" \/>\n\t<meta name=\"twitter:data1\" content=\"In stock\" \/>\n<script type=\"application\/ld+json\" class=\"yoast-schema-graph\">{\"@context\":\"https:\\\/\\\/schema.org\",\"@graph\":[{\"@type\":\"WebPage\",\"@id\":\"https:\\\/\\\/rxmedsplus.com\\\/product\\\/buy-ritalin-online-2\\\/\",\"url\":\"https:\\\/\\\/rxmedsplus.com\\\/product\\\/buy-ritalin-online-2\\\/\",\"name\":\"Buy Ritalin 10mg Online | Fast & Secure USA Shipping &#187; Rx Meds Plus\",\"isPartOf\":{\"@id\":\"https:\\\/\\\/rxmedsplus.com\\\/#website\"},\"primaryImageOfPage\":{\"@id\":\"https:\\\/\\\/rxmedsplus.com\\\/product\\\/buy-ritalin-online-2\\\/#primaryimage\"},\"image\":{\"@id\":\"https:\\\/\\\/rxmedsplus.com\\\/product\\\/buy-ritalin-online-2\\\/#primaryimage\"},\"thumbnailUrl\":\"https:\\\/\\\/rxmedsplus.com\\\/wp-content\\\/uploads\\\/2025\\\/09\\\/ee33eq2ss.jpg\",\"datePublished\":\"2025-09-24T21:56:12+00:00\",\"dateModified\":\"2025-09-25T11:02:37+00:00\",\"description\":\"Buy Ritalin online for ADHD treatment with fast, secure USA shipping. Get authentic Ritalin 10mg tablets delivered discreetly \u2013 order now!\",\"breadcrumb\":{\"@id\":\"https:\\\/\\\/rxmedsplus.com\\\/product\\\/buy-ritalin-online-2\\\/#breadcrumb\"},\"inLanguage\":\"ga\",\"potentialAction\":[{\"@type\":\"ReadAction\",\"target\":[\"https:\\\/\\\/rxmedsplus.com\\\/product\\\/buy-ritalin-online-2\\\/\"]}]},{\"@type\":\"ImageObject\",\"inLanguage\":\"ga\",\"@id\":\"https:\\\/\\\/rxmedsplus.com\\\/product\\\/buy-ritalin-online-2\\\/#primaryimage\",\"url\":\"https:\\\/\\\/rxmedsplus.com\\\/wp-content\\\/uploads\\\/2025\\\/09\\\/ee33eq2ss.jpg\",\"contentUrl\":\"https:\\\/\\\/rxmedsplus.com\\\/wp-content\\\/uploads\\\/2025\\\/09\\\/ee33eq2ss.jpg\",\"width\":450,\"height\":450},{\"@type\":\"BreadcrumbList\",\"@id\":\"https:\\\/\\\/rxmedsplus.com\\\/product\\\/buy-ritalin-online-2\\\/#breadcrumb\",\"itemListElement\":[{\"@type\":\"ListItem\",\"position\":1,\"name\":\"Home\",\"item\":\"https:\\\/\\\/rxmedsplus.com\\\/\"},{\"@type\":\"ListItem\",\"position\":2,\"name\":\"Shop\",\"item\":\"https:\\\/\\\/rxmedsplus.com\\\/shop\\\/\"},{\"@type\":\"ListItem\",\"position\":3,\"name\":\"Buy Ritalin 10mg Online | Fast &#038; Secure USA Shipping\"}]},{\"@type\":\"WebSite\",\"@id\":\"https:\\\/\\\/rxmedsplus.com\\\/#website\",\"url\":\"https:\\\/\\\/rxmedsplus.com\\\/\",\"name\":\"Rx Meds Plus\",\"description\":\"Buy Prescription Meds and Pills Online with Fast Delivery\",\"potentialAction\":[{\"@type\":\"SearchAction\",\"target\":{\"@type\":\"EntryPoint\",\"urlTemplate\":\"https:\\\/\\\/rxmedsplus.com\\\/?s={search_term_string}\"},\"query-input\":{\"@type\":\"PropertyValueSpecification\",\"valueRequired\":true,\"valueName\":\"search_term_string\"}}],\"inLanguage\":\"ga\"}]}<\/script>\n<meta property=\"og:availability\" content=\"instock\" \/>\n<meta property=\"product:availability\" content=\"instock\" \/>\n<meta property=\"product:retailer_item_id\" content=\"kpWQLnAtfR\" \/>\n<meta property=\"product:condition\" content=\"new\" \/>\n<!-- \/ Yoast SEO Premium plugin. -->","yoast_head_json":{"title":"Ceannaigh Ritalin 10mg Ar L\u00edne | Loingseoireacht Thapa &amp; Sl\u00e1n sna St\u00e1it Aontaithe \u00bb Rx Meds Plus","description":"Ceannaigh Ritalin ar l\u00edne le haghaidh c\u00f3ire\u00e1la ADHD le loingseoireacht thapa, sl\u00e1n sna St\u00e1it Aontaithe. Faigh t\u00e1ibl\u00e9id Ritalin bar\u00e1nt\u00fala 10mg seachadta go discr\u00e9ideach - ordaigh anois!","robots":{"index":"noindex","follow":"follow","max-snippet":"max-snippet:-1","max-image-preview":"max-image-preview:large","max-video-preview":"max-video-preview:-1"},"og_locale":"en_US","og_type":"article","og_title":"Buy Ritalin 10mg Online | Fast & Secure USA Shipping","og_description":"Buy Ritalin online for ADHD treatment with fast, secure USA shipping. Get authentic Ritalin 10mg tablets delivered discreetly \u2013 order now!","og_url":"https:\/\/rxmedsplus.com\/ga\/product\/buy-ritalin-online-2\/","og_site_name":"Rx Meds Plus","article_modified_time":"2025-09-25T11:02:37+00:00","og_image":[{"width":450,"height":450,"url":"https:\/\/mlehknw8zzux.i.optimole.com\/w:450\/h:450\/q:mauto\/f:best\/https:\/\/rxmedsplus.com\/wp-content\/uploads\/2025\/09\/ee33eq2ss.jpg","type":"image\/jpeg"}],"twitter_card":"summary_large_image","twitter_misc":{"Availability":"In stock"},"schema":{"@context":"https:\/\/schema.org","@graph":[{"@type":"WebPage","@id":"https:\/\/rxmedsplus.com\/product\/buy-ritalin-online-2\/","url":"https:\/\/rxmedsplus.com\/product\/buy-ritalin-online-2\/","name":"Ceannaigh Ritalin 10mg Ar L\u00edne | Loingseoireacht Thapa &amp; Sl\u00e1n sna St\u00e1it Aontaithe \u00bb Rx Meds Plus","isPartOf":{"@id":"https:\/\/rxmedsplus.com\/#website"},"primaryImageOfPage":{"@id":"https:\/\/rxmedsplus.com\/product\/buy-ritalin-online-2\/#primaryimage"},"image":{"@id":"https:\/\/rxmedsplus.com\/product\/buy-ritalin-online-2\/#primaryimage"},"thumbnailUrl":"https:\/\/rxmedsplus.com\/wp-content\/uploads\/2025\/09\/ee33eq2ss.jpg","datePublished":"2025-09-24T21:56:12+00:00","dateModified":"2025-09-25T11:02:37+00:00","description":"Ceannaigh Ritalin ar l\u00edne le haghaidh c\u00f3ire\u00e1la ADHD le loingseoireacht thapa, sl\u00e1n sna St\u00e1it Aontaithe. Faigh t\u00e1ibl\u00e9id Ritalin bar\u00e1nt\u00fala 10mg seachadta go discr\u00e9ideach - ordaigh anois!","breadcrumb":{"@id":"https:\/\/rxmedsplus.com\/product\/buy-ritalin-online-2\/#breadcrumb"},"inLanguage":"ga","potentialAction":[{"@type":"ReadAction","target":["https:\/\/rxmedsplus.com\/product\/buy-ritalin-online-2\/"]}]},{"@type":"ImageObject","inLanguage":"ga","@id":"https:\/\/rxmedsplus.com\/product\/buy-ritalin-online-2\/#primaryimage","url":"https:\/\/rxmedsplus.com\/wp-content\/uploads\/2025\/09\/ee33eq2ss.jpg","contentUrl":"https:\/\/rxmedsplus.com\/wp-content\/uploads\/2025\/09\/ee33eq2ss.jpg","width":450,"height":450},{"@type":"BreadcrumbList","@id":"https:\/\/rxmedsplus.com\/product\/buy-ritalin-online-2\/#breadcrumb","itemListElement":[{"@type":"ListItem","position":1,"name":"Home","item":"https:\/\/rxmedsplus.com\/"},{"@type":"ListItem","position":2,"name":"Shop","item":"https:\/\/rxmedsplus.com\/shop\/"},{"@type":"ListItem","position":3,"name":"Buy Ritalin 10mg Online | Fast &#038; Secure USA Shipping"}]},{"@type":"WebSite","@id":"https:\/\/rxmedsplus.com\/#website","url":"https:\/\/rxmedsplus.com\/","name":"C\u00f3gais Oideas Plus","description":"Ceannaigh C\u00f3gais agus Piolla\u00ed Oideas Ar L\u00edne le Seachadadh Tapa","potentialAction":[{"@type":"SearchAction","target":{"@type":"EntryPoint","urlTemplate":"https:\/\/rxmedsplus.com\/?s={search_term_string}"},"query-input":{"@type":"PropertyValueSpecification","valueRequired":true,"valueName":"search_term_string"}}],"inLanguage":"ga"}]},"og_availability":"instock","product_availability":"instock","product_retailer_item_id":"kpWQLnAtfR","product_condition":"new"},"_links":{"self":[{"href":"https:\/\/rxmedsplus.com\/ga\/wp-json\/wp\/v2\/product\/3683","targetHints":{"allow":["GET"]}}],"collection":[{"href":"https:\/\/rxmedsplus.com\/ga\/wp-json\/wp\/v2\/product"}],"about":[{"href":"https:\/\/rxmedsplus.com\/ga\/wp-json\/wp\/v2\/types\/product"}],"replies":[{"embeddable":true,"href":"https:\/\/rxmedsplus.com\/ga\/wp-json\/wp\/v2\/comments?post=3683"}],"wp:featuredmedia":[{"embeddable":true,"href":"https:\/\/rxmedsplus.com\/ga\/wp-json\/wp\/v2\/media\/3717"}],"wp:attachment":[{"href":"https:\/\/rxmedsplus.com\/ga\/wp-json\/wp\/v2\/media?parent=3683"}],"wp:term":[{"taxonomy":"product_brand","embeddable":true,"href":"https:\/\/rxmedsplus.com\/ga\/wp-json\/wp\/v2\/product_brand?post=3683"},{"taxonomy":"product_cat","embeddable":true,"href":"https:\/\/rxmedsplus.com\/ga\/wp-json\/wp\/v2\/product_cat?post=3683"},{"taxonomy":"product_tag","embeddable":true,"href":"https:\/\/rxmedsplus.com\/ga\/wp-json\/wp\/v2\/product_tag?post=3683"}],"curies":[{"name":"wp","href":"https:\/\/api.w.org\/{rel}","templated":true}]}}