{"id":4325,"date":"2026-05-03T23:30:26","date_gmt":"2026-05-03T23:30:26","guid":{"rendered":"https:\/\/rxmedsplus.com\/"},"modified":"2026-05-11T00:13:15","modified_gmt":"2026-05-11T00:13:15","slug":"buy-codeine-phosphate-online","status":"publish","type":"product","link":"https:\/\/rxmedsplus.com\/ga\/product\/buy-codeine-phosphate-online\/","title":{"rendered":"Ceannaigh Fosf\u00e1it C\u00f3id\u00edne 30 mg go Tapa &amp; Discr\u00e9ideach Ar L\u00edne"},"content":{"rendered":"<p><strong>Ceannaigh Fosf\u00e1it C\u00f3id\u00edne 30 mg go Tapa &amp; Discr\u00e9ideach Ar L\u00edne \u2013 R\u00e9iteach Iontaofa ar Fhaoiseamh P\u00e9ine<\/strong>  <\/p>\n<p>Nuair a chuireann pian dian isteach ar do shaol laeth\u00fail, is tosa\u00edocht \u00ed faoiseamh tapa agus \u00e9ifeachtach a aimsi\u00fa. <strong>Ceannaigh Fosf\u00e1it C\u00f3id\u00edne 30 mg go Tapa &amp; Discr\u00e9ideach Ar L\u00edne<\/strong> \u00f3n\u00e1r gc\u00f3gaslann iontaofa chun pian measartha go dian a bhainisti\u00fa go h\u00e9asca. Mar dh\u00edolt\u00f3ir ar l\u00edne dea-ch\u00e1il, cinnt\u00edmid go seachadtar c\u00f3gais ardchaighde\u00e1in go sl\u00e1n chuig do dhoras gan str\u00f3 oidis. Cib\u00e9 an bhfuil t\u00fa sna St\u00e1it Aontaithe, i gCeanada, san AE, sa R\u00edocht Aontaithe, san Astr\u00e1il, n\u00f3 in \u00e1it ar bith ar fud an domhain, r\u00e1tha\u00edonn \u00e1r loingseoireacht dhiscr\u00e9ideach pr\u00edobh\u00e1ideacht agus \u00e1isi\u00falacht.  <\/p>\n<h3><strong>Cad is C\u00f3id\u00edn Fosf\u00e1it 30 mg ann?<\/strong>  <\/h3>\n<p>Is faoiseamh pian \u00f3ipioideach cumhachtach \u00e9 C\u00f3id\u00edn Fosf\u00e1it 30 mg a \u00fas\u00e1idtear chun pian measartha go dian a ch\u00f3ire\u00e1il. Oibr\u00edonn s\u00e9 tr\u00ed athr\u00fa a dh\u00e9anamh ar an gcaoi a bhfreagra\u00edonn an inchinn agus an c\u00f3ras n\u00e9ar\u00f3gach do phian, ag sol\u00e1thar faoisimh \u00e9ifeachtach do riochta\u00ed cos\u00fail le pian droma ainsealach, m\u00edchompord iar-obr\u00e1ide, agus m\u00edograin throma. Ina theannta sin, \u00fas\u00e1idtear \u00e9 uaireanta mar chosc\u00f3ir casachta i nd\u00e1ileoga n\u00edos \u00edsle.  <\/p>\n<p>T\u00e1 i ngach t\u00e1ibl\u00e9ad <strong>30 mg de Ch\u00f3id\u00edn Fosf\u00e1it<\/strong>, ag cinnti\u00fa bainist\u00edocht phian comhsheasmhach agus iontaofa. Ar f\u00e1il i dt\u00e1ibl\u00e9id at\u00e1 \u00e9asca le slogadh, cuireann an c\u00f3gas seo \u00e1isi\u00falacht ar f\u00e1il d\u00f3ibh si\u00fad a bhfuil faoiseamh tapa de dh\u00edth orthu gan d\u00e1ileog go minic.  <\/p>\n<h3><strong>Bunt\u00e1ist\u00ed a bhaineann le C\u00f3id\u00edn Fosf\u00e1it 30 mg<\/strong>  <\/h3>\n<p>Ag roghn\u00fa <strong>Fosf\u00e1it C\u00f3id\u00edne 30 mg<\/strong> tagann roinnt bunt\u00e1ist\u00ed leis:  <\/p>\n<p>&#8211; <strong>Faoiseamh P\u00e9ine Gn\u00edomh\u00fa Tapa<\/strong> \u2013 Laghda\u00edonn s\u00e9 m\u00edchompord go tapa, rud a ligeann duit filleadh ar ghn\u00edomha\u00edochta\u00ed laeth\u00fala.<br \/>\n&#8211; <strong>\u00c9ifeachtach do Chine\u00e1lacha \u00c9ags\u00fala P\u00e9ine<\/strong> \u2013 Oiri\u00fanach le haghaidh pian iar-obr\u00e1ide, pian fiacl\u00f3ireachta, airtr\u00edteas, agus m\u00edchompord a bhaineann le gort\u00fa.<br \/>\n&#8211; <strong>Faoiseamh Leathnaithe<\/strong> \u2013 Sol\u00e1thra\u00edonn s\u00e9 uaireanta fada de bhainisti\u00fa pian lean\u00fanach leis an d\u00e1ileog cheart.<br \/>\n&#8211; <strong>Foirmle Iontaofa<\/strong> \u2013 D\u00e9anta faoi chaighde\u00e1in ch\u00f3gais\u00edochta dochta le haghaidh s\u00e1bh\u00e1ilteachta agus cumhachta.  <\/p>\n<h3><strong>D\u00e1ileog Molta &amp; Treoracha \u00das\u00e1ide<\/strong>  <\/h3>\n<p>Chun \u00fas\u00e1id sh\u00e1bh\u00e1ilte agus \u00e9ifeachtach a chinnti\u00fa, lean na treoirl\u00ednte seo:  <\/p>\n<p>&#8211; <strong>Daoine F\u00e1sta (18+ bliana)<\/strong> \u2013 T\u00f3g <strong>1 t\u00e1ibl\u00e9ad gach 4-6 uair an chloig<\/strong> de r\u00e9ir mar is g\u00e1 le haghaidh pian. N\u00e1 s\u00e1raigh <strong>4 th\u00e1ibl\u00e9ad (120 mg) i 24 uair an chloig<\/strong>.<br \/>\n&#8211; <strong>Seachain Alc\u00f3l<\/strong> \u2013 Is f\u00e9idir le c\u00f3d\u00edn a chomhcheangal le halc\u00f3l codladh agus d\u00falagar riospr\u00e1ide a mh\u00e9ad\u00fa.<br \/>\n&#8211; <strong>N\u00e1 br\u00faigh n\u00e1 n\u00e1 cognaigh<\/strong> \u2013 Slog an t\u00e1ibl\u00e9ad ina ioml\u00e1ine chun a air\u00edonna scaoilte rialaithe a choinne\u00e1il.<br \/>\n&#8211; <strong>T\u00e9igh i gcomhairle le Docht\u00fair m\u00e1s g\u00e1<\/strong> \u2013 C\u00e9 go dtugann muid ceannach gan str\u00f3, moltar dul i gcomhairle le sol\u00e1thra\u00ed c\u00faram sl\u00e1inte le haghaidh \u00fas\u00e1ide fadt\u00e9armach.  <\/p>\n<h3><strong>Fo-iarsma\u00ed F\u00e9ideartha<\/strong>  <\/h3>\n<p>Cos\u00fail le gach c\u00f3gas, d\u2019fh\u00e9adfadh fo-iarsma\u00ed a bheith ag baint le C\u00f3id\u00edn Fosf\u00e1it 30 mg, c\u00e9 nach mb\u00edonn siad ag gach duine. I measc na n-imoibrithe coitianta t\u00e1:  <\/p>\n<p>\u2013 Codladh n\u00f3 meadhr\u00e1n<br \/>\n\u2013 Meadhr\u00e1n n\u00f3 constipation \u00e9adrom<br \/>\nB\u00e9al tirim  <\/p>\n<p>I measc na fo-iarsma\u00ed tromch\u00faiseacha (annamh) t\u00e1 deacracht an\u00e1laithe, meadhr\u00e1n trom, n\u00f3 imoibrithe aill\u00e9irgeacha. M\u00e1 tharla\u00edonn siad seo, iarr aire leighis l\u00e1ithreach.  <\/p>\n<h3><strong>C\u00e9n f\u00e1th a gceanna\u00edonn t\u00fa fosf\u00e1it ch\u00f3id\u00edne 30 mg uainn?<\/strong>  <\/h3>\n<p>Nuair a bheidh t\u00fa <strong>Ceannaigh Fosf\u00e1it C\u00f3id\u00edne 30 mg go Tapa &amp; Discr\u00e9ideach Ar L\u00edne<\/strong>, bainfidh t\u00fa leas as:  <\/p>\n<p>&#8211; <strong>Gan Oideas Riachtanach<\/strong> \u2013 Seachain cuairt an docht\u00fara agus d\u00e9an ord\u00fa go h\u00e1isi\u00fail.<br \/>\n&#8211; <strong>Pac\u00e1isti\u00fa Discr\u00e9ideach<\/strong> \u2013 Is \u00ed do phr\u00edobh\u00e1ideacht \u00e1r dtosa\u00edocht; seoltar gach ord\u00fa i bpac\u00e1ist\u00ed simpl\u00ed, gan mharc\u00e1il.<br \/>\n&#8211; <strong>Loingseoireacht ar fud an Domhain<\/strong> \u2013 Seachadadh tapa chuig SAM, Ceanada, AE, R\u00edocht Aontaithe, Astr\u00e1il, agus n\u00edos faide i gc\u00e9in.<br \/>\n&#8211; <strong>C\u00f3gais F\u00edor\u00fala<\/strong> \u2013 Foinsithe \u00f3 mhonar\u00f3ir\u00ed cead\u00fanaithe le haghaidh c\u00e1il\u00edochta r\u00e1thaithe.<br \/>\n&#8211; <strong>Roghanna \u00cdoca\u00edochta Sl\u00e1na<\/strong> \u2013 Ilmhodhanna \u00edoca\u00edochta s\u00e1bh\u00e1ilte le haghaidh seice\u00e1il amach gan str\u00f3.  <\/p>\n<h3><strong>C\u00e9 ba ch\u00f3ir a sheachaint fosf\u00e1it ch\u00f3id\u00edne?<\/strong>  <\/h3>\n<p>C\u00e9 go bhfuil s\u00e9 \u00e9ifeachtach, n\u00edl fosf\u00e1it ch\u00f3id\u00edne oiri\u00fanach do gach duine. Seachain \u00fas\u00e1id m\u00e1 t\u00e1:  <\/p>\n<p>\u2013 Stair fadhbanna riospr\u00e1ide a bheith agat (m.sh., asma, COPD)<br \/>\nAn bhfuil t\u00fa ag iompar clainne n\u00f3 ag beath\u00fa c\u00edche?<br \/>\n\u2013 Galar ae n\u00f3 du\u00e1in orthu<br \/>\n\u2013 T\u00e1 aill\u00e9irge agat ar opioids  <\/p>\n<h3><strong>Conas Fosf\u00e1it C\u00f3id\u00edne a St\u00f3r\u00e1il go S\u00e1bh\u00e1ilte<\/strong>  <\/h3>\n<p>Coinnigh do ch\u00f3gas in \u00e1it fhionnuar tirim amach \u00f3 thaise agus solas d\u00edreach na gr\u00e9ine. Cinntigh go st\u00f3r\u00e1iltear \u00e9 as rochtain leana\u00ed agus peata\u00ed chun cosc \u200b\u200ba chur ar shlogadh de thaisme.  <\/p>\n<h3><strong>Ord\u00fa Fosf\u00e1it C\u00f3id\u00edne 30 mg Ar L\u00edne Inniu<\/strong>  <\/h3>\n<p>N\u00e1 lig don phian do shaol a rial\u00fa. <strong>Ceannaigh Fosf\u00e1it C\u00f3id\u00edne 30 mg go Tapa &amp; Discr\u00e9ideach Ar L\u00edne<\/strong> \u00f3n\u00e1r gc\u00f3gaslann iontaofa agus faigh faoiseamh tapa, \u00e9ifeachtach gan mhoilleanna gan gh\u00e1. Le hord\u00fa sl\u00e1n, loingseoireacht phras, agus c\u00f3gais den scoth, d\u00e9anaimid bainist\u00edocht pian simpl\u00ed agus inrochtana.  <\/p>\n<p>Cuir d\u2019ord\u00fa isteach anois agus bain sult as seachadadh discr\u00e9ideach d\u00edreach chuig do dhoras. Is iad do chompord agus do sh\u00e1stacht \u00e1r bpr\u00edomhthosa\u00edochta\u00ed.<\/p>","protected":false},"excerpt":{"rendered":"<p>An bhfuil faoiseamh tapa uait \u00f3 phian measartha go dian? Is c\u00f3gas iontaofa opioid \u00e9 Codeine Phosphate 30 mg a dh\u00edr\u00edonn go h\u00e9ifeachtach ar an bpian ag a fhoinse, b\u00edodh s\u00e9 \u00f3 ghort\u00fa, obr\u00e1id, n\u00f3 riochta\u00ed ainsealacha. Ag Rx Meds Plus, cuirimid bealach discr\u00e9ideach, gan str\u00f3 ar f\u00e1il chun ord\u00fa a dh\u00e9anamh ar l\u00edne - n\u00edl aon oideas ag teast\u00e1il. Bain sult as \u00edoca\u00edochta\u00ed sl\u00e1na, pac\u00e1isti\u00fa gan ainm, agus seachadadh tapa d\u00edreach chuig do dhoras. Cinnt\u00edonn \u00e1r bhfoireann taca\u00edochta 24\/7 go bhfaigheann t\u00fa an d\u00e1ileog agus an treoir cheart i ngach c\u00e9im den bhealach. Siopa go muin\u00edneach le sol\u00e1thra\u00ed iontaofa a r\u00e1tha\u00edonn c\u00e1il\u00edocht agus bar\u00e1nt\u00falacht. Faigh do fhaoiseamh pian inniu!<\/p>","protected":false},"featured_media":4377,"comment_status":"open","ping_status":"closed","template":"","meta":{"site-sidebar-layout":"default","site-content-layout":"","ast-site-content-layout":"default","site-content-style":"default","site-sidebar-style":"default","ast-global-header-display":"","ast-banner-title-visibility":"","ast-main-header-display":"","ast-hfb-above-header-display":"","ast-hfb-below-header-display":"","ast-hfb-mobile-header-display":"","site-post-title":"","ast-breadcrumbs-content":"","ast-featured-img":"","footer-sml-layout":"","ast-disable-related-posts":"","theme-transparent-header-meta":"","adv-header-id-meta":"","stick-header-meta":"","header-above-stick-meta":"","header-main-stick-meta":"","header-below-stick-meta":"","astra-migrate-meta-layouts":"default","ast-page-background-enabled":"default","ast-page-background-meta":{"desktop":{"background-color":"","background-image":"","background-repeat":"repeat","background-position":"center center","background-size":"auto","background-attachment":"scroll","background-type":"","background-media":"","overlay-type":"","overlay-color":"","overlay-opacity":"","overlay-gradient":""},"tablet":{"background-color":"","background-image":"","background-repeat":"repeat","background-position":"center center","background-size":"auto","background-attachment":"scroll","background-type":"","background-media":"","overlay-type":"","overlay-color":"","overlay-opacity":"","overlay-gradient":""},"mobile":{"background-color":"","background-image":"","background-repeat":"repeat","background-position":"center center","background-size":"auto","background-attachment":"scroll","background-type":"","background-media":"","overlay-type":"","overlay-color":"","overlay-opacity":"","overlay-gradient":""}},"ast-content-background-meta":{"desktop":{"background-color":"var(--ast-global-color-5)","background-image":"","background-repeat":"repeat","background-position":"center center","background-size":"auto","background-attachment":"scroll","background-type":"","background-media":"","overlay-type":"","overlay-color":"","overlay-opacity":"","overlay-gradient":""},"tablet":{"background-color":"var(--ast-global-color-5)","background-image":"","background-repeat":"repeat","background-position":"center center","background-size":"auto","background-attachment":"scroll","background-type":"","background-media":"","overlay-type":"","overlay-color":"","overlay-opacity":"","overlay-gradient":""},"mobile":{"background-color":"var(--ast-global-color-5)","background-image":"","background-repeat":"repeat","background-position":"center center","background-size":"auto","background-attachment":"scroll","background-type":"","background-media":"","overlay-type":"","overlay-color":"","overlay-opacity":"","overlay-gradient":""}}},"product_brand":[],"product_cat":[1688],"product_tag":[777,706,797,1943,1746,1190,903,251,705,794,704,1944,746,1945,1826],"class_list":{"0":"post-4325","1":"product","2":"type-product","3":"status-publish","4":"has-post-thumbnail","6":"product_cat-opiates","7":"product_tag-buy-codeine-online","8":"product_tag-chronic-pain-treatment","9":"product_tag-codeine-dosage","10":"product_tag-codeine-phosphate-30-mg","11":"product_tag-cough-suppressant","12":"product_tag-discreet-pharmacy","13":"product_tag-fast-shipping-medication","14":"product_tag-online-pharmacy","15":"product_tag-opioid-analgesic","16":"product_tag-pain-management","17":"product_tag-pain-relief-medication","18":"product_tag-prescription-free-codeine","19":"product_tag-secure-medication-purchase","20":"product_tag-side-effects-of-codeine","21":"product_tag-worldwide-delivery","22":"desktop-align-left","23":"tablet-align-left","24":"mobile-align-left","25":"ast-product-gallery-layout-horizontal-slider","26":"ast-product-gallery-with-no-image","27":"ast-magnify-disabled","28":"ast-product-single-variable","29":"ast-product-tabs-layout-horizontal","31":"first","32":"instock","33":"shipping-taxable","34":"purchasable","35":"product-type-variable"},"yoast_head":"<!-- This site is optimized with the Yoast SEO Premium plugin v26.0 (Yoast SEO v27.6) - https:\/\/yoast.com\/product\/yoast-seo-premium-wordpress\/ -->\n<title>Buy Codeine Phosphate 30 mg Fast &amp; Discreet Online &#187; Rx Meds Plus<\/title>\n<meta name=\"description\" content=\"Buy codeine phosphate online for fast, discreet pain relief. Trusted pharmacy with secure worldwide shipping\u2014order now for quick delivery!\" \/>\n<meta name=\"robots\" content=\"noindex, follow, max-snippet:-1, max-image-preview:large, max-video-preview:-1\" \/>\n<meta property=\"og:locale\" content=\"en_US\" \/>\n<meta property=\"og:type\" content=\"article\" \/>\n<meta property=\"og:title\" content=\"Buy Codeine Phosphate 30 mg Fast &amp; Discreet Online\" \/>\n<meta property=\"og:description\" content=\"Buy codeine phosphate online for fast, discreet pain relief. Trusted pharmacy with secure worldwide shipping\u2014order now for quick delivery!\" \/>\n<meta property=\"og:url\" content=\"https:\/\/rxmedsplus.com\/ga\/product\/buy-codeine-phosphate-online\/\" \/>\n<meta property=\"og:site_name\" content=\"Rx Meds Plus\" \/>\n<meta property=\"article:modified_time\" content=\"2026-05-11T00:13:15+00:00\" \/>\n<meta property=\"og:image\" content=\"https:\/\/rxmedsplus.com\/wp-content\/uploads\/2026\/05\/134524-28-1.jpg\" \/>\n\t<meta property=\"og:image:width\" content=\"500\" \/>\n\t<meta property=\"og:image:height\" content=\"500\" \/>\n\t<meta property=\"og:image:type\" content=\"image\/jpeg\" \/>\n<meta name=\"twitter:card\" content=\"summary_large_image\" \/>\n<meta name=\"twitter:label1\" content=\"Availability\" \/>\n\t<meta name=\"twitter:data1\" content=\"In stock\" \/>\n<script type=\"application\/ld+json\" class=\"yoast-schema-graph\">{\"@context\":\"https:\\\/\\\/schema.org\",\"@graph\":[{\"@type\":\"WebPage\",\"@id\":\"https:\\\/\\\/rxmedsplus.com\\\/product\\\/buy-codeine-phosphate-online\\\/\",\"url\":\"https:\\\/\\\/rxmedsplus.com\\\/product\\\/buy-codeine-phosphate-online\\\/\",\"name\":\"Buy Codeine Phosphate 30 mg Fast & Discreet Online &#187; Rx Meds Plus\",\"isPartOf\":{\"@id\":\"https:\\\/\\\/rxmedsplus.com\\\/#website\"},\"primaryImageOfPage\":{\"@id\":\"https:\\\/\\\/rxmedsplus.com\\\/product\\\/buy-codeine-phosphate-online\\\/#primaryimage\"},\"image\":{\"@id\":\"https:\\\/\\\/rxmedsplus.com\\\/product\\\/buy-codeine-phosphate-online\\\/#primaryimage\"},\"thumbnailUrl\":\"https:\\\/\\\/rxmedsplus.com\\\/wp-content\\\/uploads\\\/2026\\\/05\\\/134524-28-1.jpg\",\"datePublished\":\"2026-05-03T23:30:26+00:00\",\"dateModified\":\"2026-05-11T00:13:15+00:00\",\"description\":\"Buy codeine phosphate online for fast, discreet pain relief. Trusted pharmacy with secure worldwide shipping\u2014order now for quick delivery!\",\"breadcrumb\":{\"@id\":\"https:\\\/\\\/rxmedsplus.com\\\/product\\\/buy-codeine-phosphate-online\\\/#breadcrumb\"},\"inLanguage\":\"ga\",\"potentialAction\":[{\"@type\":\"ReadAction\",\"target\":[\"https:\\\/\\\/rxmedsplus.com\\\/product\\\/buy-codeine-phosphate-online\\\/\"]}]},{\"@type\":\"ImageObject\",\"inLanguage\":\"ga\",\"@id\":\"https:\\\/\\\/rxmedsplus.com\\\/product\\\/buy-codeine-phosphate-online\\\/#primaryimage\",\"url\":\"https:\\\/\\\/rxmedsplus.com\\\/wp-content\\\/uploads\\\/2026\\\/05\\\/134524-28-1.jpg\",\"contentUrl\":\"https:\\\/\\\/rxmedsplus.com\\\/wp-content\\\/uploads\\\/2026\\\/05\\\/134524-28-1.jpg\",\"width\":500,\"height\":500},{\"@type\":\"BreadcrumbList\",\"@id\":\"https:\\\/\\\/rxmedsplus.com\\\/product\\\/buy-codeine-phosphate-online\\\/#breadcrumb\",\"itemListElement\":[{\"@type\":\"ListItem\",\"position\":1,\"name\":\"Home\",\"item\":\"https:\\\/\\\/rxmedsplus.com\\\/\"},{\"@type\":\"ListItem\",\"position\":2,\"name\":\"Shop\",\"item\":\"https:\\\/\\\/rxmedsplus.com\\\/shop\\\/\"},{\"@type\":\"ListItem\",\"position\":3,\"name\":\"Buy Codeine Phosphate 30 mg Fast &#038; Discreet Online\"}]},{\"@type\":\"WebSite\",\"@id\":\"https:\\\/\\\/rxmedsplus.com\\\/#website\",\"url\":\"https:\\\/\\\/rxmedsplus.com\\\/\",\"name\":\"Rx Meds Plus\",\"description\":\"Buy Prescription Meds and Pills Online with Fast Delivery\",\"potentialAction\":[{\"@type\":\"SearchAction\",\"target\":{\"@type\":\"EntryPoint\",\"urlTemplate\":\"https:\\\/\\\/rxmedsplus.com\\\/?s={search_term_string}\"},\"query-input\":{\"@type\":\"PropertyValueSpecification\",\"valueRequired\":true,\"valueName\":\"search_term_string\"}}],\"inLanguage\":\"ga\"}]}<\/script>\n<meta property=\"og:availability\" content=\"instock\" \/>\n<meta property=\"product:availability\" content=\"instock\" \/>\n<meta property=\"product:retailer_item_id\" content=\"134524\" \/>\n<meta property=\"product:condition\" content=\"new\" \/>\n<!-- \/ Yoast SEO Premium plugin. -->","yoast_head_json":{"title":"Ceannaigh Fosf\u00e1it C\u00f3id\u00edne 30 mg go Tapa &amp; Discr\u00e9ideach Ar L\u00edne \u00bb Rx Meds Plus","description":"Ceannaigh fosf\u00e1it c\u00f3id\u00edne ar l\u00edne le haghaidh faoiseamh pian tapa, discr\u00e9ideach. C\u00f3gaslann iontaofa le loingseoireacht sl\u00e1n ar fud an domhain\u2014ordaigh anois le haghaidh seachadadh tapa!","robots":{"index":"noindex","follow":"follow","max-snippet":"max-snippet:-1","max-image-preview":"max-image-preview:large","max-video-preview":"max-video-preview:-1"},"og_locale":"en_US","og_type":"article","og_title":"Buy Codeine Phosphate 30 mg Fast & Discreet Online","og_description":"Buy codeine phosphate online for fast, discreet pain relief. Trusted pharmacy with secure worldwide shipping\u2014order now for quick delivery!","og_url":"https:\/\/rxmedsplus.com\/ga\/product\/buy-codeine-phosphate-online\/","og_site_name":"Rx Meds Plus","article_modified_time":"2026-05-11T00:13:15+00:00","og_image":[{"width":500,"height":500,"url":"https:\/\/rxmedsplus.com\/wp-content\/uploads\/2026\/05\/134524-28-1.jpg","type":"image\/jpeg"}],"twitter_card":"summary_large_image","twitter_misc":{"Availability":"In stock"},"schema":{"@context":"https:\/\/schema.org","@graph":[{"@type":"WebPage","@id":"https:\/\/rxmedsplus.com\/product\/buy-codeine-phosphate-online\/","url":"https:\/\/rxmedsplus.com\/product\/buy-codeine-phosphate-online\/","name":"Ceannaigh Fosf\u00e1it C\u00f3id\u00edne 30 mg go Tapa &amp; Discr\u00e9ideach Ar L\u00edne \u00bb Rx Meds Plus","isPartOf":{"@id":"https:\/\/rxmedsplus.com\/#website"},"primaryImageOfPage":{"@id":"https:\/\/rxmedsplus.com\/product\/buy-codeine-phosphate-online\/#primaryimage"},"image":{"@id":"https:\/\/rxmedsplus.com\/product\/buy-codeine-phosphate-online\/#primaryimage"},"thumbnailUrl":"https:\/\/rxmedsplus.com\/wp-content\/uploads\/2026\/05\/134524-28-1.jpg","datePublished":"2026-05-03T23:30:26+00:00","dateModified":"2026-05-11T00:13:15+00:00","description":"Ceannaigh fosf\u00e1it c\u00f3id\u00edne ar l\u00edne le haghaidh faoiseamh pian tapa, discr\u00e9ideach. C\u00f3gaslann iontaofa le loingseoireacht sl\u00e1n ar fud an domhain\u2014ordaigh anois le haghaidh seachadadh tapa!","breadcrumb":{"@id":"https:\/\/rxmedsplus.com\/product\/buy-codeine-phosphate-online\/#breadcrumb"},"inLanguage":"ga","potentialAction":[{"@type":"ReadAction","target":["https:\/\/rxmedsplus.com\/product\/buy-codeine-phosphate-online\/"]}]},{"@type":"ImageObject","inLanguage":"ga","@id":"https:\/\/rxmedsplus.com\/product\/buy-codeine-phosphate-online\/#primaryimage","url":"https:\/\/rxmedsplus.com\/wp-content\/uploads\/2026\/05\/134524-28-1.jpg","contentUrl":"https:\/\/rxmedsplus.com\/wp-content\/uploads\/2026\/05\/134524-28-1.jpg","width":500,"height":500},{"@type":"BreadcrumbList","@id":"https:\/\/rxmedsplus.com\/product\/buy-codeine-phosphate-online\/#breadcrumb","itemListElement":[{"@type":"ListItem","position":1,"name":"Home","item":"https:\/\/rxmedsplus.com\/"},{"@type":"ListItem","position":2,"name":"Shop","item":"https:\/\/rxmedsplus.com\/shop\/"},{"@type":"ListItem","position":3,"name":"Buy Codeine Phosphate 30 mg Fast &#038; Discreet Online"}]},{"@type":"WebSite","@id":"https:\/\/rxmedsplus.com\/#website","url":"https:\/\/rxmedsplus.com\/","name":"C\u00f3gais Oideas Plus","description":"Ceannaigh C\u00f3gais agus Piolla\u00ed Oideas Ar L\u00edne le Seachadadh Tapa","potentialAction":[{"@type":"SearchAction","target":{"@type":"EntryPoint","urlTemplate":"https:\/\/rxmedsplus.com\/?s={search_term_string}"},"query-input":{"@type":"PropertyValueSpecification","valueRequired":true,"valueName":"search_term_string"}}],"inLanguage":"ga"}]},"og_availability":"instock","product_availability":"instock","product_retailer_item_id":"134524","product_condition":"new"},"_links":{"self":[{"href":"https:\/\/rxmedsplus.com\/ga\/wp-json\/wp\/v2\/product\/4325","targetHints":{"allow":["GET"]}}],"collection":[{"href":"https:\/\/rxmedsplus.com\/ga\/wp-json\/wp\/v2\/product"}],"about":[{"href":"https:\/\/rxmedsplus.com\/ga\/wp-json\/wp\/v2\/types\/product"}],"replies":[{"embeddable":true,"href":"https:\/\/rxmedsplus.com\/ga\/wp-json\/wp\/v2\/comments?post=4325"}],"wp:featuredmedia":[{"embeddable":true,"href":"https:\/\/rxmedsplus.com\/ga\/wp-json\/wp\/v2\/media\/4377"}],"wp:attachment":[{"href":"https:\/\/rxmedsplus.com\/ga\/wp-json\/wp\/v2\/media?parent=4325"}],"wp:term":[{"taxonomy":"product_brand","embeddable":true,"href":"https:\/\/rxmedsplus.com\/ga\/wp-json\/wp\/v2\/product_brand?post=4325"},{"taxonomy":"product_cat","embeddable":true,"href":"https:\/\/rxmedsplus.com\/ga\/wp-json\/wp\/v2\/product_cat?post=4325"},{"taxonomy":"product_tag","embeddable":true,"href":"https:\/\/rxmedsplus.com\/ga\/wp-json\/wp\/v2\/product_tag?post=4325"}],"curies":[{"name":"wp","href":"https:\/\/api.w.org\/{rel}","templated":true}]}}