{"id":3410,"date":"2025-09-24T21:52:19","date_gmt":"2025-09-24T21:52:19","guid":{"rendered":"https:\/\/rxmedsplus.com\/?post_type=product&#038;p=3410"},"modified":"2025-09-25T11:01:11","modified_gmt":"2025-09-25T11:01:11","slug":"generic-cialis-online","status":"publish","type":"product","link":"https:\/\/rxmedsplus.com\/hr\/product\/generic-cialis-online\/","title":{"rendered":"Buy Affordable Generic Cialis 20mg Online Now"},"content":{"rendered":"<p><strong>Kupite pristupa\u010dni generi\u010dki Cialis 20mg online odmah \u2013 Pouzdana online ljekarna<\/strong>  <\/p>\n<p>Ako tra\u017eite pouzdano i isplativo rje\u0161enje za erektilnu disfunkciju, <strong>Buy Affordable Generic Cialis 20mg Online Now<\/strong> iz na\u0161e pouzdane online ljekarne. Na\u0161a diskretna dostava osigurava vam visokokvalitetne lijekove bez muke s receptom. Bez obzira jeste li u SAD-u, Kanadi, EU ili bilo gdje drugdje u svijetu, dostavljamo brzo i diskretno.  <\/p>\n<h3><strong>\u0160to je generi\u010dki Cialis 20 mg?<\/strong>  <\/h3>\n<p>Generi\u010dki Cialis 20 mg sadr\u017ei <strong>Tadalafil<\/strong>, isti aktivni sastojak koji se nalazi u Cialisu robne marke. Djeluje tako \u0161to pove\u0107ava protok krvi u penis, poma\u017eu\u0107i mu\u0161karcima da postignu i odr\u017ee \u010dvrstu erekciju do 36 sati. Za razliku od drugih lijekova za erektilnu disfunkciju, <strong>Generi\u010dki Cialis 20 mg<\/strong> nudi dulji prozor u\u010dinkovitosti, zbog \u010dega je dobila nadimak vikend pilula.  <\/p>\n<h3><strong>Klju\u010dne prednosti generi\u010dkog Cialisa 20 mg<\/strong>  <\/h3>\n<p>\u2013 <strong>Dugotrajni u\u010dinci<\/strong> \u2013 Ostanite spremni do 36 sati<br \/>\n\u2013 <strong>Brzo djeluju\u0107i<\/strong> \u2013 Po\u010dinje djelovati ve\u0107 za 30 minuta<br \/>\n\u2013 <strong>Diskretno i prakti\u010dno<\/strong> \u2013 Nema potrebe za neugodnim posjetima ljekarni<br \/>\n\u2013 <strong>Pristupa\u010dna alternativa<\/strong> \u2013 Ista u\u010dinkovitost kao i kod robne marke Cialis uz znatno ni\u017eu cijenu<br \/>\n\u2013 <strong>Pouzdana formula<\/strong> \u2013 Proizvedeno u pogonima odobrenim od strane FDA  <\/p>\n<h3><strong>Kako djeluje generi\u010dki Cialis 20 mg?<\/strong>  <\/h3>\n<p>Tadalafil, aktivni sastojak u <strong>Generi\u010dki Cialis 20 mg<\/strong>, pripada klasi lijekova koja se naziva <strong>PDE5 inhibitori<\/strong>Opu\u0161ta krvne \u017eile u penisu, omogu\u0107uju\u0107i pove\u0107an protok krvi prilikom seksualne stimulacije. To rezultira sna\u017enom i dugotrajnom erekcijom.  <\/p>\n<h3><strong>Preporu\u010dena doza i uporaba<\/strong>  <\/h3>\n<p>Standardna doza od <strong>Generi\u010dki Cialis 20 mg<\/strong> je jedna tableta koja se uzima oralno, sa ili bez hrane. Za najbolje rezultate:  <\/p>\n<p>Uzmi to <strong>30 minuta do 1 sat prije spolnog odnosa<\/strong><br \/>\nIzbjegavajte prekomjernu konzumaciju alkohola ili masne obroke jer mogu odgoditi u\u010dinke<br \/>\nNe prekora\u010dujte <strong>jedna doza dnevno<\/strong><br \/>\nPosavjetujte se s lije\u010dnikom ako imate zdravstvenih problema  <\/p>\n<h3><strong>Tko bi trebao koristiti generi\u010dki Cialis 20 mg?<\/strong>  <\/h3>\n<p>Ovaj lijek je idealan za mu\u0161karce koji pate od <strong>erektilna disfunkcija (ED)<\/strong> zbog:  <\/p>\n<p>Stres ili anksioznost<br \/>\nDijabetes ili visoki krvni tlak<br \/>\nKardiovaskularne bolesti<br \/>\nHormonska neravnote\u017ea  <\/p>\n<p>Me\u0111utim, <strong>Generi\u010dki Cialis 20 mg<\/strong> nije prikladno za svakoga. Izbjegavajte upotrebu ako:  <\/p>\n<p>Uzimate nitrate (npr. nitroglicerin za bol u prsima)<br \/>\nImate ozbiljne probleme sa srcem ili jetrom<br \/>\nAlergi\u010dni ste na tadalafil  <\/p>\n<h3><strong>Potential Side Effects<\/strong>  <\/h3>\n<p>Dok <strong>Generi\u010dki Cialis 20 mg<\/strong> je op\u0107enito siguran, neki korisnici mogu osjetiti blage nuspojave, uklju\u010duju\u0107i:  <\/p>\n<p>Glavobolja<br \/>\nIspiranje<br \/>\nProbavne smetnje<br \/>\nBolovi u mi\u0161i\u0107ima<br \/>\nZa\u010depljenost nosa  <\/p>\n<p>Ovi u\u010dinci su obi\u010dno privremeni. Ako se pojave te\u0161ke reakcije poput promjena vida ili produ\u017eenih erekcija, odmah potra\u017eite lije\u010dni\u010dku pomo\u0107.  <\/p>\n<h3><strong>Za\u0161to kupiti generi\u010dki Cialis 20mg od nas?<\/strong>  <\/h3>\n<p>Kao <strong>pouzdana online ljekarna<\/strong>, jam\u010dimo:  <\/p>\n<p>\u2705 <strong>Visokokvalitetni lijek odobren od strane FDA-e<\/strong><br \/>\n\u2705 <strong>Diskretno pakiranje i brza dostava<\/strong><br \/>\n\u2705 <strong>Nije potreban recept<\/strong><br \/>\n\u2705 <strong>Konkurentne cijene<\/strong><br \/>\n\u2705 <strong>Sigurne opcije pla\u0107anja<\/strong>  <\/p>\n<h3><strong>Kako naru\u010diti generi\u010dki Cialis 20mg online<\/strong>  <\/h3>\n<p>Kupnja <strong>Pristupa\u010dan generi\u010dki Cialis 20mg online<\/strong> je jednostavno:  <\/p>\n<p>1. <strong>Odaberite \u017eeljenu koli\u010dinu<\/strong><br \/>\n2. <strong>Dodaj u ko\u0161aricu i nastavi s pla\u0107anjem<\/strong><br \/>\n3. <strong>Unesite podatke za dostavu (povjerljivo i sigurno)<\/strong><br \/>\n4. <strong>Odaberite na\u010din pla\u0107anja<\/strong><br \/>\n5. <strong>Diskretna dostava na va\u0161a vrata<\/strong>  <\/p>\n<h3><strong>\u010cesto postavljana pitanja (FAQs)<\/strong>  <\/h3>\n<p><strong>P: Je li generi\u010dki Cialis 20 mg jednako u\u010dinkovit kao i Cialis robne marke?<\/strong><br \/>\nO: Da! Sadr\u017ei isti aktivni sastojak (Tadalafil) i djeluje jednako u\u010dinkovito.  <\/p>\n<p><strong>P: Koliko dugo traje dostava?<\/strong><br \/>\nA: Rokovi dostave razlikuju se ovisno o lokaciji, ali ve\u0107ina narud\u017ebi sti\u017ee unutar <strong>5-10 radnih dana<\/strong>.  <\/p>\n<p><strong>P: Je li moja kupnja povjerljiva?<\/strong><br \/>\nO: Apsolutno. Mi koristimo <strong>obi\u010dna ambala\u017ea<\/strong> bez spomena sadr\u017eaja.  <\/p>\n<p><strong>P: Mogu li prepoloviti tabletu od 20 mg?<\/strong><br \/>\nO: Da, neki korisnici ga re\u017eu na <strong>doze od 10 mg<\/strong>, ali se prvo posavjetujte s lije\u010dnikom.  <\/p>\n<h3><strong>Kupite pristupa\u010dni generi\u010dki Cialis 20mg online odmah \u2013 Nabavite svoj ve\u0107 danas!<\/strong>  <\/h3>\n<p>Ne dopusti da te ED sputava. <strong>Buy Affordable Generic Cialis 20mg Online Now<\/strong> iz na\u0161e ugledne ljekarne i u\u017eivajte u samouvjerenom i zadovoljavaju\u0107em iskustvu. S <strong>brza dostava, nenadma\u0161ne cijene i diskretna usluga<\/strong>, nema boljeg mjesta za naru\u010divanje.  <\/p>\n<p><strong>Naru\u010dite odmah i osjetite razliku!<\/strong><\/p>","protected":false},"excerpt":{"rendered":"<p>Nabavite originalni generi\u010dki Cialis 20 mg po nenadma\u0161nim cijenama - bez recepta! Na\u0161 visokokvalitetni tadalafil pru\u017ea istu u\u010dinkovitost kao i Cialis robne marke. U\u017eivajte u diskretnoj dostavi, sigurnim opcijama pla\u0107anja i brzoj dostavi na va\u0161a vrata. Naru\u010dite odmah za sigurno i bezbri\u017eno iskustvo!<\/p>","protected":false},"featured_media":3430,"comment_status":"open","ping_status":"closed","template":"","meta":{"site-sidebar-layout":"default","site-content-layout":"","ast-site-content-layout":"default","site-content-style":"default","site-sidebar-style":"default","ast-global-header-display":"","ast-banner-title-visibility":"","ast-main-header-display":"","ast-hfb-above-header-display":"","ast-hfb-below-header-display":"","ast-hfb-mobile-header-display":"","site-post-title":"","ast-breadcrumbs-content":"","ast-featured-img":"","footer-sml-layout":"","ast-disable-related-posts":"","theme-transparent-header-meta":"","adv-header-id-meta":"","stick-header-meta":"","header-above-stick-meta":"","header-main-stick-meta":"","header-below-stick-meta":"","astra-migrate-meta-layouts":"default","ast-page-background-enabled":"default","ast-page-background-meta":{"desktop":{"background-color":"","background-image":"","background-repeat":"repeat","background-position":"center center","background-size":"auto","background-attachment":"scroll","background-type":"","background-media":"","overlay-type":"","overlay-color":"","overlay-opacity":"","overlay-gradient":""},"tablet":{"background-color":"","background-image":"","background-repeat":"repeat","background-position":"center center","background-size":"auto","background-attachment":"scroll","background-type":"","background-media":"","overlay-type":"","overlay-color":"","overlay-opacity":"","overlay-gradient":""},"mobile":{"background-color":"","background-image":"","background-repeat":"repeat","background-position":"center center","background-size":"auto","background-attachment":"scroll","background-type":"","background-media":"","overlay-type":"","overlay-color":"","overlay-opacity":"","overlay-gradient":""}},"ast-content-background-meta":{"desktop":{"background-color":"var(--ast-global-color-5)","background-image":"","background-repeat":"repeat","background-position":"center center","background-size":"auto","background-attachment":"scroll","background-type":"","background-media":"","overlay-type":"","overlay-color":"","overlay-opacity":"","overlay-gradient":""},"tablet":{"background-color":"var(--ast-global-color-5)","background-image":"","background-repeat":"repeat","background-position":"center center","background-size":"auto","background-attachment":"scroll","background-type":"","background-media":"","overlay-type":"","overlay-color":"","overlay-opacity":"","overlay-gradient":""},"mobile":{"background-color":"var(--ast-global-color-5)","background-image":"","background-repeat":"repeat","background-position":"center center","background-size":"auto","background-attachment":"scroll","background-type":"","background-media":"","overlay-type":"","overlay-color":"","overlay-opacity":"","overlay-gradient":""}}},"product_brand":[],"product_cat":[53],"product_tag":[974,1275,1274,279,957,956,1273,1272,251,1276],"class_list":{"0":"post-3410","1":"product","2":"type-product","3":"status-publish","4":"has-post-thumbnail","6":"product_cat-buy-erectile-dysfunction-meds-online","7":"product_tag-buy-cialis-online","8":"product_tag-cheap-cialis","9":"product_tag-cialis-without-prescription","10":"product_tag-discreet-shipping","11":"product_tag-ed-medication","12":"product_tag-erectile-dysfunction-treatment","13":"product_tag-generic-cialis-20mg","14":"product_tag-generic-drugs","15":"product_tag-online-pharmacy","16":"product_tag-tadalafil-20mg","17":"desktop-align-left","18":"tablet-align-left","19":"mobile-align-left","20":"ast-product-gallery-layout-horizontal-slider","21":"ast-product-gallery-with-no-image","22":"ast-magnify-disabled","23":"ast-product-single-variable","24":"ast-product-tabs-layout-horizontal","26":"first","27":"instock","28":"shipping-taxable","29":"purchasable","30":"product-type-variable"},"yoast_head":"<!-- This site is optimized with the Yoast SEO Premium plugin v26.0 (Yoast SEO v27.6) - https:\/\/yoast.com\/product\/yoast-seo-premium-wordpress\/ -->\n<title>Buy Affordable Generic Cialis 20mg Online Now &#187; Rx Meds Plus<\/title>\n<meta name=\"description\" content=\"Buy generic Cialis online without a prescription for ED treatment. Get affordable 20mg tadalafil delivered discreetly\u2014order now with secure payment options.\" \/>\n<meta name=\"robots\" content=\"noindex, follow, max-snippet:-1, max-image-preview:large, max-video-preview:-1\" \/>\n<meta property=\"og:locale\" content=\"hr_HR\" \/>\n<meta property=\"og:type\" content=\"article\" \/>\n<meta property=\"og:title\" content=\"Buy Affordable Generic Cialis 20mg Online Now\" \/>\n<meta property=\"og:description\" content=\"Buy generic Cialis online without a prescription for ED treatment. Get affordable 20mg tadalafil delivered discreetly\u2014order now with secure payment options.\" \/>\n<meta property=\"og:url\" content=\"https:\/\/rxmedsplus.com\/hr\/proizvod\/generic-cialis-online\/\" \/>\n<meta property=\"og:site_name\" content=\"Rx Meds Plus\" \/>\n<meta property=\"article:modified_time\" content=\"2025-09-25T11:01:11+00:00\" \/>\n<meta property=\"og:image\" content=\"https:\/\/mlehknw8zzux.i.optimole.com\/w:350\/h:300\/q:mauto\/f:best\/https:\/\/rxmedsplus.com\/wp-content\/uploads\/2025\/09\/11199-cialis-original1.jpg\" \/>\n\t<meta property=\"og:image:width\" content=\"350\" \/>\n\t<meta property=\"og:image:height\" content=\"300\" \/>\n\t<meta property=\"og:image:type\" content=\"image\/jpeg\" \/>\n<meta name=\"twitter:card\" content=\"summary_large_image\" \/>\n<meta name=\"twitter:label1\" content=\"Availability\" \/>\n\t<meta name=\"twitter:data1\" content=\"In stock\" \/>\n<script type=\"application\/ld+json\" class=\"yoast-schema-graph\">{\"@context\":\"https:\\\/\\\/schema.org\",\"@graph\":[{\"@type\":\"WebPage\",\"@id\":\"https:\\\/\\\/rxmedsplus.com\\\/product\\\/generic-cialis-online\\\/\",\"url\":\"https:\\\/\\\/rxmedsplus.com\\\/product\\\/generic-cialis-online\\\/\",\"name\":\"Buy Affordable Generic Cialis 20mg Online Now &#187; Rx Meds Plus\",\"isPartOf\":{\"@id\":\"https:\\\/\\\/rxmedsplus.com\\\/#website\"},\"primaryImageOfPage\":{\"@id\":\"https:\\\/\\\/rxmedsplus.com\\\/product\\\/generic-cialis-online\\\/#primaryimage\"},\"image\":{\"@id\":\"https:\\\/\\\/rxmedsplus.com\\\/product\\\/generic-cialis-online\\\/#primaryimage\"},\"thumbnailUrl\":\"https:\\\/\\\/rxmedsplus.com\\\/wp-content\\\/uploads\\\/2025\\\/09\\\/11199-cialis-original1.jpg\",\"datePublished\":\"2025-09-24T21:52:19+00:00\",\"dateModified\":\"2025-09-25T11:01:11+00:00\",\"description\":\"Buy generic Cialis online without a prescription for ED treatment. Get affordable 20mg tadalafil delivered discreetly\u2014order now with secure payment options.\",\"breadcrumb\":{\"@id\":\"https:\\\/\\\/rxmedsplus.com\\\/product\\\/generic-cialis-online\\\/#breadcrumb\"},\"inLanguage\":\"hr\",\"potentialAction\":[{\"@type\":\"ReadAction\",\"target\":[\"https:\\\/\\\/rxmedsplus.com\\\/product\\\/generic-cialis-online\\\/\"]}]},{\"@type\":\"ImageObject\",\"inLanguage\":\"hr\",\"@id\":\"https:\\\/\\\/rxmedsplus.com\\\/product\\\/generic-cialis-online\\\/#primaryimage\",\"url\":\"https:\\\/\\\/rxmedsplus.com\\\/wp-content\\\/uploads\\\/2025\\\/09\\\/11199-cialis-original1.jpg\",\"contentUrl\":\"https:\\\/\\\/rxmedsplus.com\\\/wp-content\\\/uploads\\\/2025\\\/09\\\/11199-cialis-original1.jpg\",\"width\":350,\"height\":300},{\"@type\":\"BreadcrumbList\",\"@id\":\"https:\\\/\\\/rxmedsplus.com\\\/product\\\/generic-cialis-online\\\/#breadcrumb\",\"itemListElement\":[{\"@type\":\"ListItem\",\"position\":1,\"name\":\"Home\",\"item\":\"https:\\\/\\\/rxmedsplus.com\\\/\"},{\"@type\":\"ListItem\",\"position\":2,\"name\":\"Shop\",\"item\":\"https:\\\/\\\/rxmedsplus.com\\\/shop\\\/\"},{\"@type\":\"ListItem\",\"position\":3,\"name\":\"Buy Affordable Generic Cialis 20mg Online Now\"}]},{\"@type\":\"WebSite\",\"@id\":\"https:\\\/\\\/rxmedsplus.com\\\/#website\",\"url\":\"https:\\\/\\\/rxmedsplus.com\\\/\",\"name\":\"Rx Meds Plus\",\"description\":\"Buy Prescription Meds and Pills Online with Fast Delivery\",\"potentialAction\":[{\"@type\":\"SearchAction\",\"target\":{\"@type\":\"EntryPoint\",\"urlTemplate\":\"https:\\\/\\\/rxmedsplus.com\\\/?s={search_term_string}\"},\"query-input\":{\"@type\":\"PropertyValueSpecification\",\"valueRequired\":true,\"valueName\":\"search_term_string\"}}],\"inLanguage\":\"hr\"}]}<\/script>\n<meta property=\"og:availability\" content=\"instock\" \/>\n<meta property=\"product:availability\" content=\"instock\" \/>\n<meta property=\"product:retailer_item_id\" content=\"n0pFPKHkVU\" \/>\n<meta property=\"product:condition\" content=\"new\" \/>\n<!-- \/ Yoast SEO Premium plugin. -->","yoast_head_json":{"title":"Kupite pristupa\u010dni generi\u010dki Cialis 20 mg online odmah - Rx Meds Plus","description":"Kupite generi\u010dki Cialis online bez recepta za lije\u010denje ED-a. Nabavite priu\u0161tivih 20 mg tadalafila diskretno dostavljenih - naru\u010dite odmah uz sigurne opcije pla\u0107anja.","robots":{"index":"noindex","follow":"follow","max-snippet":"max-snippet:-1","max-image-preview":"max-image-preview:large","max-video-preview":"max-video-preview:-1"},"og_locale":"hr_HR","og_type":"article","og_title":"Buy Affordable Generic Cialis 20mg Online Now","og_description":"Buy generic Cialis online without a prescription for ED treatment. Get affordable 20mg tadalafil delivered discreetly\u2014order now with secure payment options.","og_url":"https:\/\/rxmedsplus.com\/hr\/proizvod\/generic-cialis-online\/","og_site_name":"Rx Meds Plus","article_modified_time":"2025-09-25T11:01:11+00:00","og_image":[{"width":350,"height":300,"url":"https:\/\/mlehknw8zzux.i.optimole.com\/w:350\/h:300\/q:mauto\/f:best\/https:\/\/rxmedsplus.com\/wp-content\/uploads\/2025\/09\/11199-cialis-original1.jpg","type":"image\/jpeg"}],"twitter_card":"summary_large_image","twitter_misc":{"Availability":"In stock"},"schema":{"@context":"https:\/\/schema.org","@graph":[{"@type":"WebPage","@id":"https:\/\/rxmedsplus.com\/product\/generic-cialis-online\/","url":"https:\/\/rxmedsplus.com\/product\/generic-cialis-online\/","name":"Kupite pristupa\u010dni generi\u010dki Cialis 20 mg online odmah - Rx Meds Plus","isPartOf":{"@id":"https:\/\/rxmedsplus.com\/#website"},"primaryImageOfPage":{"@id":"https:\/\/rxmedsplus.com\/product\/generic-cialis-online\/#primaryimage"},"image":{"@id":"https:\/\/rxmedsplus.com\/product\/generic-cialis-online\/#primaryimage"},"thumbnailUrl":"https:\/\/rxmedsplus.com\/wp-content\/uploads\/2025\/09\/11199-cialis-original1.jpg","datePublished":"2025-09-24T21:52:19+00:00","dateModified":"2025-09-25T11:01:11+00:00","description":"Kupite generi\u010dki Cialis online bez recepta za lije\u010denje ED-a. Nabavite priu\u0161tivih 20 mg tadalafila diskretno dostavljenih - naru\u010dite odmah uz sigurne opcije pla\u0107anja.","breadcrumb":{"@id":"https:\/\/rxmedsplus.com\/product\/generic-cialis-online\/#breadcrumb"},"inLanguage":"hr","potentialAction":[{"@type":"ReadAction","target":["https:\/\/rxmedsplus.com\/product\/generic-cialis-online\/"]}]},{"@type":"ImageObject","inLanguage":"hr","@id":"https:\/\/rxmedsplus.com\/product\/generic-cialis-online\/#primaryimage","url":"https:\/\/rxmedsplus.com\/wp-content\/uploads\/2025\/09\/11199-cialis-original1.jpg","contentUrl":"https:\/\/rxmedsplus.com\/wp-content\/uploads\/2025\/09\/11199-cialis-original1.jpg","width":350,"height":300},{"@type":"BreadcrumbList","@id":"https:\/\/rxmedsplus.com\/product\/generic-cialis-online\/#breadcrumb","itemListElement":[{"@type":"ListItem","position":1,"name":"Home","item":"https:\/\/rxmedsplus.com\/"},{"@type":"ListItem","position":2,"name":"Shop","item":"https:\/\/rxmedsplus.com\/shop\/"},{"@type":"ListItem","position":3,"name":"Buy Affordable Generic Cialis 20mg Online Now"}]},{"@type":"WebSite","@id":"https:\/\/rxmedsplus.com\/#website","url":"https:\/\/rxmedsplus.com\/","name":"Lijekovi na recept Plus","description":"Kupite lijekove na recept i tablete online s brzom dostavom","potentialAction":[{"@type":"SearchAction","target":{"@type":"EntryPoint","urlTemplate":"https:\/\/rxmedsplus.com\/?s={search_term_string}"},"query-input":{"@type":"PropertyValueSpecification","valueRequired":true,"valueName":"search_term_string"}}],"inLanguage":"hr"}]},"og_availability":"instock","product_availability":"instock","product_retailer_item_id":"n0pFPKHkVU","product_condition":"new"},"_links":{"self":[{"href":"https:\/\/rxmedsplus.com\/hr\/wp-json\/wp\/v2\/product\/3410","targetHints":{"allow":["GET"]}}],"collection":[{"href":"https:\/\/rxmedsplus.com\/hr\/wp-json\/wp\/v2\/product"}],"about":[{"href":"https:\/\/rxmedsplus.com\/hr\/wp-json\/wp\/v2\/types\/product"}],"replies":[{"embeddable":true,"href":"https:\/\/rxmedsplus.com\/hr\/wp-json\/wp\/v2\/comments?post=3410"}],"wp:featuredmedia":[{"embeddable":true,"href":"https:\/\/rxmedsplus.com\/hr\/wp-json\/wp\/v2\/media\/3430"}],"wp:attachment":[{"href":"https:\/\/rxmedsplus.com\/hr\/wp-json\/wp\/v2\/media?parent=3410"}],"wp:term":[{"taxonomy":"product_brand","embeddable":true,"href":"https:\/\/rxmedsplus.com\/hr\/wp-json\/wp\/v2\/product_brand?post=3410"},{"taxonomy":"product_cat","embeddable":true,"href":"https:\/\/rxmedsplus.com\/hr\/wp-json\/wp\/v2\/product_cat?post=3410"},{"taxonomy":"product_tag","embeddable":true,"href":"https:\/\/rxmedsplus.com\/hr\/wp-json\/wp\/v2\/product_tag?post=3410"}],"curies":[{"name":"wp","href":"https:\/\/api.w.org\/{rel}","templated":true}]}}