{"id":3426,"date":"2025-09-24T21:52:22","date_gmt":"2025-09-24T21:52:22","guid":{"rendered":"https:\/\/rxmedsplus.com\/?post_type=product&#038;p=3426"},"modified":"2026-05-12T03:20:18","modified_gmt":"2026-05-12T03:20:18","slug":"buy-ritalin-online-3","status":"publish","type":"product","link":"https:\/\/rxmedsplus.com\/hr\/product\/buy-ritalin-online-3\/","title":{"rendered":"Buy Ritalin 20 mg Online &#8211; Fast &#038; Affordable Generic Pills"},"content":{"rendered":"<h2><strong>Kupite Ritalin 20 mg online \u2013 Brze i pristupa\u010dne generi\u010dke tablete<\/strong><\/h2>\n<p>Tra\u017eim <strong>kupiti Ritalin 20 mg online<\/strong> bez recepta? Do\u0161li ste na pravo mjesto! Mi smo <strong>pouzdan online prodava\u010d lijekova<\/strong> ponuda <strong>brza, pristupa\u010dna i diskretna dostava<\/strong> od <strong>generi\u010dke Ritalin tablete od 20 mg<\/strong> u SAD, Kanadu, EU i diljem svijeta. Trebate li <strong>Ritalin za lije\u010denje ADHD-a, upravljanje narkolepsijom ili kognitivno pobolj\u0161anje<\/strong>, na\u0161a visokokvalitetna <strong>tablete metilfenidat hidroklorida<\/strong> osiguravaju pouzdane performanse uz znatno ni\u017eu cijenu od robnih marki.<\/p>\n<h3><strong>\u0160to je Ritalin 20 mg?<\/strong><\/h3>\n<p>Ritalin (metilfenidat) je <strong>stimulans sredi\u0161njeg \u017eiv\u010danog sustava<\/strong> prvenstveno propisano za <strong>poreme\u0107aj hiperaktivnosti s deficitom pa\u017enje (ADHD)<\/strong> i <strong>narkolepsija<\/strong>. The <strong>Doza od 20 mg<\/strong> je srednja ja\u010dina koja uravnote\u017euje u\u010dinkovitost i podno\u0161ljivost za mnoge korisnike. Na\u0161 <strong>generi\u010dke Ritalin tablete od 20 mg<\/strong> sadr\u017ee isti aktivni sastojak kao i verzija robne marke, ali su <strong>pristupa\u010dnije<\/strong>, \u0161to ih \u010dini dostupnima onima koji tra\u017ee isplativa rje\u0161enja.<\/p>\n<h3><strong>Klju\u010dne prednosti Ritalina 20 mg<\/strong><\/h3>\n<p>\u2013 <strong>Improves Focus &amp; Concentration<\/strong> \u2013 Poma\u017ee u upravljanju simptomima ADHD-a poja\u010davanjem aktivnosti dopamina i norepinefrina u mozgu.<br \/>\n\u2013 <strong>Poja\u010dava budnost<\/strong> \u2013 U\u010dinkovito za pacijente s narkolepsijom koji se bore s pretjeranom pospano\u0161\u0107u tijekom dana.<br \/>\n\u2013 <strong>Pobolj\u0161ava kognitivne performanse<\/strong> \u2013 Neki korisnici uzimaju Ritalin izvan odobrenih indikacija <strong>pove\u0107ana produktivnost i mentalna jasno\u0107a<\/strong>.<br \/>\n\u2013 <strong>Brzodjeluju\u0107a formula<\/strong> \u2013 Verzija s trenutnim osloba\u0111anjem stupa na snagu unutar <strong>30-60 minuta<\/strong>, pru\u017eaju\u0107i brzo olak\u0161anje.<br \/>\n\u2013 <strong>Ne stvara naviku kada se pravilno koristi<\/strong> \u2013 Kada se uzima prema uputama, rizik od ovisnosti je minimiziran.<\/p>\n<h3><strong>Preporu\u010dena doza i upotreba<\/strong><\/h3>\n<p>Standard <strong>Doziranje Ritalina od 20 mg<\/strong> varira ovisno o individualnim potrebama:<br \/>\n\u2013 <strong>ADHD kod odraslih<\/strong> \u2013 Tipi\u010dno <strong>20-30 mg dnevno<\/strong>, podijeljeno u 2-3 doze.<br \/>\n\u2013 <strong>ADHD kod djece (6+ godina)<\/strong> \u2013 Obi\u010dno po\u010dinje u <strong>5-10 mg, postupno pove\u0107avaju\u0107i<\/strong> do 20 mg ako je potrebno.<br \/>\n\u2013 <strong>Narkolepsija<\/strong> \u2013 Doze mogu varirati od <strong>10-60 mg dnevno<\/strong>, podijeljeno na jutarnji i popodnevni unos.<\/p>\n<p>Uvijek se posavjetujte sa zdravstvenim djelatnikom za odgovaraju\u0107e smjernice, ali budu\u0107i da nudimo <strong>Ritalin bez recepta<\/strong>, preporu\u010dujemo da zapo\u010dnete s <strong>ni\u017ea doza za procjenu tolerancije<\/strong>.<\/p>\n<h3><strong>Za\u0161to odabrati na\u0161e Ritalin tablete od 20 mg?<\/strong><\/h3>\n<p>\u2013 <strong>Generi\u010dka formula odobrena od strane FDA-e<\/strong> \u2013 Ista u\u010dinkovitost kao i Ritalin robne marke, ali uz <strong>pristupa\u010dna cijena<\/strong>.<br \/>\n\u2013 <strong>Diskretna i sigurna dostava<\/strong> \u2013 Paketi sti\u017eu u obi\u010dnoj ambala\u017ei bez vanjskog ozna\u010davanja.<br \/>\n\u2013 <strong>Dostava diljem svijeta<\/strong> \u2013 Uslu\u017eivanje kupaca u <strong>SAD, Kanada, EU i globalno<\/strong>.<br \/>\n\u2013 <strong>Pristup usmjeren na kupca<\/strong> \u2013 Brza obrada, pouzdana podr\u0161ka i <strong>provjerene opcije pla\u0107anja<\/strong>.<\/p>\n<h3><strong>Potencijalne nuspojave i mjere opreza<\/strong><\/h3>\n<p>Iako se Ritalin op\u0107enito dobro podnosi, neki korisnici mogu iskusiti:<br \/>\n\u2013 <strong>Blagi u\u010dinci<\/strong> \u2013 Glavobolja, suha usta ili smanjen apetit.<br \/>\n\u2013 <strong>Umjereni u\u010dinci<\/strong> \u2013 Ubrzan rad srca ili blaga anksioznost.<br \/>\n\u2013 <strong>Rijetki, ali ozbiljni u\u010dinci<\/strong> \u2013 Alergijske reakcije, bol u prsima ili promjene raspolo\u017eenja (u slu\u010daju te\u0161kih simptoma potra\u017eite lije\u010dni\u010dku pomo\u0107).<\/p>\n<p>Izbjegavajte alkohol i kofein dok uzimate Ritalin i ne prekora\u010dujte preporu\u010denu dozu.<\/p>\n<h3><strong>Kupite Ritalin 20 mg online \u2013 Brzo i diskretno<\/strong><\/h3>\n<p>Ako ste spremni za <strong>naru\u010dite Ritalin 20 mg putem interneta<\/strong>, na\u0161a platforma osigurava glatko i bezbri\u017eno iskustvo. S <strong>konkurentne cijene, otprema istog dana i zajam\u010dena dostava<\/strong>, olak\u0161avamo vam nabavu lijekova koji su vam potrebni <strong>bez recepta<\/strong>.<\/p>\n<p>Tra\u017eim <strong>brzodjeluju\u0107i tretman za ADHD ili kognitivni poja\u010diva\u010di?<\/strong> Naru\u010dite ve\u0107 danas i iskusite prednosti <strong>generi\u010dki Ritalin 20 mg<\/strong>\u2014<strong>pouzdano, u\u010dinkovito i pristupa\u010dno!<\/strong><\/p>\n<p><strong>Klju\u010dne rije\u010di:<\/strong> kupiti Ritalin 20 mg online, Ritalin 20 mg tablete, generi\u010dki Ritalin bez recepta, naru\u010diti metilfenidat 20 mg, jeftini Ritalin lijek za ADHD, Ritalin 20 mg na prodaju, najbolje mjesto za kupnju Ritalina online, brza dostava Ritalina u SAD-u, pouzdani online dobavlja\u010d lijekova, diskretna dostava Ritalina diljem svijeta.<\/p>","protected":false},"excerpt":{"rendered":"<p>Nabavite brze i pristupa\u010dne generi\u010dke tablete Ritalina od 20 mg diskretno dostavljene na va\u0161a vrata - bez recepta. Na\u0161a pouzdana ljekarna nudi iste aktivne sastojke kao i lijekovi poznatih marki, osiguravaju\u0107i sigurnost i u\u010dinkovitost bez visokih tro\u0161kova. Jednostavno platite kreditnom karticom i u\u017eivajte u pouzdanoj dostavi s pra\u0107enjem za bezbri\u017enost. U\u0161tedite novac i izbjegnite gnjava\u017eu s na\u0161im jednostavnim i sigurnim postupkom naru\u010divanja ve\u0107 danas!<\/p>","protected":false},"featured_media":3459,"comment_status":"open","ping_status":"closed","template":"","meta":{"site-sidebar-layout":"default","site-content-layout":"","ast-site-content-layout":"default","site-content-style":"default","site-sidebar-style":"default","ast-global-header-display":"","ast-banner-title-visibility":"","ast-main-header-display":"","ast-hfb-above-header-display":"","ast-hfb-below-header-display":"","ast-hfb-mobile-header-display":"","site-post-title":"","ast-breadcrumbs-content":"","ast-featured-img":"","footer-sml-layout":"","ast-disable-related-posts":"","theme-transparent-header-meta":"default","adv-header-id-meta":"","stick-header-meta":"default","header-above-stick-meta":"","header-main-stick-meta":"","header-below-stick-meta":"","astra-migrate-meta-layouts":"set","ast-page-background-enabled":"default","ast-page-background-meta":{"desktop":{"background-color":"","background-image":"","background-repeat":"repeat","background-position":"center center","background-size":"auto","background-attachment":"scroll","background-type":"","background-media":"","overlay-type":"","overlay-color":"","overlay-opacity":"","overlay-gradient":""},"tablet":{"background-color":"","background-image":"","background-repeat":"repeat","background-position":"center center","background-size":"auto","background-attachment":"scroll","background-type":"","background-media":"","overlay-type":"","overlay-color":"","overlay-opacity":"","overlay-gradient":""},"mobile":{"background-color":"","background-image":"","background-repeat":"repeat","background-position":"center center","background-size":"auto","background-attachment":"scroll","background-type":"","background-media":"","overlay-type":"","overlay-color":"","overlay-opacity":"","overlay-gradient":""}},"ast-content-background-meta":{"desktop":{"background-color":"var(--ast-global-color-5)","background-image":"","background-repeat":"repeat","background-position":"center center","background-size":"auto","background-attachment":"scroll","background-type":"","background-media":"","overlay-type":"","overlay-color":"","overlay-opacity":"","overlay-gradient":""},"tablet":{"background-color":"var(--ast-global-color-5)","background-image":"","background-repeat":"repeat","background-position":"center center","background-size":"auto","background-attachment":"scroll","background-type":"","background-media":"","overlay-type":"","overlay-color":"","overlay-opacity":"","overlay-gradient":""},"mobile":{"background-color":"var(--ast-global-color-5)","background-image":"","background-repeat":"repeat","background-position":"center center","background-size":"auto","background-attachment":"scroll","background-type":"","background-media":"","overlay-type":"","overlay-color":"","overlay-opacity":"","overlay-gradient":""}}},"product_brand":[],"product_cat":[2141],"product_tag":[241,632,1253,267,1254,1250,1251,650,1249,1252],"class_list":{"0":"post-3426","1":"product","2":"type-product","3":"status-publish","4":"has-post-thumbnail","6":"product_cat-buy-adhd-meds-online","7":"product_tag-adhd-medication","8":"product_tag-buy-ritalin-online","9":"product_tag-cheap-ritalin-pills","10":"product_tag-cognitive-enhancement","11":"product_tag-fast-shipping-usa","12":"product_tag-generic-ritalin","13":"product_tag-methylphenidate-20-mg","14":"product_tag-narcolepsy-treatment","15":"product_tag-ritalin-20-mg","16":"product_tag-ritalin-without-prescription","17":"desktop-align-left","18":"tablet-align-left","19":"mobile-align-left","20":"ast-product-gallery-layout-horizontal-slider","21":"ast-product-gallery-with-no-image","22":"ast-magnify-disabled","23":"ast-product-single-variable","24":"ast-product-tabs-layout-horizontal","26":"first","27":"instock","28":"shipping-taxable","29":"purchasable","30":"product-type-variable"},"yoast_head":"<!-- This site is optimized with the Yoast SEO Premium plugin v26.0 (Yoast SEO v27.6) - https:\/\/yoast.com\/product\/yoast-seo-premium-wordpress\/ -->\n<title>Buy Ritalin 20 mg Online - Fast &amp; Affordable Generic Pills &#187; Rx Meds Plus<\/title>\n<meta name=\"description\" content=\"Buy Ritalin online fast and affordably\u2014generic 20 mg pills delivered discreetly worldwide. Order now for reliable ADHD treatment without prescription.\" \/>\n<meta name=\"robots\" content=\"noindex, follow, max-snippet:-1, max-image-preview:large, max-video-preview:-1\" \/>\n<meta property=\"og:locale\" content=\"hr_HR\" \/>\n<meta property=\"og:type\" content=\"article\" \/>\n<meta property=\"og:title\" content=\"Buy Ritalin 20 mg Online - Fast &amp; Affordable Generic Pills\" \/>\n<meta property=\"og:description\" content=\"Buy Ritalin online fast and affordably\u2014generic 20 mg pills delivered discreetly worldwide. Order now for reliable ADHD treatment without prescription.\" \/>\n<meta property=\"og:url\" content=\"https:\/\/rxmedsplus.com\/hr\/proizvod\/buy-ritalin-online-3\/\" \/>\n<meta property=\"og:site_name\" content=\"Rx Meds Plus\" \/>\n<meta property=\"article:modified_time\" content=\"2026-05-12T03:20:18+00:00\" \/>\n<meta property=\"og:image\" content=\"https:\/\/rxmedsplus.com\/wp-content\/uploads\/2025\/09\/11229-buy-ritalin-20mg.jpg\" \/>\n\t<meta property=\"og:image:width\" content=\"500\" \/>\n\t<meta property=\"og:image:height\" content=\"375\" \/>\n\t<meta property=\"og:image:type\" content=\"image\/jpeg\" \/>\n<meta name=\"twitter:card\" content=\"summary_large_image\" \/>\n<meta name=\"twitter:label1\" content=\"Availability\" \/>\n\t<meta name=\"twitter:data1\" content=\"In stock\" \/>\n<script type=\"application\/ld+json\" class=\"yoast-schema-graph\">{\"@context\":\"https:\\\/\\\/schema.org\",\"@graph\":[{\"@type\":\"WebPage\",\"@id\":\"https:\\\/\\\/rxmedsplus.com\\\/product\\\/buy-ritalin-online-3\\\/\",\"url\":\"https:\\\/\\\/rxmedsplus.com\\\/product\\\/buy-ritalin-online-3\\\/\",\"name\":\"Buy Ritalin 20 mg Online - Fast & Affordable Generic Pills &#187; Rx Meds Plus\",\"isPartOf\":{\"@id\":\"https:\\\/\\\/rxmedsplus.com\\\/#website\"},\"primaryImageOfPage\":{\"@id\":\"https:\\\/\\\/rxmedsplus.com\\\/product\\\/buy-ritalin-online-3\\\/#primaryimage\"},\"image\":{\"@id\":\"https:\\\/\\\/rxmedsplus.com\\\/product\\\/buy-ritalin-online-3\\\/#primaryimage\"},\"thumbnailUrl\":\"https:\\\/\\\/rxmedsplus.com\\\/wp-content\\\/uploads\\\/2025\\\/09\\\/11229-buy-ritalin-20mg.jpg\",\"datePublished\":\"2025-09-24T21:52:22+00:00\",\"dateModified\":\"2026-05-12T03:20:18+00:00\",\"description\":\"Buy Ritalin online fast and affordably\u2014generic 20 mg pills delivered discreetly worldwide. Order now for reliable ADHD treatment without prescription.\",\"breadcrumb\":{\"@id\":\"https:\\\/\\\/rxmedsplus.com\\\/product\\\/buy-ritalin-online-3\\\/#breadcrumb\"},\"inLanguage\":\"hr\",\"potentialAction\":[{\"@type\":\"ReadAction\",\"target\":[\"https:\\\/\\\/rxmedsplus.com\\\/product\\\/buy-ritalin-online-3\\\/\"]}]},{\"@type\":\"ImageObject\",\"inLanguage\":\"hr\",\"@id\":\"https:\\\/\\\/rxmedsplus.com\\\/product\\\/buy-ritalin-online-3\\\/#primaryimage\",\"url\":\"https:\\\/\\\/rxmedsplus.com\\\/wp-content\\\/uploads\\\/2025\\\/09\\\/11229-buy-ritalin-20mg.jpg\",\"contentUrl\":\"https:\\\/\\\/rxmedsplus.com\\\/wp-content\\\/uploads\\\/2025\\\/09\\\/11229-buy-ritalin-20mg.jpg\",\"width\":500,\"height\":375},{\"@type\":\"BreadcrumbList\",\"@id\":\"https:\\\/\\\/rxmedsplus.com\\\/product\\\/buy-ritalin-online-3\\\/#breadcrumb\",\"itemListElement\":[{\"@type\":\"ListItem\",\"position\":1,\"name\":\"Home\",\"item\":\"https:\\\/\\\/rxmedsplus.com\\\/\"},{\"@type\":\"ListItem\",\"position\":2,\"name\":\"Shop\",\"item\":\"https:\\\/\\\/rxmedsplus.com\\\/shop\\\/\"},{\"@type\":\"ListItem\",\"position\":3,\"name\":\"Buy Ritalin 20 mg Online &#8211; Fast &#038; Affordable Generic Pills\"}]},{\"@type\":\"WebSite\",\"@id\":\"https:\\\/\\\/rxmedsplus.com\\\/#website\",\"url\":\"https:\\\/\\\/rxmedsplus.com\\\/\",\"name\":\"Rx Meds Plus\",\"description\":\"Buy Prescription Meds and Pills Online with Fast Delivery\",\"potentialAction\":[{\"@type\":\"SearchAction\",\"target\":{\"@type\":\"EntryPoint\",\"urlTemplate\":\"https:\\\/\\\/rxmedsplus.com\\\/?s={search_term_string}\"},\"query-input\":{\"@type\":\"PropertyValueSpecification\",\"valueRequired\":true,\"valueName\":\"search_term_string\"}}],\"inLanguage\":\"hr\"}]}<\/script>\n<meta property=\"og:availability\" content=\"instock\" \/>\n<meta property=\"product:availability\" content=\"instock\" \/>\n<meta property=\"product:retailer_item_id\" content=\"3H2CTc15zy\" \/>\n<meta property=\"product:condition\" content=\"new\" \/>\n<!-- \/ Yoast SEO Premium plugin. -->","yoast_head_json":{"title":"Kupite Ritalin 20 mg online - Brze i pristupa\u010dne generi\u010dke tablete - Rx Meds Plus","description":"Kupite Ritalin online brzo i povoljno - generi\u010dke tablete od 20 mg diskretno se dostavljaju diljem svijeta. Naru\u010dite odmah za pouzdano lije\u010denje ADHD-a bez recepta.","robots":{"index":"noindex","follow":"follow","max-snippet":"max-snippet:-1","max-image-preview":"max-image-preview:large","max-video-preview":"max-video-preview:-1"},"og_locale":"hr_HR","og_type":"article","og_title":"Buy Ritalin 20 mg Online - Fast & Affordable Generic Pills","og_description":"Buy Ritalin online fast and affordably\u2014generic 20 mg pills delivered discreetly worldwide. Order now for reliable ADHD treatment without prescription.","og_url":"https:\/\/rxmedsplus.com\/hr\/proizvod\/buy-ritalin-online-3\/","og_site_name":"Rx Meds Plus","article_modified_time":"2026-05-12T03:20:18+00:00","og_image":[{"width":500,"height":375,"url":"https:\/\/rxmedsplus.com\/wp-content\/uploads\/2025\/09\/11229-buy-ritalin-20mg.jpg","type":"image\/jpeg"}],"twitter_card":"summary_large_image","twitter_misc":{"Availability":"In stock"},"schema":{"@context":"https:\/\/schema.org","@graph":[{"@type":"WebPage","@id":"https:\/\/rxmedsplus.com\/product\/buy-ritalin-online-3\/","url":"https:\/\/rxmedsplus.com\/product\/buy-ritalin-online-3\/","name":"Kupite Ritalin 20 mg online - Brze i pristupa\u010dne generi\u010dke tablete - Rx Meds Plus","isPartOf":{"@id":"https:\/\/rxmedsplus.com\/#website"},"primaryImageOfPage":{"@id":"https:\/\/rxmedsplus.com\/product\/buy-ritalin-online-3\/#primaryimage"},"image":{"@id":"https:\/\/rxmedsplus.com\/product\/buy-ritalin-online-3\/#primaryimage"},"thumbnailUrl":"https:\/\/rxmedsplus.com\/wp-content\/uploads\/2025\/09\/11229-buy-ritalin-20mg.jpg","datePublished":"2025-09-24T21:52:22+00:00","dateModified":"2026-05-12T03:20:18+00:00","description":"Kupite Ritalin online brzo i povoljno - generi\u010dke tablete od 20 mg diskretno se dostavljaju diljem svijeta. Naru\u010dite odmah za pouzdano lije\u010denje ADHD-a bez recepta.","breadcrumb":{"@id":"https:\/\/rxmedsplus.com\/product\/buy-ritalin-online-3\/#breadcrumb"},"inLanguage":"hr","potentialAction":[{"@type":"ReadAction","target":["https:\/\/rxmedsplus.com\/product\/buy-ritalin-online-3\/"]}]},{"@type":"ImageObject","inLanguage":"hr","@id":"https:\/\/rxmedsplus.com\/product\/buy-ritalin-online-3\/#primaryimage","url":"https:\/\/rxmedsplus.com\/wp-content\/uploads\/2025\/09\/11229-buy-ritalin-20mg.jpg","contentUrl":"https:\/\/rxmedsplus.com\/wp-content\/uploads\/2025\/09\/11229-buy-ritalin-20mg.jpg","width":500,"height":375},{"@type":"BreadcrumbList","@id":"https:\/\/rxmedsplus.com\/product\/buy-ritalin-online-3\/#breadcrumb","itemListElement":[{"@type":"ListItem","position":1,"name":"Home","item":"https:\/\/rxmedsplus.com\/"},{"@type":"ListItem","position":2,"name":"Shop","item":"https:\/\/rxmedsplus.com\/shop\/"},{"@type":"ListItem","position":3,"name":"Buy Ritalin 20 mg Online &#8211; Fast &#038; Affordable Generic Pills"}]},{"@type":"WebSite","@id":"https:\/\/rxmedsplus.com\/#website","url":"https:\/\/rxmedsplus.com\/","name":"Lijekovi na recept Plus","description":"Kupite lijekove na recept i tablete online s brzom dostavom","potentialAction":[{"@type":"SearchAction","target":{"@type":"EntryPoint","urlTemplate":"https:\/\/rxmedsplus.com\/?s={search_term_string}"},"query-input":{"@type":"PropertyValueSpecification","valueRequired":true,"valueName":"search_term_string"}}],"inLanguage":"hr"}]},"og_availability":"instock","product_availability":"instock","product_retailer_item_id":"3H2CTc15zy","product_condition":"new"},"_links":{"self":[{"href":"https:\/\/rxmedsplus.com\/hr\/wp-json\/wp\/v2\/product\/3426","targetHints":{"allow":["GET"]}}],"collection":[{"href":"https:\/\/rxmedsplus.com\/hr\/wp-json\/wp\/v2\/product"}],"about":[{"href":"https:\/\/rxmedsplus.com\/hr\/wp-json\/wp\/v2\/types\/product"}],"replies":[{"embeddable":true,"href":"https:\/\/rxmedsplus.com\/hr\/wp-json\/wp\/v2\/comments?post=3426"}],"wp:featuredmedia":[{"embeddable":true,"href":"https:\/\/rxmedsplus.com\/hr\/wp-json\/wp\/v2\/media\/3459"}],"wp:attachment":[{"href":"https:\/\/rxmedsplus.com\/hr\/wp-json\/wp\/v2\/media?parent=3426"}],"wp:term":[{"taxonomy":"product_brand","embeddable":true,"href":"https:\/\/rxmedsplus.com\/hr\/wp-json\/wp\/v2\/product_brand?post=3426"},{"taxonomy":"product_cat","embeddable":true,"href":"https:\/\/rxmedsplus.com\/hr\/wp-json\/wp\/v2\/product_cat?post=3426"},{"taxonomy":"product_tag","embeddable":true,"href":"https:\/\/rxmedsplus.com\/hr\/wp-json\/wp\/v2\/product_tag?post=3426"}],"curies":[{"name":"wp","href":"https:\/\/api.w.org\/{rel}","templated":true}]}}