{"id":4304,"date":"2026-05-03T23:30:24","date_gmt":"2026-05-03T23:30:24","guid":{"rendered":"https:\/\/rxmedsplus.com\/"},"modified":"2026-05-11T00:46:55","modified_gmt":"2026-05-11T00:46:55","slug":"viagra-200mg-online","status":"publish","type":"product","link":"https:\/\/rxmedsplus.com\/hr\/product\/viagra-200mg-online\/","title":{"rendered":"Viagra 200 mg na prodaju putem interneta \u2013 Brza i diskretna dostava"},"content":{"rendered":"<h1>Viagra 200 mg na prodaju putem interneta \u2013 brza i diskretna dostava  <\/h1>\n<h2>Mo\u0107no rje\u0161enje za pobolj\u0161ane performanse  <\/h2>\n<p>Kada je u pitanju vra\u0107anje samopouzdanja i vitalnosti u spava\u0107oj sobi, <strong>Viagra 200 mg<\/strong> predstavlja pouzdano rje\u0161enje za mu\u0161karce koji imaju problema s erektilnom disfunkcijom (ED). Na\u0161a visoka doza daje sna\u017ene rezultate, osiguravaju\u0107i pouzdane performanse kada vam je to najpotrebnije. Kao <strong>pouzdani online prodava\u010d<\/strong>, mi pru\u017eamo <strong>autenti\u010dna Viagra 200 mg na prodaju putem interneta<\/strong>, poslano <strong>brzo i diskretno<\/strong> to\u8f38\u51fa mnogo.<\/p>\n<p>Na\u0161a diskretna usluga dostave osigurava za\u0161titu va\u0161e privatnosti u svakom koraku. Bez obzira jeste li u SAD-u, Kanadi, Velikoj Britaniji, EU, Australiji ili bilo gdje drugdje u svijetu, va\u0161a narud\u017eba sti\u017ee sigurno i bez nepotrebnih ka\u0161njenja. Mo\u017eete ra\u010dunati na nas za besprijekornu dostavu. <strong>iskustvo s online ljekarnom<\/strong> bez potrebnog recepta.<\/p>\n<h2>\u0160to je Viagra 200 mg?  <\/h2>\n<p><strong>Viagra 200 mg<\/strong> je najja\u010da komercijalno dostupna doza sildenafil citrata, klju\u010dnog sastojka najpopularnijeg lijeka za erektilnu disfunkciju na svijetu. Dizajnirana za mu\u0161karce kojima je potrebno ja\u010de rje\u0161enje, ova verzija osigurava br\u017ee i dugotrajnije u\u010dinke u usporedbi s ni\u017eim dozama poput 25 mg, 50 mg ili 100 mg. <\/p>\n<h3>Klju\u010dne specifikacije  <\/h3>\n<p>\u2013 <strong>Aktivni sastojak:<\/strong> Sildenafil citrat 200 mg<br \/>\n\u2013 <strong>Oblik:<\/strong> Oralne tablete<br \/>\n\u2013 <strong>Proizvo\u0111a\u010d:<\/strong> Pfizer (ili pouzdani generi\u010dki lijekovi)<br \/>\n\u2013 <strong>Trajanje u\u010dinka:<\/strong> Do duljeg odr\u017eavanja trajanja i u\u010dinkovitije pobolj\u0161anje protoka krvi. <\/p>\n<h2>Kako djeluje Viagra 200 mg?  <\/h2>\n<p>Viagra 200 mg djeluje tako \u0161to <strong>pobolj\u0161anje protoka krvi<\/strong> na mu\u0161ki reproduktivni organ, olak\u0161avaju\u0107i sna\u017ene i odr\u017eive erekcije prilikom seksualne stimulacije. <strong>visoka doza<\/strong> osigurava br\u017ei po\u010detak djelovanja - \u010desto unutar 30-60 minuta - uz odr\u017eavanje u\u010dinaka do pet sati. To ga \u010dini idealnim za one kojima je potrebno <strong>brzo djeluju\u0107a, dugotrajna podr\u0161ka performansama<\/strong>.  <\/p>\n<h3>Preporu\u010dena doza  <\/h3>\n<p>Standard <strong>Doza Viagre<\/strong> kre\u0107e se od 25 mg do 100 mg, ali lije\u010dnici mogu <strong>preporu\u010duje se 200 mg<\/strong> u slu\u010dajevima te\u0161ke erektilne disfunkcije ili smanjenog odgovora na ni\u017ee ja\u010dine. Uvijek zapo\u010dnite s ni\u017eom dozom i oprezno je pove\u0107avajte uz nadzor lije\u010dnika. Izbjegavajte prekora\u010denje 200 mg unutar 24 sata kako biste sprije\u010dili nuspojave.  <\/p>\n<h2>Prednosti odabira Viagre 200 mg  <\/h2>\n<p>\u2013 <strong>Maksimalna potencija:<\/strong> Najja\u010da dostupna doza za mu\u0161karce s upornom ED.<br \/>\n\u2013 <strong>Pro\u0161irene performanse:<\/strong> U\u010dinci traju dulje nego kod ni\u017eih doza.<br \/>\n\u2013 <strong>Br\u017ee djelovanje:<\/strong> Brza apsorpcija zna\u010di manje vremena \u010dekanja prije intimnosti.<br \/>\n\u2013 <strong>Pouzdana formula:<\/strong> Potkrijepljeno klini\u010dkim ispitivanjima i desetlje\u0107ima upotrebe.  <\/p>\n<h2>Tko bi trebao uzimati Viagru 200 mg?  <\/h2>\n<p>Ova opcija visoke doze najbolja je za mu\u0161karce koji se suo\u010davaju s <strong>te\u0161ka erektilna disfunkcija<\/strong> koji su ve\u0107 isprobali ni\u017ee snage bez dovoljnih rezultata. Ne preporu\u010duje se prvim korisnicima\u2014uvijek zapo\u010dnite s 30 mg ili 50 mg\uc5d0\uc11c\u521d\u6b21\u4f7f\u7528\u5efa\u8b70\ub0ae\uc740\u5242\u91cf\u6642\u5165\u9010\u6b65\u8abf\u6574<\/p>\n<h3>Potential Side Effects  <\/h3>\n<p>Iako je op\u0107enito sigurna, Viagra 200 mg mo\u017ee uzrokovati:<br \/>\nGlavobolja<br \/>\nIspiranje<br \/>\nProbavne tegobe<br \/>\nZa\u010depljenost nosa<br \/>\n&#8211; Mild dizziness  <\/p>\n<p>Takvi su u\u010dinci obi\u010dno privremeni. Ako simptomi potraju, obratite se lije\u010dniku.<\/p>\n<h2>Za\u0161to kupiti Viagru 200 mg online od nas?  <\/h2>\n<p>Kao vode\u0107i dobavlja\u010d originalnih tretmana za erektilnu disfunkciju, dajemo prioritet <strong>kvaliteta, privatnost i brzina<\/strong>Evo za\u0161to biste trebali odabrati nas:  <\/p>\n<p>\u2013 <strong>Nije potreban recept:<\/strong> Naru\u010dite bez problema i bez posjeta lije\u010dniku.<br \/>\n\u2013 <strong>Brza i diskretna dostava:<\/strong> Potpuno povjerljivo pakiranje diljem svijeta.<br \/>\n\u2013 <strong>Jamstvo za proizvod Gen \uc740\u8ba2:<\/strong> Autenti\u010dna Viagra ili premium alternative.<br \/>\n\u2013 <strong>Globalna dostava:<\/strong> Dostavlja se u SAD, Kanadu, UK, EU, Australiju i \u0161ire.  <\/p>\n<h2>Kako naru\u010diti Viagru 200 mg online  <\/h2>\n<p>1. <strong>Dodaj u ko\u0161aricu<\/strong>\u2014 odaberite \u017eeljenu koli\u010dinu.<br \/>\n2. <strong>Unesite podatke o dostavi<\/strong>\u2014va\u0161i podaci ostaju privatni.<br \/>\n3. <strong>Dovr\u0161ite pla\u0107anje<\/strong>\u2014sigurne transakcije putem pouzdanih metoda.<br \/>\n4. <strong>Primite diskretno<\/strong>\u2014pratite svoju dostavu do dolaska.  <\/p>\n<p>Na\u0161 proces pla\u0107anja je brz, \u0161to vam osigurava da odmah dobijete svoje <strong>Viagra 200 mg na prodaju putem interneta<\/strong> s minimalnim ka\u0161njenjem.  <\/p>\n<h2>\u010cesto postavljana pitanja  <\/h2>\n<h3>Je li sigurno naru\u010diti Viagru bez recepta?  <\/h3>\n<p>Da, \uc6b0\ub9ac\u2019jedna pouzdana online ljekarna.  <\/p>\n<h3>Koje je vrijeme dostave?  <\/h3>\n<p>Ve\u0107ina narud\u017ebi isporu\u010duje se u roku od 3 do 7 radnih dana, ovisno o odredi\u0161tu.  <\/p>\n<h3>Nudite li \ub0a0\uc528 prikriveno pakiranje?  <\/h3>\n<p>Apsolutno - sve narud\u017ebe se \u0161alju u obi\u010dnim kutijama bez ikakvih identifikacijskih naljepnica.  <\/p>\n<h2>Zaklju\u010dak  <\/h2>\n<p>Za mu\u0161karce koji se suo\u010davaju s te\u0161kom erektilnom disfunkcijom, <strong>Viagra 200 mg na prodaju putem interneta<\/strong> pru\u017ea najja\u010de i naju\u010dinkovitije dostupno rje\u0161enje. Na\u0161 <strong>brza i diskretna dostava<\/strong> osigurava da primate autenti\u010dne lijekove bez ugro\u017eavanja privatnosti.  <\/p>\n<p>Ne dopustite da vas erektilna disfunkcija sputava\u2014<strong>Naru\u010dite Viagru 200 mg ve\u0107 danas<\/strong> i prirodno iskusite obnovljeno samopouzdanje. Naru\u010dite odmah <strong>Swift dostava izravno na va\u0161a vrata<\/strong>.<\/p>","protected":false},"excerpt":{"rendered":"<p>**Trebate li sna\u017eno rje\u0161enje za erektilnu disfunkciju?** Kupite Viagru 200 mg online od Rx Meds Plus - formulu Sildenafila visoke ja\u010dine dizajniranu za mu\u0161karce koji tra\u017ee intenzivne, dugotrajne erekcije. Izbjegnite gnjava\u017eu s ljekarnom uz na\u0161u brzu, diskretnu dostavu i konkurentne cijene. U\u017eivajte u autenti\u010dnim lijekovima bez recepta koji se sigurno dostavljaju na va\u0161a vrata. Pove\u0107ajte performanse, samopouzdanje i izdr\u017eljivost - naru\u010dite odmah za dostavu istog dana i privatnost kojoj mo\u017eete vjerovati!<\/p>","protected":false},"featured_media":4334,"comment_status":"open","ping_status":"closed","template":"","meta":{"site-sidebar-layout":"default","site-content-layout":"","ast-site-content-layout":"default","site-content-style":"default","site-sidebar-style":"default","ast-global-header-display":"","ast-banner-title-visibility":"","ast-main-header-display":"","ast-hfb-above-header-display":"","ast-hfb-below-header-display":"","ast-hfb-mobile-header-display":"","site-post-title":"","ast-breadcrumbs-content":"","ast-featured-img":"","footer-sml-layout":"","ast-disable-related-posts":"","theme-transparent-header-meta":"","adv-header-id-meta":"","stick-header-meta":"","header-above-stick-meta":"","header-main-stick-meta":"","header-below-stick-meta":"","astra-migrate-meta-layouts":"default","ast-page-background-enabled":"default","ast-page-background-meta":{"desktop":{"background-color":"","background-image":"","background-repeat":"repeat","background-position":"center center","background-size":"auto","background-attachment":"scroll","background-type":"","background-media":"","overlay-type":"","overlay-color":"","overlay-opacity":"","overlay-gradient":""},"tablet":{"background-color":"","background-image":"","background-repeat":"repeat","background-position":"center center","background-size":"auto","background-attachment":"scroll","background-type":"","background-media":"","overlay-type":"","overlay-color":"","overlay-opacity":"","overlay-gradient":""},"mobile":{"background-color":"","background-image":"","background-repeat":"repeat","background-position":"center center","background-size":"auto","background-attachment":"scroll","background-type":"","background-media":"","overlay-type":"","overlay-color":"","overlay-opacity":"","overlay-gradient":""}},"ast-content-background-meta":{"desktop":{"background-color":"var(--ast-global-color-5)","background-image":"","background-repeat":"repeat","background-position":"center center","background-size":"auto","background-attachment":"scroll","background-type":"","background-media":"","overlay-type":"","overlay-color":"","overlay-opacity":"","overlay-gradient":""},"tablet":{"background-color":"var(--ast-global-color-5)","background-image":"","background-repeat":"repeat","background-position":"center center","background-size":"auto","background-attachment":"scroll","background-type":"","background-media":"","overlay-type":"","overlay-color":"","overlay-opacity":"","overlay-gradient":""},"mobile":{"background-color":"var(--ast-global-color-5)","background-image":"","background-repeat":"repeat","background-position":"center center","background-size":"auto","background-attachment":"scroll","background-type":"","background-media":"","overlay-type":"","overlay-color":"","overlay-opacity":"","overlay-gradient":""}}},"product_brand":[],"product_cat":[1684],"product_tag":[2139,966,279,957,956,2138,1265,251,967,1984,958,2137,2136,2140,1271],"class_list":{"0":"post-4304","1":"product","2":"type-product","3":"status-publish","4":"has-post-thumbnail","6":"product_cat-sex-pills","7":"product_tag-best-viagra-dosage","8":"product_tag-buy-viagra-online","9":"product_tag-discreet-shipping","10":"product_tag-ed-medication","11":"product_tag-erectile-dysfunction-treatment","12":"product_tag-fast-delivery-viagra","13":"product_tag-generic-viagra","14":"product_tag-online-pharmacy","15":"product_tag-pfizer-viagra","16":"product_tag-sexual-health","17":"product_tag-sildenafil-citrate","18":"product_tag-strong-viagra-dose","19":"product_tag-viagra-200mg","20":"product_tag-viagra-for-men","21":"product_tag-viagra-without-prescription","22":"desktop-align-left","23":"tablet-align-left","24":"mobile-align-left","25":"ast-product-gallery-layout-horizontal-slider","26":"ast-product-gallery-with-no-image","27":"ast-magnify-disabled","28":"ast-product-single-variable","29":"ast-product-tabs-layout-horizontal","31":"first","32":"instock","33":"shipping-taxable","34":"purchasable","35":"product-type-variable"},"yoast_head":"<!-- This site is optimized with the Yoast SEO Premium plugin v26.0 (Yoast SEO v27.6) - https:\/\/yoast.com\/product\/yoast-seo-premium-wordpress\/ -->\n<title>Viagra 200mg For Sale Online \u2013 Fast &amp; Discreet Delivery &#187; Rx Meds Plus<\/title>\n<meta name=\"description\" content=\"Buy Viagra 200mg online for fast, discreet delivery\u2014powerful ED solution with no prescription needed. Order today for enhanced performance!\" \/>\n<meta name=\"robots\" content=\"noindex, follow, max-snippet:-1, max-image-preview:large, max-video-preview:-1\" \/>\n<meta property=\"og:locale\" content=\"hr_HR\" \/>\n<meta property=\"og:type\" content=\"article\" \/>\n<meta property=\"og:title\" content=\"Viagra 200mg For Sale Online \u2013 Fast &amp; Discreet Delivery\" \/>\n<meta property=\"og:description\" content=\"Buy Viagra 200mg online for fast, discreet delivery\u2014powerful ED solution with no prescription needed. Order today for enhanced performance!\" \/>\n<meta property=\"og:url\" content=\"https:\/\/rxmedsplus.com\/hr\/proizvod\/viagra-200mg-online\/\" \/>\n<meta property=\"og:site_name\" content=\"Rx Meds Plus\" \/>\n<meta property=\"article:modified_time\" content=\"2026-05-11T00:46:55+00:00\" \/>\n<meta property=\"og:image\" content=\"https:\/\/rxmedsplus.com\/wp-content\/uploads\/2026\/05\/134369-5-1.jpg\" \/>\n\t<meta property=\"og:image:width\" content=\"500\" \/>\n\t<meta property=\"og:image:height\" content=\"500\" \/>\n\t<meta property=\"og:image:type\" content=\"image\/jpeg\" \/>\n<meta name=\"twitter:card\" content=\"summary_large_image\" \/>\n<meta name=\"twitter:label1\" content=\"Availability\" \/>\n\t<meta name=\"twitter:data1\" content=\"In stock\" \/>\n<script type=\"application\/ld+json\" class=\"yoast-schema-graph\">{\"@context\":\"https:\\\/\\\/schema.org\",\"@graph\":[{\"@type\":\"WebPage\",\"@id\":\"https:\\\/\\\/rxmedsplus.com\\\/product\\\/viagra-200mg-online\\\/\",\"url\":\"https:\\\/\\\/rxmedsplus.com\\\/product\\\/viagra-200mg-online\\\/\",\"name\":\"Viagra 200mg For Sale Online \u2013 Fast & Discreet Delivery &#187; Rx Meds Plus\",\"isPartOf\":{\"@id\":\"https:\\\/\\\/rxmedsplus.com\\\/#website\"},\"primaryImageOfPage\":{\"@id\":\"https:\\\/\\\/rxmedsplus.com\\\/product\\\/viagra-200mg-online\\\/#primaryimage\"},\"image\":{\"@id\":\"https:\\\/\\\/rxmedsplus.com\\\/product\\\/viagra-200mg-online\\\/#primaryimage\"},\"thumbnailUrl\":\"https:\\\/\\\/rxmedsplus.com\\\/wp-content\\\/uploads\\\/2026\\\/05\\\/134369-5-1.jpg\",\"datePublished\":\"2026-05-03T23:30:24+00:00\",\"dateModified\":\"2026-05-11T00:46:55+00:00\",\"description\":\"Buy Viagra 200mg online for fast, discreet delivery\u2014powerful ED solution with no prescription needed. Order today for enhanced performance!\",\"breadcrumb\":{\"@id\":\"https:\\\/\\\/rxmedsplus.com\\\/product\\\/viagra-200mg-online\\\/#breadcrumb\"},\"inLanguage\":\"hr\",\"potentialAction\":[{\"@type\":\"ReadAction\",\"target\":[\"https:\\\/\\\/rxmedsplus.com\\\/product\\\/viagra-200mg-online\\\/\"]}]},{\"@type\":\"ImageObject\",\"inLanguage\":\"hr\",\"@id\":\"https:\\\/\\\/rxmedsplus.com\\\/product\\\/viagra-200mg-online\\\/#primaryimage\",\"url\":\"https:\\\/\\\/rxmedsplus.com\\\/wp-content\\\/uploads\\\/2026\\\/05\\\/134369-5-1.jpg\",\"contentUrl\":\"https:\\\/\\\/rxmedsplus.com\\\/wp-content\\\/uploads\\\/2026\\\/05\\\/134369-5-1.jpg\",\"width\":500,\"height\":500},{\"@type\":\"BreadcrumbList\",\"@id\":\"https:\\\/\\\/rxmedsplus.com\\\/product\\\/viagra-200mg-online\\\/#breadcrumb\",\"itemListElement\":[{\"@type\":\"ListItem\",\"position\":1,\"name\":\"Home\",\"item\":\"https:\\\/\\\/rxmedsplus.com\\\/\"},{\"@type\":\"ListItem\",\"position\":2,\"name\":\"Shop\",\"item\":\"https:\\\/\\\/rxmedsplus.com\\\/shop\\\/\"},{\"@type\":\"ListItem\",\"position\":3,\"name\":\"Viagra 200mg For Sale Online \u2013 Fast &#038; Discreet Delivery\"}]},{\"@type\":\"WebSite\",\"@id\":\"https:\\\/\\\/rxmedsplus.com\\\/#website\",\"url\":\"https:\\\/\\\/rxmedsplus.com\\\/\",\"name\":\"Rx Meds Plus\",\"description\":\"Buy Prescription Meds and Pills Online with Fast Delivery\",\"potentialAction\":[{\"@type\":\"SearchAction\",\"target\":{\"@type\":\"EntryPoint\",\"urlTemplate\":\"https:\\\/\\\/rxmedsplus.com\\\/?s={search_term_string}\"},\"query-input\":{\"@type\":\"PropertyValueSpecification\",\"valueRequired\":true,\"valueName\":\"search_term_string\"}}],\"inLanguage\":\"hr\"}]}<\/script>\n<meta property=\"og:availability\" content=\"instock\" \/>\n<meta property=\"product:availability\" content=\"instock\" \/>\n<meta property=\"product:retailer_item_id\" content=\"134369\" \/>\n<meta property=\"product:condition\" content=\"new\" \/>\n<!-- \/ Yoast SEO Premium plugin. -->","yoast_head_json":{"title":"Viagra 200 mg na prodaju putem interneta \u2013 brza i diskretna dostava \u00bb Rx Meds Plus","description":"Kupite Viagru 200 mg online za brzu i diskretnu dostavu - sna\u017eno rje\u0161enje za ED bez recepta. Naru\u010dite danas za pobolj\u0161ane performanse!","robots":{"index":"noindex","follow":"follow","max-snippet":"max-snippet:-1","max-image-preview":"max-image-preview:large","max-video-preview":"max-video-preview:-1"},"og_locale":"hr_HR","og_type":"article","og_title":"Viagra 200mg For Sale Online \u2013 Fast & Discreet Delivery","og_description":"Buy Viagra 200mg online for fast, discreet delivery\u2014powerful ED solution with no prescription needed. Order today for enhanced performance!","og_url":"https:\/\/rxmedsplus.com\/hr\/proizvod\/viagra-200mg-online\/","og_site_name":"Rx Meds Plus","article_modified_time":"2026-05-11T00:46:55+00:00","og_image":[{"width":500,"height":500,"url":"https:\/\/rxmedsplus.com\/wp-content\/uploads\/2026\/05\/134369-5-1.jpg","type":"image\/jpeg"}],"twitter_card":"summary_large_image","twitter_misc":{"Availability":"In stock"},"schema":{"@context":"https:\/\/schema.org","@graph":[{"@type":"WebPage","@id":"https:\/\/rxmedsplus.com\/product\/viagra-200mg-online\/","url":"https:\/\/rxmedsplus.com\/product\/viagra-200mg-online\/","name":"Viagra 200 mg na prodaju putem interneta \u2013 brza i diskretna dostava \u00bb Rx Meds Plus","isPartOf":{"@id":"https:\/\/rxmedsplus.com\/#website"},"primaryImageOfPage":{"@id":"https:\/\/rxmedsplus.com\/product\/viagra-200mg-online\/#primaryimage"},"image":{"@id":"https:\/\/rxmedsplus.com\/product\/viagra-200mg-online\/#primaryimage"},"thumbnailUrl":"https:\/\/rxmedsplus.com\/wp-content\/uploads\/2026\/05\/134369-5-1.jpg","datePublished":"2026-05-03T23:30:24+00:00","dateModified":"2026-05-11T00:46:55+00:00","description":"Kupite Viagru 200 mg online za brzu i diskretnu dostavu - sna\u017eno rje\u0161enje za ED bez recepta. Naru\u010dite danas za pobolj\u0161ane performanse!","breadcrumb":{"@id":"https:\/\/rxmedsplus.com\/product\/viagra-200mg-online\/#breadcrumb"},"inLanguage":"hr","potentialAction":[{"@type":"ReadAction","target":["https:\/\/rxmedsplus.com\/product\/viagra-200mg-online\/"]}]},{"@type":"ImageObject","inLanguage":"hr","@id":"https:\/\/rxmedsplus.com\/product\/viagra-200mg-online\/#primaryimage","url":"https:\/\/rxmedsplus.com\/wp-content\/uploads\/2026\/05\/134369-5-1.jpg","contentUrl":"https:\/\/rxmedsplus.com\/wp-content\/uploads\/2026\/05\/134369-5-1.jpg","width":500,"height":500},{"@type":"BreadcrumbList","@id":"https:\/\/rxmedsplus.com\/product\/viagra-200mg-online\/#breadcrumb","itemListElement":[{"@type":"ListItem","position":1,"name":"Home","item":"https:\/\/rxmedsplus.com\/"},{"@type":"ListItem","position":2,"name":"Shop","item":"https:\/\/rxmedsplus.com\/shop\/"},{"@type":"ListItem","position":3,"name":"Viagra 200mg For Sale Online \u2013 Fast &#038; Discreet Delivery"}]},{"@type":"WebSite","@id":"https:\/\/rxmedsplus.com\/#website","url":"https:\/\/rxmedsplus.com\/","name":"Lijekovi na recept Plus","description":"Kupite lijekove na recept i tablete online s brzom dostavom","potentialAction":[{"@type":"SearchAction","target":{"@type":"EntryPoint","urlTemplate":"https:\/\/rxmedsplus.com\/?s={search_term_string}"},"query-input":{"@type":"PropertyValueSpecification","valueRequired":true,"valueName":"search_term_string"}}],"inLanguage":"hr"}]},"og_availability":"instock","product_availability":"instock","product_retailer_item_id":"134369","product_condition":"new"},"_links":{"self":[{"href":"https:\/\/rxmedsplus.com\/hr\/wp-json\/wp\/v2\/product\/4304","targetHints":{"allow":["GET"]}}],"collection":[{"href":"https:\/\/rxmedsplus.com\/hr\/wp-json\/wp\/v2\/product"}],"about":[{"href":"https:\/\/rxmedsplus.com\/hr\/wp-json\/wp\/v2\/types\/product"}],"replies":[{"embeddable":true,"href":"https:\/\/rxmedsplus.com\/hr\/wp-json\/wp\/v2\/comments?post=4304"}],"wp:featuredmedia":[{"embeddable":true,"href":"https:\/\/rxmedsplus.com\/hr\/wp-json\/wp\/v2\/media\/4334"}],"wp:attachment":[{"href":"https:\/\/rxmedsplus.com\/hr\/wp-json\/wp\/v2\/media?parent=4304"}],"wp:term":[{"taxonomy":"product_brand","embeddable":true,"href":"https:\/\/rxmedsplus.com\/hr\/wp-json\/wp\/v2\/product_brand?post=4304"},{"taxonomy":"product_cat","embeddable":true,"href":"https:\/\/rxmedsplus.com\/hr\/wp-json\/wp\/v2\/product_cat?post=4304"},{"taxonomy":"product_tag","embeddable":true,"href":"https:\/\/rxmedsplus.com\/hr\/wp-json\/wp\/v2\/product_tag?post=4304"}],"curies":[{"name":"wp","href":"https:\/\/api.w.org\/{rel}","templated":true}]}}