{"id":4307,"date":"2026-05-03T23:30:25","date_gmt":"2026-05-03T23:30:25","guid":{"rendered":"https:\/\/rxmedsplus.com\/"},"modified":"2026-05-11T00:22:30","modified_gmt":"2026-05-11T00:22:30","slug":"cialis-60-mg","status":"publish","type":"product","link":"https:\/\/rxmedsplus.com\/hr\/product\/cialis-60-mg\/","title":{"rendered":"Kupite Cialis 60 mg online za sna\u017eno i brzo olak\u0161anje ED-a"},"content":{"rendered":"<p><strong>Kupite Cialis 60 mg online za sna\u017eno i brzo olak\u0161anje ED-a<\/strong>  <\/p>\n<p>Kada je rije\u010d o u\u010dinkovitom lije\u010denju erektilne disfunkcije, Cialis 60 mg isti\u010de se kao pouzdano rje\u0161enje za mu\u0161karce koji tra\u017ee brze i dugotrajne rezultate. Ako tra\u017eite <strong>Kupite Cialis 60 mg online za sna\u017eno i brzo olak\u0161anje ED-a<\/strong>, do\u0161li ste na pravo mjesto. Na\u0161a online ljekarna nudi originalne, visokokvalitetne Cialis tablete koje se diskretno dostavljaju na va\u0161a vrata. Bez obzira jeste li u SAD-u, Kanadi, EU, Velikoj Britaniji, Australiji ili bilo gdje u svijetu, osiguravamo sigurnu i diskretnu dostavu.  <\/p>\n<h3><strong>\u0160to je Cialis 60 mg?<\/strong>  <\/h3>\n<p>Cialis 60 mg je formulacija visoke doze Tadalafila, sna\u017enog PDE5 inhibitora osmi\u0161ljenog za pobolj\u0161anje protoka krvi u podru\u010dju penisa, omogu\u0107uju\u0107i ja\u010de i dugotrajnije erekcije. Za razliku od drugih lijekova za erektilnu disfunkciju, Cialis pru\u017ea u\u010dinke koji traju do 36 sati, zbog \u010dega je dobio nadimak Vikend pilula. Ovaj produ\u017eeni vremenski okvir omogu\u0107uje spontanost i samopouzdanje u intimnim trenucima bez potrebe za strogim vremenskim ograni\u010denjem.  <\/p>\n<h3><strong>Klju\u010dne prednosti Cialisa 60 mg<\/strong>  <\/h3>\n<p>\u2013 <strong>Brzodjeluju\u0107e olak\u0161anje:<\/strong> Pobolj\u0161ana erektilna funkcija se javlja unutar 30-60 minuta nakon konzumacije.<br \/>\n\u2013 <strong>Dugotrajni u\u010dinci:<\/strong> U\u017eivajte do 36 sati pobolj\u0161anih performansi.<br \/>\n\u2013 <strong>Pove\u0107ano samopouzdanje:<\/strong> Vratite kontrolu nad svojim seksualnim zdravljem uz pouzdane rezultate.<br \/>\n\u2013 <strong>Diskretno i prakti\u010dno:<\/strong> Naru\u010dite online bez recepta i primite diskretno pakiranje.  <\/p>\n<h3><strong>Kako djeluje Cialis 60 mg?<\/strong>  <\/h3>\n<p>Cialis 60 mg djeluje opu\u0161taju\u0107i krvne \u017eile u penisu, omogu\u0107uju\u0107i pove\u0107an protok krvi prilikom seksualne stimulacije. Ovaj mehanizam osigurava \u010dvrste i odr\u017eive erekcije, \u0161to olak\u0161ava postizanje i odr\u017eavanje intimnosti. Ve\u0107a doza osigurava ja\u010de u\u010dinke, idealno za mu\u0161karce kojima je potrebno ja\u010de rje\u0161enje za te\u0161ke simptome ED-a.  <\/p>\n<h3><strong>Preporu\u010dena doza i upotreba<\/strong>  <\/h3>\n<p>Za optimalne rezultate, uzmite jednu tabletu Cialisa od 60 mg s vodom otprilike 30 minuta prije spolnog odnosa. Izbjegavajte konzumiranje prekomjerne koli\u010dine alkohola ili masnih obroka prije toga, jer mogu odgoditi apsorpciju. Nemojte prekora\u010diti jednu dozu unutar 24 sata kako biste smanjili potencijalne nuspojave.  <\/p>\n<h3><strong>Potential Side Effects<\/strong>  <\/h3>\n<p>Iako se Cialis 60 mg op\u0107enito dobro podnosi, neki korisnici mogu osjetiti blage nuspojave kao \u0161to su:  <\/p>\n<p>Glavobolja<br \/>\nIspiranje<br \/>\nProbavne smetnje<br \/>\nZa\u010depljenost nosa<br \/>\nBol u le\u0111ima  <\/p>\n<p>Ovi u\u010dinci su obi\u010dno privremeni i nestaju kako se lijek metabolizira. Me\u0111utim, ako se pojave te\u0161ke reakcije poput produljene erekcije (prijapizma) ili promjena vida, odmah potra\u017eite lije\u010dni\u010dku pomo\u0107.  <\/p>\n<h3><strong>Tko bi trebao izbjegavati Cialis 60 mg?<\/strong>  <\/h3>\n<p>Cialis 60 mg nije prikladan za svakoga. Izbjegavajte ovaj lijek ako:  <\/p>\n<p>Imate sr\u010dane probleme ili nekontrolirani krvni tlak<br \/>\nUzimate nitrate za bol u prsima<br \/>\nImate te\u0161ku bolest jetre ili bubrega<br \/>\nAlergi\u010dni ste na tadalafil  <\/p>\n<p>Prije upotrebe preporu\u010duje se savjetovanje s lije\u010dnikom, posebno ako imate kroni\u010dne zdravstvene probleme.  <\/p>\n<h3><strong>Za\u0161to kupiti Cialis 60 mg online od nas?<\/strong>  <\/h3>\n<p>Kao pouzdana online ljekarna, dajemo prioritet kvaliteti, pristupa\u010dnosti i diskreciji. Evo za\u0161to nas kupci diljem svijeta biraju:  <\/p>\n<p>\u2013 <strong>Autenti\u010dni lijekovi:<\/strong> Nabavljamo izravno od licenciranih proizvo\u0111a\u010da.<br \/>\n\u2013 <strong>Nije potreban recept:<\/strong> Izbjegnite gnjava\u017eu posjeta lije\u010dniku.<br \/>\n\u2013 <strong>Brza i diskretna dostava:<\/strong> Narud\u017ebe sti\u017eu u obi\u010dnoj ambala\u017ei bez ikakvih identifikacijskih naljepnica.<br \/>\n\u2013 <strong>Sigurne opcije pla\u0107anja:<\/strong> Vi\u0161e na\u010dina pla\u0107anja za prakti\u010dnost.<br \/>\n\u2013 <strong>Globalna dostava:<\/strong> Uslu\u017eujemo klijente diljem SAD-a, Kanade, Velike Britanije, EU, Australije i \u0161ire.  <\/p>\n<h3><strong>Kako naru\u010diti Cialis 60 mg online<\/strong>  <\/h3>\n<p>Kupnja Cialisa 60 mg je jednostavna:  <\/p>\n<p>1. <strong>Odaberite koli\u010dinu:<\/strong> Odaberite \u017eeljenu veli\u010dinu pakiranja.<br \/>\n2. <strong>Dodaj u ko\u0161aricu:<\/strong> Sigurno nastavite s pla\u0107anjem.<br \/>\n3. <strong>Unesite podatke o dostavi:<\/strong> Navedite svoju diskretnu adresu za dostavu.<br \/>\n4. <strong>Dovr\u0161ite pla\u0107anje:<\/strong> Koristite \u017eeljeni na\u010din pla\u0107anja.<br \/>\n5. <strong>Primite svoju narud\u017ebu:<\/strong> Brza dostava s a\u017euriranjima pra\u0107enja.  <\/p>\n<h3><strong>Zavr\u0161ne misli o Cialisu 60 mg za ubla\u017eavanje ED-a<\/strong>  <\/h3>\n<p>Ako ste spremni vratiti svoju seksualnu vitalnost, <strong>Kupite Cialis 60 mg online za sna\u017eno i brzo olak\u0161anje ED-a<\/strong> iz na\u0161e ugledne ljekarne. Svojim brzim djelovanjem, produljenim trajanjem i dokazanom u\u010dinkovito\u0161\u0107u, Cialis 60 mg je vrhunski izbor za mu\u0161karce koji tra\u017ee pouzdano pobolj\u0161anje performansi. Naru\u010dite danas i diskretno i samouvjereno osjetite razliku.  <\/p>\n<p>Za sva pitanja ili pomo\u0107, na\u0161 tim za korisni\u010dku podr\u0161ku dostupan je 24 sata dnevno, 7 dana u tjednu. Va\u0161e zadovoljstvo i privatnost su nam glavni prioriteti.<\/p>","protected":false},"excerpt":{"rendered":"<p>Trebate li brzo sna\u017eno olak\u0161anje ED-a? Cialis 60 mg pru\u017ea maksimalnu snagu s Tadalafilom, pouzdanim aktivnim sastojkom za dugotrajne rezultate. U\u017eivajte u do 36 sati poja\u010dane u\u010dinkovitosti - bez potrebe za receptom. Brza i diskretna dostava osigurava da se va\u0161e samopouzdanje vrati u tren oka. Vjerujte na\u0161im visokokvalitetnim lijekovima za najja\u010de rje\u0161enje kada manje doze nisu dovoljne. Naru\u010dite odmah i s lako\u0107om vratite intimnost.<\/p>","protected":false},"featured_media":4344,"comment_status":"open","ping_status":"closed","template":"","meta":{"site-sidebar-layout":"default","site-content-layout":"","ast-site-content-layout":"default","site-content-style":"default","site-sidebar-style":"default","ast-global-header-display":"","ast-banner-title-visibility":"","ast-main-header-display":"","ast-hfb-above-header-display":"","ast-hfb-below-header-display":"","ast-hfb-mobile-header-display":"","site-post-title":"","ast-breadcrumbs-content":"","ast-featured-img":"","footer-sml-layout":"","ast-disable-related-posts":"","theme-transparent-header-meta":"","adv-header-id-meta":"","stick-header-meta":"","header-above-stick-meta":"","header-main-stick-meta":"","header-below-stick-meta":"","astra-migrate-meta-layouts":"default","ast-page-background-enabled":"default","ast-page-background-meta":{"desktop":{"background-color":"","background-image":"","background-repeat":"repeat","background-position":"center center","background-size":"auto","background-attachment":"scroll","background-type":"","background-media":"","overlay-type":"","overlay-color":"","overlay-opacity":"","overlay-gradient":""},"tablet":{"background-color":"","background-image":"","background-repeat":"repeat","background-position":"center center","background-size":"auto","background-attachment":"scroll","background-type":"","background-media":"","overlay-type":"","overlay-color":"","overlay-opacity":"","overlay-gradient":""},"mobile":{"background-color":"","background-image":"","background-repeat":"repeat","background-position":"center center","background-size":"auto","background-attachment":"scroll","background-type":"","background-media":"","overlay-type":"","overlay-color":"","overlay-opacity":"","overlay-gradient":""}},"ast-content-background-meta":{"desktop":{"background-color":"var(--ast-global-color-5)","background-image":"","background-repeat":"repeat","background-position":"center center","background-size":"auto","background-attachment":"scroll","background-type":"","background-media":"","overlay-type":"","overlay-color":"","overlay-opacity":"","overlay-gradient":""},"tablet":{"background-color":"var(--ast-global-color-5)","background-image":"","background-repeat":"repeat","background-position":"center center","background-size":"auto","background-attachment":"scroll","background-type":"","background-media":"","overlay-type":"","overlay-color":"","overlay-opacity":"","overlay-gradient":""},"mobile":{"background-color":"var(--ast-global-color-5)","background-image":"","background-repeat":"repeat","background-position":"center center","background-size":"auto","background-attachment":"scroll","background-type":"","background-media":"","overlay-type":"","overlay-color":"","overlay-opacity":"","overlay-gradient":""}}},"product_brand":[],"product_cat":[1684],"product_tag":[974,1996,1994,975,1995,1274,279,937,938,1992,1990,980,251,1997,972],"class_list":{"0":"post-4307","1":"product","2":"type-product","3":"status-publish","4":"has-post-thumbnail","6":"product_cat-sex-pills","7":"product_tag-buy-cialis-online","8":"product_tag-buy-ed-pills-online","9":"product_tag-cialis-60-mg","10":"product_tag-cialis-dosage","11":"product_tag-cialis-for-men","12":"product_tag-cialis-without-prescription","13":"product_tag-discreet-shipping","14":"product_tag-ed-treatment","15":"product_tag-erectile-dysfunction","16":"product_tag-fast-acting-cialis","17":"product_tag-long-lasting-ed-relief","18":"product_tag-male-enhancement","19":"product_tag-online-pharmacy","20":"product_tag-strong-erection","21":"product_tag-tadalafil","22":"desktop-align-left","23":"tablet-align-left","24":"mobile-align-left","25":"ast-product-gallery-layout-horizontal-slider","26":"ast-product-gallery-with-no-image","27":"ast-magnify-disabled","28":"ast-product-single-variable","29":"ast-product-tabs-layout-horizontal","31":"first","32":"instock","33":"shipping-taxable","34":"purchasable","35":"product-type-variable"},"yoast_head":"<!-- This site is optimized with the Yoast SEO Premium plugin v26.0 (Yoast SEO v27.6) - https:\/\/yoast.com\/product\/yoast-seo-premium-wordpress\/ -->\n<title>Buy Cialis 60 mg Online for Powerful ED Relief Fast &#187; Rx Meds Plus<\/title>\n<meta name=\"description\" content=\"Cialis 60 mg delivers powerful ED relief fast and lasts up to 36 hours. Buy genuine Cialis online for discreet, worldwide shipping. Reclaim your confidence today!\" \/>\n<meta name=\"robots\" content=\"noindex, follow, max-snippet:-1, max-image-preview:large, max-video-preview:-1\" \/>\n<meta property=\"og:locale\" content=\"hr_HR\" \/>\n<meta property=\"og:type\" content=\"article\" \/>\n<meta property=\"og:title\" content=\"Buy Cialis 60 mg Online for Powerful ED Relief Fast\" \/>\n<meta property=\"og:description\" content=\"Cialis 60 mg delivers powerful ED relief fast and lasts up to 36 hours. Buy genuine Cialis online for discreet, worldwide shipping. Reclaim your confidence today!\" \/>\n<meta property=\"og:url\" content=\"https:\/\/rxmedsplus.com\/hr\/proizvod\/cialis-60-mg\/\" \/>\n<meta property=\"og:site_name\" content=\"Rx Meds Plus\" \/>\n<meta property=\"article:modified_time\" content=\"2026-05-11T00:22:30+00:00\" \/>\n<meta property=\"og:image\" content=\"https:\/\/rxmedsplus.com\/wp-content\/uploads\/2026\/05\/134393-8-1.jpg\" \/>\n\t<meta property=\"og:image:width\" content=\"500\" \/>\n\t<meta property=\"og:image:height\" content=\"500\" \/>\n\t<meta property=\"og:image:type\" content=\"image\/jpeg\" \/>\n<meta name=\"twitter:card\" content=\"summary_large_image\" \/>\n<meta name=\"twitter:label1\" content=\"Availability\" \/>\n\t<meta name=\"twitter:data1\" content=\"In stock\" \/>\n<script type=\"application\/ld+json\" class=\"yoast-schema-graph\">{\"@context\":\"https:\\\/\\\/schema.org\",\"@graph\":[{\"@type\":\"WebPage\",\"@id\":\"https:\\\/\\\/rxmedsplus.com\\\/product\\\/cialis-60-mg\\\/\",\"url\":\"https:\\\/\\\/rxmedsplus.com\\\/product\\\/cialis-60-mg\\\/\",\"name\":\"Buy Cialis 60 mg Online for Powerful ED Relief Fast &#187; Rx Meds Plus\",\"isPartOf\":{\"@id\":\"https:\\\/\\\/rxmedsplus.com\\\/#website\"},\"primaryImageOfPage\":{\"@id\":\"https:\\\/\\\/rxmedsplus.com\\\/product\\\/cialis-60-mg\\\/#primaryimage\"},\"image\":{\"@id\":\"https:\\\/\\\/rxmedsplus.com\\\/product\\\/cialis-60-mg\\\/#primaryimage\"},\"thumbnailUrl\":\"https:\\\/\\\/rxmedsplus.com\\\/wp-content\\\/uploads\\\/2026\\\/05\\\/134393-8-1.jpg\",\"datePublished\":\"2026-05-03T23:30:25+00:00\",\"dateModified\":\"2026-05-11T00:22:30+00:00\",\"description\":\"Cialis 60 mg delivers powerful ED relief fast and lasts up to 36 hours. Buy genuine Cialis online for discreet, worldwide shipping. Reclaim your confidence today!\",\"breadcrumb\":{\"@id\":\"https:\\\/\\\/rxmedsplus.com\\\/product\\\/cialis-60-mg\\\/#breadcrumb\"},\"inLanguage\":\"hr\",\"potentialAction\":[{\"@type\":\"ReadAction\",\"target\":[\"https:\\\/\\\/rxmedsplus.com\\\/product\\\/cialis-60-mg\\\/\"]}]},{\"@type\":\"ImageObject\",\"inLanguage\":\"hr\",\"@id\":\"https:\\\/\\\/rxmedsplus.com\\\/product\\\/cialis-60-mg\\\/#primaryimage\",\"url\":\"https:\\\/\\\/rxmedsplus.com\\\/wp-content\\\/uploads\\\/2026\\\/05\\\/134393-8-1.jpg\",\"contentUrl\":\"https:\\\/\\\/rxmedsplus.com\\\/wp-content\\\/uploads\\\/2026\\\/05\\\/134393-8-1.jpg\",\"width\":500,\"height\":500},{\"@type\":\"BreadcrumbList\",\"@id\":\"https:\\\/\\\/rxmedsplus.com\\\/product\\\/cialis-60-mg\\\/#breadcrumb\",\"itemListElement\":[{\"@type\":\"ListItem\",\"position\":1,\"name\":\"Home\",\"item\":\"https:\\\/\\\/rxmedsplus.com\\\/\"},{\"@type\":\"ListItem\",\"position\":2,\"name\":\"Shop\",\"item\":\"https:\\\/\\\/rxmedsplus.com\\\/shop\\\/\"},{\"@type\":\"ListItem\",\"position\":3,\"name\":\"Buy Cialis 60 mg Online for Powerful ED Relief Fast\"}]},{\"@type\":\"WebSite\",\"@id\":\"https:\\\/\\\/rxmedsplus.com\\\/#website\",\"url\":\"https:\\\/\\\/rxmedsplus.com\\\/\",\"name\":\"Rx Meds Plus\",\"description\":\"Buy Prescription Meds and Pills Online with Fast Delivery\",\"potentialAction\":[{\"@type\":\"SearchAction\",\"target\":{\"@type\":\"EntryPoint\",\"urlTemplate\":\"https:\\\/\\\/rxmedsplus.com\\\/?s={search_term_string}\"},\"query-input\":{\"@type\":\"PropertyValueSpecification\",\"valueRequired\":true,\"valueName\":\"search_term_string\"}}],\"inLanguage\":\"hr\"}]}<\/script>\n<meta property=\"og:availability\" content=\"instock\" \/>\n<meta property=\"product:availability\" content=\"instock\" \/>\n<meta property=\"product:retailer_item_id\" content=\"134393\" \/>\n<meta property=\"product:condition\" content=\"new\" \/>\n<!-- \/ Yoast SEO Premium plugin. -->","yoast_head_json":{"title":"Kupite Cialis 60 mg online za sna\u017eno i brzo olak\u0161anje ED-a - Rx Meds Plus","description":"Cialis 60 mg pru\u017ea sna\u017eno i brzo olak\u0161anje ED-a koje traje do 36 sati. Kupite originalni Cialis online za diskretnu dostavu diljem svijeta. Vratite svoje samopouzdanje ve\u0107 danas!","robots":{"index":"noindex","follow":"follow","max-snippet":"max-snippet:-1","max-image-preview":"max-image-preview:large","max-video-preview":"max-video-preview:-1"},"og_locale":"hr_HR","og_type":"article","og_title":"Buy Cialis 60 mg Online for Powerful ED Relief Fast","og_description":"Cialis 60 mg delivers powerful ED relief fast and lasts up to 36 hours. Buy genuine Cialis online for discreet, worldwide shipping. Reclaim your confidence today!","og_url":"https:\/\/rxmedsplus.com\/hr\/proizvod\/cialis-60-mg\/","og_site_name":"Rx Meds Plus","article_modified_time":"2026-05-11T00:22:30+00:00","og_image":[{"width":500,"height":500,"url":"https:\/\/rxmedsplus.com\/wp-content\/uploads\/2026\/05\/134393-8-1.jpg","type":"image\/jpeg"}],"twitter_card":"summary_large_image","twitter_misc":{"Availability":"In stock"},"schema":{"@context":"https:\/\/schema.org","@graph":[{"@type":"WebPage","@id":"https:\/\/rxmedsplus.com\/product\/cialis-60-mg\/","url":"https:\/\/rxmedsplus.com\/product\/cialis-60-mg\/","name":"Kupite Cialis 60 mg online za sna\u017eno i brzo olak\u0161anje ED-a - Rx Meds Plus","isPartOf":{"@id":"https:\/\/rxmedsplus.com\/#website"},"primaryImageOfPage":{"@id":"https:\/\/rxmedsplus.com\/product\/cialis-60-mg\/#primaryimage"},"image":{"@id":"https:\/\/rxmedsplus.com\/product\/cialis-60-mg\/#primaryimage"},"thumbnailUrl":"https:\/\/rxmedsplus.com\/wp-content\/uploads\/2026\/05\/134393-8-1.jpg","datePublished":"2026-05-03T23:30:25+00:00","dateModified":"2026-05-11T00:22:30+00:00","description":"Cialis 60 mg pru\u017ea sna\u017eno i brzo olak\u0161anje ED-a koje traje do 36 sati. Kupite originalni Cialis online za diskretnu dostavu diljem svijeta. Vratite svoje samopouzdanje ve\u0107 danas!","breadcrumb":{"@id":"https:\/\/rxmedsplus.com\/product\/cialis-60-mg\/#breadcrumb"},"inLanguage":"hr","potentialAction":[{"@type":"ReadAction","target":["https:\/\/rxmedsplus.com\/product\/cialis-60-mg\/"]}]},{"@type":"ImageObject","inLanguage":"hr","@id":"https:\/\/rxmedsplus.com\/product\/cialis-60-mg\/#primaryimage","url":"https:\/\/rxmedsplus.com\/wp-content\/uploads\/2026\/05\/134393-8-1.jpg","contentUrl":"https:\/\/rxmedsplus.com\/wp-content\/uploads\/2026\/05\/134393-8-1.jpg","width":500,"height":500},{"@type":"BreadcrumbList","@id":"https:\/\/rxmedsplus.com\/product\/cialis-60-mg\/#breadcrumb","itemListElement":[{"@type":"ListItem","position":1,"name":"Home","item":"https:\/\/rxmedsplus.com\/"},{"@type":"ListItem","position":2,"name":"Shop","item":"https:\/\/rxmedsplus.com\/shop\/"},{"@type":"ListItem","position":3,"name":"Buy Cialis 60 mg Online for Powerful ED Relief Fast"}]},{"@type":"WebSite","@id":"https:\/\/rxmedsplus.com\/#website","url":"https:\/\/rxmedsplus.com\/","name":"Lijekovi na recept Plus","description":"Kupite lijekove na recept i tablete online s brzom dostavom","potentialAction":[{"@type":"SearchAction","target":{"@type":"EntryPoint","urlTemplate":"https:\/\/rxmedsplus.com\/?s={search_term_string}"},"query-input":{"@type":"PropertyValueSpecification","valueRequired":true,"valueName":"search_term_string"}}],"inLanguage":"hr"}]},"og_availability":"instock","product_availability":"instock","product_retailer_item_id":"134393","product_condition":"new"},"_links":{"self":[{"href":"https:\/\/rxmedsplus.com\/hr\/wp-json\/wp\/v2\/product\/4307","targetHints":{"allow":["GET"]}}],"collection":[{"href":"https:\/\/rxmedsplus.com\/hr\/wp-json\/wp\/v2\/product"}],"about":[{"href":"https:\/\/rxmedsplus.com\/hr\/wp-json\/wp\/v2\/types\/product"}],"replies":[{"embeddable":true,"href":"https:\/\/rxmedsplus.com\/hr\/wp-json\/wp\/v2\/comments?post=4307"}],"wp:featuredmedia":[{"embeddable":true,"href":"https:\/\/rxmedsplus.com\/hr\/wp-json\/wp\/v2\/media\/4344"}],"wp:attachment":[{"href":"https:\/\/rxmedsplus.com\/hr\/wp-json\/wp\/v2\/media?parent=4307"}],"wp:term":[{"taxonomy":"product_brand","embeddable":true,"href":"https:\/\/rxmedsplus.com\/hr\/wp-json\/wp\/v2\/product_brand?post=4307"},{"taxonomy":"product_cat","embeddable":true,"href":"https:\/\/rxmedsplus.com\/hr\/wp-json\/wp\/v2\/product_cat?post=4307"},{"taxonomy":"product_tag","embeddable":true,"href":"https:\/\/rxmedsplus.com\/hr\/wp-json\/wp\/v2\/product_tag?post=4307"}],"curies":[{"name":"wp","href":"https:\/\/api.w.org\/{rel}","templated":true}]}}