{"id":3364,"date":"2025-09-24T21:51:26","date_gmt":"2025-09-24T21:51:26","guid":{"rendered":"https:\/\/rxmedsplus.com\/?post_type=product&#038;p=3364"},"modified":"2025-09-25T11:01:15","modified_gmt":"2025-09-25T11:01:15","slug":"buy-morphine-online","status":"publish","type":"product","link":"https:\/\/rxmedsplus.com\/hu\/product\/buy-morphine-online\/","title":{"rendered":"Buy Morphine Online \u2013 Fast &#038; Affordable 30mg Generic Pills"},"content":{"rendered":"<h2>Morfin v\u00e1s\u00e1rl\u00e1sa online \u2013 Gyors \u00e9s megfizethet\u0151 30 mg-os generikus tablett\u00e1k a hat\u00e9kony f\u00e1jdalomcsillap\u00edt\u00e1s\u00e9rt<\/h2>\n<p>Amikor a s\u00falyos f\u00e1jdalom megzavarja a mindennapi \u00e9letet, elengedhetetlen a megb\u00edzhat\u00f3 megold\u00e1s megtal\u00e1l\u00e1sa. Ha\u2026 <strong>V\u00e1s\u00e1roljon morfint online<\/strong>, a mi\u00e9nk <strong>gyors \u00e9s megfizethet\u0151 30 mg-os generikus tablett\u00e1k<\/strong> v\u00e9ny n\u00e9lk\u00fcl biztos\u00edtja a sz\u00fcks\u00e9ges hat\u00e9kony f\u00e1jdalomcsillap\u00edt\u00e1st. <strong>megb\u00edzhat\u00f3 online gy\u00f3gyszert\u00e1r<\/strong>Diszkr\u00e9t glob\u00e1lis sz\u00e1ll\u00edt\u00e1st k\u00edn\u00e1lunk az Egyes\u00fclt \u00c1llamokba, Kanad\u00e1ba, az EU-ba \u00e9s vil\u00e1gszerte \u2013 biztos\u00edtva a bizalmas \u00e9s biztons\u00e1gos k\u00e9zbes\u00edt\u00e9st egyenesen az ajt\u00f3dhoz.  <\/p>\n<h3>Mi\u00e9rt v\u00e1lassza a 30 mg-os generikus morfiumtablett\u00e1inkat?<\/h3>\n<p>A mi\u00e9nk <strong>30 mg-os morfium tablett\u00e1k<\/strong> szigor\u00fa min\u0151s\u00e9gi el\u0151\u00edr\u00e1sok szerint gy\u00e1rtj\u00e1k, \u00edgy kr\u00f3nikus \u00e9s akut betegs\u00e9gek eset\u00e9n is k\u00f6vetkezetes f\u00e1jdalomcsillap\u00edt\u00e1st biztos\u00edtanak. <strong>FDA \u00e1ltal j\u00f3v\u00e1hagyott generikus gy\u00f3gyszer<\/strong> A m\u00e1rk\u00e1s opioidok alternat\u00edv\u00e1ik\u00e9nt ezek a tablett\u00e1k ugyanolyan hat\u00e9konys\u00e1got k\u00edn\u00e1lnak, t\u00f6red\u00e9k\u00e1ron.  <\/p>\n<p>\u2013 <strong>Hat\u00e9kony adagol\u00e1s<\/strong>Minden tabletta tartalmaz <strong>30 mg morfin-szulf\u00e1t<\/strong>, ide\u00e1lis k\u00f6zepes \u00e9s s\u00falyos f\u00e1jdalom csillap\u00edt\u00e1s\u00e1ra.<br \/>\n\u2013 <strong>Gyorsan hat\u00f3<\/strong>Gyorsan felsz\u00edv\u00f3dik, bel\u00fcli enyh\u00fcl\u00e9st biztos\u00edtva <strong>30-60 perc<\/strong>, tart\u00f3s <strong>4-6 \u00f3ra<\/strong>.<br \/>\n\u2013 <strong>Nagy tisztas\u00e1g\u00fa<\/strong>Laborat\u00f3riumi biztons\u00e1gi tesztek alapj\u00e1n, szennyez\u0151d\u00e9sekt\u0151l \u00e9s t\u00f6lt\u0151anyagokt\u00f3l mentes.<br \/>\n\u2013 <strong>Diszkr\u00e9t csomagol\u00e1s<\/strong>Biztons\u00e1gosan, jel\u00f6letlen csomagokban sz\u00e1ll\u00edtjuk az \u00d6n adatainak v\u00e9delme \u00e9rdek\u00e9ben.  <\/p>\n<h2>A morfin 30 mg-os tablett\u00e1k felhaszn\u00e1l\u00e1sa \u00e9s el\u0151nyei<\/h2>\n<p><strong>30 mg morfin-szulf\u00e1t<\/strong> egy <strong>opioid f\u00e1jdalomcsillap\u00edt\u00f3<\/strong> s\u00falyos f\u00e1jdalom kezel\u00e9s\u00e9re haszn\u00e1lj\u00e1k, amely a k\u00f6vetkez\u0151kkel j\u00e1r:  <\/p>\n<p>\u2013 <strong>Kr\u00f3nikus \u00e1llapotok<\/strong> (r\u00e1k, neurop\u00e1tia, \u00edz\u00fcleti gyullad\u00e1s)<br \/>\n\u2013 <strong>M\u0171t\u00e9t ut\u00e1ni fel\u00e9p\u00fcl\u00e9s<\/strong><br \/>\n\u2013 <strong>S\u00e9r\u00fcl\u00e9ssel kapcsolatos f\u00e1jdalom<\/strong><br \/>\n\u2013 <strong>Palliat\u00edv ell\u00e1t\u00e1s<\/strong>  <\/p>\n<p>\u00c1ltal <strong>Morfin v\u00e1s\u00e1rl\u00e1sa online<\/strong> recept n\u00e9lk\u00fcl kihagyhatja a hossz\u00fa orvosi l\u00e1togat\u00e1sokat, mik\u00f6zben tov\u00e1bbra is kap <strong>kiv\u00e1l\u00f3 min\u0151s\u00e9g\u0171 f\u00e1jdalomcsillap\u00edt\u00e1s<\/strong>A mi\u00e9nk <strong>megfizethet\u0151 generikus tablett\u00e1k<\/strong> hozz\u00e1f\u00e9r\u00e9st biztos\u00edtson azok sz\u00e1m\u00e1ra, akik tart\u00f3s kellemetlens\u00e9gekkel k\u00fczdenek.  <\/p>\n<h3>Hogyan kell biztons\u00e1gosan bevenni a 30 mg-os morfint?<\/h3>\n<p>Az el\u0151ny\u00f6k maximaliz\u00e1l\u00e1sa \u00e9s a kock\u00e1zatok cs\u00f6kkent\u00e9se \u00e9rdek\u00e9ben:  <\/p>\n<p>\u2013 <strong>Adagol\u00e1s<\/strong>Kezdje ezzel: <strong>egy 30 mg-os tabletta 4-6 \u00f3r\u00e1nk\u00e9nt<\/strong> sz\u00fcks\u00e9g szerint. Orvosi tan\u00e1cs n\u00e9lk\u00fcl ne l\u00e9pje t\u00fal az adagot.<br \/>\n\u2013 <strong>Adminisztr\u00e1ci\u00f3<\/strong>Eg\u00e9szben, v\u00edzzel kell lenyelni; ker\u00fclje az \u00f6sszet\u00f6r\u00e9st (n\u00f6velheti a t\u00faladagol\u00e1s kock\u00e1zat\u00e1t).<br \/>\n\u2013 <strong>\u00d3vint\u00e9zked\u00e9sek<\/strong>Ker\u00fclje az alkoholt, a benzodiazepineket \u00e9s m\u00e1s k\u00f6zponti idegrendszeri depressz\u00e1nsokat a vesz\u00e9lyes k\u00f6lcs\u00f6nhat\u00e1sok megel\u0151z\u00e9se \u00e9rdek\u00e9ben.  <\/p>\n<p>Forduljon eg\u00e9szs\u00e9g\u00fcgyi szolg\u00e1ltat\u00f3hoz, ha m\u00e1j-\/vesebetegs\u00e9gben szenved, vagy ha k\u00f3rt\u00f6rt\u00e9net\u00e9ben szerepel a szerhaszn\u00e1lat.  <\/p>\n<h2>Mi\u00e9rt v\u00e1s\u00e1roljon morfiumot online t\u0151l\u00fcnk?<\/h2>\n<p>Mint egy <strong>j\u00f3 h\u00edr\u0171 online gy\u00f3gyszert\u00e1r<\/strong>, priorit\u00e1sk\u00e9nt kezelj\u00fck:  <\/p>\n<p>\u2013 <strong>Nincs sz\u00fcks\u00e9g receptre<\/strong>Ker\u00fclje meg a bonyolult j\u00f3v\u00e1hagy\u00e1si folyamatokat.<br \/>\n\u2013 <strong>Vil\u00e1gszerte sz\u00e1ll\u00edt\u00e1s<\/strong>Sz\u00e1ll\u00edt\u00e1s az Egyes\u00fclt \u00c1llamokba, Kanad\u00e1ba, az EU-ba \u00e9s vil\u00e1gszerte a k\u00f6vetkez\u0151vel: <strong>diszkr\u00e9t csomagol\u00e1s<\/strong>.<br \/>\n\u2013 <strong>24\/7 \u00fcgyf\u00e9lszolg\u00e1lat<\/strong>Seg\u00edts\u00e9gny\u00fajt\u00e1s rendel\u00e9sek \u00e9s adagol\u00e1si k\u00e9rd\u00e9sek eset\u00e9n.<br \/>\n\u2013 <strong>Versenyk\u00e9pes \u00e1rak<\/strong>: <strong>Megfizethet\u0151 \u00e1rak<\/strong> a hagyom\u00e1nyos gy\u00f3gyszert\u00e1rakhoz k\u00e9pest.  <\/p>\n<h3>A morfin lehets\u00e9ges mell\u00e9khat\u00e1sai<\/h3>\n<p>Gyakori mell\u00e9khat\u00e1sok (\u00e1ltal\u00e1ban \u00e1tmenetiek) a k\u00f6vetkez\u0151k:<br \/>\n\u00c1lmoss\u00e1g<br \/>\n\u2013Sz\u00e9kreked\u00e9s<br \/>\nH\u00e1nyinger  <\/p>\n<p>S\u00falyos mell\u00e9khat\u00e1sok (azonnal k\u00e9rjen seg\u00edts\u00e9get, ha ezeket tapasztalja):<br \/>\n\u00b7 Neh\u00e9zl\u00e9gz\u00e9s<br \/>\nS\u00falyos sz\u00e9d\u00fcl\u00e9s<br \/>\nAllergi\u00e1s reakci\u00f3k  <\/p>\n<h2>Rendelje meg 30 mg-os morfiumtablett\u00e1it online m\u00e9g ma!<\/h2>\n<p>Gyorsan, <strong>megfizethet\u0151 f\u00e1jdalomcsillap\u00edt\u00e1s<\/strong>, <strong>V\u00e1s\u00e1roljon morfint online<\/strong> megb\u00edzhat\u00f3 \u00fczlet\u00fcnkb\u0151l. Garant\u00e1ljuk <strong>eredeti generikus gy\u00f3gyszerek<\/strong>, biztons\u00e1gos tranzakci\u00f3kat \u00e9s gyors kisz\u00e1ll\u00edt\u00e1st. Adja le rendel\u00e9s\u00e9t most, \u00e9s tapasztalja meg a k\u00e9nyelmet <strong>diszkr\u00e9t, receptmentes f\u00e1jdalomcsillap\u00edt\u00e1s<\/strong>.  <\/p>\n<h3>Z\u00e1r\u00f3 gondolatok<\/h3>\n<p>Ha megb\u00edzhat\u00f3 forr\u00e1sra van sz\u00fcks\u00e9ged <strong>Morfin 30 mg-os tablett\u00e1kat v\u00e1s\u00e1rolhat online<\/strong>, gy\u00f3gyszert\u00e1runk min\u0151s\u00e9get, megfizethet\u0151s\u00e9get \u00e9s adatv\u00e9delmet biztos\u00edt. Ak\u00e1r kr\u00f3nikus f\u00e1jdalomr\u00f3l, ak\u00e1r fel\u00e9p\u00fcl\u00e9sr\u0151l van sz\u00f3, a mi <strong>generikus morfin-szulf\u00e1t tablett\u00e1k<\/strong> hat\u00e9kony enyh\u00fcl\u00e9st ny\u00fajtanak. V\u00e1s\u00e1roljon most, \u00e9s tegye meg az els\u0151 l\u00e9p\u00e9st egy k\u00e9nyelmesebb \u00e9let fel\u00e9.<\/p>","protected":false},"excerpt":{"rendered":"<p>Gyors \u00e9s megfizethet\u0151 enyh\u00fcl\u00e9st kaphat 30 mg-os generikus morfiumtablett\u00e1inkkal \u2013 recept n\u00e9lk\u00fcl! Megb\u00edzhat\u00f3 gy\u00f3gyszert\u00e1runk kiv\u00e1l\u00f3 min\u0151s\u00e9g\u0171, bioegyen\u00e9rt\u00e9k\u0171 generikus gy\u00f3gyszereket k\u00edn\u00e1l, amelyek ugyan\u00fagy m\u0171k\u00f6dnek, mint a m\u00e1rk\u00e1s gy\u00f3gyszerek. \u00c9lvezze a diszkr\u00e9t sz\u00e1ll\u00edt\u00e1st, a biztons\u00e1gos fizet\u00e9st \u00e9s a 24\/7-es \u00fcgyf\u00e9lszolg\u00e1latot a probl\u00e9mamentes \u00e9lm\u00e9ny\u00e9rt. Rendeljen most megb\u00edzhat\u00f3 f\u00e1jdalomcsillap\u00edt\u00e1s\u00e9rt, amelyet egyenesen az ajt\u00f3hoz sz\u00e1ll\u00edtunk!<\/p>","protected":false},"featured_media":3396,"comment_status":"open","ping_status":"closed","template":"","meta":{"site-sidebar-layout":"default","site-content-layout":"","ast-site-content-layout":"default","site-content-style":"default","site-sidebar-style":"default","ast-global-header-display":"","ast-banner-title-visibility":"","ast-main-header-display":"","ast-hfb-above-header-display":"","ast-hfb-below-header-display":"","ast-hfb-mobile-header-display":"","site-post-title":"","ast-breadcrumbs-content":"","ast-featured-img":"","footer-sml-layout":"","ast-disable-related-posts":"","theme-transparent-header-meta":"","adv-header-id-meta":"","stick-header-meta":"","header-above-stick-meta":"","header-main-stick-meta":"","header-below-stick-meta":"","astra-migrate-meta-layouts":"default","ast-page-background-enabled":"default","ast-page-background-meta":{"desktop":{"background-color":"","background-image":"","background-repeat":"repeat","background-position":"center center","background-size":"auto","background-attachment":"scroll","background-type":"","background-media":"","overlay-type":"","overlay-color":"","overlay-opacity":"","overlay-gradient":""},"tablet":{"background-color":"","background-image":"","background-repeat":"repeat","background-position":"center center","background-size":"auto","background-attachment":"scroll","background-type":"","background-media":"","overlay-type":"","overlay-color":"","overlay-opacity":"","overlay-gradient":""},"mobile":{"background-color":"","background-image":"","background-repeat":"repeat","background-position":"center center","background-size":"auto","background-attachment":"scroll","background-type":"","background-media":"","overlay-type":"","overlay-color":"","overlay-opacity":"","overlay-gradient":""}},"ast-content-background-meta":{"desktop":{"background-color":"var(--ast-global-color-5)","background-image":"","background-repeat":"repeat","background-position":"center center","background-size":"auto","background-attachment":"scroll","background-type":"","background-media":"","overlay-type":"","overlay-color":"","overlay-opacity":"","overlay-gradient":""},"tablet":{"background-color":"var(--ast-global-color-5)","background-image":"","background-repeat":"repeat","background-position":"center center","background-size":"auto","background-attachment":"scroll","background-type":"","background-media":"","overlay-type":"","overlay-color":"","overlay-opacity":"","overlay-gradient":""},"mobile":{"background-color":"var(--ast-global-color-5)","background-image":"","background-repeat":"repeat","background-position":"center center","background-size":"auto","background-attachment":"scroll","background-type":"","background-media":"","overlay-type":"","overlay-color":"","overlay-opacity":"","overlay-gradient":""}}},"product_brand":[],"product_cat":[37],"product_tag":[1288,1282,1286,726,279,1287,1284,1283,809,1285],"class_list":{"0":"post-3364","1":"product","2":"type-product","3":"status-publish","4":"has-post-thumbnail","6":"product_cat-buy-pain-relief-medication-online","7":"product_tag-affordable-morphine","8":"product_tag-buy-morphine-online","9":"product_tag-buy-morphine-without-prescription","10":"product_tag-chronic-pain-management","11":"product_tag-discreet-shipping","12":"product_tag-fast-acting-morphine","13":"product_tag-generic-morphine-sulfate","14":"product_tag-morphine-30mg-pills","15":"product_tag-opioid-pain-medication","16":"product_tag-pain-relief-pills","17":"desktop-align-left","18":"tablet-align-left","19":"mobile-align-left","20":"ast-product-gallery-layout-horizontal-slider","21":"ast-product-gallery-with-no-image","22":"ast-magnify-disabled","23":"ast-product-single-variable","24":"ast-product-tabs-layout-horizontal","26":"first","27":"instock","28":"shipping-taxable","29":"purchasable","30":"product-type-variable"},"yoast_head":"<!-- This site is optimized with the Yoast SEO Premium plugin v26.0 (Yoast SEO v27.6) - https:\/\/yoast.com\/product\/yoast-seo-premium-wordpress\/ -->\n<title>Buy Morphine Online \u2013 Fast &amp; Affordable 30mg Generic Pills &#187; Rx Meds Plus<\/title>\n<meta name=\"description\" content=\"Buy morphine online for fast, affordable 30mg generic pills\u2014effective pain relief without a prescription. Order now for discreet global shipping!\" \/>\n<meta name=\"robots\" content=\"noindex, follow, max-snippet:-1, max-image-preview:large, max-video-preview:-1\" \/>\n<meta property=\"og:locale\" content=\"hu_HU\" \/>\n<meta property=\"og:type\" content=\"article\" \/>\n<meta property=\"og:title\" content=\"Buy Morphine Online \u2013 Fast &amp; Affordable 30mg Generic Pills\" \/>\n<meta property=\"og:description\" content=\"Buy morphine online for fast, affordable 30mg generic pills\u2014effective pain relief without a prescription. Order now for discreet global shipping!\" \/>\n<meta property=\"og:url\" content=\"https:\/\/rxmedsplus.com\/hu\/termek\/buy-morphine-online\/\" \/>\n<meta property=\"og:site_name\" content=\"Rx Meds Plus\" \/>\n<meta property=\"article:modified_time\" content=\"2025-09-25T11:01:15+00:00\" \/>\n<meta property=\"og:image\" content=\"https:\/\/mlehknw8zzux.i.optimole.com\/w:400\/h:400\/q:mauto\/f:best\/https:\/\/rxmedsplus.com\/wp-content\/uploads\/2025\/09\/11171-Buy-Morphine-Online-Sulphate-100-mg.jpg\" \/>\n\t<meta property=\"og:image:width\" content=\"400\" \/>\n\t<meta property=\"og:image:height\" content=\"400\" \/>\n\t<meta property=\"og:image:type\" content=\"image\/jpeg\" \/>\n<meta name=\"twitter:card\" content=\"summary_large_image\" \/>\n<meta name=\"twitter:label1\" content=\"Availability\" \/>\n\t<meta name=\"twitter:data1\" content=\"In stock\" \/>\n<script type=\"application\/ld+json\" class=\"yoast-schema-graph\">{\"@context\":\"https:\\\/\\\/schema.org\",\"@graph\":[{\"@type\":\"WebPage\",\"@id\":\"https:\\\/\\\/rxmedsplus.com\\\/product\\\/buy-morphine-online\\\/\",\"url\":\"https:\\\/\\\/rxmedsplus.com\\\/product\\\/buy-morphine-online\\\/\",\"name\":\"Buy Morphine Online \u2013 Fast & Affordable 30mg Generic Pills &#187; Rx Meds Plus\",\"isPartOf\":{\"@id\":\"https:\\\/\\\/rxmedsplus.com\\\/#website\"},\"primaryImageOfPage\":{\"@id\":\"https:\\\/\\\/rxmedsplus.com\\\/product\\\/buy-morphine-online\\\/#primaryimage\"},\"image\":{\"@id\":\"https:\\\/\\\/rxmedsplus.com\\\/product\\\/buy-morphine-online\\\/#primaryimage\"},\"thumbnailUrl\":\"https:\\\/\\\/rxmedsplus.com\\\/wp-content\\\/uploads\\\/2025\\\/09\\\/11171-Buy-Morphine-Online-Sulphate-100-mg.jpg\",\"datePublished\":\"2025-09-24T21:51:26+00:00\",\"dateModified\":\"2025-09-25T11:01:15+00:00\",\"description\":\"Buy morphine online for fast, affordable 30mg generic pills\u2014effective pain relief without a prescription. Order now for discreet global shipping!\",\"breadcrumb\":{\"@id\":\"https:\\\/\\\/rxmedsplus.com\\\/product\\\/buy-morphine-online\\\/#breadcrumb\"},\"inLanguage\":\"hu\",\"potentialAction\":[{\"@type\":\"ReadAction\",\"target\":[\"https:\\\/\\\/rxmedsplus.com\\\/product\\\/buy-morphine-online\\\/\"]}]},{\"@type\":\"ImageObject\",\"inLanguage\":\"hu\",\"@id\":\"https:\\\/\\\/rxmedsplus.com\\\/product\\\/buy-morphine-online\\\/#primaryimage\",\"url\":\"https:\\\/\\\/rxmedsplus.com\\\/wp-content\\\/uploads\\\/2025\\\/09\\\/11171-Buy-Morphine-Online-Sulphate-100-mg.jpg\",\"contentUrl\":\"https:\\\/\\\/rxmedsplus.com\\\/wp-content\\\/uploads\\\/2025\\\/09\\\/11171-Buy-Morphine-Online-Sulphate-100-mg.jpg\",\"width\":400,\"height\":400},{\"@type\":\"BreadcrumbList\",\"@id\":\"https:\\\/\\\/rxmedsplus.com\\\/product\\\/buy-morphine-online\\\/#breadcrumb\",\"itemListElement\":[{\"@type\":\"ListItem\",\"position\":1,\"name\":\"Home\",\"item\":\"https:\\\/\\\/rxmedsplus.com\\\/\"},{\"@type\":\"ListItem\",\"position\":2,\"name\":\"Shop\",\"item\":\"https:\\\/\\\/rxmedsplus.com\\\/shop\\\/\"},{\"@type\":\"ListItem\",\"position\":3,\"name\":\"Buy Morphine Online \u2013 Fast &#038; Affordable 30mg Generic Pills\"}]},{\"@type\":\"WebSite\",\"@id\":\"https:\\\/\\\/rxmedsplus.com\\\/#website\",\"url\":\"https:\\\/\\\/rxmedsplus.com\\\/\",\"name\":\"Rx Meds Plus\",\"description\":\"Buy Prescription Meds and Pills Online with Fast Delivery\",\"potentialAction\":[{\"@type\":\"SearchAction\",\"target\":{\"@type\":\"EntryPoint\",\"urlTemplate\":\"https:\\\/\\\/rxmedsplus.com\\\/?s={search_term_string}\"},\"query-input\":{\"@type\":\"PropertyValueSpecification\",\"valueRequired\":true,\"valueName\":\"search_term_string\"}}],\"inLanguage\":\"hu\"}]}<\/script>\n<meta property=\"og:availability\" content=\"instock\" \/>\n<meta property=\"product:availability\" content=\"instock\" \/>\n<meta property=\"product:retailer_item_id\" content=\"H2b05eAxNU\" \/>\n<meta property=\"product:condition\" content=\"new\" \/>\n<!-- \/ Yoast SEO Premium plugin. -->","yoast_head_json":{"title":"Morfin v\u00e1s\u00e1rl\u00e1sa online \u2013 Gyors \u00e9s megfizethet\u0151 30 mg-os generikus tablett\u00e1k &amp; Rx Meds Plus","description":"V\u00e1s\u00e1roljon morfiumot online gyors, megfizethet\u0151 30 mg-os generikus tablett\u00e1k\u00e9rt \u2013 hat\u00e9kony f\u00e1jdalomcsillap\u00edt\u00e1s recept n\u00e9lk\u00fcl. Rendelje meg most diszkr\u00e9t glob\u00e1lis sz\u00e1ll\u00edt\u00e1ssal!","robots":{"index":"noindex","follow":"follow","max-snippet":"max-snippet:-1","max-image-preview":"max-image-preview:large","max-video-preview":"max-video-preview:-1"},"og_locale":"hu_HU","og_type":"article","og_title":"Buy Morphine Online \u2013 Fast & Affordable 30mg Generic Pills","og_description":"Buy morphine online for fast, affordable 30mg generic pills\u2014effective pain relief without a prescription. Order now for discreet global shipping!","og_url":"https:\/\/rxmedsplus.com\/hu\/termek\/buy-morphine-online\/","og_site_name":"Rx Meds Plus","article_modified_time":"2025-09-25T11:01:15+00:00","og_image":[{"width":400,"height":400,"url":"https:\/\/mlehknw8zzux.i.optimole.com\/w:400\/h:400\/q:mauto\/f:best\/https:\/\/rxmedsplus.com\/wp-content\/uploads\/2025\/09\/11171-Buy-Morphine-Online-Sulphate-100-mg.jpg","type":"image\/jpeg"}],"twitter_card":"summary_large_image","twitter_misc":{"Availability":"In stock"},"schema":{"@context":"https:\/\/schema.org","@graph":[{"@type":"WebPage","@id":"https:\/\/rxmedsplus.com\/product\/buy-morphine-online\/","url":"https:\/\/rxmedsplus.com\/product\/buy-morphine-online\/","name":"Morfin v\u00e1s\u00e1rl\u00e1sa online \u2013 Gyors \u00e9s megfizethet\u0151 30 mg-os generikus tablett\u00e1k &amp; Rx Meds Plus","isPartOf":{"@id":"https:\/\/rxmedsplus.com\/#website"},"primaryImageOfPage":{"@id":"https:\/\/rxmedsplus.com\/product\/buy-morphine-online\/#primaryimage"},"image":{"@id":"https:\/\/rxmedsplus.com\/product\/buy-morphine-online\/#primaryimage"},"thumbnailUrl":"https:\/\/rxmedsplus.com\/wp-content\/uploads\/2025\/09\/11171-Buy-Morphine-Online-Sulphate-100-mg.jpg","datePublished":"2025-09-24T21:51:26+00:00","dateModified":"2025-09-25T11:01:15+00:00","description":"V\u00e1s\u00e1roljon morfiumot online gyors, megfizethet\u0151 30 mg-os generikus tablett\u00e1k\u00e9rt \u2013 hat\u00e9kony f\u00e1jdalomcsillap\u00edt\u00e1s recept n\u00e9lk\u00fcl. Rendelje meg most diszkr\u00e9t glob\u00e1lis sz\u00e1ll\u00edt\u00e1ssal!","breadcrumb":{"@id":"https:\/\/rxmedsplus.com\/product\/buy-morphine-online\/#breadcrumb"},"inLanguage":"hu","potentialAction":[{"@type":"ReadAction","target":["https:\/\/rxmedsplus.com\/product\/buy-morphine-online\/"]}]},{"@type":"ImageObject","inLanguage":"hu","@id":"https:\/\/rxmedsplus.com\/product\/buy-morphine-online\/#primaryimage","url":"https:\/\/rxmedsplus.com\/wp-content\/uploads\/2025\/09\/11171-Buy-Morphine-Online-Sulphate-100-mg.jpg","contentUrl":"https:\/\/rxmedsplus.com\/wp-content\/uploads\/2025\/09\/11171-Buy-Morphine-Online-Sulphate-100-mg.jpg","width":400,"height":400},{"@type":"BreadcrumbList","@id":"https:\/\/rxmedsplus.com\/product\/buy-morphine-online\/#breadcrumb","itemListElement":[{"@type":"ListItem","position":1,"name":"Home","item":"https:\/\/rxmedsplus.com\/"},{"@type":"ListItem","position":2,"name":"Shop","item":"https:\/\/rxmedsplus.com\/shop\/"},{"@type":"ListItem","position":3,"name":"Buy Morphine Online \u2013 Fast &#038; Affordable 30mg Generic Pills"}]},{"@type":"WebSite","@id":"https:\/\/rxmedsplus.com\/#website","url":"https:\/\/rxmedsplus.com\/","name":"V\u00e9nyk\u00f6teles gy\u00f3gyszerek Plusz","description":"V\u00e1s\u00e1roljon v\u00e9nyk\u00f6teles gy\u00f3gyszereket \u00e9s tablett\u00e1kat online, gyors sz\u00e1ll\u00edt\u00e1ssal","potentialAction":[{"@type":"SearchAction","target":{"@type":"EntryPoint","urlTemplate":"https:\/\/rxmedsplus.com\/?s={search_term_string}"},"query-input":{"@type":"PropertyValueSpecification","valueRequired":true,"valueName":"search_term_string"}}],"inLanguage":"hu"}]},"og_availability":"instock","product_availability":"instock","product_retailer_item_id":"H2b05eAxNU","product_condition":"new"},"_links":{"self":[{"href":"https:\/\/rxmedsplus.com\/hu\/wp-json\/wp\/v2\/product\/3364","targetHints":{"allow":["GET"]}}],"collection":[{"href":"https:\/\/rxmedsplus.com\/hu\/wp-json\/wp\/v2\/product"}],"about":[{"href":"https:\/\/rxmedsplus.com\/hu\/wp-json\/wp\/v2\/types\/product"}],"replies":[{"embeddable":true,"href":"https:\/\/rxmedsplus.com\/hu\/wp-json\/wp\/v2\/comments?post=3364"}],"wp:featuredmedia":[{"embeddable":true,"href":"https:\/\/rxmedsplus.com\/hu\/wp-json\/wp\/v2\/media\/3396"}],"wp:attachment":[{"href":"https:\/\/rxmedsplus.com\/hu\/wp-json\/wp\/v2\/media?parent=3364"}],"wp:term":[{"taxonomy":"product_brand","embeddable":true,"href":"https:\/\/rxmedsplus.com\/hu\/wp-json\/wp\/v2\/product_brand?post=3364"},{"taxonomy":"product_cat","embeddable":true,"href":"https:\/\/rxmedsplus.com\/hu\/wp-json\/wp\/v2\/product_cat?post=3364"},{"taxonomy":"product_tag","embeddable":true,"href":"https:\/\/rxmedsplus.com\/hu\/wp-json\/wp\/v2\/product_tag?post=3364"}],"curies":[{"name":"wp","href":"https:\/\/api.w.org\/{rel}","templated":true}]}}