{"id":3426,"date":"2025-09-24T21:52:22","date_gmt":"2025-09-24T21:52:22","guid":{"rendered":"https:\/\/rxmedsplus.com\/?post_type=product&#038;p=3426"},"modified":"2026-05-12T03:20:18","modified_gmt":"2026-05-12T03:20:18","slug":"buy-ritalin-online-3","status":"publish","type":"product","link":"https:\/\/rxmedsplus.com\/hu\/product\/buy-ritalin-online-3\/","title":{"rendered":"Buy Ritalin 20 mg Online &#8211; Fast &#038; Affordable Generic Pills"},"content":{"rendered":"<h2><strong>V\u00e1s\u00e1roljon Ritalint 20 mg-os online \u2013 Gyors \u00e9s megfizethet\u0151 generikus tablett\u00e1k<\/strong><\/h2>\n<p>Keresem <strong>Ritalin 20 mg v\u00e1s\u00e1rl\u00e1s online<\/strong> recept n\u00e9lk\u00fcl? J\u00f3 helyen j\u00e1r! Mi egy <strong>megb\u00edzhat\u00f3 online gy\u00f3gyszer\u00e1rus\u00edt\u00f3<\/strong> aj\u00e1nlat <strong>gyors, megfizethet\u0151 \u00e9s diszkr\u00e9t sz\u00e1ll\u00edt\u00e1s<\/strong> a <strong>generikus Ritalin 20 mg tabletta<\/strong> az Egyes\u00fclt \u00c1llamokba, Kanad\u00e1ba, az EU-ba \u00e9s vil\u00e1gszerte. Ak\u00e1r sz\u00fcks\u00e9ge van r\u00e1 <strong>Ritalin ADHD kezel\u00e9s\u00e9re, narkolepszia kezel\u00e9s\u00e9re vagy kognit\u00edv funkci\u00f3k jav\u00edt\u00e1s\u00e1ra<\/strong>, kiv\u00e1l\u00f3 min\u0151s\u00e9g\u0171 <strong>metilfenid\u00e1t-hidroklorid tablett\u00e1k<\/strong> megb\u00edzhat\u00f3 teljes\u00edtm\u00e9nyt biztos\u00edt a m\u00e1rk\u00e1s alternat\u00edv\u00e1k \u00e1r\u00e1nak t\u00f6red\u00e9k\u00e9\u00e9rt.<\/p>\n<h3><strong>Mi a Ritalin 20 mg?<\/strong><\/h3>\n<p>A Ritalin (metilfenid\u00e1t) egy \u00fan. <strong>k\u00f6zponti idegrendszeri stimul\u00e1ns<\/strong> els\u0151sorban a k\u00f6vetkez\u0151kre \u00edrj\u00e1k fel: <strong>figyelemhi\u00e1nyos hiperaktivit\u00e1s-zavar (ADHD)<\/strong> \u00e9s <strong>narkolepszia<\/strong>. A <strong>20 mg-os adag<\/strong> egy k\u00f6zepes er\u0151ss\u00e9g\u0171 szer, amely sok felhaszn\u00e1l\u00f3 sz\u00e1m\u00e1ra egyens\u00falyt teremt a hat\u00e9konys\u00e1g \u00e9s a toler\u00e1lhat\u00f3s\u00e1g k\u00f6z\u00f6tt. <strong>generikus Ritalin 20 mg tabletta<\/strong> ugyanazt a hat\u00f3anyagot tartalmazz\u00e1k, mint a m\u00e1rkan\u00e9vvel ell\u00e1tott verzi\u00f3k, de <strong>megfizethet\u0151bb<\/strong>, \u00edgy azok sz\u00e1m\u00e1ra is el\u00e9rhet\u0151ek, akik k\u00f6lts\u00e9ghat\u00e9kony megold\u00e1sokat keresnek.<\/p>\n<h3><strong>A Ritalin 20 mg f\u0151bb el\u0151nyei<\/strong><\/h3>\n<p>\u2013 <strong>Jav\u00edtja a f\u00f3kuszt \u00e9s a koncentr\u00e1ci\u00f3t<\/strong> \u2013 Seg\u00edt az ADHD t\u00fcneteinek kezel\u00e9s\u00e9ben az\u00e1ltal, hogy fokozza az agy dopamin- \u00e9s noradrenalin-aktivit\u00e1s\u00e1t.<br \/>\n\u2013 <strong>N\u00f6veli az \u00e9bers\u00e9get<\/strong> \u2013 Hat\u00e9kony a narkolepszi\u00e1ban szenved\u0151 betegek sz\u00e1m\u00e1ra, akik t\u00falzott nappali \u00e1lmoss\u00e1ggal k\u00fczdenek.<br \/>\n\u2013 <strong>Jav\u00edtja a kognit\u00edv teljes\u00edtm\u00e9nyt<\/strong> \u2013 N\u00e9h\u00e1ny felhaszn\u00e1l\u00f3 a Ritalint a haszn\u00e1lati utas\u00edt\u00e1st\u00f3l elt\u00e9r\u0151en szedi <strong>fokozott termel\u00e9kenys\u00e9g \u00e9s ment\u00e1lis tisztas\u00e1g<\/strong>.<br \/>\n\u2013 <strong>Gyorsan hat\u00f3 formula<\/strong> \u2013 Az azonnali kiad\u00e1s\u00fa verzi\u00f3 hat\u00e1lyba l\u00e9p ezen a napon bel\u00fcl <strong>30-60 perc<\/strong>, gyors enyh\u00fcl\u00e9st ny\u00fajtva.<br \/>\n\u2013 <strong>Nem okoz szok\u00e1st, ha megfelel\u0151en haszn\u00e1lj\u00e1k<\/strong> \u2013 Az utas\u00edt\u00e1soknak megfelel\u0151en szedve a f\u00fcgg\u0151s\u00e9g kock\u00e1zata minim\u00e1lisra cs\u00f6kken.<\/p>\n<h3><strong>Aj\u00e1nlott adagol\u00e1s \u00e9s haszn\u00e1lat<\/strong><\/h3>\n<p>A szabv\u00e1ny <strong>Ritalin 20 mg-os adag<\/strong> egy\u00e9ni ig\u00e9nyekt\u0151l f\u00fcgg\u0151en v\u00e1ltozik:<br \/>\n\u2013 <strong>ADHD feln\u0151ttekn\u00e9l<\/strong> \u2013 \u00c1ltal\u00e1ban <strong>20-30 mg naponta<\/strong>, 2-3 adagra osztva.<br \/>\n\u2013 <strong>ADHD gyermekekn\u00e9l (6+ \u00e9ves kort\u00f3l)<\/strong> \u2013 \u00c1ltal\u00e1ban ekkor kezd\u0151dik <strong>5-10 mg, fokozatosan n\u00f6velve<\/strong> sz\u00fcks\u00e9g eset\u00e9n 20 mg-ig.<br \/>\n\u2013 <strong>Narkolepszia<\/strong> \u2013 Az adagok a k\u00f6vetkez\u0151k lehetnek: <strong>10-60 mg naponta<\/strong>, reggeli \u00e9s d\u00e9lut\u00e1ni bevitelre osztva.<\/p>\n<p>Mindig konzult\u00e1ljon eg\u00e9szs\u00e9g\u00fcgyi szolg\u00e1ltat\u00f3val a megfelel\u0151 \u00fatmutat\u00e1s\u00e9rt, de mivel mi k\u00edn\u00e1ljuk <strong>Ritalin recept n\u00e9lk\u00fcl<\/strong>, azt javasoljuk, hogy kezdje egy <strong>alacsonyabb d\u00f3zis a tolerancia felm\u00e9r\u00e9s\u00e9hez<\/strong>.<\/p>\n<h3><strong>Mi\u00e9rt v\u00e1lassza a Ritalin 20 mg-os tablett\u00e1inkat?<\/strong><\/h3>\n<p>\u2013 <strong>FDA \u00e1ltal j\u00f3v\u00e1hagyott generikus k\u00e9sz\u00edtm\u00e9ny<\/strong> \u2013 Ugyanolyan hat\u00e9konys\u00e1g\u00fa, mint a m\u00e1rkan\u00e9v alatt forgalmazott Ritalin, de alacsonyabb \u00e1ron <strong>p\u00e9nzt\u00e1rcabar\u00e1t \u00e1r<\/strong>.<br \/>\n\u2013 <strong>Diszkr\u00e9t \u00e9s biztons\u00e1gos sz\u00e1ll\u00edt\u00e1s<\/strong> \u2013 A csomagok sima csomagol\u00e1sban \u00e9rkeznek, k\u00fcls\u0151 c\u00edmke n\u00e9lk\u00fcl.<br \/>\n\u2013 <strong>Vil\u00e1gszerte sz\u00e1ll\u00edt\u00e1s<\/strong> \u2013 \u00dcgyfelek kiszolg\u00e1l\u00e1sa a helysz\u00ednen <strong>USA, Kanada, EU \u00e9s vil\u00e1gszerte<\/strong>.<br \/>\n\u2013 <strong>\u00dcgyf\u00e9lk\u00f6zpont\u00fa megk\u00f6zel\u00edt\u00e9s<\/strong> \u2013 Gyors feldolgoz\u00e1s, megb\u00edzhat\u00f3 \u00fcgyf\u00e9lszolg\u00e1lat \u00e9s <strong>ellen\u0151rz\u00f6tt fizet\u00e9si lehet\u0151s\u00e9gek<\/strong>.<\/p>\n<h3><strong>Lehets\u00e9ges mell\u00e9khat\u00e1sok \u00e9s \u00f3vint\u00e9zked\u00e9sek<\/strong><\/h3>\n<p>B\u00e1r a Ritalin \u00e1ltal\u00e1ban j\u00f3l toler\u00e1lhat\u00f3, egyes felhaszn\u00e1l\u00f3k a k\u00f6vetkez\u0151ket tapasztalhatj\u00e1k:<br \/>\n\u2013 <strong>Enyhe hat\u00e1sok<\/strong> \u2013 Fejf\u00e1j\u00e1s, sz\u00e1jsz\u00e1razs\u00e1g vagy \u00e9tv\u00e1gytalans\u00e1g.<br \/>\n\u2013 <strong>M\u00e9rs\u00e9kelt hat\u00e1sok<\/strong> \u2013 Megn\u00f6vekedett pulzussz\u00e1m vagy enyhe szorong\u00e1s.<br \/>\n\u2013 <strong>Ritka, de s\u00falyos hat\u00e1sok<\/strong> \u2013 Allergi\u00e1s reakci\u00f3k, mellkasi f\u00e1jdalom vagy hangulatingadoz\u00e1sok (s\u00falyos esetben forduljon orvoshoz).<\/p>\n<p>Ker\u00fclje az alkoholt \u00e9s a koffeint a Ritalin szed\u00e9se alatt, \u00e9s ne l\u00e9pje t\u00fal az aj\u00e1nlott adagot.<\/p>\n<h3><strong>V\u00e1s\u00e1roljon Ritalint 20 mg-os kiszerel\u00e9sben online \u2013 Gyorsan \u00e9s diszkr\u00e9ten<\/strong><\/h3>\n<p>Ha k\u00e9szen \u00e1llsz arra, hogy <strong>Ritalin 20 mg rendel\u00e9se online<\/strong>platformunk z\u00f6kken\u0151mentes \u00e9s gondtalan \u00e9lm\u00e9nyt biztos\u00edt. <strong>versenyk\u00e9pes \u00e1rak, aznapi kisz\u00e1ll\u00edt\u00e1s \u00e9s garant\u00e1lt k\u00e9zbes\u00edt\u00e9s<\/strong>, megk\u00f6nny\u00edtj\u00fck a sz\u00fcks\u00e9ges gy\u00f3gyszerek beszerz\u00e9s\u00e9t <strong>recept n\u00e9lk\u00fcl<\/strong>.<\/p>\n<p>Keresem <strong>gyorsan hat\u00f3 ADHD kezel\u00e9s vagy kognit\u00edv serkent\u0151k?<\/strong> Add le rendel\u00e9sed m\u00e9g ma, \u00e9s \u00e9lvezd az el\u0151nyeit <strong>generikus Ritalin 20 mg<\/strong>\u2014<strong>megb\u00edzhat\u00f3, hat\u00e9kony \u00e9s megfizethet\u0151!<\/strong><\/p>\n<p><strong>Kulcsszavak:<\/strong> Ritalin 20 mg v\u00e1s\u00e1rl\u00e1s online, Ritalin 20 mg tablett\u00e1k, generikus Ritalin recept n\u00e9lk\u00fcl, metilfenid\u00e1t 20 mg rendel\u00e9s, olcs\u00f3 Ritalin ADHD gy\u00f3gyszer, Ritalin 20 mg elad\u00f3, a legjobb hely Ritalin online v\u00e1s\u00e1rl\u00e1s\u00e1ra, gyors Ritalin h\u00e1zhozsz\u00e1ll\u00edt\u00e1s az USA-ban, megb\u00edzhat\u00f3 online gy\u00f3gyszer\u00e1rus\u00edt\u00f3, diszkr\u00e9t Ritalin sz\u00e1ll\u00edt\u00e1s vil\u00e1gszerte.<\/p>","protected":false},"excerpt":{"rendered":"<p>Rendeljen gyorsan \u00e9s megfizethet\u0151 \u00e1ron Ritalin 20 mg generikus tablett\u00e1kat diszkr\u00e9ten h\u00e1zhoz sz\u00e1ll\u00edtva \u2013 recept n\u00e9lk\u00fcl. Megb\u00edzhat\u00f3 gy\u00f3gyszert\u00e1runk ugyanazokat a hat\u00f3anyagokat k\u00edn\u00e1lja, mint a m\u00e1rk\u00e1s gy\u00f3gyszerek, \u00edgy biztos\u00edtva a biztons\u00e1got \u00e9s a hat\u00e9konys\u00e1got a magas k\u00f6lts\u00e9gek n\u00e9lk\u00fcl. Fizessen k\u00f6nnyed\u00e9n hitelk\u00e1rty\u00e1j\u00e1val, \u00e9s \u00e9lvezze a megb\u00edzhat\u00f3 sz\u00e1ll\u00edt\u00e1st nyomon k\u00f6vet\u00e9ssel a nyugalom \u00e9rdek\u00e9ben. Sp\u00f3roljon p\u00e9nzt, \u00e9s hagyja ki a gondokat egyszer\u0171, biztons\u00e1gos rendel\u00e9si folyamatunkkal m\u00e9g ma!<\/p>","protected":false},"featured_media":3459,"comment_status":"open","ping_status":"closed","template":"","meta":{"site-sidebar-layout":"default","site-content-layout":"","ast-site-content-layout":"default","site-content-style":"default","site-sidebar-style":"default","ast-global-header-display":"","ast-banner-title-visibility":"","ast-main-header-display":"","ast-hfb-above-header-display":"","ast-hfb-below-header-display":"","ast-hfb-mobile-header-display":"","site-post-title":"","ast-breadcrumbs-content":"","ast-featured-img":"","footer-sml-layout":"","ast-disable-related-posts":"","theme-transparent-header-meta":"default","adv-header-id-meta":"","stick-header-meta":"default","header-above-stick-meta":"","header-main-stick-meta":"","header-below-stick-meta":"","astra-migrate-meta-layouts":"set","ast-page-background-enabled":"default","ast-page-background-meta":{"desktop":{"background-color":"","background-image":"","background-repeat":"repeat","background-position":"center center","background-size":"auto","background-attachment":"scroll","background-type":"","background-media":"","overlay-type":"","overlay-color":"","overlay-opacity":"","overlay-gradient":""},"tablet":{"background-color":"","background-image":"","background-repeat":"repeat","background-position":"center center","background-size":"auto","background-attachment":"scroll","background-type":"","background-media":"","overlay-type":"","overlay-color":"","overlay-opacity":"","overlay-gradient":""},"mobile":{"background-color":"","background-image":"","background-repeat":"repeat","background-position":"center center","background-size":"auto","background-attachment":"scroll","background-type":"","background-media":"","overlay-type":"","overlay-color":"","overlay-opacity":"","overlay-gradient":""}},"ast-content-background-meta":{"desktop":{"background-color":"var(--ast-global-color-5)","background-image":"","background-repeat":"repeat","background-position":"center center","background-size":"auto","background-attachment":"scroll","background-type":"","background-media":"","overlay-type":"","overlay-color":"","overlay-opacity":"","overlay-gradient":""},"tablet":{"background-color":"var(--ast-global-color-5)","background-image":"","background-repeat":"repeat","background-position":"center center","background-size":"auto","background-attachment":"scroll","background-type":"","background-media":"","overlay-type":"","overlay-color":"","overlay-opacity":"","overlay-gradient":""},"mobile":{"background-color":"var(--ast-global-color-5)","background-image":"","background-repeat":"repeat","background-position":"center center","background-size":"auto","background-attachment":"scroll","background-type":"","background-media":"","overlay-type":"","overlay-color":"","overlay-opacity":"","overlay-gradient":""}}},"product_brand":[],"product_cat":[2141],"product_tag":[241,632,1253,267,1254,1250,1251,650,1249,1252],"class_list":{"0":"post-3426","1":"product","2":"type-product","3":"status-publish","4":"has-post-thumbnail","6":"product_cat-buy-adhd-meds-online","7":"product_tag-adhd-medication","8":"product_tag-buy-ritalin-online","9":"product_tag-cheap-ritalin-pills","10":"product_tag-cognitive-enhancement","11":"product_tag-fast-shipping-usa","12":"product_tag-generic-ritalin","13":"product_tag-methylphenidate-20-mg","14":"product_tag-narcolepsy-treatment","15":"product_tag-ritalin-20-mg","16":"product_tag-ritalin-without-prescription","17":"desktop-align-left","18":"tablet-align-left","19":"mobile-align-left","20":"ast-product-gallery-layout-horizontal-slider","21":"ast-product-gallery-with-no-image","22":"ast-magnify-disabled","23":"ast-product-single-variable","24":"ast-product-tabs-layout-horizontal","26":"first","27":"instock","28":"shipping-taxable","29":"purchasable","30":"product-type-variable"},"yoast_head":"<!-- This site is optimized with the Yoast SEO Premium plugin v26.0 (Yoast SEO v27.6) - https:\/\/yoast.com\/product\/yoast-seo-premium-wordpress\/ -->\n<title>Buy Ritalin 20 mg Online - Fast &amp; Affordable Generic Pills &#187; Rx Meds Plus<\/title>\n<meta name=\"description\" content=\"Buy Ritalin online fast and affordably\u2014generic 20 mg pills delivered discreetly worldwide. Order now for reliable ADHD treatment without prescription.\" \/>\n<meta name=\"robots\" content=\"noindex, follow, max-snippet:-1, max-image-preview:large, max-video-preview:-1\" \/>\n<meta property=\"og:locale\" content=\"hu_HU\" \/>\n<meta property=\"og:type\" content=\"article\" \/>\n<meta property=\"og:title\" content=\"Buy Ritalin 20 mg Online - Fast &amp; Affordable Generic Pills\" \/>\n<meta property=\"og:description\" content=\"Buy Ritalin online fast and affordably\u2014generic 20 mg pills delivered discreetly worldwide. Order now for reliable ADHD treatment without prescription.\" \/>\n<meta property=\"og:url\" content=\"https:\/\/rxmedsplus.com\/hu\/termek\/buy-ritalin-online-3\/\" \/>\n<meta property=\"og:site_name\" content=\"Rx Meds Plus\" \/>\n<meta property=\"article:modified_time\" content=\"2026-05-12T03:20:18+00:00\" \/>\n<meta property=\"og:image\" content=\"https:\/\/rxmedsplus.com\/wp-content\/uploads\/2025\/09\/11229-buy-ritalin-20mg.jpg\" \/>\n\t<meta property=\"og:image:width\" content=\"500\" \/>\n\t<meta property=\"og:image:height\" content=\"375\" \/>\n\t<meta property=\"og:image:type\" content=\"image\/jpeg\" \/>\n<meta name=\"twitter:card\" content=\"summary_large_image\" \/>\n<meta name=\"twitter:label1\" content=\"Availability\" \/>\n\t<meta name=\"twitter:data1\" content=\"In stock\" \/>\n<script type=\"application\/ld+json\" class=\"yoast-schema-graph\">{\"@context\":\"https:\\\/\\\/schema.org\",\"@graph\":[{\"@type\":\"WebPage\",\"@id\":\"https:\\\/\\\/rxmedsplus.com\\\/product\\\/buy-ritalin-online-3\\\/\",\"url\":\"https:\\\/\\\/rxmedsplus.com\\\/product\\\/buy-ritalin-online-3\\\/\",\"name\":\"Buy Ritalin 20 mg Online - Fast & Affordable Generic Pills &#187; Rx Meds Plus\",\"isPartOf\":{\"@id\":\"https:\\\/\\\/rxmedsplus.com\\\/#website\"},\"primaryImageOfPage\":{\"@id\":\"https:\\\/\\\/rxmedsplus.com\\\/product\\\/buy-ritalin-online-3\\\/#primaryimage\"},\"image\":{\"@id\":\"https:\\\/\\\/rxmedsplus.com\\\/product\\\/buy-ritalin-online-3\\\/#primaryimage\"},\"thumbnailUrl\":\"https:\\\/\\\/rxmedsplus.com\\\/wp-content\\\/uploads\\\/2025\\\/09\\\/11229-buy-ritalin-20mg.jpg\",\"datePublished\":\"2025-09-24T21:52:22+00:00\",\"dateModified\":\"2026-05-12T03:20:18+00:00\",\"description\":\"Buy Ritalin online fast and affordably\u2014generic 20 mg pills delivered discreetly worldwide. Order now for reliable ADHD treatment without prescription.\",\"breadcrumb\":{\"@id\":\"https:\\\/\\\/rxmedsplus.com\\\/product\\\/buy-ritalin-online-3\\\/#breadcrumb\"},\"inLanguage\":\"hu\",\"potentialAction\":[{\"@type\":\"ReadAction\",\"target\":[\"https:\\\/\\\/rxmedsplus.com\\\/product\\\/buy-ritalin-online-3\\\/\"]}]},{\"@type\":\"ImageObject\",\"inLanguage\":\"hu\",\"@id\":\"https:\\\/\\\/rxmedsplus.com\\\/product\\\/buy-ritalin-online-3\\\/#primaryimage\",\"url\":\"https:\\\/\\\/rxmedsplus.com\\\/wp-content\\\/uploads\\\/2025\\\/09\\\/11229-buy-ritalin-20mg.jpg\",\"contentUrl\":\"https:\\\/\\\/rxmedsplus.com\\\/wp-content\\\/uploads\\\/2025\\\/09\\\/11229-buy-ritalin-20mg.jpg\",\"width\":500,\"height\":375},{\"@type\":\"BreadcrumbList\",\"@id\":\"https:\\\/\\\/rxmedsplus.com\\\/product\\\/buy-ritalin-online-3\\\/#breadcrumb\",\"itemListElement\":[{\"@type\":\"ListItem\",\"position\":1,\"name\":\"Home\",\"item\":\"https:\\\/\\\/rxmedsplus.com\\\/\"},{\"@type\":\"ListItem\",\"position\":2,\"name\":\"Shop\",\"item\":\"https:\\\/\\\/rxmedsplus.com\\\/shop\\\/\"},{\"@type\":\"ListItem\",\"position\":3,\"name\":\"Buy Ritalin 20 mg Online &#8211; Fast &#038; Affordable Generic Pills\"}]},{\"@type\":\"WebSite\",\"@id\":\"https:\\\/\\\/rxmedsplus.com\\\/#website\",\"url\":\"https:\\\/\\\/rxmedsplus.com\\\/\",\"name\":\"Rx Meds Plus\",\"description\":\"Buy Prescription Meds and Pills Online with Fast Delivery\",\"potentialAction\":[{\"@type\":\"SearchAction\",\"target\":{\"@type\":\"EntryPoint\",\"urlTemplate\":\"https:\\\/\\\/rxmedsplus.com\\\/?s={search_term_string}\"},\"query-input\":{\"@type\":\"PropertyValueSpecification\",\"valueRequired\":true,\"valueName\":\"search_term_string\"}}],\"inLanguage\":\"hu\"}]}<\/script>\n<meta property=\"og:availability\" content=\"instock\" \/>\n<meta property=\"product:availability\" content=\"instock\" \/>\n<meta property=\"product:retailer_item_id\" content=\"3H2CTc15zy\" \/>\n<meta property=\"product:condition\" content=\"new\" \/>\n<!-- \/ Yoast SEO Premium plugin. -->","yoast_head_json":{"title":"V\u00e1s\u00e1roljon Ritalint 20 mg-os online - Gyors \u00e9s megfizethet\u0151 generikus tablett\u00e1k &amp; Rx Meds Plus","description":"V\u00e1s\u00e1roljon Ritalint online gyorsan \u00e9s megfizethet\u0151 \u00e1ron \u2013 generikus 20 mg-os tablett\u00e1k diszkr\u00e9t kisz\u00e1ll\u00edt\u00e1ssal vil\u00e1gszerte. Rendelje meg most megb\u00edzhat\u00f3 ADHD kezel\u00e9s\u00e9rt v\u00e9ny n\u00e9lk\u00fcl.","robots":{"index":"noindex","follow":"follow","max-snippet":"max-snippet:-1","max-image-preview":"max-image-preview:large","max-video-preview":"max-video-preview:-1"},"og_locale":"hu_HU","og_type":"article","og_title":"Buy Ritalin 20 mg Online - Fast & Affordable Generic Pills","og_description":"Buy Ritalin online fast and affordably\u2014generic 20 mg pills delivered discreetly worldwide. Order now for reliable ADHD treatment without prescription.","og_url":"https:\/\/rxmedsplus.com\/hu\/termek\/buy-ritalin-online-3\/","og_site_name":"Rx Meds Plus","article_modified_time":"2026-05-12T03:20:18+00:00","og_image":[{"width":500,"height":375,"url":"https:\/\/rxmedsplus.com\/wp-content\/uploads\/2025\/09\/11229-buy-ritalin-20mg.jpg","type":"image\/jpeg"}],"twitter_card":"summary_large_image","twitter_misc":{"Availability":"In stock"},"schema":{"@context":"https:\/\/schema.org","@graph":[{"@type":"WebPage","@id":"https:\/\/rxmedsplus.com\/product\/buy-ritalin-online-3\/","url":"https:\/\/rxmedsplus.com\/product\/buy-ritalin-online-3\/","name":"V\u00e1s\u00e1roljon Ritalint 20 mg-os online - Gyors \u00e9s megfizethet\u0151 generikus tablett\u00e1k &amp; Rx Meds Plus","isPartOf":{"@id":"https:\/\/rxmedsplus.com\/#website"},"primaryImageOfPage":{"@id":"https:\/\/rxmedsplus.com\/product\/buy-ritalin-online-3\/#primaryimage"},"image":{"@id":"https:\/\/rxmedsplus.com\/product\/buy-ritalin-online-3\/#primaryimage"},"thumbnailUrl":"https:\/\/rxmedsplus.com\/wp-content\/uploads\/2025\/09\/11229-buy-ritalin-20mg.jpg","datePublished":"2025-09-24T21:52:22+00:00","dateModified":"2026-05-12T03:20:18+00:00","description":"V\u00e1s\u00e1roljon Ritalint online gyorsan \u00e9s megfizethet\u0151 \u00e1ron \u2013 generikus 20 mg-os tablett\u00e1k diszkr\u00e9t kisz\u00e1ll\u00edt\u00e1ssal vil\u00e1gszerte. Rendelje meg most megb\u00edzhat\u00f3 ADHD kezel\u00e9s\u00e9rt v\u00e9ny n\u00e9lk\u00fcl.","breadcrumb":{"@id":"https:\/\/rxmedsplus.com\/product\/buy-ritalin-online-3\/#breadcrumb"},"inLanguage":"hu","potentialAction":[{"@type":"ReadAction","target":["https:\/\/rxmedsplus.com\/product\/buy-ritalin-online-3\/"]}]},{"@type":"ImageObject","inLanguage":"hu","@id":"https:\/\/rxmedsplus.com\/product\/buy-ritalin-online-3\/#primaryimage","url":"https:\/\/rxmedsplus.com\/wp-content\/uploads\/2025\/09\/11229-buy-ritalin-20mg.jpg","contentUrl":"https:\/\/rxmedsplus.com\/wp-content\/uploads\/2025\/09\/11229-buy-ritalin-20mg.jpg","width":500,"height":375},{"@type":"BreadcrumbList","@id":"https:\/\/rxmedsplus.com\/product\/buy-ritalin-online-3\/#breadcrumb","itemListElement":[{"@type":"ListItem","position":1,"name":"Home","item":"https:\/\/rxmedsplus.com\/"},{"@type":"ListItem","position":2,"name":"Shop","item":"https:\/\/rxmedsplus.com\/shop\/"},{"@type":"ListItem","position":3,"name":"Buy Ritalin 20 mg Online &#8211; Fast &#038; Affordable Generic Pills"}]},{"@type":"WebSite","@id":"https:\/\/rxmedsplus.com\/#website","url":"https:\/\/rxmedsplus.com\/","name":"V\u00e9nyk\u00f6teles gy\u00f3gyszerek Plusz","description":"V\u00e1s\u00e1roljon v\u00e9nyk\u00f6teles gy\u00f3gyszereket \u00e9s tablett\u00e1kat online, gyors sz\u00e1ll\u00edt\u00e1ssal","potentialAction":[{"@type":"SearchAction","target":{"@type":"EntryPoint","urlTemplate":"https:\/\/rxmedsplus.com\/?s={search_term_string}"},"query-input":{"@type":"PropertyValueSpecification","valueRequired":true,"valueName":"search_term_string"}}],"inLanguage":"hu"}]},"og_availability":"instock","product_availability":"instock","product_retailer_item_id":"3H2CTc15zy","product_condition":"new"},"_links":{"self":[{"href":"https:\/\/rxmedsplus.com\/hu\/wp-json\/wp\/v2\/product\/3426","targetHints":{"allow":["GET"]}}],"collection":[{"href":"https:\/\/rxmedsplus.com\/hu\/wp-json\/wp\/v2\/product"}],"about":[{"href":"https:\/\/rxmedsplus.com\/hu\/wp-json\/wp\/v2\/types\/product"}],"replies":[{"embeddable":true,"href":"https:\/\/rxmedsplus.com\/hu\/wp-json\/wp\/v2\/comments?post=3426"}],"wp:featuredmedia":[{"embeddable":true,"href":"https:\/\/rxmedsplus.com\/hu\/wp-json\/wp\/v2\/media\/3459"}],"wp:attachment":[{"href":"https:\/\/rxmedsplus.com\/hu\/wp-json\/wp\/v2\/media?parent=3426"}],"wp:term":[{"taxonomy":"product_brand","embeddable":true,"href":"https:\/\/rxmedsplus.com\/hu\/wp-json\/wp\/v2\/product_brand?post=3426"},{"taxonomy":"product_cat","embeddable":true,"href":"https:\/\/rxmedsplus.com\/hu\/wp-json\/wp\/v2\/product_cat?post=3426"},{"taxonomy":"product_tag","embeddable":true,"href":"https:\/\/rxmedsplus.com\/hu\/wp-json\/wp\/v2\/product_tag?post=3426"}],"curies":[{"name":"wp","href":"https:\/\/api.w.org\/{rel}","templated":true}]}}