{"id":3652,"date":"2025-09-24T21:55:45","date_gmt":"2025-09-24T21:55:45","guid":{"rendered":"https:\/\/rxmedsplus.com\/?post_type=product&#038;p=3652"},"modified":"2025-09-25T11:15:26","modified_gmt":"2025-09-25T11:15:26","slug":"buy-oxycodone-online-safely","status":"publish","type":"product","link":"https:\/\/rxmedsplus.com\/hu\/product\/buy-oxycodone-online-safely\/","title":{"rendered":"V\u00e1s\u00e1roljon 30 mg-os oxikodont online \u2013 Gyors \u00e9s biztons\u00e1gos enyh\u00fcl\u00e9s"},"content":{"rendered":"<h2><strong>V\u00e1s\u00e1roljon 30 mg-os oxikodont online \u2013 Gyors \u00e9s biztons\u00e1gos enyh\u00fcl\u00e9st ny\u00fajt kr\u00f3nikus f\u00e1jdalomra<\/strong><\/h2>\n<p>Ha gyors \u00e9s hat\u00e9kony f\u00e1jdalomcsillap\u00edt\u00e1st keres, ne keressen tov\u00e1bb. <strong>V\u00e1s\u00e1roljon 30 mg-os oxikodont online<\/strong> Megb\u00edzhat\u00f3 \u00e9s diszkr\u00e9t gy\u00f3gyszert\u00e1runkb\u00f3l a k\u00f6zepes \u00e9s s\u00falyos f\u00e1jdalom biztons\u00e1gos \u00e9s k\u00e9nyelmes kezel\u00e9s\u00e9re. Az oxikodon egy er\u0151s opioid f\u00e1jdalomcsillap\u00edt\u00f3, amelyet kr\u00f3nikus f\u00e1jdalom, m\u0171t\u00e9t ut\u00e1ni fel\u00e9p\u00fcl\u00e9s \u00e9s egy\u00e9b f\u00e1jdalmas orvosi helyzetek eset\u00e9n \u00edrnak fel. Gyors sz\u00e1ll\u00edt\u00e1st k\u00edn\u00e1lunk az Egyes\u00fclt \u00c1llamokba, Kanad\u00e1ba, az EU-ba \u00e9s vil\u00e1gszerte, \u00edgy biztos\u00edtva, hogy gy\u00f3gyszereit k\u00e9sedelem n\u00e9lk\u00fcl megkapja.<\/p>\n<h3><strong>Mi\u00e9rt v\u00e1lassza az oxikodon 30 mg-os tablett\u00e1j\u00e1t?<\/strong><\/h3>\n<p>Amikor te <strong>V\u00e1s\u00e1roljon 30 mg oxikodont online<\/strong>, kiv\u00e1l\u00f3 min\u0151s\u00e9g\u0171, laborat\u00f3riumban tesztelt gy\u00f3gyszert kapsz egy <strong>megb\u00edzhat\u00f3 online elad\u00f3<\/strong>Tablett\u00e1ink megb\u00edzhat\u00f3 gy\u00e1rt\u00f3kt\u00f3l sz\u00e1rmaznak, biztos\u00edtva a hat\u00e9konys\u00e1got \u00e9s a biztons\u00e1goss\u00e1got. Minden tabletta a pontos adagot biztos\u00edtja, \u00edgy kompromisszumok n\u00e9lk\u00fcli, k\u00f6vetkezetes f\u00e1jdalomcsillap\u00edt\u00e1st biztos\u00edt.<\/p>\n<h3><strong>Mire haszn\u00e1lj\u00e1k az oxikodon 30 mg-ot?<\/strong><\/h3>\n<p>Az oxikodon 30 mg FDA \u00e1ltal j\u00f3v\u00e1hagyott <strong>opioid f\u00e1jdalomcsillap\u00edt\u00f3<\/strong> kezel\u00e9s\u00e9re tervezt\u00e9k:<br \/>\nKr\u00f3nikus h\u00e1tf\u00e1j\u00e1s<br \/>\n\u00b7 M\u0171t\u00e9t ut\u00e1ni f\u00e1jdalom<br \/>\nS\u00falyos \u00edz\u00fcleti gyullad\u00e1s<br \/>\n*R\u00e1kkal \u00f6sszef\u00fcgg\u0151 f\u00e1jdalom*<br \/>\nIdegf\u00e1jdalom \u00e9s fibromyalgia<\/p>\n<p>\u00dagy m\u0171k\u00f6dik, hogy az agyban \u00e9s a gerincvel\u0151ben tal\u00e1lhat\u00f3 opioid receptorokhoz k\u00f6t\u0151dik, megv\u00e1ltoztatva a szervezet f\u00e1jdalom\u00e9rz\u00e9kel\u00e9s\u00e9t.<\/p>\n<h3><strong>Az oxikodon 30 mg f\u0151bb el\u0151nyei<\/strong><\/h3>\n<p>\u2013 <strong>Gyorsan hat\u00f3 enyh\u00fcl\u00e9s:<\/strong> 15-30 percen bel\u00fcl elkezd dolgozni<br \/>\n\u2013 <strong>Hosszan tart\u00f3 hat\u00e1sok:<\/strong> Ak\u00e1r 6 \u00f3r\u00e1s f\u00e1jdalomcsillap\u00edt\u00e1st biztos\u00edt<br \/>\n\u2013 <strong>Nagy hat\u00e9konys\u00e1g\u00fa:<\/strong> Ide\u00e1lis s\u00falyos f\u00e1jdalom eset\u00e9n, amely nem reag\u00e1l a gyeng\u00e9bb gy\u00f3gyszerekre<br \/>\n\u2013 <strong>Diszkr\u00e9t csomagol\u00e1s:<\/strong> Minden megrendel\u00e9st bizalmasan sz\u00e1ll\u00edtunk<\/p>\n<h3><strong>Oxikodon 30 mg adagol\u00e1s \u00e9s biztons\u00e1gi ir\u00e1nyelvek<\/strong><\/h3>\n<p>Miel\u0151tt te <strong>Oxycodone 30mg rendel\u00e9se online recept n\u00e9lk\u00fcl<\/strong>, kulcsfontoss\u00e1g\u00fa a helyes haszn\u00e1lat meg\u00e9rt\u00e9se:<\/p>\n<p>\u2013 <strong>Standard adag:<\/strong> 5\u201330 mg 4\u20136 \u00f3r\u00e1nk\u00e9nt (a f\u00e1jdalom intenzit\u00e1s\u00e1t\u00f3l f\u00fcgg\u0151en)<br \/>\n\u2013 <strong>Adagol\u00e1s m\u00f3dos\u00edt\u00e1sa:<\/strong> A f\u00fcgg\u0151s\u00e9g elker\u00fcl\u00e9se \u00e9rdek\u00e9ben soha ne l\u00e9pje t\u00fal az el\u0151\u00edrt hat\u00e1rokat<br \/>\n\u2013 <strong>T\u00e1rol\u00e1s:<\/strong> H\u0171v\u00f6s, sz\u00e1raz helyen, gyermekekt\u0151l elz\u00e1rva tartand\u00f3<br \/>\n\u2013 <strong>Ker\u00fclje az alkoholt:<\/strong> Fokozhatja az \u00e1lmoss\u00e1got \u00e9s a l\u00e9gz\u00e9sdepresszi\u00f3t<\/p>\n<p>Mindig konzult\u00e1ljon eg\u00e9szs\u00e9g\u00fcgyi szolg\u00e1ltat\u00f3val, ha bizonytalan az adagol\u00e1ssal vagy a lehets\u00e9ges gy\u00f3gyszerk\u00f6lcs\u00f6nhat\u00e1sokkal kapcsolatban.<\/p>\n<h3><strong>Az oxikodon 30 mg lehets\u00e9ges mell\u00e9khat\u00e1sai<\/strong><\/h3>\n<p>B\u00e1r az oxikodon hat\u00e9kony, mell\u00e9khat\u00e1sokat okozhat, t\u00f6bbek k\u00f6z\u00f6tt:<br \/>\n\u00c1lmoss\u00e1g vagy sz\u00e9d\u00fcl\u00e9s<br \/>\nH\u00e1nyinger vagy h\u00e1ny\u00e1s<br \/>\n\u2013Sz\u00e9kreked\u00e9s<br \/>\nSz\u00e1jsz\u00e1razs\u00e1g<\/p>\n<p>A s\u00falyos mell\u00e9khat\u00e1sok (ritk\u00e1k) k\u00f6z\u00e9 tartozik a fel\u00fcletes l\u00e9gz\u00e9s, zavarts\u00e1g vagy allergi\u00e1s reakci\u00f3k. S\u00falyos reakci\u00f3k eset\u00e9n azonnal forduljon orvoshoz.<\/p>\n<h3><strong>Mi\u00e9rt \u00e9rdemes t\u0151l\u00fcnk online megv\u00e1s\u00e1rolni az Oxycodone 30mg-ot?<\/strong><\/h3>\n<p>Amikor sz\u00fcks\u00e9ged van r\u00e1 <strong>gyors \u00e9s biztons\u00e1gos f\u00e1jdalomcsillap\u00edt\u00e1s<\/strong>, v\u00e1s\u00e1rl\u00e1s egy <strong>j\u00f3 h\u00edr\u0171 online elad\u00f3<\/strong> ensures:<\/p>\n<p>\u2705 <strong>Kiv\u00e1l\u00f3 min\u0151s\u00e9g\u0171, eredeti gy\u00f3gyszer<\/strong><br \/>\n\u2705 <strong>Biztons\u00e1gos fizet\u00e9s \u00e9s titkos\u00edtott tranzakci\u00f3k<\/strong><br \/>\n\u2705 <strong>Diszkr\u00e9t sz\u00e1ll\u00edt\u00e1s az Egyes\u00fclt \u00c1llamokba, Kanad\u00e1ba, az EU-ba \u00e9s vil\u00e1gszerte<\/strong><br \/>\n\u2705 <strong>Nincs sz\u00fcks\u00e9g receptre<\/strong><br \/>\n\u2705 <strong>24 \u00f3r\u00e1s \u00fcgyf\u00e9lszolg\u00e1lat<\/strong><\/p>\n<p>Els\u0151dleges szempont sz\u00e1munkra az \u00fcgyfelek el\u00e9gedetts\u00e9ge, \u00e9s garant\u00e1ljuk, hogy megrendel\u00e9se biztons\u00e1gban \u00e9s id\u0151ben meg\u00e9rkezik.<\/p>\n<h3><strong>Rendeljen 30 mg-os oxikodont online m\u00e9g ma a hat\u00e9kony f\u00e1jdalomcsillap\u00edt\u00e1s\u00e9rt<\/strong><\/h3>\n<p>Sz\u00fcntelen f\u00e1jdalommal k\u00fczd? Ne v\u00e1rj \u2013<strong>V\u00e1s\u00e1roljon 30 mg oxikodont online<\/strong> most azonnali \u00e9s megb\u00edzhat\u00f3 enyh\u00fcl\u00e9s\u00e9rt. Leegyszer\u0171s\u00edtett rendel\u00e9si folyamatunknak k\u00f6sz\u00f6nhet\u0151en k\u00f6nnyed\u00e9n, v\u00e9ny n\u00e9lk\u00fcl juthat hozz\u00e1 a sz\u00fcks\u00e9ges gy\u00f3gyszerekhez. Vil\u00e1gszerte megb\u00edznak benn\u00fcnk az \u00fcgyfelek, diszkr\u00e9ten \u00e9s biztons\u00e1gosan sz\u00e1ll\u00edtunk, hogy teljes m\u00e9rt\u00e9kben biztos\u00edtsuk az \u00d6n adatainak v\u00e9delm\u00e9t.<\/p>\n<p><strong>Rendelj most, \u00e9s tapasztald meg a legjobb f\u00e1jdalomcsillap\u00edt\u00e1st m\u00e9g ma!<\/strong><\/p>","protected":false},"excerpt":{"rendered":"<p>Tal\u00e1ljon gyors \u00e9s megb\u00edzhat\u00f3 enyh\u00fcl\u00e9st az Oxycodone 30 mg-os kapszul\u00e1val \u2013 megb\u00edzhat\u00f3 megold\u00e1st k\u00edn\u00e1l k\u00f6zepes \u00e9s s\u00falyos f\u00e1jdalomra, amikor m\u00e1s gy\u00f3gyszerek nem hat\u00e1sosak. Diszkr\u00e9t, receptmentes szolg\u00e1ltat\u00e1sunk biztos\u00edtja, hogy az eredeti tablett\u00e1k biztons\u00e1gosan h\u00e1zhoz sz\u00e1ll\u00edtva legyenek, a nap 24 \u00f3r\u00e1j\u00e1ban, a h\u00e9t minden napj\u00e1n el\u00e9rhet\u0151 \u00fcgyf\u00e9lszolg\u00e1lattal. \u00c9lvezze a versenyk\u00e9pes \u00e1rakat, a rugalmas fizet\u00e9si lehet\u0151s\u00e9geket \u00e9s a nyugalmat, tudv\u00e1n, hogy hat\u00e9kony opioid enyh\u00fcl\u00e9st kap egy megb\u00edzhat\u00f3 forr\u00e1sb\u00f3l. MINDIG K\u00c9RJEN SZAK\u00c9RT\u0150I ORVOSI TAN\u00c1CSOT A HASZN\u00c1LATTAL \u00c9S AZ ADAGOL\u00c1SSAL KAPCSOLATBAN.<\/p>","protected":false},"featured_media":3691,"comment_status":"open","ping_status":"closed","template":"","meta":{"site-sidebar-layout":"default","site-content-layout":"","ast-site-content-layout":"default","site-content-style":"default","site-sidebar-style":"default","ast-global-header-display":"","ast-banner-title-visibility":"","ast-main-header-display":"","ast-hfb-above-header-display":"","ast-hfb-below-header-display":"","ast-hfb-mobile-header-display":"","site-post-title":"","ast-breadcrumbs-content":"","ast-featured-img":"","footer-sml-layout":"","ast-disable-related-posts":"","theme-transparent-header-meta":"default","adv-header-id-meta":"","stick-header-meta":"default","header-above-stick-meta":"","header-main-stick-meta":"","header-below-stick-meta":"","astra-migrate-meta-layouts":"set","ast-page-background-enabled":"default","ast-page-background-meta":{"desktop":{"background-color":"","background-image":"","background-repeat":"repeat","background-position":"center center","background-size":"auto","background-attachment":"scroll","background-type":"","background-media":"","overlay-type":"","overlay-color":"","overlay-opacity":"","overlay-gradient":""},"tablet":{"background-color":"","background-image":"","background-repeat":"repeat","background-position":"center center","background-size":"auto","background-attachment":"scroll","background-type":"","background-media":"","overlay-type":"","overlay-color":"","overlay-opacity":"","overlay-gradient":""},"mobile":{"background-color":"","background-image":"","background-repeat":"repeat","background-position":"center center","background-size":"auto","background-attachment":"scroll","background-type":"","background-media":"","overlay-type":"","overlay-color":"","overlay-opacity":"","overlay-gradient":""}},"ast-content-background-meta":{"desktop":{"background-color":"var(--ast-global-color-5)","background-image":"","background-repeat":"repeat","background-position":"center center","background-size":"auto","background-attachment":"scroll","background-type":"","background-media":"","overlay-type":"","overlay-color":"","overlay-opacity":"","overlay-gradient":""},"tablet":{"background-color":"var(--ast-global-color-5)","background-image":"","background-repeat":"repeat","background-position":"center center","background-size":"auto","background-attachment":"scroll","background-type":"","background-media":"","overlay-type":"","overlay-color":"","overlay-opacity":"","overlay-gradient":""},"mobile":{"background-color":"var(--ast-global-color-5)","background-image":"","background-repeat":"repeat","background-position":"center center","background-size":"auto","background-attachment":"scroll","background-type":"","background-media":"","overlay-type":"","overlay-color":"","overlay-opacity":"","overlay-gradient":""}}},"product_brand":[],"product_cat":[37],"product_tag":[1114,1118,1111,1117,1119,1115,1113,1112,1120,1116],"class_list":{"0":"post-3652","1":"product","2":"type-product","3":"status-publish","4":"has-post-thumbnail","6":"product_cat-buy-pain-relief-medication-online","7":"product_tag-best-online-pharmacy-for-oxycodone","8":"product_tag-buy-opioid-pain-medication","9":"product_tag-buy-oxycodone-30mg-online","10":"product_tag-chronic-pain-relief","11":"product_tag-discreet-oxycodone-shipping","12":"product_tag-fast-oxycodone-delivery","13":"product_tag-order-oxycodone-without-prescription","14":"product_tag-oxycodone-30mg-for-pain-relief","15":"product_tag-oxycodone-for-severe-pain","16":"product_tag-safe-oxycodone-purchase","17":"desktop-align-left","18":"tablet-align-left","19":"mobile-align-left","20":"ast-product-gallery-layout-horizontal-slider","21":"ast-product-gallery-with-no-image","22":"ast-magnify-disabled","23":"ast-product-single-variable","24":"ast-product-tabs-layout-horizontal","26":"first","27":"instock","28":"shipping-taxable","29":"purchasable","30":"product-type-variable"},"yoast_head":"<!-- This site is optimized with the Yoast SEO Premium plugin v26.0 (Yoast SEO v27.6) - https:\/\/yoast.com\/product\/yoast-seo-premium-wordpress\/ -->\n<title>Buy Oxycodone 30mg Online \u2013 Fast &amp; Safe Relief &#187; Rx Meds Plus<\/title>\n<meta name=\"description\" content=\"Buy oxycodone online safely for fast pain relief. Our trusted pharmacy offers discreet shipping &amp; high-quality 30mg pills. Order now for secure delivery!\" \/>\n<meta name=\"robots\" content=\"noindex, follow, max-snippet:-1, max-image-preview:large, max-video-preview:-1\" \/>\n<meta property=\"og:locale\" content=\"hu_HU\" \/>\n<meta property=\"og:type\" content=\"article\" \/>\n<meta property=\"og:title\" content=\"Buy Oxycodone 30mg Online \u2013 Fast &amp; Safe Relief\" \/>\n<meta property=\"og:description\" content=\"Buy oxycodone online safely for fast pain relief. Our trusted pharmacy offers discreet shipping &amp; high-quality 30mg pills. Order now for secure delivery!\" \/>\n<meta property=\"og:url\" content=\"https:\/\/rxmedsplus.com\/hu\/termek\/buy-oxycodone-online-safely\/\" \/>\n<meta property=\"og:site_name\" content=\"Rx Meds Plus\" \/>\n<meta property=\"article:modified_time\" content=\"2025-09-25T11:15:26+00:00\" \/>\n<meta property=\"og:image\" content=\"https:\/\/mlehknw8zzux.i.optimole.com\/w:456\/h:501\/q:mauto\/f:best\/https:\/\/rxmedsplus.com\/wp-content\/uploads\/2025\/09\/11502-Oxycodone-4-1.jpg\" \/>\n\t<meta property=\"og:image:width\" content=\"456\" \/>\n\t<meta property=\"og:image:height\" content=\"501\" \/>\n\t<meta property=\"og:image:type\" content=\"image\/jpeg\" \/>\n<meta name=\"twitter:card\" content=\"summary_large_image\" \/>\n<meta name=\"twitter:label1\" content=\"Availability\" \/>\n\t<meta name=\"twitter:data1\" content=\"In stock\" \/>\n<script type=\"application\/ld+json\" class=\"yoast-schema-graph\">{\"@context\":\"https:\\\/\\\/schema.org\",\"@graph\":[{\"@type\":\"WebPage\",\"@id\":\"https:\\\/\\\/rxmedsplus.com\\\/product\\\/buy-oxycodone-online-safely\\\/\",\"url\":\"https:\\\/\\\/rxmedsplus.com\\\/product\\\/buy-oxycodone-online-safely\\\/\",\"name\":\"Buy Oxycodone 30mg Online \u2013 Fast & Safe Relief &#187; Rx Meds Plus\",\"isPartOf\":{\"@id\":\"https:\\\/\\\/rxmedsplus.com\\\/#website\"},\"primaryImageOfPage\":{\"@id\":\"https:\\\/\\\/rxmedsplus.com\\\/product\\\/buy-oxycodone-online-safely\\\/#primaryimage\"},\"image\":{\"@id\":\"https:\\\/\\\/rxmedsplus.com\\\/product\\\/buy-oxycodone-online-safely\\\/#primaryimage\"},\"thumbnailUrl\":\"https:\\\/\\\/rxmedsplus.com\\\/wp-content\\\/uploads\\\/2025\\\/09\\\/11502-Oxycodone-4-1.jpg\",\"datePublished\":\"2025-09-24T21:55:45+00:00\",\"dateModified\":\"2025-09-25T11:15:26+00:00\",\"description\":\"Buy oxycodone online safely for fast pain relief. Our trusted pharmacy offers discreet shipping & high-quality 30mg pills. Order now for secure delivery!\",\"breadcrumb\":{\"@id\":\"https:\\\/\\\/rxmedsplus.com\\\/product\\\/buy-oxycodone-online-safely\\\/#breadcrumb\"},\"inLanguage\":\"hu\",\"potentialAction\":[{\"@type\":\"ReadAction\",\"target\":[\"https:\\\/\\\/rxmedsplus.com\\\/product\\\/buy-oxycodone-online-safely\\\/\"]}]},{\"@type\":\"ImageObject\",\"inLanguage\":\"hu\",\"@id\":\"https:\\\/\\\/rxmedsplus.com\\\/product\\\/buy-oxycodone-online-safely\\\/#primaryimage\",\"url\":\"https:\\\/\\\/rxmedsplus.com\\\/wp-content\\\/uploads\\\/2025\\\/09\\\/11502-Oxycodone-4-1.jpg\",\"contentUrl\":\"https:\\\/\\\/rxmedsplus.com\\\/wp-content\\\/uploads\\\/2025\\\/09\\\/11502-Oxycodone-4-1.jpg\",\"width\":456,\"height\":501},{\"@type\":\"BreadcrumbList\",\"@id\":\"https:\\\/\\\/rxmedsplus.com\\\/product\\\/buy-oxycodone-online-safely\\\/#breadcrumb\",\"itemListElement\":[{\"@type\":\"ListItem\",\"position\":1,\"name\":\"Home\",\"item\":\"https:\\\/\\\/rxmedsplus.com\\\/\"},{\"@type\":\"ListItem\",\"position\":2,\"name\":\"Shop\",\"item\":\"https:\\\/\\\/rxmedsplus.com\\\/shop\\\/\"},{\"@type\":\"ListItem\",\"position\":3,\"name\":\"Buy Oxycodone 30mg Online \u2013 Fast &#038; Safe Relief\"}]},{\"@type\":\"WebSite\",\"@id\":\"https:\\\/\\\/rxmedsplus.com\\\/#website\",\"url\":\"https:\\\/\\\/rxmedsplus.com\\\/\",\"name\":\"Rx Meds Plus\",\"description\":\"Buy Prescription Meds and Pills Online with Fast Delivery\",\"potentialAction\":[{\"@type\":\"SearchAction\",\"target\":{\"@type\":\"EntryPoint\",\"urlTemplate\":\"https:\\\/\\\/rxmedsplus.com\\\/?s={search_term_string}\"},\"query-input\":{\"@type\":\"PropertyValueSpecification\",\"valueRequired\":true,\"valueName\":\"search_term_string\"}}],\"inLanguage\":\"hu\"}]}<\/script>\n<meta property=\"og:availability\" content=\"instock\" \/>\n<meta property=\"product:availability\" content=\"instock\" \/>\n<meta property=\"product:retailer_item_id\" content=\"qVKXgCRc4W\" \/>\n<meta property=\"product:condition\" content=\"new\" \/>\n<!-- \/ Yoast SEO Premium plugin. -->","yoast_head_json":{"title":"V\u00e1s\u00e1roljon 30 mg-os oxikodont online \u2013 Gyors \u00e9s biztons\u00e1gos enyh\u00fcl\u00e9s &amp; Rx Meds Plus","description":"V\u00e1s\u00e1roljon biztons\u00e1gosan oxikodont online a gyors f\u00e1jdalomcsillap\u00edt\u00e1s\u00e9rt. Megb\u00edzhat\u00f3 gy\u00f3gyszert\u00e1runk diszkr\u00e9t sz\u00e1ll\u00edt\u00e1st \u00e9s kiv\u00e1l\u00f3 min\u0151s\u00e9g\u0171 30 mg-os tablett\u00e1kat k\u00edn\u00e1l. Rendelje meg most a biztons\u00e1gos kisz\u00e1ll\u00edt\u00e1s\u00e9rt!","robots":{"index":"noindex","follow":"follow","max-snippet":"max-snippet:-1","max-image-preview":"max-image-preview:large","max-video-preview":"max-video-preview:-1"},"og_locale":"hu_HU","og_type":"article","og_title":"Buy Oxycodone 30mg Online \u2013 Fast & Safe Relief","og_description":"Buy oxycodone online safely for fast pain relief. Our trusted pharmacy offers discreet shipping & high-quality 30mg pills. Order now for secure delivery!","og_url":"https:\/\/rxmedsplus.com\/hu\/termek\/buy-oxycodone-online-safely\/","og_site_name":"Rx Meds Plus","article_modified_time":"2025-09-25T11:15:26+00:00","og_image":[{"width":456,"height":501,"url":"https:\/\/mlehknw8zzux.i.optimole.com\/w:456\/h:501\/q:mauto\/f:best\/https:\/\/rxmedsplus.com\/wp-content\/uploads\/2025\/09\/11502-Oxycodone-4-1.jpg","type":"image\/jpeg"}],"twitter_card":"summary_large_image","twitter_misc":{"Availability":"In stock"},"schema":{"@context":"https:\/\/schema.org","@graph":[{"@type":"WebPage","@id":"https:\/\/rxmedsplus.com\/product\/buy-oxycodone-online-safely\/","url":"https:\/\/rxmedsplus.com\/product\/buy-oxycodone-online-safely\/","name":"V\u00e1s\u00e1roljon 30 mg-os oxikodont online \u2013 Gyors \u00e9s biztons\u00e1gos enyh\u00fcl\u00e9s &amp; Rx Meds Plus","isPartOf":{"@id":"https:\/\/rxmedsplus.com\/#website"},"primaryImageOfPage":{"@id":"https:\/\/rxmedsplus.com\/product\/buy-oxycodone-online-safely\/#primaryimage"},"image":{"@id":"https:\/\/rxmedsplus.com\/product\/buy-oxycodone-online-safely\/#primaryimage"},"thumbnailUrl":"https:\/\/rxmedsplus.com\/wp-content\/uploads\/2025\/09\/11502-Oxycodone-4-1.jpg","datePublished":"2025-09-24T21:55:45+00:00","dateModified":"2025-09-25T11:15:26+00:00","description":"V\u00e1s\u00e1roljon biztons\u00e1gosan oxikodont online a gyors f\u00e1jdalomcsillap\u00edt\u00e1s\u00e9rt. Megb\u00edzhat\u00f3 gy\u00f3gyszert\u00e1runk diszkr\u00e9t sz\u00e1ll\u00edt\u00e1st \u00e9s kiv\u00e1l\u00f3 min\u0151s\u00e9g\u0171 30 mg-os tablett\u00e1kat k\u00edn\u00e1l. Rendelje meg most a biztons\u00e1gos kisz\u00e1ll\u00edt\u00e1s\u00e9rt!","breadcrumb":{"@id":"https:\/\/rxmedsplus.com\/product\/buy-oxycodone-online-safely\/#breadcrumb"},"inLanguage":"hu","potentialAction":[{"@type":"ReadAction","target":["https:\/\/rxmedsplus.com\/product\/buy-oxycodone-online-safely\/"]}]},{"@type":"ImageObject","inLanguage":"hu","@id":"https:\/\/rxmedsplus.com\/product\/buy-oxycodone-online-safely\/#primaryimage","url":"https:\/\/rxmedsplus.com\/wp-content\/uploads\/2025\/09\/11502-Oxycodone-4-1.jpg","contentUrl":"https:\/\/rxmedsplus.com\/wp-content\/uploads\/2025\/09\/11502-Oxycodone-4-1.jpg","width":456,"height":501},{"@type":"BreadcrumbList","@id":"https:\/\/rxmedsplus.com\/product\/buy-oxycodone-online-safely\/#breadcrumb","itemListElement":[{"@type":"ListItem","position":1,"name":"Home","item":"https:\/\/rxmedsplus.com\/"},{"@type":"ListItem","position":2,"name":"Shop","item":"https:\/\/rxmedsplus.com\/shop\/"},{"@type":"ListItem","position":3,"name":"Buy Oxycodone 30mg Online \u2013 Fast &#038; Safe Relief"}]},{"@type":"WebSite","@id":"https:\/\/rxmedsplus.com\/#website","url":"https:\/\/rxmedsplus.com\/","name":"V\u00e9nyk\u00f6teles gy\u00f3gyszerek Plusz","description":"V\u00e1s\u00e1roljon v\u00e9nyk\u00f6teles gy\u00f3gyszereket \u00e9s tablett\u00e1kat online, gyors sz\u00e1ll\u00edt\u00e1ssal","potentialAction":[{"@type":"SearchAction","target":{"@type":"EntryPoint","urlTemplate":"https:\/\/rxmedsplus.com\/?s={search_term_string}"},"query-input":{"@type":"PropertyValueSpecification","valueRequired":true,"valueName":"search_term_string"}}],"inLanguage":"hu"}]},"og_availability":"instock","product_availability":"instock","product_retailer_item_id":"qVKXgCRc4W","product_condition":"new"},"_links":{"self":[{"href":"https:\/\/rxmedsplus.com\/hu\/wp-json\/wp\/v2\/product\/3652","targetHints":{"allow":["GET"]}}],"collection":[{"href":"https:\/\/rxmedsplus.com\/hu\/wp-json\/wp\/v2\/product"}],"about":[{"href":"https:\/\/rxmedsplus.com\/hu\/wp-json\/wp\/v2\/types\/product"}],"replies":[{"embeddable":true,"href":"https:\/\/rxmedsplus.com\/hu\/wp-json\/wp\/v2\/comments?post=3652"}],"wp:featuredmedia":[{"embeddable":true,"href":"https:\/\/rxmedsplus.com\/hu\/wp-json\/wp\/v2\/media\/3691"}],"wp:attachment":[{"href":"https:\/\/rxmedsplus.com\/hu\/wp-json\/wp\/v2\/media?parent=3652"}],"wp:term":[{"taxonomy":"product_brand","embeddable":true,"href":"https:\/\/rxmedsplus.com\/hu\/wp-json\/wp\/v2\/product_brand?post=3652"},{"taxonomy":"product_cat","embeddable":true,"href":"https:\/\/rxmedsplus.com\/hu\/wp-json\/wp\/v2\/product_cat?post=3652"},{"taxonomy":"product_tag","embeddable":true,"href":"https:\/\/rxmedsplus.com\/hu\/wp-json\/wp\/v2\/product_tag?post=3652"}],"curies":[{"name":"wp","href":"https:\/\/api.w.org\/{rel}","templated":true}]}}