{"id":4301,"date":"2026-05-03T23:30:24","date_gmt":"2026-05-03T23:30:24","guid":{"rendered":"https:\/\/rxmedsplus.com\/"},"modified":"2026-05-11T00:43:33","modified_gmt":"2026-05-11T00:43:33","slug":"kamagra-special-100-mg","status":"publish","type":"product","link":"https:\/\/rxmedsplus.com\/hu\/product\/kamagra-special-100-mg\/","title":{"rendered":"Kamagra Special 100 mg v\u00e1s\u00e1rl\u00e1sa online \u2013 Gyors \u00e9s megb\u00edzhat\u00f3 ED megold\u00e1s"},"content":{"rendered":"<p><strong>Kamagra Special 100 mg v\u00e1s\u00e1rl\u00e1sa online \u2013 Gyors \u00e9s megb\u00edzhat\u00f3 ED megold\u00e1s<\/strong>  <\/p>\n<p>Erekci\u00f3s zavarral k\u00fczd, \u00e9s megb\u00edzhat\u00f3, hat\u00e9kony megold\u00e1st keres? A Kamagra Special 100 mg egy pr\u00e9mium min\u0151s\u00e9g\u0171 gy\u00f3gyszer, amelyet arra terveztek, hogy seg\u00edtsen a f\u00e9rfiaknak visszanyerni \u00f6nbizalmukat \u00e9s teljes\u00edtm\u00e9ny\u00fcket a h\u00e1l\u00f3szob\u00e1ban. Vezet\u0151 online keresked\u0151k\u00e9nt diszkr\u00e9t \u00e9s gyors sz\u00e1ll\u00edt\u00e1st k\u00edn\u00e1lunk az Egyes\u00fclt \u00c1llamokba, Kanad\u00e1ba, az EU-ba, az Egyes\u00fclt Kir\u00e1lys\u00e1gba, Ausztr\u00e1li\u00e1ba \u00e9s vil\u00e1gszerte, biztos\u00edtva, hogy rendel\u00e9s\u00e9t biztons\u00e1gosan \u00e9s recept n\u00e9lk\u00fcl kapja meg.  <\/p>\n<h3><strong>Mi az a Kamagra Special 100 mg?<\/strong>  <\/h3>\n<p>A Kamagra Special 100 mg egy hat\u00e9kony, szildenafil alap\u00fa gy\u00f3gyszer, amelyet sz\u00e9les k\u00f6rben alkalmaznak mereved\u00e9si zavar (ED) kezel\u00e9s\u00e9re. \u00dagy fejti ki hat\u00e1s\u00e1t, hogy fokozza a v\u00e9r\u00e1raml\u00e1st a p\u00e9niszbe, \u00edgy er\u0151s \u00e9s tart\u00f3s erekci\u00f3t tesz lehet\u0151v\u00e9 szexu\u00e1lis stimul\u00e1ci\u00f3 eset\u00e9n. Ez a gyorsan hat\u00f3 formula gyors eredm\u00e9nyeket biztos\u00edt, \u00edgy a megb\u00edzhat\u00f3 ED-megold\u00e1st keres\u0151 f\u00e9rfiak kedvelt v\u00e1laszt\u00e1sa.  <\/p>\n<h3><strong>A Kamagra Special 100 mg f\u0151bb el\u0151nyei<\/strong>  <\/h3>\n<p>\u2013 <strong>Gyorsan hat\u00f3 formula:<\/strong> 30-60 percen bel\u00fcl hatni kezd, biztos\u00edtva a spontaneit\u00e1st.<br \/>\n\u2013 <strong>Hosszan tart\u00f3 hat\u00e1sok:<\/strong> Ak\u00e1r 4-6 \u00f3r\u00e1n \u00e1t megn\u00f6velt teljes\u00edtm\u00e9nyt biztos\u00edt.<br \/>\n\u2013 <strong>Fokozott v\u00e9r\u00e1raml\u00e1s:<\/strong> Er\u0151sebb \u00e9s feszesebb erekci\u00f3t eredm\u00e9nyez.<br \/>\n\u2013 <strong>Megfizethet\u0151 \u00e9s hat\u00e9kony:<\/strong> K\u00f6lts\u00e9ghat\u00e9kony alternat\u00edva a m\u00e1rk\u00e1s ED gy\u00f3gyszerekhez k\u00e9pest.<br \/>\n\u2013 <strong>Diszkr\u00e9t csomagol\u00e1s:<\/strong> A megrendel\u00e9sek az adatv\u00e9delem \u00e9rdek\u00e9ben egyszer\u0171 csomagol\u00e1sban \u00e9rkeznek.  <\/p>\n<h3><strong>Hogyan m\u0171k\u00f6dik a Kamagra Special 100 mg?<\/strong>  <\/h3>\n<p>A Kamagra Special 100 mg szildenafil-citr\u00e1tot, egy PDE5-g\u00e1tl\u00f3t tartalmaz, amely ellaz\u00edtja a p\u00e9nisz ereit, lehet\u0151v\u00e9 t\u00e9ve a fokozott v\u00e9r\u00e1raml\u00e1st. Ez a mechanizmus biztos\u00edtja a szexu\u00e1lis stimul\u00e1ci\u00f3ra adott term\u00e9szetes v\u00e1laszt, seg\u00edtve a f\u00e9rfiakat az erekci\u00f3 el\u00e9r\u00e9s\u00e9ben \u00e9s fenntart\u00e1s\u00e1ban. M\u00e1s kezel\u00e9sekkel ellent\u00e9tben a Kamagra Special 100 mg k\u00f6vetkezetes eredm\u00e9nyeket biztos\u00edt a biztons\u00e1g fel\u00e1ldoz\u00e1sa n\u00e9lk\u00fcl.  <\/p>\n<h3><strong>Aj\u00e1nlott adagol\u00e1s \u00e9s haszn\u00e1lat<\/strong>  <\/h3>\n<p>Az optim\u00e1lis eredm\u00e9ny el\u00e9r\u00e9se \u00e9rdek\u00e9ben vegyen be egy tablett\u00e1t (100 mg) k\u00f6r\u00fclbel\u00fcl 30-60 perccel a szexu\u00e1lis aktus el\u0151tt. Ker\u00fclje a napi egy adagn\u00e1l nagyobb adagot. A Kamagra Special 100 mg-ot v\u00edzzel kell bevenni, \u00e9s \u00e9hgyomorra vagy k\u00f6nny\u0171 \u00e9tkez\u00e9s k\u00f6zben a leghat\u00e9konyabb a hat\u00e1sa. Ker\u00fclje az alkoholt \u00e9s a zs\u00edros \u00e9teleket, mivel ezek k\u00e9sleltethetik a hat\u00e1s\u00e1t.  <\/p>\n<h3><strong>Ki haszn\u00e1lhatja a Kamagra Special 100 mg-ot?<\/strong>  <\/h3>\n<p>Ez a gy\u00f3gyszer mereved\u00e9si zavarban szenved\u0151 feln\u0151tt f\u00e9rfiak sz\u00e1m\u00e1ra alkalmas. Sz\u00edvbetegs\u00e9gben, alacsony v\u00e9rnyom\u00e1sban szenved\u0151knek vagy nitr\u00e1tokat szed\u0151knek azonban haszn\u00e1lat el\u0151tt konzult\u00e1lniuk kell orvosukkal. Mindig gy\u0151z\u0151dj\u00f6n meg arr\u00f3l, hogy nem allergi\u00e1s a szildenafil-citr\u00e1tra vagy a Kamagra Special 100 mg b\u00e1rmely m\u00e1s \u00f6sszetev\u0151j\u00e9re.  <\/p>\n<h3><strong>Lehets\u00e9ges mell\u00e9khat\u00e1sok<\/strong>  <\/h3>\n<p>B\u00e1r a Kamagra Special 100 mg \u00e1ltal\u00e1ban j\u00f3l toler\u00e1lhat\u00f3, egyes felhaszn\u00e1l\u00f3k enyhe mell\u00e9khat\u00e1sokat tapasztalhatnak, bele\u00e9rtve:  <\/p>\n<p>\u2013Fejf\u00e1j\u00e1s<br \/>\n\u2013 Flushing<br \/>\nOrrdugul\u00e1s<br \/>\nSz\u00e9d\u00fcl\u00e9s<br \/>\n\u2013 Gyomorront\u00e1s  <\/p>\n<p>Ezek a hat\u00e1sok \u00e1ltal\u00e1ban \u00e1tmenetiek \u00e9s elm\u00falnak, ahogy a szervezet alkalmazkodik. S\u00falyos reakci\u00f3k eset\u00e9n hagyja abba a szed\u00e9s\u00e9t, \u00e9s forduljon orvoshoz.  <\/p>\n<h3><strong>Mi\u00e9rt \u00e9rdemes t\u0151l\u00fcnk online megv\u00e1s\u00e1rolni a Kamagra Special 100 mg-ot?<\/strong>  <\/h3>\n<p>Megb\u00edzhat\u00f3 online keresked\u0151k\u00e9nt a min\u0151s\u00e9get, a diszkr\u00e9ci\u00f3t \u00e9s az \u00fcgyf\u00e9l-el\u00e9gedetts\u00e9get helyezz\u00fck el\u0151t\u00e9rbe. \u00cdme, mi\u00e9rt \u00e9rdemes minket v\u00e1lasztania:  <\/p>\n<p>\u2013 <strong>Nincs sz\u00fcks\u00e9g receptre:<\/strong> Ker\u00fcld el az orvosi l\u00e1togat\u00e1sok ny\u0171gj\u00e9t.<br \/>\n\u2013 <strong>Gyors \u00e9s diszkr\u00e9t sz\u00e1ll\u00edt\u00e1s:<\/strong> Biztons\u00e1gos csomagol\u00e1sban h\u00e1zhoz sz\u00e1ll\u00edtva.<br \/>\n\u2013 <strong>Eredeti gy\u00f3gyszer:<\/strong> J\u00f3 h\u00edr\u0171 gy\u00e1rt\u00f3kt\u00f3l sz\u00e1rmazik.<br \/>\n\u2013 <strong>Versenyk\u00e9pes \u00e1rak:<\/strong> Megfizethet\u0151 \u00e1rak a min\u0151s\u00e9g fel\u00e1ldoz\u00e1sa n\u00e9lk\u00fcl.<br \/>\n\u2013 <strong>Vil\u00e1gszerte t\u00f6rt\u00e9n\u0151 sz\u00e1ll\u00edt\u00e1s:<\/strong> Sz\u00e1ll\u00edt\u00e1s az Egyes\u00fclt \u00c1llamokba, Kanad\u00e1ba, az EU-ba, az Egyes\u00fclt Kir\u00e1lys\u00e1gba, Ausztr\u00e1li\u00e1ba \u00e9s vil\u00e1gszerte.  <\/p>\n<h3><strong>Kamagra Special 100 mg vs. m\u00e1s ED gy\u00f3gyszerek<\/strong>  <\/h3>\n<p>M\u00e1s ED-kezel\u00e9sekhez, mint p\u00e9ld\u00e1ul a Viagra vagy a Cialis, k\u00e9pest a Kamagra Special 100 mg hasonl\u00f3 hat\u00e9konys\u00e1got k\u00edn\u00e1l t\u00f6red\u00e9k\u00e1ron. Gyorsan hat\u00f3 jellege ide\u00e1liss\u00e1 teszi a spont\u00e1n tal\u00e1lkoz\u00e1sokhoz, m\u00edg megb\u00edzhat\u00f3s\u00e1ga biztos\u00edtja a teljes\u00edtm\u00e9ny folyamatos javul\u00e1s\u00e1t.  <\/p>\n<h3><strong>Gyakran Ism\u00e9telt K\u00e9rd\u00e9sek (GYIK)<\/strong>  <\/h3>\n<h4><strong>Biztons\u00e1gos a Kamagra Special 100 mg?<\/strong>  <\/h4>\n<p>Igen, az utas\u00edt\u00e1soknak megfelel\u0151en szedve. FDA \u00e1ltal j\u00f3v\u00e1hagyott \u00e9s sz\u00e9les k\u00f6rben alkalmazz\u00e1k ED kezel\u00e9s\u00e9re.  <\/p>\n<h4><strong>Mennyi ideig tart a sz\u00e1ll\u00edt\u00e1s?<\/strong>  <\/h4>\n<p>A sz\u00e1ll\u00edt\u00e1si id\u0151 helysz\u00ednenk\u00e9nt elt\u00e9r\u0151, de jellemz\u0151en 3-7 munkanap k\u00f6z\u00f6tt van, gyors\u00edtott opci\u00f3kkal.  <\/p>\n<h4><strong>Fel lehet osztani a tabletet?<\/strong>  <\/h4>\n<p>Igen, ha alacsonyabb adagot r\u00e9szes\u00edt el\u0151nyben, de az adag m\u00f3dos\u00edt\u00e1sa el\u0151tt mindig olvassa el az ir\u00e1nyelveket.  <\/p>\n<h4><strong>Mi van, ha nem l\u00e1tok eredm\u00e9nyeket?<\/strong>  <\/h4>\n<p>\u00dcgyeljen a megfelel\u0151 haszn\u00e1latra, \u00e9s ker\u00fclje az alkoholt vagy a neh\u00e9z \u00e9teleket. Ha a probl\u00e9m\u00e1k tov\u00e1bbra is fenn\u00e1llnak, forduljon eg\u00e9szs\u00e9g\u00fcgyi szolg\u00e1ltat\u00f3hoz.  <\/p>\n<h3><strong>Rendeljen Kamagra Special 100 mg-ot online m\u00e9g ma!<\/strong>  <\/h3>\n<p>Ne hagyd, hogy az ED visszatartson \u2013 nyerd vissza az \u00f6nbizalmadat a Kamagra Special 100 mg-mal. Rendelj most gyors, diszkr\u00e9t kisz\u00e1ll\u00edt\u00e1s\u00e9rt, \u00e9s tapasztald meg a teljes\u00edtm\u00e9nyedben el\u00e9rt k\u00fcl\u00f6nbs\u00e9get. Biztons\u00e1gos fizet\u00e9si rendszer\u00fcnk gondtalan v\u00e1s\u00e1rl\u00e1st biztos\u00edt, \u00fcgyf\u00e9lszolg\u00e1latunk pedig mindig k\u00e9szen \u00e1ll a seg\u00edts\u00e9gedre.  <\/p>\n<p>V\u00e1s\u00e1roljon Kamagra Special 100 mg-ot online m\u00e9g ma, \u00e9s \u00e9lvezze a mereved\u00e9si zavarok megb\u00edzhat\u00f3 \u00e9s hat\u00e9kony megold\u00e1s\u00e1t. El\u00e9gedetts\u00e9gi garancia!<\/p>","protected":false},"excerpt":{"rendered":"<p>Gyorsan hat\u00f3 ED-megold\u00e1sra van sz\u00fcks\u00e9ge? A Kamagra Special 100 mg er\u0151s, hosszan tart\u00f3 erekci\u00f3t biztos\u00edt mind\u00f6ssze 30 perc alatt \u2013 ak\u00e1r 6 \u00f3r\u00e1n \u00e1t tart\u00f3 hat\u00e1ssal. Ker\u00fclje el a v\u00e9nyk\u00f6teles gy\u00f3gyszerek okozta kellemetlens\u00e9geket, \u00e9s rendeljen diszkr\u00e9ten eredeti, kiv\u00e1l\u00f3 min\u0151s\u00e9g\u0171 tablett\u00e1kat az Rx Meds Plus-t\u00f3l. Tapasztalja meg a fokozott \u00e1ll\u00f3k\u00e9pess\u00e9get, a mag\u00e1n\u00e9letet \u00e9s az \u00f6nbizalmat minden v\u00e1s\u00e1rl\u00e1s\u00e1val. \u00c9lvezze a gyors sz\u00e1ll\u00edt\u00e1st \u00e9s a verhetetlen \u00e1rakat. Vegye kez\u00e9be a teljes\u00edtm\u00e9nye ir\u00e1ny\u00edt\u00e1s\u00e1t m\u00e9g ma \u2013 kattintson, rendeljen, \u00e9s \u00e9rezze a k\u00fcl\u00f6nbs\u00e9get.<\/p>","protected":false},"featured_media":4331,"comment_status":"open","ping_status":"closed","template":"","meta":{"site-sidebar-layout":"default","site-content-layout":"","ast-site-content-layout":"default","site-content-style":"default","site-sidebar-style":"default","ast-global-header-display":"","ast-banner-title-visibility":"","ast-main-header-display":"","ast-hfb-above-header-display":"","ast-hfb-below-header-display":"","ast-hfb-mobile-header-display":"","site-post-title":"","ast-breadcrumbs-content":"","ast-featured-img":"","footer-sml-layout":"","ast-disable-related-posts":"","theme-transparent-header-meta":"","adv-header-id-meta":"","stick-header-meta":"","header-above-stick-meta":"","header-main-stick-meta":"","header-below-stick-meta":"","astra-migrate-meta-layouts":"default","ast-page-background-enabled":"default","ast-page-background-meta":{"desktop":{"background-color":"","background-image":"","background-repeat":"repeat","background-position":"center center","background-size":"auto","background-attachment":"scroll","background-type":"","background-media":"","overlay-type":"","overlay-color":"","overlay-opacity":"","overlay-gradient":""},"tablet":{"background-color":"","background-image":"","background-repeat":"repeat","background-position":"center center","background-size":"auto","background-attachment":"scroll","background-type":"","background-media":"","overlay-type":"","overlay-color":"","overlay-opacity":"","overlay-gradient":""},"mobile":{"background-color":"","background-image":"","background-repeat":"repeat","background-position":"center center","background-size":"auto","background-attachment":"scroll","background-type":"","background-media":"","overlay-type":"","overlay-color":"","overlay-opacity":"","overlay-gradient":""}},"ast-content-background-meta":{"desktop":{"background-color":"var(--ast-global-color-5)","background-image":"","background-repeat":"repeat","background-position":"center center","background-size":"auto","background-attachment":"scroll","background-type":"","background-media":"","overlay-type":"","overlay-color":"","overlay-opacity":"","overlay-gradient":""},"tablet":{"background-color":"var(--ast-global-color-5)","background-image":"","background-repeat":"repeat","background-position":"center center","background-size":"auto","background-attachment":"scroll","background-type":"","background-media":"","overlay-type":"","overlay-color":"","overlay-opacity":"","overlay-gradient":""},"mobile":{"background-color":"var(--ast-global-color-5)","background-image":"","background-repeat":"repeat","background-position":"center center","background-size":"auto","background-attachment":"scroll","background-type":"","background-media":"","overlay-type":"","overlay-color":"","overlay-opacity":"","overlay-gradient":""}}},"product_brand":[],"product_cat":[1684],"product_tag":[2118,2120,279,937,938,950,1268,2117,2119,980,940,707,1993,1984,958],"class_list":{"0":"post-4301","1":"product","2":"type-product","3":"status-publish","4":"has-post-thumbnail","6":"product_cat-sex-pills","7":"product_tag-buy-kamagra-online","8":"product_tag-cheap-ed-medication","9":"product_tag-discreet-shipping","10":"product_tag-ed-treatment","11":"product_tag-erectile-dysfunction","12":"product_tag-fast-acting-ed-pills","13":"product_tag-kamagra-dosage","14":"product_tag-kamagra-special-100-mg","15":"product_tag-kamagra-vs-viagra","16":"product_tag-male-enhancement","17":"product_tag-mens-health","18":"product_tag-no-prescription-needed","19":"product_tag-reliable-ed-solution","20":"product_tag-sexual-health","21":"product_tag-sildenafil-citrate","22":"desktop-align-left","23":"tablet-align-left","24":"mobile-align-left","25":"ast-product-gallery-layout-horizontal-slider","26":"ast-product-gallery-with-no-image","27":"ast-magnify-disabled","28":"ast-product-single-variable","29":"ast-product-tabs-layout-horizontal","31":"first","32":"instock","33":"shipping-taxable","34":"purchasable","35":"product-type-variable"},"yoast_head":"<!-- This site is optimized with the Yoast SEO Premium plugin v26.0 (Yoast SEO v27.6) - https:\/\/yoast.com\/product\/yoast-seo-premium-wordpress\/ -->\n<title>Buy Kamagra Special 100 mg Online \u2013 Fast &amp; Reliable ED Solution &#187; Rx Meds Plus<\/title>\n<meta name=\"description\" content=\"Kamagra Special 100 mg helps treat erectile dysfunction fast. Experience stronger erections within 30-60 minutes\u2014buy online now for discreet, worldwide shipping!\" \/>\n<meta name=\"robots\" content=\"noindex, follow, max-snippet:-1, max-image-preview:large, max-video-preview:-1\" \/>\n<meta property=\"og:locale\" content=\"hu_HU\" \/>\n<meta property=\"og:type\" content=\"article\" \/>\n<meta property=\"og:title\" content=\"Buy Kamagra Special 100 mg Online \u2013 Fast &amp; Reliable ED Solution\" \/>\n<meta property=\"og:description\" content=\"Kamagra Special 100 mg helps treat erectile dysfunction fast. Experience stronger erections within 30-60 minutes\u2014buy online now for discreet, worldwide shipping!\" \/>\n<meta property=\"og:url\" content=\"https:\/\/rxmedsplus.com\/hu\/termek\/kamagra-special-100-mg\/\" \/>\n<meta property=\"og:site_name\" content=\"Rx Meds Plus\" \/>\n<meta property=\"article:modified_time\" content=\"2026-05-11T00:43:33+00:00\" \/>\n<meta property=\"og:image\" content=\"https:\/\/rxmedsplus.com\/wp-content\/uploads\/2026\/05\/134346-2-1.jpg\" \/>\n\t<meta property=\"og:image:width\" content=\"500\" \/>\n\t<meta property=\"og:image:height\" content=\"500\" \/>\n\t<meta property=\"og:image:type\" content=\"image\/jpeg\" \/>\n<meta name=\"twitter:card\" content=\"summary_large_image\" \/>\n<meta name=\"twitter:label1\" content=\"Availability\" \/>\n\t<meta name=\"twitter:data1\" content=\"In stock\" \/>\n<script type=\"application\/ld+json\" class=\"yoast-schema-graph\">{\"@context\":\"https:\\\/\\\/schema.org\",\"@graph\":[{\"@type\":\"WebPage\",\"@id\":\"https:\\\/\\\/rxmedsplus.com\\\/product\\\/kamagra-special-100-mg\\\/\",\"url\":\"https:\\\/\\\/rxmedsplus.com\\\/product\\\/kamagra-special-100-mg\\\/\",\"name\":\"Buy Kamagra Special 100 mg Online \u2013 Fast & Reliable ED Solution &#187; Rx Meds Plus\",\"isPartOf\":{\"@id\":\"https:\\\/\\\/rxmedsplus.com\\\/#website\"},\"primaryImageOfPage\":{\"@id\":\"https:\\\/\\\/rxmedsplus.com\\\/product\\\/kamagra-special-100-mg\\\/#primaryimage\"},\"image\":{\"@id\":\"https:\\\/\\\/rxmedsplus.com\\\/product\\\/kamagra-special-100-mg\\\/#primaryimage\"},\"thumbnailUrl\":\"https:\\\/\\\/rxmedsplus.com\\\/wp-content\\\/uploads\\\/2026\\\/05\\\/134346-2-1.jpg\",\"datePublished\":\"2026-05-03T23:30:24+00:00\",\"dateModified\":\"2026-05-11T00:43:33+00:00\",\"description\":\"Kamagra Special 100 mg helps treat erectile dysfunction fast. Experience stronger erections within 30-60 minutes\u2014buy online now for discreet, worldwide shipping!\",\"breadcrumb\":{\"@id\":\"https:\\\/\\\/rxmedsplus.com\\\/product\\\/kamagra-special-100-mg\\\/#breadcrumb\"},\"inLanguage\":\"hu\",\"potentialAction\":[{\"@type\":\"ReadAction\",\"target\":[\"https:\\\/\\\/rxmedsplus.com\\\/product\\\/kamagra-special-100-mg\\\/\"]}]},{\"@type\":\"ImageObject\",\"inLanguage\":\"hu\",\"@id\":\"https:\\\/\\\/rxmedsplus.com\\\/product\\\/kamagra-special-100-mg\\\/#primaryimage\",\"url\":\"https:\\\/\\\/rxmedsplus.com\\\/wp-content\\\/uploads\\\/2026\\\/05\\\/134346-2-1.jpg\",\"contentUrl\":\"https:\\\/\\\/rxmedsplus.com\\\/wp-content\\\/uploads\\\/2026\\\/05\\\/134346-2-1.jpg\",\"width\":500,\"height\":500},{\"@type\":\"BreadcrumbList\",\"@id\":\"https:\\\/\\\/rxmedsplus.com\\\/product\\\/kamagra-special-100-mg\\\/#breadcrumb\",\"itemListElement\":[{\"@type\":\"ListItem\",\"position\":1,\"name\":\"Home\",\"item\":\"https:\\\/\\\/rxmedsplus.com\\\/\"},{\"@type\":\"ListItem\",\"position\":2,\"name\":\"Shop\",\"item\":\"https:\\\/\\\/rxmedsplus.com\\\/shop\\\/\"},{\"@type\":\"ListItem\",\"position\":3,\"name\":\"Buy Kamagra Special 100 mg Online \u2013 Fast &#038; Reliable ED Solution\"}]},{\"@type\":\"WebSite\",\"@id\":\"https:\\\/\\\/rxmedsplus.com\\\/#website\",\"url\":\"https:\\\/\\\/rxmedsplus.com\\\/\",\"name\":\"Rx Meds Plus\",\"description\":\"Buy Prescription Meds and Pills Online with Fast Delivery\",\"potentialAction\":[{\"@type\":\"SearchAction\",\"target\":{\"@type\":\"EntryPoint\",\"urlTemplate\":\"https:\\\/\\\/rxmedsplus.com\\\/?s={search_term_string}\"},\"query-input\":{\"@type\":\"PropertyValueSpecification\",\"valueRequired\":true,\"valueName\":\"search_term_string\"}}],\"inLanguage\":\"hu\"}]}<\/script>\n<meta property=\"og:availability\" content=\"instock\" \/>\n<meta property=\"product:availability\" content=\"instock\" \/>\n<meta property=\"product:retailer_item_id\" content=\"134346\" \/>\n<meta property=\"product:condition\" content=\"new\" \/>\n<!-- \/ Yoast SEO Premium plugin. -->","yoast_head_json":{"title":"Kamagra Special 100 mg v\u00e1s\u00e1rl\u00e1sa online \u2013 Gyors \u00e9s megb\u00edzhat\u00f3 ED megold\u00e1s &amp; Rx Meds Plus","description":"A Kamagra Special 100 mg gyorsan seg\u00edt az erekci\u00f3s zavarok kezel\u00e9s\u00e9ben. Tapasztaljon meg er\u0151sebb erekci\u00f3t 30-60 percen bel\u00fcl \u2013 v\u00e1s\u00e1roljon online most diszkr\u00e9t, vil\u00e1gszerte t\u00f6rt\u00e9n\u0151 sz\u00e1ll\u00edt\u00e1ssal!","robots":{"index":"noindex","follow":"follow","max-snippet":"max-snippet:-1","max-image-preview":"max-image-preview:large","max-video-preview":"max-video-preview:-1"},"og_locale":"hu_HU","og_type":"article","og_title":"Buy Kamagra Special 100 mg Online \u2013 Fast & Reliable ED Solution","og_description":"Kamagra Special 100 mg helps treat erectile dysfunction fast. Experience stronger erections within 30-60 minutes\u2014buy online now for discreet, worldwide shipping!","og_url":"https:\/\/rxmedsplus.com\/hu\/termek\/kamagra-special-100-mg\/","og_site_name":"Rx Meds Plus","article_modified_time":"2026-05-11T00:43:33+00:00","og_image":[{"width":500,"height":500,"url":"https:\/\/rxmedsplus.com\/wp-content\/uploads\/2026\/05\/134346-2-1.jpg","type":"image\/jpeg"}],"twitter_card":"summary_large_image","twitter_misc":{"Availability":"In stock"},"schema":{"@context":"https:\/\/schema.org","@graph":[{"@type":"WebPage","@id":"https:\/\/rxmedsplus.com\/product\/kamagra-special-100-mg\/","url":"https:\/\/rxmedsplus.com\/product\/kamagra-special-100-mg\/","name":"Kamagra Special 100 mg v\u00e1s\u00e1rl\u00e1sa online \u2013 Gyors \u00e9s megb\u00edzhat\u00f3 ED megold\u00e1s &amp; Rx Meds Plus","isPartOf":{"@id":"https:\/\/rxmedsplus.com\/#website"},"primaryImageOfPage":{"@id":"https:\/\/rxmedsplus.com\/product\/kamagra-special-100-mg\/#primaryimage"},"image":{"@id":"https:\/\/rxmedsplus.com\/product\/kamagra-special-100-mg\/#primaryimage"},"thumbnailUrl":"https:\/\/rxmedsplus.com\/wp-content\/uploads\/2026\/05\/134346-2-1.jpg","datePublished":"2026-05-03T23:30:24+00:00","dateModified":"2026-05-11T00:43:33+00:00","description":"A Kamagra Special 100 mg gyorsan seg\u00edt az erekci\u00f3s zavarok kezel\u00e9s\u00e9ben. Tapasztaljon meg er\u0151sebb erekci\u00f3t 30-60 percen bel\u00fcl \u2013 v\u00e1s\u00e1roljon online most diszkr\u00e9t, vil\u00e1gszerte t\u00f6rt\u00e9n\u0151 sz\u00e1ll\u00edt\u00e1ssal!","breadcrumb":{"@id":"https:\/\/rxmedsplus.com\/product\/kamagra-special-100-mg\/#breadcrumb"},"inLanguage":"hu","potentialAction":[{"@type":"ReadAction","target":["https:\/\/rxmedsplus.com\/product\/kamagra-special-100-mg\/"]}]},{"@type":"ImageObject","inLanguage":"hu","@id":"https:\/\/rxmedsplus.com\/product\/kamagra-special-100-mg\/#primaryimage","url":"https:\/\/rxmedsplus.com\/wp-content\/uploads\/2026\/05\/134346-2-1.jpg","contentUrl":"https:\/\/rxmedsplus.com\/wp-content\/uploads\/2026\/05\/134346-2-1.jpg","width":500,"height":500},{"@type":"BreadcrumbList","@id":"https:\/\/rxmedsplus.com\/product\/kamagra-special-100-mg\/#breadcrumb","itemListElement":[{"@type":"ListItem","position":1,"name":"Home","item":"https:\/\/rxmedsplus.com\/"},{"@type":"ListItem","position":2,"name":"Shop","item":"https:\/\/rxmedsplus.com\/shop\/"},{"@type":"ListItem","position":3,"name":"Buy Kamagra Special 100 mg Online \u2013 Fast &#038; Reliable ED Solution"}]},{"@type":"WebSite","@id":"https:\/\/rxmedsplus.com\/#website","url":"https:\/\/rxmedsplus.com\/","name":"V\u00e9nyk\u00f6teles gy\u00f3gyszerek Plusz","description":"V\u00e1s\u00e1roljon v\u00e9nyk\u00f6teles gy\u00f3gyszereket \u00e9s tablett\u00e1kat online, gyors sz\u00e1ll\u00edt\u00e1ssal","potentialAction":[{"@type":"SearchAction","target":{"@type":"EntryPoint","urlTemplate":"https:\/\/rxmedsplus.com\/?s={search_term_string}"},"query-input":{"@type":"PropertyValueSpecification","valueRequired":true,"valueName":"search_term_string"}}],"inLanguage":"hu"}]},"og_availability":"instock","product_availability":"instock","product_retailer_item_id":"134346","product_condition":"new"},"_links":{"self":[{"href":"https:\/\/rxmedsplus.com\/hu\/wp-json\/wp\/v2\/product\/4301","targetHints":{"allow":["GET"]}}],"collection":[{"href":"https:\/\/rxmedsplus.com\/hu\/wp-json\/wp\/v2\/product"}],"about":[{"href":"https:\/\/rxmedsplus.com\/hu\/wp-json\/wp\/v2\/types\/product"}],"replies":[{"embeddable":true,"href":"https:\/\/rxmedsplus.com\/hu\/wp-json\/wp\/v2\/comments?post=4301"}],"wp:featuredmedia":[{"embeddable":true,"href":"https:\/\/rxmedsplus.com\/hu\/wp-json\/wp\/v2\/media\/4331"}],"wp:attachment":[{"href":"https:\/\/rxmedsplus.com\/hu\/wp-json\/wp\/v2\/media?parent=4301"}],"wp:term":[{"taxonomy":"product_brand","embeddable":true,"href":"https:\/\/rxmedsplus.com\/hu\/wp-json\/wp\/v2\/product_brand?post=4301"},{"taxonomy":"product_cat","embeddable":true,"href":"https:\/\/rxmedsplus.com\/hu\/wp-json\/wp\/v2\/product_cat?post=4301"},{"taxonomy":"product_tag","embeddable":true,"href":"https:\/\/rxmedsplus.com\/hu\/wp-json\/wp\/v2\/product_tag?post=4301"}],"curies":[{"name":"wp","href":"https:\/\/api.w.org\/{rel}","templated":true}]}}