{"id":4302,"date":"2026-05-03T23:30:24","date_gmt":"2026-05-03T23:30:24","guid":{"rendered":"https:\/\/rxmedsplus.com\/"},"modified":"2026-05-11T00:44:31","modified_gmt":"2026-05-11T00:44:31","slug":"kamajoy-d-online","status":"publish","type":"product","link":"https:\/\/rxmedsplus.com\/hu\/product\/kamajoy-d-online\/","title":{"rendered":"KamaJoy D online elad\u00f3 \u2013 Gyors teljes\u00edtm\u00e9nyn\u00f6vel\u00e9s!"},"content":{"rendered":"<p><strong>KamaJoy D online elad\u00f3 \u2013 Gyors teljes\u00edtm\u00e9nyn\u00f6vel\u00e9s!<\/strong>  <\/p>\n<p>Megb\u00edzhat\u00f3 m\u00f3dot keresel a teljes\u00edtm\u00e9ny gyors fokoz\u00e1s\u00e1ra? A KamaJoy D egy pr\u00e9mium kateg\u00f3ri\u00e1s \u00e9trend-kieg\u00e9sz\u00edt\u0151, amelyet az \u00e1ll\u00f3k\u00e9pess\u00e9g, az energia \u00e9s az \u00e1ltal\u00e1nos vitalit\u00e1s fokoz\u00e1s\u00e1ra terveztek. Ak\u00e1r a nagyobb \u00e1ll\u00f3k\u00e9pess\u00e9gre, ak\u00e1r az intim \u00e9lm\u00e9nyek fokoz\u00e1s\u00e1ra t\u00f6rekszel, a KamaJoy D gyorsan hat\u00f3 eredm\u00e9nyeket biztos\u00edt. Online, recept n\u00e9lk\u00fcl megv\u00e1s\u00e1rolhat\u00f3, ez a megb\u00edzhat\u00f3 formula diszkr\u00e9ten sz\u00e1ll\u00edtva vil\u00e1gszerte, bele\u00e9rtve az Egyes\u00fclt \u00c1llamokat, Kanad\u00e1t, az EU-t, az Egyes\u00fclt Kir\u00e1lys\u00e1got, Ausztr\u00e1li\u00e1t \u00e9s azon t\u00fal.  <\/p>\n<h3><strong>Mi az a KamaJoy D?<\/strong>  <\/h3>\n<p>A KamaJoy D egy hat\u00e9kony teljes\u00edtm\u00e9nyn\u00f6vel\u0151 kieg\u00e9sz\u00edt\u0151, amelyet kiv\u00e1l\u00f3 min\u0151s\u00e9g\u0171 \u00f6sszetev\u0151kb\u0151l \u00e1ll\u00edtottak el\u0151 az \u00e1ll\u00f3k\u00e9pess\u00e9g, a kitart\u00e1s \u00e9s a vitalit\u00e1s t\u00e1mogat\u00e1s\u00e1ra. A v\u00e9nyk\u00f6teles gy\u00f3gyszerekkel ellent\u00e9tben ez a term\u00e9k term\u00e9szetes, m\u00e9gis hat\u00e9kony megold\u00e1st k\u00edn\u00e1l azok sz\u00e1m\u00e1ra, akik mell\u00e9khat\u00e1sok n\u00e9lk\u00fcl szeretn\u00e9k jav\u00edtani intim teljes\u00edtm\u00e9ny\u00fcket.  <\/p>\n<h3><strong>A KamaJoy D f\u0151bb el\u0151nyei<\/strong>  <\/h3>\n<p>\u2013 <strong>Gyorsan hat\u00f3 formula:<\/strong> Fogyaszt\u00e1s ut\u00e1n r\u00f6vid id\u0151n bel\u00fcl \u00e9rezhet\u0151 eredm\u00e9nyeket tapasztalhat.<br \/>\n\u2013 <strong>Fokozott \u00e1ll\u00f3k\u00e9pess\u00e9g:<\/strong> T\u00e1mogatja a hosszan tart\u00f3 kitart\u00e1st \u00e9s energiaszintet.<br \/>\n\u2013 <strong>Megn\u00f6vekedett vitalit\u00e1s:<\/strong> Seg\u00edt n\u00f6velni az \u00f6nbizalmat \u00e9s az \u00e1ltal\u00e1nos teljes\u00edtm\u00e9nyt.<br \/>\n\u2013 <strong>Diszkr\u00e9t \u00e9s k\u00e9nyelmes:<\/strong> Rendeljen online recept n\u00e9lk\u00fcl.<br \/>\n\u2013 <strong>Vil\u00e1gszerte sz\u00e1ll\u00edt\u00e1s:<\/strong> Biztons\u00e1gosan, diszkr\u00e9t csomagol\u00e1sban h\u00e1zhoz sz\u00e1ll\u00edtva.  <\/p>\n<h3><strong>Hogyan m\u0171k\u00f6dik a KamaJoy D?<\/strong>  <\/h3>\n<p>A KamaJoy D az optim\u00e1lis v\u00e9rkering\u00e9s el\u0151seg\u00edt\u00e9s\u00e9vel fejti ki hat\u00e1s\u00e1t, ami elengedhetetlen a cs\u00facsteljes\u00edtm\u00e9nyhez. Gondosan v\u00e1logatott \u00f6sszetev\u0151i el\u0151seg\u00edtik az energiaszint n\u00f6vel\u00e9s\u00e9t, cs\u00f6kkentik a f\u00e1radts\u00e1got \u00e9s fokozz\u00e1k az \u00e9rz\u00e9kenys\u00e9get, biztos\u00edtva a kiel\u00e9g\u00edt\u0151bb \u00e9lm\u00e9nyt.  <\/p>\n<h3><strong>Aj\u00e1nlott adagol\u00e1s \u00e9s haszn\u00e1lat<\/strong>  <\/h3>\n<p>A legjobb eredm\u00e9ny el\u00e9r\u00e9se \u00e9rdek\u00e9ben vegyen be egy tablett\u00e1t k\u00f6r\u00fclbel\u00fcl 30-60 perccel az aktivit\u00e1s el\u0151tt. Ker\u00fclje az aj\u00e1nlott adag t\u00fall\u00e9p\u00e9s\u00e9t a sz\u00fcks\u00e9gtelen mell\u00e9khat\u00e1sok elker\u00fcl\u00e9se \u00e9rdek\u00e9ben. A rendszeres haszn\u00e1lat id\u0151vel jobb eredm\u00e9nyekhez vezethet.  <\/p>\n<h3><strong>Mi\u00e9rt v\u00e1lassza a KamaJoy D-t?<\/strong>  <\/h3>\n<p>Teljes\u00edtm\u00e9nyn\u00f6vel\u0151 kieg\u00e9sz\u00edt\u0151k online v\u00e1s\u00e1rl\u00e1sakor a bizalom sz\u00e1m\u00edt. Megb\u00edzhat\u00f3 sz\u00e1ll\u00edt\u00f3k\u00e9nt biztos\u00edtjuk, hogy minden megrendel\u00e9st bizalmasan kezelj\u00fcnk \u00e9s biztons\u00e1gosan sz\u00e1ll\u00edtsunk. \u00dcgyfeleink eredeti, kiv\u00e1l\u00f3 min\u0151s\u00e9g\u0171 term\u00e9keket kapnak t\u0151l\u00fcnk, amelyeket diszkr\u00e9ten sz\u00e1ll\u00edtunk ki a c\u00edm\u00fckre.  <\/p>\n<h3><strong>Hol lehet biztons\u00e1gosan KamaJoy D-t v\u00e1s\u00e1rolni online?<\/strong>  <\/h3>\n<p>A teljes\u00edtm\u00e9nyn\u00f6vel\u0151 kieg\u00e9sz\u00edt\u0151k megb\u00edzhat\u00f3 forr\u00e1s\u00e1nak megtal\u00e1l\u00e1sa kulcsfontoss\u00e1g\u00fa. Online \u00e1ruh\u00e1zunkban eredeti KamaJoy D-t k\u00edn\u00e1lunk recept n\u00e9lk\u00fcl. Egyszer\u0171en adja le rendel\u00e9s\u00e9t, \u00e9s mi biztos\u00edtjuk a gyors, diszkr\u00e9t kisz\u00e1ll\u00edt\u00e1st a k\u00edv\u00e1nt c\u00edmre.  <\/p>\n<h3><strong>Z\u00e1r\u00f3 gondolatok<\/strong>  <\/h3>\n<p>Ha megb\u00edzhat\u00f3 m\u00f3dot keresel a teljes\u00edtm\u00e9ny gyors fokoz\u00e1s\u00e1ra, a KamaJoy D kiv\u00e1l\u00f3 v\u00e1laszt\u00e1s. Gyorsan hat\u00f3 formul\u00e1j\u00e1nak \u00e9s bizony\u00edtott el\u0151nyeinek k\u00f6sz\u00f6nhet\u0151en kiemelkedik a kitart\u00e1s \u00e9s a vitalit\u00e1s fokoz\u00e1s\u00e1nak els\u0151 oszt\u00e1ly\u00fa kieg\u00e9sz\u00edt\u0151jek\u00e9nt. Rendeld meg m\u00e9g ma, \u00e9s tapasztald meg a k\u00fcl\u00f6nbs\u00e9get!  <\/p>\n<p>K\u00e9szen \u00e1llsz a teljes\u00edtm\u00e9nyed n\u00f6vel\u00e9s\u00e9re? Szerezd be a KamaJoy D-t most online akci\u00f3san, \u00e9s \u00e9lvezd a diszkr\u00e9t sz\u00e1ll\u00edt\u00e1st vil\u00e1gszerte. Az \u00d6n el\u00e9gedetts\u00e9ge a legfontosabb sz\u00e1munkra \u2013 v\u00e1s\u00e1roljon bizalommal m\u00e9g ma!<\/p>","protected":false},"excerpt":{"rendered":"<p>**N\u00f6veld gyorsan a teljes\u00edtm\u00e9nyedet a KamaJoy D-vel!**  <\/p>\n<p>Megb\u00edzhat\u00f3 m\u00f3dszert keresel az \u00e1ll\u00f3k\u00e9pess\u00e9g \u00e9s a libid\u00f3 fokoz\u00e1s\u00e1ra? V\u00e1s\u00e1rold meg a KamaJoy D-t online az Rx Meds Plus-t\u00f3l \u2013 a pr\u00e9mium min\u0151s\u00e9g\u0171 f\u00e9rfi potenciafokoz\u00f3 kieg\u00e9sz\u00edt\u0151k megb\u00edzhat\u00f3 forr\u00e1s\u00e1t\u00f3l. A KamaJoy D hat\u00e9kony n\u00f6v\u00e9nyi \u00e9s gy\u00f3gyszer\u00e9szeti min\u0151s\u00e9g\u0171 \u00f6sszetev\u0151kkel teli, fokozott \u00e1ll\u00f3k\u00e9pess\u00e9get, \u00f6nbizalmat \u00e9s el\u00e9gedetts\u00e9get biztos\u00edt mell\u00e9khat\u00e1sok n\u00e9lk\u00fcl.  <\/p>\n<p>\u00c9lvezd a diszkr\u00e9t, gyors sz\u00e1ll\u00edt\u00e1st \u00e9s a recept n\u00e9lk\u00fcli k\u00e9nyelmet. Ak\u00e1r enyhe teljes\u00edtm\u00e9nyprobl\u00e9m\u00e1kkal k\u00fczdesz, ak\u00e1r egy plusz \u00e9lm\u00e9nyre v\u00e1gysz, a KamaJoy D bev\u00e1lt formul\u00e1ja hat\u00e9konyan m\u0171k\u00f6dik. Rendeld meg most a maxim\u00e1lis energia, a fokozott \u00e9lvezet \u00e9s a verhetetlen eredm\u00e9nyek \u00e9rdek\u00e9ben!<\/p>","protected":false},"featured_media":4332,"comment_status":"open","ping_status":"closed","template":"","meta":{"site-sidebar-layout":"default","site-content-layout":"","ast-site-content-layout":"default","site-content-style":"default","site-sidebar-style":"default","ast-global-header-display":"","ast-banner-title-visibility":"","ast-main-header-display":"","ast-hfb-above-header-display":"","ast-hfb-below-header-display":"","ast-hfb-mobile-header-display":"","site-post-title":"","ast-breadcrumbs-content":"","ast-featured-img":"","footer-sml-layout":"","ast-disable-related-posts":"","theme-transparent-header-meta":"","adv-header-id-meta":"","stick-header-meta":"","header-above-stick-meta":"","header-main-stick-meta":"","header-below-stick-meta":"","astra-migrate-meta-layouts":"default","ast-page-background-enabled":"default","ast-page-background-meta":{"desktop":{"background-color":"","background-image":"","background-repeat":"repeat","background-position":"center center","background-size":"auto","background-attachment":"scroll","background-type":"","background-media":"","overlay-type":"","overlay-color":"","overlay-opacity":"","overlay-gradient":""},"tablet":{"background-color":"","background-image":"","background-repeat":"repeat","background-position":"center center","background-size":"auto","background-attachment":"scroll","background-type":"","background-media":"","overlay-type":"","overlay-color":"","overlay-opacity":"","overlay-gradient":""},"mobile":{"background-color":"","background-image":"","background-repeat":"repeat","background-position":"center center","background-size":"auto","background-attachment":"scroll","background-type":"","background-media":"","overlay-type":"","overlay-color":"","overlay-opacity":"","overlay-gradient":""}},"ast-content-background-meta":{"desktop":{"background-color":"var(--ast-global-color-5)","background-image":"","background-repeat":"repeat","background-position":"center center","background-size":"auto","background-attachment":"scroll","background-type":"","background-media":"","overlay-type":"","overlay-color":"","overlay-opacity":"","overlay-gradient":""},"tablet":{"background-color":"var(--ast-global-color-5)","background-image":"","background-repeat":"repeat","background-position":"center center","background-size":"auto","background-attachment":"scroll","background-type":"","background-media":"","overlay-type":"","overlay-color":"","overlay-opacity":"","overlay-gradient":""},"mobile":{"background-color":"var(--ast-global-color-5)","background-image":"","background-repeat":"repeat","background-position":"center center","background-size":"auto","background-attachment":"scroll","background-type":"","background-media":"","overlay-type":"","overlay-color":"","overlay-opacity":"","overlay-gradient":""}}},"product_brand":[],"product_cat":[1684],"product_tag":[2133,279,2130,2124,2127,2126,2121,980,2128,2129,2122,2132,2123,2131,2125],"class_list":{"0":"post-4302","1":"product","2":"type-product","3":"status-publish","4":"has-post-thumbnail","6":"product_cat-sex-pills","7":"product_tag-buy-online","8":"product_tag-discreet-shipping","9":"product_tag-endurance-support","10":"product_tag-energy-supplement","11":"product_tag-fast-acting-formula","12":"product_tag-intimate-performance","13":"product_tag-kamajoy-d","14":"product_tag-male-enhancement","15":"product_tag-natural-supplement","16":"product_tag-online-purchase","17":"product_tag-performance-booster","18":"product_tag-premium-supplement","19":"product_tag-stamina-enhancer","20":"product_tag-trusted-formula","21":"product_tag-vitality-boost","22":"desktop-align-left","23":"tablet-align-left","24":"mobile-align-left","25":"ast-product-gallery-layout-horizontal-slider","26":"ast-product-gallery-with-no-image","27":"ast-magnify-disabled","28":"ast-product-single-variable","29":"ast-product-tabs-layout-horizontal","31":"first","32":"instock","33":"shipping-taxable","34":"purchasable","35":"product-type-variable"},"yoast_head":"<!-- This site is optimized with the Yoast SEO Premium plugin v26.0 (Yoast SEO v27.6) - https:\/\/yoast.com\/product\/yoast-seo-premium-wordpress\/ -->\n<title>KamaJoy D for Sale Online \u2013 Boost Performance Fast! &#187; Rx Meds Plus<\/title>\n<meta name=\"description\" content=\"Boost performance fast with KamaJoy D online\u2014premium stamina &amp; vitality support. Order now for discreet worldwide shipping!\" \/>\n<meta name=\"robots\" content=\"noindex, follow, max-snippet:-1, max-image-preview:large, max-video-preview:-1\" \/>\n<meta property=\"og:locale\" content=\"hu_HU\" \/>\n<meta property=\"og:type\" content=\"article\" \/>\n<meta property=\"og:title\" content=\"KamaJoy D for Sale Online \u2013 Boost Performance Fast!\" \/>\n<meta property=\"og:description\" content=\"Boost performance fast with KamaJoy D online\u2014premium stamina &amp; vitality support. Order now for discreet worldwide shipping!\" \/>\n<meta property=\"og:url\" content=\"https:\/\/rxmedsplus.com\/hu\/termek\/kamajoy-d-online\/\" \/>\n<meta property=\"og:site_name\" content=\"Rx Meds Plus\" \/>\n<meta property=\"article:modified_time\" content=\"2026-05-11T00:44:31+00:00\" \/>\n<meta property=\"og:image\" content=\"https:\/\/rxmedsplus.com\/wp-content\/uploads\/2026\/05\/134354-3-1.jpg\" \/>\n\t<meta property=\"og:image:width\" content=\"500\" \/>\n\t<meta property=\"og:image:height\" content=\"500\" \/>\n\t<meta property=\"og:image:type\" content=\"image\/jpeg\" \/>\n<meta name=\"twitter:card\" content=\"summary_large_image\" \/>\n<meta name=\"twitter:label1\" content=\"Availability\" \/>\n\t<meta name=\"twitter:data1\" content=\"In stock\" \/>\n<script type=\"application\/ld+json\" class=\"yoast-schema-graph\">{\"@context\":\"https:\\\/\\\/schema.org\",\"@graph\":[{\"@type\":\"WebPage\",\"@id\":\"https:\\\/\\\/rxmedsplus.com\\\/product\\\/kamajoy-d-online\\\/\",\"url\":\"https:\\\/\\\/rxmedsplus.com\\\/product\\\/kamajoy-d-online\\\/\",\"name\":\"KamaJoy D for Sale Online \u2013 Boost Performance Fast! &#187; Rx Meds Plus\",\"isPartOf\":{\"@id\":\"https:\\\/\\\/rxmedsplus.com\\\/#website\"},\"primaryImageOfPage\":{\"@id\":\"https:\\\/\\\/rxmedsplus.com\\\/product\\\/kamajoy-d-online\\\/#primaryimage\"},\"image\":{\"@id\":\"https:\\\/\\\/rxmedsplus.com\\\/product\\\/kamajoy-d-online\\\/#primaryimage\"},\"thumbnailUrl\":\"https:\\\/\\\/rxmedsplus.com\\\/wp-content\\\/uploads\\\/2026\\\/05\\\/134354-3-1.jpg\",\"datePublished\":\"2026-05-03T23:30:24+00:00\",\"dateModified\":\"2026-05-11T00:44:31+00:00\",\"description\":\"Boost performance fast with KamaJoy D online\u2014premium stamina & vitality support. Order now for discreet worldwide shipping!\",\"breadcrumb\":{\"@id\":\"https:\\\/\\\/rxmedsplus.com\\\/product\\\/kamajoy-d-online\\\/#breadcrumb\"},\"inLanguage\":\"hu\",\"potentialAction\":[{\"@type\":\"ReadAction\",\"target\":[\"https:\\\/\\\/rxmedsplus.com\\\/product\\\/kamajoy-d-online\\\/\"]}]},{\"@type\":\"ImageObject\",\"inLanguage\":\"hu\",\"@id\":\"https:\\\/\\\/rxmedsplus.com\\\/product\\\/kamajoy-d-online\\\/#primaryimage\",\"url\":\"https:\\\/\\\/rxmedsplus.com\\\/wp-content\\\/uploads\\\/2026\\\/05\\\/134354-3-1.jpg\",\"contentUrl\":\"https:\\\/\\\/rxmedsplus.com\\\/wp-content\\\/uploads\\\/2026\\\/05\\\/134354-3-1.jpg\",\"width\":500,\"height\":500},{\"@type\":\"BreadcrumbList\",\"@id\":\"https:\\\/\\\/rxmedsplus.com\\\/product\\\/kamajoy-d-online\\\/#breadcrumb\",\"itemListElement\":[{\"@type\":\"ListItem\",\"position\":1,\"name\":\"Home\",\"item\":\"https:\\\/\\\/rxmedsplus.com\\\/\"},{\"@type\":\"ListItem\",\"position\":2,\"name\":\"Shop\",\"item\":\"https:\\\/\\\/rxmedsplus.com\\\/shop\\\/\"},{\"@type\":\"ListItem\",\"position\":3,\"name\":\"KamaJoy D for Sale Online \u2013 Boost Performance Fast!\"}]},{\"@type\":\"WebSite\",\"@id\":\"https:\\\/\\\/rxmedsplus.com\\\/#website\",\"url\":\"https:\\\/\\\/rxmedsplus.com\\\/\",\"name\":\"Rx Meds Plus\",\"description\":\"Buy Prescription Meds and Pills Online with Fast Delivery\",\"potentialAction\":[{\"@type\":\"SearchAction\",\"target\":{\"@type\":\"EntryPoint\",\"urlTemplate\":\"https:\\\/\\\/rxmedsplus.com\\\/?s={search_term_string}\"},\"query-input\":{\"@type\":\"PropertyValueSpecification\",\"valueRequired\":true,\"valueName\":\"search_term_string\"}}],\"inLanguage\":\"hu\"}]}<\/script>\n<meta property=\"og:availability\" content=\"instock\" \/>\n<meta property=\"product:availability\" content=\"instock\" \/>\n<meta property=\"product:retailer_item_id\" content=\"134354\" \/>\n<meta property=\"product:condition\" content=\"new\" \/>\n<!-- \/ Yoast SEO Premium plugin. -->","yoast_head_json":{"title":"KamaJoy D online elad\u00f3 \u2013 Gyors teljes\u00edtm\u00e9nyn\u00f6vel\u00e9s! &amp; Rx Meds Plus","description":"N\u00f6veld gyorsan a teljes\u00edtm\u00e9nyedet a KamaJoy D-vel online \u2013 pr\u00e9mium kitart\u00e1s \u00e9s vitalit\u00e1s t\u00e1mogat\u00e1s. Rendelj most diszkr\u00e9t sz\u00e1ll\u00edt\u00e1ssal vil\u00e1gszerte!","robots":{"index":"noindex","follow":"follow","max-snippet":"max-snippet:-1","max-image-preview":"max-image-preview:large","max-video-preview":"max-video-preview:-1"},"og_locale":"hu_HU","og_type":"article","og_title":"KamaJoy D for Sale Online \u2013 Boost Performance Fast!","og_description":"Boost performance fast with KamaJoy D online\u2014premium stamina & vitality support. Order now for discreet worldwide shipping!","og_url":"https:\/\/rxmedsplus.com\/hu\/termek\/kamajoy-d-online\/","og_site_name":"Rx Meds Plus","article_modified_time":"2026-05-11T00:44:31+00:00","og_image":[{"width":500,"height":500,"url":"https:\/\/rxmedsplus.com\/wp-content\/uploads\/2026\/05\/134354-3-1.jpg","type":"image\/jpeg"}],"twitter_card":"summary_large_image","twitter_misc":{"Availability":"In stock"},"schema":{"@context":"https:\/\/schema.org","@graph":[{"@type":"WebPage","@id":"https:\/\/rxmedsplus.com\/product\/kamajoy-d-online\/","url":"https:\/\/rxmedsplus.com\/product\/kamajoy-d-online\/","name":"KamaJoy D online elad\u00f3 \u2013 Gyors teljes\u00edtm\u00e9nyn\u00f6vel\u00e9s! &amp; Rx Meds Plus","isPartOf":{"@id":"https:\/\/rxmedsplus.com\/#website"},"primaryImageOfPage":{"@id":"https:\/\/rxmedsplus.com\/product\/kamajoy-d-online\/#primaryimage"},"image":{"@id":"https:\/\/rxmedsplus.com\/product\/kamajoy-d-online\/#primaryimage"},"thumbnailUrl":"https:\/\/rxmedsplus.com\/wp-content\/uploads\/2026\/05\/134354-3-1.jpg","datePublished":"2026-05-03T23:30:24+00:00","dateModified":"2026-05-11T00:44:31+00:00","description":"N\u00f6veld gyorsan a teljes\u00edtm\u00e9nyedet a KamaJoy D-vel online \u2013 pr\u00e9mium kitart\u00e1s \u00e9s vitalit\u00e1s t\u00e1mogat\u00e1s. Rendelj most diszkr\u00e9t sz\u00e1ll\u00edt\u00e1ssal vil\u00e1gszerte!","breadcrumb":{"@id":"https:\/\/rxmedsplus.com\/product\/kamajoy-d-online\/#breadcrumb"},"inLanguage":"hu","potentialAction":[{"@type":"ReadAction","target":["https:\/\/rxmedsplus.com\/product\/kamajoy-d-online\/"]}]},{"@type":"ImageObject","inLanguage":"hu","@id":"https:\/\/rxmedsplus.com\/product\/kamajoy-d-online\/#primaryimage","url":"https:\/\/rxmedsplus.com\/wp-content\/uploads\/2026\/05\/134354-3-1.jpg","contentUrl":"https:\/\/rxmedsplus.com\/wp-content\/uploads\/2026\/05\/134354-3-1.jpg","width":500,"height":500},{"@type":"BreadcrumbList","@id":"https:\/\/rxmedsplus.com\/product\/kamajoy-d-online\/#breadcrumb","itemListElement":[{"@type":"ListItem","position":1,"name":"Home","item":"https:\/\/rxmedsplus.com\/"},{"@type":"ListItem","position":2,"name":"Shop","item":"https:\/\/rxmedsplus.com\/shop\/"},{"@type":"ListItem","position":3,"name":"KamaJoy D for Sale Online \u2013 Boost Performance Fast!"}]},{"@type":"WebSite","@id":"https:\/\/rxmedsplus.com\/#website","url":"https:\/\/rxmedsplus.com\/","name":"V\u00e9nyk\u00f6teles gy\u00f3gyszerek Plusz","description":"V\u00e1s\u00e1roljon v\u00e9nyk\u00f6teles gy\u00f3gyszereket \u00e9s tablett\u00e1kat online, gyors sz\u00e1ll\u00edt\u00e1ssal","potentialAction":[{"@type":"SearchAction","target":{"@type":"EntryPoint","urlTemplate":"https:\/\/rxmedsplus.com\/?s={search_term_string}"},"query-input":{"@type":"PropertyValueSpecification","valueRequired":true,"valueName":"search_term_string"}}],"inLanguage":"hu"}]},"og_availability":"instock","product_availability":"instock","product_retailer_item_id":"134354","product_condition":"new"},"_links":{"self":[{"href":"https:\/\/rxmedsplus.com\/hu\/wp-json\/wp\/v2\/product\/4302","targetHints":{"allow":["GET"]}}],"collection":[{"href":"https:\/\/rxmedsplus.com\/hu\/wp-json\/wp\/v2\/product"}],"about":[{"href":"https:\/\/rxmedsplus.com\/hu\/wp-json\/wp\/v2\/types\/product"}],"replies":[{"embeddable":true,"href":"https:\/\/rxmedsplus.com\/hu\/wp-json\/wp\/v2\/comments?post=4302"}],"wp:featuredmedia":[{"embeddable":true,"href":"https:\/\/rxmedsplus.com\/hu\/wp-json\/wp\/v2\/media\/4332"}],"wp:attachment":[{"href":"https:\/\/rxmedsplus.com\/hu\/wp-json\/wp\/v2\/media?parent=4302"}],"wp:term":[{"taxonomy":"product_brand","embeddable":true,"href":"https:\/\/rxmedsplus.com\/hu\/wp-json\/wp\/v2\/product_brand?post=4302"},{"taxonomy":"product_cat","embeddable":true,"href":"https:\/\/rxmedsplus.com\/hu\/wp-json\/wp\/v2\/product_cat?post=4302"},{"taxonomy":"product_tag","embeddable":true,"href":"https:\/\/rxmedsplus.com\/hu\/wp-json\/wp\/v2\/product_tag?post=4302"}],"curies":[{"name":"wp","href":"https:\/\/api.w.org\/{rel}","templated":true}]}}