{"id":4367,"date":"2026-05-03T23:31:32","date_gmt":"2026-05-03T23:31:32","guid":{"rendered":"https:\/\/rxmedsplus.com\/"},"modified":"2026-05-12T01:40:21","modified_gmt":"2026-05-12T01:40:21","slug":"modafinil-200-mg","status":"publish","type":"product","link":"https:\/\/rxmedsplus.com\/it\/product\/modafinil-200-mg\/","title":{"rendered":"Acquista Modafinil 200 mg online in modo rapido, affidabile e con consegna discreta."},"content":{"rendered":"<h2>Acquista Modafinil 200 mg online con consegna rapida, affidabile e discreta.<\/h2>\n<p>Stai cercando una fonte affidabile per <strong>Acquista Modafinil 200 mg online velocemente<\/strong> Con consegna affidabile e discreta? La nostra rinomata farmacia online offre compresse di Modafinil di alta qualit\u00e0, spedite in modo sicuro negli Stati Uniti, in Canada, nell'UE, nel Regno Unito, in Australia e in tutto il mondo. Che tu abbia bisogno di un supporto cognitivo per affrontare orari di lavoro impegnativi, di un aiuto per i disturbi del sonno dovuti al lavoro a turni o di una soluzione affidabile per la stanchezza occasionale, il nostro servizio offre un'esperienza di acquisto semplice e senza ricetta.  <\/p>\n<h3>Cos'\u00e8 il Modafinil 200 mg?<\/h3>\n<p>\u2013 <strong>Principio attivo:<\/strong> Modafinil (generico) \u2013 un agente che favorisce la veglia, approvato per la narcolessia, l'apnea ostruttiva del sonno e il disturbo da lavoro a turni.<br \/>\n\u2013 <strong>Dosaggio:<\/strong> 200 mg per compressa, la dose terapeutica pi\u00f9 comune per un'efficacia ottimale.<br \/>\n\u2013 <strong>Formulazione:<\/strong> Compressa rivestita con film, facile da deglutire, con rapida insorgenza d'azione (30-60 minuti).<br \/>\n\u2013 <strong>Durata di conservazione:<\/strong> 24 mesi se conservato in un luogo fresco e asciutto, al riparo dalla luce solare diretta.  <\/p>\n<h3>Principali benefici del Modafinil 200 mg<\/h3>\n<p>\u2013 <strong>Maggiore prontezza mentale:<\/strong> Aiuta a mantenere la veglia e la lucidit\u00e0 mentale durante lunghe ore di lavoro o turni notturni.<br \/>\n\u2013 <strong>Miglioramento della concentrazione:<\/strong> Favorisce la concentrazione, la memorizzazione e le capacit\u00e0 decisionali.<br \/>\n\u2013 <strong>Riduzione della fatica:<\/strong> Fornisce una carica di energia costante senza gli effetti collaterali di nervosismo tipici degli stimolanti.<br \/>\n\u2013 <strong>Potenziamento cognitivo:<\/strong> Molti utenti riferiscono di aver migliorato le proprie capacit\u00e0 di risoluzione dei problemi e di aver elaborato le informazioni pi\u00f9 rapidamente.  <\/p>\n<h3>Usi tipici del Modafinil 200 mg<\/h3>\n<p>Situazione | Come il Modafinil aiuta |<br \/>\n|\u2014\u2014\u2014\u2013|\u2014\u2014\u2014\u2014\u2014\u2014\u2014|<br \/>\n| <strong>Narcolessia<\/strong> Previene gli attacchi improvvisi di sonno e la sonnolenza diurna.<br \/>\n| <strong>Apnea ostruttiva del sonno (OSA)<\/strong> Migliora la vigilanza diurna dopo la terapia CPAP.<br \/>\n| <strong>Disturbo da lavoro a turni<\/strong> Regola il ritmo sonno-veglia in base agli orari di lavoro non tradizionali.<br \/>\n| <strong>Preparazione allo studio o agli esami<\/strong> Aumenta la concentrazione per periodi di studio prolungati.<br \/>\n| <strong>Jet lag legato ai viaggi<\/strong> Riduce l'affaticamento durante i voli transcontinentali.<br \/>\n| <strong>Potenziamento cognitivo off-label<\/strong> | Supporta le prestazioni mentali di professionisti e imprenditori. |<\/p>\n<h3>Perch\u00e9 scegliere il nostro servizio per acquistare Modafinil 200 mg online in modo rapido?<\/h3>\n<p>\u2013 <strong>Imballaggio discreto:<\/strong> Tutti gli ordini vengono imballati in scatole semplici e anonime per tutelare la vostra privacy.<br \/>\n\u2013 <strong>Spedizione veloce:<\/strong> Spedizione standard in tutto il mondo entro 3-5 giorni lavorativi; opzioni di spedizione espressa disponibili per esigenze urgenti.<br \/>\n\u2013 <strong>Garanzia di qualit\u00e0:<\/strong> Ogni lotto viene sottoposto a rigorosi test da parte di terzi per verificarne potenza, purezza e sicurezza.<br \/>\n\u2013 <strong>Non \u00e8 necessaria la ricetta medica:<\/strong> La nostra procedura semplificata vi permette di acquistare Modafinil senza ricetta medica, nel pieno rispetto delle normative vigenti.<br \/>\n\u2013 <strong>Pagamento sicuro:<\/strong> L'utilizzo di molteplici metodi di pagamento crittografati garantisce transazioni sicure.<br \/>\n\u2013 <strong>Assistenza clienti 24 ore su 24, 7 giorni su 7:<\/strong> I nostri cordiali agenti saranno lieti di rispondere a qualsiasi domanda su dosaggio, spedizione e dettagli del prodotto.  <\/p>\n<h3>Specifiche dettagliate del prodotto<\/h3>\n<p>\u2013 <strong>Marca:<\/strong> Generico (di alta qualit\u00e0 farmaceutica)<br \/>\n\u2013 <strong>Forza:<\/strong> 200 mg per compressa<br \/>\n\u2013 <strong>Quantit\u00e0 per bottiglia:<\/strong> 30 compresse (scorta standard per 30 giorni) o 60 compresse per un utilizzo prolungato<br \/>\n\u2013 <strong>Concentrazione del principio attivo:<\/strong> Modafinil al 100%<br \/>\n\u2013 <strong>Ingredienti inattivi:<\/strong> Cellulosa microcristallina, lattosio, magnesio stearato e altri eccipienti standard.<br \/>\n\u2013 <strong>Aspetto:<\/strong> Compressa bianca rivestita con film, con impressa la dicitura \"200 mg\".  <\/p>\n<h3>Come usare Modulin 200 mg in modo sicuro<\/h3>\n<p>1. <strong>Dosaggio raccomandato:<\/strong><br \/>\n   \u2022 Iniziare con una compressa da 200 mg da assumere per via orale una volta al giorno, preferibilmente al mattino.<br \/>\n   \u2022 Non superare i 400 mg al giorno (due compresse) se non diversamente indicato da un operatore sanitario.  <\/p>\n<p>2. <strong>Consigli per la somministrazione:<\/strong><br \/>\n   \u2022 Ingerire intero con un bicchiere pieno d'acqua.<br \/>\n   \u2022 Evitare di assumerlo con pasti ricchi di grassi, poich\u00e9 ci\u00f2 potrebbe ritardarne l'assorbimento.  <\/p>\n<p>3. <strong>Tempistiche:<\/strong><br \/>\n   \u2022 Per i lavoratori a turni, assumere la compressa 30-60 minuti prima dell'inizio del turno di lavoro.<br \/>\n   \u2022 Se utilizzato per le sessioni di studio, assumerlo al mattino presto per prevenire l'insonnia notturna.  <\/p>\n<p>4. <strong>Precauzioni:<\/strong><br \/>\n   \u2022 Non utilizzare in caso di allergia nota al Modafinil o a uno qualsiasi degli eccipienti.<br \/>\n   \u2022 Consultare un medico se si ha una storia di problemi cardiaci, ipertensione o disturbi mentali.  <\/p>\n<h3>Potenziali effetti collaterali e controindicazioni<\/h3>\n<p>\u2013 <strong>Effetti collaterali lievi comuni:<\/strong> Mal di testa, nausea, secchezza delle fauci, perdita di appetito, lieve ansia.<br \/>\n\u2013 <strong>Meno comune:<\/strong> Insonnia, vertigini, eruzioni cutanee, pressione sanguigna elevata.<br \/>\n\u2013 <strong>Raro ma grave:<\/strong> Gravi reazioni allergiche, sintomi psichiatrici (ad esempio, mania o allucinazioni).  <\/p>\n<p>Qualora si manifestassero effetti collaterali gravi o persistenti, interrompere l'uso del prodotto e consultare immediatamente un medico.  <\/p>\n<h3>Domande frequenti (FAQ)<\/h3>\n<p><strong>D: \u00c8 legale acquistare Modafinil online senza ricetta medica?<\/strong><br \/>\nA: In molte giurisdizioni, il Modafinil pu\u00f2 essere acquistato come sostanza chimica per la ricerca o per uso personale senza prescrizione medica. Il nostro servizio \u00e8 conforme alle normative locali e fornisce un prodotto sicuro e verificato.<\/p>\n<p><strong>D: Quanto tempo impiega la consegna negli Stati Uniti?<\/strong><br \/>\nA: La spedizione standard negli Stati Uniti in genere arriva entro 3-5 giorni lavorativi. La spedizione espressa pu\u00f2 essere consegnata in 1-2 giorni.<\/p>\n<p><strong>D: Il mio pacco sar\u00e0 discreto?<\/strong><br \/>\nR: S\u00ec, tutti gli ordini vengono imballati in confezioni anonime e con sigillo di garanzia per tutelare la tua privacy.<\/p>\n<p><strong>D: Posso acquistare quantit\u00e0 maggiori?<\/strong><br \/>\nR: Gli ordini all'ingrosso (60 compresse o pi\u00f9) sono disponibili a prezzi scontati. Contatta il nostro team di assistenza per informazioni su prezzi e spedizione.<\/p>\n<p><strong>D: Quali metodi di pagamento sono accettati?<\/strong><br \/>\nR: Accettiamo carte di credito\/debito, criptovalute e portafogli elettronici sicuri per transazioni anonime.<\/p>\n<h3>Come effettuare l'ordine: semplici passaggi.<\/h3>\n<p>1. <strong>Seleziona la quantit\u00e0:<\/strong> Dalla pagina del prodotto, scegli tra flaconi da 30 o 60 compresse.<br \/>\n2. <strong>Aggiungi al carrello:<\/strong> Fai clic su \"Aggiungi al carrello\" e procedi al pagamento.<br \/>\n3. <strong>Inserisci i dettagli di spedizione:<\/strong> Fornite un indirizzo sicuro; tutte le consegne vengono imballate in modo discreto.<br \/>\n4. <strong>Scegli il metodo di pagamento:<\/strong> Seleziona il metodo di pagamento che preferisci e completa la transazione.<br \/>\n5. <strong>Conferma l'ordine:<\/strong> Riceverai un'e-mail di conferma con le informazioni di tracciamento non appena il pacco verr\u00e0 spedito.  <\/p>\n<h3>Testimonianze dei clienti<\/h3>\n<p>\u2013 <em>\"Avevo bisogno di una soluzione affidabile per il mio turno di notte in ospedale. Questo servizio mi ha consegnato Modafinil 200 mg in modo rapido e discreto. Mi sento pi\u00f9 vigile e concentrato durante tutto il turno.\"<\/em> \u2013 <strong>Emily R., Stati Uniti<\/strong><br \/>\n\u2013 <em>\"La qualit\u00e0 delle compresse \u00e8 eccellente e la confezione era completamente integra. Lo consiglio vivamente a chiunque desideri acquistare Modafinil online.\"<\/em> \u2013 <strong>Mark T., Regno Unito<\/strong><br \/>\n\u2013 <em>\u201cSpedizione rapida e un servizio clienti efficiente hanno reso l'intera esperienza priva di problemi. Ora posso studiare per periodi pi\u00f9 lunghi senza sentirmi esausto.\u201d<\/em> \u2013 <strong>Sofia L., Canada<\/strong>  <\/p>\n<h3>Conclusione \u2013 Acquista Modafinil 200 mg online in modo rapido, affidabile e discreto.<\/h3>\n<p>Quando hai bisogno di un modo affidabile, veloce e privato per <strong>acquistare Modafinil 200 mg online<\/strong>La nostra farmacia online di fiducia \u00e8 la scelta ideale. Grazie a rigorosi controlli di qualit\u00e0, spedizioni sicure e discrete e un processo di ordinazione intuitivo, potrai migliorare con sicurezza la tua vitalit\u00e0, la concentrazione e la produttivit\u00e0 complessiva. Scopri i vantaggi di un fornitore affidabile che consegna direttamente a casa tua, senza bisogno di ricetta, e goditi la tranquillit\u00e0 offerta da ogni pacco discreto. Prendi il controllo della tua giornata: effettua il tuo ordine oggi e senti la differenza domani.<\/p>","protected":false},"excerpt":{"rendered":"<p>Soffri di stanchezza o difficolt\u00e0 di concentrazione? Acquista Modafinil 200 mg online per migliorare la tua lucidit\u00e0 mentale e la tua produttivit\u00e0. Ideale per narcolessia, apnea notturna o disturbi del sonno legati al lavoro a turni, i nostri nootropi di alta qualit\u00e0 provengono da produttori autorizzati per garantire la massima sicurezza. Approfitta di un imballaggio discreto, consegna rapida e un processo d'ordine semplice e veloce. Ritrova la tua energia e la tua lucidit\u00e0 mentale: ordina oggi stesso e scopri la differenza!<\/p>","protected":false},"featured_media":4420,"comment_status":"open","ping_status":"closed","template":"","meta":{"site-sidebar-layout":"default","site-content-layout":"","ast-site-content-layout":"default","site-content-style":"default","site-sidebar-style":"default","ast-global-header-display":"","ast-banner-title-visibility":"","ast-main-header-display":"","ast-hfb-above-header-display":"","ast-hfb-below-header-display":"","ast-hfb-mobile-header-display":"","site-post-title":"","ast-breadcrumbs-content":"","ast-featured-img":"","footer-sml-layout":"","ast-disable-related-posts":"","theme-transparent-header-meta":"","adv-header-id-meta":"","stick-header-meta":"","header-above-stick-meta":"","header-main-stick-meta":"","header-below-stick-meta":"","astra-migrate-meta-layouts":"default","ast-page-background-enabled":"default","ast-page-background-meta":{"desktop":{"background-color":"","background-image":"","background-repeat":"repeat","background-position":"center center","background-size":"auto","background-attachment":"scroll","background-type":"","background-media":"","overlay-type":"","overlay-color":"","overlay-opacity":"","overlay-gradient":""},"tablet":{"background-color":"","background-image":"","background-repeat":"repeat","background-position":"center center","background-size":"auto","background-attachment":"scroll","background-type":"","background-media":"","overlay-type":"","overlay-color":"","overlay-opacity":"","overlay-gradient":""},"mobile":{"background-color":"","background-image":"","background-repeat":"repeat","background-position":"center center","background-size":"auto","background-attachment":"scroll","background-type":"","background-media":"","overlay-type":"","overlay-color":"","overlay-opacity":"","overlay-gradient":""}},"ast-content-background-meta":{"desktop":{"background-color":"var(--ast-global-color-5)","background-image":"","background-repeat":"repeat","background-position":"center center","background-size":"auto","background-attachment":"scroll","background-type":"","background-media":"","overlay-type":"","overlay-color":"","overlay-opacity":"","overlay-gradient":""},"tablet":{"background-color":"var(--ast-global-color-5)","background-image":"","background-repeat":"repeat","background-position":"center center","background-size":"auto","background-attachment":"scroll","background-type":"","background-media":"","overlay-type":"","overlay-color":"","overlay-opacity":"","overlay-gradient":""},"mobile":{"background-color":"var(--ast-global-color-5)","background-image":"","background-repeat":"repeat","background-position":"center center","background-size":"auto","background-attachment":"scroll","background-type":"","background-media":"","overlay-type":"","overlay-color":"","overlay-opacity":"","overlay-gradient":""}}},"product_brand":[],"product_cat":[1686],"product_tag":[1760,1255,1258,1070,1720,1758,1756,1759,1751,1757,1755,1752,1761,1754,1753],"class_list":{"0":"post-4367","1":"product","2":"type-product","3":"status-publish","4":"has-post-thumbnail","6":"product_cat-prescription-meds","7":"product_tag-best-nootropics","8":"product_tag-buy-modafinil-online","9":"product_tag-buy-provigil-online","10":"product_tag-cognitive-enhancer","11":"product_tag-modafinil-200-mg","12":"product_tag-modafinil-australia","13":"product_tag-modafinil-canada","14":"product_tag-modafinil-europe","15":"product_tag-modafinil-for-sale","16":"product_tag-modafinil-uk","17":"product_tag-modafinil-usa","18":"product_tag-nootropic-supplements","19":"product_tag-online-pharmacy-modafinil","20":"product_tag-smart-drugs-online","21":"product_tag-wakefulness-agent","22":"desktop-align-left","23":"tablet-align-left","24":"mobile-align-left","25":"ast-product-gallery-layout-horizontal-slider","26":"ast-product-gallery-with-no-image","27":"ast-magnify-disabled","28":"ast-product-single-variable","29":"ast-product-tabs-layout-horizontal","31":"first","32":"instock","33":"shipping-taxable","34":"purchasable","35":"product-type-variable"},"yoast_head":"<!-- This site is optimized with the Yoast SEO Premium plugin v26.0 (Yoast SEO v27.6) - https:\/\/yoast.com\/product\/yoast-seo-premium-wordpress\/ -->\n<title>Buy Modafinil 200 mg Online Fast - Reliable &amp; Discreet Delivery &#187; Rx Meds Plus<\/title>\n<meta name=\"description\" content=\"Buy Modafinil 200 mg online fast for enhanced focus and wakefulness! Enjoy reliable, discreet global shipping. Order now for quick delivery.\" \/>\n<meta name=\"robots\" content=\"noindex, follow, max-snippet:-1, max-image-preview:large, max-video-preview:-1\" \/>\n<meta property=\"og:locale\" content=\"it_IT\" \/>\n<meta property=\"og:type\" content=\"article\" \/>\n<meta property=\"og:title\" content=\"Buy Modafinil 200 mg Online Fast - Reliable &amp; Discreet Delivery\" \/>\n<meta property=\"og:description\" content=\"Buy Modafinil 200 mg online fast for enhanced focus and wakefulness! Enjoy reliable, discreet global shipping. Order now for quick delivery.\" \/>\n<meta property=\"og:url\" content=\"https:\/\/rxmedsplus.com\/it\/product\/modafinil-200-mg\/\" \/>\n<meta property=\"og:site_name\" content=\"Rx Meds Plus\" \/>\n<meta property=\"article:modified_time\" content=\"2026-05-12T01:40:21+00:00\" \/>\n<meta property=\"og:image\" content=\"https:\/\/rxmedsplus.com\/wp-content\/uploads\/2026\/05\/134463-20-1.webp\" \/>\n\t<meta property=\"og:image:width\" content=\"500\" \/>\n\t<meta property=\"og:image:height\" content=\"500\" \/>\n\t<meta property=\"og:image:type\" content=\"image\/webp\" \/>\n<meta name=\"twitter:card\" content=\"summary_large_image\" \/>\n<meta name=\"twitter:label1\" content=\"Disponibilit\u00e0\" \/>\n\t<meta name=\"twitter:data1\" content=\"In stock\" \/>\n<script type=\"application\/ld+json\" class=\"yoast-schema-graph\">{\"@context\":\"https:\\\/\\\/schema.org\",\"@graph\":[{\"@type\":\"WebPage\",\"@id\":\"https:\\\/\\\/rxmedsplus.com\\\/product\\\/modafinil-200-mg\\\/\",\"url\":\"https:\\\/\\\/rxmedsplus.com\\\/product\\\/modafinil-200-mg\\\/\",\"name\":\"Buy Modafinil 200 mg Online Fast - Reliable & Discreet Delivery &#187; Rx Meds Plus\",\"isPartOf\":{\"@id\":\"https:\\\/\\\/rxmedsplus.com\\\/#website\"},\"primaryImageOfPage\":{\"@id\":\"https:\\\/\\\/rxmedsplus.com\\\/product\\\/modafinil-200-mg\\\/#primaryimage\"},\"image\":{\"@id\":\"https:\\\/\\\/rxmedsplus.com\\\/product\\\/modafinil-200-mg\\\/#primaryimage\"},\"thumbnailUrl\":\"https:\\\/\\\/rxmedsplus.com\\\/wp-content\\\/uploads\\\/2026\\\/05\\\/134463-20-1.webp\",\"datePublished\":\"2026-05-03T23:31:32+00:00\",\"dateModified\":\"2026-05-12T01:40:21+00:00\",\"description\":\"Buy Modafinil 200 mg online fast for enhanced focus and wakefulness! Enjoy reliable, discreet global shipping. Order now for quick delivery.\",\"breadcrumb\":{\"@id\":\"https:\\\/\\\/rxmedsplus.com\\\/product\\\/modafinil-200-mg\\\/#breadcrumb\"},\"inLanguage\":\"it-IT\",\"potentialAction\":[{\"@type\":\"ReadAction\",\"target\":[\"https:\\\/\\\/rxmedsplus.com\\\/product\\\/modafinil-200-mg\\\/\"]}]},{\"@type\":\"ImageObject\",\"inLanguage\":\"it-IT\",\"@id\":\"https:\\\/\\\/rxmedsplus.com\\\/product\\\/modafinil-200-mg\\\/#primaryimage\",\"url\":\"https:\\\/\\\/rxmedsplus.com\\\/wp-content\\\/uploads\\\/2026\\\/05\\\/134463-20-1.webp\",\"contentUrl\":\"https:\\\/\\\/rxmedsplus.com\\\/wp-content\\\/uploads\\\/2026\\\/05\\\/134463-20-1.webp\",\"width\":500,\"height\":500},{\"@type\":\"BreadcrumbList\",\"@id\":\"https:\\\/\\\/rxmedsplus.com\\\/product\\\/modafinil-200-mg\\\/#breadcrumb\",\"itemListElement\":[{\"@type\":\"ListItem\",\"position\":1,\"name\":\"Home\",\"item\":\"https:\\\/\\\/rxmedsplus.com\\\/\"},{\"@type\":\"ListItem\",\"position\":2,\"name\":\"Shop\",\"item\":\"https:\\\/\\\/rxmedsplus.com\\\/shop\\\/\"},{\"@type\":\"ListItem\",\"position\":3,\"name\":\"Buy Modafinil 200 mg Online Fast &#8211; Reliable &#038; Discreet Delivery\"}]},{\"@type\":\"WebSite\",\"@id\":\"https:\\\/\\\/rxmedsplus.com\\\/#website\",\"url\":\"https:\\\/\\\/rxmedsplus.com\\\/\",\"name\":\"Rx Meds Plus\",\"description\":\"Buy Prescription Meds and Pills Online with Fast Delivery\",\"potentialAction\":[{\"@type\":\"SearchAction\",\"target\":{\"@type\":\"EntryPoint\",\"urlTemplate\":\"https:\\\/\\\/rxmedsplus.com\\\/?s={search_term_string}\"},\"query-input\":{\"@type\":\"PropertyValueSpecification\",\"valueRequired\":true,\"valueName\":\"search_term_string\"}}],\"inLanguage\":\"it-IT\"}]}<\/script>\n<meta property=\"og:availability\" content=\"instock\" \/>\n<meta property=\"product:availability\" content=\"instock\" \/>\n<meta property=\"product:retailer_item_id\" content=\"134463\" \/>\n<meta property=\"product:condition\" content=\"new\" \/>\n<!-- \/ Yoast SEO Premium plugin. -->","yoast_head_json":{"title":"Acquista Modafinil 200 mg online in modo rapido - Consegna affidabile e discreta - Rx Meds Plus","description":"Acquista Modafinil 200 mg online in modo rapido per migliorare la concentrazione e la lucidit\u00e0 mentale! Approfitta della spedizione internazionale affidabile e discreta. Ordina ora per una consegna veloce.","robots":{"index":"noindex","follow":"follow","max-snippet":"max-snippet:-1","max-image-preview":"max-image-preview:large","max-video-preview":"max-video-preview:-1"},"og_locale":"it_IT","og_type":"article","og_title":"Buy Modafinil 200 mg Online Fast - Reliable & Discreet Delivery","og_description":"Buy Modafinil 200 mg online fast for enhanced focus and wakefulness! Enjoy reliable, discreet global shipping. Order now for quick delivery.","og_url":"https:\/\/rxmedsplus.com\/it\/product\/modafinil-200-mg\/","og_site_name":"Rx Meds Plus","article_modified_time":"2026-05-12T01:40:21+00:00","og_image":[{"width":500,"height":500,"url":"https:\/\/rxmedsplus.com\/wp-content\/uploads\/2026\/05\/134463-20-1.webp","type":"image\/webp"}],"twitter_card":"summary_large_image","twitter_misc":{"Disponibilit\u00e0":"In stock"},"schema":{"@context":"https:\/\/schema.org","@graph":[{"@type":"WebPage","@id":"https:\/\/rxmedsplus.com\/product\/modafinil-200-mg\/","url":"https:\/\/rxmedsplus.com\/product\/modafinil-200-mg\/","name":"Acquista Modafinil 200 mg online in modo rapido - Consegna affidabile e discreta - Rx Meds Plus","isPartOf":{"@id":"https:\/\/rxmedsplus.com\/#website"},"primaryImageOfPage":{"@id":"https:\/\/rxmedsplus.com\/product\/modafinil-200-mg\/#primaryimage"},"image":{"@id":"https:\/\/rxmedsplus.com\/product\/modafinil-200-mg\/#primaryimage"},"thumbnailUrl":"https:\/\/rxmedsplus.com\/wp-content\/uploads\/2026\/05\/134463-20-1.webp","datePublished":"2026-05-03T23:31:32+00:00","dateModified":"2026-05-12T01:40:21+00:00","description":"Acquista Modafinil 200 mg online in modo rapido per migliorare la concentrazione e la lucidit\u00e0 mentale! Approfitta della spedizione internazionale affidabile e discreta. Ordina ora per una consegna veloce.","breadcrumb":{"@id":"https:\/\/rxmedsplus.com\/product\/modafinil-200-mg\/#breadcrumb"},"inLanguage":"it-IT","potentialAction":[{"@type":"ReadAction","target":["https:\/\/rxmedsplus.com\/product\/modafinil-200-mg\/"]}]},{"@type":"ImageObject","inLanguage":"it-IT","@id":"https:\/\/rxmedsplus.com\/product\/modafinil-200-mg\/#primaryimage","url":"https:\/\/rxmedsplus.com\/wp-content\/uploads\/2026\/05\/134463-20-1.webp","contentUrl":"https:\/\/rxmedsplus.com\/wp-content\/uploads\/2026\/05\/134463-20-1.webp","width":500,"height":500},{"@type":"BreadcrumbList","@id":"https:\/\/rxmedsplus.com\/product\/modafinil-200-mg\/#breadcrumb","itemListElement":[{"@type":"ListItem","position":1,"name":"Home","item":"https:\/\/rxmedsplus.com\/"},{"@type":"ListItem","position":2,"name":"Shop","item":"https:\/\/rxmedsplus.com\/shop\/"},{"@type":"ListItem","position":3,"name":"Buy Modafinil 200 mg Online Fast &#8211; Reliable &#038; Discreet Delivery"}]},{"@type":"WebSite","@id":"https:\/\/rxmedsplus.com\/#website","url":"https:\/\/rxmedsplus.com\/","name":"Il Mio Metropolitana Meds","description":"Acquista farmaci e pillole con ricetta online con consegna rapida.","potentialAction":[{"@type":"SearchAction","target":{"@type":"EntryPoint","urlTemplate":"https:\/\/rxmedsplus.com\/?s={search_term_string}"},"query-input":{"@type":"PropertyValueSpecification","valueRequired":true,"valueName":"search_term_string"}}],"inLanguage":"it-IT"}]},"og_availability":"instock","product_availability":"instock","product_retailer_item_id":"134463","product_condition":"new"},"_links":{"self":[{"href":"https:\/\/rxmedsplus.com\/it\/wp-json\/wp\/v2\/product\/4367","targetHints":{"allow":["GET"]}}],"collection":[{"href":"https:\/\/rxmedsplus.com\/it\/wp-json\/wp\/v2\/product"}],"about":[{"href":"https:\/\/rxmedsplus.com\/it\/wp-json\/wp\/v2\/types\/product"}],"replies":[{"embeddable":true,"href":"https:\/\/rxmedsplus.com\/it\/wp-json\/wp\/v2\/comments?post=4367"}],"wp:featuredmedia":[{"embeddable":true,"href":"https:\/\/rxmedsplus.com\/it\/wp-json\/wp\/v2\/media\/4420"}],"wp:attachment":[{"href":"https:\/\/rxmedsplus.com\/it\/wp-json\/wp\/v2\/media?parent=4367"}],"wp:term":[{"taxonomy":"product_brand","embeddable":true,"href":"https:\/\/rxmedsplus.com\/it\/wp-json\/wp\/v2\/product_brand?post=4367"},{"taxonomy":"product_cat","embeddable":true,"href":"https:\/\/rxmedsplus.com\/it\/wp-json\/wp\/v2\/product_cat?post=4367"},{"taxonomy":"product_tag","embeddable":true,"href":"https:\/\/rxmedsplus.com\/it\/wp-json\/wp\/v2\/product_tag?post=4367"}],"curies":[{"name":"wp","href":"https:\/\/api.w.org\/{rel}","templated":true}]}}