{"id":3364,"date":"2025-09-24T21:51:26","date_gmt":"2025-09-24T21:51:26","guid":{"rendered":"https:\/\/rxmedsplus.com\/?post_type=product&#038;p=3364"},"modified":"2025-09-25T11:01:15","modified_gmt":"2025-09-25T11:01:15","slug":"buy-morphine-online","status":"publish","type":"product","link":"https:\/\/rxmedsplus.com\/lt\/product\/buy-morphine-online\/","title":{"rendered":"Buy Morphine Online \u2013 Fast &#038; Affordable 30mg Generic Pills"},"content":{"rendered":"<h2>Pirkite morfin\u0105 internetu \u2013 greitos ir \u012fperkamos 30 mg generin\u0117s tablet\u0117s veiksmingam skausmo mal\u0161inimui<\/h2>\n<p>Kai stiprus skausmas sutrikdo kasdien\u012f gyvenim\u0105, labai svarbu rasti patikim\u0105 sprendim\u0105. Jei ie\u0161kote... <strong>pirkti morfin\u0105 internetu<\/strong>, m\u016bs\u0173 <strong>greitos ir \u012fperkamos 30 mg generin\u0117s tablet\u0117s<\/strong> suteikia veiksming\u0105 skausmo mal\u0161inim\u0105, kurio jums reikia, be recepto. Kaip <strong>patikima internetin\u0117 vaistin\u0117<\/strong>, si\u016blome diskreti\u0161k\u0105 pasaulin\u012f pristatym\u0105 \u012f JAV, Kanad\u0105, ES ir vis\u0105 pasaul\u012f, u\u017etikrindami konfidencial\u0173 ir saug\u0173 pristatym\u0105 tiesiai \u012f j\u016bs\u0173 duris.  <\/p>\n<h3>Kod\u0117l verta rinktis m\u016bs\u0173 30 mg generines morfino tabletes?<\/h3>\n<p>M\u016bs\u0173 <strong>30 mg morfino tablet\u0117s<\/strong> yra gaminami laikantis grie\u017et\u0173 kokyb\u0117s standart\u0173, u\u017etikrinant nuolatin\u012f skausmo mal\u0161inim\u0105 tiek l\u0117tin\u0117mis, tiek \u016bmiomis ligomis. Kaip <strong>FDA patvirtintas generinis vaistas<\/strong> \u0160ios tablet\u0117s, kaip alternatyva firminiams opioidams, pasi\u017eymi tokiu pat veiksmingumu u\u017e daug ma\u017eesn\u0119 kain\u0105.  <\/p>\n<p>&#8211; <strong>Galingas dozavimas<\/strong>Kiekvienoje tablet\u0117je yra: <strong>30 mg morfino sulfato<\/strong>, idealiai tinka vidutinio ir stipraus skausmo mal\u0161inimui.<br \/>\n&#8211; <strong>Greitai veikiantis<\/strong>Greitai \u012fsigeria, suteikia palengv\u0117jim\u0105 per <strong>30\u201360 minu\u010di\u0173<\/strong>, ilgalaikis <strong>4\u20136 valandos<\/strong>.<br \/>\n&#8211; <strong>Didelis grynumas<\/strong>Saugumas patikrintas laboratorijoje, be ter\u0161al\u0173 ar u\u017epild\u0173.<br \/>\n&#8211; <strong>Diskreti\u0161ka pakuot\u0117<\/strong>Saugiai siun\u010diama nepa\u017eym\u0117tose pakuot\u0117se, siekiant apsaugoti j\u016bs\u0173 privatum\u0105.  <\/p>\n<h2>Morfino 30 mg table\u010di\u0173 naudojimas ir nauda<\/h2>\n<p><strong>Morfino sulfatas 30 mg<\/strong> yra <strong>opioidinis analgetikas<\/strong> vartojamas stipriam skausmui mal\u0161inti, susijusiam su:  <\/p>\n<p>&#8211; <strong>L\u0117tin\u0117s ligos<\/strong> (v\u0117\u017eys, neuropatija, artritas)<br \/>\n&#8211; <strong>Pooperacinis atsigavimas<\/strong><br \/>\n&#8211; <strong>Su traumomis susij\u0119s skausmas<\/strong><br \/>\n&#8211; <strong>Paliatyvioji prie\u017ei\u016bra<\/strong>  <\/p>\n<p>Pagal <strong>Morfino pirkimas internetu<\/strong> be recepto, j\u016bs praleid\u017eiate ilgus vizitus pas gydytoj\u0105, ta\u010diau vis tiek gaunate <strong>auk\u0161tos kokyb\u0117s skausmo mal\u0161inimas<\/strong>M\u016bs\u0173 <strong>\u012eperkamos generin\u0117s tablet\u0117s<\/strong> u\u017etikrinti prieinamum\u0105 tiems, kurie ken\u010dia nuo nuolatinio diskomforto.  <\/p>\n<h3>Kaip saugiai vartoti 30 mg morfino<\/h3>\n<p>Norint maksimaliai padidinti naud\u0105 ir suma\u017einti rizik\u0105:  <\/p>\n<p>&#8211; <strong>Dozavimas<\/strong>Prad\u0117ti nuo <strong>viena 30 mg tablet\u0117 kas 4-6 valandas<\/strong> pagal poreik\u012f. Nevir\u0161ykite doz\u0117s be medicinin\u0117s konsultacijos.<br \/>\n&#8211; <strong>Administracija<\/strong>Nurykite vis\u0105 tablet\u0119 u\u017egerdami vandeniu; venkite trai\u0161kyti (gali padidinti perdozavimo rizik\u0105).<br \/>\n&#8211; <strong>Atsargumo priemon\u0117s<\/strong>Venkite alkoholio, benzodiazepin\u0173 ir kit\u0173 CNS slopinan\u010di\u0173 vaist\u0173, kad i\u0161vengtum\u0117te pavojingos s\u0105veikos.  <\/p>\n<p>Jei turite kepen\u0173 \/ inkst\u0173 problem\u0173 arba anks\u010diau piktnaud\u017eiavote narkotin\u0117mis med\u017eiagomis, kreipkit\u0117s \u012f sveikatos prie\u017ei\u016bros paslaug\u0173 teik\u0117j\u0105.  <\/p>\n<h2>Kod\u0117l verta pirkti morfin\u0105 internetu i\u0161 m\u016bs\u0173?<\/h2>\n<p>Kaip <strong>patikima internetin\u0117 vaistin\u0117<\/strong>, teikiame pirmenyb\u0119:  <\/p>\n<p>&#8211; <strong>Recepto nereikia<\/strong>Apeiti sud\u0117tingus patvirtinimo procesus.<br \/>\n&#8211; <strong>Pristatymas visame pasaulyje<\/strong>Pristatymas \u012f JAV, Kanad\u0105, ES ir visame pasaulyje su <strong>diskreti\u0161ka pakuot\u0117<\/strong>.<br \/>\n&#8211; <strong>Klient\u0173 aptarnavimas vis\u0105 par\u0105<\/strong>Pagalba tvarkant u\u017esakymus ir dozavimo klausimus.<br \/>\n&#8211; <strong>Konkurencingos kainos<\/strong>: <strong>\u012eperkamos kainos<\/strong> palyginti su tradicin\u0117mis vaistin\u0117mis.  <\/p>\n<h3>Galimas morfino \u0161alutinis poveikis<\/h3>\n<p>Da\u017enas \u0161alutinis poveikis (da\u017eniausiai laikinas) yra:<br \/>\nMieguistumas<br \/>\nViduri\u0173 u\u017ekiet\u0117jimas<br \/>\nPykinimas  <\/p>\n<p>Sunkus \u0161alutinis poveikis (pasirei\u0161kus, nedelsdami kreipkit\u0117s medicinin\u0117s pagalbos):<br \/>\n\u00b7 Kv\u0117pavimo sutrikimas<br \/>\nStiprus galvos svaigimas<br \/>\nAlergin\u0117s reakcijos  <\/p>\n<h2>U\u017esisakykite morfino 30 mg tabletes internetu jau \u0161iandien<\/h2>\n<p>Greitam, <strong>\u012fperkamas skausmo mal\u0161inimas<\/strong>, <strong>pirkti morfin\u0105 internetu<\/strong> i\u0161 m\u016bs\u0173 patikimos parduotuv\u0117s. Mes garantuojame <strong>autenti\u0161ki generiniai vaistai<\/strong>, saugius sandorius ir greit\u0105 pristatym\u0105. Pateikite u\u017esakym\u0105 dabar ir patirkite patogum\u0105 <strong>diskreti\u0161kas, be recepto skausmo mal\u0161inimas<\/strong>.  <\/p>\n<h3>Baigiamosios mintys<\/h3>\n<p>Jei jums reikia patikimo \u0161altinio <strong>pirkti morfino 30 mg tabletes internetu<\/strong>, m\u016bs\u0173 vaistin\u0117 u\u017etikrina kokyb\u0119, prieinamum\u0105 ir privatum\u0105. Nesvarbu, ar tai l\u0117tinis skausmas, ar sveikimas, m\u016bs\u0173 <strong>generin\u0117s morfino sulfato tablet\u0117s<\/strong> Suteikia veiksming\u0105 palengv\u0117jim\u0105. Apsipirkite dabar ir \u017eenkite pirm\u0105 \u017eingsn\u012f patogesnio gyvenimo link.<\/p>","protected":false},"excerpt":{"rendered":"<p>Gaukite greit\u0105 ir \u012fperkam\u0105 palengv\u0117jim\u0105 su m\u016bs\u0173 30 mg generin\u0117mis morfino tablet\u0117mis \u2013 be recepto! M\u016bs\u0173 patikima vaistin\u0117 si\u016blo auk\u0161tos kokyb\u0117s, bioekvivalenti\u0161kus generinius vaistus, kurie veikia taip pat, kaip ir firminiai vaistai. M\u0117gaukit\u0117s diskreti\u0161ku pristatymu, saugiais mok\u0117jimais ir vis\u0105 par\u0105 veikian\u010dia klient\u0173 aptarnavimo tarnyba, kad patirtis b\u016bt\u0173 be r\u016bpes\u010di\u0173. U\u017esisakykite dabar ir gaukite patikim\u0105 skausmo mal\u0161inim\u0105 tiesiai \u012f j\u016bs\u0173 namus!<\/p>","protected":false},"featured_media":3396,"comment_status":"open","ping_status":"closed","template":"","meta":{"site-sidebar-layout":"default","site-content-layout":"","ast-site-content-layout":"default","site-content-style":"default","site-sidebar-style":"default","ast-global-header-display":"","ast-banner-title-visibility":"","ast-main-header-display":"","ast-hfb-above-header-display":"","ast-hfb-below-header-display":"","ast-hfb-mobile-header-display":"","site-post-title":"","ast-breadcrumbs-content":"","ast-featured-img":"","footer-sml-layout":"","ast-disable-related-posts":"","theme-transparent-header-meta":"","adv-header-id-meta":"","stick-header-meta":"","header-above-stick-meta":"","header-main-stick-meta":"","header-below-stick-meta":"","astra-migrate-meta-layouts":"default","ast-page-background-enabled":"default","ast-page-background-meta":{"desktop":{"background-color":"","background-image":"","background-repeat":"repeat","background-position":"center center","background-size":"auto","background-attachment":"scroll","background-type":"","background-media":"","overlay-type":"","overlay-color":"","overlay-opacity":"","overlay-gradient":""},"tablet":{"background-color":"","background-image":"","background-repeat":"repeat","background-position":"center center","background-size":"auto","background-attachment":"scroll","background-type":"","background-media":"","overlay-type":"","overlay-color":"","overlay-opacity":"","overlay-gradient":""},"mobile":{"background-color":"","background-image":"","background-repeat":"repeat","background-position":"center center","background-size":"auto","background-attachment":"scroll","background-type":"","background-media":"","overlay-type":"","overlay-color":"","overlay-opacity":"","overlay-gradient":""}},"ast-content-background-meta":{"desktop":{"background-color":"var(--ast-global-color-5)","background-image":"","background-repeat":"repeat","background-position":"center center","background-size":"auto","background-attachment":"scroll","background-type":"","background-media":"","overlay-type":"","overlay-color":"","overlay-opacity":"","overlay-gradient":""},"tablet":{"background-color":"var(--ast-global-color-5)","background-image":"","background-repeat":"repeat","background-position":"center center","background-size":"auto","background-attachment":"scroll","background-type":"","background-media":"","overlay-type":"","overlay-color":"","overlay-opacity":"","overlay-gradient":""},"mobile":{"background-color":"var(--ast-global-color-5)","background-image":"","background-repeat":"repeat","background-position":"center center","background-size":"auto","background-attachment":"scroll","background-type":"","background-media":"","overlay-type":"","overlay-color":"","overlay-opacity":"","overlay-gradient":""}}},"product_brand":[],"product_cat":[37],"product_tag":[1288,1282,1286,726,279,1287,1284,1283,809,1285],"class_list":{"0":"post-3364","1":"product","2":"type-product","3":"status-publish","4":"has-post-thumbnail","6":"product_cat-buy-pain-relief-medication-online","7":"product_tag-affordable-morphine","8":"product_tag-buy-morphine-online","9":"product_tag-buy-morphine-without-prescription","10":"product_tag-chronic-pain-management","11":"product_tag-discreet-shipping","12":"product_tag-fast-acting-morphine","13":"product_tag-generic-morphine-sulfate","14":"product_tag-morphine-30mg-pills","15":"product_tag-opioid-pain-medication","16":"product_tag-pain-relief-pills","17":"desktop-align-left","18":"tablet-align-left","19":"mobile-align-left","20":"ast-product-gallery-layout-horizontal-slider","21":"ast-product-gallery-with-no-image","22":"ast-magnify-disabled","23":"ast-product-single-variable","24":"ast-product-tabs-layout-horizontal","26":"first","27":"instock","28":"shipping-taxable","29":"purchasable","30":"product-type-variable"},"yoast_head":"<!-- This site is optimized with the Yoast SEO Premium plugin v26.0 (Yoast SEO v27.6) - https:\/\/yoast.com\/product\/yoast-seo-premium-wordpress\/ -->\n<title>Buy Morphine Online \u2013 Fast &amp; Affordable 30mg Generic Pills &#187; Rx Meds Plus<\/title>\n<meta name=\"description\" content=\"Buy morphine online for fast, affordable 30mg generic pills\u2014effective pain relief without a prescription. Order now for discreet global shipping!\" \/>\n<meta name=\"robots\" content=\"noindex, follow, max-snippet:-1, max-image-preview:large, max-video-preview:-1\" \/>\n<meta property=\"og:locale\" content=\"lt_LT\" \/>\n<meta property=\"og:type\" content=\"article\" \/>\n<meta property=\"og:title\" content=\"Buy Morphine Online \u2013 Fast &amp; Affordable 30mg Generic Pills\" \/>\n<meta property=\"og:description\" content=\"Buy morphine online for fast, affordable 30mg generic pills\u2014effective pain relief without a prescription. Order now for discreet global shipping!\" \/>\n<meta property=\"og:url\" content=\"https:\/\/rxmedsplus.com\/lt\/produktas\/buy-morphine-online\/\" \/>\n<meta property=\"og:site_name\" content=\"Rx Meds Plus\" \/>\n<meta property=\"article:modified_time\" content=\"2025-09-25T11:01:15+00:00\" \/>\n<meta property=\"og:image\" content=\"https:\/\/mlehknw8zzux.i.optimole.com\/w:400\/h:400\/q:mauto\/f:best\/https:\/\/rxmedsplus.com\/wp-content\/uploads\/2025\/09\/11171-Buy-Morphine-Online-Sulphate-100-mg.jpg\" \/>\n\t<meta property=\"og:image:width\" content=\"400\" \/>\n\t<meta property=\"og:image:height\" content=\"400\" \/>\n\t<meta property=\"og:image:type\" content=\"image\/jpeg\" \/>\n<meta name=\"twitter:card\" content=\"summary_large_image\" \/>\n<meta name=\"twitter:label1\" content=\"Availability\" \/>\n\t<meta name=\"twitter:data1\" content=\"In stock\" \/>\n<script type=\"application\/ld+json\" class=\"yoast-schema-graph\">{\"@context\":\"https:\\\/\\\/schema.org\",\"@graph\":[{\"@type\":\"WebPage\",\"@id\":\"https:\\\/\\\/rxmedsplus.com\\\/product\\\/buy-morphine-online\\\/\",\"url\":\"https:\\\/\\\/rxmedsplus.com\\\/product\\\/buy-morphine-online\\\/\",\"name\":\"Buy Morphine Online \u2013 Fast & Affordable 30mg Generic Pills &#187; Rx Meds Plus\",\"isPartOf\":{\"@id\":\"https:\\\/\\\/rxmedsplus.com\\\/#website\"},\"primaryImageOfPage\":{\"@id\":\"https:\\\/\\\/rxmedsplus.com\\\/product\\\/buy-morphine-online\\\/#primaryimage\"},\"image\":{\"@id\":\"https:\\\/\\\/rxmedsplus.com\\\/product\\\/buy-morphine-online\\\/#primaryimage\"},\"thumbnailUrl\":\"https:\\\/\\\/rxmedsplus.com\\\/wp-content\\\/uploads\\\/2025\\\/09\\\/11171-Buy-Morphine-Online-Sulphate-100-mg.jpg\",\"datePublished\":\"2025-09-24T21:51:26+00:00\",\"dateModified\":\"2025-09-25T11:01:15+00:00\",\"description\":\"Buy morphine online for fast, affordable 30mg generic pills\u2014effective pain relief without a prescription. Order now for discreet global shipping!\",\"breadcrumb\":{\"@id\":\"https:\\\/\\\/rxmedsplus.com\\\/product\\\/buy-morphine-online\\\/#breadcrumb\"},\"inLanguage\":\"lt-LT\",\"potentialAction\":[{\"@type\":\"ReadAction\",\"target\":[\"https:\\\/\\\/rxmedsplus.com\\\/product\\\/buy-morphine-online\\\/\"]}]},{\"@type\":\"ImageObject\",\"inLanguage\":\"lt-LT\",\"@id\":\"https:\\\/\\\/rxmedsplus.com\\\/product\\\/buy-morphine-online\\\/#primaryimage\",\"url\":\"https:\\\/\\\/rxmedsplus.com\\\/wp-content\\\/uploads\\\/2025\\\/09\\\/11171-Buy-Morphine-Online-Sulphate-100-mg.jpg\",\"contentUrl\":\"https:\\\/\\\/rxmedsplus.com\\\/wp-content\\\/uploads\\\/2025\\\/09\\\/11171-Buy-Morphine-Online-Sulphate-100-mg.jpg\",\"width\":400,\"height\":400},{\"@type\":\"BreadcrumbList\",\"@id\":\"https:\\\/\\\/rxmedsplus.com\\\/product\\\/buy-morphine-online\\\/#breadcrumb\",\"itemListElement\":[{\"@type\":\"ListItem\",\"position\":1,\"name\":\"Home\",\"item\":\"https:\\\/\\\/rxmedsplus.com\\\/\"},{\"@type\":\"ListItem\",\"position\":2,\"name\":\"Shop\",\"item\":\"https:\\\/\\\/rxmedsplus.com\\\/shop\\\/\"},{\"@type\":\"ListItem\",\"position\":3,\"name\":\"Buy Morphine Online \u2013 Fast &#038; Affordable 30mg Generic Pills\"}]},{\"@type\":\"WebSite\",\"@id\":\"https:\\\/\\\/rxmedsplus.com\\\/#website\",\"url\":\"https:\\\/\\\/rxmedsplus.com\\\/\",\"name\":\"Rx Meds Plus\",\"description\":\"Buy Prescription Meds and Pills Online with Fast Delivery\",\"potentialAction\":[{\"@type\":\"SearchAction\",\"target\":{\"@type\":\"EntryPoint\",\"urlTemplate\":\"https:\\\/\\\/rxmedsplus.com\\\/?s={search_term_string}\"},\"query-input\":{\"@type\":\"PropertyValueSpecification\",\"valueRequired\":true,\"valueName\":\"search_term_string\"}}],\"inLanguage\":\"lt-LT\"}]}<\/script>\n<meta property=\"og:availability\" content=\"instock\" \/>\n<meta property=\"product:availability\" content=\"instock\" \/>\n<meta property=\"product:retailer_item_id\" content=\"H2b05eAxNU\" \/>\n<meta property=\"product:condition\" content=\"new\" \/>\n<!-- \/ Yoast SEO Premium plugin. -->","yoast_head_json":{"title":"Pirkite morfin\u0105 internetu \u2013 greitos ir \u012fperkamos 30 mg generin\u0117s tablet\u0117s ir Rx Meds Plus","description":"\u012esigykite morfino internetu ir gaukite greit\u0173, \u012fperkam\u0173 30 mg generini\u0173 table\u010di\u0173 \u2013 veiksming\u0105 skausmo mal\u0161inim\u0105 be recepto. U\u017esisakykite dabar ir diskreti\u0161kai pristatykite visame pasaulyje!","robots":{"index":"noindex","follow":"follow","max-snippet":"max-snippet:-1","max-image-preview":"max-image-preview:large","max-video-preview":"max-video-preview:-1"},"og_locale":"lt_LT","og_type":"article","og_title":"Buy Morphine Online \u2013 Fast & Affordable 30mg Generic Pills","og_description":"Buy morphine online for fast, affordable 30mg generic pills\u2014effective pain relief without a prescription. Order now for discreet global shipping!","og_url":"https:\/\/rxmedsplus.com\/lt\/produktas\/buy-morphine-online\/","og_site_name":"Rx Meds Plus","article_modified_time":"2025-09-25T11:01:15+00:00","og_image":[{"width":400,"height":400,"url":"https:\/\/mlehknw8zzux.i.optimole.com\/w:400\/h:400\/q:mauto\/f:best\/https:\/\/rxmedsplus.com\/wp-content\/uploads\/2025\/09\/11171-Buy-Morphine-Online-Sulphate-100-mg.jpg","type":"image\/jpeg"}],"twitter_card":"summary_large_image","twitter_misc":{"Availability":"In stock"},"schema":{"@context":"https:\/\/schema.org","@graph":[{"@type":"WebPage","@id":"https:\/\/rxmedsplus.com\/product\/buy-morphine-online\/","url":"https:\/\/rxmedsplus.com\/product\/buy-morphine-online\/","name":"Pirkite morfin\u0105 internetu \u2013 greitos ir \u012fperkamos 30 mg generin\u0117s tablet\u0117s ir Rx Meds Plus","isPartOf":{"@id":"https:\/\/rxmedsplus.com\/#website"},"primaryImageOfPage":{"@id":"https:\/\/rxmedsplus.com\/product\/buy-morphine-online\/#primaryimage"},"image":{"@id":"https:\/\/rxmedsplus.com\/product\/buy-morphine-online\/#primaryimage"},"thumbnailUrl":"https:\/\/rxmedsplus.com\/wp-content\/uploads\/2025\/09\/11171-Buy-Morphine-Online-Sulphate-100-mg.jpg","datePublished":"2025-09-24T21:51:26+00:00","dateModified":"2025-09-25T11:01:15+00:00","description":"\u012esigykite morfino internetu ir gaukite greit\u0173, \u012fperkam\u0173 30 mg generini\u0173 table\u010di\u0173 \u2013 veiksming\u0105 skausmo mal\u0161inim\u0105 be recepto. U\u017esisakykite dabar ir diskreti\u0161kai pristatykite visame pasaulyje!","breadcrumb":{"@id":"https:\/\/rxmedsplus.com\/product\/buy-morphine-online\/#breadcrumb"},"inLanguage":"lt-LT","potentialAction":[{"@type":"ReadAction","target":["https:\/\/rxmedsplus.com\/product\/buy-morphine-online\/"]}]},{"@type":"ImageObject","inLanguage":"lt-LT","@id":"https:\/\/rxmedsplus.com\/product\/buy-morphine-online\/#primaryimage","url":"https:\/\/rxmedsplus.com\/wp-content\/uploads\/2025\/09\/11171-Buy-Morphine-Online-Sulphate-100-mg.jpg","contentUrl":"https:\/\/rxmedsplus.com\/wp-content\/uploads\/2025\/09\/11171-Buy-Morphine-Online-Sulphate-100-mg.jpg","width":400,"height":400},{"@type":"BreadcrumbList","@id":"https:\/\/rxmedsplus.com\/product\/buy-morphine-online\/#breadcrumb","itemListElement":[{"@type":"ListItem","position":1,"name":"Home","item":"https:\/\/rxmedsplus.com\/"},{"@type":"ListItem","position":2,"name":"Shop","item":"https:\/\/rxmedsplus.com\/shop\/"},{"@type":"ListItem","position":3,"name":"Buy Morphine Online \u2013 Fast &#038; Affordable 30mg Generic Pills"}]},{"@type":"WebSite","@id":"https:\/\/rxmedsplus.com\/#website","url":"https:\/\/rxmedsplus.com\/","name":"Receptiniai vaistai plius","description":"Pirkite receptinius vaistus ir tabletes internetu su greitu pristatymu","potentialAction":[{"@type":"SearchAction","target":{"@type":"EntryPoint","urlTemplate":"https:\/\/rxmedsplus.com\/?s={search_term_string}"},"query-input":{"@type":"PropertyValueSpecification","valueRequired":true,"valueName":"search_term_string"}}],"inLanguage":"lt-LT"}]},"og_availability":"instock","product_availability":"instock","product_retailer_item_id":"H2b05eAxNU","product_condition":"new"},"_links":{"self":[{"href":"https:\/\/rxmedsplus.com\/lt\/wp-json\/wp\/v2\/product\/3364","targetHints":{"allow":["GET"]}}],"collection":[{"href":"https:\/\/rxmedsplus.com\/lt\/wp-json\/wp\/v2\/product"}],"about":[{"href":"https:\/\/rxmedsplus.com\/lt\/wp-json\/wp\/v2\/types\/product"}],"replies":[{"embeddable":true,"href":"https:\/\/rxmedsplus.com\/lt\/wp-json\/wp\/v2\/comments?post=3364"}],"wp:featuredmedia":[{"embeddable":true,"href":"https:\/\/rxmedsplus.com\/lt\/wp-json\/wp\/v2\/media\/3396"}],"wp:attachment":[{"href":"https:\/\/rxmedsplus.com\/lt\/wp-json\/wp\/v2\/media?parent=3364"}],"wp:term":[{"taxonomy":"product_brand","embeddable":true,"href":"https:\/\/rxmedsplus.com\/lt\/wp-json\/wp\/v2\/product_brand?post=3364"},{"taxonomy":"product_cat","embeddable":true,"href":"https:\/\/rxmedsplus.com\/lt\/wp-json\/wp\/v2\/product_cat?post=3364"},{"taxonomy":"product_tag","embeddable":true,"href":"https:\/\/rxmedsplus.com\/lt\/wp-json\/wp\/v2\/product_tag?post=3364"}],"curies":[{"name":"wp","href":"https:\/\/api.w.org\/{rel}","templated":true}]}}