{"id":3646,"date":"2025-09-24T21:55:44","date_gmt":"2025-09-24T21:55:44","guid":{"rendered":"https:\/\/rxmedsplus.com\/?post_type=product&#038;p=3646"},"modified":"2025-09-25T11:02:56","modified_gmt":"2025-09-25T11:02:56","slug":"dilaudid-8mg-2","status":"publish","type":"product","link":"https:\/\/rxmedsplus.com\/lt\/product\/dilaudid-8mg-2\/","title":{"rendered":"Dilaudid 8mg internetu \u2013 greitas ir \u012fperkamas skausmo mal\u0161inimas"},"content":{"rendered":"<h1>Dilaudid 8mg internetu \u2013 greitas ir \u012fperkamas skausmo mal\u0161inimas<\/h1>\n<p>Ie\u0161kote greito ir veiksmingo stipraus skausmo mal\u0161inimo? <strong>Dilaudid 8mg internetu<\/strong> si\u016blo veiksming\u0105 sprendim\u0105 \u016bminiam ir l\u0117tiniam skausmui mal\u0161inti. Esame patikima internetin\u0117 vaistin\u0117, teikiame <strong>greitas ir prieinamas skausmo mal\u0161inimas<\/strong> su diskreti\u0161ku pristatymu \u012f JAV, Kanad\u0105, ES ir visame pasaulyje.<\/p>\n<h2>Kas yra Dilaudid 8 mg?<\/h2>\n<p><strong>Dilaudid 8 mg<\/strong> yra receptinis opioidinis vaistas, kurio sud\u0117tyje yra hidromorfono \u2013 stipraus skausm\u0105 mal\u0161inan\u010dio vaisto, skirto vidutinio stiprumo ir stipriam skausmui mal\u0161inti. Jis veikia prisijungdamas prie opioid\u0173 receptori\u0173 smegenyse, suma\u017eindamas skausmo suvokim\u0105 ir greitai palengv\u0117damas.<\/p>\n<h3><strong>Dilaudid 8mg vartojimas<\/strong><\/h3>\n<p>\u0160is vaistas da\u017eniausiai skiriamas \u0161ioms ligoms:<br \/>\n&#8211; Post-surgical pain<br \/>\nL\u0117tinis skausmas d\u0117l toki\u0173 lig\u0173 kaip v\u0117\u017eys<br \/>\n\u201eSunk\u016bs su\u017ealojimai\u201c<br \/>\nSkausmo mal\u0161inimas, kai kiti vaistai yra neveiksmingi<\/p>\n<p>D\u0117l greitai veikian\u010dios formul\u0117s, <strong>Pirkite Dilaudid 8mg internetu<\/strong> kad pajustum\u0117te greit\u0105 palengv\u0117jim\u0105, kai kiti skausm\u0105 mal\u0161inantys vaistai nepadeda.<\/p>\n<h2><strong>Dilaudid 8 mg dozavimas ir vartojimas<\/strong><\/h2>\n<p>Rekomenduojama <strong>Dilaudido doz\u0117<\/strong> skiriasi priklausomai nuo skausmo intensyvumo ir individualaus toleravimo.<\/p>\n<p>&#8211; <strong>Pradin\u0117 doz\u0117<\/strong>Paprastai <strong>2\u20134 mg kas 4\u20136 valandas<\/strong>, pakoreguota pagal atsakym\u0105.<br \/>\n&#8211; <strong>Stiprus skausmas<\/strong>Iki <strong>8 mg doz\u0117je, pri\u017ei\u016brint gydytojui<\/strong>.<br \/>\n&#8211; <strong>Did\u017eiausia paros doz\u0117<\/strong>Nevir\u0161ykite nustatyt\u0173 rib\u0173, kad i\u0161vengtum\u0117te \u0161alutinio poveikio.<\/p>\n<p>Visada laikykit\u0117s gydytojo nurodym\u0173 arba pasitarkite su juo prie\u0161 <strong>Dilaudid pirkimas internetu<\/strong>.<\/p>\n<h2><strong>Dilaudid 8mg pirkimo internetu privalumai<\/strong><\/h2>\n<p>Kai tu <strong>U\u017esisakykite Dilaudid 8mg internetu i\u0161 patikimo pardav\u0117jo<\/strong>, jums patinka:<\/p>\n<h3><strong>Greitas skausmo mal\u0161inimas<\/strong><\/h3>\n<p>Dilaudid pradeda dirbti viduje <strong>15\u201330 minu\u010di\u0173<\/strong>, tod\u0117l tai vienas grei\u010diausiai veikian\u010di\u0173 opioid\u0173, skirt\u0173 stipriam diskomfortui mal\u0161inti.<\/p>\n<h3><strong>Patogumas ir privatumas<\/strong><\/h3>\n<p>Nevarginkite lankytis vaistin\u0117je \u2013 \u012fsigykite vaist\u0173 <strong>diskreti\u0161kai pristatytas<\/strong> iki j\u016bs\u0173 dur\u0173. M\u016bs\u0173 <strong>internetin\u0117 vaist\u0173 parduotuv\u0117<\/strong> u\u017etikrina saug\u0173 pakavim\u0105 ir konfidencial\u0173 aptarnavim\u0105.<\/p>\n<h3><strong>\u012eperkamos kainos<\/strong><\/h3>\n<p>Si\u016blome konkurencingas kainas, u\u017etikriname, kad gausite <strong>Pigus Dilaudid 8mg internetu<\/strong> nepakenkiant kokybei.<\/p>\n<h3><strong>Pristatymas visame pasaulyje<\/strong><\/h3>\n<p>Mes siun\u010diame <strong>Dilaudid 8 mg tablet\u0117s<\/strong> \u012f <strong>JAV, Kanada, ES ir visame pasaulyje<\/strong>, tod\u0117l j\u012f galima pasiekti bet kur.<\/p>\n<h2><strong>Galimas \u0161alutinis poveikis ir atsargumo priemon\u0117s<\/strong><\/h2>\n<p>Kaip ir visi opioidai, <strong>Dilaudid 8 mg tablet\u0117s<\/strong> gali sukelti \u0161alutin\u012f poveik\u012f, \u012fskaitant:<br \/>\nMieguistumas<br \/>\nPykinimas arba v\u0117mimas<br \/>\nViduri\u0173 u\u017ekiet\u0117jimas<br \/>\nGalvos svaigimas<br \/>\nKv\u0117pavimo slopinimas (didel\u0117mis doz\u0117mis)<\/p>\n<p><strong>Svarbios atsargumo priemon\u0117s:<\/strong><br \/>\nVartodami Dilaudid, venkite alkoholio ir kit\u0173 raminam\u0173j\u0173 vaist\u0173.<br \/>\n\u2013 Nevairuokite ir nevaldykite mechanizm\u0173 po vartojimo.<br \/>\n\u2013 Atsargiai vartoti pacientams, kuriems anks\u010diau buvo piktnaud\u017eiaujama psichoaktyviosiomis med\u017eiagomis.<\/p>\n<h2><strong>Kod\u0117l verta rinktis mus, norint \u012fsigyti Dilaudid 8mg internetu?<\/strong><\/h2>\n<p>Kaip <strong>patikima internetin\u0117 vaistin\u0117<\/strong>, garantuojame:<\/p>\n<p>\u2705 <strong>Autenti\u0161ki vaistai<\/strong> \u2013 Mes tiekiame tik <strong>FDA patvirtintas Dilaudid 8mg<\/strong>.<br \/>\n\u2705 <strong>Diskretus ir greitas pristatymas<\/strong> \u2013 J\u016bs\u0173 u\u017esakymas pristatomas saugiai ir patikimai.<br \/>\n\u2705 <strong>Recepto nereikia<\/strong> \u2013 Gauti <strong>Dilaudid be recepto<\/strong> patogiai.<br \/>\n\u2705 <strong>Klient\u0173 aptarnavimas vis\u0105 par\u0105<\/strong> \u2013 Pagalba su u\u017esakymais ir dozavimo nurodymais.<\/p>\n<h2><strong>Kaip saugiai u\u017esisakyti Dilaudid 8mg internetu<\/strong><\/h2>\n<p>1. <strong>Nar\u0161yti ir pasirinkti<\/strong> \u2013 Pasirinkite tinkam\u0105 <strong>Dilaudid 8 mg doz\u0117<\/strong>.<br \/>\n2. <strong>\u012e krep\u0161el\u012f ir atsiskaityti<\/strong> \u2013 Saugiai pateikite savo siuntimo duomenis.<br \/>\n3. <strong>Diskretus pristatymas<\/strong> \u2013 Greitas ir konfidencialus pristatymas visame pasaulyje.<br \/>\n4. <strong>Patikimas palaikymas<\/strong> \u2013 Susisiekite su mumis d\u0117l sekimo ir pagalbos.<\/p>\n<h2><strong>Baigiamosios mintys \u2013 Gaukite greit\u0105 ir \u012fperkam\u0105 skausmo mal\u0161inim\u0105 jau \u0161iandien<\/strong><\/h2>\n<p>Jei jums reikia <strong>Dilaudid 8mg internetu greitam ir veiksmingam skausmo mal\u0161inimui<\/strong>, toliau neie\u0161kokite. Mes teikiame <strong>auk\u0161\u010diausios kokyb\u0117s Dilaudid<\/strong> u\u017e neprilygstamas kainas su pasitenkinimo garantija. <strong>U\u017esisakykite Dilaudid 8mg internetu dabar<\/strong> ir patirtis <strong>greitas ir diskreti\u0161kas skausmo valdymas<\/strong> pristatyta iki j\u016bs\u0173 dur\u0173!<\/p>\n<p><strong>Veikite dabar \u2013 \u012fsigykite Dilaudid 8 mg jau \u0161iandien ir atgaukite skausmo kontrol\u0119!<\/strong><\/p>","protected":false},"excerpt":{"rendered":"<p>Gaukite greit\u0105 ir \u012fperkam\u0105 skausmo mal\u0161inim\u0105 su \u201eDilaudid 8mg\u201c \u2013 be recepto! Nereikia r\u016bpintis vaistine ir mok\u0117ti brangiai, m\u0117gaukit\u0117s diskreti\u0161ku ir saugiu pristatymu tiesiai \u012f j\u016bs\u0173 namus. Lengvai atsiskaitykite bitkoinais ir gaukite papildom\u0105 10 % nuolaid\u0105, o u\u017esakym\u0105 sekite kiekviename \u017eingsnyje. J\u016bs\u0173 sprendimas nuo valdomo skausmo yra vos u\u017e vieno paspaudimo \u2013 u\u017esisakykite dabar!<\/p>","protected":false},"featured_media":3676,"comment_status":"open","ping_status":"closed","template":"","meta":{"site-sidebar-layout":"default","site-content-layout":"","ast-site-content-layout":"default","site-content-style":"default","site-sidebar-style":"default","ast-global-header-display":"","ast-banner-title-visibility":"","ast-main-header-display":"","ast-hfb-above-header-display":"","ast-hfb-below-header-display":"","ast-hfb-mobile-header-display":"","site-post-title":"","ast-breadcrumbs-content":"","ast-featured-img":"","footer-sml-layout":"","ast-disable-related-posts":"","theme-transparent-header-meta":"default","adv-header-id-meta":"","stick-header-meta":"default","header-above-stick-meta":"","header-main-stick-meta":"","header-below-stick-meta":"","astra-migrate-meta-layouts":"set","ast-page-background-enabled":"default","ast-page-background-meta":{"desktop":{"background-color":"","background-image":"","background-repeat":"repeat","background-position":"center center","background-size":"auto","background-attachment":"scroll","background-type":"","background-media":"","overlay-type":"","overlay-color":"","overlay-opacity":"","overlay-gradient":""},"tablet":{"background-color":"","background-image":"","background-repeat":"repeat","background-position":"center center","background-size":"auto","background-attachment":"scroll","background-type":"","background-media":"","overlay-type":"","overlay-color":"","overlay-opacity":"","overlay-gradient":""},"mobile":{"background-color":"","background-image":"","background-repeat":"repeat","background-position":"center center","background-size":"auto","background-attachment":"scroll","background-type":"","background-media":"","overlay-type":"","overlay-color":"","overlay-opacity":"","overlay-gradient":""}},"ast-content-background-meta":{"desktop":{"background-color":"var(--ast-global-color-5)","background-image":"","background-repeat":"repeat","background-position":"center center","background-size":"auto","background-attachment":"scroll","background-type":"","background-media":"","overlay-type":"","overlay-color":"","overlay-opacity":"","overlay-gradient":""},"tablet":{"background-color":"var(--ast-global-color-5)","background-image":"","background-repeat":"repeat","background-position":"center center","background-size":"auto","background-attachment":"scroll","background-type":"","background-media":"","overlay-type":"","overlay-color":"","overlay-opacity":"","overlay-gradient":""},"mobile":{"background-color":"var(--ast-global-color-5)","background-image":"","background-repeat":"repeat","background-position":"center center","background-size":"auto","background-attachment":"scroll","background-type":"","background-media":"","overlay-type":"","overlay-color":"","overlay-opacity":"","overlay-gradient":""}}},"product_brand":[],"product_cat":[37],"product_tag":[1142,1137,796,1141,1139,1060,722,1140,778,1138],"class_list":{"0":"post-3646","1":"product","2":"type-product","3":"status-publish","4":"has-post-thumbnail","6":"product_cat-buy-pain-relief-medication-online","7":"product_tag-bitcoins-for-pharmaceuticals","8":"product_tag-buy-dilaudid-8mg-online","9":"product_tag-buy-pain-meds-online","10":"product_tag-cheapest-dilaudid-online","11":"product_tag-dilaudid-for-pain-relief","12":"product_tag-dilaudid-overnight-delivery","13":"product_tag-discreet-medication-delivery","14":"product_tag-no-prescription-dilaudid","15":"product_tag-opioid-pain-relief","16":"product_tag-order-dilaudid-online","17":"desktop-align-left","18":"tablet-align-left","19":"mobile-align-left","20":"ast-product-gallery-layout-horizontal-slider","21":"ast-product-gallery-with-no-image","22":"ast-magnify-disabled","23":"ast-product-single-variable","24":"ast-product-tabs-layout-horizontal","26":"first","27":"instock","28":"shipping-taxable","29":"purchasable","30":"product-type-variable"},"yoast_head":"<!-- This site is optimized with the Yoast SEO Premium plugin v26.0 (Yoast SEO v27.6) - https:\/\/yoast.com\/product\/yoast-seo-premium-wordpress\/ -->\n<title>Dilaudid 8mg Online \u2013 Fast &amp; Affordable Pain Relief &#187; Rx Meds Plus<\/title>\n<meta name=\"description\" content=\"Buy Dilaudid 8mg online for fast, affordable pain relief without a prescription. Enjoy discreet shipping and Bitcoin discounts\u2014order now!\" \/>\n<meta name=\"robots\" content=\"noindex, follow, max-snippet:-1, max-image-preview:large, max-video-preview:-1\" \/>\n<meta property=\"og:locale\" content=\"lt_LT\" \/>\n<meta property=\"og:type\" content=\"article\" \/>\n<meta property=\"og:title\" content=\"Dilaudid 8mg Online \u2013 Fast &amp; Affordable Pain Relief\" \/>\n<meta property=\"og:description\" content=\"Buy Dilaudid 8mg online for fast, affordable pain relief without a prescription. Enjoy discreet shipping and Bitcoin discounts\u2014order now!\" \/>\n<meta property=\"og:url\" content=\"https:\/\/rxmedsplus.com\/lt\/produktas\/dilaudid-8mg-2\/\" \/>\n<meta property=\"og:site_name\" content=\"Rx Meds Plus\" \/>\n<meta property=\"article:modified_time\" content=\"2025-09-25T11:02:56+00:00\" \/>\n<meta property=\"og:image\" content=\"https:\/\/mlehknw8zzux.i.optimole.com\/w:887\/h:532\/q:mauto\/f:best\/https:\/\/rxmedsplus.com\/wp-content\/uploads\/2025\/09\/11490-dil-8mg.jpg\" \/>\n\t<meta property=\"og:image:width\" content=\"887\" \/>\n\t<meta property=\"og:image:height\" content=\"532\" \/>\n\t<meta property=\"og:image:type\" content=\"image\/jpeg\" \/>\n<meta name=\"twitter:card\" content=\"summary_large_image\" \/>\n<meta name=\"twitter:label1\" content=\"Availability\" \/>\n\t<meta name=\"twitter:data1\" content=\"In stock\" \/>\n<script type=\"application\/ld+json\" class=\"yoast-schema-graph\">{\"@context\":\"https:\\\/\\\/schema.org\",\"@graph\":[{\"@type\":\"WebPage\",\"@id\":\"https:\\\/\\\/rxmedsplus.com\\\/product\\\/dilaudid-8mg-2\\\/\",\"url\":\"https:\\\/\\\/rxmedsplus.com\\\/product\\\/dilaudid-8mg-2\\\/\",\"name\":\"Dilaudid 8mg Online \u2013 Fast & Affordable Pain Relief &#187; Rx Meds Plus\",\"isPartOf\":{\"@id\":\"https:\\\/\\\/rxmedsplus.com\\\/#website\"},\"primaryImageOfPage\":{\"@id\":\"https:\\\/\\\/rxmedsplus.com\\\/product\\\/dilaudid-8mg-2\\\/#primaryimage\"},\"image\":{\"@id\":\"https:\\\/\\\/rxmedsplus.com\\\/product\\\/dilaudid-8mg-2\\\/#primaryimage\"},\"thumbnailUrl\":\"https:\\\/\\\/rxmedsplus.com\\\/wp-content\\\/uploads\\\/2025\\\/09\\\/11490-dil-8mg.jpg\",\"datePublished\":\"2025-09-24T21:55:44+00:00\",\"dateModified\":\"2025-09-25T11:02:56+00:00\",\"description\":\"Buy Dilaudid 8mg online for fast, affordable pain relief without a prescription. Enjoy discreet shipping and Bitcoin discounts\u2014order now!\",\"breadcrumb\":{\"@id\":\"https:\\\/\\\/rxmedsplus.com\\\/product\\\/dilaudid-8mg-2\\\/#breadcrumb\"},\"inLanguage\":\"lt-LT\",\"potentialAction\":[{\"@type\":\"ReadAction\",\"target\":[\"https:\\\/\\\/rxmedsplus.com\\\/product\\\/dilaudid-8mg-2\\\/\"]}]},{\"@type\":\"ImageObject\",\"inLanguage\":\"lt-LT\",\"@id\":\"https:\\\/\\\/rxmedsplus.com\\\/product\\\/dilaudid-8mg-2\\\/#primaryimage\",\"url\":\"https:\\\/\\\/rxmedsplus.com\\\/wp-content\\\/uploads\\\/2025\\\/09\\\/11490-dil-8mg.jpg\",\"contentUrl\":\"https:\\\/\\\/rxmedsplus.com\\\/wp-content\\\/uploads\\\/2025\\\/09\\\/11490-dil-8mg.jpg\",\"width\":887,\"height\":532},{\"@type\":\"BreadcrumbList\",\"@id\":\"https:\\\/\\\/rxmedsplus.com\\\/product\\\/dilaudid-8mg-2\\\/#breadcrumb\",\"itemListElement\":[{\"@type\":\"ListItem\",\"position\":1,\"name\":\"Home\",\"item\":\"https:\\\/\\\/rxmedsplus.com\\\/\"},{\"@type\":\"ListItem\",\"position\":2,\"name\":\"Shop\",\"item\":\"https:\\\/\\\/rxmedsplus.com\\\/shop\\\/\"},{\"@type\":\"ListItem\",\"position\":3,\"name\":\"Dilaudid 8mg Online \u2013 Fast &#038; Affordable Pain Relief\"}]},{\"@type\":\"WebSite\",\"@id\":\"https:\\\/\\\/rxmedsplus.com\\\/#website\",\"url\":\"https:\\\/\\\/rxmedsplus.com\\\/\",\"name\":\"Rx Meds Plus\",\"description\":\"Buy Prescription Meds and Pills Online with Fast Delivery\",\"potentialAction\":[{\"@type\":\"SearchAction\",\"target\":{\"@type\":\"EntryPoint\",\"urlTemplate\":\"https:\\\/\\\/rxmedsplus.com\\\/?s={search_term_string}\"},\"query-input\":{\"@type\":\"PropertyValueSpecification\",\"valueRequired\":true,\"valueName\":\"search_term_string\"}}],\"inLanguage\":\"lt-LT\"}]}<\/script>\n<meta property=\"og:availability\" content=\"instock\" \/>\n<meta property=\"product:availability\" content=\"instock\" \/>\n<meta property=\"product:retailer_item_id\" content=\"vF7HcVuSyX\" \/>\n<meta property=\"product:condition\" content=\"new\" \/>\n<!-- \/ Yoast SEO Premium plugin. -->","yoast_head_json":{"title":"Dilaudid 8mg internetu \u2013 greitas ir \u012fperkamas skausmo mal\u0161inimas \u2013 Rx Meds Plus","description":"\u012esigykite Dilaudid 8 mg internetu ir gaukite greit\u0105, \u012fperkam\u0105 skausmo mal\u0161inim\u0105 be recepto. M\u0117gaukit\u0117s diskreti\u0161ku pristatymu ir Bitcoin nuolaidomis \u2013 u\u017esisakykite dabar!","robots":{"index":"noindex","follow":"follow","max-snippet":"max-snippet:-1","max-image-preview":"max-image-preview:large","max-video-preview":"max-video-preview:-1"},"og_locale":"lt_LT","og_type":"article","og_title":"Dilaudid 8mg Online \u2013 Fast & Affordable Pain Relief","og_description":"Buy Dilaudid 8mg online for fast, affordable pain relief without a prescription. Enjoy discreet shipping and Bitcoin discounts\u2014order now!","og_url":"https:\/\/rxmedsplus.com\/lt\/produktas\/dilaudid-8mg-2\/","og_site_name":"Rx Meds Plus","article_modified_time":"2025-09-25T11:02:56+00:00","og_image":[{"width":887,"height":532,"url":"https:\/\/mlehknw8zzux.i.optimole.com\/w:887\/h:532\/q:mauto\/f:best\/https:\/\/rxmedsplus.com\/wp-content\/uploads\/2025\/09\/11490-dil-8mg.jpg","type":"image\/jpeg"}],"twitter_card":"summary_large_image","twitter_misc":{"Availability":"In stock"},"schema":{"@context":"https:\/\/schema.org","@graph":[{"@type":"WebPage","@id":"https:\/\/rxmedsplus.com\/product\/dilaudid-8mg-2\/","url":"https:\/\/rxmedsplus.com\/product\/dilaudid-8mg-2\/","name":"Dilaudid 8mg internetu \u2013 greitas ir \u012fperkamas skausmo mal\u0161inimas \u2013 Rx Meds Plus","isPartOf":{"@id":"https:\/\/rxmedsplus.com\/#website"},"primaryImageOfPage":{"@id":"https:\/\/rxmedsplus.com\/product\/dilaudid-8mg-2\/#primaryimage"},"image":{"@id":"https:\/\/rxmedsplus.com\/product\/dilaudid-8mg-2\/#primaryimage"},"thumbnailUrl":"https:\/\/rxmedsplus.com\/wp-content\/uploads\/2025\/09\/11490-dil-8mg.jpg","datePublished":"2025-09-24T21:55:44+00:00","dateModified":"2025-09-25T11:02:56+00:00","description":"\u012esigykite Dilaudid 8 mg internetu ir gaukite greit\u0105, \u012fperkam\u0105 skausmo mal\u0161inim\u0105 be recepto. M\u0117gaukit\u0117s diskreti\u0161ku pristatymu ir Bitcoin nuolaidomis \u2013 u\u017esisakykite dabar!","breadcrumb":{"@id":"https:\/\/rxmedsplus.com\/product\/dilaudid-8mg-2\/#breadcrumb"},"inLanguage":"lt-LT","potentialAction":[{"@type":"ReadAction","target":["https:\/\/rxmedsplus.com\/product\/dilaudid-8mg-2\/"]}]},{"@type":"ImageObject","inLanguage":"lt-LT","@id":"https:\/\/rxmedsplus.com\/product\/dilaudid-8mg-2\/#primaryimage","url":"https:\/\/rxmedsplus.com\/wp-content\/uploads\/2025\/09\/11490-dil-8mg.jpg","contentUrl":"https:\/\/rxmedsplus.com\/wp-content\/uploads\/2025\/09\/11490-dil-8mg.jpg","width":887,"height":532},{"@type":"BreadcrumbList","@id":"https:\/\/rxmedsplus.com\/product\/dilaudid-8mg-2\/#breadcrumb","itemListElement":[{"@type":"ListItem","position":1,"name":"Home","item":"https:\/\/rxmedsplus.com\/"},{"@type":"ListItem","position":2,"name":"Shop","item":"https:\/\/rxmedsplus.com\/shop\/"},{"@type":"ListItem","position":3,"name":"Dilaudid 8mg Online \u2013 Fast &#038; Affordable Pain Relief"}]},{"@type":"WebSite","@id":"https:\/\/rxmedsplus.com\/#website","url":"https:\/\/rxmedsplus.com\/","name":"Receptiniai vaistai plius","description":"Pirkite receptinius vaistus ir tabletes internetu su greitu pristatymu","potentialAction":[{"@type":"SearchAction","target":{"@type":"EntryPoint","urlTemplate":"https:\/\/rxmedsplus.com\/?s={search_term_string}"},"query-input":{"@type":"PropertyValueSpecification","valueRequired":true,"valueName":"search_term_string"}}],"inLanguage":"lt-LT"}]},"og_availability":"instock","product_availability":"instock","product_retailer_item_id":"vF7HcVuSyX","product_condition":"new"},"_links":{"self":[{"href":"https:\/\/rxmedsplus.com\/lt\/wp-json\/wp\/v2\/product\/3646","targetHints":{"allow":["GET"]}}],"collection":[{"href":"https:\/\/rxmedsplus.com\/lt\/wp-json\/wp\/v2\/product"}],"about":[{"href":"https:\/\/rxmedsplus.com\/lt\/wp-json\/wp\/v2\/types\/product"}],"replies":[{"embeddable":true,"href":"https:\/\/rxmedsplus.com\/lt\/wp-json\/wp\/v2\/comments?post=3646"}],"wp:featuredmedia":[{"embeddable":true,"href":"https:\/\/rxmedsplus.com\/lt\/wp-json\/wp\/v2\/media\/3676"}],"wp:attachment":[{"href":"https:\/\/rxmedsplus.com\/lt\/wp-json\/wp\/v2\/media?parent=3646"}],"wp:term":[{"taxonomy":"product_brand","embeddable":true,"href":"https:\/\/rxmedsplus.com\/lt\/wp-json\/wp\/v2\/product_brand?post=3646"},{"taxonomy":"product_cat","embeddable":true,"href":"https:\/\/rxmedsplus.com\/lt\/wp-json\/wp\/v2\/product_cat?post=3646"},{"taxonomy":"product_tag","embeddable":true,"href":"https:\/\/rxmedsplus.com\/lt\/wp-json\/wp\/v2\/product_tag?post=3646"}],"curies":[{"name":"wp","href":"https:\/\/api.w.org\/{rel}","templated":true}]}}