{"id":3683,"date":"2025-09-24T21:56:12","date_gmt":"2025-09-24T21:56:12","guid":{"rendered":"https:\/\/rxmedsplus.com\/?post_type=product&#038;p=3683"},"modified":"2025-09-25T11:02:37","modified_gmt":"2025-09-25T11:02:37","slug":"buy-ritalin-online-2","status":"publish","type":"product","link":"https:\/\/rxmedsplus.com\/lt\/product\/buy-ritalin-online-2\/","title":{"rendered":"Pirkite Ritalin 10mg internetu | Greitas ir saugus pristatymas JAV"},"content":{"rendered":"<h2>Pirkite Ritalin 10mg internetu ADHD gydymui \u2013 greitas ir diskreti\u0161kas pristatymas JAV<\/h2>\n<p>Jei ie\u0161kote patikimos internetin\u0117s vaistin\u0117s, kurioje gal\u0117tum\u0117te \u012fsigyti Ritalin 10 mg internetu be recepto, toliau neie\u0161kokite. Mes si\u016blome autenti\u0161kas Ritalin 10 mg tabletes su greitu ir saugiu pristatymu \u012f JAV, u\u017etikrinant greit\u0105 ir diskreti\u0161k\u0105 pristatym\u0105 tiesiai \u012f j\u016bs\u0173 namus. Esame patikimas internetinis vaist\u0173 pardav\u0117jas, garantuojame auk\u0161tos kokyb\u0117s vaistus klientams JAV, Kanadoje, ES ir visame pasaulyje. Nesvarbu, ar jums reikia Ritalin ADHD valdymui, ar pa\u017einimo gerinimui, m\u016bs\u0173 paprastas u\u017esakymo procesas ir patikimas aptarnavimas daro mus geriausiu pasirinkimu perkant Ritalin internetu.<\/p>\n<h3>Kas yra Ritalin 10mg ir kaip jis veikia?<\/h3>\n<p>Ritalinas 10 mg yra receptinis stimuliatorius, kurio sud\u0117tyje yra metilfenidato \u2013 centrin\u0117s nerv\u0173 sistemos stimuliatoriaus, gerinan\u010dio susikaupim\u0105, d\u0117mes\u012f ir impuls\u0173 kontrol\u0119. Jis daugiausia vartojamas d\u0117mesio deficito ir hiperaktyvumo sutrikimui (ADHD) bei narkolepsijai gydyti. Veikdamas smegen\u0173 neurotransmiterius, Ritalinas padeda pagerinti protin\u012f ai\u0161kum\u0105, susikaupim\u0105 ir produktyvum\u0105, tod\u0117l tai labai paklausus vaistas studentams, specialistams ir asmenims, turintiems ADHD.<\/p>\n<h4>Pagrindiniai Ritalino 10 mg privalumai<\/h4>\n<p>&#8211; <strong>Gerina susikaupim\u0105 ir d\u0117mesio koncentracij\u0105<\/strong> \u2013 Pagerina kognityvinius geb\u0117jimus ir d\u0117mesio koncentracij\u0105.<br \/>\n&#8211; <strong>Ma\u017eina hiperaktyvum\u0105 ir impulsyvum\u0105<\/strong> \u2013 Padeda veiksmingai valdyti ADHD simptomus.<br \/>\n&#8211; <strong>Didina psichin\u0119 energij\u0105<\/strong> \u2013 Padidina budrum\u0105 ir ma\u017eina nuovarg\u012f.<br \/>\n&#8211; <strong>Saugi ir greitai veikianti formul\u0117<\/strong> \u2013 Greiti rezultatai pasiekiami per 30\u201360 minu\u010di\u0173 po vartojimo.<\/p>\n<h3>Rekomenduojamas dozavimas ir vartojimo gair\u0117s<\/h3>\n<p>Pradedantiesiems ir tiems, kuri\u0173 toleravimas yra prastas, ideali 10 mg doz\u0117. Dauguma vartotoj\u0173 vartoja 1\u20132 tabletes per dien\u0105, priklausomai nuo gydytojo patarimo arba asmeninio toleravimo. \u0160tai bendras vartojimo vadovas:<br \/>\n&#8211; <strong>ADHD gydymas:<\/strong> Prireikus gerti po pus\u0119 ar vien\u0105 tablet\u0119 (5\u201310 mg) 2\u20133 kartus per dien\u0105.<br \/>\n&#8211; <strong>Kognityvinis gerinimas:<\/strong> Viena tablet\u0117 (10 mg) ryte arba prie\u0161 proti\u0161kai sud\u0117ting\u0105 u\u017eduot\u012f.<\/p>\n<p>Visada prad\u0117kite nuo ma\u017eesn\u0117s doz\u0117s, kad \u012fvertintum\u0117te tolerancij\u0105. Venkite vir\u0161yti 60 mg per dien\u0105, kad i\u0161vengtum\u0117te \u0161alutinio poveikio.<\/p>\n<h3>Kod\u0117l verta pirkti Ritalin 10mg internetu i\u0161 m\u016bs\u0173?<\/h3>\n<p>1. <strong>Recepto nereikia<\/strong> \u2013 Nereikia vargti d\u0117l apsilankym\u0173 pas gydytojus ir Ritalin\u0105 gauti greitai ir diskreti\u0161kai.<br \/>\n2. <strong>Garantuotas autenti\u0161kumas<\/strong> \u2013 Tiekiame tik original\u0173, laboratori\u0161kai patikrint\u0105 Ritalin\u0105 i\u0161 patikim\u0173 gamintoj\u0173.<br \/>\n3. <strong>Greitas ir saugus pristatymas \u012f JAV<\/strong> \u2013 Pristatymas JAV per 2\u20135 dienas, su sekimu ir diskreti\u0161ka pakuote.<br \/>\n4. <strong>Siuntimas visame pasaulyje galimas<\/strong> \u2013 Aptarnaujame klientus JAV, Kanadoje, ES ir visame pasaulyje.<\/p>\n<h3>Galimas \u0161alutinis poveikis ir saugos priemon\u0117s<\/h3>\n<p>Nors Ritalin 10mg paprastai yra saugus, kai vartojamas teisingai, kai kuriems pacientams gali pasireik\u0161ti lengvas \u0161alutinis poveikis, \u012fskaitant:<br \/>\nNemiga arba miego sutrikimai<br \/>\nSuma\u017e\u0117j\u0119s apetitas<br \/>\nGalvos skausmas arba galvos svaigimas<br \/>\nLengvas nervingumas<\/p>\n<p>Kad suma\u017eintum\u0117te rizik\u0105, vartodami Ritalin\u0105 venkite alkoholio ir kofeino. Nederinkite jo su kitais stimuliatoriais be medicinin\u0117s prie\u017ei\u016bros.<\/p>\n<h3>Kur saugiai internetu \u012fsigyti Ritalin 10mg<\/h3>\n<p>Labai svarbu rasti patikim\u0105 \u0161altin\u012f, norint internetu \u012fsigyti Ritalin 10mg. Esame patikima internetin\u0117 vaistin\u0117, tod\u0117l u\u017etikriname:<br \/>\n&#8211; <strong>Saugios mok\u0117jimo parinktys<\/strong> \u2013 Keli mok\u0117jimo b\u016bdai patogumui.<br \/>\n&#8211; <strong>100 % diskreti\u0161ka pakuot\u0117<\/strong> \u2013 N\u0117ra etike\u010di\u0173, nurodan\u010di\u0173 turin\u012f.<br \/>\n&#8211; <strong>Klient\u0173 aptarnavimas vis\u0105 par\u0105<\/strong> \u2013 Pagalba kiekviename j\u016bs\u0173 u\u017esakymo etape.<\/p>\n<h3>U\u017esisakykite Ritalin 10mg jau \u0161iandien ir m\u0117gaukit\u0117s greitu pristatymu<\/h3>\n<p>Neleiskite, kad ADHD ar d\u0117mesio stoka jus stabdyt\u0173. \u012esigykite Ritalin 10mg internetu i\u0161 patikimo pardav\u0117jo ir pagerinkite protinius geb\u0117jimus greitu ir saugiu pristatymu. Nesvarbu, ar esate JAV, Kanadoje, ar kitur pasaulyje, pristatome greitai ir u\u017etikriname konfidencialum\u0105.<\/p>\n<p><strong>U\u017esisakykite dabar ir gaukite savo Ritalin 10mg diskreti\u0161kai pristatyt\u0105 tiesiai \u012f j\u016bs\u0173 namus!<\/strong><\/p>","protected":false},"excerpt":{"rendered":"<p>Reikia greito ir patikimo ADHD sprendimo? \u012esigykite Ritalin 10mg internetu su greitu ir saugiu pristatymu \u012f JAV \u2013 be recepto. M\u016bs\u0173 FDA patvirtintos metilfenidato tablet\u0117s padeda veiksmingai valdyti susikaupim\u0105 ir hiperaktyvum\u0105. M\u0117gaukit\u0117s nesud\u0117tingu pirkimo procesu ir diskreti\u0161ku pristatymu \u012f namus. Rinkit\u0117s patikim\u0105 kokyb\u0119 su \u201eScope Pharmaceutical Shop\u201c jau \u0161iandien!<\/p>","protected":false},"featured_media":3717,"comment_status":"open","ping_status":"closed","template":"","meta":{"site-sidebar-layout":"default","site-content-layout":"","ast-site-content-layout":"default","site-content-style":"default","site-sidebar-style":"default","ast-global-header-display":"","ast-banner-title-visibility":"","ast-main-header-display":"","ast-hfb-above-header-display":"","ast-hfb-below-header-display":"","ast-hfb-mobile-header-display":"","site-post-title":"","ast-breadcrumbs-content":"","ast-featured-img":"","footer-sml-layout":"","ast-disable-related-posts":"","theme-transparent-header-meta":"default","adv-header-id-meta":"","stick-header-meta":"default","header-above-stick-meta":"","header-main-stick-meta":"","header-below-stick-meta":"","astra-migrate-meta-layouts":"set","ast-page-background-enabled":"default","ast-page-background-meta":{"desktop":{"background-color":"","background-image":"","background-repeat":"repeat","background-position":"center center","background-size":"auto","background-attachment":"scroll","background-type":"","background-media":"","overlay-type":"","overlay-color":"","overlay-opacity":"","overlay-gradient":""},"tablet":{"background-color":"","background-image":"","background-repeat":"repeat","background-position":"center center","background-size":"auto","background-attachment":"scroll","background-type":"","background-media":"","overlay-type":"","overlay-color":"","overlay-opacity":"","overlay-gradient":""},"mobile":{"background-color":"","background-image":"","background-repeat":"repeat","background-position":"center center","background-size":"auto","background-attachment":"scroll","background-type":"","background-media":"","overlay-type":"","overlay-color":"","overlay-opacity":"","overlay-gradient":""}},"ast-content-background-meta":{"desktop":{"background-color":"var(--ast-global-color-5)","background-image":"","background-repeat":"repeat","background-position":"center center","background-size":"auto","background-attachment":"scroll","background-type":"","background-media":"","overlay-type":"","overlay-color":"","overlay-opacity":"","overlay-gradient":""},"tablet":{"background-color":"var(--ast-global-color-5)","background-image":"","background-repeat":"repeat","background-position":"center center","background-size":"auto","background-attachment":"scroll","background-type":"","background-media":"","overlay-type":"","overlay-color":"","overlay-opacity":"","overlay-gradient":""},"mobile":{"background-color":"var(--ast-global-color-5)","background-image":"","background-repeat":"repeat","background-position":"center center","background-size":"auto","background-attachment":"scroll","background-type":"","background-media":"","overlay-type":"","overlay-color":"","overlay-opacity":"","overlay-gradient":""}}},"product_brand":[],"product_cat":[37],"product_tag":[241,247,632,1070,1068,1067,1069,251,1066,1071],"class_list":{"0":"post-3683","1":"product","2":"type-product","3":"status-publish","4":"has-post-thumbnail","6":"product_cat-buy-pain-relief-medication-online","7":"product_tag-adhd-medication","8":"product_tag-adhd-treatment","9":"product_tag-buy-ritalin-online","10":"product_tag-cognitive-enhancer","11":"product_tag-fast-usa-shipping","12":"product_tag-methylphenidate","13":"product_tag-no-prescription-ritalin","14":"product_tag-online-pharmacy","15":"product_tag-ritalin-10mg","16":"product_tag-secure-ritalin-purchase","17":"desktop-align-left","18":"tablet-align-left","19":"mobile-align-left","20":"ast-product-gallery-layout-horizontal-slider","21":"ast-product-gallery-with-no-image","22":"ast-magnify-disabled","23":"ast-product-single-variable","24":"ast-product-tabs-layout-horizontal","26":"first","27":"instock","28":"shipping-taxable","29":"purchasable","30":"product-type-variable"},"yoast_head":"<!-- This site is optimized with the Yoast SEO Premium plugin v26.0 (Yoast SEO v27.6) - https:\/\/yoast.com\/product\/yoast-seo-premium-wordpress\/ -->\n<title>Buy Ritalin 10mg Online | Fast &amp; Secure USA Shipping &#187; Rx Meds Plus<\/title>\n<meta name=\"description\" content=\"Buy Ritalin online for ADHD treatment with fast, secure USA shipping. Get authentic Ritalin 10mg tablets delivered discreetly \u2013 order now!\" \/>\n<meta name=\"robots\" content=\"noindex, follow, max-snippet:-1, max-image-preview:large, max-video-preview:-1\" \/>\n<meta property=\"og:locale\" content=\"lt_LT\" \/>\n<meta property=\"og:type\" content=\"article\" \/>\n<meta property=\"og:title\" content=\"Buy Ritalin 10mg Online | Fast &amp; Secure USA Shipping\" \/>\n<meta property=\"og:description\" content=\"Buy Ritalin online for ADHD treatment with fast, secure USA shipping. Get authentic Ritalin 10mg tablets delivered discreetly \u2013 order now!\" \/>\n<meta property=\"og:url\" content=\"https:\/\/rxmedsplus.com\/lt\/produktas\/buy-ritalin-online-2\/\" \/>\n<meta property=\"og:site_name\" content=\"Rx Meds Plus\" \/>\n<meta property=\"article:modified_time\" content=\"2025-09-25T11:02:37+00:00\" \/>\n<meta property=\"og:image\" content=\"https:\/\/mlehknw8zzux.i.optimole.com\/w:450\/h:450\/q:mauto\/f:best\/https:\/\/rxmedsplus.com\/wp-content\/uploads\/2025\/09\/ee33eq2ss.jpg\" \/>\n\t<meta property=\"og:image:width\" content=\"450\" \/>\n\t<meta property=\"og:image:height\" content=\"450\" \/>\n\t<meta property=\"og:image:type\" content=\"image\/jpeg\" \/>\n<meta name=\"twitter:card\" content=\"summary_large_image\" \/>\n<meta name=\"twitter:label1\" content=\"Availability\" \/>\n\t<meta name=\"twitter:data1\" content=\"In stock\" \/>\n<script type=\"application\/ld+json\" class=\"yoast-schema-graph\">{\"@context\":\"https:\\\/\\\/schema.org\",\"@graph\":[{\"@type\":\"WebPage\",\"@id\":\"https:\\\/\\\/rxmedsplus.com\\\/product\\\/buy-ritalin-online-2\\\/\",\"url\":\"https:\\\/\\\/rxmedsplus.com\\\/product\\\/buy-ritalin-online-2\\\/\",\"name\":\"Buy Ritalin 10mg Online | Fast & Secure USA Shipping &#187; Rx Meds Plus\",\"isPartOf\":{\"@id\":\"https:\\\/\\\/rxmedsplus.com\\\/#website\"},\"primaryImageOfPage\":{\"@id\":\"https:\\\/\\\/rxmedsplus.com\\\/product\\\/buy-ritalin-online-2\\\/#primaryimage\"},\"image\":{\"@id\":\"https:\\\/\\\/rxmedsplus.com\\\/product\\\/buy-ritalin-online-2\\\/#primaryimage\"},\"thumbnailUrl\":\"https:\\\/\\\/rxmedsplus.com\\\/wp-content\\\/uploads\\\/2025\\\/09\\\/ee33eq2ss.jpg\",\"datePublished\":\"2025-09-24T21:56:12+00:00\",\"dateModified\":\"2025-09-25T11:02:37+00:00\",\"description\":\"Buy Ritalin online for ADHD treatment with fast, secure USA shipping. Get authentic Ritalin 10mg tablets delivered discreetly \u2013 order now!\",\"breadcrumb\":{\"@id\":\"https:\\\/\\\/rxmedsplus.com\\\/product\\\/buy-ritalin-online-2\\\/#breadcrumb\"},\"inLanguage\":\"lt-LT\",\"potentialAction\":[{\"@type\":\"ReadAction\",\"target\":[\"https:\\\/\\\/rxmedsplus.com\\\/product\\\/buy-ritalin-online-2\\\/\"]}]},{\"@type\":\"ImageObject\",\"inLanguage\":\"lt-LT\",\"@id\":\"https:\\\/\\\/rxmedsplus.com\\\/product\\\/buy-ritalin-online-2\\\/#primaryimage\",\"url\":\"https:\\\/\\\/rxmedsplus.com\\\/wp-content\\\/uploads\\\/2025\\\/09\\\/ee33eq2ss.jpg\",\"contentUrl\":\"https:\\\/\\\/rxmedsplus.com\\\/wp-content\\\/uploads\\\/2025\\\/09\\\/ee33eq2ss.jpg\",\"width\":450,\"height\":450},{\"@type\":\"BreadcrumbList\",\"@id\":\"https:\\\/\\\/rxmedsplus.com\\\/product\\\/buy-ritalin-online-2\\\/#breadcrumb\",\"itemListElement\":[{\"@type\":\"ListItem\",\"position\":1,\"name\":\"Home\",\"item\":\"https:\\\/\\\/rxmedsplus.com\\\/\"},{\"@type\":\"ListItem\",\"position\":2,\"name\":\"Shop\",\"item\":\"https:\\\/\\\/rxmedsplus.com\\\/shop\\\/\"},{\"@type\":\"ListItem\",\"position\":3,\"name\":\"Buy Ritalin 10mg Online | Fast &#038; Secure USA Shipping\"}]},{\"@type\":\"WebSite\",\"@id\":\"https:\\\/\\\/rxmedsplus.com\\\/#website\",\"url\":\"https:\\\/\\\/rxmedsplus.com\\\/\",\"name\":\"Rx Meds Plus\",\"description\":\"Buy Prescription Meds and Pills Online with Fast Delivery\",\"potentialAction\":[{\"@type\":\"SearchAction\",\"target\":{\"@type\":\"EntryPoint\",\"urlTemplate\":\"https:\\\/\\\/rxmedsplus.com\\\/?s={search_term_string}\"},\"query-input\":{\"@type\":\"PropertyValueSpecification\",\"valueRequired\":true,\"valueName\":\"search_term_string\"}}],\"inLanguage\":\"lt-LT\"}]}<\/script>\n<meta property=\"og:availability\" content=\"instock\" \/>\n<meta property=\"product:availability\" content=\"instock\" \/>\n<meta property=\"product:retailer_item_id\" content=\"kpWQLnAtfR\" \/>\n<meta property=\"product:condition\" content=\"new\" \/>\n<!-- \/ Yoast SEO Premium plugin. -->","yoast_head_json":{"title":"Pirkite Ritalin 10mg internetu | Greitas ir saugus pristatymas JAV \u2013 Rx Meds Plus","description":"\u012esigykite Ritalin internetu ADHD gydymui su greitu ir saugiu pristatymu \u012f JAV. Gaukite autenti\u0161kas Ritalin 10 mg tabletes diskreti\u0161kai pristatytas \u2013 u\u017esisakykite dabar!","robots":{"index":"noindex","follow":"follow","max-snippet":"max-snippet:-1","max-image-preview":"max-image-preview:large","max-video-preview":"max-video-preview:-1"},"og_locale":"lt_LT","og_type":"article","og_title":"Buy Ritalin 10mg Online | Fast & Secure USA Shipping","og_description":"Buy Ritalin online for ADHD treatment with fast, secure USA shipping. Get authentic Ritalin 10mg tablets delivered discreetly \u2013 order now!","og_url":"https:\/\/rxmedsplus.com\/lt\/produktas\/buy-ritalin-online-2\/","og_site_name":"Rx Meds Plus","article_modified_time":"2025-09-25T11:02:37+00:00","og_image":[{"width":450,"height":450,"url":"https:\/\/mlehknw8zzux.i.optimole.com\/w:450\/h:450\/q:mauto\/f:best\/https:\/\/rxmedsplus.com\/wp-content\/uploads\/2025\/09\/ee33eq2ss.jpg","type":"image\/jpeg"}],"twitter_card":"summary_large_image","twitter_misc":{"Availability":"In stock"},"schema":{"@context":"https:\/\/schema.org","@graph":[{"@type":"WebPage","@id":"https:\/\/rxmedsplus.com\/product\/buy-ritalin-online-2\/","url":"https:\/\/rxmedsplus.com\/product\/buy-ritalin-online-2\/","name":"Pirkite Ritalin 10mg internetu | Greitas ir saugus pristatymas JAV \u2013 Rx Meds Plus","isPartOf":{"@id":"https:\/\/rxmedsplus.com\/#website"},"primaryImageOfPage":{"@id":"https:\/\/rxmedsplus.com\/product\/buy-ritalin-online-2\/#primaryimage"},"image":{"@id":"https:\/\/rxmedsplus.com\/product\/buy-ritalin-online-2\/#primaryimage"},"thumbnailUrl":"https:\/\/rxmedsplus.com\/wp-content\/uploads\/2025\/09\/ee33eq2ss.jpg","datePublished":"2025-09-24T21:56:12+00:00","dateModified":"2025-09-25T11:02:37+00:00","description":"\u012esigykite Ritalin internetu ADHD gydymui su greitu ir saugiu pristatymu \u012f JAV. Gaukite autenti\u0161kas Ritalin 10 mg tabletes diskreti\u0161kai pristatytas \u2013 u\u017esisakykite dabar!","breadcrumb":{"@id":"https:\/\/rxmedsplus.com\/product\/buy-ritalin-online-2\/#breadcrumb"},"inLanguage":"lt-LT","potentialAction":[{"@type":"ReadAction","target":["https:\/\/rxmedsplus.com\/product\/buy-ritalin-online-2\/"]}]},{"@type":"ImageObject","inLanguage":"lt-LT","@id":"https:\/\/rxmedsplus.com\/product\/buy-ritalin-online-2\/#primaryimage","url":"https:\/\/rxmedsplus.com\/wp-content\/uploads\/2025\/09\/ee33eq2ss.jpg","contentUrl":"https:\/\/rxmedsplus.com\/wp-content\/uploads\/2025\/09\/ee33eq2ss.jpg","width":450,"height":450},{"@type":"BreadcrumbList","@id":"https:\/\/rxmedsplus.com\/product\/buy-ritalin-online-2\/#breadcrumb","itemListElement":[{"@type":"ListItem","position":1,"name":"Home","item":"https:\/\/rxmedsplus.com\/"},{"@type":"ListItem","position":2,"name":"Shop","item":"https:\/\/rxmedsplus.com\/shop\/"},{"@type":"ListItem","position":3,"name":"Buy Ritalin 10mg Online | Fast &#038; Secure USA Shipping"}]},{"@type":"WebSite","@id":"https:\/\/rxmedsplus.com\/#website","url":"https:\/\/rxmedsplus.com\/","name":"Receptiniai vaistai plius","description":"Pirkite receptinius vaistus ir tabletes internetu su greitu pristatymu","potentialAction":[{"@type":"SearchAction","target":{"@type":"EntryPoint","urlTemplate":"https:\/\/rxmedsplus.com\/?s={search_term_string}"},"query-input":{"@type":"PropertyValueSpecification","valueRequired":true,"valueName":"search_term_string"}}],"inLanguage":"lt-LT"}]},"og_availability":"instock","product_availability":"instock","product_retailer_item_id":"kpWQLnAtfR","product_condition":"new"},"_links":{"self":[{"href":"https:\/\/rxmedsplus.com\/lt\/wp-json\/wp\/v2\/product\/3683","targetHints":{"allow":["GET"]}}],"collection":[{"href":"https:\/\/rxmedsplus.com\/lt\/wp-json\/wp\/v2\/product"}],"about":[{"href":"https:\/\/rxmedsplus.com\/lt\/wp-json\/wp\/v2\/types\/product"}],"replies":[{"embeddable":true,"href":"https:\/\/rxmedsplus.com\/lt\/wp-json\/wp\/v2\/comments?post=3683"}],"wp:featuredmedia":[{"embeddable":true,"href":"https:\/\/rxmedsplus.com\/lt\/wp-json\/wp\/v2\/media\/3717"}],"wp:attachment":[{"href":"https:\/\/rxmedsplus.com\/lt\/wp-json\/wp\/v2\/media?parent=3683"}],"wp:term":[{"taxonomy":"product_brand","embeddable":true,"href":"https:\/\/rxmedsplus.com\/lt\/wp-json\/wp\/v2\/product_brand?post=3683"},{"taxonomy":"product_cat","embeddable":true,"href":"https:\/\/rxmedsplus.com\/lt\/wp-json\/wp\/v2\/product_cat?post=3683"},{"taxonomy":"product_tag","embeddable":true,"href":"https:\/\/rxmedsplus.com\/lt\/wp-json\/wp\/v2\/product_tag?post=3683"}],"curies":[{"name":"wp","href":"https:\/\/api.w.org\/{rel}","templated":true}]}}