{"id":3454,"date":"2025-09-24T21:52:46","date_gmt":"2025-09-24T21:52:46","guid":{"rendered":"https:\/\/rxmedsplus.com\/?post_type=product&#038;p=3454"},"modified":"2025-09-25T11:01:05","modified_gmt":"2025-09-25T11:01:05","slug":"buy-ambien-online","status":"publish","type":"product","link":"https:\/\/rxmedsplus.com\/lv\/product\/buy-ambien-online\/","title":{"rendered":"Buy Ambien Online Fast \u2013 Affordable Zolpidem 10mg"},"content":{"rendered":"<h2>Ieg\u0101d\u0101jieties Ambien tie\u0161saist\u0113 \u0101tri \u2014 pieejama Zolpidem 10mg dro\u0161am un efekt\u012bvam miega atbalstam<\/h2>\n<p>Ja j\u016bs c\u012bn\u0101ties ar bezmiegu vai neregul\u0101ru miega tr\u016bkumu, <strong>Buy Ambien Online Fast \u2013 Affordable Zolpidem 10mg<\/strong> pied\u0101v\u0101 uzticamu risin\u0101jumu, kas pal\u012bdz\u0113s jums sasniegt dzi\u013cu un mier\u012bgu miegu. K\u0101 <strong>uzticama tie\u0161saistes aptieka<\/strong>, m\u0113s pied\u0101v\u0101jam augst\u0101k\u0101s kvalit\u0101tes <strong>Zolpidema 10 mg tabletes<\/strong> par konkur\u0113tsp\u0113j\u012bg\u0101m cen\u0101m bez receptes. Neatkar\u012bgi no t\u0101, vai atrodaties <strong>ASV, Kan\u0101da, ES vai vis\u0101 pasaul\u0113<\/strong>M\u016bsu diskr\u0113t\u0101 pieg\u0101de nodro\u0161ina, ka j\u016bsu pas\u016bt\u012bjums non\u0101ks galam\u0113r\u0137\u012b dro\u0161i un konfidenci\u0101li.  <\/p>\n<h3>Kas ir Ambiens (Zolpidems)?<\/h3>\n<p><strong>Ambiens (zolpid\u0113ms)<\/strong> ir \u0101tras darb\u012bbas sedat\u012bvs-hipnotisks l\u012bdzeklis, kas paredz\u0113ts \u0101rst\u0113\u0161anai <strong>bezmiegs un miega trauc\u0113jumi<\/strong>Tas darbojas, pastiprinot GABA, nomierino\u0161a neirotransmitera smadzen\u0113s, iedarb\u012bbu, pal\u012bdzot lietot\u0101jiem <strong>aizmigt \u0101tr\u0101k un gul\u0113t ilg\u0101k<\/strong>. The <strong>10 mg deva<\/strong> ir visbie\u017e\u0101k noz\u012bm\u0113t\u0101 stipruma l\u012bdzeklis, kas nodro\u0161ina l\u012bdzsvaru starp efektivit\u0101ti un minim\u0101l\u0101m blakuspar\u0101d\u012bb\u0101m.  <\/p>\n<h3>Ambien ieg\u0101des tie\u0161saist\u0113 priek\u0161roc\u012bbas<\/h3>\n<p>Kad tu <strong>\u0101tri ieg\u0101d\u0101jieties Ambien tie\u0161saist\u0113<\/strong>, j\u016bs ieg\u016bstat piek\u013cuvi:<br \/>\n&#8211; <strong>\u0100tra pieg\u0101de<\/strong> \u2013 Nav j\u0101gaida receptes vai j\u0101apmekl\u0113 aptieka.<br \/>\n&#8211; <strong>Diskr\u0113ts iepakojums<\/strong> \u2013 J\u016bsu priv\u0101tums ir m\u016bsu priorit\u0101te.<br \/>\n&#8211; <strong>Pieejamas cenas<\/strong> \u2013 Ietaupiet naudu sal\u012bdzin\u0101jum\u0101 ar tradicion\u0101laj\u0101m aptiek\u0101m.<br \/>\n&#8211; <strong>Uzticama efektivit\u0101te<\/strong> \u2013 Autentisks <strong>Zolpidems 10 mg<\/strong> Tabletes garant\u0113tam rezult\u0101tam.  <\/p>\n<h3>Ieteicam\u0101 deva un lieto\u0161ana<\/h3>\n<p>Lai nodro\u0161in\u0101tu dro\u0161\u012bbu un efektivit\u0101ti, lieto\u0161anas laik\u0101 iev\u0113rojiet \u0161\u012bs vadl\u012bnijas. <strong>Ambiens (zolpid\u0113ms 10 mg)<\/strong>:<br \/>\n&#8211; <strong>Standarta deva<\/strong>: Pa\u0146emt <strong>viena 10 mg tablete<\/strong> tie\u0161i pirms gul\u0113tie\u0161anas.<br \/>\n&#8211; <strong>Gados vec\u0101ki pacienti<\/strong>Samazin\u0101ta deva <strong>5 mg<\/strong> var ieteikt.<br \/>\n&#8211; <strong>Lieto\u0161ana kop\u0101 ar \u0113dienu<\/strong>Pirms lieto\u0161anas izvairieties no smag\u0101m malt\u012bt\u0113m, lai nodro\u0161in\u0101tu \u0101tr\u0101ku uzs\u016bk\u0161anos.<br \/>\n&#8211; <strong>Ilgums<\/strong>Lieto\u0161ana <strong>\u012bstermi\u0146a<\/strong> (7\u201310 dienas), ja vien \u0101rsts nav ieteicis cit\u0101di.  <\/p>\n<h3>Dro\u0161\u012bba un blakuspar\u0101d\u012bbas<\/h3>\n<p>Kam\u0113r <strong>Zolpidems 10 mg<\/strong> parasti ir dro\u0161s, da\u017eiem lietot\u0101jiem var rasties vieglas blakuspar\u0101d\u012bbas, tostarp:<br \/>\n&#8211; <strong>Miegain\u012bba vai reibonis<\/strong><br \/>\n&#8211; <strong>Sausa mute vai vieglas galvass\u0101pes<\/strong><br \/>\n&#8211; <strong>Pagaidu atmi\u0146as migla<\/strong>  <\/p>\n<p>Lai mazin\u0101tu riskus, p\u0113c Ambien lieto\u0161anas izvairieties no alkohola lieto\u0161anas un smago ma\u0161\u012bnu apkalpo\u0161anas. Ja blakuspar\u0101d\u012bbas saglab\u0101jas, konsult\u0113jieties ar \u0101rstu.  <\/p>\n<h2>K\u0101p\u0113c izv\u0113l\u0113ties m\u016bs savam pirkumam?<\/h2>\n<p>K\u0101 <strong>cien\u012bjama tie\u0161saistes aptieka<\/strong>, m\u0113s izce\u013camies ar pied\u0101v\u0101jumu:<br \/>\n1. <strong>\u0112rt\u012bbas bez receptes<\/strong> \u2013 Izvairieties no \u0101rsta apmekl\u0113jumu raiz\u0113m.<br \/>\n2. <strong>Dro\u0161as maks\u0101jumu iesp\u0113jas<\/strong> \u2013 Dro\u0161i un \u0161ifr\u0113ti dar\u012bjumi.<br \/>\n3. <strong>Pieg\u0101de vis\u0101 pasaul\u0113<\/strong> \u2013 \u0100tra un diskr\u0113ta pieg\u0101de l\u012bdz j\u016bsu durv\u012bm.<br \/>\n4. <strong>Klientu atbalsts visu diennakti, 7 dienas ned\u0113\u013c\u0101<\/strong> \u2013 Uzticama pal\u012bdz\u012bba jebkuros jaut\u0101jumos.  <\/p>\n<h3>K\u0101 \u0101tri un dro\u0161i ieg\u0101d\u0101ties Ambien tie\u0161saist\u0113<\/h3>\n<p>Izpildiet \u0161\u012bs vienk\u0101r\u0161\u0101s darb\u012bbas, lai <strong>ieg\u0101d\u0101ties Ambien tie\u0161saist\u0113<\/strong>:<br \/>\n1. <strong>Apskatiet m\u016bsu izv\u0113li<\/strong> un pievienot <strong>Zolpidems 10 mg<\/strong> uz j\u016bsu grozu.<br \/>\n2. <strong>Izrakst\u012bties<\/strong> ar j\u016bsu izv\u0113l\u0113to maks\u0101juma veidu.<br \/>\n3. <strong>Sa\u0146emt izseko\u0161anas inform\u0101ciju<\/strong> lai \u0101tri atjaunin\u0101tu inform\u0101ciju par s\u016bt\u012bjumiem.<br \/>\n4. <strong>Sa\u0146emiet diskr\u0113tu pieg\u0101di<\/strong> nemar\u0137\u0113t\u0101 iepakojum\u0101.  <\/p>\n<h2>Secin\u0101jums<\/h2>\n<p>Ja miega trauc\u0113jumi ietekm\u0113 j\u016bsu dz\u012bves kvalit\u0101ti, <strong>\u0101tri ieg\u0101d\u0101jieties Ambien tie\u0161saist\u0113<\/strong> no m\u016bsu uzticam\u0101s aptiekas jau \u0161odien. M\u016bsu <strong>pieejams Zolpidems 10 mg<\/strong> tabletes nodro\u0161ina dro\u0161u un efekt\u012bvu veidu, k\u0101 atjaunot vesel\u012bgu miegu bez receptes. Ar <strong>glob\u0101la pieg\u0101de un diskr\u0113ts serviss<\/strong>, m\u0113s atvieglojam j\u016bsu peln\u012bt\u0101 atp\u016btas ieg\u016b\u0161anu. Veiciet pas\u016bt\u012bjumu t\u016bl\u012bt un izbaudiet \u0101tru un uzticamu atvieglojumu ar <strong>Ambien (zolpid\u0113ms) 10 mg<\/strong>!<\/p>","protected":false},"excerpt":{"rendered":"<p>Atvadieties no bezmiega nakt\u012bm ar pieejam\u0101m Ambien 10 mg tablet\u0113m! M\u016bsu augstas kvalit\u0101tes \u0123en\u0113riskais Zolpidem pied\u0101v\u0101 t\u0101du pa\u0161u efekt\u012bvu miega l\u012bdzekli k\u0101 firmas versijas par daudz zem\u0101ku cenu. K\u0101 uzticama tie\u0161saistes aptieka kop\u0161 2009. gada, m\u0113s nodro\u0161in\u0101m diskr\u0113tu pieg\u0101di ar izseko\u0161anu 48\u201372 stundu laik\u0101 un vair\u0101kas dro\u0161as apmaksas iesp\u0113jas. Sa\u0146emiet \u0101tru pieg\u0101di bez receptes tie\u0161i pie j\u016bsu durv\u012bm \u2013 vienk\u0101r\u0161i aizpildiet m\u016bsu \u0101tro pas\u016bt\u012bjuma veidlapu un izbaudiet mier\u012bgu miegu bez raiz\u0113m. M\u0113s garant\u0113jam autentiskas z\u0101les no uzticamiem ra\u017eot\u0101jiem, nodro\u0161inot, ka sa\u0146emat dro\u0161u un efekt\u012bvu bezmiega \u0101rst\u0113\u0161anu.<\/p>","protected":false},"featured_media":3487,"comment_status":"open","ping_status":"closed","template":"","meta":{"site-sidebar-layout":"default","site-content-layout":"","ast-site-content-layout":"default","site-content-style":"default","site-sidebar-style":"default","ast-global-header-display":"","ast-banner-title-visibility":"","ast-main-header-display":"","ast-hfb-above-header-display":"","ast-hfb-below-header-display":"","ast-hfb-mobile-header-display":"","site-post-title":"","ast-breadcrumbs-content":"","ast-featured-img":"","footer-sml-layout":"","ast-disable-related-posts":"","theme-transparent-header-meta":"","adv-header-id-meta":"","stick-header-meta":"","header-above-stick-meta":"","header-main-stick-meta":"","header-below-stick-meta":"","astra-migrate-meta-layouts":"default","ast-page-background-enabled":"default","ast-page-background-meta":{"desktop":{"background-color":"","background-image":"","background-repeat":"repeat","background-position":"center center","background-size":"auto","background-attachment":"scroll","background-type":"","background-media":"","overlay-type":"","overlay-color":"","overlay-opacity":"","overlay-gradient":""},"tablet":{"background-color":"","background-image":"","background-repeat":"repeat","background-position":"center center","background-size":"auto","background-attachment":"scroll","background-type":"","background-media":"","overlay-type":"","overlay-color":"","overlay-opacity":"","overlay-gradient":""},"mobile":{"background-color":"","background-image":"","background-repeat":"repeat","background-position":"center center","background-size":"auto","background-attachment":"scroll","background-type":"","background-media":"","overlay-type":"","overlay-color":"","overlay-opacity":"","overlay-gradient":""}},"ast-content-background-meta":{"desktop":{"background-color":"var(--ast-global-color-5)","background-image":"","background-repeat":"repeat","background-position":"center center","background-size":"auto","background-attachment":"scroll","background-type":"","background-media":"","overlay-type":"","overlay-color":"","overlay-opacity":"","overlay-gradient":""},"tablet":{"background-color":"var(--ast-global-color-5)","background-image":"","background-repeat":"repeat","background-position":"center center","background-size":"auto","background-attachment":"scroll","background-type":"","background-media":"","overlay-type":"","overlay-color":"","overlay-opacity":"","overlay-gradient":""},"mobile":{"background-color":"var(--ast-global-color-5)","background-image":"","background-repeat":"repeat","background-position":"center center","background-size":"auto","background-attachment":"scroll","background-type":"","background-media":"","overlay-type":"","overlay-color":"","overlay-opacity":"","overlay-gradient":""}}},"product_brand":[],"product_cat":[42],"product_tag":[1246,1247,575,564,1224,1245,567,1244,1248,1243],"class_list":{"0":"post-3454","1":"product","2":"type-product","3":"status-publish","4":"has-post-thumbnail","6":"product_cat-buy-sleeping-pills-online","7":"product_tag-affordable-ambien","8":"product_tag-ambien-delivery","9":"product_tag-ambien-for-sleep","10":"product_tag-buy-ambien-online","11":"product_tag-buy-zolpidem-online","12":"product_tag-fast-acting-sleep-aid","13":"product_tag-insomnia-treatment","14":"product_tag-purchase-ambien-no-prescription","15":"product_tag-sleep-medication-without-prescription","16":"product_tag-zolpidem-10mg","17":"desktop-align-left","18":"tablet-align-left","19":"mobile-align-left","20":"ast-product-gallery-layout-horizontal-slider","21":"ast-product-gallery-with-no-image","22":"ast-magnify-disabled","23":"ast-product-single-variable","24":"ast-product-tabs-layout-horizontal","26":"first","27":"instock","28":"shipping-taxable","29":"purchasable","30":"product-type-variable"},"yoast_head":"<!-- This site is optimized with the Yoast SEO Premium plugin v26.0 (Yoast SEO v27.6) - https:\/\/yoast.com\/product\/yoast-seo-premium-wordpress\/ -->\n<title>Buy Ambien Online Fast \u2013 Affordable Zolpidem 10mg &#187; Rx Meds Plus<\/title>\n<meta name=\"description\" content=\"Buy Ambien online fast and affordably\u2014get genuine Zolpidem 10mg delivered discreetly. Secure payment &amp; 24\/7 support. Order now!\" \/>\n<meta name=\"robots\" content=\"noindex, follow, max-snippet:-1, max-image-preview:large, max-video-preview:-1\" \/>\n<meta property=\"og:locale\" content=\"lv_LV\" \/>\n<meta property=\"og:type\" content=\"article\" \/>\n<meta property=\"og:title\" content=\"Buy Ambien Online Fast \u2013 Affordable Zolpidem 10mg\" \/>\n<meta property=\"og:description\" content=\"Buy Ambien online fast and affordably\u2014get genuine Zolpidem 10mg delivered discreetly. Secure payment &amp; 24\/7 support. Order now!\" \/>\n<meta property=\"og:url\" content=\"https:\/\/rxmedsplus.com\/lv\/products\/buy-ambien-online\/\" \/>\n<meta property=\"og:site_name\" content=\"Rx Meds Plus\" \/>\n<meta property=\"article:modified_time\" content=\"2025-09-25T11:01:05+00:00\" \/>\n<meta property=\"og:image\" content=\"https:\/\/mlehknw8zzux.i.optimole.com\/w:400\/h:400\/q:mauto\/f:best\/https:\/\/rxmedsplus.com\/wp-content\/uploads\/2025\/09\/11259-Buy-Ambien-10mg-Online-1.jpg\" \/>\n\t<meta property=\"og:image:width\" content=\"400\" \/>\n\t<meta property=\"og:image:height\" content=\"400\" \/>\n\t<meta property=\"og:image:type\" content=\"image\/jpeg\" \/>\n<meta name=\"twitter:card\" content=\"summary_large_image\" \/>\n<meta name=\"twitter:label1\" content=\"Availability\" \/>\n\t<meta name=\"twitter:data1\" content=\"In stock\" \/>\n<script type=\"application\/ld+json\" class=\"yoast-schema-graph\">{\"@context\":\"https:\\\/\\\/schema.org\",\"@graph\":[{\"@type\":\"WebPage\",\"@id\":\"https:\\\/\\\/rxmedsplus.com\\\/product\\\/buy-ambien-online\\\/\",\"url\":\"https:\\\/\\\/rxmedsplus.com\\\/product\\\/buy-ambien-online\\\/\",\"name\":\"Buy Ambien Online Fast \u2013 Affordable Zolpidem 10mg &#187; Rx Meds Plus\",\"isPartOf\":{\"@id\":\"https:\\\/\\\/rxmedsplus.com\\\/#website\"},\"primaryImageOfPage\":{\"@id\":\"https:\\\/\\\/rxmedsplus.com\\\/product\\\/buy-ambien-online\\\/#primaryimage\"},\"image\":{\"@id\":\"https:\\\/\\\/rxmedsplus.com\\\/product\\\/buy-ambien-online\\\/#primaryimage\"},\"thumbnailUrl\":\"https:\\\/\\\/rxmedsplus.com\\\/wp-content\\\/uploads\\\/2025\\\/09\\\/11259-Buy-Ambien-10mg-Online-1.jpg\",\"datePublished\":\"2025-09-24T21:52:46+00:00\",\"dateModified\":\"2025-09-25T11:01:05+00:00\",\"description\":\"Buy Ambien online fast and affordably\u2014get genuine Zolpidem 10mg delivered discreetly. Secure payment & 24\\\/7 support. Order now!\",\"breadcrumb\":{\"@id\":\"https:\\\/\\\/rxmedsplus.com\\\/product\\\/buy-ambien-online\\\/#breadcrumb\"},\"inLanguage\":\"lv-LV\",\"potentialAction\":[{\"@type\":\"ReadAction\",\"target\":[\"https:\\\/\\\/rxmedsplus.com\\\/product\\\/buy-ambien-online\\\/\"]}]},{\"@type\":\"ImageObject\",\"inLanguage\":\"lv-LV\",\"@id\":\"https:\\\/\\\/rxmedsplus.com\\\/product\\\/buy-ambien-online\\\/#primaryimage\",\"url\":\"https:\\\/\\\/rxmedsplus.com\\\/wp-content\\\/uploads\\\/2025\\\/09\\\/11259-Buy-Ambien-10mg-Online-1.jpg\",\"contentUrl\":\"https:\\\/\\\/rxmedsplus.com\\\/wp-content\\\/uploads\\\/2025\\\/09\\\/11259-Buy-Ambien-10mg-Online-1.jpg\",\"width\":400,\"height\":400},{\"@type\":\"BreadcrumbList\",\"@id\":\"https:\\\/\\\/rxmedsplus.com\\\/product\\\/buy-ambien-online\\\/#breadcrumb\",\"itemListElement\":[{\"@type\":\"ListItem\",\"position\":1,\"name\":\"Home\",\"item\":\"https:\\\/\\\/rxmedsplus.com\\\/\"},{\"@type\":\"ListItem\",\"position\":2,\"name\":\"Shop\",\"item\":\"https:\\\/\\\/rxmedsplus.com\\\/shop\\\/\"},{\"@type\":\"ListItem\",\"position\":3,\"name\":\"Buy Ambien Online Fast \u2013 Affordable Zolpidem 10mg\"}]},{\"@type\":\"WebSite\",\"@id\":\"https:\\\/\\\/rxmedsplus.com\\\/#website\",\"url\":\"https:\\\/\\\/rxmedsplus.com\\\/\",\"name\":\"Rx Meds Plus\",\"description\":\"Buy Prescription Meds and Pills Online with Fast Delivery\",\"potentialAction\":[{\"@type\":\"SearchAction\",\"target\":{\"@type\":\"EntryPoint\",\"urlTemplate\":\"https:\\\/\\\/rxmedsplus.com\\\/?s={search_term_string}\"},\"query-input\":{\"@type\":\"PropertyValueSpecification\",\"valueRequired\":true,\"valueName\":\"search_term_string\"}}],\"inLanguage\":\"lv-LV\"}]}<\/script>\n<meta property=\"og:availability\" content=\"instock\" \/>\n<meta property=\"product:availability\" content=\"instock\" \/>\n<meta property=\"product:retailer_item_id\" content=\"Y398waq7cf\" \/>\n<meta property=\"product:condition\" content=\"new\" \/>\n<!-- \/ Yoast SEO Premium plugin. -->","yoast_head_json":{"title":"Ieg\u0101d\u0101jieties Ambien tie\u0161saist\u0113 \u0101tri \u2014 pieejama Zolpidem 10mg un Rx Meds Plus","description":"Ieg\u0101d\u0101jieties Ambien tie\u0161saist\u0113 \u0101tri un l\u0113ti \u2014 sa\u0146emiet ori\u0123in\u0101lu Zolpidem 10mg pieg\u0101di diskr\u0113ti. Dro\u0161a apmaksa un atbalsts visu diennakti. Pas\u016btiet t\u016bl\u012bt!","robots":{"index":"noindex","follow":"follow","max-snippet":"max-snippet:-1","max-image-preview":"max-image-preview:large","max-video-preview":"max-video-preview:-1"},"og_locale":"lv_LV","og_type":"article","og_title":"Buy Ambien Online Fast \u2013 Affordable Zolpidem 10mg","og_description":"Buy Ambien online fast and affordably\u2014get genuine Zolpidem 10mg delivered discreetly. Secure payment & 24\/7 support. Order now!","og_url":"https:\/\/rxmedsplus.com\/lv\/products\/buy-ambien-online\/","og_site_name":"Rx Meds Plus","article_modified_time":"2025-09-25T11:01:05+00:00","og_image":[{"width":400,"height":400,"url":"https:\/\/mlehknw8zzux.i.optimole.com\/w:400\/h:400\/q:mauto\/f:best\/https:\/\/rxmedsplus.com\/wp-content\/uploads\/2025\/09\/11259-Buy-Ambien-10mg-Online-1.jpg","type":"image\/jpeg"}],"twitter_card":"summary_large_image","twitter_misc":{"Availability":"In stock"},"schema":{"@context":"https:\/\/schema.org","@graph":[{"@type":"WebPage","@id":"https:\/\/rxmedsplus.com\/product\/buy-ambien-online\/","url":"https:\/\/rxmedsplus.com\/product\/buy-ambien-online\/","name":"Ieg\u0101d\u0101jieties Ambien tie\u0161saist\u0113 \u0101tri \u2014 pieejama Zolpidem 10mg un Rx Meds Plus","isPartOf":{"@id":"https:\/\/rxmedsplus.com\/#website"},"primaryImageOfPage":{"@id":"https:\/\/rxmedsplus.com\/product\/buy-ambien-online\/#primaryimage"},"image":{"@id":"https:\/\/rxmedsplus.com\/product\/buy-ambien-online\/#primaryimage"},"thumbnailUrl":"https:\/\/rxmedsplus.com\/wp-content\/uploads\/2025\/09\/11259-Buy-Ambien-10mg-Online-1.jpg","datePublished":"2025-09-24T21:52:46+00:00","dateModified":"2025-09-25T11:01:05+00:00","description":"Ieg\u0101d\u0101jieties Ambien tie\u0161saist\u0113 \u0101tri un l\u0113ti \u2014 sa\u0146emiet ori\u0123in\u0101lu Zolpidem 10mg pieg\u0101di diskr\u0113ti. Dro\u0161a apmaksa un atbalsts visu diennakti. Pas\u016btiet t\u016bl\u012bt!","breadcrumb":{"@id":"https:\/\/rxmedsplus.com\/product\/buy-ambien-online\/#breadcrumb"},"inLanguage":"lv-LV","potentialAction":[{"@type":"ReadAction","target":["https:\/\/rxmedsplus.com\/product\/buy-ambien-online\/"]}]},{"@type":"ImageObject","inLanguage":"lv-LV","@id":"https:\/\/rxmedsplus.com\/product\/buy-ambien-online\/#primaryimage","url":"https:\/\/rxmedsplus.com\/wp-content\/uploads\/2025\/09\/11259-Buy-Ambien-10mg-Online-1.jpg","contentUrl":"https:\/\/rxmedsplus.com\/wp-content\/uploads\/2025\/09\/11259-Buy-Ambien-10mg-Online-1.jpg","width":400,"height":400},{"@type":"BreadcrumbList","@id":"https:\/\/rxmedsplus.com\/product\/buy-ambien-online\/#breadcrumb","itemListElement":[{"@type":"ListItem","position":1,"name":"Home","item":"https:\/\/rxmedsplus.com\/"},{"@type":"ListItem","position":2,"name":"Shop","item":"https:\/\/rxmedsplus.com\/shop\/"},{"@type":"ListItem","position":3,"name":"Buy Ambien Online Fast \u2013 Affordable Zolpidem 10mg"}]},{"@type":"WebSite","@id":"https:\/\/rxmedsplus.com\/#website","url":"https:\/\/rxmedsplus.com\/","name":"Receptes z\u0101les Plus","description":"Ieg\u0101d\u0101jieties recep\u0161u z\u0101les un tabletes tie\u0161saist\u0113 ar \u0101tru pieg\u0101di","potentialAction":[{"@type":"SearchAction","target":{"@type":"EntryPoint","urlTemplate":"https:\/\/rxmedsplus.com\/?s={search_term_string}"},"query-input":{"@type":"PropertyValueSpecification","valueRequired":true,"valueName":"search_term_string"}}],"inLanguage":"lv-LV"}]},"og_availability":"instock","product_availability":"instock","product_retailer_item_id":"Y398waq7cf","product_condition":"new"},"_links":{"self":[{"href":"https:\/\/rxmedsplus.com\/lv\/wp-json\/wp\/v2\/product\/3454","targetHints":{"allow":["GET"]}}],"collection":[{"href":"https:\/\/rxmedsplus.com\/lv\/wp-json\/wp\/v2\/product"}],"about":[{"href":"https:\/\/rxmedsplus.com\/lv\/wp-json\/wp\/v2\/types\/product"}],"replies":[{"embeddable":true,"href":"https:\/\/rxmedsplus.com\/lv\/wp-json\/wp\/v2\/comments?post=3454"}],"wp:featuredmedia":[{"embeddable":true,"href":"https:\/\/rxmedsplus.com\/lv\/wp-json\/wp\/v2\/media\/3487"}],"wp:attachment":[{"href":"https:\/\/rxmedsplus.com\/lv\/wp-json\/wp\/v2\/media?parent=3454"}],"wp:term":[{"taxonomy":"product_brand","embeddable":true,"href":"https:\/\/rxmedsplus.com\/lv\/wp-json\/wp\/v2\/product_brand?post=3454"},{"taxonomy":"product_cat","embeddable":true,"href":"https:\/\/rxmedsplus.com\/lv\/wp-json\/wp\/v2\/product_cat?post=3454"},{"taxonomy":"product_tag","embeddable":true,"href":"https:\/\/rxmedsplus.com\/lv\/wp-json\/wp\/v2\/product_tag?post=3454"}],"curies":[{"name":"wp","href":"https:\/\/api.w.org\/{rel}","templated":true}]}}