{"id":3646,"date":"2025-09-24T21:55:44","date_gmt":"2025-09-24T21:55:44","guid":{"rendered":"https:\/\/rxmedsplus.com\/?post_type=product&#038;p=3646"},"modified":"2025-09-25T11:02:56","modified_gmt":"2025-09-25T11:02:56","slug":"dilaudid-8mg-2","status":"publish","type":"product","link":"https:\/\/rxmedsplus.com\/lv\/product\/dilaudid-8mg-2\/","title":{"rendered":"Dilaudid 8mg tie\u0161saist\u0113 \u2013 \u0101tra un pieejama s\u0101pju mazin\u0101\u0161ana"},"content":{"rendered":"<h1>Dilaudid 8mg tie\u0161saist\u0113 \u2013 \u0101tra un pieejama s\u0101pju mazin\u0101\u0161ana<\/h1>\n<p>Mekl\u0113jat \u0101tru un efekt\u012bvu veidu, k\u0101 atbr\u012bvoties no stipr\u0101m s\u0101p\u0113m? <strong>Dilaudid 8mg tie\u0161saist\u0113<\/strong> pied\u0101v\u0101 sp\u0113c\u012bgu risin\u0101jumu ak\u016btu un hronisku s\u0101pju \u0101rst\u0113\u0161anai. K\u0101 uzticama tie\u0161saistes aptieka, m\u0113s pied\u0101v\u0101jam <strong>\u0101tra un pieejama s\u0101pju mazin\u0101\u0161ana<\/strong> ar diskr\u0113tu pieg\u0101di uz ASV, Kan\u0101du, ES un vis\u0101 pasaul\u0113.<\/p>\n<h2>Kas ir Dilaudid 8 mg?<\/h2>\n<p><strong>Dilaudid 8 mg<\/strong> ir recep\u0161u opio\u012bdu medikaments, kas satur hidromorfonu \u2014 sp\u0113c\u012bgu prets\u0101pju l\u012bdzekli, ko lieto vid\u0113ji stipru l\u012bdz stipru s\u0101pju \u0101rst\u0113\u0161anai. Tas darbojas, saistoties ar opio\u012bdu receptoriem smadzen\u0113s, samazinot s\u0101pju uztveri un vienlaikus nodro\u0161inot \u0101tru atvieglojumu.<\/p>\n<h3><strong>Dilaudid 8 mg lieto\u0161ana<\/strong><\/h3>\n<p>\u0160\u012bs z\u0101les parasti tiek parakst\u012btas \u0161\u0101dos gad\u012bjumos:<br \/>\nP\u0113coper\u0101cijas s\u0101pes<br \/>\nHroniskas s\u0101pes, ko izraisa t\u0101das slim\u012bbas k\u0101 v\u0113zis<br \/>\nSmagas traumas<br \/>\nS\u0101pju mazin\u0101\u0161ana, ja citas z\u0101les ir neefekt\u012bvas<\/p>\n<p>Pateicoties \u0101tras iedarb\u012bbas formulai, <strong>nopirkt Dilaudid 8mg tie\u0161saist\u0113<\/strong> lai \u0101tri atvieglotu s\u0101pes, ja citi prets\u0101pju l\u012bdzek\u013ci nepal\u012bdz.<\/p>\n<h2><strong>Dilaudid 8 mg deva un lieto\u0161ana<\/strong><\/h2>\n<p>Ieteicamais <strong>Dilaudid deva<\/strong> at\u0161\u0137iras atkar\u012bb\u0101 no s\u0101pju intensit\u0101tes un individu\u0101l\u0101s tolerances.<\/p>\n<p>&#8211; <strong>S\u0101kotn\u0113j\u0101 deva<\/strong>Parasti <strong>2\u20134 mg ik p\u0113c 4\u20136 stund\u0101m<\/strong>, piel\u0101gots, pamatojoties uz atbildi.<br \/>\n&#8211; <strong>Stipras s\u0101pes<\/strong>L\u012bdz: L\u012bdz <strong>8 mg dev\u0101 \u0101rsta uzraudz\u012bb\u0101<\/strong>.<br \/>\n&#8211; <strong>Maksim\u0101l\u0101 dienas deva<\/strong>Nedr\u012bkst p\u0101rsniegt noteikt\u0101s robe\u017eas, lai izvair\u012btos no blakuspar\u0101d\u012bb\u0101m.<\/p>\n<p>Vienm\u0113r iev\u0113rojiet \u0101rsta nor\u0101d\u012bjumus vai konsult\u0113jieties ar vi\u0146u pirms <strong>Dilaudid ieg\u0101de tie\u0161saist\u0113<\/strong>.<\/p>\n<h2><strong>Dilaudid 8mg ieg\u0101des tie\u0161saist\u0113 priek\u0161roc\u012bbas<\/strong><\/h2>\n<p>Kad tu <strong>Pas\u016btiet Dilaudid 8mg tie\u0161saist\u0113 no uzticama p\u0101rdev\u0113ja<\/strong>, jums pat\u012bk:<\/p>\n<h3><strong>\u0100tra s\u0101pju mazin\u0101\u0161ana<\/strong><\/h3>\n<p>Dilaudid s\u0101k str\u0101d\u0101t iek\u0161\u0101 <strong>15\u201330 min\u016btes<\/strong>, padarot to par vienu no vis\u0101tr\u0101k iedarb\u012bgajiem opio\u012bdiem stipra diskomforta gad\u012bjum\u0101.<\/p>\n<h3><strong>\u0112rt\u012bbas un priv\u0101tums<\/strong><\/h3>\n<p>Izvairieties no aptiekas apmekl\u0113juma raiz\u0113m \u2014 ieg\u0101d\u0101jieties savas z\u0101les <strong>diskr\u0113ti pieg\u0101d\u0101ts<\/strong> l\u012bdz j\u016bsu durv\u012bm. M\u016bsu <strong>tie\u0161saistes z\u0101\u013cu veikals<\/strong> nodro\u0161ina dro\u0161u iepakojumu un konfidenci\u0101lu apkalpo\u0161anu.<\/p>\n<h3><strong>Pieejamas cenas<\/strong><\/h3>\n<p>M\u0113s pied\u0101v\u0101jam konkur\u0113tsp\u0113j\u012bgas cenas, garant\u0113jot Jums <strong>l\u0113ts Dilaudid 8mg tie\u0161saist\u0113<\/strong> neapdraudot kvalit\u0101ti.<\/p>\n<h3><strong>Pieg\u0101de vis\u0101 pasaul\u0113<\/strong><\/h3>\n<p>M\u0113s pieg\u0101d\u0101jam <strong>Dilaudid 8 mg tabletes<\/strong> uz <strong>ASV, Kan\u0101da, ES un vis\u0101 pasaul\u0113<\/strong>, padarot to pieejamu neatkar\u012bgi no j\u016bsu atra\u0161an\u0101s vietas.<\/p>\n<h2><strong>Iesp\u0113jam\u0101s blakuspar\u0101d\u012bbas un piesardz\u012bbas pas\u0101kumi<\/strong><\/h2>\n<p>T\u0101pat k\u0101 visi opio\u012bdi, <strong>Dilaudid 8 mg tabletes<\/strong> var izrais\u012bt blakuspar\u0101d\u012bbas, tostarp:<br \/>\nMiegain\u012bba<br \/>\nSlikta d\u016b\u0161a vai vem\u0161ana<br \/>\nAizciet\u0113jums<br \/>\nReibonis<br \/>\nElpo\u0161anas nom\u0101kums (liel\u0101s dev\u0101s)<\/p>\n<p><strong>Svar\u012bgi piesardz\u012bbas pas\u0101kumi:<\/strong><br \/>\nLietojot Dilaudid, izvairieties no alkohola un citiem sedat\u012bviem l\u012bdzek\u013ciem.<br \/>\nP\u0113c lieto\u0161anas nevadiet transportl\u012bdzek\u013cus un neapkalpojiet meh\u0101nismus.<br \/>\n\u2013 Lietojiet piesardz\u012bgi pacientiem, kuriem anamn\u0113z\u0113 ir vielu lieto\u0161ana.<\/p>\n<h2><strong>K\u0101p\u0113c izv\u0113l\u0113ties m\u016bs, lai ieg\u0101d\u0101tos Dilaudid 8mg tie\u0161saist\u0113?<\/strong><\/h2>\n<p>K\u0101 <strong>cien\u012bjama tie\u0161saistes aptieka<\/strong>, m\u0113s garant\u0113jam:<\/p>\n<p>\u2705 <strong>Autentiskas z\u0101les<\/strong> \u2013 M\u0113s pieg\u0101d\u0101jam tikai <strong>FDA apstiprin\u0101ts Dilaudid 8 mg<\/strong>.<br \/>\n\u2705 <strong>Diskr\u0113ta un \u0101tra pieg\u0101de<\/strong> \u2013 J\u016bsu pas\u016bt\u012bjums non\u0101ks galam\u0113r\u0137\u012b dro\u0161i un aizsarg\u0101ti.<br \/>\n\u2705 <strong>Nav nepiecie\u0161ama recepte<\/strong> \u2013 Sa\u0146emt <strong>Dilaudid bez receptes<\/strong> \u0113rti.<br \/>\n\u2705 <strong>Klientu atbalsts visu diennakti, 7 dienas ned\u0113\u013c\u0101<\/strong> \u2013 Pal\u012bdz\u012bba ar pas\u016bt\u012bjumiem un nor\u0101d\u012bjumiem par dev\u0101m.<\/p>\n<h2><strong>K\u0101 dro\u0161i pas\u016bt\u012bt Dilaudid 8mg tie\u0161saist\u0113<\/strong><\/h2>\n<p>1. <strong>P\u0101rl\u016bkot un atlas\u012bt<\/strong> \u2013 Izv\u0113lieties pareizo <strong>Dilaudid 8 mg deva<\/strong>.<br \/>\n2. <strong>Pievienot grozam un nor\u0113\u0137in\u0101ties<\/strong> \u2013 Dro\u0161i nor\u0101diet savu pieg\u0101des inform\u0101ciju.<br \/>\n3. <strong>Diskr\u0113ta pieg\u0101de<\/strong> \u2013 \u0100tra un konfidenci\u0101la pieg\u0101de vis\u0101 pasaul\u0113.<br \/>\n4. <strong>Uzticams atbalsts<\/strong> \u2013 Sazinieties ar mums, lai sa\u0146emtu izseko\u0161anas pakalpojumus un pal\u012bdz\u012bbu.<\/p>\n<h2><strong>Nosl\u0113guma domas \u2014 sa\u0146emiet \u0101tru un pieejamu s\u0101pju mazin\u0101\u0161anu jau \u0161odien<\/strong><\/h2>\n<p>Ja jums nepiecie\u0161ams <strong>Dilaudid 8mg tie\u0161saist\u0113 \u0101trai un efekt\u012bvai s\u0101pju mazin\u0101\u0161anai<\/strong>, vairs nemekl\u0113jiet. M\u0113s pied\u0101v\u0101jam <strong>augst\u0101k\u0101s kvalit\u0101tes Dilaudid<\/strong> par nep\u0101rsp\u0113jam\u0101m cen\u0101m ar garant\u0113tu apmierin\u0101t\u012bbu. <strong>Pas\u016btiet Dilaudid 8mg tie\u0161saist\u0113 t\u016bl\u012bt<\/strong> un pieredze <strong>\u0101tra un diskr\u0113ta s\u0101pju nov\u0113r\u0161ana<\/strong> pieg\u0101d\u0101ts l\u012bdz j\u016bsu durv\u012bm!<\/p>\n<p><strong>R\u012bkojieties t\u016bl\u012bt \u2013 ieg\u0101d\u0101jieties savu Dilaudid 8 mg jau \u0161odien un atg\u016bstiet kontroli p\u0101r sav\u0101m s\u0101p\u0113m!<\/strong><\/p>","protected":false},"excerpt":{"rendered":"<p>Sa\u0146emiet \u0101tru un pieejamu s\u0101pju remd\u0113\u0161anu ar Dilaudid 8 mg \u2014 recepte nav nepiecie\u0161ama! Izlaidiet aptiekas raizes un augst\u0101s izmaksas, baudot diskr\u0113tu un dro\u0161u pieg\u0101di tie\u0161i pie j\u016bsu durv\u012bm. Maks\u0101jiet \u0113rti ar Bitcoin, lai sa\u0146emtu papildu 10% atlaidi, un izsekojiet savam pas\u016bt\u012bjumam ik uz so\u013ca. J\u016bsu risin\u0101jums kontrol\u0113jam\u0101m s\u0101p\u0113m ir tikai viena klik\u0161\u0137a att\u0101lum\u0101 \u2014 pas\u016btiet t\u016bl\u012bt!<\/p>","protected":false},"featured_media":3676,"comment_status":"open","ping_status":"closed","template":"","meta":{"site-sidebar-layout":"default","site-content-layout":"","ast-site-content-layout":"default","site-content-style":"default","site-sidebar-style":"default","ast-global-header-display":"","ast-banner-title-visibility":"","ast-main-header-display":"","ast-hfb-above-header-display":"","ast-hfb-below-header-display":"","ast-hfb-mobile-header-display":"","site-post-title":"","ast-breadcrumbs-content":"","ast-featured-img":"","footer-sml-layout":"","ast-disable-related-posts":"","theme-transparent-header-meta":"default","adv-header-id-meta":"","stick-header-meta":"default","header-above-stick-meta":"","header-main-stick-meta":"","header-below-stick-meta":"","astra-migrate-meta-layouts":"set","ast-page-background-enabled":"default","ast-page-background-meta":{"desktop":{"background-color":"","background-image":"","background-repeat":"repeat","background-position":"center center","background-size":"auto","background-attachment":"scroll","background-type":"","background-media":"","overlay-type":"","overlay-color":"","overlay-opacity":"","overlay-gradient":""},"tablet":{"background-color":"","background-image":"","background-repeat":"repeat","background-position":"center center","background-size":"auto","background-attachment":"scroll","background-type":"","background-media":"","overlay-type":"","overlay-color":"","overlay-opacity":"","overlay-gradient":""},"mobile":{"background-color":"","background-image":"","background-repeat":"repeat","background-position":"center center","background-size":"auto","background-attachment":"scroll","background-type":"","background-media":"","overlay-type":"","overlay-color":"","overlay-opacity":"","overlay-gradient":""}},"ast-content-background-meta":{"desktop":{"background-color":"var(--ast-global-color-5)","background-image":"","background-repeat":"repeat","background-position":"center center","background-size":"auto","background-attachment":"scroll","background-type":"","background-media":"","overlay-type":"","overlay-color":"","overlay-opacity":"","overlay-gradient":""},"tablet":{"background-color":"var(--ast-global-color-5)","background-image":"","background-repeat":"repeat","background-position":"center center","background-size":"auto","background-attachment":"scroll","background-type":"","background-media":"","overlay-type":"","overlay-color":"","overlay-opacity":"","overlay-gradient":""},"mobile":{"background-color":"var(--ast-global-color-5)","background-image":"","background-repeat":"repeat","background-position":"center center","background-size":"auto","background-attachment":"scroll","background-type":"","background-media":"","overlay-type":"","overlay-color":"","overlay-opacity":"","overlay-gradient":""}}},"product_brand":[],"product_cat":[37],"product_tag":[1142,1137,796,1141,1139,1060,722,1140,778,1138],"class_list":{"0":"post-3646","1":"product","2":"type-product","3":"status-publish","4":"has-post-thumbnail","6":"product_cat-buy-pain-relief-medication-online","7":"product_tag-bitcoins-for-pharmaceuticals","8":"product_tag-buy-dilaudid-8mg-online","9":"product_tag-buy-pain-meds-online","10":"product_tag-cheapest-dilaudid-online","11":"product_tag-dilaudid-for-pain-relief","12":"product_tag-dilaudid-overnight-delivery","13":"product_tag-discreet-medication-delivery","14":"product_tag-no-prescription-dilaudid","15":"product_tag-opioid-pain-relief","16":"product_tag-order-dilaudid-online","17":"desktop-align-left","18":"tablet-align-left","19":"mobile-align-left","20":"ast-product-gallery-layout-horizontal-slider","21":"ast-product-gallery-with-no-image","22":"ast-magnify-disabled","23":"ast-product-single-variable","24":"ast-product-tabs-layout-horizontal","26":"first","27":"instock","28":"shipping-taxable","29":"purchasable","30":"product-type-variable"},"yoast_head":"<!-- This site is optimized with the Yoast SEO Premium plugin v26.0 (Yoast SEO v27.6) - https:\/\/yoast.com\/product\/yoast-seo-premium-wordpress\/ -->\n<title>Dilaudid 8mg Online \u2013 Fast &amp; Affordable Pain Relief &#187; Rx Meds Plus<\/title>\n<meta name=\"description\" content=\"Buy Dilaudid 8mg online for fast, affordable pain relief without a prescription. Enjoy discreet shipping and Bitcoin discounts\u2014order now!\" \/>\n<meta name=\"robots\" content=\"noindex, follow, max-snippet:-1, max-image-preview:large, max-video-preview:-1\" \/>\n<meta property=\"og:locale\" content=\"lv_LV\" \/>\n<meta property=\"og:type\" content=\"article\" \/>\n<meta property=\"og:title\" content=\"Dilaudid 8mg Online \u2013 Fast &amp; Affordable Pain Relief\" \/>\n<meta property=\"og:description\" content=\"Buy Dilaudid 8mg online for fast, affordable pain relief without a prescription. Enjoy discreet shipping and Bitcoin discounts\u2014order now!\" \/>\n<meta property=\"og:url\" content=\"https:\/\/rxmedsplus.com\/lv\/products\/dilaudid-8mg-2\/\" \/>\n<meta property=\"og:site_name\" content=\"Rx Meds Plus\" \/>\n<meta property=\"article:modified_time\" content=\"2025-09-25T11:02:56+00:00\" \/>\n<meta property=\"og:image\" content=\"https:\/\/mlehknw8zzux.i.optimole.com\/w:887\/h:532\/q:mauto\/f:best\/https:\/\/rxmedsplus.com\/wp-content\/uploads\/2025\/09\/11490-dil-8mg.jpg\" \/>\n\t<meta property=\"og:image:width\" content=\"887\" \/>\n\t<meta property=\"og:image:height\" content=\"532\" \/>\n\t<meta property=\"og:image:type\" content=\"image\/jpeg\" \/>\n<meta name=\"twitter:card\" content=\"summary_large_image\" \/>\n<meta name=\"twitter:label1\" content=\"Availability\" \/>\n\t<meta name=\"twitter:data1\" content=\"In stock\" \/>\n<script type=\"application\/ld+json\" class=\"yoast-schema-graph\">{\"@context\":\"https:\\\/\\\/schema.org\",\"@graph\":[{\"@type\":\"WebPage\",\"@id\":\"https:\\\/\\\/rxmedsplus.com\\\/product\\\/dilaudid-8mg-2\\\/\",\"url\":\"https:\\\/\\\/rxmedsplus.com\\\/product\\\/dilaudid-8mg-2\\\/\",\"name\":\"Dilaudid 8mg Online \u2013 Fast & Affordable Pain Relief &#187; Rx Meds Plus\",\"isPartOf\":{\"@id\":\"https:\\\/\\\/rxmedsplus.com\\\/#website\"},\"primaryImageOfPage\":{\"@id\":\"https:\\\/\\\/rxmedsplus.com\\\/product\\\/dilaudid-8mg-2\\\/#primaryimage\"},\"image\":{\"@id\":\"https:\\\/\\\/rxmedsplus.com\\\/product\\\/dilaudid-8mg-2\\\/#primaryimage\"},\"thumbnailUrl\":\"https:\\\/\\\/rxmedsplus.com\\\/wp-content\\\/uploads\\\/2025\\\/09\\\/11490-dil-8mg.jpg\",\"datePublished\":\"2025-09-24T21:55:44+00:00\",\"dateModified\":\"2025-09-25T11:02:56+00:00\",\"description\":\"Buy Dilaudid 8mg online for fast, affordable pain relief without a prescription. Enjoy discreet shipping and Bitcoin discounts\u2014order now!\",\"breadcrumb\":{\"@id\":\"https:\\\/\\\/rxmedsplus.com\\\/product\\\/dilaudid-8mg-2\\\/#breadcrumb\"},\"inLanguage\":\"lv-LV\",\"potentialAction\":[{\"@type\":\"ReadAction\",\"target\":[\"https:\\\/\\\/rxmedsplus.com\\\/product\\\/dilaudid-8mg-2\\\/\"]}]},{\"@type\":\"ImageObject\",\"inLanguage\":\"lv-LV\",\"@id\":\"https:\\\/\\\/rxmedsplus.com\\\/product\\\/dilaudid-8mg-2\\\/#primaryimage\",\"url\":\"https:\\\/\\\/rxmedsplus.com\\\/wp-content\\\/uploads\\\/2025\\\/09\\\/11490-dil-8mg.jpg\",\"contentUrl\":\"https:\\\/\\\/rxmedsplus.com\\\/wp-content\\\/uploads\\\/2025\\\/09\\\/11490-dil-8mg.jpg\",\"width\":887,\"height\":532},{\"@type\":\"BreadcrumbList\",\"@id\":\"https:\\\/\\\/rxmedsplus.com\\\/product\\\/dilaudid-8mg-2\\\/#breadcrumb\",\"itemListElement\":[{\"@type\":\"ListItem\",\"position\":1,\"name\":\"Home\",\"item\":\"https:\\\/\\\/rxmedsplus.com\\\/\"},{\"@type\":\"ListItem\",\"position\":2,\"name\":\"Shop\",\"item\":\"https:\\\/\\\/rxmedsplus.com\\\/shop\\\/\"},{\"@type\":\"ListItem\",\"position\":3,\"name\":\"Dilaudid 8mg Online \u2013 Fast &#038; Affordable Pain Relief\"}]},{\"@type\":\"WebSite\",\"@id\":\"https:\\\/\\\/rxmedsplus.com\\\/#website\",\"url\":\"https:\\\/\\\/rxmedsplus.com\\\/\",\"name\":\"Rx Meds Plus\",\"description\":\"Buy Prescription Meds and Pills Online with Fast Delivery\",\"potentialAction\":[{\"@type\":\"SearchAction\",\"target\":{\"@type\":\"EntryPoint\",\"urlTemplate\":\"https:\\\/\\\/rxmedsplus.com\\\/?s={search_term_string}\"},\"query-input\":{\"@type\":\"PropertyValueSpecification\",\"valueRequired\":true,\"valueName\":\"search_term_string\"}}],\"inLanguage\":\"lv-LV\"}]}<\/script>\n<meta property=\"og:availability\" content=\"instock\" \/>\n<meta property=\"product:availability\" content=\"instock\" \/>\n<meta property=\"product:retailer_item_id\" content=\"vF7HcVuSyX\" \/>\n<meta property=\"product:condition\" content=\"new\" \/>\n<!-- \/ Yoast SEO Premium plugin. -->","yoast_head_json":{"title":"Dilaudid 8mg tie\u0161saist\u0113 \u2014 \u0101tra un pieejama s\u0101pju mazin\u0101\u0161ana \u2014 Rx Meds Plus","description":"Ieg\u0101d\u0101jieties Dilaudid 8 mg tie\u0161saist\u0113, lai \u0101tri un par pie\u0146emamu cenu atvieglotu s\u0101pes bez receptes. Izbaudiet diskr\u0113tu pieg\u0101di un Bitcoin atlaides \u2014 pas\u016btiet t\u016bl\u012bt!","robots":{"index":"noindex","follow":"follow","max-snippet":"max-snippet:-1","max-image-preview":"max-image-preview:large","max-video-preview":"max-video-preview:-1"},"og_locale":"lv_LV","og_type":"article","og_title":"Dilaudid 8mg Online \u2013 Fast & Affordable Pain Relief","og_description":"Buy Dilaudid 8mg online for fast, affordable pain relief without a prescription. Enjoy discreet shipping and Bitcoin discounts\u2014order now!","og_url":"https:\/\/rxmedsplus.com\/lv\/products\/dilaudid-8mg-2\/","og_site_name":"Rx Meds Plus","article_modified_time":"2025-09-25T11:02:56+00:00","og_image":[{"width":887,"height":532,"url":"https:\/\/mlehknw8zzux.i.optimole.com\/w:887\/h:532\/q:mauto\/f:best\/https:\/\/rxmedsplus.com\/wp-content\/uploads\/2025\/09\/11490-dil-8mg.jpg","type":"image\/jpeg"}],"twitter_card":"summary_large_image","twitter_misc":{"Availability":"In stock"},"schema":{"@context":"https:\/\/schema.org","@graph":[{"@type":"WebPage","@id":"https:\/\/rxmedsplus.com\/product\/dilaudid-8mg-2\/","url":"https:\/\/rxmedsplus.com\/product\/dilaudid-8mg-2\/","name":"Dilaudid 8mg tie\u0161saist\u0113 \u2014 \u0101tra un pieejama s\u0101pju mazin\u0101\u0161ana \u2014 Rx Meds Plus","isPartOf":{"@id":"https:\/\/rxmedsplus.com\/#website"},"primaryImageOfPage":{"@id":"https:\/\/rxmedsplus.com\/product\/dilaudid-8mg-2\/#primaryimage"},"image":{"@id":"https:\/\/rxmedsplus.com\/product\/dilaudid-8mg-2\/#primaryimage"},"thumbnailUrl":"https:\/\/rxmedsplus.com\/wp-content\/uploads\/2025\/09\/11490-dil-8mg.jpg","datePublished":"2025-09-24T21:55:44+00:00","dateModified":"2025-09-25T11:02:56+00:00","description":"Ieg\u0101d\u0101jieties Dilaudid 8 mg tie\u0161saist\u0113, lai \u0101tri un par pie\u0146emamu cenu atvieglotu s\u0101pes bez receptes. Izbaudiet diskr\u0113tu pieg\u0101di un Bitcoin atlaides \u2014 pas\u016btiet t\u016bl\u012bt!","breadcrumb":{"@id":"https:\/\/rxmedsplus.com\/product\/dilaudid-8mg-2\/#breadcrumb"},"inLanguage":"lv-LV","potentialAction":[{"@type":"ReadAction","target":["https:\/\/rxmedsplus.com\/product\/dilaudid-8mg-2\/"]}]},{"@type":"ImageObject","inLanguage":"lv-LV","@id":"https:\/\/rxmedsplus.com\/product\/dilaudid-8mg-2\/#primaryimage","url":"https:\/\/rxmedsplus.com\/wp-content\/uploads\/2025\/09\/11490-dil-8mg.jpg","contentUrl":"https:\/\/rxmedsplus.com\/wp-content\/uploads\/2025\/09\/11490-dil-8mg.jpg","width":887,"height":532},{"@type":"BreadcrumbList","@id":"https:\/\/rxmedsplus.com\/product\/dilaudid-8mg-2\/#breadcrumb","itemListElement":[{"@type":"ListItem","position":1,"name":"Home","item":"https:\/\/rxmedsplus.com\/"},{"@type":"ListItem","position":2,"name":"Shop","item":"https:\/\/rxmedsplus.com\/shop\/"},{"@type":"ListItem","position":3,"name":"Dilaudid 8mg Online \u2013 Fast &#038; Affordable Pain Relief"}]},{"@type":"WebSite","@id":"https:\/\/rxmedsplus.com\/#website","url":"https:\/\/rxmedsplus.com\/","name":"Receptes z\u0101les Plus","description":"Ieg\u0101d\u0101jieties recep\u0161u z\u0101les un tabletes tie\u0161saist\u0113 ar \u0101tru pieg\u0101di","potentialAction":[{"@type":"SearchAction","target":{"@type":"EntryPoint","urlTemplate":"https:\/\/rxmedsplus.com\/?s={search_term_string}"},"query-input":{"@type":"PropertyValueSpecification","valueRequired":true,"valueName":"search_term_string"}}],"inLanguage":"lv-LV"}]},"og_availability":"instock","product_availability":"instock","product_retailer_item_id":"vF7HcVuSyX","product_condition":"new"},"_links":{"self":[{"href":"https:\/\/rxmedsplus.com\/lv\/wp-json\/wp\/v2\/product\/3646","targetHints":{"allow":["GET"]}}],"collection":[{"href":"https:\/\/rxmedsplus.com\/lv\/wp-json\/wp\/v2\/product"}],"about":[{"href":"https:\/\/rxmedsplus.com\/lv\/wp-json\/wp\/v2\/types\/product"}],"replies":[{"embeddable":true,"href":"https:\/\/rxmedsplus.com\/lv\/wp-json\/wp\/v2\/comments?post=3646"}],"wp:featuredmedia":[{"embeddable":true,"href":"https:\/\/rxmedsplus.com\/lv\/wp-json\/wp\/v2\/media\/3676"}],"wp:attachment":[{"href":"https:\/\/rxmedsplus.com\/lv\/wp-json\/wp\/v2\/media?parent=3646"}],"wp:term":[{"taxonomy":"product_brand","embeddable":true,"href":"https:\/\/rxmedsplus.com\/lv\/wp-json\/wp\/v2\/product_brand?post=3646"},{"taxonomy":"product_cat","embeddable":true,"href":"https:\/\/rxmedsplus.com\/lv\/wp-json\/wp\/v2\/product_cat?post=3646"},{"taxonomy":"product_tag","embeddable":true,"href":"https:\/\/rxmedsplus.com\/lv\/wp-json\/wp\/v2\/product_tag?post=3646"}],"curies":[{"name":"wp","href":"https:\/\/api.w.org\/{rel}","templated":true}]}}