{"id":4301,"date":"2026-05-03T23:30:24","date_gmt":"2026-05-03T23:30:24","guid":{"rendered":"https:\/\/rxmedsplus.com\/"},"modified":"2026-05-11T00:43:33","modified_gmt":"2026-05-11T00:43:33","slug":"kamagra-special-100-mg","status":"publish","type":"product","link":"https:\/\/rxmedsplus.com\/lv\/product\/kamagra-special-100-mg\/","title":{"rendered":"Ieg\u0101d\u0101jieties Kamagra Special 100 mg tie\u0161saist\u0113 \u2013 \u0101trs un uzticams ED risin\u0101jums"},"content":{"rendered":"<p><strong>Ieg\u0101d\u0101jieties Kamagra Special 100 mg tie\u0161saist\u0113 \u2013 \u0101trs un uzticams ED risin\u0101jums<\/strong>  <\/p>\n<p>Vai j\u016bs c\u012bn\u0101ties ar erekcijas disfunkciju un mekl\u0113jat uzticamu, efekt\u012bvu risin\u0101jumu? Kamagra Special 100 mg ir augst\u0101k\u0101s kvalit\u0101tes medikaments, kas paredz\u0113ts, lai pal\u012bdz\u0113tu v\u012brie\u0161iem atg\u016bt p\u0101rliec\u012bbu un sniegumu gu\u013camistab\u0101. K\u0101 vado\u0161ais tie\u0161saistes p\u0101rdev\u0113js m\u0113s pied\u0101v\u0101jam diskr\u0113tu un \u0101tru pieg\u0101di uz ASV, Kan\u0101du, ES, Apvienoto Karalisti, Austr\u0101liju un visu pasauli, nodro\u0161inot, ka pas\u016bt\u012bjumu sa\u0146emat dro\u0161i un bez receptes.  <\/p>\n<h3><strong>Kas ir Kamagra Special 100 mg?<\/strong>  <\/h3>\n<p>Kamagra Special 100 mg ir sp\u0113c\u012bgs sildenafila b\u0101zes medikaments, kas pla\u0161i atz\u012bts erektil\u0101s disfunkcijas (ED) \u0101rst\u0113\u0161an\u0101. Tas darbojas, uzlabojot asins pl\u016bsmu dzimumlocekl\u012b, nodro\u0161inot sp\u0113c\u012bgu un ilgsto\u0161u erekciju seksu\u0101l\u0101s stimul\u0101cijas laik\u0101. \u0160\u012b \u0101tras iedarb\u012bbas formula nodro\u0161ina \u0101trus rezult\u0101tus, padarot to par iecien\u012btu izv\u0113li v\u012brie\u0161iem, kas mekl\u0113 uzticamu ED risin\u0101jumu.  <\/p>\n<h3><strong>Kamagra Special 100 mg galven\u0101s priek\u0161roc\u012bbas<\/strong>  <\/h3>\n<p>&#8211; <strong>\u0100tras iedarb\u012bbas formula:<\/strong> S\u0101k darboties 30\u201360 min\u016b\u0161u laik\u0101, nodro\u0161inot spontanit\u0101ti.<br \/>\n&#8211; <strong>Ilgsto\u0161a iedarb\u012bba:<\/strong> Nodro\u0161ina l\u012bdz pat 4\u20136 stund\u0101m uzlabotu veiktsp\u0113ju.<br \/>\n&#8211; <strong>Uzlabota asins pl\u016bsma:<\/strong> Veicina sp\u0113c\u012bg\u0101ku un stingr\u0101ku erekciju.<br \/>\n&#8211; <strong>Pieejama un efekt\u012bva:<\/strong> Izmaksu zi\u0146\u0101 efekt\u012bva alternat\u012bva firmas medikamentiem erektil\u0101s disfunkcijas \u0101rst\u0113\u0161anai.<br \/>\n&#8211; <strong>Diskr\u0113ts iepakojums:<\/strong> Pas\u016bt\u012bjumi tiek pieg\u0101d\u0101ti vienk\u0101r\u0161\u0101 iepakojum\u0101, lai nodro\u0161in\u0101tu priv\u0101tumu.  <\/p>\n<h3><strong>K\u0101 darbojas Kamagra Special 100 mg?<\/strong>  <\/h3>\n<p>Kamagra Special 100 mg satur sildenafila citr\u0101tu, PDE5 inhibitoru, kas atsl\u0101bina asinsvadus dzimumlocekl\u012b, t\u0101d\u0113j\u0101di palielinot asins pl\u016bsmu. \u0160is meh\u0101nisms nodro\u0161ina dabisku reakciju uz seksu\u0101lo stimul\u0101ciju, pal\u012bdzot v\u012brie\u0161iem bez piep\u016bles sasniegt un uztur\u0113t erekciju. At\u0161\u0137ir\u012bb\u0101 no cit\u0101m \u0101rst\u0113\u0161anas metod\u0113m, Kamagra Special 100 mg nodro\u0161ina nemain\u012bgus rezult\u0101tus, neapdraudot dro\u0161\u012bbu.  <\/p>\n<h3><strong>Ieteicam\u0101 deva un lieto\u0161ana<\/strong>  <\/h3>\n<p>Lai sasniegtu optim\u0101lus rezult\u0101tus, lietojiet vienu tableti (100 mg) aptuveni 30\u201360 min\u016btes pirms dzimumakta. Izvairieties p\u0101rsniegt vienu devu dien\u0101. Kamagra Special 100 mg j\u0101lieto, uzdzerot \u016bdeni, un vislab\u0101k tas darbojas tuk\u0161\u0101 d\u016b\u0161\u0101 vai ar vieglu malt\u012bti. Izvairieties no alkohola un taukainiem p\u0101rtikas produktiem, jo \u200b\u200btie var aizkav\u0113t t\u0101 iedarb\u012bbu.  <\/p>\n<h3><strong>Kas var lietot Kamagra Special 100 mg?<\/strong>  <\/h3>\n<p>\u0160\u012bs z\u0101les ir piem\u0113rotas pieaugu\u0161iem v\u012brie\u0161iem, kuriem ir erektil\u0101 disfunkcija. Tom\u0113r person\u0101m ar sirds slim\u012bb\u0101m, zemu asinsspiedienu vai tiem, kas lieto nitr\u0101tus, pirms lieto\u0161anas j\u0101konsult\u0113jas ar \u0101rstu. Vienm\u0113r p\u0101rliecinieties, ka jums nav aler\u0123ijas pret sildenafila citr\u0101tu vai k\u0101du citu Kamagra Special 100 mg sast\u0101vda\u013cu.  <\/p>\n<h3><strong>Iesp\u0113jam\u0101s blakuspar\u0101d\u012bbas<\/strong>  <\/h3>\n<p>Lai gan Kamagra Special 100 mg parasti ir labi panesams, da\u017eiem lietot\u0101jiem var rasties vieglas blakuspar\u0101d\u012bbas, tostarp:  <\/p>\n<p>Galvass\u0101pes<br \/>\n\u2014\u00a0Flushing<br \/>\nDeguna aizlikums<br \/>\nReibonis<br \/>\nKu\u0146\u0123a darb\u012bbas trauc\u0113jumi  <\/p>\n<p>\u0160\u012bs blakuspar\u0101d\u012bbas parasti ir \u012bslaic\u012bgas un izz\u016bd, organismam piel\u0101gojoties. Ja rodas smagas reakcijas, p\u0101rtrauciet lieto\u0161anu un mekl\u0113jiet medic\u012bnisko pal\u012bdz\u012bbu.  <\/p>\n<h3><strong>K\u0101p\u0113c pirkt Kamagra Special 100 mg tie\u0161saist\u0113 no mums?<\/strong>  <\/h3>\n<p>K\u0101 uzticams tie\u0161saistes p\u0101rdev\u0113js, m\u0113s priorit\u0101ri izvirz\u0101m kvalit\u0101ti, diskr\u0113tumu un klientu apmierin\u0101t\u012bbu. L\u016bk, k\u0101p\u0113c jums vajadz\u0113tu izv\u0113l\u0113ties m\u016bs:  <\/p>\n<p>&#8211; <strong>Recepte nav nepiecie\u0161ama:<\/strong> Izvairieties no \u0101rstu apmekl\u0113jumu raiz\u0113m.<br \/>\n&#8211; <strong>\u0100tra un diskr\u0113ta pieg\u0101de:<\/strong> Pieg\u0101de l\u012bdz j\u016bsu durv\u012bm dro\u0161\u0101 iepakojum\u0101.<br \/>\n&#8211; <strong>\u012astas z\u0101les:<\/strong> Ieg\u016bts no cien\u012bjamiem ra\u017eot\u0101jiem.<br \/>\n&#8211; <strong>Konkur\u0113tsp\u0113j\u012bgas cenas:<\/strong> Pieejamas cenas, neupur\u0113jot kvalit\u0101ti.<br \/>\n&#8211; <strong>Pieg\u0101de vis\u0101 pasaul\u0113:<\/strong> Pieg\u0101de uz ASV, Kan\u0101du, ES, Apvienoto Karalisti, Austr\u0101liju un vis\u0101 pasaul\u0113.  <\/p>\n<h3><strong>Kamagra Special 100 mg sal\u012bdzin\u0101jum\u0101 ar citiem erektil\u0101s disfunkcijas medikamentiem<\/strong>  <\/h3>\n<p>Sal\u012bdzinot ar citiem erektil\u0101s disfunkcijas \u0101rst\u0113\u0161anas l\u012bdzek\u013ciem, piem\u0113ram, Viagra vai Cialis, Kamagra Special 100 mg pied\u0101v\u0101 l\u012bdz\u012bgu efektivit\u0101ti par daudz zem\u0101k\u0101m izmaks\u0101m. T\u0101 \u0101tr\u0101s iedarb\u012bbas raksturs padara to ide\u0101li piem\u0113rotu spont\u0101n\u0101m tik\u0161an\u0101s reiz\u0113m, savuk\u0101rt t\u0101 uzticam\u012bba nodro\u0161ina past\u0101v\u012bgu snieguma uzlabo\u0161anos.  <\/p>\n<h3><strong>Bie\u017ei uzdotie jaut\u0101jumi (BUJ)<\/strong>  <\/h3>\n<h4><strong>Vai Kamagra Special 100 mg ir dro\u0161as?<\/strong>  <\/h4>\n<p>J\u0101, ja to lieto saska\u0146\u0101 ar nor\u0101d\u012bjumiem. Tas ir FDA apstiprin\u0101ts un pla\u0161i izmantots ED \u0101rst\u0113\u0161anai.  <\/p>\n<h4><strong>Cik ilgs laiks nepiecie\u0161ams pieg\u0101dei?<\/strong>  <\/h4>\n<p>Pieg\u0101des laiks at\u0161\u0137iras atkar\u012bb\u0101 no atra\u0161an\u0101s vietas, bet parasti tas ir no 3 l\u012bdz 7 darba dien\u0101m, un ir pieejamas pa\u0101trin\u0101tas pieg\u0101des iesp\u0113jas.  <\/p>\n<h4><strong>Vai es varu sadal\u012bt tableti?<\/strong>  <\/h4>\n<p>J\u0101, ja priek\u0161roka dodama maz\u0101kai devai, ta\u010du pirms devas piel\u0101go\u0161anas vienm\u0113r iepaz\u012bstieties ar vadl\u012bnij\u0101m.  <\/p>\n<h4><strong>Ko dar\u012bt, ja neredzu rezult\u0101tus?<\/strong>  <\/h4>\n<p>Nodro\u0161iniet pareizu lieto\u0161anu un izvairieties no alkohola vai smag\u0101m malt\u012bt\u0113m. Ja probl\u0113mas joproj\u0101m past\u0101v, apsveriet iesp\u0113ju konsult\u0113ties ar vesel\u012bbas apr\u016bpes speci\u0101listu.  <\/p>\n<h3><strong>Pas\u016btiet Kamagra Special 100 mg tie\u0161saist\u0113 jau \u0161odien!<\/strong>  <\/h3>\n<p>Ne\u013caujiet ED j\u016bs aizkav\u0113t \u2014 atg\u016bstiet p\u0101rliec\u012bbu ar Kamagra Special 100 mg. Pas\u016btiet t\u016bl\u012bt, lai sa\u0146emtu \u0101tru un diskr\u0113tu pieg\u0101di, un izbaudiet at\u0161\u0137ir\u012bbu sav\u0101 sniegum\u0101. M\u016bsu dro\u0161\u0101 nor\u0113\u0137in\u0101\u0161an\u0101s sist\u0113ma nodro\u0161ina bezr\u016bp\u012bgu pirkumu, un m\u016bsu klientu atbalsta komanda vienm\u0113r ir gatava pal\u012bdz\u0113t.  <\/p>\n<p>Ieg\u0101d\u0101jieties Kamagra Special 100 mg tie\u0161saist\u0113 jau \u0161odien un izbaudiet uzticamu, efekt\u012bvu risin\u0101jumu erektil\u0101s disfunkcijas \u0101rst\u0113\u0161anai. Apmierin\u0101t\u012bba garant\u0113ta!<\/p>","protected":false},"excerpt":{"rendered":"<p>Vai nepiecie\u0161ams \u0101tras iedarb\u012bbas erekcijas trauc\u0113jumu risin\u0101jums? Kamagra Special 100 mg nodro\u0161ina stingru, ilgsto\u0161u erekciju tikai 30 min\u016bt\u0113s \u2014 ar efektu l\u012bdz pat 6 stund\u0101m. Izvairieties no recep\u0161u lieto\u0161anas raiz\u0113m un diskr\u0113ti pas\u016btiet \u012bstas, augstas kvalit\u0101tes tabletes no Rx Meds Plus. Izbaudiet uzlabotu iztur\u012bbu, priv\u0101tumu un p\u0101rliec\u012bbu ar katru pirkumu. Izbaudiet \u0101tru pieg\u0101di un nep\u0101rsp\u0113jamas cenas. P\u0101r\u0146emiet kontroli p\u0101r savu sniegumu jau \u0161odien \u2014 noklik\u0161\u0137iniet, pas\u016btiet un saj\u016btiet at\u0161\u0137ir\u012bbu.<\/p>","protected":false},"featured_media":4331,"comment_status":"open","ping_status":"closed","template":"","meta":{"site-sidebar-layout":"default","site-content-layout":"","ast-site-content-layout":"default","site-content-style":"default","site-sidebar-style":"default","ast-global-header-display":"","ast-banner-title-visibility":"","ast-main-header-display":"","ast-hfb-above-header-display":"","ast-hfb-below-header-display":"","ast-hfb-mobile-header-display":"","site-post-title":"","ast-breadcrumbs-content":"","ast-featured-img":"","footer-sml-layout":"","ast-disable-related-posts":"","theme-transparent-header-meta":"","adv-header-id-meta":"","stick-header-meta":"","header-above-stick-meta":"","header-main-stick-meta":"","header-below-stick-meta":"","astra-migrate-meta-layouts":"default","ast-page-background-enabled":"default","ast-page-background-meta":{"desktop":{"background-color":"","background-image":"","background-repeat":"repeat","background-position":"center center","background-size":"auto","background-attachment":"scroll","background-type":"","background-media":"","overlay-type":"","overlay-color":"","overlay-opacity":"","overlay-gradient":""},"tablet":{"background-color":"","background-image":"","background-repeat":"repeat","background-position":"center center","background-size":"auto","background-attachment":"scroll","background-type":"","background-media":"","overlay-type":"","overlay-color":"","overlay-opacity":"","overlay-gradient":""},"mobile":{"background-color":"","background-image":"","background-repeat":"repeat","background-position":"center center","background-size":"auto","background-attachment":"scroll","background-type":"","background-media":"","overlay-type":"","overlay-color":"","overlay-opacity":"","overlay-gradient":""}},"ast-content-background-meta":{"desktop":{"background-color":"var(--ast-global-color-5)","background-image":"","background-repeat":"repeat","background-position":"center center","background-size":"auto","background-attachment":"scroll","background-type":"","background-media":"","overlay-type":"","overlay-color":"","overlay-opacity":"","overlay-gradient":""},"tablet":{"background-color":"var(--ast-global-color-5)","background-image":"","background-repeat":"repeat","background-position":"center center","background-size":"auto","background-attachment":"scroll","background-type":"","background-media":"","overlay-type":"","overlay-color":"","overlay-opacity":"","overlay-gradient":""},"mobile":{"background-color":"var(--ast-global-color-5)","background-image":"","background-repeat":"repeat","background-position":"center center","background-size":"auto","background-attachment":"scroll","background-type":"","background-media":"","overlay-type":"","overlay-color":"","overlay-opacity":"","overlay-gradient":""}}},"product_brand":[],"product_cat":[1684],"product_tag":[2118,2120,279,937,938,950,1268,2117,2119,980,940,707,1993,1984,958],"class_list":{"0":"post-4301","1":"product","2":"type-product","3":"status-publish","4":"has-post-thumbnail","6":"product_cat-sex-pills","7":"product_tag-buy-kamagra-online","8":"product_tag-cheap-ed-medication","9":"product_tag-discreet-shipping","10":"product_tag-ed-treatment","11":"product_tag-erectile-dysfunction","12":"product_tag-fast-acting-ed-pills","13":"product_tag-kamagra-dosage","14":"product_tag-kamagra-special-100-mg","15":"product_tag-kamagra-vs-viagra","16":"product_tag-male-enhancement","17":"product_tag-mens-health","18":"product_tag-no-prescription-needed","19":"product_tag-reliable-ed-solution","20":"product_tag-sexual-health","21":"product_tag-sildenafil-citrate","22":"desktop-align-left","23":"tablet-align-left","24":"mobile-align-left","25":"ast-product-gallery-layout-horizontal-slider","26":"ast-product-gallery-with-no-image","27":"ast-magnify-disabled","28":"ast-product-single-variable","29":"ast-product-tabs-layout-horizontal","31":"first","32":"instock","33":"shipping-taxable","34":"purchasable","35":"product-type-variable"},"yoast_head":"<!-- This site is optimized with the Yoast SEO Premium plugin v26.0 (Yoast SEO v27.6) - https:\/\/yoast.com\/product\/yoast-seo-premium-wordpress\/ -->\n<title>Buy Kamagra Special 100 mg Online \u2013 Fast &amp; Reliable ED Solution &#187; Rx Meds Plus<\/title>\n<meta name=\"description\" content=\"Kamagra Special 100 mg helps treat erectile dysfunction fast. Experience stronger erections within 30-60 minutes\u2014buy online now for discreet, worldwide shipping!\" \/>\n<meta name=\"robots\" content=\"noindex, follow, max-snippet:-1, max-image-preview:large, max-video-preview:-1\" \/>\n<meta property=\"og:locale\" content=\"lv_LV\" \/>\n<meta property=\"og:type\" content=\"article\" \/>\n<meta property=\"og:title\" content=\"Buy Kamagra Special 100 mg Online \u2013 Fast &amp; Reliable ED Solution\" \/>\n<meta property=\"og:description\" content=\"Kamagra Special 100 mg helps treat erectile dysfunction fast. Experience stronger erections within 30-60 minutes\u2014buy online now for discreet, worldwide shipping!\" \/>\n<meta property=\"og:url\" content=\"https:\/\/rxmedsplus.com\/lv\/products\/kamagra-special-100-mg\/\" \/>\n<meta property=\"og:site_name\" content=\"Rx Meds Plus\" \/>\n<meta property=\"article:modified_time\" content=\"2026-05-11T00:43:33+00:00\" \/>\n<meta property=\"og:image\" content=\"https:\/\/rxmedsplus.com\/wp-content\/uploads\/2026\/05\/134346-2-1.jpg\" \/>\n\t<meta property=\"og:image:width\" content=\"500\" \/>\n\t<meta property=\"og:image:height\" content=\"500\" \/>\n\t<meta property=\"og:image:type\" content=\"image\/jpeg\" \/>\n<meta name=\"twitter:card\" content=\"summary_large_image\" \/>\n<meta name=\"twitter:label1\" content=\"Availability\" \/>\n\t<meta name=\"twitter:data1\" content=\"In stock\" \/>\n<script type=\"application\/ld+json\" class=\"yoast-schema-graph\">{\"@context\":\"https:\\\/\\\/schema.org\",\"@graph\":[{\"@type\":\"WebPage\",\"@id\":\"https:\\\/\\\/rxmedsplus.com\\\/product\\\/kamagra-special-100-mg\\\/\",\"url\":\"https:\\\/\\\/rxmedsplus.com\\\/product\\\/kamagra-special-100-mg\\\/\",\"name\":\"Buy Kamagra Special 100 mg Online \u2013 Fast & Reliable ED Solution &#187; Rx Meds Plus\",\"isPartOf\":{\"@id\":\"https:\\\/\\\/rxmedsplus.com\\\/#website\"},\"primaryImageOfPage\":{\"@id\":\"https:\\\/\\\/rxmedsplus.com\\\/product\\\/kamagra-special-100-mg\\\/#primaryimage\"},\"image\":{\"@id\":\"https:\\\/\\\/rxmedsplus.com\\\/product\\\/kamagra-special-100-mg\\\/#primaryimage\"},\"thumbnailUrl\":\"https:\\\/\\\/rxmedsplus.com\\\/wp-content\\\/uploads\\\/2026\\\/05\\\/134346-2-1.jpg\",\"datePublished\":\"2026-05-03T23:30:24+00:00\",\"dateModified\":\"2026-05-11T00:43:33+00:00\",\"description\":\"Kamagra Special 100 mg helps treat erectile dysfunction fast. Experience stronger erections within 30-60 minutes\u2014buy online now for discreet, worldwide shipping!\",\"breadcrumb\":{\"@id\":\"https:\\\/\\\/rxmedsplus.com\\\/product\\\/kamagra-special-100-mg\\\/#breadcrumb\"},\"inLanguage\":\"lv-LV\",\"potentialAction\":[{\"@type\":\"ReadAction\",\"target\":[\"https:\\\/\\\/rxmedsplus.com\\\/product\\\/kamagra-special-100-mg\\\/\"]}]},{\"@type\":\"ImageObject\",\"inLanguage\":\"lv-LV\",\"@id\":\"https:\\\/\\\/rxmedsplus.com\\\/product\\\/kamagra-special-100-mg\\\/#primaryimage\",\"url\":\"https:\\\/\\\/rxmedsplus.com\\\/wp-content\\\/uploads\\\/2026\\\/05\\\/134346-2-1.jpg\",\"contentUrl\":\"https:\\\/\\\/rxmedsplus.com\\\/wp-content\\\/uploads\\\/2026\\\/05\\\/134346-2-1.jpg\",\"width\":500,\"height\":500},{\"@type\":\"BreadcrumbList\",\"@id\":\"https:\\\/\\\/rxmedsplus.com\\\/product\\\/kamagra-special-100-mg\\\/#breadcrumb\",\"itemListElement\":[{\"@type\":\"ListItem\",\"position\":1,\"name\":\"Home\",\"item\":\"https:\\\/\\\/rxmedsplus.com\\\/\"},{\"@type\":\"ListItem\",\"position\":2,\"name\":\"Shop\",\"item\":\"https:\\\/\\\/rxmedsplus.com\\\/shop\\\/\"},{\"@type\":\"ListItem\",\"position\":3,\"name\":\"Buy Kamagra Special 100 mg Online \u2013 Fast &#038; Reliable ED Solution\"}]},{\"@type\":\"WebSite\",\"@id\":\"https:\\\/\\\/rxmedsplus.com\\\/#website\",\"url\":\"https:\\\/\\\/rxmedsplus.com\\\/\",\"name\":\"Rx Meds Plus\",\"description\":\"Buy Prescription Meds and Pills Online with Fast Delivery\",\"potentialAction\":[{\"@type\":\"SearchAction\",\"target\":{\"@type\":\"EntryPoint\",\"urlTemplate\":\"https:\\\/\\\/rxmedsplus.com\\\/?s={search_term_string}\"},\"query-input\":{\"@type\":\"PropertyValueSpecification\",\"valueRequired\":true,\"valueName\":\"search_term_string\"}}],\"inLanguage\":\"lv-LV\"}]}<\/script>\n<meta property=\"og:availability\" content=\"instock\" \/>\n<meta property=\"product:availability\" content=\"instock\" \/>\n<meta property=\"product:retailer_item_id\" content=\"134346\" \/>\n<meta property=\"product:condition\" content=\"new\" \/>\n<!-- \/ Yoast SEO Premium plugin. -->","yoast_head_json":{"title":"Ieg\u0101d\u0101jieties Kamagra Special 100 mg tie\u0161saist\u0113 \u2014 \u0101trs un uzticams ED risin\u0101jums \u2014 Rx Meds Plus","description":"Kamagra Special 100 mg pal\u012bdz \u0101tri \u0101rst\u0113t erektil\u0101s disfunkcijas. Izbaudiet sp\u0113c\u012bg\u0101ku erekciju 30\u201360 min\u016b\u0161u laik\u0101 \u2014 ieg\u0101d\u0101jieties tie\u0161saist\u0113 jau tagad, lai sa\u0146emtu diskr\u0113tu pieg\u0101di vis\u0101 pasaul\u0113!","robots":{"index":"noindex","follow":"follow","max-snippet":"max-snippet:-1","max-image-preview":"max-image-preview:large","max-video-preview":"max-video-preview:-1"},"og_locale":"lv_LV","og_type":"article","og_title":"Buy Kamagra Special 100 mg Online \u2013 Fast & Reliable ED Solution","og_description":"Kamagra Special 100 mg helps treat erectile dysfunction fast. Experience stronger erections within 30-60 minutes\u2014buy online now for discreet, worldwide shipping!","og_url":"https:\/\/rxmedsplus.com\/lv\/products\/kamagra-special-100-mg\/","og_site_name":"Rx Meds Plus","article_modified_time":"2026-05-11T00:43:33+00:00","og_image":[{"width":500,"height":500,"url":"https:\/\/rxmedsplus.com\/wp-content\/uploads\/2026\/05\/134346-2-1.jpg","type":"image\/jpeg"}],"twitter_card":"summary_large_image","twitter_misc":{"Availability":"In stock"},"schema":{"@context":"https:\/\/schema.org","@graph":[{"@type":"WebPage","@id":"https:\/\/rxmedsplus.com\/product\/kamagra-special-100-mg\/","url":"https:\/\/rxmedsplus.com\/product\/kamagra-special-100-mg\/","name":"Ieg\u0101d\u0101jieties Kamagra Special 100 mg tie\u0161saist\u0113 \u2014 \u0101trs un uzticams ED risin\u0101jums \u2014 Rx Meds Plus","isPartOf":{"@id":"https:\/\/rxmedsplus.com\/#website"},"primaryImageOfPage":{"@id":"https:\/\/rxmedsplus.com\/product\/kamagra-special-100-mg\/#primaryimage"},"image":{"@id":"https:\/\/rxmedsplus.com\/product\/kamagra-special-100-mg\/#primaryimage"},"thumbnailUrl":"https:\/\/rxmedsplus.com\/wp-content\/uploads\/2026\/05\/134346-2-1.jpg","datePublished":"2026-05-03T23:30:24+00:00","dateModified":"2026-05-11T00:43:33+00:00","description":"Kamagra Special 100 mg pal\u012bdz \u0101tri \u0101rst\u0113t erektil\u0101s disfunkcijas. Izbaudiet sp\u0113c\u012bg\u0101ku erekciju 30\u201360 min\u016b\u0161u laik\u0101 \u2014 ieg\u0101d\u0101jieties tie\u0161saist\u0113 jau tagad, lai sa\u0146emtu diskr\u0113tu pieg\u0101di vis\u0101 pasaul\u0113!","breadcrumb":{"@id":"https:\/\/rxmedsplus.com\/product\/kamagra-special-100-mg\/#breadcrumb"},"inLanguage":"lv-LV","potentialAction":[{"@type":"ReadAction","target":["https:\/\/rxmedsplus.com\/product\/kamagra-special-100-mg\/"]}]},{"@type":"ImageObject","inLanguage":"lv-LV","@id":"https:\/\/rxmedsplus.com\/product\/kamagra-special-100-mg\/#primaryimage","url":"https:\/\/rxmedsplus.com\/wp-content\/uploads\/2026\/05\/134346-2-1.jpg","contentUrl":"https:\/\/rxmedsplus.com\/wp-content\/uploads\/2026\/05\/134346-2-1.jpg","width":500,"height":500},{"@type":"BreadcrumbList","@id":"https:\/\/rxmedsplus.com\/product\/kamagra-special-100-mg\/#breadcrumb","itemListElement":[{"@type":"ListItem","position":1,"name":"Home","item":"https:\/\/rxmedsplus.com\/"},{"@type":"ListItem","position":2,"name":"Shop","item":"https:\/\/rxmedsplus.com\/shop\/"},{"@type":"ListItem","position":3,"name":"Buy Kamagra Special 100 mg Online \u2013 Fast &#038; Reliable ED Solution"}]},{"@type":"WebSite","@id":"https:\/\/rxmedsplus.com\/#website","url":"https:\/\/rxmedsplus.com\/","name":"Receptes z\u0101les Plus","description":"Ieg\u0101d\u0101jieties recep\u0161u z\u0101les un tabletes tie\u0161saist\u0113 ar \u0101tru pieg\u0101di","potentialAction":[{"@type":"SearchAction","target":{"@type":"EntryPoint","urlTemplate":"https:\/\/rxmedsplus.com\/?s={search_term_string}"},"query-input":{"@type":"PropertyValueSpecification","valueRequired":true,"valueName":"search_term_string"}}],"inLanguage":"lv-LV"}]},"og_availability":"instock","product_availability":"instock","product_retailer_item_id":"134346","product_condition":"new"},"_links":{"self":[{"href":"https:\/\/rxmedsplus.com\/lv\/wp-json\/wp\/v2\/product\/4301","targetHints":{"allow":["GET"]}}],"collection":[{"href":"https:\/\/rxmedsplus.com\/lv\/wp-json\/wp\/v2\/product"}],"about":[{"href":"https:\/\/rxmedsplus.com\/lv\/wp-json\/wp\/v2\/types\/product"}],"replies":[{"embeddable":true,"href":"https:\/\/rxmedsplus.com\/lv\/wp-json\/wp\/v2\/comments?post=4301"}],"wp:featuredmedia":[{"embeddable":true,"href":"https:\/\/rxmedsplus.com\/lv\/wp-json\/wp\/v2\/media\/4331"}],"wp:attachment":[{"href":"https:\/\/rxmedsplus.com\/lv\/wp-json\/wp\/v2\/media?parent=4301"}],"wp:term":[{"taxonomy":"product_brand","embeddable":true,"href":"https:\/\/rxmedsplus.com\/lv\/wp-json\/wp\/v2\/product_brand?post=4301"},{"taxonomy":"product_cat","embeddable":true,"href":"https:\/\/rxmedsplus.com\/lv\/wp-json\/wp\/v2\/product_cat?post=4301"},{"taxonomy":"product_tag","embeddable":true,"href":"https:\/\/rxmedsplus.com\/lv\/wp-json\/wp\/v2\/product_tag?post=4301"}],"curies":[{"name":"wp","href":"https:\/\/api.w.org\/{rel}","templated":true}]}}