{"id":3324,"date":"2025-09-24T21:50:57","date_gmt":"2025-09-24T21:50:57","guid":{"rendered":"https:\/\/rxmedsplus.com\/?post_type=product&#038;p=3324"},"modified":"2025-09-25T11:01:24","modified_gmt":"2025-09-25T11:01:24","slug":"tramadol-sale","status":"publish","type":"product","link":"https:\/\/rxmedsplus.com\/mt\/product\/tramadol-sale\/","title":{"rendered":"Buy Tramadol 200mg Generic Online &#8211; Secure &#038; Affordable"},"content":{"rendered":"<p><strong>Ixtri Tramadol 200mg \u0120eneriku Online \u2013 Ser\u0127an mill-U\u0121ig\u0127 Sikur u Affordabbli<\/strong>  <\/p>\n<p>Tramadol 200mg \u0120eneriku huwa ser\u0127an mill-u\u0121ig\u0127 qawwi ta\u2019 grad ta\u2019 preskrizzjoni ddisinjat biex jimmani\u0121\u0121ja u\u0121ig\u0127 moderat sa sever. Fl-ispi\u017cerija online fdata tag\u0127na, tista\u2019 tixtri Tramadol 200mg \u0121eneriku online b\u2019mod sigur u affordabbli ming\u0127ajr ri\u010betta. A\u0127na ni\u017cguraw kunsinna velo\u010bi u diskreta lejn l-Istati Uniti, il-Kanada, l-Ewropa, u madwar id-dinja, u nipprovdu mod ming\u0127ajr tbatija biex ta\u010b\u010bessa medi\u010bina ta\u2019 kwalit\u00e0 g\u0127olja mill-kumdit\u00e0 ta\u2019 darek.  <\/p>\n<h3><strong>X'inhu Tramadol 200mg?<\/strong>  <\/h3>\n<p>Tramadol huwa anal\u0121e\u017ciku opjojdi li ja\u0127dem billi jibdel il-mod kif mo\u0127\u0127ok jipper\u010bepixxi l-u\u0121ig\u0127. Id-do\u017ca ta' 200mg hija formulazzjoni b'sa\u0127\u0127a og\u0127la rakkomandata g\u0127al pazjenti li je\u0127tie\u0121u ser\u0127an mill-u\u0121ig\u0127 esti\u017c. B'differenza mill-ver\u017cjonijiet tad-ditta, Tramadol \u0121eneriku 200mg joffri l-istess effettivit\u00e0 bi prezz aktar affordabbli, u dan jag\u0127milha g\u0127a\u017cla affidabbli g\u0127al dawk li qed ifittxu \u0121estjoni tal-u\u0121ig\u0127 kosteffi\u010bjenti.  <\/p>\n<h3><strong>U\u017ci ta' Tramadol 200mg \u0120eneriku<\/strong>  <\/h3>\n<p>Tramadol 200mg huwa primarjament preskritt g\u0127al kundizzjonijiet ta\u2019 u\u0121ig\u0127 kroniku, inklu\u017c:<br \/>\n*Artrite u u\u0121ig\u0127 fil-\u0121ogi<br \/>\nSkumdit\u00e0 wara l-operazzjoni<br \/>\n\u2013 U\u0121ig\u0127 qawwi fid-dahar<br \/>\n\u2013 U\u0121ig\u0127 newropatiku<br \/>\n\u2013 Fibromyalgia u u\u0121ig\u0127 fil-muskoli  <\/p>\n<p>Din il-medi\u010bina tipprovdi ser\u0127an fit-tul, u tippermetti lill-individwi jer\u0121g\u0127u jibdew l-attivitajiet ta\u2019 kuljum ming\u0127ajr skumdit\u00e0 kostanti.  <\/p>\n<h3><strong>Kif Ja\u0127dem Tramadol 200mg?<\/strong>  <\/h3>\n<p>It-tramadol jing\u0127aqad mar-ri\u010betturi tal-opjojdi fil-mo\u0127\u0127 u l-korda spinali, u b'hekk inaqqas it-tra\u017cmissjoni tas-sinjali tal-u\u0121ig\u0127. Jinibixxi wkoll ir-riassorbiment tas-serotonin u n-norepinephrine, u b'hekk itejjeb it-tolleranza g\u0127all-u\u0121ig\u0127. Il-formula ta' 200mg b'rilaxx esti\u017c ti\u017cgura assorbiment kostanti, u twassal ser\u0127an mill-u\u0121ig\u0127 konsistenti sa 12-il sieg\u0127a g\u0127al kull do\u017ca.  <\/p>\n<h3><strong>Do\u017ca\u0121\u0121 u Amministrazzjoni<\/strong>  <\/h3>\n<p>G\u0127al ri\u017cultati ottimali, segwi dawn il-linji gwida meta tu\u017ca Tramadol 200mg:<br \/>\n&#8211; <strong>Do\u017ca\u0121\u0121 Rakkomandat:<\/strong> Pillola wa\u0127da kull 12-il sieg\u0127a skont il-b\u017conn g\u0127all-u\u0121ig\u0127.<br \/>\n&#8211; <strong>Tg\u0127affe\u0121x jew Tomg\u0127odx:<\/strong> Ibla' l-pillola s\u0127i\u0127a biex tevita rilaxx mg\u0127a\u0121\u0121el u effetti sekondarji potenzjali.<br \/>\n&#8211; <strong>Evita l-Alko\u0127ol:<\/strong> It-ta\u0127lit ta' Tramadol mal-alko\u0127ol i\u017cid ir-riskju ta' ng\u0127as qawwi jew depressjoni respiratorja.  <\/p>\n<p>Dejjem ikkonsulta professjonist fil-qasam tal-kura tas-sa\u0127\u0127a qabel ma ta\u0121\u0121usta d-do\u017ca\u0121\u0121 tieg\u0127ek.  <\/p>\n<h3><strong>Potential Side Effects<\/strong>  <\/h3>\n<p>Filwaqt li t-Tramadol \u0121eneralment ji\u0121i tollerat tajjeb, xi utenti jistg\u0127u jesperjenzaw:<br \/>\n\u2013 Sturdament jew ng\u0127as<br \/>\nDardir jew stitikezza<br \/>\nU\u0121ig\u0127 ta' ras<br \/>\n\u0126alq xott  <\/p>\n<p>Jekk ise\u0127\u0127u effetti sekondarji severi b\u0127al diffikult\u00e0 biex tie\u0127u n-nifs, a\u010b\u010bessjonijiet, jew reazzjonijiet aller\u0121i\u010bi, fittex attenzjoni medika ta' emer\u0121enza.  <\/p>\n<h3><strong>G\u0127aliex G\u0127andek Tixtri Tramadol 200mg Online Ming\u0127andna?<\/strong>  <\/h3>\n<p>Ix-xiri ta' Tramadol online joffri konvenjenza, privatezza, u affordabbilt\u00e0. Hawn g\u0127aliex il-klijenti jafdawna:<br \/>\n&#8211; <strong>L-ebda Ri\u010betta Me\u0127tie\u0121a:<\/strong> Aqbe\u017c i\u017c-\u017cjara g\u0127and it-tabib u \u0121ib Tramadol \u0121enwin b'mod diskret.<br \/>\n&#8211; <strong>Kunsinna Sikura u Diskreta:<\/strong> Nippakkjaw l-ordnijiet b'mod kunfidenzjali u nwasslu mad-dinja kollha.<br \/>\n&#8211; <strong>Prezzijiet Kompetittivi:<\/strong> Igawdi rati ra\u0121onevoli meta mqabbla ma' spi\u017ceriji tradizzjonali.<br \/>\n&#8211; <strong>Medi\u010bina Awtentika:<\/strong> A\u0127na niksbu biss Tramadol \u0121eneriku approvat mill-FDA g\u0127as-sigurt\u00e0 u l-potenza.  <\/p>\n<h3><strong>Min G\u0127andu Jevita t-Tramadol?<\/strong>  <\/h3>\n<p>G\u0127alkemm Tramadol huwa effettiv, mhux adattat g\u0127al kul\u0127add. Evita l-u\u017cu jekk inti:<br \/>\n\u2013 G\u0127andek storja ta\u2019 abbu\u017c ta\u2019 sustanzi<br \/>\nTqila jew qed tredda'<br \/>\n\u2013 Tbati minn epilessija jew disturbi ta' a\u010b\u010bessjonijiet<br \/>\n\u0126u inibituri tal-MAO jew depressanti o\u0127ra tas-sistema nervu\u017ca \u010bentrali  <\/p>\n<h3><strong>\u0126a\u017cna u Immani\u0121\u0121jar Sikuri<\/strong>  <\/h3>\n<p>\u017bomm Tramadol 200mg f'post frisk u niexef, 'il bog\u0127od mit-tfal u l-annimali domesti\u010bi. Evita li tesponi l-pilloli g\u0127all-umdit\u00e0 jew temperaturi estremi biex i\u017c\u017comm l-effettivit\u00e0 tag\u0127hom.  <\/p>\n<h3><strong>Konklu\u017cjoni: Ixtri Tramadol 200mg \u0120eneriku Online Illum<\/strong>  <\/h3>\n<p>Jekk qed tfittex mod affidabbli biex tixtri Tramadol 200mg \u0121eneriku online b'mod sigur u affordabbli, l-ispi\u017cerija tag\u0127na tipprovdi soluzzjoni affidabbli. Bit-tba\u0127\u0127ir globali diskret, ming\u0127ajr problemi ta' ri\u010betti, u medi\u010bina ta' kwalit\u00e0 g\u0127olja, a\u0127na ni\u017cguraw li l-b\u017connijiet tieg\u0127ek ta' ser\u0127an mill-u\u0121ig\u0127 ji\u0121u sodisfatti b'mod effi\u010bjenti. Ag\u0127mel l-ordni tieg\u0127ek illum u esperjenza ser\u0127an velo\u010bi u affidabbli minn skumdit\u00e0 kronika.  <\/p>\n<p>G\u0127al aktar mistoqsijiet dwar id-do\u017ca\u0121\u0121, l-u\u017cu, jew l-g\u0127a\u017cliet ta' kunsinna ta' Tramadol, ikkuntattja lit-tim tal-appo\u0121\u0121 g\u0127all-klijenti tag\u0127na\u2014a\u0127na qeg\u0127din hawn biex ng\u0127inuk!<\/p>","protected":false},"excerpt":{"rendered":"<p>Ikseb ser\u0127an effettiv mill-u\u0121ig\u0127 bit-Tramadol 200mg \u0121eneriku ta\u2019 kwalit\u00e0 g\u0127olja tag\u0127na, disponibbli bi prezzijiet imbattibbli ming\u0127ajr ri\u010betta. L-ispi\u017cerija fdata tag\u0127na ti\u017cgura kunsinna diskreta u sigura b\u2019tra\u010b\u010bar affidabbli sabiex tkun tista\u2019 tixtri b\u2019kunfidenza. Iffranka l-flus waqt li tikseb l-istess ingredjenti attivi b\u0127all-pilloli tad-ditta, appo\u0121\u0121jati mill-10+ snin ta\u2019 servizz fdat tag\u0127na. Ordna llum g\u0127al kunsinna velo\u010bi u ming\u0127ajr tbatija direttament sal-bieb tieg\u0127ek!<\/p>","protected":false},"featured_media":3351,"comment_status":"open","ping_status":"closed","template":"","meta":{"site-sidebar-layout":"default","site-content-layout":"","ast-site-content-layout":"default","site-content-style":"default","site-sidebar-style":"default","ast-global-header-display":"","ast-banner-title-visibility":"","ast-main-header-display":"","ast-hfb-above-header-display":"","ast-hfb-below-header-display":"","ast-hfb-mobile-header-display":"","site-post-title":"","ast-breadcrumbs-content":"","ast-featured-img":"","footer-sml-layout":"","ast-disable-related-posts":"","theme-transparent-header-meta":"","adv-header-id-meta":"","stick-header-meta":"","header-above-stick-meta":"","header-main-stick-meta":"","header-below-stick-meta":"","astra-migrate-meta-layouts":"default","ast-page-background-enabled":"default","ast-page-background-meta":{"desktop":{"background-color":"","background-image":"","background-repeat":"repeat","background-position":"center center","background-size":"auto","background-attachment":"scroll","background-type":"","background-media":"","overlay-type":"","overlay-color":"","overlay-opacity":"","overlay-gradient":""},"tablet":{"background-color":"","background-image":"","background-repeat":"repeat","background-position":"center center","background-size":"auto","background-attachment":"scroll","background-type":"","background-media":"","overlay-type":"","overlay-color":"","overlay-opacity":"","overlay-gradient":""},"mobile":{"background-color":"","background-image":"","background-repeat":"repeat","background-position":"center center","background-size":"auto","background-attachment":"scroll","background-type":"","background-media":"","overlay-type":"","overlay-color":"","overlay-opacity":"","overlay-gradient":""}},"ast-content-background-meta":{"desktop":{"background-color":"var(--ast-global-color-5)","background-image":"","background-repeat":"repeat","background-position":"center center","background-size":"auto","background-attachment":"scroll","background-type":"","background-media":"","overlay-type":"","overlay-color":"","overlay-opacity":"","overlay-gradient":""},"tablet":{"background-color":"var(--ast-global-color-5)","background-image":"","background-repeat":"repeat","background-position":"center center","background-size":"auto","background-attachment":"scroll","background-type":"","background-media":"","overlay-type":"","overlay-color":"","overlay-opacity":"","overlay-gradient":""},"mobile":{"background-color":"var(--ast-global-color-5)","background-image":"","background-repeat":"repeat","background-position":"center center","background-size":"auto","background-attachment":"scroll","background-type":"","background-media":"","overlay-type":"","overlay-color":"","overlay-opacity":"","overlay-gradient":""}}},"product_brand":[],"product_cat":[37],"product_tag":[1315,1032,1314,1290,1313,704,1317,1312,1316,1034],"class_list":{"0":"post-3324","1":"product","2":"type-product","3":"status-publish","4":"has-post-thumbnail","6":"product_cat-buy-pain-relief-medication-online","7":"product_tag-best-online-pharmacy-tramadol","8":"product_tag-buy-tramadol-online","9":"product_tag-cheap-tramadol-online","10":"product_tag-generic-tramadol","11":"product_tag-order-tramadol-no-prescription","12":"product_tag-pain-relief-medication","13":"product_tag-secure-tramadol-purchase","14":"product_tag-tramadol-200mg","15":"product_tag-tramadol-dosage","16":"product_tag-tramadol-for-chronic-pain","17":"desktop-align-left","18":"tablet-align-left","19":"mobile-align-left","20":"ast-product-gallery-layout-horizontal-slider","21":"ast-product-gallery-with-no-image","22":"ast-magnify-disabled","23":"ast-product-single-variable","24":"ast-product-tabs-layout-horizontal","26":"first","27":"instock","28":"shipping-taxable","29":"purchasable","30":"product-type-variable"},"yoast_head":"<!-- This site is optimized with the Yoast SEO Premium plugin v26.0 (Yoast SEO v27.6) - https:\/\/yoast.com\/product\/yoast-seo-premium-wordpress\/ -->\n<title>Buy Tramadol 200mg Generic Online - Secure &amp; Affordable &#187; Rx Meds Plus<\/title>\n<meta name=\"description\" content=\"Buy tramadol for sale online at affordable prices! Secure, discreet shipping &amp; no prescription needed\u2014order now for fast pain relief.\" \/>\n<meta name=\"robots\" content=\"noindex, follow, max-snippet:-1, max-image-preview:large, max-video-preview:-1\" \/>\n<meta property=\"og:locale\" content=\"mt_MT\" \/>\n<meta property=\"og:type\" content=\"article\" \/>\n<meta property=\"og:title\" content=\"Buy Tramadol 200mg Generic Online - Secure &amp; Affordable\" \/>\n<meta property=\"og:description\" content=\"Buy tramadol for sale online at affordable prices! Secure, discreet shipping &amp; no prescription needed\u2014order now for fast pain relief.\" \/>\n<meta property=\"og:url\" content=\"https:\/\/rxmedsplus.com\/mt\/product\/tramadol-sale\/\" \/>\n<meta property=\"og:site_name\" content=\"Rx Meds Plus\" \/>\n<meta property=\"article:modified_time\" content=\"2025-09-25T11:01:24+00:00\" \/>\n<meta property=\"og:image\" content=\"https:\/\/mlehknw8zzux.i.optimole.com\/w:400\/h:400\/q:mauto\/f:best\/https:\/\/rxmedsplus.com\/wp-content\/uploads\/2025\/09\/11111-Buy-Tramadol-200mg-Online.jpg\" \/>\n\t<meta property=\"og:image:width\" content=\"400\" \/>\n\t<meta property=\"og:image:height\" content=\"400\" \/>\n\t<meta property=\"og:image:type\" content=\"image\/jpeg\" \/>\n<meta name=\"twitter:card\" content=\"summary_large_image\" \/>\n<meta name=\"twitter:label1\" content=\"Availability\" \/>\n\t<meta name=\"twitter:data1\" content=\"In stock\" \/>\n<script type=\"application\/ld+json\" class=\"yoast-schema-graph\">{\"@context\":\"https:\\\/\\\/schema.org\",\"@graph\":[{\"@type\":\"WebPage\",\"@id\":\"https:\\\/\\\/rxmedsplus.com\\\/product\\\/tramadol-sale\\\/\",\"url\":\"https:\\\/\\\/rxmedsplus.com\\\/product\\\/tramadol-sale\\\/\",\"name\":\"Buy Tramadol 200mg Generic Online - Secure & Affordable &#187; Rx Meds Plus\",\"isPartOf\":{\"@id\":\"https:\\\/\\\/rxmedsplus.com\\\/#website\"},\"primaryImageOfPage\":{\"@id\":\"https:\\\/\\\/rxmedsplus.com\\\/product\\\/tramadol-sale\\\/#primaryimage\"},\"image\":{\"@id\":\"https:\\\/\\\/rxmedsplus.com\\\/product\\\/tramadol-sale\\\/#primaryimage\"},\"thumbnailUrl\":\"https:\\\/\\\/rxmedsplus.com\\\/wp-content\\\/uploads\\\/2025\\\/09\\\/11111-Buy-Tramadol-200mg-Online.jpg\",\"datePublished\":\"2025-09-24T21:50:57+00:00\",\"dateModified\":\"2025-09-25T11:01:24+00:00\",\"description\":\"Buy tramadol for sale online at affordable prices! Secure, discreet shipping & no prescription needed\u2014order now for fast pain relief.\",\"breadcrumb\":{\"@id\":\"https:\\\/\\\/rxmedsplus.com\\\/product\\\/tramadol-sale\\\/#breadcrumb\"},\"inLanguage\":\"mt\",\"potentialAction\":[{\"@type\":\"ReadAction\",\"target\":[\"https:\\\/\\\/rxmedsplus.com\\\/product\\\/tramadol-sale\\\/\"]}]},{\"@type\":\"ImageObject\",\"inLanguage\":\"mt\",\"@id\":\"https:\\\/\\\/rxmedsplus.com\\\/product\\\/tramadol-sale\\\/#primaryimage\",\"url\":\"https:\\\/\\\/rxmedsplus.com\\\/wp-content\\\/uploads\\\/2025\\\/09\\\/11111-Buy-Tramadol-200mg-Online.jpg\",\"contentUrl\":\"https:\\\/\\\/rxmedsplus.com\\\/wp-content\\\/uploads\\\/2025\\\/09\\\/11111-Buy-Tramadol-200mg-Online.jpg\",\"width\":400,\"height\":400},{\"@type\":\"BreadcrumbList\",\"@id\":\"https:\\\/\\\/rxmedsplus.com\\\/product\\\/tramadol-sale\\\/#breadcrumb\",\"itemListElement\":[{\"@type\":\"ListItem\",\"position\":1,\"name\":\"Home\",\"item\":\"https:\\\/\\\/rxmedsplus.com\\\/\"},{\"@type\":\"ListItem\",\"position\":2,\"name\":\"Shop\",\"item\":\"https:\\\/\\\/rxmedsplus.com\\\/shop\\\/\"},{\"@type\":\"ListItem\",\"position\":3,\"name\":\"Buy Tramadol 200mg Generic Online &#8211; Secure &#038; Affordable\"}]},{\"@type\":\"WebSite\",\"@id\":\"https:\\\/\\\/rxmedsplus.com\\\/#website\",\"url\":\"https:\\\/\\\/rxmedsplus.com\\\/\",\"name\":\"Rx Meds Plus\",\"description\":\"Buy Prescription Meds and Pills Online with Fast Delivery\",\"potentialAction\":[{\"@type\":\"SearchAction\",\"target\":{\"@type\":\"EntryPoint\",\"urlTemplate\":\"https:\\\/\\\/rxmedsplus.com\\\/?s={search_term_string}\"},\"query-input\":{\"@type\":\"PropertyValueSpecification\",\"valueRequired\":true,\"valueName\":\"search_term_string\"}}],\"inLanguage\":\"mt\"}]}<\/script>\n<meta property=\"og:availability\" content=\"instock\" \/>\n<meta property=\"product:availability\" content=\"instock\" \/>\n<meta property=\"product:retailer_item_id\" content=\"32kfTGCFnY\" \/>\n<meta property=\"product:condition\" content=\"new\" \/>\n<!-- \/ Yoast SEO Premium plugin. -->","yoast_head_json":{"title":"Ixtri Tramadol 200mg \u0120eneriku Online - Sikur u Affordabbli \u00bb Rx Meds Plus","description":"Ixtri tramadol g\u0127all-bejg\u0127 online bi prezzijiet ra\u0121onevoli! Kunsinna sigura u diskreta u ming\u0127ajr ri\u010betta me\u0127tie\u0121a\u2014ordna issa g\u0127al ser\u0127an mill-u\u0121ig\u0127 malajr.","robots":{"index":"noindex","follow":"follow","max-snippet":"max-snippet:-1","max-image-preview":"max-image-preview:large","max-video-preview":"max-video-preview:-1"},"og_locale":"mt_MT","og_type":"article","og_title":"Buy Tramadol 200mg Generic Online - Secure & Affordable","og_description":"Buy tramadol for sale online at affordable prices! Secure, discreet shipping & no prescription needed\u2014order now for fast pain relief.","og_url":"https:\/\/rxmedsplus.com\/mt\/product\/tramadol-sale\/","og_site_name":"Rx Meds Plus","article_modified_time":"2025-09-25T11:01:24+00:00","og_image":[{"width":400,"height":400,"url":"https:\/\/mlehknw8zzux.i.optimole.com\/w:400\/h:400\/q:mauto\/f:best\/https:\/\/rxmedsplus.com\/wp-content\/uploads\/2025\/09\/11111-Buy-Tramadol-200mg-Online.jpg","type":"image\/jpeg"}],"twitter_card":"summary_large_image","twitter_misc":{"Availability":"In stock"},"schema":{"@context":"https:\/\/schema.org","@graph":[{"@type":"WebPage","@id":"https:\/\/rxmedsplus.com\/product\/tramadol-sale\/","url":"https:\/\/rxmedsplus.com\/product\/tramadol-sale\/","name":"Ixtri Tramadol 200mg \u0120eneriku Online - Sikur u Affordabbli \u00bb Rx Meds Plus","isPartOf":{"@id":"https:\/\/rxmedsplus.com\/#website"},"primaryImageOfPage":{"@id":"https:\/\/rxmedsplus.com\/product\/tramadol-sale\/#primaryimage"},"image":{"@id":"https:\/\/rxmedsplus.com\/product\/tramadol-sale\/#primaryimage"},"thumbnailUrl":"https:\/\/rxmedsplus.com\/wp-content\/uploads\/2025\/09\/11111-Buy-Tramadol-200mg-Online.jpg","datePublished":"2025-09-24T21:50:57+00:00","dateModified":"2025-09-25T11:01:24+00:00","description":"Ixtri tramadol g\u0127all-bejg\u0127 online bi prezzijiet ra\u0121onevoli! Kunsinna sigura u diskreta u ming\u0127ajr ri\u010betta me\u0127tie\u0121a\u2014ordna issa g\u0127al ser\u0127an mill-u\u0121ig\u0127 malajr.","breadcrumb":{"@id":"https:\/\/rxmedsplus.com\/product\/tramadol-sale\/#breadcrumb"},"inLanguage":"mt","potentialAction":[{"@type":"ReadAction","target":["https:\/\/rxmedsplus.com\/product\/tramadol-sale\/"]}]},{"@type":"ImageObject","inLanguage":"mt","@id":"https:\/\/rxmedsplus.com\/product\/tramadol-sale\/#primaryimage","url":"https:\/\/rxmedsplus.com\/wp-content\/uploads\/2025\/09\/11111-Buy-Tramadol-200mg-Online.jpg","contentUrl":"https:\/\/rxmedsplus.com\/wp-content\/uploads\/2025\/09\/11111-Buy-Tramadol-200mg-Online.jpg","width":400,"height":400},{"@type":"BreadcrumbList","@id":"https:\/\/rxmedsplus.com\/product\/tramadol-sale\/#breadcrumb","itemListElement":[{"@type":"ListItem","position":1,"name":"Home","item":"https:\/\/rxmedsplus.com\/"},{"@type":"ListItem","position":2,"name":"Shop","item":"https:\/\/rxmedsplus.com\/shop\/"},{"@type":"ListItem","position":3,"name":"Buy Tramadol 200mg Generic Online &#8211; Secure &#038; Affordable"}]},{"@type":"WebSite","@id":"https:\/\/rxmedsplus.com\/#website","url":"https:\/\/rxmedsplus.com\/","name":"Medi\u010bini Rx Plus","description":"Ixtri Medi\u010bini u Pilloli bir-Ri\u010betta Online b'Kunsinna Mg\u0127a\u0121\u0121la","potentialAction":[{"@type":"SearchAction","target":{"@type":"EntryPoint","urlTemplate":"https:\/\/rxmedsplus.com\/?s={search_term_string}"},"query-input":{"@type":"PropertyValueSpecification","valueRequired":true,"valueName":"search_term_string"}}],"inLanguage":"mt"}]},"og_availability":"instock","product_availability":"instock","product_retailer_item_id":"32kfTGCFnY","product_condition":"new"},"_links":{"self":[{"href":"https:\/\/rxmedsplus.com\/mt\/wp-json\/wp\/v2\/product\/3324","targetHints":{"allow":["GET"]}}],"collection":[{"href":"https:\/\/rxmedsplus.com\/mt\/wp-json\/wp\/v2\/product"}],"about":[{"href":"https:\/\/rxmedsplus.com\/mt\/wp-json\/wp\/v2\/types\/product"}],"replies":[{"embeddable":true,"href":"https:\/\/rxmedsplus.com\/mt\/wp-json\/wp\/v2\/comments?post=3324"}],"wp:featuredmedia":[{"embeddable":true,"href":"https:\/\/rxmedsplus.com\/mt\/wp-json\/wp\/v2\/media\/3351"}],"wp:attachment":[{"href":"https:\/\/rxmedsplus.com\/mt\/wp-json\/wp\/v2\/media?parent=3324"}],"wp:term":[{"taxonomy":"product_brand","embeddable":true,"href":"https:\/\/rxmedsplus.com\/mt\/wp-json\/wp\/v2\/product_brand?post=3324"},{"taxonomy":"product_cat","embeddable":true,"href":"https:\/\/rxmedsplus.com\/mt\/wp-json\/wp\/v2\/product_cat?post=3324"},{"taxonomy":"product_tag","embeddable":true,"href":"https:\/\/rxmedsplus.com\/mt\/wp-json\/wp\/v2\/product_tag?post=3324"}],"curies":[{"name":"wp","href":"https:\/\/api.w.org\/{rel}","templated":true}]}}