{"id":3364,"date":"2025-09-24T21:51:26","date_gmt":"2025-09-24T21:51:26","guid":{"rendered":"https:\/\/rxmedsplus.com\/?post_type=product&#038;p=3364"},"modified":"2025-09-25T11:01:15","modified_gmt":"2025-09-25T11:01:15","slug":"buy-morphine-online","status":"publish","type":"product","link":"https:\/\/rxmedsplus.com\/mt\/product\/buy-morphine-online\/","title":{"rendered":"Buy Morphine Online \u2013 Fast &#038; Affordable 30mg Generic Pills"},"content":{"rendered":"<h2>Ixtri Morfina Online \u2013 Pilloli \u0120eneri\u010bi ta' 30mg Mg\u0127a\u0121\u0121la u Affordabbli g\u0127al Ser\u0127an Effettiv mill-U\u0121ig\u0127<\/h2>\n<p>Meta u\u0121ig\u0127 qawwi jfixkel il-\u0127ajja ta' kuljum, huwa kru\u010bjali li ssib soluzzjoni affidabbli. Jekk qed tfittex li <strong>ixtri Morfina online<\/strong>, tag\u0127na <strong>pilloli \u0121eneri\u010bi ta' 30mg velo\u010bi u bi prezz ra\u0121onevoli<\/strong> jipprovdi s-ser\u0127an qawwi mill-u\u0121ig\u0127 li g\u0127andek b\u017conn ming\u0127ajr ri\u010betta. B\u0127ala <strong>spi\u017cerija online ta' fidu\u010bja<\/strong>, noffru kunsinna globali diskreta lejn l-Istati Uniti, il-Kanada, l-UE, u madwar id-dinja\u2014ni\u017cguraw kunsinna kunfidenzjali u sigura direttament sal-bieb tieg\u0127ek.  <\/p>\n<h3>G\u0127aliex Tag\u0127\u017cel il-Pilloli \u0120eneri\u010bi tal-Morfina ta' 30mg Tag\u0127na?<\/h3>\n<p>Tag\u0127na <strong>Pilloli tal-Morfina ta' 30mg<\/strong> huma manifatturati ta\u0127t standards stretti ta\u2019 kwalit\u00e0, u jag\u0127tu ser\u0127an konsistenti mill-u\u0121ig\u0127 g\u0127al kundizzjonijiet kroni\u010bi u akuti. B\u0127ala <strong>\u0120eneriku approvat mill-FDA<\/strong> B\u0127ala alternattiva g\u0127all-opjojdi ta' marka, dawn il-pilloli joffru l-istess effika\u010bja bi frazzjoni tal-prezz.  <\/p>\n<p>&#8211; <strong>Do\u017ca\u0121\u0121 qawwi<\/strong>Kull pillola fiha <strong>30mg ta' Morfina sulfat<\/strong>, ideali g\u0127all-immani\u0121\u0121jar ta' u\u0121ig\u0127 moderat sa sever.<br \/>\n&#8211; <strong>Azzjoni Rapida<\/strong>Assorbiment rapidu g\u0127al ser\u0127an fi \u0127dan <strong>30-60 minuta<\/strong>, dejjiema <strong>4-6 sig\u0127at<\/strong>.<br \/>\n&#8211; <strong>Purit\u00e0 G\u0127olja<\/strong>Ittestjat fil-laboratorju g\u0127as-sigurt\u00e0, \u0127ieles minn kontaminanti jew fillers.<br \/>\n&#8211; <strong>Ippakkjar Diskret<\/strong>Mibg\u0127ut b'mod sigur f'pakketti mhux immarkati biex ti\u0121i protetta l-privatezza tieg\u0127ek.  <\/p>\n<h2>U\u017ci u Benefi\u010b\u010bji tal-Pilloli tal-Morfina 30mg<\/h2>\n<p><strong>Sulfat tal-morfina 30mg<\/strong> huwa <strong>anal\u0121e\u017ciku opjojdi<\/strong> u\u017cat biex jikkura u\u0121ig\u0127 qawwi asso\u010bjat ma':  <\/p>\n<p>&#8211; <strong>Kundizzjonijiet kroni\u010bi<\/strong> (kan\u010ber, newropatija, artrite)<br \/>\n&#8211; <strong>Irkupru wara l-operazzjoni<\/strong><br \/>\n&#8211; <strong>U\u0121ig\u0127 relatat mal-korriment<\/strong><br \/>\n&#8211; <strong>Kura palljattiva<\/strong>  <\/p>\n<p>Minn <strong>ix-xiri ta' Morfina online<\/strong> ming\u0127ajr ri\u010betta, taqbe\u017c \u017cjarat twal g\u0127and it-tabib waqt li xorta tir\u010bievi <strong>ser\u0127an mill-u\u0121ig\u0127 ta' kwalit\u00e0 g\u0127olja<\/strong>Tag\u0127na <strong>pilloli \u0121eneri\u010bi bi prezz ra\u0121onevoli<\/strong> ti\u017cgura l-a\u010b\u010bessibbilt\u00e0 g\u0127al dawk li qed jimmani\u0121\u0121jaw skumdit\u00e0 persistenti.  <\/p>\n<h3>Kif Tie\u0127u Morfina 30mg b'Mod Sikur<\/h3>\n<p>Biex timmassimizza l-benefi\u010b\u010bji u tnaqqas ir-riskji:  <\/p>\n<p>&#8211; <strong>Do\u017ca\u0121\u0121<\/strong>Ibda b' <strong>pillola wa\u0127da ta' 30mg kull 4-6 sig\u0127at<\/strong> kif me\u0127tie\u0121. Te\u010b\u010bedix ming\u0127ajr parir mediku.<br \/>\n&#8211; <strong>Amministrazzjoni<\/strong>Ibla\u2019 s\u0127i\u0127 bl-ilma; evita li tg\u0127affi\u0121 (jista\u2019 j\u017cid ir-riskju ta\u2019 do\u017ca e\u010b\u010bessiva).<br \/>\n&#8211; <strong>Prekawzjonijiet<\/strong>Evita l-alko\u0127ol, il-benzodiazepines, u depressanti o\u0127ra tas-CNS biex tevita interazzjonijiet perikolu\u017ci.  <\/p>\n<p>Ikkonsulta professjonist fil-qasam tal-kura tas-sa\u0127\u0127a jekk g\u0127andek problemi fil-fwied\/kliewi jew storja ta' abbu\u017c ta' sustanzi.  <\/p>\n<h2>G\u0127aliex Tixtri Morfina Online Ming\u0127andna?<\/h2>\n<p>B\u0127ala <strong>spi\u017cerija online ta' reputazzjoni tajba<\/strong>, a\u0127na nipprijoritizzaw:  <\/p>\n<p>&#8211; <strong>L-ebda Ri\u010betta Me\u0127tie\u0121a<\/strong>Evita pro\u010bessi ta' approvazzjoni kumplessi.<br \/>\n&#8211; <strong>Tba\u0127\u0127ir Madwar id-Dinja<\/strong>Twassal lill-Istati Uniti, il-Kanada, l-UE, u globalment b' <strong>ippakkjar diskret<\/strong>.<br \/>\n&#8211; <strong>Appo\u0121\u0121 g\u0127all-Klijenti 24\/7<\/strong>Assistenza g\u0127al ordnijiet u mistoqsijiet dwar id-do\u017ca\u0121\u0121.<br \/>\n&#8211; <strong>Prezzijiet Kompetittivi<\/strong>: <strong>Rati affordabbli<\/strong> meta mqabbel mal-ispi\u017ceriji tradizzjonali.  <\/p>\n<h3>Effetti sekondarji potenzjali tal-morfina<\/h3>\n<p>Effetti sekondarji komuni (\u0121eneralment temporanji) jinkludu:<br \/>\n&#8211; Drowsiness<br \/>\n&#8211; Constipation<br \/>\n&#8211; Nausea  <\/p>\n<p>Effetti sekondarji serji (fittex g\u0127ajnuna immedjata jekk ikollok):<br \/>\nDiffikult\u00e0 biex tie\u0127u n-nifs<br \/>\n\u2013 Sturdament qawwi<br \/>\nReazzjonijiet aller\u0121i\u010bi  <\/p>\n<h2>Ordna l-Pilloli tal-Morfina 30mg Tieg\u0127ek Online Illum<\/h2>\n<p>G\u0127al velo\u010bitajiet, <strong>ser\u0127an mill-u\u0121ig\u0127 bi prezz ra\u0121onevoli<\/strong>, <strong>ixtri Morfina online<\/strong> mill-\u0127anut ta' fidu\u010bja tag\u0127na. A\u0127na niggarantixxu <strong>\u0121eneri\u010bi awtenti\u010bi<\/strong>, tran\u017cazzjonijiet siguri, u kunsinna fil-pront. Ag\u0127mel l-ordni tieg\u0127ek issa u esperjenza l-konvenjenza ta' <strong>\u0121estjoni tal-u\u0121ig\u0127 diskreta u ming\u0127ajr ri\u010betta<\/strong>.  <\/p>\n<h3>\u0126sibijiet Finali<\/h3>\n<p>Jekk te\u0127tie\u0121 sors affidabbli biex <strong>Ixtri pilloli Morphine 30mg online<\/strong>, l-ispi\u017cerija tag\u0127na ti\u017cgura kwalit\u00e0, affordabbilt\u00e0, u privatezza. Kemm jekk g\u0127al u\u0121ig\u0127 kroniku jew irkupru, tag\u0127na <strong>pilloli \u0121eneri\u010bi tas-sulfat tal-morfina<\/strong> jipprovdu ser\u0127an effettiv. Ixtri issa u ag\u0127mel l-ewwel pass lejn \u0127ajja aktar komda.<\/p>","protected":false},"excerpt":{"rendered":"<p>Ikseb ser\u0127an velo\u010bi u bi prezz ra\u0121onevoli bil-pilloli \u0121eneri\u010bi tal-Morfina ta' 30mg tag\u0127na\u2014l-ebda ri\u010betta mhija me\u0127tie\u0121a! L-ispi\u017cerija fdata tag\u0127na toffri \u0121eneri\u010bi bijoekwivalenti ta' kwalit\u00e0 g\u0127olja li ja\u0127dmu e\u017catt b\u0127al medi\u010bini ta' marka. Gawdi tba\u0127\u0127ir diskret, \u0127lasijiet siguri, u appo\u0121\u0121 g\u0127all-klijenti 24\/7 g\u0127al esperjenza ming\u0127ajr battikata. Ordna issa g\u0127al immani\u0121\u0121jar affidabbli tal-u\u0121ig\u0127 imwassal direttament sal-bieb tieg\u0127ek!<\/p>","protected":false},"featured_media":3396,"comment_status":"open","ping_status":"closed","template":"","meta":{"site-sidebar-layout":"default","site-content-layout":"","ast-site-content-layout":"default","site-content-style":"default","site-sidebar-style":"default","ast-global-header-display":"","ast-banner-title-visibility":"","ast-main-header-display":"","ast-hfb-above-header-display":"","ast-hfb-below-header-display":"","ast-hfb-mobile-header-display":"","site-post-title":"","ast-breadcrumbs-content":"","ast-featured-img":"","footer-sml-layout":"","ast-disable-related-posts":"","theme-transparent-header-meta":"","adv-header-id-meta":"","stick-header-meta":"","header-above-stick-meta":"","header-main-stick-meta":"","header-below-stick-meta":"","astra-migrate-meta-layouts":"default","ast-page-background-enabled":"default","ast-page-background-meta":{"desktop":{"background-color":"","background-image":"","background-repeat":"repeat","background-position":"center center","background-size":"auto","background-attachment":"scroll","background-type":"","background-media":"","overlay-type":"","overlay-color":"","overlay-opacity":"","overlay-gradient":""},"tablet":{"background-color":"","background-image":"","background-repeat":"repeat","background-position":"center center","background-size":"auto","background-attachment":"scroll","background-type":"","background-media":"","overlay-type":"","overlay-color":"","overlay-opacity":"","overlay-gradient":""},"mobile":{"background-color":"","background-image":"","background-repeat":"repeat","background-position":"center center","background-size":"auto","background-attachment":"scroll","background-type":"","background-media":"","overlay-type":"","overlay-color":"","overlay-opacity":"","overlay-gradient":""}},"ast-content-background-meta":{"desktop":{"background-color":"var(--ast-global-color-5)","background-image":"","background-repeat":"repeat","background-position":"center center","background-size":"auto","background-attachment":"scroll","background-type":"","background-media":"","overlay-type":"","overlay-color":"","overlay-opacity":"","overlay-gradient":""},"tablet":{"background-color":"var(--ast-global-color-5)","background-image":"","background-repeat":"repeat","background-position":"center center","background-size":"auto","background-attachment":"scroll","background-type":"","background-media":"","overlay-type":"","overlay-color":"","overlay-opacity":"","overlay-gradient":""},"mobile":{"background-color":"var(--ast-global-color-5)","background-image":"","background-repeat":"repeat","background-position":"center center","background-size":"auto","background-attachment":"scroll","background-type":"","background-media":"","overlay-type":"","overlay-color":"","overlay-opacity":"","overlay-gradient":""}}},"product_brand":[],"product_cat":[37],"product_tag":[1288,1282,1286,726,279,1287,1284,1283,809,1285],"class_list":{"0":"post-3364","1":"product","2":"type-product","3":"status-publish","4":"has-post-thumbnail","6":"product_cat-buy-pain-relief-medication-online","7":"product_tag-affordable-morphine","8":"product_tag-buy-morphine-online","9":"product_tag-buy-morphine-without-prescription","10":"product_tag-chronic-pain-management","11":"product_tag-discreet-shipping","12":"product_tag-fast-acting-morphine","13":"product_tag-generic-morphine-sulfate","14":"product_tag-morphine-30mg-pills","15":"product_tag-opioid-pain-medication","16":"product_tag-pain-relief-pills","17":"desktop-align-left","18":"tablet-align-left","19":"mobile-align-left","20":"ast-product-gallery-layout-horizontal-slider","21":"ast-product-gallery-with-no-image","22":"ast-magnify-disabled","23":"ast-product-single-variable","24":"ast-product-tabs-layout-horizontal","26":"first","27":"instock","28":"shipping-taxable","29":"purchasable","30":"product-type-variable"},"yoast_head":"<!-- This site is optimized with the Yoast SEO Premium plugin v26.0 (Yoast SEO v27.6) - https:\/\/yoast.com\/product\/yoast-seo-premium-wordpress\/ -->\n<title>Buy Morphine Online \u2013 Fast &amp; Affordable 30mg Generic Pills &#187; Rx Meds Plus<\/title>\n<meta name=\"description\" content=\"Buy morphine online for fast, affordable 30mg generic pills\u2014effective pain relief without a prescription. Order now for discreet global shipping!\" \/>\n<meta name=\"robots\" content=\"noindex, follow, max-snippet:-1, max-image-preview:large, max-video-preview:-1\" \/>\n<meta property=\"og:locale\" content=\"mt_MT\" \/>\n<meta property=\"og:type\" content=\"article\" \/>\n<meta property=\"og:title\" content=\"Buy Morphine Online \u2013 Fast &amp; Affordable 30mg Generic Pills\" \/>\n<meta property=\"og:description\" content=\"Buy morphine online for fast, affordable 30mg generic pills\u2014effective pain relief without a prescription. Order now for discreet global shipping!\" \/>\n<meta property=\"og:url\" content=\"https:\/\/rxmedsplus.com\/mt\/product\/buy-morphine-online\/\" \/>\n<meta property=\"og:site_name\" content=\"Rx Meds Plus\" \/>\n<meta property=\"article:modified_time\" content=\"2025-09-25T11:01:15+00:00\" \/>\n<meta property=\"og:image\" content=\"https:\/\/mlehknw8zzux.i.optimole.com\/w:400\/h:400\/q:mauto\/f:best\/https:\/\/rxmedsplus.com\/wp-content\/uploads\/2025\/09\/11171-Buy-Morphine-Online-Sulphate-100-mg.jpg\" \/>\n\t<meta property=\"og:image:width\" content=\"400\" \/>\n\t<meta property=\"og:image:height\" content=\"400\" \/>\n\t<meta property=\"og:image:type\" content=\"image\/jpeg\" \/>\n<meta name=\"twitter:card\" content=\"summary_large_image\" \/>\n<meta name=\"twitter:label1\" content=\"Availability\" \/>\n\t<meta name=\"twitter:data1\" content=\"In stock\" \/>\n<script type=\"application\/ld+json\" class=\"yoast-schema-graph\">{\"@context\":\"https:\\\/\\\/schema.org\",\"@graph\":[{\"@type\":\"WebPage\",\"@id\":\"https:\\\/\\\/rxmedsplus.com\\\/product\\\/buy-morphine-online\\\/\",\"url\":\"https:\\\/\\\/rxmedsplus.com\\\/product\\\/buy-morphine-online\\\/\",\"name\":\"Buy Morphine Online \u2013 Fast & Affordable 30mg Generic Pills &#187; Rx Meds Plus\",\"isPartOf\":{\"@id\":\"https:\\\/\\\/rxmedsplus.com\\\/#website\"},\"primaryImageOfPage\":{\"@id\":\"https:\\\/\\\/rxmedsplus.com\\\/product\\\/buy-morphine-online\\\/#primaryimage\"},\"image\":{\"@id\":\"https:\\\/\\\/rxmedsplus.com\\\/product\\\/buy-morphine-online\\\/#primaryimage\"},\"thumbnailUrl\":\"https:\\\/\\\/rxmedsplus.com\\\/wp-content\\\/uploads\\\/2025\\\/09\\\/11171-Buy-Morphine-Online-Sulphate-100-mg.jpg\",\"datePublished\":\"2025-09-24T21:51:26+00:00\",\"dateModified\":\"2025-09-25T11:01:15+00:00\",\"description\":\"Buy morphine online for fast, affordable 30mg generic pills\u2014effective pain relief without a prescription. Order now for discreet global shipping!\",\"breadcrumb\":{\"@id\":\"https:\\\/\\\/rxmedsplus.com\\\/product\\\/buy-morphine-online\\\/#breadcrumb\"},\"inLanguage\":\"mt\",\"potentialAction\":[{\"@type\":\"ReadAction\",\"target\":[\"https:\\\/\\\/rxmedsplus.com\\\/product\\\/buy-morphine-online\\\/\"]}]},{\"@type\":\"ImageObject\",\"inLanguage\":\"mt\",\"@id\":\"https:\\\/\\\/rxmedsplus.com\\\/product\\\/buy-morphine-online\\\/#primaryimage\",\"url\":\"https:\\\/\\\/rxmedsplus.com\\\/wp-content\\\/uploads\\\/2025\\\/09\\\/11171-Buy-Morphine-Online-Sulphate-100-mg.jpg\",\"contentUrl\":\"https:\\\/\\\/rxmedsplus.com\\\/wp-content\\\/uploads\\\/2025\\\/09\\\/11171-Buy-Morphine-Online-Sulphate-100-mg.jpg\",\"width\":400,\"height\":400},{\"@type\":\"BreadcrumbList\",\"@id\":\"https:\\\/\\\/rxmedsplus.com\\\/product\\\/buy-morphine-online\\\/#breadcrumb\",\"itemListElement\":[{\"@type\":\"ListItem\",\"position\":1,\"name\":\"Home\",\"item\":\"https:\\\/\\\/rxmedsplus.com\\\/\"},{\"@type\":\"ListItem\",\"position\":2,\"name\":\"Shop\",\"item\":\"https:\\\/\\\/rxmedsplus.com\\\/shop\\\/\"},{\"@type\":\"ListItem\",\"position\":3,\"name\":\"Buy Morphine Online \u2013 Fast &#038; Affordable 30mg Generic Pills\"}]},{\"@type\":\"WebSite\",\"@id\":\"https:\\\/\\\/rxmedsplus.com\\\/#website\",\"url\":\"https:\\\/\\\/rxmedsplus.com\\\/\",\"name\":\"Rx Meds Plus\",\"description\":\"Buy Prescription Meds and Pills Online with Fast Delivery\",\"potentialAction\":[{\"@type\":\"SearchAction\",\"target\":{\"@type\":\"EntryPoint\",\"urlTemplate\":\"https:\\\/\\\/rxmedsplus.com\\\/?s={search_term_string}\"},\"query-input\":{\"@type\":\"PropertyValueSpecification\",\"valueRequired\":true,\"valueName\":\"search_term_string\"}}],\"inLanguage\":\"mt\"}]}<\/script>\n<meta property=\"og:availability\" content=\"instock\" \/>\n<meta property=\"product:availability\" content=\"instock\" \/>\n<meta property=\"product:retailer_item_id\" content=\"H2b05eAxNU\" \/>\n<meta property=\"product:condition\" content=\"new\" \/>\n<!-- \/ Yoast SEO Premium plugin. -->","yoast_head_json":{"title":"Ixtri Morfina Online \u2013 Pilloli \u0120eneri\u010bi ta' 30mg Mg\u0127a\u0121\u0121la u Affordabbli \u2013 Rx Medics Plus","description":"Ixtri l-morfina online g\u0127al pilloli \u0121eneri\u010bi ta' 30mg velo\u010bi u bi prezz ra\u0121onevoli\u2014ser\u0127an effettiv mill-u\u0121ig\u0127 ming\u0127ajr ri\u010betta. Ordna issa g\u0127al kunsinna globali diskreta!","robots":{"index":"noindex","follow":"follow","max-snippet":"max-snippet:-1","max-image-preview":"max-image-preview:large","max-video-preview":"max-video-preview:-1"},"og_locale":"mt_MT","og_type":"article","og_title":"Buy Morphine Online \u2013 Fast & Affordable 30mg Generic Pills","og_description":"Buy morphine online for fast, affordable 30mg generic pills\u2014effective pain relief without a prescription. Order now for discreet global shipping!","og_url":"https:\/\/rxmedsplus.com\/mt\/product\/buy-morphine-online\/","og_site_name":"Rx Meds Plus","article_modified_time":"2025-09-25T11:01:15+00:00","og_image":[{"width":400,"height":400,"url":"https:\/\/mlehknw8zzux.i.optimole.com\/w:400\/h:400\/q:mauto\/f:best\/https:\/\/rxmedsplus.com\/wp-content\/uploads\/2025\/09\/11171-Buy-Morphine-Online-Sulphate-100-mg.jpg","type":"image\/jpeg"}],"twitter_card":"summary_large_image","twitter_misc":{"Availability":"In stock"},"schema":{"@context":"https:\/\/schema.org","@graph":[{"@type":"WebPage","@id":"https:\/\/rxmedsplus.com\/product\/buy-morphine-online\/","url":"https:\/\/rxmedsplus.com\/product\/buy-morphine-online\/","name":"Ixtri Morfina Online \u2013 Pilloli \u0120eneri\u010bi ta' 30mg Mg\u0127a\u0121\u0121la u Affordabbli \u2013 Rx Medics Plus","isPartOf":{"@id":"https:\/\/rxmedsplus.com\/#website"},"primaryImageOfPage":{"@id":"https:\/\/rxmedsplus.com\/product\/buy-morphine-online\/#primaryimage"},"image":{"@id":"https:\/\/rxmedsplus.com\/product\/buy-morphine-online\/#primaryimage"},"thumbnailUrl":"https:\/\/rxmedsplus.com\/wp-content\/uploads\/2025\/09\/11171-Buy-Morphine-Online-Sulphate-100-mg.jpg","datePublished":"2025-09-24T21:51:26+00:00","dateModified":"2025-09-25T11:01:15+00:00","description":"Ixtri l-morfina online g\u0127al pilloli \u0121eneri\u010bi ta' 30mg velo\u010bi u bi prezz ra\u0121onevoli\u2014ser\u0127an effettiv mill-u\u0121ig\u0127 ming\u0127ajr ri\u010betta. Ordna issa g\u0127al kunsinna globali diskreta!","breadcrumb":{"@id":"https:\/\/rxmedsplus.com\/product\/buy-morphine-online\/#breadcrumb"},"inLanguage":"mt","potentialAction":[{"@type":"ReadAction","target":["https:\/\/rxmedsplus.com\/product\/buy-morphine-online\/"]}]},{"@type":"ImageObject","inLanguage":"mt","@id":"https:\/\/rxmedsplus.com\/product\/buy-morphine-online\/#primaryimage","url":"https:\/\/rxmedsplus.com\/wp-content\/uploads\/2025\/09\/11171-Buy-Morphine-Online-Sulphate-100-mg.jpg","contentUrl":"https:\/\/rxmedsplus.com\/wp-content\/uploads\/2025\/09\/11171-Buy-Morphine-Online-Sulphate-100-mg.jpg","width":400,"height":400},{"@type":"BreadcrumbList","@id":"https:\/\/rxmedsplus.com\/product\/buy-morphine-online\/#breadcrumb","itemListElement":[{"@type":"ListItem","position":1,"name":"Home","item":"https:\/\/rxmedsplus.com\/"},{"@type":"ListItem","position":2,"name":"Shop","item":"https:\/\/rxmedsplus.com\/shop\/"},{"@type":"ListItem","position":3,"name":"Buy Morphine Online \u2013 Fast &#038; Affordable 30mg Generic Pills"}]},{"@type":"WebSite","@id":"https:\/\/rxmedsplus.com\/#website","url":"https:\/\/rxmedsplus.com\/","name":"Medi\u010bini Rx Plus","description":"Ixtri Medi\u010bini u Pilloli bir-Ri\u010betta Online b'Kunsinna Mg\u0127a\u0121\u0121la","potentialAction":[{"@type":"SearchAction","target":{"@type":"EntryPoint","urlTemplate":"https:\/\/rxmedsplus.com\/?s={search_term_string}"},"query-input":{"@type":"PropertyValueSpecification","valueRequired":true,"valueName":"search_term_string"}}],"inLanguage":"mt"}]},"og_availability":"instock","product_availability":"instock","product_retailer_item_id":"H2b05eAxNU","product_condition":"new"},"_links":{"self":[{"href":"https:\/\/rxmedsplus.com\/mt\/wp-json\/wp\/v2\/product\/3364","targetHints":{"allow":["GET"]}}],"collection":[{"href":"https:\/\/rxmedsplus.com\/mt\/wp-json\/wp\/v2\/product"}],"about":[{"href":"https:\/\/rxmedsplus.com\/mt\/wp-json\/wp\/v2\/types\/product"}],"replies":[{"embeddable":true,"href":"https:\/\/rxmedsplus.com\/mt\/wp-json\/wp\/v2\/comments?post=3364"}],"wp:featuredmedia":[{"embeddable":true,"href":"https:\/\/rxmedsplus.com\/mt\/wp-json\/wp\/v2\/media\/3396"}],"wp:attachment":[{"href":"https:\/\/rxmedsplus.com\/mt\/wp-json\/wp\/v2\/media?parent=3364"}],"wp:term":[{"taxonomy":"product_brand","embeddable":true,"href":"https:\/\/rxmedsplus.com\/mt\/wp-json\/wp\/v2\/product_brand?post=3364"},{"taxonomy":"product_cat","embeddable":true,"href":"https:\/\/rxmedsplus.com\/mt\/wp-json\/wp\/v2\/product_cat?post=3364"},{"taxonomy":"product_tag","embeddable":true,"href":"https:\/\/rxmedsplus.com\/mt\/wp-json\/wp\/v2\/product_tag?post=3364"}],"curies":[{"name":"wp","href":"https:\/\/api.w.org\/{rel}","templated":true}]}}