{"id":2296,"date":"2024-10-31T00:20:34","date_gmt":"2024-10-31T00:20:34","guid":{"rendered":"https:\/\/rxmedsplus.com\/product\/cialis-daily-2-5mg-5mg-tablets-tadalafil\/"},"modified":"2025-09-25T11:01:38","modified_gmt":"2025-09-25T11:01:38","slug":"cialis-daily-tablets","status":"publish","type":"product","link":"https:\/\/rxmedsplus.com\/pl\/product\/cialis-daily-tablets\/","title":{"rendered":"Tabletki Cialis Daily na sprzeda\u017c \u2013 bezproblemowe leczenie ED!"},"content":{"rendered":"<p><strong>Tabletki Cialis Daily na sprzeda\u017c \u2013 bezproblemowe leczenie ED!<\/strong>  <\/p>\n<p><strong>Wprowadzenie do tabletek Cialis Daily<\/strong>  <\/p>\n<p>\u017bycie z zaburzeniami erekcji (ED) mo\u017ce by\u0107 frustruj\u0105ce, ale tabletki Cialis Daily oferuj\u0105 niezawodne i wygodne rozwi\u0105zanie. W przeciwie\u0144stwie do standardowych lek\u00f3w na zaburzenia erekcji, kt\u00f3re wymagaj\u0105 planowania przed zbli\u017ceniem, Cialis Daily jest przeznaczony do stosowania raz dziennie, dzi\u0119ki czemu zawsze b\u0119dziesz gotowy, gdy nadejdzie odpowiedni moment. Niezale\u017cnie od tego, czy wybierzesz dawk\u0119 2,5 mg, czy 5 mg, tabletki te zapewniaj\u0105 sta\u0142e i skuteczne podej\u015bcie do radzenia sobie z objawami ED. W naszym zaufanym sklepie <strong>apteka internetowa<\/strong>u\u0142atwiamy kupowanie <strong>Tabletki Cialis Daily<\/strong> bez recepty, zapewniaj\u0105c dost\u0119pno\u015b\u0107 i dyskrecj\u0119 wszystkim m\u0119\u017cczyznom poszukuj\u0105cym leczenia.  <\/p>\n<p><strong>Czym s\u0105 tabletki Cialis Daily?<\/strong>  <\/p>\n<p><strong>Tabletki Cialis Daily<\/strong> zawiera\u0107 <strong>tadalafil<\/strong>, silny inhibitor PDE5, kt\u00f3ry poprawia przep\u0142yw krwi do penisa, u\u0142atwiaj\u0105c silniejsze i d\u0142u\u017csze erekcje. Dost\u0119pne w dawkach 2,5 mg i 5 mg, leki te s\u0105 przeznaczone do codziennego stosowania i zapewniaj\u0105 ci\u0105g\u0142\u0105 ulg\u0119 w zaburzeniach erekcji. W przeciwie\u0144stwie do lek\u00f3w dora\u017anych, kt\u00f3re nale\u017cy przyjmowa\u0107 przed aktywno\u015bci\u0105 seksualn\u0105, Cialis Daily utrzymuje sta\u0142y poziom w organizmie, eliminuj\u0105c potrzeb\u0119 przyjmowania dawek w ostatniej chwili.  <\/p>\n<p>M\u0119\u017cczy\u017ani z \u0142agodnym przerostem gruczo\u0142u krokowego (BPH) r\u00f3wnie\u017c mog\u0105 skorzysta\u0107 z <strong>Cialis Daily<\/strong>, poniewa\u017c pomaga rozlu\u017ani\u0107 mi\u0119\u015bnie p\u0119cherza moczowego i prostaty, \u0142agodz\u0105c objawy ze strony uk\u0142adu moczowego. Niezale\u017cnie od tego, czy zmagasz si\u0119 z sporadycznymi, czy uporczywymi zaburzeniami erekcji, ta terapia zapewnia niezawodne i natychmiastowe rozwi\u0105zanie.  <\/p>\n<p><strong>Jak dzia\u0142aj\u0105 tabletki Cialis Daily?<\/strong>  <\/p>\n<p>Podczas stymulacji seksualnej, <strong>Cialis Daily<\/strong> Zwi\u0119ksza produkcj\u0119 tlenku azotu, kt\u00f3ry rozlu\u017ania naczynia krwiono\u015bne w penisie. To zwi\u0119kszone kr\u0105\u017cenie pomaga osi\u0105gn\u0105\u0107 i utrzyma\u0107 j\u0119drn\u0105 erekcj\u0119. Poniewa\u017c jest przyjmowany codziennie, efekty utrzymuj\u0105 si\u0119 na sta\u0142ym poziomie, umo\u017cliwiaj\u0105c spontaniczne zbli\u017cenia bez obaw o brak czasu.  <\/p>\n<p>Jedn\u0105 z kluczowych zalet <strong>Tabletki Cialis Daily<\/strong> Ich d\u0142ugotrwa\u0142e dzia\u0142anie jest nieocenione. Podczas gdy inne tabletki na zaburzenia erekcji wymagaj\u0105 za\u017cycia na kr\u00f3tko przed stosunkiem, tadalafil zapewnia gotowo\u015b\u0107 przez ca\u0142y dzie\u0144 bez przerw.  <\/p>\n<p><strong>Kto powinien stosowa\u0107 tabletki Cialis Daily?<\/strong>  <\/p>\n<p><strong>Tabletki Cialis Daily<\/strong> s\u0105 przepisywane przede wszystkim na:<br \/>\nM\u0119\u017cczy\u017ani w wieku 18+ z zaburzeniami erekcji<br \/>\nOsoby poszukuj\u0105ce leczenia zaburze\u0144 erekcji opartego na leczeniu podtrzymuj\u0105cym<br \/>\nOsoby zdiagnozowane z BPH  <\/p>\n<p>Jednak\u017ce ten lek jest <strong>nie nadaje si\u0119<\/strong> Do:<br \/>\nKobiety lub dzieci<br \/>\nPacjenci z ci\u0119\u017ckimi chorobami serca<br \/>\nOsoby przyjmuj\u0105ce leki zawieraj\u0105ce azotany  <\/p>\n<p>Zawsze skonsultuj si\u0119 z lekarzem przed rozpocz\u0119ciem <strong>Cialis Daily<\/strong> aby zapewni\u0107 bezpiecze\u0144stwo i skuteczno\u015b\u0107.  <\/p>\n<p><strong>Wyb\u00f3r odpowiedniej dawki: Cialis 2,5 mg vs. 5 mg<\/strong>  <\/p>\n<p>Wi\u0119kszo\u015b\u0107 m\u0119\u017cczyzn znajduje <strong>Cialis 5 mg dziennie<\/strong> wystarczaj\u0105ce do radzenia sobie z objawami ED. Jednak niekt\u00f3rzy mog\u0105 zacz\u0105\u0107 od <strong>Cialis 2,5 mg dziennie<\/strong> Aby oceni\u0107 tolerancj\u0119 przed dostosowaniem. Lekarz mo\u017ce zaleci\u0107 najlepsz\u0105 dawk\u0119 na podstawie historii choroby i reakcji pacjenta.  <\/p>\n<p><strong>Jak przyjmowa\u0107 Cialis codziennie, aby uzyska\u0107 optymalne rezultaty<\/strong>  <\/p>\n<p>Aby zachowa\u0107 sp\u00f3jno\u015b\u0107, we\u017a <strong>Tabletka Cialis Daily<\/strong> Codziennie o tej samej porze, z posi\u0142kiem lub bez. Po\u0142yka\u0107 w ca\u0142o\u015bci, popijaj\u0105c wod\u0105, aby utrzyma\u0107 sta\u0142y poziom leku. Unika\u0107 podwajania dawek, je\u015bli zapomnisz \u2013 po prostu wr\u00f3\u0107 do regularnego schematu przyjmowania nast\u0119pnego dnia.  <\/p>\n<p><strong>Korzy\u015bci z wyboru Cialisu Daily zamiast tabletek na zaburzenia erekcji dora\u017anie<\/strong>  <\/p>\n<p>Tradycyjne leczenie zaburze\u0144 erekcji nale\u017cy stosowa\u0107 przed planowan\u0105 aktywno\u015bci\u0105 seksualn\u0105, poniewa\u017c mo\u017ce ono zaburzy\u0107 spontaniczno\u015b\u0107. <strong>Tabletki Cialis Daily eliminuj\u0105 ten problem, oferuj\u0105c:<\/strong><br \/>\n\u2013 <strong>Ci\u0105g\u0142a gotowo\u015b\u0107<\/strong> dla intymno\u015bci<br \/>\n\u2013 <strong>Nie ma potrzeby planowania dawek<\/strong> przed seksem<br \/>\n\u2013 <strong>Sta\u0142a kontrola objaw\u00f3w<\/strong> dla os\u00f3b cz\u0119sto cierpi\u0105cych na zaburzenia erekcji  <\/p>\n<p>M\u0119\u017cczy\u017ani w aktywnych zwi\u0105zkach lub ci, kt\u00f3rzy preferuj\u0105 elastyczno\u015b\u0107, odnosz\u0105 najwi\u0119ksze korzy\u015bci <strong>Cialis Daily<\/strong>.  <\/p>\n<p><strong>Potencjalne skutki uboczne tabletek Cialis Daily<\/strong>  <\/p>\n<p>Cho\u0107 lek jest na og\u00f3\u0142 dobrze tolerowany, u niekt\u00f3rych u\u017cytkownik\u00f3w mog\u0105 wyst\u0105pi\u0107 \u0142agodne skutki uboczne, w tym:<br \/>\nB\u00f3le g\u0142owy<br \/>\nB\u00f3l mi\u0119\u015bni lub plec\u00f3w<br \/>\nZatkany nos<br \/>\n\u2013 Zaczerwienienie twarzy  <\/p>\n<p><strong>Rzadkie, ale powa\u017cne skutki uboczne<\/strong> (w przypadku wyst\u0105pienia kt\u00f3regokolwiek z poni\u017cszych objaw\u00f3w nale\u017cy natychmiast zwr\u00f3ci\u0107 si\u0119 o pomoc lekarsk\u0105):<br \/>\n\u2013 Nag\u0142a utrata wzroku<br \/>\nD\u0142ugotrwa\u0142e, bolesne erekcje (priapizm)<br \/>\nCi\u0119\u017ckie reakcje alergiczne  <\/p>\n<p>Zawsze sprawdzaj <strong>ulotka informacyjna dla pacjenta<\/strong> i skonsultuj si\u0119 z lekarzem, je\u015bli skutki uboczne nie ust\u0105pi\u0105.  <\/p>\n<p><strong>Kluczowe sk\u0142adniki tabletek Cialis Daily<\/strong>  <\/p>\n<p><strong>Substancja czynna:<\/strong><br \/>\n\u2013 Tadalafil (2,5 mg lub 5 mg na tabletk\u0119)  <\/p>\n<p><strong>Komponenty nieaktywne:<\/strong><br \/>\n\u2013 Laktoza jednowodna<br \/>\nLaurylosiarczan sodu<br \/>\n\u2013 Stearynian magnezu  <\/p>\n<p><strong>Czy mo\u017cna kupi\u0107 tabletki Cialis Daily online?<\/strong>  <\/p>\n<p>Tak! Jako <strong>licencjonowana i renomowana apteka internetowa<\/strong>, oferujemy <strong>Tabletki Cialis Daily<\/strong> bez recepty. Nasz usprawniony proces obejmuje:<br \/>\n\u2013 <strong>Dyskretne konsultacje<\/strong> z licencjonowanymi specjalistami<br \/>\n\u2013 <strong>Szybka i poufna dostawa<\/strong> do twoich drzwi<br \/>\n\u2013 <strong>Bezpieczne opcje p\u0142atno\u015bci<\/strong>  <\/p>\n<p><strong>Dlaczego warto wybra\u0107 nas, je\u015bli chodzi o tabletki Cialis Daily?<\/strong>  <\/p>\n<p>Stawiamy na pierwszym miejscu <strong>przyst\u0119pno\u015b\u0107 cenowa, wygoda i poufno\u015b\u0107<\/strong>Nasz\u0105 misj\u0105 jest tworzenie <strong>Leczenie zaburze\u0144 erekcji, np. tabletki Cialis Daily<\/strong> dost\u0119pne dla ka\u017cdego, dzi\u0119ki czemu m\u0119\u017cczy\u017ani odzyskuj\u0105 pewno\u015b\u0107 siebie bez konieczno\u015bci stosowania tradycyjnych recept.  <\/p>\n<p><strong>Ostatnie my\u015bli<\/strong>  <\/p>\n<p>Dla m\u0119\u017cczyzn poszukuj\u0105cych niezawodnego i d\u0142ugotrwa\u0142ego rozwi\u0105zania w leczeniu zaburze\u0144 erekcji, <strong>Tabletki Cialis Daily<\/strong> Zapewniaj\u0105 niezr\u00f3wnan\u0105 wygod\u0119 i skuteczno\u015b\u0107. Niezale\u017cnie od tego, czy dopiero zaczynasz leczenie zaburze\u0144 erekcji, czy przechodzisz z tabletek dora\u017anych, ta opcja dzienna gwarantuje, \u017ce zawsze b\u0119dziesz przygotowany.  <\/p>\n<p><strong>Zam\u00f3w tabletki Cialis Daily ju\u017c dzi\u015b<\/strong> od naszych zaufanych <strong>apteka internetowa<\/strong> i do\u015bwiadcz bezproblemowego leczenia zaburze\u0144 erekcji dzi\u0119ki dyskretnej i bezproblemowej obs\u0142udze. Odzyskaj pewno\u015b\u0107 siebie i ciesz si\u0119 ponownie spontaniczn\u0105 intymno\u015bci\u0105!<\/p>","protected":false},"excerpt":{"rendered":"<p>Po\u017cegnaj planowanie intymno\u015bci z wyprzedzeniem \u2013 tabletki Cialis Daily oferuj\u0105 proste, codzienne rozwi\u0105zanie w leczeniu zaburze\u0144 erekcji! Dzi\u0119ki sta\u0142ej dawce tadalafilu b\u0119dziesz gotowy na wszystko, bez konieczno\u015bci odmierzania czasu przyjmowania innych lek\u00f3w. Niezale\u017cnie od tego, czy wybierzesz dawk\u0119 2,5 mg, czy 5 mg, te tabletki zapewni\u0105 Ci trwa\u0142\u0105 pewno\u015b\u0107 siebie i spontaniczno\u015b\u0107 w \u017cyciu mi\u0142osnym. Rozpocznij dyskretn\u0105 konsultacj\u0119 online ju\u017c dzi\u015b i odkryj na nowo naturaln\u0105 intymno\u015b\u0107 ka\u017cdego dnia.<\/p>","protected":false},"featured_media":2297,"comment_status":"open","ping_status":"closed","template":"","meta":{"site-sidebar-layout":"default","site-content-layout":"","ast-site-content-layout":"default","site-content-style":"default","site-sidebar-style":"default","ast-global-header-display":"","ast-banner-title-visibility":"","ast-main-header-display":"","ast-hfb-above-header-display":"","ast-hfb-below-header-display":"","ast-hfb-mobile-header-display":"","site-post-title":"","ast-breadcrumbs-content":"","ast-featured-img":"","footer-sml-layout":"","ast-disable-related-posts":"","theme-transparent-header-meta":"default","adv-header-id-meta":"","stick-header-meta":"default","header-above-stick-meta":"","header-main-stick-meta":"","header-below-stick-meta":"","astra-migrate-meta-layouts":"set","ast-page-background-enabled":"default","ast-page-background-meta":{"desktop":{"background-color":"","background-image":"","background-repeat":"repeat","background-position":"center center","background-size":"auto","background-attachment":"scroll","background-type":"","background-media":"","overlay-type":"","overlay-color":"","overlay-opacity":"","overlay-gradient":""},"tablet":{"background-color":"","background-image":"","background-repeat":"repeat","background-position":"center center","background-size":"auto","background-attachment":"scroll","background-type":"","background-media":"","overlay-type":"","overlay-color":"","overlay-opacity":"","overlay-gradient":""},"mobile":{"background-color":"","background-image":"","background-repeat":"repeat","background-position":"center center","background-size":"auto","background-attachment":"scroll","background-type":"","background-media":"","overlay-type":"","overlay-color":"","overlay-opacity":"","overlay-gradient":""}},"ast-content-background-meta":{"desktop":{"background-color":"var(--ast-global-color-5)","background-image":"","background-repeat":"repeat","background-position":"center center","background-size":"auto","background-attachment":"scroll","background-type":"","background-media":"","overlay-type":"","overlay-color":"","overlay-opacity":"","overlay-gradient":""},"tablet":{"background-color":"var(--ast-global-color-5)","background-image":"","background-repeat":"repeat","background-position":"center center","background-size":"auto","background-attachment":"scroll","background-type":"","background-media":"","overlay-type":"","overlay-color":"","overlay-opacity":"","overlay-gradient":""},"mobile":{"background-color":"var(--ast-global-color-5)","background-image":"","background-repeat":"repeat","background-position":"center center","background-size":"auto","background-attachment":"scroll","background-type":"","background-media":"","overlay-type":"","overlay-color":"","overlay-opacity":"","overlay-gradient":""}}},"product_brand":[],"product_cat":[53],"product_tag":[974,977,971,975,976,973,937,938,940,972],"class_list":{"0":"post-2296","1":"product","2":"type-product","3":"status-publish","4":"has-post-thumbnail","6":"product_cat-buy-erectile-dysfunction-meds-online","7":"product_tag-buy-cialis-online","8":"product_tag-cialis-benefits","9":"product_tag-cialis-daily","10":"product_tag-cialis-dosage","11":"product_tag-cialis-side-effects","12":"product_tag-cialis-tablets","13":"product_tag-ed-treatment","14":"product_tag-erectile-dysfunction","15":"product_tag-mens-health","16":"product_tag-tadalafil","17":"desktop-align-left","18":"tablet-align-left","19":"mobile-align-left","20":"ast-product-gallery-layout-horizontal-slider","21":"ast-magnify-disabled","22":"ast-product-single-variable","23":"ast-product-tabs-layout-horizontal","25":"first","26":"instock","27":"shipping-taxable","28":"purchasable","29":"product-type-variable"},"yoast_head":"<!-- This site is optimized with the Yoast SEO Premium plugin v26.0 (Yoast SEO v27.6) - https:\/\/yoast.com\/product\/yoast-seo-premium-wordpress\/ -->\n<title>Cialis Daily Tablets for Sale \u2013 Effortless ED Treatment! &#187; Rx Meds Plus<\/title>\n<meta name=\"description\" content=\"Get Cialis Daily tablets for effortless ED treatment anytime. Enjoy spontaneous intimacy with once-daily dosing. Buy now with discreet delivery!\" \/>\n<meta name=\"robots\" content=\"noindex, follow, max-snippet:-1, max-image-preview:large, max-video-preview:-1\" \/>\n<meta property=\"og:locale\" content=\"pl_PL\" \/>\n<meta property=\"og:type\" content=\"article\" \/>\n<meta property=\"og:title\" content=\"Cialis Daily Tablets for Sale \u2013 Effortless ED Treatment!\" \/>\n<meta property=\"og:description\" content=\"Get Cialis Daily tablets for effortless ED treatment anytime. Enjoy spontaneous intimacy with once-daily dosing. Buy now with discreet delivery!\" \/>\n<meta property=\"og:url\" content=\"https:\/\/rxmedsplus.com\/pl\/produkt\/cialis-daily-tablets\/\" \/>\n<meta property=\"og:site_name\" content=\"Rx Meds Plus\" \/>\n<meta property=\"article:modified_time\" content=\"2025-09-25T11:01:38+00:00\" \/>\n<meta property=\"og:image\" content=\"https:\/\/mlehknw8zzux.i.optimole.com\/w:330\/h:330\/q:mauto\/f:best\/https:\/\/rxmedsplus.com\/wp-content\/uploads\/2024\/10\/2296-Cialis-5mg-tablets.jpg\" \/>\n\t<meta property=\"og:image:width\" content=\"330\" \/>\n\t<meta property=\"og:image:height\" content=\"330\" \/>\n\t<meta property=\"og:image:type\" content=\"image\/jpeg\" \/>\n<meta name=\"twitter:card\" content=\"summary_large_image\" \/>\n<meta name=\"twitter:label1\" content=\"Dost\u0119pno\u015b\u0107\" \/>\n\t<meta name=\"twitter:data1\" content=\"Dost\u0119pny\" \/>\n<script type=\"application\/ld+json\" class=\"yoast-schema-graph\">{\"@context\":\"https:\\\/\\\/schema.org\",\"@graph\":[{\"@type\":\"WebPage\",\"@id\":\"https:\\\/\\\/rxmedsplus.com\\\/product\\\/cialis-daily-tablets\\\/\",\"url\":\"https:\\\/\\\/rxmedsplus.com\\\/product\\\/cialis-daily-tablets\\\/\",\"name\":\"Cialis Daily Tablets for Sale \u2013 Effortless ED Treatment! &#187; Rx Meds Plus\",\"isPartOf\":{\"@id\":\"https:\\\/\\\/rxmedsplus.com\\\/#website\"},\"primaryImageOfPage\":{\"@id\":\"https:\\\/\\\/rxmedsplus.com\\\/product\\\/cialis-daily-tablets\\\/#primaryimage\"},\"image\":{\"@id\":\"https:\\\/\\\/rxmedsplus.com\\\/product\\\/cialis-daily-tablets\\\/#primaryimage\"},\"thumbnailUrl\":\"https:\\\/\\\/rxmedsplus.com\\\/wp-content\\\/uploads\\\/2024\\\/10\\\/2296-Cialis-5mg-tablets.jpg\",\"datePublished\":\"2024-10-31T00:20:34+00:00\",\"dateModified\":\"2025-09-25T11:01:38+00:00\",\"description\":\"Get Cialis Daily tablets for effortless ED treatment anytime. Enjoy spontaneous intimacy with once-daily dosing. Buy now with discreet delivery!\",\"breadcrumb\":{\"@id\":\"https:\\\/\\\/rxmedsplus.com\\\/product\\\/cialis-daily-tablets\\\/#breadcrumb\"},\"inLanguage\":\"pl-PL\",\"potentialAction\":[{\"@type\":\"ReadAction\",\"target\":[\"https:\\\/\\\/rxmedsplus.com\\\/product\\\/cialis-daily-tablets\\\/\"]}]},{\"@type\":\"ImageObject\",\"inLanguage\":\"pl-PL\",\"@id\":\"https:\\\/\\\/rxmedsplus.com\\\/product\\\/cialis-daily-tablets\\\/#primaryimage\",\"url\":\"https:\\\/\\\/rxmedsplus.com\\\/wp-content\\\/uploads\\\/2024\\\/10\\\/2296-Cialis-5mg-tablets.jpg\",\"contentUrl\":\"https:\\\/\\\/rxmedsplus.com\\\/wp-content\\\/uploads\\\/2024\\\/10\\\/2296-Cialis-5mg-tablets.jpg\",\"width\":330,\"height\":330,\"caption\":\"Cialis Daily 2.5mg &#038; 5mg Tablets (Tadalafil)\"},{\"@type\":\"BreadcrumbList\",\"@id\":\"https:\\\/\\\/rxmedsplus.com\\\/product\\\/cialis-daily-tablets\\\/#breadcrumb\",\"itemListElement\":[{\"@type\":\"ListItem\",\"position\":1,\"name\":\"Home\",\"item\":\"https:\\\/\\\/rxmedsplus.com\\\/\"},{\"@type\":\"ListItem\",\"position\":2,\"name\":\"Shop\",\"item\":\"https:\\\/\\\/rxmedsplus.com\\\/shop\\\/\"},{\"@type\":\"ListItem\",\"position\":3,\"name\":\"Cialis Daily Tablets for Sale \u2013 Effortless ED Treatment!\"}]},{\"@type\":\"WebSite\",\"@id\":\"https:\\\/\\\/rxmedsplus.com\\\/#website\",\"url\":\"https:\\\/\\\/rxmedsplus.com\\\/\",\"name\":\"Rx Meds Plus\",\"description\":\"Buy Prescription Meds and Pills Online with Fast Delivery\",\"potentialAction\":[{\"@type\":\"SearchAction\",\"target\":{\"@type\":\"EntryPoint\",\"urlTemplate\":\"https:\\\/\\\/rxmedsplus.com\\\/?s={search_term_string}\"},\"query-input\":{\"@type\":\"PropertyValueSpecification\",\"valueRequired\":true,\"valueName\":\"search_term_string\"}}],\"inLanguage\":\"pl-PL\"}]}<\/script>\n<meta property=\"og:availability\" content=\"instock\" \/>\n<meta property=\"product:availability\" content=\"instock\" \/>\n<meta property=\"product:retailer_item_id\" content=\"xH8VsgfLGn\" \/>\n<meta property=\"product:condition\" content=\"new\" \/>\n<!-- \/ Yoast SEO Premium plugin. -->","yoast_head_json":{"title":"Tabletki Cialis Daily na sprzeda\u017c \u2013 bezproblemowe leczenie ED! \u00bb Rx Meds Plus","description":"Zam\u00f3w tabletki Cialis Daily, aby bezproblemowo leczy\u0107 zaburzenia erekcji o ka\u017cdej porze. Ciesz si\u0119 spontaniczn\u0105 intymno\u015bci\u0105 dzi\u0119ki dawkowaniu raz dziennie. Kup teraz z dyskretn\u0105 dostaw\u0105!","robots":{"index":"noindex","follow":"follow","max-snippet":"max-snippet:-1","max-image-preview":"max-image-preview:large","max-video-preview":"max-video-preview:-1"},"og_locale":"pl_PL","og_type":"article","og_title":"Cialis Daily Tablets for Sale \u2013 Effortless ED Treatment!","og_description":"Get Cialis Daily tablets for effortless ED treatment anytime. Enjoy spontaneous intimacy with once-daily dosing. Buy now with discreet delivery!","og_url":"https:\/\/rxmedsplus.com\/pl\/produkt\/cialis-daily-tablets\/","og_site_name":"Rx Meds Plus","article_modified_time":"2025-09-25T11:01:38+00:00","og_image":[{"width":330,"height":330,"url":"https:\/\/mlehknw8zzux.i.optimole.com\/w:330\/h:330\/q:mauto\/f:best\/https:\/\/rxmedsplus.com\/wp-content\/uploads\/2024\/10\/2296-Cialis-5mg-tablets.jpg","type":"image\/jpeg"}],"twitter_card":"summary_large_image","twitter_misc":{"Dost\u0119pno\u015b\u0107":"Dost\u0119pny"},"schema":{"@context":"https:\/\/schema.org","@graph":[{"@type":"WebPage","@id":"https:\/\/rxmedsplus.com\/product\/cialis-daily-tablets\/","url":"https:\/\/rxmedsplus.com\/product\/cialis-daily-tablets\/","name":"Tabletki Cialis Daily na sprzeda\u017c \u2013 bezproblemowe leczenie ED! \u00bb Rx Meds Plus","isPartOf":{"@id":"https:\/\/rxmedsplus.com\/#website"},"primaryImageOfPage":{"@id":"https:\/\/rxmedsplus.com\/product\/cialis-daily-tablets\/#primaryimage"},"image":{"@id":"https:\/\/rxmedsplus.com\/product\/cialis-daily-tablets\/#primaryimage"},"thumbnailUrl":"https:\/\/rxmedsplus.com\/wp-content\/uploads\/2024\/10\/2296-Cialis-5mg-tablets.jpg","datePublished":"2024-10-31T00:20:34+00:00","dateModified":"2025-09-25T11:01:38+00:00","description":"Zam\u00f3w tabletki Cialis Daily, aby bezproblemowo leczy\u0107 zaburzenia erekcji o ka\u017cdej porze. Ciesz si\u0119 spontaniczn\u0105 intymno\u015bci\u0105 dzi\u0119ki dawkowaniu raz dziennie. Kup teraz z dyskretn\u0105 dostaw\u0105!","breadcrumb":{"@id":"https:\/\/rxmedsplus.com\/product\/cialis-daily-tablets\/#breadcrumb"},"inLanguage":"pl-PL","potentialAction":[{"@type":"ReadAction","target":["https:\/\/rxmedsplus.com\/product\/cialis-daily-tablets\/"]}]},{"@type":"ImageObject","inLanguage":"pl-PL","@id":"https:\/\/rxmedsplus.com\/product\/cialis-daily-tablets\/#primaryimage","url":"https:\/\/rxmedsplus.com\/wp-content\/uploads\/2024\/10\/2296-Cialis-5mg-tablets.jpg","contentUrl":"https:\/\/rxmedsplus.com\/wp-content\/uploads\/2024\/10\/2296-Cialis-5mg-tablets.jpg","width":330,"height":330,"caption":"Cialis Daily 2.5mg &#038; 5mg Tablets (Tadalafil)"},{"@type":"BreadcrumbList","@id":"https:\/\/rxmedsplus.com\/product\/cialis-daily-tablets\/#breadcrumb","itemListElement":[{"@type":"ListItem","position":1,"name":"Home","item":"https:\/\/rxmedsplus.com\/"},{"@type":"ListItem","position":2,"name":"Shop","item":"https:\/\/rxmedsplus.com\/shop\/"},{"@type":"ListItem","position":3,"name":"Cialis Daily Tablets for Sale \u2013 Effortless ED Treatment!"}]},{"@type":"WebSite","@id":"https:\/\/rxmedsplus.com\/#website","url":"https:\/\/rxmedsplus.com\/","name":"Leki na recept\u0119 Plus","description":"Kupuj leki i tabletki na recept\u0119 online z szybk\u0105 dostaw\u0105","potentialAction":[{"@type":"SearchAction","target":{"@type":"EntryPoint","urlTemplate":"https:\/\/rxmedsplus.com\/?s={search_term_string}"},"query-input":{"@type":"PropertyValueSpecification","valueRequired":true,"valueName":"search_term_string"}}],"inLanguage":"pl-PL"}]},"og_availability":"instock","product_availability":"instock","product_retailer_item_id":"xH8VsgfLGn","product_condition":"new"},"_links":{"self":[{"href":"https:\/\/rxmedsplus.com\/pl\/wp-json\/wp\/v2\/product\/2296","targetHints":{"allow":["GET"]}}],"collection":[{"href":"https:\/\/rxmedsplus.com\/pl\/wp-json\/wp\/v2\/product"}],"about":[{"href":"https:\/\/rxmedsplus.com\/pl\/wp-json\/wp\/v2\/types\/product"}],"replies":[{"embeddable":true,"href":"https:\/\/rxmedsplus.com\/pl\/wp-json\/wp\/v2\/comments?post=2296"}],"wp:featuredmedia":[{"embeddable":true,"href":"https:\/\/rxmedsplus.com\/pl\/wp-json\/wp\/v2\/media\/2297"}],"wp:attachment":[{"href":"https:\/\/rxmedsplus.com\/pl\/wp-json\/wp\/v2\/media?parent=2296"}],"wp:term":[{"taxonomy":"product_brand","embeddable":true,"href":"https:\/\/rxmedsplus.com\/pl\/wp-json\/wp\/v2\/product_brand?post=2296"},{"taxonomy":"product_cat","embeddable":true,"href":"https:\/\/rxmedsplus.com\/pl\/wp-json\/wp\/v2\/product_cat?post=2296"},{"taxonomy":"product_tag","embeddable":true,"href":"https:\/\/rxmedsplus.com\/pl\/wp-json\/wp\/v2\/product_tag?post=2296"}],"curies":[{"name":"wp","href":"https:\/\/api.w.org\/{rel}","templated":true}]}}