{"id":3646,"date":"2025-09-24T21:55:44","date_gmt":"2025-09-24T21:55:44","guid":{"rendered":"https:\/\/rxmedsplus.com\/?post_type=product&#038;p=3646"},"modified":"2025-09-25T11:02:56","modified_gmt":"2025-09-25T11:02:56","slug":"dilaudid-8mg-2","status":"publish","type":"product","link":"https:\/\/rxmedsplus.com\/pl\/product\/dilaudid-8mg-2\/","title":{"rendered":"Dilaudid 8 mg online \u2013 szybka i niedroga ulga w b\u00f3lu"},"content":{"rendered":"<h1>Dilaudid 8 mg online \u2013 szybka i niedroga ulga w b\u00f3lu<\/h1>\n<p>Szukasz skutecznej i szybkiej ulgi w silnym b\u00f3lu? <strong>Dilaudid 8 mg online<\/strong> oferuje skuteczne rozwi\u0105zanie w leczeniu b\u00f3lu ostrego i przewlek\u0142ego. Jako zaufana apteka internetowa, zapewniamy <strong>szybka i niedroga ulga w b\u00f3lu<\/strong> z dyskretn\u0105 wysy\u0142k\u0105 do USA, Kanady, UE i na ca\u0142y \u015bwiat.<\/p>\n<h2>Czym jest Dilaudid 8 mg?<\/h2>\n<p><strong>Dilaudid 8 mg<\/strong> to lek opioidowy wydawany na recept\u0119, zawieraj\u0105cy hydromorfon, silny \u015brodek przeciwb\u00f3lowy stosowany w leczeniu b\u00f3lu o nasileniu od umiarkowanego do silnego. Dzia\u0142a poprzez wi\u0105zanie si\u0119 z receptorami opioidowymi w m\u00f3zgu, zmniejszaj\u0105c odczuwanie b\u00f3lu i zapewniaj\u0105c szybk\u0105 ulg\u0119.<\/p>\n<h3><strong>Zastosowania Dilaudidu 8 mg<\/strong><\/h3>\n<p>Lek ten jest powszechnie przepisywany w przypadku:<br \/>\nB\u00f3l pooperacyjny<br \/>\n\u2013 Przewlek\u0142y b\u00f3l spowodowany chorobami takimi jak rak<br \/>\nCi\u0119\u017ckie obra\u017cenia<br \/>\n\u2013 Leczenie b\u00f3lu, gdy inne leki s\u0105 nieskuteczne<\/p>\n<p>Dzi\u0119ki szybko dzia\u0142aj\u0105cej formule, <strong>kup Dilaudid 8 mg online<\/strong> aby poczu\u0107 szybk\u0105 ulg\u0119, gdy inne \u015brodki przeciwb\u00f3lowe nie dzia\u0142aj\u0105.<\/p>\n<h2><strong>Dawkowanie i spos\u00f3b podawania leku Dilaudid 8 mg<\/strong><\/h2>\n<p>Zalecane <strong>Dawkowanie Dilaudidu<\/strong> r\u00f3\u017cni si\u0119 w zale\u017cno\u015bci od nasilenia b\u00f3lu i indywidualnej tolerancji.<\/p>\n<p>\u2013 <strong>Dawka pocz\u0105tkowa<\/strong>:Zwykle <strong>2-4 mg co 4-6 godzin<\/strong>, dostosowane na podstawie odpowiedzi.<br \/>\n\u2013 <strong>Silny b\u00f3l<\/strong>: A\u017c do <strong>8 mg na dawk\u0119 pod nadzorem lekarza<\/strong>.<br \/>\n\u2013 <strong>Maksymalna dawka dobowa<\/strong>:Nie nale\u017cy przekracza\u0107 zalecanych dawek, aby unikn\u0105\u0107 skutk\u00f3w ubocznych.<\/p>\n<p>Zawsze post\u0119puj zgodnie z zaleceniami lekarza lub skonsultuj si\u0119 z lekarzem przed <strong>zakup Dilaudidu online<\/strong>.<\/p>\n<h2><strong>Korzy\u015bci z zakupu Dilaudidu 8 mg online<\/strong><\/h2>\n<p>Kiedy ty <strong>zam\u00f3w Dilaudid 8 mg online od zaufanego sprzedawcy<\/strong>, podoba Ci si\u0119:<\/p>\n<h3><strong>Szybka ulga w b\u00f3lu<\/strong><\/h3>\n<p>Dilaudid zaczyna dzia\u0142a\u0107 w <strong>15-30 minut<\/strong>, co czyni go jednym z najszybciej dzia\u0142aj\u0105cych opioid\u00f3w stosowanych w leczeniu silnego dyskomfortu.<\/p>\n<h3><strong>Wygoda i prywatno\u015b\u0107<\/strong><\/h3>\n<p>Omi\u0144 k\u0142opot z wizyt\u0105 w aptece \u2014 zam\u00f3w leki <strong>dyskretnie dostarczone<\/strong> do Twoich drzwi. Nasze <strong>sklep z lekami online<\/strong> zapewnia bezpieczne opakowanie i poufn\u0105 obs\u0142ug\u0119.<\/p>\n<h3><strong>Przyst\u0119pne ceny<\/strong><\/h3>\n<p>Oferujemy konkurencyjne ceny, gwarantuj\u0105c Ci <strong>tani Dilaudid 8 mg online<\/strong> bez uszczerbku dla jako\u015bci.<\/p>\n<h3><strong>Wysy\u0142ka na ca\u0142y \u015bwiat<\/strong><\/h3>\n<p>Wysy\u0142amy <strong>Tabletki Dilaudid 8 mg<\/strong> do <strong>USA, Kanada, UE i na ca\u0142ym \u015bwiecie<\/strong>, dzi\u0119ki czemu jest on dost\u0119pny bez wzgl\u0119du na to, gdzie si\u0119 znajdujesz.<\/p>\n<h2><strong>Potencjalne skutki uboczne i \u015brodki ostro\u017cno\u015bci<\/strong><\/h2>\n<p>Podobnie jak wszystkie opioidy, <strong>Tabletki Dilaudid 8 mg<\/strong> mo\u017ce powodowa\u0107 skutki uboczne, w tym:<br \/>\nSenno\u015b\u0107<br \/>\nNudno\u015bci lub wymioty<br \/>\nZaparcia<br \/>\nZawroty g\u0142owy<br \/>\n\u2013 Depresja oddechowa (w du\u017cych dawkach)<\/p>\n<p><strong>Wa\u017cne \u015brodki ostro\u017cno\u015bci:<\/strong><br \/>\n\u2013 Unikaj alkoholu i innych \u015brodk\u00f3w uspokajaj\u0105cych podczas przyjmowania leku Dilaudid.<br \/>\n\u2013 Po spo\u017cyciu nie nale\u017cy prowadzi\u0107 pojazd\u00f3w ani obs\u0142ugiwa\u0107 maszyn.<br \/>\nStosowa\u0107 ostro\u017cnie u pacjent\u00f3w z histori\u0105 nadu\u017cywania substancji psychoaktywnych.<\/p>\n<h2><strong>Dlaczego warto kupi\u0107 Dilaudid 8 mg online w\u0142a\u015bnie u nas?<\/strong><\/h2>\n<p>Jako <strong>renomowana apteka internetowa<\/strong>, gwarantujemy:<\/p>\n<p>\u2705 <strong>Autentyczne leki<\/strong> \u2013 Dostarczamy tylko <strong>Dilaudid 8 mg zatwierdzony przez FDA<\/strong>.<br \/>\n\u2705 <strong>Dyskretna i szybka wysy\u0142ka<\/strong> \u2013 Twoje zam\u00f3wienie zostanie dostarczone bezpiecznie.<br \/>\n\u2705 <strong>Nie potrzeba recepty<\/strong> - Dostawa\u0107 <strong>Dilaudid bez recepty<\/strong> wygodnie.<br \/>\n\u2705 <strong>Obs\u0142uga klienta 24\/7<\/strong> \u2013 Pomoc w sk\u0142adaniu zam\u00f3wie\u0144 i ustalaniu dawkowania.<\/p>\n<h2><strong>Jak bezpiecznie zam\u00f3wi\u0107 Dilaudid 8 mg online<\/strong><\/h2>\n<p>1. <strong>Przegl\u0105daj i wybierz<\/strong> \u2013 Wybierz w\u0142a\u015bciwy <strong>Dawkowanie Dilaudidu 8 mg<\/strong>.<br \/>\n2. <strong>Dodaj do koszyka i przejd\u017a do kasy<\/strong> \u2013 Podaj dane do wysy\u0142ki w bezpieczny spos\u00f3b.<br \/>\n3. <strong>Dyskretna dostawa<\/strong> \u2013 Szybka i poufna wysy\u0142ka na ca\u0142y \u015bwiat.<br \/>\n4. <strong>Niezawodne wsparcie<\/strong> \u2013 Skontaktuj si\u0119 z nami w celu \u015bledzenia przesy\u0142ki i uzyskania pomocy.<\/p>\n<h2><strong>Podsumowanie \u2013 uzyskaj szybk\u0105 i niedrog\u0105 ulg\u0119 w b\u00f3lu ju\u017c dzi\u015b<\/strong><\/h2>\n<p>Je\u015bli potrzebujesz <strong>Dilaudid 8 mg online \u2013 szybka i skuteczna ulga w b\u00f3lu<\/strong>, nie szukaj dalej. Zapewniamy <strong>najwy\u017cszej jako\u015bci Dilaudid<\/strong> w bezkonkurencyjnych cenach z gwarancj\u0105 satysfakcji. <strong>Zam\u00f3w Dilaudid 8 mg online ju\u017c teraz<\/strong> i do\u015bwiadczenie <strong>szybkie i dyskretne leczenie b\u00f3lu<\/strong> dostarczane pod Twoje drzwi!<\/p>\n<p><strong>Dzia\u0142aj ju\u017c dzi\u015b \u2013 kup Dilaudid 8 mg ju\u017c dzi\u015b i odzyskaj kontrol\u0119 nad b\u00f3lem!<\/strong><\/p>","protected":false},"excerpt":{"rendered":"<p>Uzyskaj szybk\u0105 i niedrog\u0105 ulg\u0119 w b\u00f3lu dzi\u0119ki Dilaudid 8 mg \u2013 bez recepty! Zapomnij o k\u0142opotach z aptek\u0105 i wysokich kosztach, korzystaj\u0105c z dyskretnej i bezpiecznej dostawy prosto pod Twoje drzwi. Zap\u0142a\u0107 wygodnie Bitcoinem, aby uzyska\u0107 dodatkowe 10% zni\u017cki i \u015bled\u017a swoje zam\u00f3wienie na ka\u017cdym etapie. Twoje rozwi\u0105zanie na b\u00f3l, kt\u00f3ry mo\u017cna opanowa\u0107, jest na wyci\u0105gni\u0119cie r\u0119ki \u2013 zam\u00f3w ju\u017c teraz!<\/p>","protected":false},"featured_media":3676,"comment_status":"open","ping_status":"closed","template":"","meta":{"site-sidebar-layout":"default","site-content-layout":"","ast-site-content-layout":"default","site-content-style":"default","site-sidebar-style":"default","ast-global-header-display":"","ast-banner-title-visibility":"","ast-main-header-display":"","ast-hfb-above-header-display":"","ast-hfb-below-header-display":"","ast-hfb-mobile-header-display":"","site-post-title":"","ast-breadcrumbs-content":"","ast-featured-img":"","footer-sml-layout":"","ast-disable-related-posts":"","theme-transparent-header-meta":"default","adv-header-id-meta":"","stick-header-meta":"default","header-above-stick-meta":"","header-main-stick-meta":"","header-below-stick-meta":"","astra-migrate-meta-layouts":"set","ast-page-background-enabled":"default","ast-page-background-meta":{"desktop":{"background-color":"","background-image":"","background-repeat":"repeat","background-position":"center center","background-size":"auto","background-attachment":"scroll","background-type":"","background-media":"","overlay-type":"","overlay-color":"","overlay-opacity":"","overlay-gradient":""},"tablet":{"background-color":"","background-image":"","background-repeat":"repeat","background-position":"center center","background-size":"auto","background-attachment":"scroll","background-type":"","background-media":"","overlay-type":"","overlay-color":"","overlay-opacity":"","overlay-gradient":""},"mobile":{"background-color":"","background-image":"","background-repeat":"repeat","background-position":"center center","background-size":"auto","background-attachment":"scroll","background-type":"","background-media":"","overlay-type":"","overlay-color":"","overlay-opacity":"","overlay-gradient":""}},"ast-content-background-meta":{"desktop":{"background-color":"var(--ast-global-color-5)","background-image":"","background-repeat":"repeat","background-position":"center center","background-size":"auto","background-attachment":"scroll","background-type":"","background-media":"","overlay-type":"","overlay-color":"","overlay-opacity":"","overlay-gradient":""},"tablet":{"background-color":"var(--ast-global-color-5)","background-image":"","background-repeat":"repeat","background-position":"center center","background-size":"auto","background-attachment":"scroll","background-type":"","background-media":"","overlay-type":"","overlay-color":"","overlay-opacity":"","overlay-gradient":""},"mobile":{"background-color":"var(--ast-global-color-5)","background-image":"","background-repeat":"repeat","background-position":"center center","background-size":"auto","background-attachment":"scroll","background-type":"","background-media":"","overlay-type":"","overlay-color":"","overlay-opacity":"","overlay-gradient":""}}},"product_brand":[],"product_cat":[37],"product_tag":[1142,1137,796,1141,1139,1060,722,1140,778,1138],"class_list":{"0":"post-3646","1":"product","2":"type-product","3":"status-publish","4":"has-post-thumbnail","6":"product_cat-buy-pain-relief-medication-online","7":"product_tag-bitcoins-for-pharmaceuticals","8":"product_tag-buy-dilaudid-8mg-online","9":"product_tag-buy-pain-meds-online","10":"product_tag-cheapest-dilaudid-online","11":"product_tag-dilaudid-for-pain-relief","12":"product_tag-dilaudid-overnight-delivery","13":"product_tag-discreet-medication-delivery","14":"product_tag-no-prescription-dilaudid","15":"product_tag-opioid-pain-relief","16":"product_tag-order-dilaudid-online","17":"desktop-align-left","18":"tablet-align-left","19":"mobile-align-left","20":"ast-product-gallery-layout-horizontal-slider","21":"ast-product-gallery-with-no-image","22":"ast-magnify-disabled","23":"ast-product-single-variable","24":"ast-product-tabs-layout-horizontal","26":"first","27":"instock","28":"shipping-taxable","29":"purchasable","30":"product-type-variable"},"yoast_head":"<!-- This site is optimized with the Yoast SEO Premium plugin v26.0 (Yoast SEO v27.6) - https:\/\/yoast.com\/product\/yoast-seo-premium-wordpress\/ -->\n<title>Dilaudid 8mg Online \u2013 Fast &amp; Affordable Pain Relief &#187; Rx Meds Plus<\/title>\n<meta name=\"description\" content=\"Buy Dilaudid 8mg online for fast, affordable pain relief without a prescription. Enjoy discreet shipping and Bitcoin discounts\u2014order now!\" \/>\n<meta name=\"robots\" content=\"noindex, follow, max-snippet:-1, max-image-preview:large, max-video-preview:-1\" \/>\n<meta property=\"og:locale\" content=\"pl_PL\" \/>\n<meta property=\"og:type\" content=\"article\" \/>\n<meta property=\"og:title\" content=\"Dilaudid 8mg Online \u2013 Fast &amp; Affordable Pain Relief\" \/>\n<meta property=\"og:description\" content=\"Buy Dilaudid 8mg online for fast, affordable pain relief without a prescription. Enjoy discreet shipping and Bitcoin discounts\u2014order now!\" \/>\n<meta property=\"og:url\" content=\"https:\/\/rxmedsplus.com\/pl\/produkt\/dilaudid-8mg-2\/\" \/>\n<meta property=\"og:site_name\" content=\"Rx Meds Plus\" \/>\n<meta property=\"article:modified_time\" content=\"2025-09-25T11:02:56+00:00\" \/>\n<meta property=\"og:image\" content=\"https:\/\/mlehknw8zzux.i.optimole.com\/w:887\/h:532\/q:mauto\/f:best\/https:\/\/rxmedsplus.com\/wp-content\/uploads\/2025\/09\/11490-dil-8mg.jpg\" \/>\n\t<meta property=\"og:image:width\" content=\"887\" \/>\n\t<meta property=\"og:image:height\" content=\"532\" \/>\n\t<meta property=\"og:image:type\" content=\"image\/jpeg\" \/>\n<meta name=\"twitter:card\" content=\"summary_large_image\" \/>\n<meta name=\"twitter:label1\" content=\"Dost\u0119pno\u015b\u0107\" \/>\n\t<meta name=\"twitter:data1\" content=\"Dost\u0119pny\" \/>\n<script type=\"application\/ld+json\" class=\"yoast-schema-graph\">{\"@context\":\"https:\\\/\\\/schema.org\",\"@graph\":[{\"@type\":\"WebPage\",\"@id\":\"https:\\\/\\\/rxmedsplus.com\\\/product\\\/dilaudid-8mg-2\\\/\",\"url\":\"https:\\\/\\\/rxmedsplus.com\\\/product\\\/dilaudid-8mg-2\\\/\",\"name\":\"Dilaudid 8mg Online \u2013 Fast & Affordable Pain Relief &#187; Rx Meds Plus\",\"isPartOf\":{\"@id\":\"https:\\\/\\\/rxmedsplus.com\\\/#website\"},\"primaryImageOfPage\":{\"@id\":\"https:\\\/\\\/rxmedsplus.com\\\/product\\\/dilaudid-8mg-2\\\/#primaryimage\"},\"image\":{\"@id\":\"https:\\\/\\\/rxmedsplus.com\\\/product\\\/dilaudid-8mg-2\\\/#primaryimage\"},\"thumbnailUrl\":\"https:\\\/\\\/rxmedsplus.com\\\/wp-content\\\/uploads\\\/2025\\\/09\\\/11490-dil-8mg.jpg\",\"datePublished\":\"2025-09-24T21:55:44+00:00\",\"dateModified\":\"2025-09-25T11:02:56+00:00\",\"description\":\"Buy Dilaudid 8mg online for fast, affordable pain relief without a prescription. Enjoy discreet shipping and Bitcoin discounts\u2014order now!\",\"breadcrumb\":{\"@id\":\"https:\\\/\\\/rxmedsplus.com\\\/product\\\/dilaudid-8mg-2\\\/#breadcrumb\"},\"inLanguage\":\"pl-PL\",\"potentialAction\":[{\"@type\":\"ReadAction\",\"target\":[\"https:\\\/\\\/rxmedsplus.com\\\/product\\\/dilaudid-8mg-2\\\/\"]}]},{\"@type\":\"ImageObject\",\"inLanguage\":\"pl-PL\",\"@id\":\"https:\\\/\\\/rxmedsplus.com\\\/product\\\/dilaudid-8mg-2\\\/#primaryimage\",\"url\":\"https:\\\/\\\/rxmedsplus.com\\\/wp-content\\\/uploads\\\/2025\\\/09\\\/11490-dil-8mg.jpg\",\"contentUrl\":\"https:\\\/\\\/rxmedsplus.com\\\/wp-content\\\/uploads\\\/2025\\\/09\\\/11490-dil-8mg.jpg\",\"width\":887,\"height\":532},{\"@type\":\"BreadcrumbList\",\"@id\":\"https:\\\/\\\/rxmedsplus.com\\\/product\\\/dilaudid-8mg-2\\\/#breadcrumb\",\"itemListElement\":[{\"@type\":\"ListItem\",\"position\":1,\"name\":\"Home\",\"item\":\"https:\\\/\\\/rxmedsplus.com\\\/\"},{\"@type\":\"ListItem\",\"position\":2,\"name\":\"Shop\",\"item\":\"https:\\\/\\\/rxmedsplus.com\\\/shop\\\/\"},{\"@type\":\"ListItem\",\"position\":3,\"name\":\"Dilaudid 8mg Online \u2013 Fast &#038; Affordable Pain Relief\"}]},{\"@type\":\"WebSite\",\"@id\":\"https:\\\/\\\/rxmedsplus.com\\\/#website\",\"url\":\"https:\\\/\\\/rxmedsplus.com\\\/\",\"name\":\"Rx Meds Plus\",\"description\":\"Buy Prescription Meds and Pills Online with Fast Delivery\",\"potentialAction\":[{\"@type\":\"SearchAction\",\"target\":{\"@type\":\"EntryPoint\",\"urlTemplate\":\"https:\\\/\\\/rxmedsplus.com\\\/?s={search_term_string}\"},\"query-input\":{\"@type\":\"PropertyValueSpecification\",\"valueRequired\":true,\"valueName\":\"search_term_string\"}}],\"inLanguage\":\"pl-PL\"}]}<\/script>\n<meta property=\"og:availability\" content=\"instock\" \/>\n<meta property=\"product:availability\" content=\"instock\" \/>\n<meta property=\"product:retailer_item_id\" content=\"vF7HcVuSyX\" \/>\n<meta property=\"product:condition\" content=\"new\" \/>\n<!-- \/ Yoast SEO Premium plugin. -->","yoast_head_json":{"title":"Dilaudid 8 mg online \u2013 szybka i niedroga ulga w b\u00f3lu i leki na recept\u0119 Plus","description":"Kup Dilaudid 8 mg online, aby szybko i niedrogo ukoi\u0107 b\u00f3l bez recepty. Ciesz si\u0119 dyskretn\u0105 wysy\u0142k\u0105 i rabatami Bitcoin \u2014 zam\u00f3w ju\u017c teraz!","robots":{"index":"noindex","follow":"follow","max-snippet":"max-snippet:-1","max-image-preview":"max-image-preview:large","max-video-preview":"max-video-preview:-1"},"og_locale":"pl_PL","og_type":"article","og_title":"Dilaudid 8mg Online \u2013 Fast & Affordable Pain Relief","og_description":"Buy Dilaudid 8mg online for fast, affordable pain relief without a prescription. Enjoy discreet shipping and Bitcoin discounts\u2014order now!","og_url":"https:\/\/rxmedsplus.com\/pl\/produkt\/dilaudid-8mg-2\/","og_site_name":"Rx Meds Plus","article_modified_time":"2025-09-25T11:02:56+00:00","og_image":[{"width":887,"height":532,"url":"https:\/\/mlehknw8zzux.i.optimole.com\/w:887\/h:532\/q:mauto\/f:best\/https:\/\/rxmedsplus.com\/wp-content\/uploads\/2025\/09\/11490-dil-8mg.jpg","type":"image\/jpeg"}],"twitter_card":"summary_large_image","twitter_misc":{"Dost\u0119pno\u015b\u0107":"Dost\u0119pny"},"schema":{"@context":"https:\/\/schema.org","@graph":[{"@type":"WebPage","@id":"https:\/\/rxmedsplus.com\/product\/dilaudid-8mg-2\/","url":"https:\/\/rxmedsplus.com\/product\/dilaudid-8mg-2\/","name":"Dilaudid 8 mg online \u2013 szybka i niedroga ulga w b\u00f3lu i leki na recept\u0119 Plus","isPartOf":{"@id":"https:\/\/rxmedsplus.com\/#website"},"primaryImageOfPage":{"@id":"https:\/\/rxmedsplus.com\/product\/dilaudid-8mg-2\/#primaryimage"},"image":{"@id":"https:\/\/rxmedsplus.com\/product\/dilaudid-8mg-2\/#primaryimage"},"thumbnailUrl":"https:\/\/rxmedsplus.com\/wp-content\/uploads\/2025\/09\/11490-dil-8mg.jpg","datePublished":"2025-09-24T21:55:44+00:00","dateModified":"2025-09-25T11:02:56+00:00","description":"Kup Dilaudid 8 mg online, aby szybko i niedrogo ukoi\u0107 b\u00f3l bez recepty. Ciesz si\u0119 dyskretn\u0105 wysy\u0142k\u0105 i rabatami Bitcoin \u2014 zam\u00f3w ju\u017c teraz!","breadcrumb":{"@id":"https:\/\/rxmedsplus.com\/product\/dilaudid-8mg-2\/#breadcrumb"},"inLanguage":"pl-PL","potentialAction":[{"@type":"ReadAction","target":["https:\/\/rxmedsplus.com\/product\/dilaudid-8mg-2\/"]}]},{"@type":"ImageObject","inLanguage":"pl-PL","@id":"https:\/\/rxmedsplus.com\/product\/dilaudid-8mg-2\/#primaryimage","url":"https:\/\/rxmedsplus.com\/wp-content\/uploads\/2025\/09\/11490-dil-8mg.jpg","contentUrl":"https:\/\/rxmedsplus.com\/wp-content\/uploads\/2025\/09\/11490-dil-8mg.jpg","width":887,"height":532},{"@type":"BreadcrumbList","@id":"https:\/\/rxmedsplus.com\/product\/dilaudid-8mg-2\/#breadcrumb","itemListElement":[{"@type":"ListItem","position":1,"name":"Home","item":"https:\/\/rxmedsplus.com\/"},{"@type":"ListItem","position":2,"name":"Shop","item":"https:\/\/rxmedsplus.com\/shop\/"},{"@type":"ListItem","position":3,"name":"Dilaudid 8mg Online \u2013 Fast &#038; Affordable Pain Relief"}]},{"@type":"WebSite","@id":"https:\/\/rxmedsplus.com\/#website","url":"https:\/\/rxmedsplus.com\/","name":"Leki na recept\u0119 Plus","description":"Kupuj leki i tabletki na recept\u0119 online z szybk\u0105 dostaw\u0105","potentialAction":[{"@type":"SearchAction","target":{"@type":"EntryPoint","urlTemplate":"https:\/\/rxmedsplus.com\/?s={search_term_string}"},"query-input":{"@type":"PropertyValueSpecification","valueRequired":true,"valueName":"search_term_string"}}],"inLanguage":"pl-PL"}]},"og_availability":"instock","product_availability":"instock","product_retailer_item_id":"vF7HcVuSyX","product_condition":"new"},"_links":{"self":[{"href":"https:\/\/rxmedsplus.com\/pl\/wp-json\/wp\/v2\/product\/3646","targetHints":{"allow":["GET"]}}],"collection":[{"href":"https:\/\/rxmedsplus.com\/pl\/wp-json\/wp\/v2\/product"}],"about":[{"href":"https:\/\/rxmedsplus.com\/pl\/wp-json\/wp\/v2\/types\/product"}],"replies":[{"embeddable":true,"href":"https:\/\/rxmedsplus.com\/pl\/wp-json\/wp\/v2\/comments?post=3646"}],"wp:featuredmedia":[{"embeddable":true,"href":"https:\/\/rxmedsplus.com\/pl\/wp-json\/wp\/v2\/media\/3676"}],"wp:attachment":[{"href":"https:\/\/rxmedsplus.com\/pl\/wp-json\/wp\/v2\/media?parent=3646"}],"wp:term":[{"taxonomy":"product_brand","embeddable":true,"href":"https:\/\/rxmedsplus.com\/pl\/wp-json\/wp\/v2\/product_brand?post=3646"},{"taxonomy":"product_cat","embeddable":true,"href":"https:\/\/rxmedsplus.com\/pl\/wp-json\/wp\/v2\/product_cat?post=3646"},{"taxonomy":"product_tag","embeddable":true,"href":"https:\/\/rxmedsplus.com\/pl\/wp-json\/wp\/v2\/product_tag?post=3646"}],"curies":[{"name":"wp","href":"https:\/\/api.w.org\/{rel}","templated":true}]}}